{"id":50561,"date":"2023-03-31T05:52:15","date_gmt":"2023-03-31T03:52:15","guid":{"rendered":"https:\/\/www.comau.com\/?page_id=50561"},"modified":"2023-04-03T16:30:29","modified_gmt":"2023-04-03T14:30:29","slug":"e-book-die-zukunft-der-elektrifizierung-vorantreiben","status":"publish","type":"page","link":"https:\/\/www.comau.com\/de\/competencies\/electromobility\/e-book-die-zukunft-der-elektrifizierung-vorantreiben\/","title":{"rendered":"Neues E-Book"},"content":{"rendered":"\n<h2 class=\"wp-block-heading\">Ein bahnbrechender Ansatz f\u00fcr die Elektrifizierung<\/h2>\n\n\n\n<p>W\u00e4hrend Hersteller auf der ganzen Welt durch die <strong>vielf\u00e4ltige Elektrifizierungsbranche<\/strong> navigieren, finden sie sich h\u00e4ufig dabei wieder, wie sie das Gleichgewicht suchen zwischen den wichtigsten Produktionsanforderungen und den inh\u00e4renten Unsicherheiten eines aufstrebenden Marktes, in dem sich folglich Best-Practice-Standards immer noch entwickeln.<\/p>\n\n\n\n<p>Um diese Herausforderungen zu bew\u00e4ltigen, hat Comau seine <strong><a href=\"https:\/\/www.comau.com\/de\/competencies\/electromobility\/\" target=\"_blank\" rel=\"noreferrer noopener\">bahnbrechenden Kompetenzen in der Elektrifizierung<\/a><\/strong> und sein 360\u00b0-Verst\u00e4ndnis bei der Automobilherstellung genutzt, um den technologischen Fortschritt bei der Produktion, dem Einsatz, der Nutzung und der Entsorgung von Batterien der n\u00e4chsten Generation voranzutreiben.<\/p>\n\n\n\n<h2 class=\"wp-block-heading\">Modernste Technologien treffen auf die n\u00e4chste Generation<\/h2>\n\n\n\n<p>Hochenergie-Lithium-Ionen-Batterien, die von vielen als aktueller Stand der Technik angesehen werden, werden zunehmend f\u00fcr eine Vielzahl mobiler und station\u00e4rer Anwendungen eingesetzt. ennoch ist das Potenzial f\u00fcr eine weitere Optimierung der Technologie etwas begrenzt.<\/p>\n\n\n\n<p>Ebenso wird derzeit eine <strong>neue Batteriegeneration<\/strong> entwickelt und Comau hilft bei der Unterst\u00fctzung ihrer Industrialisierung. Daher werden diese neuartigen Festk\u00f6rperbatterien (SSB), die \u00fcber mehrere Leistungskennzahlen hinweg bessere Ergebnisse versprechen, voraussichtlich bereits 2025 in gr\u00f6\u00dferen Mengen auf den Markt kommen.<\/p>\n\n\n\n<h2 class=\"wp-block-heading\">Vom Prototyp zur Industrialisierung<\/h2>\n\n\n\n<p>Mit dem derzeitigen Automatisierungsniveau steigen auch die Investitionen in Batteriefertigungsanlagen \u2013 sowohl von etablierten Akteuren als auch von neuen Unternehmen, die versuchen, mit der h\u00f6heren Nachfrage Schritt zu halten.<\/p>\n\n\n\n<p>Bei der <strong><a href=\"https:\/\/www.comau.com\/de\/competencies\/electromobility\/battery-manufacturing\/\" target=\"_blank\" rel=\"noreferrer noopener\">Entwicklung automatisierter Produktionssysteme<\/a><\/strong> f\u00fcr Batteriezellen, Module und komplette Packs sind <strong>technische Innovation<\/strong> und <a href=\"https:\/\/www.comau.com\/de\/about-us\/sustainability\/\" target=\"_blank\" rel=\"noreferrer noopener\"><strong>Nachhaltigkeit<\/strong><\/a> Schl\u00fcsselfaktoren f\u00fcr die zukunftsorientierte Mobilit\u00e4t. Comau arbeitet mit Unternehmen auf der ganzen Welt zusammen, um die <strong>kosteneffiziente Produktion<\/strong> von <strong>Hochleistungsbatterien<\/strong> zu steigern.<\/p>\n\n\n\n<p>Dar\u00fcber hinaus schlie\u00dft Comau aktiv die L\u00fccke zwischen der Prototypenfertigung und der kommerziellen Produktion von Batterietechnologien der n\u00e4chsten Generation im eigenen Batteriekompetenzzentrum und den Laserlaboren.<\/p>\n\n\n\n<div class=\"wp-block-buttons is-layout-flex wp-block-buttons-is-layout-flex\">\n<div class=\"wp-block-button\"><a class=\"wp-block-button__link wp-element-button\" href=\"https:\/\/group.comau.com\/de\/content\/ebook\/batteries?utm_source=COMAU Website\" target=\"_blank\" rel=\"noreferrer noopener\">Jetzt E-Book herunterladen<\/a><\/div>\n<\/div>\n\n\n\n<div class=\"wp-block-columns columns-bg-dark is-layout-flex wp-container-core-columns-is-layout-9d6595d7 wp-block-columns-is-layout-flex\">\n<div class=\"wp-block-column is-layout-flow wp-block-column-is-layout-flow\">\n<h3 class=\"wp-block-heading\" id=\"innovations-in-body-assembly\" style=\"font-size:32px;font-style:normal;font-weight:200\">Modernste Automatisierung<\/h3>\n\n\n\n<p>Dank seiner ausgewiesenen Expertise in den Bereichen Automatisierung, Digitalisierung und Elektrifizierung ist Comau in der Lage, branchenf\u00fchrende Systeme anzubieten, die den aktuellen und zuk\u00fcnftigen Anforderungen der E-Mobilit\u00e4tsbranche gerecht werden.<\/p>\n<\/div>\n\n\n\n<div class=\"wp-block-column is-layout-flow wp-block-column-is-layout-flow\">\n<h3 class=\"wp-block-heading\" id=\"our-solutions-meet-customer-needs\" style=\"font-size:32px;font-style:normal;font-weight:200\">Simultaneous Engineering<\/h3>\n\n\n\n<p>Durch die enge Zusammenarbeit mit unseren Kunden bei der Bestimmung des Umfangs und der konstruktiven Besonderheiten der Batterie und ihrer automatisierten Produktionslinie kann Comau Unternehmen dabei helfen, zunehmend wettbewerbsf\u00e4hige L\u00f6sungen im Bereich der Elektrifizierung anzubieten.<\/p>\n<\/div>\n\n\n\n<div class=\"wp-block-column is-layout-flow wp-block-column-is-layout-flow\">\n<h3 class=\"wp-block-heading\" id=\"powerful-assembly-and-transport-systems\" style=\"font-size:32px;font-style:normal;font-weight:200\">Echtzeitanalyse und steuerung<\/h3>\n\n\n\n<p>Von der Leistungs- und Statusanalyse in Echtzeit bis hin zur automatisierten R\u00fcckverfolgbarkeit von Teilen und der Qualit\u00e4t der Ausgabe \u2013 mit den digitalen L\u00f6sungen von Comau k\u00f6nnen Sie Parameter steuern und Prozessabweichungen sofort in Echtzeit korrigieren.<\/p>\n<\/div>\n<\/div>\n\n\n\n<h2 class=\"wp-block-heading\" id=\"our-solutions\">Zu den Vorteilen der Automatisierung geh\u00f6ren:<\/h2>\n\n\n\n<div class=\"wp-block-getwid-image-box getwid-animation has-image-left has-text-center has-mobile-layout-default has-mobile-alignment-default\" data-animation=\"slideLeft\"><div class=\"wp-block-getwid-image-box__image-container is-position-top\"><div class=\"wp-block-getwid-image-box__image-wrapper\"><img decoding=\"async\" width=\"150\" height=\"150\" src=\"https:\/\/www.comau.com\/wp-content\/uploads\/2023\/02\/icon_reducingcosts-150x150.png\" class=\"wp-block-getwid-image-box__image wp-image-50584\" srcset=\"https:\/\/www.comau.com\/wp-content\/uploads\/2023\/02\/icon_reducingcosts-150x150.png 150w, https:\/\/www.comau.com\/wp-content\/uploads\/2023\/02\/icon_reducingcosts.png 275w\" sizes=\"(max-width: 150px) 100vw, 150px\" \/><\/div><\/div><div class=\"wp-block-getwid-image-box__content\">\n<h3 class=\"has-text-align-left wp-block-heading\">Senkung der Herstellungskosten bei gleichzeitiger Erh\u00f6hung der Kapazit\u00e4t<\/h3>\n<\/div><\/div>\n\n\n\n<div class=\"wp-block-getwid-image-box getwid-animation has-image-left has-text-center has-mobile-layout-default has-mobile-alignment-default\" data-animation=\"slideLeft\"><div class=\"wp-block-getwid-image-box__image-container is-position-top\"><div class=\"wp-block-getwid-image-box__image-wrapper\"><img decoding=\"async\" width=\"150\" height=\"150\" src=\"https:\/\/www.comau.com\/wp-content\/uploads\/2023\/02\/icon_enablingsolutions-150x150.png\" class=\"wp-block-getwid-image-box__image wp-image-50592\" srcset=\"https:\/\/www.comau.com\/wp-content\/uploads\/2023\/02\/icon_enablingsolutions-150x150.png 150w, https:\/\/www.comau.com\/wp-content\/uploads\/2023\/02\/icon_enablingsolutions.png 275w\" sizes=\"(max-width: 150px) 100vw, 150px\" \/><\/div><\/div><div class=\"wp-block-getwid-image-box__content\">\n<h3 class=\"has-text-align-left wp-block-heading\">Innovative L\u00f6sungen zur Unterst\u00fctzung modernster Technologien der n\u00e4chsten Generation wie Festk\u00f6rper-Batteriezellen, Wasserstoff-Brennstoffzellen und Elektrolyseure<\/h3>\n<\/div><\/div>\n\n\n\n<div class=\"wp-block-getwid-image-box getwid-animation has-image-left has-text-center has-mobile-layout-default has-mobile-alignment-default\" data-animation=\"slideLeft\"><div class=\"wp-block-getwid-image-box__image-container is-position-top\"><div class=\"wp-block-getwid-image-box__image-wrapper\"><img decoding=\"async\" width=\"150\" height=\"150\" src=\"https:\/\/www.comau.com\/wp-content\/uploads\/2023\/02\/icon_standardizingprocesses-150x150.png\" class=\"wp-block-getwid-image-box__image wp-image-50602\" srcset=\"https:\/\/www.comau.com\/wp-content\/uploads\/2023\/02\/icon_standardizingprocesses-150x150.png 150w, https:\/\/www.comau.com\/wp-content\/uploads\/2023\/02\/icon_standardizingprocesses.png 275w\" sizes=\"(max-width: 150px) 100vw, 150px\" \/><\/div><\/div><div class=\"wp-block-getwid-image-box__content\">\n<h3 class=\"has-text-align-left wp-block-heading\">Standardisierung von Prozessen zur Erf\u00fcllung unterschiedlicher Produktionsanforderungen und Verk\u00fcrzung der Markteinf\u00fchrungszeit<\/h3>\n<\/div><\/div>\n\n\n\n<div class=\"wp-block-getwid-image-box getwid-animation has-image-left has-text-center has-mobile-layout-default has-mobile-alignment-default\" data-animation=\"slideLeft\"><div class=\"wp-block-getwid-image-box__image-container is-position-top\"><div class=\"wp-block-getwid-image-box__image-wrapper\"><img decoding=\"async\" width=\"150\" height=\"150\" src=\"https:\/\/www.comau.com\/wp-content\/uploads\/2023\/02\/icon_thermal-imaging-150x150.png\" class=\"wp-block-getwid-image-box__image wp-image-50608\" srcset=\"https:\/\/www.comau.com\/wp-content\/uploads\/2023\/02\/icon_thermal-imaging-150x150.png 150w, https:\/\/www.comau.com\/wp-content\/uploads\/2023\/02\/icon_thermal-imaging.png 275w\" sizes=\"(max-width: 150px) 100vw, 150px\" \/><\/div><\/div><div class=\"wp-block-getwid-image-box__content\">\n<h3 class=\"has-text-align-left wp-block-heading\">Nutzung von W\u00e4rmebildtechnik und k\u00fcnstlicher Intelligenz, um die Integrit\u00e4t und Leistung der Batterie sicherzustellen<\/h3>\n<\/div><\/div>\n\n\n\n<div class=\"wp-block-getwid-image-box getwid-animation has-image-left has-text-center has-mobile-layout-default has-mobile-alignment-default\" data-animation=\"slideLeft\"><div class=\"wp-block-getwid-image-box__image-container is-position-top\"><div class=\"wp-block-getwid-image-box__image-wrapper\"><img decoding=\"async\" width=\"150\" height=\"150\" src=\"https:\/\/www.comau.com\/wp-content\/uploads\/2023\/02\/icon_recycling-150x150.png\" class=\"wp-block-getwid-image-box__image wp-image-50614\" srcset=\"https:\/\/www.comau.com\/wp-content\/uploads\/2023\/02\/icon_recycling-150x150.png 150w, https:\/\/www.comau.com\/wp-content\/uploads\/2023\/02\/icon_recycling.png 275w\" sizes=\"(max-width: 150px) 100vw, 150px\" \/><\/div><\/div><div class=\"wp-block-getwid-image-box__content\">\n<h3 class=\"has-text-align-left wp-block-heading\">Sichere und effektive L\u00f6sungen f\u00fcr das Linienmanagement f\u00fcr Second Life-Batterien (Aufbereitung) und Altbatterien (Entladen und Abbau)<\/h3>\n<\/div><\/div>\n\n\n\n<hr class=\"wp-block-separator has-alpha-channel-opacity\" \/>\n\n\n\n<p><\/p>\n\n\n\n<div class=\"wp-block-columns is-layout-flex wp-container-core-columns-is-layout-9d6595d7 wp-block-columns-is-layout-flex\">\n<div class=\"wp-block-column is-layout-flow wp-block-column-is-layout-flow\">\n<h2 class=\"wp-block-heading\">E-Book<\/h2>\n\n\n\n<h4 class=\"has-large-font-size wp-block-heading\" style=\"font-style:normal;font-weight:200\">Die Zukunft der Elektrifizierung vorantreiben<\/h4>\n\n\n\n<p>Wie automatisierte und nachhaltige Innovationen die Energiewende vorantreiben.<\/p>\n\n\n\n<h3 class=\"wp-block-heading\" id=\"block-d5fef270-5747-4bcf-9e83-be00d92d5b42\"><br><\/h3>\n\n\n\n<div class=\"wp-block-buttons is-layout-flex wp-block-buttons-is-layout-flex\">\n<div class=\"wp-block-button\"><a class=\"wp-block-button__link wp-element-button\" href=\"https:\/\/group.comau.com\/de\/content\/ebook\/batteries?utm_source=COMAU Website\" target=\"_blank\" rel=\"noreferrer noopener\">Jetzt E-Book herunterladen<\/a><\/div>\n<\/div>\n\n\n\n<p><\/p>\n\n\n\n<p><\/p>\n\n\n\n<p><\/p>\n\n\n\n<p><em><br><br><\/em><\/p>\n<\/div>\n\n\n\n<div class=\"wp-block-column is-layout-flow wp-block-column-is-layout-flow\">\n<figure class=\"wp-block-image size-large is-resized\"><img decoding=\"async\" src=\"https:\/\/www.comau.com\/wp-content\/uploads\/2023\/02\/Comau_eBook_Batteries_page-1024x576.png\" alt=\"\" class=\"wp-image-50636\" width=\"768\" height=\"432\" srcset=\"https:\/\/www.comau.com\/wp-content\/uploads\/2023\/02\/Comau_eBook_Batteries_page-1024x576.png 1024w, https:\/\/www.comau.com\/wp-content\/uploads\/2023\/02\/Comau_eBook_Batteries_page-300x169.png 300w, https:\/\/www.comau.com\/wp-content\/uploads\/2023\/02\/Comau_eBook_Batteries_page-768x432.png 768w, https:\/\/www.comau.com\/wp-content\/uploads\/2023\/02\/Comau_eBook_Batteries_page-1536x864.png 1536w, https:\/\/www.comau.com\/wp-content\/uploads\/2023\/02\/Comau_eBook_Batteries_page.png 1920w\" sizes=\"(max-width: 768px) 100vw, 768px\" \/><\/figure>\n<\/div>\n<\/div>\n","protected":false},"excerpt":{"rendered":"<p>Ein bahnbrechender Ansatz f\u00fcr die Elektrifizierung W\u00e4hrend Hersteller auf der ganzen Welt durch die vielf\u00e4ltige Elektrifizierungsbranche navigieren, finden sie sich h\u00e4ufig dabei wieder, wie sie das Gleichgewicht suchen zwischen den wichtigsten Produktionsanforderungen und den inh\u00e4renten Unsicherheiten eines aufstrebenden Marktes, in dem sich folglich Best-Practice-Standards immer noch entwickeln. Um diese Herausforderungen zu bew\u00e4ltigen, hat Comau seine [&hellip;]<\/p>\n","protected":false},"author":21,"featured_media":51400,"parent":6167,"menu_order":1,"comment_status":"closed","ping_status":"closed","template":"","meta":{"_acf_changed":false,"ep_exclude_from_search":false,"footnotes":""},"class_list":["post-50561","page","type-page","status-publish","has-post-thumbnail","hentry"],"acf":[],"yoast_head":"<!-- This site is optimized with the Yoast SEO plugin v26.9 - https:\/\/yoast.com\/product\/yoast-seo-wordpress\/ -->\n<title>Die Zukunftder Elektrifizierung vorantreiben | Comau<\/title>\n<meta name=\"description\" content=\"Laden Sie dieses exklusive eBook herunter und erfahren Sie, wie Comau die Elektrifizierung vorantreibt und die Energiewende vorantreibt.\" \/>\n<meta name=\"robots\" content=\"index, follow, max-snippet:-1, max-image-preview:large, max-video-preview:-1\" \/>\n<link rel=\"canonical\" href=\"https:\/\/www.comau.com\/de\/competencies\/electromobility\/e-book-die-zukunft-der-elektrifizierung-vorantreiben\/\" \/>\n<meta property=\"og:locale\" content=\"de_DE\" \/>\n<meta property=\"og:type\" content=\"article\" \/>\n<meta property=\"og:title\" content=\"Die Zukunftder Elektrifizierung vorantreiben | Comau\" \/>\n<meta property=\"og:description\" content=\"Laden Sie dieses exklusive eBook herunter und erfahren Sie, wie Comau die Elektrifizierung vorantreibt und die Energiewende vorantreibt.\" \/>\n<meta property=\"og:url\" content=\"https:\/\/www.comau.com\/de\/competencies\/electromobility\/e-book-die-zukunft-der-elektrifizierung-vorantreiben\/\" \/>\n<meta property=\"og:site_name\" content=\"Comau\" \/>\n<meta property=\"article:publisher\" content=\"https:\/\/www.facebook.com\/COMAU\/\" \/>\n<meta property=\"article:modified_time\" content=\"2023-04-03T14:30:29+00:00\" \/>\n<meta property=\"og:image\" content=\"https:\/\/www.comau.com\/wp-content\/uploads\/2023\/03\/Banner_LP_Header_eBook_Batteries.jpg\" \/>\n\t<meta property=\"og:image:width\" content=\"1920\" \/>\n\t<meta property=\"og:image:height\" content=\"517\" \/>\n\t<meta property=\"og:image:type\" content=\"image\/jpeg\" \/>\n<meta name=\"twitter:card\" content=\"summary_large_image\" \/>\n<meta name=\"twitter:site\" content=\"@comaugroup\" \/>\n<meta name=\"twitter:label1\" content=\"Gesch\u00e4tzte Lesezeit\" \/>\n\t<meta name=\"twitter:data1\" content=\"4\u00a0Minuten\" \/>\n<script type=\"application\/ld+json\" class=\"yoast-schema-graph\">{\"@context\":\"https:\/\/schema.org\",\"@graph\":[{\"@type\":\"WebPage\",\"@id\":\"https:\/\/www.comau.com\/de\/competencies\/electromobility\/e-book-die-zukunft-der-elektrifizierung-vorantreiben\/\",\"url\":\"https:\/\/www.comau.com\/de\/competencies\/electromobility\/e-book-die-zukunft-der-elektrifizierung-vorantreiben\/\",\"name\":\"Die Zukunftder Elektrifizierung vorantreiben | Comau\",\"isPartOf\":{\"@id\":\"https:\/\/www.comau.com\/de\/#website\"},\"primaryImageOfPage\":{\"@id\":\"https:\/\/www.comau.com\/de\/competencies\/electromobility\/e-book-die-zukunft-der-elektrifizierung-vorantreiben\/#primaryimage\"},\"image\":{\"@id\":\"https:\/\/www.comau.com\/de\/competencies\/electromobility\/e-book-die-zukunft-der-elektrifizierung-vorantreiben\/#primaryimage\"},\"thumbnailUrl\":\"https:\/\/www.comau.com\/wp-content\/uploads\/2023\/03\/Banner_LP_Header_eBook_Batteries.jpg\",\"datePublished\":\"2023-03-31T03:52:15+00:00\",\"dateModified\":\"2023-04-03T14:30:29+00:00\",\"description\":\"Laden Sie dieses exklusive eBook herunter und erfahren Sie, wie Comau die Elektrifizierung vorantreibt und die Energiewende vorantreibt.\",\"breadcrumb\":{\"@id\":\"https:\/\/www.comau.com\/de\/competencies\/electromobility\/e-book-die-zukunft-der-elektrifizierung-vorantreiben\/#breadcrumb\"},\"inLanguage\":\"de\",\"potentialAction\":[{\"@type\":\"ReadAction\",\"target\":[\"https:\/\/www.comau.com\/de\/competencies\/electromobility\/e-book-die-zukunft-der-elektrifizierung-vorantreiben\/\"]}]},{\"@type\":\"ImageObject\",\"inLanguage\":\"de\",\"@id\":\"https:\/\/www.comau.com\/de\/competencies\/electromobility\/e-book-die-zukunft-der-elektrifizierung-vorantreiben\/#primaryimage\",\"url\":\"https:\/\/www.comau.com\/wp-content\/uploads\/2023\/03\/Banner_LP_Header_eBook_Batteries.jpg\",\"contentUrl\":\"https:\/\/www.comau.com\/wp-content\/uploads\/2023\/03\/Banner_LP_Header_eBook_Batteries.jpg\",\"width\":1920,\"height\":517,\"caption\":\"Comau eBook Batteries\"},{\"@type\":\"BreadcrumbList\",\"@id\":\"https:\/\/www.comau.com\/de\/competencies\/electromobility\/e-book-die-zukunft-der-elektrifizierung-vorantreiben\/#breadcrumb\",\"itemListElement\":[{\"@type\":\"ListItem\",\"position\":1,\"name\":\"Home\",\"item\":\"https:\/\/www.comau.com\/de\/\"},{\"@type\":\"ListItem\",\"position\":2,\"name\":\"Unsere Kompetenzen\",\"item\":\"https:\/\/www.comau.com\/de\/competencies\/\"},{\"@type\":\"ListItem\",\"position\":3,\"name\":\"Electromobility\",\"item\":\"https:\/\/www.comau.com\/de\/competencies\/electromobility\/\"},{\"@type\":\"ListItem\",\"position\":4,\"name\":\"Neues E-Book\"}]},{\"@type\":\"WebSite\",\"@id\":\"https:\/\/www.comau.com\/de\/#website\",\"url\":\"https:\/\/www.comau.com\/de\/\",\"name\":\"Comau\",\"description\":\"Industrial automation and robotics\",\"publisher\":{\"@id\":\"https:\/\/www.comau.com\/de\/#organization\"},\"potentialAction\":[{\"@type\":\"SearchAction\",\"target\":{\"@type\":\"EntryPoint\",\"urlTemplate\":\"https:\/\/www.comau.com\/de\/?s={search_term_string}\"},\"query-input\":{\"@type\":\"PropertyValueSpecification\",\"valueRequired\":true,\"valueName\":\"search_term_string\"}}],\"inLanguage\":\"de\"},{\"@type\":\"Organization\",\"@id\":\"https:\/\/www.comau.com\/de\/#organization\",\"name\":\"Comau\",\"url\":\"https:\/\/www.comau.com\/de\/\",\"logo\":{\"@type\":\"ImageObject\",\"inLanguage\":\"de\",\"@id\":\"https:\/\/www.comau.com\/de\/#\/schema\/logo\/image\/\",\"url\":\"https:\/\/www.comau.com\/wp-content\/uploads\/2024\/07\/cropped-Logo-COMAU.png\",\"contentUrl\":\"https:\/\/www.comau.com\/wp-content\/uploads\/2024\/07\/cropped-Logo-COMAU.png\",\"width\":434,\"height\":434,\"caption\":\"Comau\"},\"image\":{\"@id\":\"https:\/\/www.comau.com\/de\/#\/schema\/logo\/image\/\"},\"sameAs\":[\"https:\/\/www.facebook.com\/COMAU\/\",\"https:\/\/x.com\/comaugroup\",\"https:\/\/www.instagram.com\/comaugroup\/\",\"https:\/\/www.linkedin.com\/company\/comau\",\"https:\/\/www.youtube.com\/user\/comau\"]}]}<\/script>\n<!-- \/ Yoast SEO plugin. -->","yoast_head_json":{"title":"Die Zukunftder Elektrifizierung vorantreiben | Comau","description":"Laden Sie dieses exklusive eBook herunter und erfahren Sie, wie Comau die Elektrifizierung vorantreibt und die Energiewende vorantreibt.","robots":{"index":"index","follow":"follow","max-snippet":"max-snippet:-1","max-image-preview":"max-image-preview:large","max-video-preview":"max-video-preview:-1"},"canonical":"https:\/\/www.comau.com\/de\/competencies\/electromobility\/e-book-die-zukunft-der-elektrifizierung-vorantreiben\/","og_locale":"de_DE","og_type":"article","og_title":"Die Zukunftder Elektrifizierung vorantreiben | Comau","og_description":"Laden Sie dieses exklusive eBook herunter und erfahren Sie, wie Comau die Elektrifizierung vorantreibt und die Energiewende vorantreibt.","og_url":"https:\/\/www.comau.com\/de\/competencies\/electromobility\/e-book-die-zukunft-der-elektrifizierung-vorantreiben\/","og_site_name":"Comau","article_publisher":"https:\/\/www.facebook.com\/COMAU\/","article_modified_time":"2023-04-03T14:30:29+00:00","og_image":[{"width":1920,"height":517,"url":"https:\/\/www.comau.com\/wp-content\/uploads\/2023\/03\/Banner_LP_Header_eBook_Batteries.jpg","type":"image\/jpeg"}],"twitter_card":"summary_large_image","twitter_site":"@comaugroup","twitter_misc":{"Gesch\u00e4tzte Lesezeit":"4\u00a0Minuten"},"schema":{"@context":"https:\/\/schema.org","@graph":[{"@type":"WebPage","@id":"https:\/\/www.comau.com\/de\/competencies\/electromobility\/e-book-die-zukunft-der-elektrifizierung-vorantreiben\/","url":"https:\/\/www.comau.com\/de\/competencies\/electromobility\/e-book-die-zukunft-der-elektrifizierung-vorantreiben\/","name":"Die Zukunftder Elektrifizierung vorantreiben | Comau","isPartOf":{"@id":"https:\/\/www.comau.com\/de\/#website"},"primaryImageOfPage":{"@id":"https:\/\/www.comau.com\/de\/competencies\/electromobility\/e-book-die-zukunft-der-elektrifizierung-vorantreiben\/#primaryimage"},"image":{"@id":"https:\/\/www.comau.com\/de\/competencies\/electromobility\/e-book-die-zukunft-der-elektrifizierung-vorantreiben\/#primaryimage"},"thumbnailUrl":"https:\/\/www.comau.com\/wp-content\/uploads\/2023\/03\/Banner_LP_Header_eBook_Batteries.jpg","datePublished":"2023-03-31T03:52:15+00:00","dateModified":"2023-04-03T14:30:29+00:00","description":"Laden Sie dieses exklusive eBook herunter und erfahren Sie, wie Comau die Elektrifizierung vorantreibt und die Energiewende vorantreibt.","breadcrumb":{"@id":"https:\/\/www.comau.com\/de\/competencies\/electromobility\/e-book-die-zukunft-der-elektrifizierung-vorantreiben\/#breadcrumb"},"inLanguage":"de","potentialAction":[{"@type":"ReadAction","target":["https:\/\/www.comau.com\/de\/competencies\/electromobility\/e-book-die-zukunft-der-elektrifizierung-vorantreiben\/"]}]},{"@type":"ImageObject","inLanguage":"de","@id":"https:\/\/www.comau.com\/de\/competencies\/electromobility\/e-book-die-zukunft-der-elektrifizierung-vorantreiben\/#primaryimage","url":"https:\/\/www.comau.com\/wp-content\/uploads\/2023\/03\/Banner_LP_Header_eBook_Batteries.jpg","contentUrl":"https:\/\/www.comau.com\/wp-content\/uploads\/2023\/03\/Banner_LP_Header_eBook_Batteries.jpg","width":1920,"height":517,"caption":"Comau eBook Batteries"},{"@type":"BreadcrumbList","@id":"https:\/\/www.comau.com\/de\/competencies\/electromobility\/e-book-die-zukunft-der-elektrifizierung-vorantreiben\/#breadcrumb","itemListElement":[{"@type":"ListItem","position":1,"name":"Home","item":"https:\/\/www.comau.com\/de\/"},{"@type":"ListItem","position":2,"name":"Unsere Kompetenzen","item":"https:\/\/www.comau.com\/de\/competencies\/"},{"@type":"ListItem","position":3,"name":"Electromobility","item":"https:\/\/www.comau.com\/de\/competencies\/electromobility\/"},{"@type":"ListItem","position":4,"name":"Neues E-Book"}]},{"@type":"WebSite","@id":"https:\/\/www.comau.com\/de\/#website","url":"https:\/\/www.comau.com\/de\/","name":"Comau","description":"Industrial automation and robotics","publisher":{"@id":"https:\/\/www.comau.com\/de\/#organization"},"potentialAction":[{"@type":"SearchAction","target":{"@type":"EntryPoint","urlTemplate":"https:\/\/www.comau.com\/de\/?s={search_term_string}"},"query-input":{"@type":"PropertyValueSpecification","valueRequired":true,"valueName":"search_term_string"}}],"inLanguage":"de"},{"@type":"Organization","@id":"https:\/\/www.comau.com\/de\/#organization","name":"Comau","url":"https:\/\/www.comau.com\/de\/","logo":{"@type":"ImageObject","inLanguage":"de","@id":"https:\/\/www.comau.com\/de\/#\/schema\/logo\/image\/","url":"https:\/\/www.comau.com\/wp-content\/uploads\/2024\/07\/cropped-Logo-COMAU.png","contentUrl":"https:\/\/www.comau.com\/wp-content\/uploads\/2024\/07\/cropped-Logo-COMAU.png","width":434,"height":434,"caption":"Comau"},"image":{"@id":"https:\/\/www.comau.com\/de\/#\/schema\/logo\/image\/"},"sameAs":["https:\/\/www.facebook.com\/COMAU\/","https:\/\/x.com\/comaugroup","https:\/\/www.instagram.com\/comaugroup\/","https:\/\/www.linkedin.com\/company\/comau","https:\/\/www.youtube.com\/user\/comau"]}]}},"_links":{"self":[{"href":"https:\/\/www.comau.com\/de\/wp-json\/wp\/v2\/pages\/50561","targetHints":{"allow":["GET"]}}],"collection":[{"href":"https:\/\/www.comau.com\/de\/wp-json\/wp\/v2\/pages"}],"about":[{"href":"https:\/\/www.comau.com\/de\/wp-json\/wp\/v2\/types\/page"}],"author":[{"embeddable":true,"href":"https:\/\/www.comau.com\/de\/wp-json\/wp\/v2\/users\/21"}],"replies":[{"embeddable":true,"href":"https:\/\/www.comau.com\/de\/wp-json\/wp\/v2\/comments?post=50561"}],"version-history":[{"count":15,"href":"https:\/\/www.comau.com\/de\/wp-json\/wp\/v2\/pages\/50561\/revisions"}],"predecessor-version":[{"id":52192,"href":"https:\/\/www.comau.com\/de\/wp-json\/wp\/v2\/pages\/50561\/revisions\/52192"}],"up":[{"embeddable":true,"href":"https:\/\/www.comau.com\/de\/wp-json\/wp\/v2\/pages\/6167"}],"wp:featuredmedia":[{"embeddable":true,"href":"https:\/\/www.comau.com\/de\/wp-json\/wp\/v2\/media\/51400"}],"wp:attachment":[{"href":"https:\/\/www.comau.com\/de\/wp-json\/wp\/v2\/media?parent=50561"}],"curies":[{"name":"wp","href":"https:\/\/api.w.org\/{rel}","templated":true}]}}