{"id":5054,"date":"2021-06-07T16:00:00","date_gmt":"2021-06-07T14:00:00","guid":{"rendered":"https:\/\/www.comau.com\/?page_id=5054"},"modified":"2022-02-03T15:18:47","modified_gmt":"2022-02-03T14:18:47","slug":"versaroll","status":"publish","type":"page","link":"https:\/\/www.comau.com\/de\/competencies\/systems\/loesungen\/versaroll\/","title":{"rendered":"VersaRoll"},"content":{"rendered":"\n<p>VersaRoll ist eine selbsttragende Fertigungsmaschine f\u00fcr gro\u00dfe Baugruppen. Ein Closed-Loop-Controller sorgt f\u00fcr einen extrem schnellen Teiletransport und eine herausragende Positioniergenauigkeit. Das System wird haupts\u00e4chlich f\u00fcr Seitenteile- und Unterboden-Montagelinien eingesetzt und besteht vollst\u00e4ndig aus kompatiblen Standardkomponenten, die an konfigurierbaren Stationen (beladen, versiegeln, schwei\u00dfen usw.) montiert werden k\u00f6nnen.<\/p>\n\n\n\n<p>Seit 2003 sind zahlreiche Anlagen an f\u00fchrende Fahrzeughersteller in den USA, China, Mexiko und Europa f\u00fcr Seitenteile und Unterbodenelemente verkauft und dort installiert worden. <\/p>\n\n\n\n<div class=\"wp-block-image\"><figure class=\"aligncenter size-large\"><img decoding=\"async\" width=\"1024\" height=\"348\" src=\"https:\/\/www.comau.com\/wp-content\/uploads\/2021\/06\/versaroll_3-1024x348.jpg\" alt=\"\" class=\"wp-image-484\" srcset=\"https:\/\/www.comau.com\/wp-content\/uploads\/2021\/06\/versaroll_3-1024x348.jpg 1024w, https:\/\/www.comau.com\/wp-content\/uploads\/2021\/06\/versaroll_3-300x102.jpg 300w, https:\/\/www.comau.com\/wp-content\/uploads\/2021\/06\/versaroll_3-768x261.jpg 768w, https:\/\/www.comau.com\/wp-content\/uploads\/2021\/06\/versaroll_3.jpg 1179w\" sizes=\"(max-width: 1024px) 100vw, 1024px\" \/><\/figure><\/div>\n\n\n\n<h2 class=\"wp-block-heading\" id=\"produktmerkmale\">Produktmerkmale<\/h2>\n\n\n\n<ul class=\"wp-block-list\"><li>Flexibilit\u00e4t f\u00fcr bis zu vier Modelle<ul><li>6 Sekunden \u201eY\u201c GEOtod-\u00dcbertragung<\/li><li>2250 kg pro GEO-Tool<\/li><\/ul><\/li><li>Closed-Loop-Controller \u2013 VersaDrive und VersaCoder<ul><li>High-Speed-Transfer \u2013 verringert die Anzahl erforderlicher Stationen<\/li><li>Keine Transferschalter \u2013 hohe Zuverl\u00e4ssigkeit<\/li><li>Keine Einstellungen erforderlich \u2013 einfache Wartung<\/li><li>Hohe Positioniergenauigkeit (+\/-0,5 mm)<\/li><\/ul><\/li><li>Hohe Transfergeschwindigkeit: 6 Sekunden bei 1125 kg (\u201eX\u201c-Richtung)<\/li><li>914 mm Heben\/Senken (wettbewerbsf\u00e4higer Roboterspielraum)<\/li><li>Bis zu 6 Roboter pro Station f\u00fcr eine maximale Schwei\u00dfleistung<\/li><\/ul>\n\n\n\n<p>Produktexperten gew\u00e4hrleisten global die Produktexperten gew\u00e4hrleisten global die Konstruktions-\/Prozessbegleitung. Weltweiter Vertrieb mit entsprechendem Support.Konstruktions-\/Prozessbegleitung. Weltweiter Vertrieb mit entsprechendem Support.<\/p>\n","protected":false},"excerpt":{"rendered":"<p>VersaRoll ist eine selbsttragende Fertigungsmaschine f\u00fcr gro\u00dfe Baugruppen. Ein Closed-Loop-Controller sorgt f\u00fcr einen extrem schnellen Teiletransport und eine herausragende Positioniergenauigkeit. Das System wird haupts\u00e4chlich f\u00fcr Seitenteile- und Unterboden-Montagelinien eingesetzt und besteht vollst\u00e4ndig aus kompatiblen Standardkomponenten, die an konfigurierbaren Stationen (beladen, versiegeln, schwei\u00dfen usw.) montiert werden k\u00f6nnen. Seit 2003 sind zahlreiche Anlagen an f\u00fchrende Fahrzeughersteller in [&hellip;]<\/p>\n","protected":false},"author":11,"featured_media":5072,"parent":64923,"menu_order":0,"comment_status":"closed","ping_status":"closed","template":"","meta":{"_acf_changed":false,"ep_exclude_from_search":false,"footnotes":""},"class_list":["post-5054","page","type-page","status-publish","has-post-thumbnail","hentry"],"acf":[],"yoast_head":"<!-- This site is optimized with the Yoast SEO plugin v26.9 - https:\/\/yoast.com\/product\/yoast-seo-wordpress\/ -->\n<title>VersaRoll: Automatische Montagemaschine | Comau<\/title>\n<meta name=\"description\" content=\"Entdecken Sie VersaRoll: eine autonome, flexible und schnelle Fertigungsmaschine f\u00fcr gro\u00dfe Baugruppen und umfangreiche automatische Montageprozesse.\" \/>\n<meta name=\"robots\" content=\"index, follow, max-snippet:-1, max-image-preview:large, max-video-preview:-1\" \/>\n<link rel=\"canonical\" href=\"https:\/\/www.comau.com\/de\/competencies\/systems\/loesungen\/versaroll\/\" \/>\n<meta property=\"og:locale\" content=\"de_DE\" \/>\n<meta property=\"og:type\" content=\"article\" \/>\n<meta property=\"og:title\" content=\"VersaRoll: Automatische Montagemaschine | Comau\" \/>\n<meta property=\"og:description\" content=\"Entdecken Sie VersaRoll: eine autonome, flexible und schnelle Fertigungsmaschine f\u00fcr gro\u00dfe Baugruppen und umfangreiche automatische Montageprozesse.\" \/>\n<meta property=\"og:url\" content=\"https:\/\/www.comau.com\/de\/competencies\/systems\/loesungen\/versaroll\/\" \/>\n<meta property=\"og:site_name\" content=\"Comau\" \/>\n<meta property=\"article:publisher\" content=\"https:\/\/www.facebook.com\/COMAU\/\" \/>\n<meta property=\"article:modified_time\" content=\"2022-02-03T14:18:47+00:00\" \/>\n<meta property=\"og:image\" content=\"https:\/\/www.comau.com\/wp-content\/uploads\/2021\/06\/versaroll_header.jpg\" \/>\n\t<meta property=\"og:image:width\" content=\"1280\" \/>\n\t<meta property=\"og:image:height\" content=\"485\" \/>\n\t<meta property=\"og:image:type\" content=\"image\/jpeg\" \/>\n<meta name=\"twitter:card\" content=\"summary_large_image\" \/>\n<meta name=\"twitter:site\" content=\"@comaugroup\" \/>\n<meta name=\"twitter:label1\" content=\"Gesch\u00e4tzte Lesezeit\" \/>\n\t<meta name=\"twitter:data1\" content=\"1\u00a0Minute\" \/>\n<script type=\"application\/ld+json\" class=\"yoast-schema-graph\">{\"@context\":\"https:\/\/schema.org\",\"@graph\":[{\"@type\":\"WebPage\",\"@id\":\"https:\/\/www.comau.com\/de\/competencies\/systems\/loesungen\/versaroll\/\",\"url\":\"https:\/\/www.comau.com\/de\/competencies\/systems\/loesungen\/versaroll\/\",\"name\":\"VersaRoll: Automatische Montagemaschine | Comau\",\"isPartOf\":{\"@id\":\"https:\/\/www.comau.com\/de\/#website\"},\"primaryImageOfPage\":{\"@id\":\"https:\/\/www.comau.com\/de\/competencies\/systems\/loesungen\/versaroll\/#primaryimage\"},\"image\":{\"@id\":\"https:\/\/www.comau.com\/de\/competencies\/systems\/loesungen\/versaroll\/#primaryimage\"},\"thumbnailUrl\":\"https:\/\/www.comau.com\/wp-content\/uploads\/2021\/06\/versaroll_header.jpg\",\"datePublished\":\"2021-06-07T14:00:00+00:00\",\"dateModified\":\"2022-02-03T14:18:47+00:00\",\"description\":\"Entdecken Sie VersaRoll: eine autonome, flexible und schnelle Fertigungsmaschine f\u00fcr gro\u00dfe Baugruppen und umfangreiche automatische Montageprozesse.\",\"breadcrumb\":{\"@id\":\"https:\/\/www.comau.com\/de\/competencies\/systems\/loesungen\/versaroll\/#breadcrumb\"},\"inLanguage\":\"de\",\"potentialAction\":[{\"@type\":\"ReadAction\",\"target\":[\"https:\/\/www.comau.com\/de\/competencies\/systems\/loesungen\/versaroll\/\"]}]},{\"@type\":\"ImageObject\",\"inLanguage\":\"de\",\"@id\":\"https:\/\/www.comau.com\/de\/competencies\/systems\/loesungen\/versaroll\/#primaryimage\",\"url\":\"https:\/\/www.comau.com\/wp-content\/uploads\/2021\/06\/versaroll_header.jpg\",\"contentUrl\":\"https:\/\/www.comau.com\/wp-content\/uploads\/2021\/06\/versaroll_header.jpg\",\"width\":1280,\"height\":485},{\"@type\":\"BreadcrumbList\",\"@id\":\"https:\/\/www.comau.com\/de\/competencies\/systems\/loesungen\/versaroll\/#breadcrumb\",\"itemListElement\":[{\"@type\":\"ListItem\",\"position\":1,\"name\":\"Home\",\"item\":\"https:\/\/www.comau.com\/de\/\"},{\"@type\":\"ListItem\",\"position\":2,\"name\":\"Unsere Kompetenzen\",\"item\":\"https:\/\/www.comau.com\/de\/competencies\/\"},{\"@type\":\"ListItem\",\"position\":3,\"name\":\"Body Assembly\",\"item\":\"https:\/\/www.comau.com\/de\/competencies\/body-assembly\/\"},{\"@type\":\"ListItem\",\"position\":4,\"name\":\"L\u00f6sungen\",\"item\":\"https:\/\/www.comau.com\/de\/competencies\/body-assembly\/solutions\/\"},{\"@type\":\"ListItem\",\"position\":5,\"name\":\"VersaRoll\"}]},{\"@type\":\"WebSite\",\"@id\":\"https:\/\/www.comau.com\/de\/#website\",\"url\":\"https:\/\/www.comau.com\/de\/\",\"name\":\"Comau\",\"description\":\"Industrial automation and robotics\",\"publisher\":{\"@id\":\"https:\/\/www.comau.com\/de\/#organization\"},\"potentialAction\":[{\"@type\":\"SearchAction\",\"target\":{\"@type\":\"EntryPoint\",\"urlTemplate\":\"https:\/\/www.comau.com\/de\/?s={search_term_string}\"},\"query-input\":{\"@type\":\"PropertyValueSpecification\",\"valueRequired\":true,\"valueName\":\"search_term_string\"}}],\"inLanguage\":\"de\"},{\"@type\":\"Organization\",\"@id\":\"https:\/\/www.comau.com\/de\/#organization\",\"name\":\"Comau\",\"url\":\"https:\/\/www.comau.com\/de\/\",\"logo\":{\"@type\":\"ImageObject\",\"inLanguage\":\"de\",\"@id\":\"https:\/\/www.comau.com\/de\/#\/schema\/logo\/image\/\",\"url\":\"https:\/\/www.comau.com\/wp-content\/uploads\/2024\/07\/cropped-Logo-COMAU.png\",\"contentUrl\":\"https:\/\/www.comau.com\/wp-content\/uploads\/2024\/07\/cropped-Logo-COMAU.png\",\"width\":434,\"height\":434,\"caption\":\"Comau\"},\"image\":{\"@id\":\"https:\/\/www.comau.com\/de\/#\/schema\/logo\/image\/\"},\"sameAs\":[\"https:\/\/www.facebook.com\/COMAU\/\",\"https:\/\/x.com\/comaugroup\",\"https:\/\/www.instagram.com\/comaugroup\/\",\"https:\/\/www.linkedin.com\/company\/comau\",\"https:\/\/www.youtube.com\/user\/comau\"]}]}<\/script>\n<!-- \/ Yoast SEO plugin. -->","yoast_head_json":{"title":"VersaRoll: Automatische Montagemaschine | Comau","description":"Entdecken Sie VersaRoll: eine autonome, flexible und schnelle Fertigungsmaschine f\u00fcr gro\u00dfe Baugruppen und umfangreiche automatische Montageprozesse.","robots":{"index":"index","follow":"follow","max-snippet":"max-snippet:-1","max-image-preview":"max-image-preview:large","max-video-preview":"max-video-preview:-1"},"canonical":"https:\/\/www.comau.com\/de\/competencies\/systems\/loesungen\/versaroll\/","og_locale":"de_DE","og_type":"article","og_title":"VersaRoll: Automatische Montagemaschine | Comau","og_description":"Entdecken Sie VersaRoll: eine autonome, flexible und schnelle Fertigungsmaschine f\u00fcr gro\u00dfe Baugruppen und umfangreiche automatische Montageprozesse.","og_url":"https:\/\/www.comau.com\/de\/competencies\/systems\/loesungen\/versaroll\/","og_site_name":"Comau","article_publisher":"https:\/\/www.facebook.com\/COMAU\/","article_modified_time":"2022-02-03T14:18:47+00:00","og_image":[{"width":1280,"height":485,"url":"https:\/\/www.comau.com\/wp-content\/uploads\/2021\/06\/versaroll_header.jpg","type":"image\/jpeg"}],"twitter_card":"summary_large_image","twitter_site":"@comaugroup","twitter_misc":{"Gesch\u00e4tzte Lesezeit":"1\u00a0Minute"},"schema":{"@context":"https:\/\/schema.org","@graph":[{"@type":"WebPage","@id":"https:\/\/www.comau.com\/de\/competencies\/systems\/loesungen\/versaroll\/","url":"https:\/\/www.comau.com\/de\/competencies\/systems\/loesungen\/versaroll\/","name":"VersaRoll: Automatische Montagemaschine | Comau","isPartOf":{"@id":"https:\/\/www.comau.com\/de\/#website"},"primaryImageOfPage":{"@id":"https:\/\/www.comau.com\/de\/competencies\/systems\/loesungen\/versaroll\/#primaryimage"},"image":{"@id":"https:\/\/www.comau.com\/de\/competencies\/systems\/loesungen\/versaroll\/#primaryimage"},"thumbnailUrl":"https:\/\/www.comau.com\/wp-content\/uploads\/2021\/06\/versaroll_header.jpg","datePublished":"2021-06-07T14:00:00+00:00","dateModified":"2022-02-03T14:18:47+00:00","description":"Entdecken Sie VersaRoll: eine autonome, flexible und schnelle Fertigungsmaschine f\u00fcr gro\u00dfe Baugruppen und umfangreiche automatische Montageprozesse.","breadcrumb":{"@id":"https:\/\/www.comau.com\/de\/competencies\/systems\/loesungen\/versaroll\/#breadcrumb"},"inLanguage":"de","potentialAction":[{"@type":"ReadAction","target":["https:\/\/www.comau.com\/de\/competencies\/systems\/loesungen\/versaroll\/"]}]},{"@type":"ImageObject","inLanguage":"de","@id":"https:\/\/www.comau.com\/de\/competencies\/systems\/loesungen\/versaroll\/#primaryimage","url":"https:\/\/www.comau.com\/wp-content\/uploads\/2021\/06\/versaroll_header.jpg","contentUrl":"https:\/\/www.comau.com\/wp-content\/uploads\/2021\/06\/versaroll_header.jpg","width":1280,"height":485},{"@type":"BreadcrumbList","@id":"https:\/\/www.comau.com\/de\/competencies\/systems\/loesungen\/versaroll\/#breadcrumb","itemListElement":[{"@type":"ListItem","position":1,"name":"Home","item":"https:\/\/www.comau.com\/de\/"},{"@type":"ListItem","position":2,"name":"Unsere Kompetenzen","item":"https:\/\/www.comau.com\/de\/competencies\/"},{"@type":"ListItem","position":3,"name":"Body Assembly","item":"https:\/\/www.comau.com\/de\/competencies\/body-assembly\/"},{"@type":"ListItem","position":4,"name":"L\u00f6sungen","item":"https:\/\/www.comau.com\/de\/competencies\/body-assembly\/solutions\/"},{"@type":"ListItem","position":5,"name":"VersaRoll"}]},{"@type":"WebSite","@id":"https:\/\/www.comau.com\/de\/#website","url":"https:\/\/www.comau.com\/de\/","name":"Comau","description":"Industrial automation and robotics","publisher":{"@id":"https:\/\/www.comau.com\/de\/#organization"},"potentialAction":[{"@type":"SearchAction","target":{"@type":"EntryPoint","urlTemplate":"https:\/\/www.comau.com\/de\/?s={search_term_string}"},"query-input":{"@type":"PropertyValueSpecification","valueRequired":true,"valueName":"search_term_string"}}],"inLanguage":"de"},{"@type":"Organization","@id":"https:\/\/www.comau.com\/de\/#organization","name":"Comau","url":"https:\/\/www.comau.com\/de\/","logo":{"@type":"ImageObject","inLanguage":"de","@id":"https:\/\/www.comau.com\/de\/#\/schema\/logo\/image\/","url":"https:\/\/www.comau.com\/wp-content\/uploads\/2024\/07\/cropped-Logo-COMAU.png","contentUrl":"https:\/\/www.comau.com\/wp-content\/uploads\/2024\/07\/cropped-Logo-COMAU.png","width":434,"height":434,"caption":"Comau"},"image":{"@id":"https:\/\/www.comau.com\/de\/#\/schema\/logo\/image\/"},"sameAs":["https:\/\/www.facebook.com\/COMAU\/","https:\/\/x.com\/comaugroup","https:\/\/www.instagram.com\/comaugroup\/","https:\/\/www.linkedin.com\/company\/comau","https:\/\/www.youtube.com\/user\/comau"]}]}},"_links":{"self":[{"href":"https:\/\/www.comau.com\/de\/wp-json\/wp\/v2\/pages\/5054","targetHints":{"allow":["GET"]}}],"collection":[{"href":"https:\/\/www.comau.com\/de\/wp-json\/wp\/v2\/pages"}],"about":[{"href":"https:\/\/www.comau.com\/de\/wp-json\/wp\/v2\/types\/page"}],"author":[{"embeddable":true,"href":"https:\/\/www.comau.com\/de\/wp-json\/wp\/v2\/users\/11"}],"replies":[{"embeddable":true,"href":"https:\/\/www.comau.com\/de\/wp-json\/wp\/v2\/comments?post=5054"}],"version-history":[{"count":21,"href":"https:\/\/www.comau.com\/de\/wp-json\/wp\/v2\/pages\/5054\/revisions"}],"predecessor-version":[{"id":41739,"href":"https:\/\/www.comau.com\/de\/wp-json\/wp\/v2\/pages\/5054\/revisions\/41739"}],"up":[{"embeddable":true,"href":"https:\/\/www.comau.com\/de\/wp-json\/wp\/v2\/pages\/64923"}],"wp:featuredmedia":[{"embeddable":true,"href":"https:\/\/www.comau.com\/de\/wp-json\/wp\/v2\/media\/5072"}],"wp:attachment":[{"href":"https:\/\/www.comau.com\/de\/wp-json\/wp\/v2\/media?parent=5054"}],"curies":[{"name":"wp","href":"https:\/\/api.w.org\/{rel}","templated":true}]}}