{"id":5050,"date":"2021-06-07T15:59:38","date_gmt":"2021-06-07T13:59:38","guid":{"rendered":"https:\/\/www.comau.com\/?page_id=5050"},"modified":"2021-07-20T08:33:59","modified_gmt":"2021-07-20T06:33:59","slug":"versapallet","status":"publish","type":"page","link":"https:\/\/www.comau.com\/de\/competencies\/systems\/loesungen\/versapallet\/","title":{"rendered":"VersaPallet"},"content":{"rendered":"\n<p>VersaPallet ist ein \u201eInline-High-Speed-Transportsystem\u201c, das auf einer Pr\u00e4zisions-Geometrie-Werkzeugpalette basiert, die eine Karosserie durch die Fertigungslinien bewegt. Es ersetzt fest montierte Unterbodenwerkzeuge im Karosseriebau und verf\u00fcgt \u00fcber die Flexibilit\u00e4t f\u00fcr verschiedene Modelle in einem gemeinsamen System. Typische Anwendungsformen sind Respot, Framing und Framing Respot.<\/p>\n\n<p>Es wurden bereits zahlreiche Maschinen an f\u00fchrende Fahrzeughersteller in den USA, China, Mexiko und Europa f\u00fcr Seitenteile und Unterbodenelemente verkauft und dort installiert. <\/p>\n\n<div class=\"wp-block-image\"><figure class=\"aligncenter size-large\"><img decoding=\"async\" width=\"1024\" height=\"348\" src=\"https:\/\/www.comau.com\/wp-content\/uploads\/2021\/06\/versapallet_1-1024x348.jpg\" alt=\"\" class=\"wp-image-480\" srcset=\"https:\/\/www.comau.com\/wp-content\/uploads\/2021\/06\/versapallet_1-1024x348.jpg 1024w, https:\/\/www.comau.com\/wp-content\/uploads\/2021\/06\/versapallet_1-300x102.jpg 300w, https:\/\/www.comau.com\/wp-content\/uploads\/2021\/06\/versapallet_1-768x261.jpg 768w, https:\/\/www.comau.com\/wp-content\/uploads\/2021\/06\/versapallet_1.jpg 1179w\" sizes=\"(max-width: 1024px) 100vw, 1024px\" \/><\/figure><\/div>\n\n<h2 class=\"wp-block-heading\">Produktmerkmale<\/h2>\n\n<ul class=\"wp-block-list\"><li>High-Speed Power Roller Bed (6 Sekunden Schwei\u00dfintervall)<\/li><li>Closed-Loop-Controller \u2013 VersaDrive und VersaCoder<\/li><li>High-Speed-Transfer \u2013 verringert die Anzahl erforderlicher Stationen <\/li><li>Keine Transferschalter \u2013 hohe Zuverl\u00e4ssigkeit<\/li><li>Keine Einstellungen erforderlich \u2013 einfache Wartung<\/li><li>Hohe Positioniergenauigkeit (+\/-0,5 mm)<\/li><li>Hohe geometrische Genauigkeit mit Geo-Pallet (+\/-0,1 mm)<\/li><li>Keine Leitungen und Kabel an Geo-Pallet<\/li><\/ul>\n\n<p>Produktexperten gew\u00e4hrleisten global die Konstruktions-\/Prozessbegleitung. Weltweiter Vertrieb mit entsprechendem Support.<\/p>\n","protected":false},"excerpt":{"rendered":"<p>VersaPallet ist ein \u201eInline-High-Speed-Transportsystem\u201c, das auf einer Pr\u00e4zisions-Geometrie-Werkzeugpalette basiert, die eine Karosserie durch die Fertigungslinien bewegt. Es ersetzt fest montierte Unterbodenwerkzeuge im Karosseriebau und verf\u00fcgt \u00fcber die Flexibilit\u00e4t f\u00fcr verschiedene Modelle in einem gemeinsamen System. Typische Anwendungsformen sind Respot, Framing und Framing Respot. Es wurden bereits zahlreiche Maschinen an f\u00fchrende Fahrzeughersteller in den USA, China, [&hellip;]<\/p>\n","protected":false},"author":11,"featured_media":5073,"parent":64923,"menu_order":0,"comment_status":"closed","ping_status":"closed","template":"","meta":{"_acf_changed":false,"ep_exclude_from_search":false,"footnotes":""},"class_list":["post-5050","page","type-page","status-publish","has-post-thumbnail","hentry"],"acf":[],"yoast_head":"<!-- This site is optimized with the Yoast SEO plugin v26.9 - https:\/\/yoast.com\/product\/yoast-seo-wordpress\/ -->\n<title>VersaPallet - Comau<\/title>\n<meta name=\"robots\" content=\"index, follow, max-snippet:-1, max-image-preview:large, max-video-preview:-1\" \/>\n<link rel=\"canonical\" href=\"https:\/\/www.comau.com\/de\/competencies\/systems\/loesungen\/versapallet\/\" \/>\n<meta property=\"og:locale\" content=\"de_DE\" \/>\n<meta property=\"og:type\" content=\"article\" \/>\n<meta property=\"og:title\" content=\"VersaPallet - Comau\" \/>\n<meta property=\"og:description\" content=\"VersaPallet ist ein \u201eInline-High-Speed-Transportsystem\u201c, das auf einer Pr\u00e4zisions-Geometrie-Werkzeugpalette basiert, die eine Karosserie durch die Fertigungslinien bewegt. Es ersetzt fest montierte Unterbodenwerkzeuge im Karosseriebau und verf\u00fcgt \u00fcber die Flexibilit\u00e4t f\u00fcr verschiedene Modelle in einem gemeinsamen System. Typische Anwendungsformen sind Respot, Framing und Framing Respot. Es wurden bereits zahlreiche Maschinen an f\u00fchrende Fahrzeughersteller in den USA, China, [&hellip;]\" \/>\n<meta property=\"og:url\" content=\"https:\/\/www.comau.com\/de\/competencies\/systems\/loesungen\/versapallet\/\" \/>\n<meta property=\"og:site_name\" content=\"Comau\" \/>\n<meta property=\"article:publisher\" content=\"https:\/\/www.facebook.com\/COMAU\/\" \/>\n<meta property=\"article:modified_time\" content=\"2021-07-20T06:33:59+00:00\" \/>\n<meta property=\"og:image\" content=\"https:\/\/www.comau.com\/wp-content\/uploads\/2021\/06\/versapallet_header.jpg\" \/>\n\t<meta property=\"og:image:width\" content=\"1280\" \/>\n\t<meta property=\"og:image:height\" content=\"485\" \/>\n\t<meta property=\"og:image:type\" content=\"image\/jpeg\" \/>\n<meta name=\"twitter:card\" content=\"summary_large_image\" \/>\n<meta name=\"twitter:site\" content=\"@comaugroup\" \/>\n<meta name=\"twitter:label1\" content=\"Gesch\u00e4tzte Lesezeit\" \/>\n\t<meta name=\"twitter:data1\" content=\"1\u00a0Minute\" \/>\n<script type=\"application\/ld+json\" class=\"yoast-schema-graph\">{\"@context\":\"https:\/\/schema.org\",\"@graph\":[{\"@type\":\"WebPage\",\"@id\":\"https:\/\/www.comau.com\/de\/competencies\/systems\/loesungen\/versapallet\/\",\"url\":\"https:\/\/www.comau.com\/de\/competencies\/systems\/loesungen\/versapallet\/\",\"name\":\"VersaPallet - Comau\",\"isPartOf\":{\"@id\":\"https:\/\/www.comau.com\/de\/#website\"},\"primaryImageOfPage\":{\"@id\":\"https:\/\/www.comau.com\/de\/competencies\/systems\/loesungen\/versapallet\/#primaryimage\"},\"image\":{\"@id\":\"https:\/\/www.comau.com\/de\/competencies\/systems\/loesungen\/versapallet\/#primaryimage\"},\"thumbnailUrl\":\"https:\/\/www.comau.com\/wp-content\/uploads\/2021\/06\/versapallet_header.jpg\",\"datePublished\":\"2021-06-07T13:59:38+00:00\",\"dateModified\":\"2021-07-20T06:33:59+00:00\",\"breadcrumb\":{\"@id\":\"https:\/\/www.comau.com\/de\/competencies\/systems\/loesungen\/versapallet\/#breadcrumb\"},\"inLanguage\":\"de\",\"potentialAction\":[{\"@type\":\"ReadAction\",\"target\":[\"https:\/\/www.comau.com\/de\/competencies\/systems\/loesungen\/versapallet\/\"]}]},{\"@type\":\"ImageObject\",\"inLanguage\":\"de\",\"@id\":\"https:\/\/www.comau.com\/de\/competencies\/systems\/loesungen\/versapallet\/#primaryimage\",\"url\":\"https:\/\/www.comau.com\/wp-content\/uploads\/2021\/06\/versapallet_header.jpg\",\"contentUrl\":\"https:\/\/www.comau.com\/wp-content\/uploads\/2021\/06\/versapallet_header.jpg\",\"width\":1280,\"height\":485},{\"@type\":\"BreadcrumbList\",\"@id\":\"https:\/\/www.comau.com\/de\/competencies\/systems\/loesungen\/versapallet\/#breadcrumb\",\"itemListElement\":[{\"@type\":\"ListItem\",\"position\":1,\"name\":\"Home\",\"item\":\"https:\/\/www.comau.com\/de\/\"},{\"@type\":\"ListItem\",\"position\":2,\"name\":\"Unsere Kompetenzen\",\"item\":\"https:\/\/www.comau.com\/de\/competencies\/\"},{\"@type\":\"ListItem\",\"position\":3,\"name\":\"Body Assembly\",\"item\":\"https:\/\/www.comau.com\/de\/competencies\/body-assembly\/\"},{\"@type\":\"ListItem\",\"position\":4,\"name\":\"L\u00f6sungen\",\"item\":\"https:\/\/www.comau.com\/de\/competencies\/body-assembly\/solutions\/\"},{\"@type\":\"ListItem\",\"position\":5,\"name\":\"VersaPallet\"}]},{\"@type\":\"WebSite\",\"@id\":\"https:\/\/www.comau.com\/de\/#website\",\"url\":\"https:\/\/www.comau.com\/de\/\",\"name\":\"Comau\",\"description\":\"Industrial automation and robotics\",\"publisher\":{\"@id\":\"https:\/\/www.comau.com\/de\/#organization\"},\"potentialAction\":[{\"@type\":\"SearchAction\",\"target\":{\"@type\":\"EntryPoint\",\"urlTemplate\":\"https:\/\/www.comau.com\/de\/?s={search_term_string}\"},\"query-input\":{\"@type\":\"PropertyValueSpecification\",\"valueRequired\":true,\"valueName\":\"search_term_string\"}}],\"inLanguage\":\"de\"},{\"@type\":\"Organization\",\"@id\":\"https:\/\/www.comau.com\/de\/#organization\",\"name\":\"Comau\",\"url\":\"https:\/\/www.comau.com\/de\/\",\"logo\":{\"@type\":\"ImageObject\",\"inLanguage\":\"de\",\"@id\":\"https:\/\/www.comau.com\/de\/#\/schema\/logo\/image\/\",\"url\":\"https:\/\/www.comau.com\/wp-content\/uploads\/2024\/07\/cropped-Logo-COMAU.png\",\"contentUrl\":\"https:\/\/www.comau.com\/wp-content\/uploads\/2024\/07\/cropped-Logo-COMAU.png\",\"width\":434,\"height\":434,\"caption\":\"Comau\"},\"image\":{\"@id\":\"https:\/\/www.comau.com\/de\/#\/schema\/logo\/image\/\"},\"sameAs\":[\"https:\/\/www.facebook.com\/COMAU\/\",\"https:\/\/x.com\/comaugroup\",\"https:\/\/www.instagram.com\/comaugroup\/\",\"https:\/\/www.linkedin.com\/company\/comau\",\"https:\/\/www.youtube.com\/user\/comau\"]}]}<\/script>\n<!-- \/ Yoast SEO plugin. -->","yoast_head_json":{"title":"VersaPallet - Comau","robots":{"index":"index","follow":"follow","max-snippet":"max-snippet:-1","max-image-preview":"max-image-preview:large","max-video-preview":"max-video-preview:-1"},"canonical":"https:\/\/www.comau.com\/de\/competencies\/systems\/loesungen\/versapallet\/","og_locale":"de_DE","og_type":"article","og_title":"VersaPallet - Comau","og_description":"VersaPallet ist ein \u201eInline-High-Speed-Transportsystem\u201c, das auf einer Pr\u00e4zisions-Geometrie-Werkzeugpalette basiert, die eine Karosserie durch die Fertigungslinien bewegt. Es ersetzt fest montierte Unterbodenwerkzeuge im Karosseriebau und verf\u00fcgt \u00fcber die Flexibilit\u00e4t f\u00fcr verschiedene Modelle in einem gemeinsamen System. Typische Anwendungsformen sind Respot, Framing und Framing Respot. Es wurden bereits zahlreiche Maschinen an f\u00fchrende Fahrzeughersteller in den USA, China, [&hellip;]","og_url":"https:\/\/www.comau.com\/de\/competencies\/systems\/loesungen\/versapallet\/","og_site_name":"Comau","article_publisher":"https:\/\/www.facebook.com\/COMAU\/","article_modified_time":"2021-07-20T06:33:59+00:00","og_image":[{"width":1280,"height":485,"url":"https:\/\/www.comau.com\/wp-content\/uploads\/2021\/06\/versapallet_header.jpg","type":"image\/jpeg"}],"twitter_card":"summary_large_image","twitter_site":"@comaugroup","twitter_misc":{"Gesch\u00e4tzte Lesezeit":"1\u00a0Minute"},"schema":{"@context":"https:\/\/schema.org","@graph":[{"@type":"WebPage","@id":"https:\/\/www.comau.com\/de\/competencies\/systems\/loesungen\/versapallet\/","url":"https:\/\/www.comau.com\/de\/competencies\/systems\/loesungen\/versapallet\/","name":"VersaPallet - Comau","isPartOf":{"@id":"https:\/\/www.comau.com\/de\/#website"},"primaryImageOfPage":{"@id":"https:\/\/www.comau.com\/de\/competencies\/systems\/loesungen\/versapallet\/#primaryimage"},"image":{"@id":"https:\/\/www.comau.com\/de\/competencies\/systems\/loesungen\/versapallet\/#primaryimage"},"thumbnailUrl":"https:\/\/www.comau.com\/wp-content\/uploads\/2021\/06\/versapallet_header.jpg","datePublished":"2021-06-07T13:59:38+00:00","dateModified":"2021-07-20T06:33:59+00:00","breadcrumb":{"@id":"https:\/\/www.comau.com\/de\/competencies\/systems\/loesungen\/versapallet\/#breadcrumb"},"inLanguage":"de","potentialAction":[{"@type":"ReadAction","target":["https:\/\/www.comau.com\/de\/competencies\/systems\/loesungen\/versapallet\/"]}]},{"@type":"ImageObject","inLanguage":"de","@id":"https:\/\/www.comau.com\/de\/competencies\/systems\/loesungen\/versapallet\/#primaryimage","url":"https:\/\/www.comau.com\/wp-content\/uploads\/2021\/06\/versapallet_header.jpg","contentUrl":"https:\/\/www.comau.com\/wp-content\/uploads\/2021\/06\/versapallet_header.jpg","width":1280,"height":485},{"@type":"BreadcrumbList","@id":"https:\/\/www.comau.com\/de\/competencies\/systems\/loesungen\/versapallet\/#breadcrumb","itemListElement":[{"@type":"ListItem","position":1,"name":"Home","item":"https:\/\/www.comau.com\/de\/"},{"@type":"ListItem","position":2,"name":"Unsere Kompetenzen","item":"https:\/\/www.comau.com\/de\/competencies\/"},{"@type":"ListItem","position":3,"name":"Body Assembly","item":"https:\/\/www.comau.com\/de\/competencies\/body-assembly\/"},{"@type":"ListItem","position":4,"name":"L\u00f6sungen","item":"https:\/\/www.comau.com\/de\/competencies\/body-assembly\/solutions\/"},{"@type":"ListItem","position":5,"name":"VersaPallet"}]},{"@type":"WebSite","@id":"https:\/\/www.comau.com\/de\/#website","url":"https:\/\/www.comau.com\/de\/","name":"Comau","description":"Industrial automation and robotics","publisher":{"@id":"https:\/\/www.comau.com\/de\/#organization"},"potentialAction":[{"@type":"SearchAction","target":{"@type":"EntryPoint","urlTemplate":"https:\/\/www.comau.com\/de\/?s={search_term_string}"},"query-input":{"@type":"PropertyValueSpecification","valueRequired":true,"valueName":"search_term_string"}}],"inLanguage":"de"},{"@type":"Organization","@id":"https:\/\/www.comau.com\/de\/#organization","name":"Comau","url":"https:\/\/www.comau.com\/de\/","logo":{"@type":"ImageObject","inLanguage":"de","@id":"https:\/\/www.comau.com\/de\/#\/schema\/logo\/image\/","url":"https:\/\/www.comau.com\/wp-content\/uploads\/2024\/07\/cropped-Logo-COMAU.png","contentUrl":"https:\/\/www.comau.com\/wp-content\/uploads\/2024\/07\/cropped-Logo-COMAU.png","width":434,"height":434,"caption":"Comau"},"image":{"@id":"https:\/\/www.comau.com\/de\/#\/schema\/logo\/image\/"},"sameAs":["https:\/\/www.facebook.com\/COMAU\/","https:\/\/x.com\/comaugroup","https:\/\/www.instagram.com\/comaugroup\/","https:\/\/www.linkedin.com\/company\/comau","https:\/\/www.youtube.com\/user\/comau"]}]}},"_links":{"self":[{"href":"https:\/\/www.comau.com\/de\/wp-json\/wp\/v2\/pages\/5050","targetHints":{"allow":["GET"]}}],"collection":[{"href":"https:\/\/www.comau.com\/de\/wp-json\/wp\/v2\/pages"}],"about":[{"href":"https:\/\/www.comau.com\/de\/wp-json\/wp\/v2\/types\/page"}],"author":[{"embeddable":true,"href":"https:\/\/www.comau.com\/de\/wp-json\/wp\/v2\/users\/11"}],"replies":[{"embeddable":true,"href":"https:\/\/www.comau.com\/de\/wp-json\/wp\/v2\/comments?post=5050"}],"version-history":[{"count":15,"href":"https:\/\/www.comau.com\/de\/wp-json\/wp\/v2\/pages\/5050\/revisions"}],"predecessor-version":[{"id":30146,"href":"https:\/\/www.comau.com\/de\/wp-json\/wp\/v2\/pages\/5050\/revisions\/30146"}],"up":[{"embeddable":true,"href":"https:\/\/www.comau.com\/de\/wp-json\/wp\/v2\/pages\/64923"}],"wp:featuredmedia":[{"embeddable":true,"href":"https:\/\/www.comau.com\/de\/wp-json\/wp\/v2\/media\/5073"}],"wp:attachment":[{"href":"https:\/\/www.comau.com\/de\/wp-json\/wp\/v2\/media?parent=5050"}],"curies":[{"name":"wp","href":"https:\/\/api.w.org\/{rel}","templated":true}]}}