{"id":5043,"date":"2021-06-07T15:59:13","date_gmt":"2021-06-07T13:59:13","guid":{"rendered":"https:\/\/www.comau.com\/?page_id=5043"},"modified":"2021-07-20T08:27:44","modified_gmt":"2021-07-20T06:27:44","slug":"open-robogate","status":"publish","type":"page","link":"https:\/\/www.comau.com\/de\/competencies\/systems\/loesungen\/open-robogate\/","title":{"rendered":"Open RoboGate"},"content":{"rendered":"\n<p>OpenRobogate\u00ae ist eine stabile Struktur mit hoher Wiederholgenauigkeit und Modularit\u00e4t. Struktursteifigkeit und hohes Schlie\u00dfmoment (in \u201eY\u201c-Richtung) sorgen f\u00fcr eine au\u00dfergew\u00f6hnliche Wiederholgenauigkeit, w\u00e4hrend die Modularit\u00e4t bei der Einf\u00fchrung neuer Modelle die Skalierbarkeit der Investition (inklusive Stellfl\u00e4che) gew\u00e4hrleistet.<\/p>\n\n<div class=\"wp-block-image\"><figure class=\"aligncenter size-large\"><img decoding=\"async\" width=\"1024\" height=\"522\" src=\"https:\/\/www.comau.com\/wp-content\/uploads\/2021\/06\/robogate_1-1024x522.jpg\" alt=\"\" class=\"wp-image-472\" srcset=\"https:\/\/www.comau.com\/wp-content\/uploads\/2021\/06\/robogate_1-1024x522.jpg 1024w, https:\/\/www.comau.com\/wp-content\/uploads\/2021\/06\/robogate_1-300x153.jpg 300w, https:\/\/www.comau.com\/wp-content\/uploads\/2021\/06\/robogate_1-768x391.jpg 768w, https:\/\/www.comau.com\/wp-content\/uploads\/2021\/06\/robogate_1.jpg 1176w\" sizes=\"(max-width: 1024px) 100vw, 1024px\" \/><\/figure><\/div>\n\n<h2 class=\"wp-block-heading\">Produktmerkmale<\/h2>\n\n<ul class=\"wp-block-list\"><li>Flexibilit\u00e4t f\u00fcr bis zu sechs Modelle<\/li><li>Mehr als 50 kN Schlie\u00dfmoment in \u201eY\u201c-Richtung<\/li><li>Hohe Wiederholgenauigkeit<\/li><li>Bis zu 18 Schwei\u00dfroboter<\/li><li>Bis zu 100 Schwei\u00dfpunkte (60 JPH)<\/li><\/ul>\n\n<p>Produktexperten gew\u00e4hrleisten global die Konstruktions-\/Prozessbegleitung, um das Produkt an die Anforderungen des Kunden anzupassen.<\/p>\n\n<p>Produktexperten gew\u00e4hrleisten global die Konstruktions-\/Prozessbegleitung, um das Produkt an die Anforderungen des Kunden anzupassen.<\/p>\n\n<h2 class=\"wp-block-heading\">Open RoboGate &#8222;S&#8220; &#8211; WL14<\/h2>\n\n<div class=\"wp-block-buttons is-layout-flex wp-block-buttons-is-layout-flex\">\n<div class=\"wp-block-button\"><a class=\"wp-block-button__link\" href=\"https:\/\/www.comau.com\/wp-content\/uploads\/2021\/06\/openRobogate.pdf\" target=\"_blank\" rel=\"noreferrer noopener\">Download<\/a><\/div>\n<\/div>\n\n<p><\/p>\n","protected":false},"excerpt":{"rendered":"<p>OpenRobogate\u00ae ist eine stabile Struktur mit hoher Wiederholgenauigkeit und Modularit\u00e4t. Struktursteifigkeit und hohes Schlie\u00dfmoment (in \u201eY\u201c-Richtung) sorgen f\u00fcr eine au\u00dfergew\u00f6hnliche Wiederholgenauigkeit, w\u00e4hrend die Modularit\u00e4t bei der Einf\u00fchrung neuer Modelle die Skalierbarkeit der Investition (inklusive Stellfl\u00e4che) gew\u00e4hrleistet. Produktmerkmale Flexibilit\u00e4t f\u00fcr bis zu sechs Modelle Mehr als 50 kN Schlie\u00dfmoment in \u201eY\u201c-Richtung Hohe Wiederholgenauigkeit Bis zu 18 [&hellip;]<\/p>\n","protected":false},"author":11,"featured_media":5074,"parent":64923,"menu_order":0,"comment_status":"closed","ping_status":"closed","template":"","meta":{"_acf_changed":false,"ep_exclude_from_search":false,"footnotes":""},"class_list":["post-5043","page","type-page","status-publish","has-post-thumbnail","hentry"],"acf":[],"yoast_head":"<!-- This site is optimized with the Yoast SEO plugin v26.9 - https:\/\/yoast.com\/product\/yoast-seo-wordpress\/ -->\n<title>Open RoboGate - Comau<\/title>\n<meta name=\"robots\" content=\"index, follow, max-snippet:-1, max-image-preview:large, max-video-preview:-1\" \/>\n<link rel=\"canonical\" href=\"https:\/\/www.comau.com\/de\/competencies\/systems\/loesungen\/open-robogate\/\" \/>\n<meta property=\"og:locale\" content=\"de_DE\" \/>\n<meta property=\"og:type\" content=\"article\" \/>\n<meta property=\"og:title\" content=\"Open RoboGate - Comau\" \/>\n<meta property=\"og:description\" content=\"OpenRobogate\u00ae ist eine stabile Struktur mit hoher Wiederholgenauigkeit und Modularit\u00e4t. Struktursteifigkeit und hohes Schlie\u00dfmoment (in \u201eY\u201c-Richtung) sorgen f\u00fcr eine au\u00dfergew\u00f6hnliche Wiederholgenauigkeit, w\u00e4hrend die Modularit\u00e4t bei der Einf\u00fchrung neuer Modelle die Skalierbarkeit der Investition (inklusive Stellfl\u00e4che) gew\u00e4hrleistet. Produktmerkmale Flexibilit\u00e4t f\u00fcr bis zu sechs Modelle Mehr als 50 kN Schlie\u00dfmoment in \u201eY\u201c-Richtung Hohe Wiederholgenauigkeit Bis zu 18 [&hellip;]\" \/>\n<meta property=\"og:url\" content=\"https:\/\/www.comau.com\/de\/competencies\/systems\/loesungen\/open-robogate\/\" \/>\n<meta property=\"og:site_name\" content=\"Comau\" \/>\n<meta property=\"article:publisher\" content=\"https:\/\/www.facebook.com\/COMAU\/\" \/>\n<meta property=\"article:modified_time\" content=\"2021-07-20T06:27:44+00:00\" \/>\n<meta property=\"og:image\" content=\"https:\/\/www.comau.com\/wp-content\/uploads\/2021\/06\/ComauFlex_header.jpg\" \/>\n\t<meta property=\"og:image:width\" content=\"1280\" \/>\n\t<meta property=\"og:image:height\" content=\"485\" \/>\n\t<meta property=\"og:image:type\" content=\"image\/jpeg\" \/>\n<meta name=\"twitter:card\" content=\"summary_large_image\" \/>\n<meta name=\"twitter:site\" content=\"@comaugroup\" \/>\n<meta name=\"twitter:label1\" content=\"Gesch\u00e4tzte Lesezeit\" \/>\n\t<meta name=\"twitter:data1\" content=\"1\u00a0Minute\" \/>\n<script type=\"application\/ld+json\" class=\"yoast-schema-graph\">{\"@context\":\"https:\/\/schema.org\",\"@graph\":[{\"@type\":\"WebPage\",\"@id\":\"https:\/\/www.comau.com\/de\/competencies\/systems\/loesungen\/open-robogate\/\",\"url\":\"https:\/\/www.comau.com\/de\/competencies\/systems\/loesungen\/open-robogate\/\",\"name\":\"Open RoboGate - Comau\",\"isPartOf\":{\"@id\":\"https:\/\/www.comau.com\/de\/#website\"},\"primaryImageOfPage\":{\"@id\":\"https:\/\/www.comau.com\/de\/competencies\/systems\/loesungen\/open-robogate\/#primaryimage\"},\"image\":{\"@id\":\"https:\/\/www.comau.com\/de\/competencies\/systems\/loesungen\/open-robogate\/#primaryimage\"},\"thumbnailUrl\":\"https:\/\/www.comau.com\/wp-content\/uploads\/2021\/06\/ComauFlex_header.jpg\",\"datePublished\":\"2021-06-07T13:59:13+00:00\",\"dateModified\":\"2021-07-20T06:27:44+00:00\",\"breadcrumb\":{\"@id\":\"https:\/\/www.comau.com\/de\/competencies\/systems\/loesungen\/open-robogate\/#breadcrumb\"},\"inLanguage\":\"de\",\"potentialAction\":[{\"@type\":\"ReadAction\",\"target\":[\"https:\/\/www.comau.com\/de\/competencies\/systems\/loesungen\/open-robogate\/\"]}]},{\"@type\":\"ImageObject\",\"inLanguage\":\"de\",\"@id\":\"https:\/\/www.comau.com\/de\/competencies\/systems\/loesungen\/open-robogate\/#primaryimage\",\"url\":\"https:\/\/www.comau.com\/wp-content\/uploads\/2021\/06\/ComauFlex_header.jpg\",\"contentUrl\":\"https:\/\/www.comau.com\/wp-content\/uploads\/2021\/06\/ComauFlex_header.jpg\",\"width\":1280,\"height\":485},{\"@type\":\"BreadcrumbList\",\"@id\":\"https:\/\/www.comau.com\/de\/competencies\/systems\/loesungen\/open-robogate\/#breadcrumb\",\"itemListElement\":[{\"@type\":\"ListItem\",\"position\":1,\"name\":\"Home\",\"item\":\"https:\/\/www.comau.com\/de\/\"},{\"@type\":\"ListItem\",\"position\":2,\"name\":\"Unsere Kompetenzen\",\"item\":\"https:\/\/www.comau.com\/de\/competencies\/\"},{\"@type\":\"ListItem\",\"position\":3,\"name\":\"Body Assembly\",\"item\":\"https:\/\/www.comau.com\/de\/competencies\/body-assembly\/\"},{\"@type\":\"ListItem\",\"position\":4,\"name\":\"L\u00f6sungen\",\"item\":\"https:\/\/www.comau.com\/de\/competencies\/body-assembly\/solutions\/\"},{\"@type\":\"ListItem\",\"position\":5,\"name\":\"Open RoboGate\"}]},{\"@type\":\"WebSite\",\"@id\":\"https:\/\/www.comau.com\/de\/#website\",\"url\":\"https:\/\/www.comau.com\/de\/\",\"name\":\"Comau\",\"description\":\"Industrial automation and robotics\",\"publisher\":{\"@id\":\"https:\/\/www.comau.com\/de\/#organization\"},\"potentialAction\":[{\"@type\":\"SearchAction\",\"target\":{\"@type\":\"EntryPoint\",\"urlTemplate\":\"https:\/\/www.comau.com\/de\/?s={search_term_string}\"},\"query-input\":{\"@type\":\"PropertyValueSpecification\",\"valueRequired\":true,\"valueName\":\"search_term_string\"}}],\"inLanguage\":\"de\"},{\"@type\":\"Organization\",\"@id\":\"https:\/\/www.comau.com\/de\/#organization\",\"name\":\"Comau\",\"url\":\"https:\/\/www.comau.com\/de\/\",\"logo\":{\"@type\":\"ImageObject\",\"inLanguage\":\"de\",\"@id\":\"https:\/\/www.comau.com\/de\/#\/schema\/logo\/image\/\",\"url\":\"https:\/\/www.comau.com\/wp-content\/uploads\/2024\/07\/cropped-Logo-COMAU.png\",\"contentUrl\":\"https:\/\/www.comau.com\/wp-content\/uploads\/2024\/07\/cropped-Logo-COMAU.png\",\"width\":434,\"height\":434,\"caption\":\"Comau\"},\"image\":{\"@id\":\"https:\/\/www.comau.com\/de\/#\/schema\/logo\/image\/\"},\"sameAs\":[\"https:\/\/www.facebook.com\/COMAU\/\",\"https:\/\/x.com\/comaugroup\",\"https:\/\/www.instagram.com\/comaugroup\/\",\"https:\/\/www.linkedin.com\/company\/comau\",\"https:\/\/www.youtube.com\/user\/comau\"]}]}<\/script>\n<!-- \/ Yoast SEO plugin. -->","yoast_head_json":{"title":"Open RoboGate - Comau","robots":{"index":"index","follow":"follow","max-snippet":"max-snippet:-1","max-image-preview":"max-image-preview:large","max-video-preview":"max-video-preview:-1"},"canonical":"https:\/\/www.comau.com\/de\/competencies\/systems\/loesungen\/open-robogate\/","og_locale":"de_DE","og_type":"article","og_title":"Open RoboGate - Comau","og_description":"OpenRobogate\u00ae ist eine stabile Struktur mit hoher Wiederholgenauigkeit und Modularit\u00e4t. Struktursteifigkeit und hohes Schlie\u00dfmoment (in \u201eY\u201c-Richtung) sorgen f\u00fcr eine au\u00dfergew\u00f6hnliche Wiederholgenauigkeit, w\u00e4hrend die Modularit\u00e4t bei der Einf\u00fchrung neuer Modelle die Skalierbarkeit der Investition (inklusive Stellfl\u00e4che) gew\u00e4hrleistet. Produktmerkmale Flexibilit\u00e4t f\u00fcr bis zu sechs Modelle Mehr als 50 kN Schlie\u00dfmoment in \u201eY\u201c-Richtung Hohe Wiederholgenauigkeit Bis zu 18 [&hellip;]","og_url":"https:\/\/www.comau.com\/de\/competencies\/systems\/loesungen\/open-robogate\/","og_site_name":"Comau","article_publisher":"https:\/\/www.facebook.com\/COMAU\/","article_modified_time":"2021-07-20T06:27:44+00:00","og_image":[{"width":1280,"height":485,"url":"https:\/\/www.comau.com\/wp-content\/uploads\/2021\/06\/ComauFlex_header.jpg","type":"image\/jpeg"}],"twitter_card":"summary_large_image","twitter_site":"@comaugroup","twitter_misc":{"Gesch\u00e4tzte Lesezeit":"1\u00a0Minute"},"schema":{"@context":"https:\/\/schema.org","@graph":[{"@type":"WebPage","@id":"https:\/\/www.comau.com\/de\/competencies\/systems\/loesungen\/open-robogate\/","url":"https:\/\/www.comau.com\/de\/competencies\/systems\/loesungen\/open-robogate\/","name":"Open RoboGate - Comau","isPartOf":{"@id":"https:\/\/www.comau.com\/de\/#website"},"primaryImageOfPage":{"@id":"https:\/\/www.comau.com\/de\/competencies\/systems\/loesungen\/open-robogate\/#primaryimage"},"image":{"@id":"https:\/\/www.comau.com\/de\/competencies\/systems\/loesungen\/open-robogate\/#primaryimage"},"thumbnailUrl":"https:\/\/www.comau.com\/wp-content\/uploads\/2021\/06\/ComauFlex_header.jpg","datePublished":"2021-06-07T13:59:13+00:00","dateModified":"2021-07-20T06:27:44+00:00","breadcrumb":{"@id":"https:\/\/www.comau.com\/de\/competencies\/systems\/loesungen\/open-robogate\/#breadcrumb"},"inLanguage":"de","potentialAction":[{"@type":"ReadAction","target":["https:\/\/www.comau.com\/de\/competencies\/systems\/loesungen\/open-robogate\/"]}]},{"@type":"ImageObject","inLanguage":"de","@id":"https:\/\/www.comau.com\/de\/competencies\/systems\/loesungen\/open-robogate\/#primaryimage","url":"https:\/\/www.comau.com\/wp-content\/uploads\/2021\/06\/ComauFlex_header.jpg","contentUrl":"https:\/\/www.comau.com\/wp-content\/uploads\/2021\/06\/ComauFlex_header.jpg","width":1280,"height":485},{"@type":"BreadcrumbList","@id":"https:\/\/www.comau.com\/de\/competencies\/systems\/loesungen\/open-robogate\/#breadcrumb","itemListElement":[{"@type":"ListItem","position":1,"name":"Home","item":"https:\/\/www.comau.com\/de\/"},{"@type":"ListItem","position":2,"name":"Unsere Kompetenzen","item":"https:\/\/www.comau.com\/de\/competencies\/"},{"@type":"ListItem","position":3,"name":"Body Assembly","item":"https:\/\/www.comau.com\/de\/competencies\/body-assembly\/"},{"@type":"ListItem","position":4,"name":"L\u00f6sungen","item":"https:\/\/www.comau.com\/de\/competencies\/body-assembly\/solutions\/"},{"@type":"ListItem","position":5,"name":"Open RoboGate"}]},{"@type":"WebSite","@id":"https:\/\/www.comau.com\/de\/#website","url":"https:\/\/www.comau.com\/de\/","name":"Comau","description":"Industrial automation and robotics","publisher":{"@id":"https:\/\/www.comau.com\/de\/#organization"},"potentialAction":[{"@type":"SearchAction","target":{"@type":"EntryPoint","urlTemplate":"https:\/\/www.comau.com\/de\/?s={search_term_string}"},"query-input":{"@type":"PropertyValueSpecification","valueRequired":true,"valueName":"search_term_string"}}],"inLanguage":"de"},{"@type":"Organization","@id":"https:\/\/www.comau.com\/de\/#organization","name":"Comau","url":"https:\/\/www.comau.com\/de\/","logo":{"@type":"ImageObject","inLanguage":"de","@id":"https:\/\/www.comau.com\/de\/#\/schema\/logo\/image\/","url":"https:\/\/www.comau.com\/wp-content\/uploads\/2024\/07\/cropped-Logo-COMAU.png","contentUrl":"https:\/\/www.comau.com\/wp-content\/uploads\/2024\/07\/cropped-Logo-COMAU.png","width":434,"height":434,"caption":"Comau"},"image":{"@id":"https:\/\/www.comau.com\/de\/#\/schema\/logo\/image\/"},"sameAs":["https:\/\/www.facebook.com\/COMAU\/","https:\/\/x.com\/comaugroup","https:\/\/www.instagram.com\/comaugroup\/","https:\/\/www.linkedin.com\/company\/comau","https:\/\/www.youtube.com\/user\/comau"]}]}},"_links":{"self":[{"href":"https:\/\/www.comau.com\/de\/wp-json\/wp\/v2\/pages\/5043","targetHints":{"allow":["GET"]}}],"collection":[{"href":"https:\/\/www.comau.com\/de\/wp-json\/wp\/v2\/pages"}],"about":[{"href":"https:\/\/www.comau.com\/de\/wp-json\/wp\/v2\/types\/page"}],"author":[{"embeddable":true,"href":"https:\/\/www.comau.com\/de\/wp-json\/wp\/v2\/users\/11"}],"replies":[{"embeddable":true,"href":"https:\/\/www.comau.com\/de\/wp-json\/wp\/v2\/comments?post=5043"}],"version-history":[{"count":12,"href":"https:\/\/www.comau.com\/de\/wp-json\/wp\/v2\/pages\/5043\/revisions"}],"predecessor-version":[{"id":30093,"href":"https:\/\/www.comau.com\/de\/wp-json\/wp\/v2\/pages\/5043\/revisions\/30093"}],"up":[{"embeddable":true,"href":"https:\/\/www.comau.com\/de\/wp-json\/wp\/v2\/pages\/64923"}],"wp:featuredmedia":[{"embeddable":true,"href":"https:\/\/www.comau.com\/de\/wp-json\/wp\/v2\/media\/5074"}],"wp:attachment":[{"href":"https:\/\/www.comau.com\/de\/wp-json\/wp\/v2\/media?parent=5043"}],"curies":[{"name":"wp","href":"https:\/\/api.w.org\/{rel}","templated":true}]}}