{"id":5039,"date":"2021-06-07T15:44:57","date_gmt":"2021-06-07T13:44:57","guid":{"rendered":"https:\/\/www.comau.com\/?page_id=5039"},"modified":"2021-07-20T08:23:15","modified_gmt":"2021-07-20T06:23:15","slug":"comauflex","status":"publish","type":"page","link":"https:\/\/www.comau.com\/de\/competencies\/systems\/loesungen\/comauflex\/","title":{"rendered":"ComauFlex"},"content":{"rendered":"\n<p>Rationelle High-Speed-Fertigung aller Fahrzeuge (inklusive Materialmix).<\/p>\n\n<p>Mit hochklassigen integrierten Fertigungsstandards gew\u00e4hrleistet ComauFlex, dass jedem einzelnen Aspekt in Bezug auf Herstellung und Wartungsfreundlichkeit gro\u00dfe Aufmerksamkeit geschenkt wird, um eine innovative und flexible technologische Strategie f\u00fcr die BiW-Produktion bereitzustellen.<\/p>\n\n<p>Die umfassende, praxisbew\u00e4hrte, flexible Fertigungsstrategie gew\u00e4hrleistet:<\/p>\n\n<ul class=\"wp-block-list\"><li>Modellflexibilit\u00e4t mit wahlfreier Ablaufsteuerung <\/li><li>Kombination unterschiedlicher Werkstoffe und F\u00fcgeverfahren bei hoher Volumenflexibilit\u00e4t<\/li><li>Verbesserte Logistik und reduzierten Transportfluss<\/li><li>Konsolidierung direkter Platzierung<\/li><li>Komprimierte Programmsteuerung<\/li><li>Geringere Stellfl\u00e4che<\/li><\/ul>\n\n<h2 class=\"wp-block-heading\">Flexible Fertigung f\u00fcr eine Zukunft mit Materialmix<\/h2>\n\n<div class=\"wp-block-buttons is-layout-flex wp-block-buttons-is-layout-flex\">\n<div class=\"wp-block-button\"><a class=\"wp-block-button__link\" href=\"https:\/\/www.comau.com\/wp-content\/uploads\/2021\/06\/EN_flexiblemanufacturing_comauflex.pdf\" target=\"_blank\" rel=\"noreferrer noopener\">Download<\/a><\/div>\n<\/div>\n\n<figure class=\"wp-block-embed is-type-video is-provider-youtube wp-block-embed-youtube wp-embed-aspect-16-9 wp-has-aspect-ratio\"><div class=\"wp-block-embed__wrapper\">\n<iframe title=\"Comau - The ComauFlex Solution 2015\" width=\"640\" height=\"360\" src=\"https:\/\/www.youtube.com\/embed\/CgFDKSgBgs0?feature=oembed\" frameborder=\"0\" allow=\"accelerometer; autoplay; clipboard-write; encrypted-media; gyroscope; picture-in-picture; web-share\" referrerpolicy=\"strict-origin-when-cross-origin\" allowfullscreen><\/iframe>\n<\/div><\/figure>\n","protected":false},"excerpt":{"rendered":"<p>Rationelle High-Speed-Fertigung aller Fahrzeuge (inklusive Materialmix). Mit hochklassigen integrierten Fertigungsstandards gew\u00e4hrleistet ComauFlex, dass jedem einzelnen Aspekt in Bezug auf Herstellung und Wartungsfreundlichkeit gro\u00dfe Aufmerksamkeit geschenkt wird, um eine innovative und flexible technologische Strategie f\u00fcr die BiW-Produktion bereitzustellen. Die umfassende, praxisbew\u00e4hrte, flexible Fertigungsstrategie gew\u00e4hrleistet: Modellflexibilit\u00e4t mit wahlfreier Ablaufsteuerung Kombination unterschiedlicher Werkstoffe und F\u00fcgeverfahren bei hoher Volumenflexibilit\u00e4t [&hellip;]<\/p>\n","protected":false},"author":11,"featured_media":5071,"parent":64923,"menu_order":0,"comment_status":"closed","ping_status":"closed","template":"","meta":{"_acf_changed":false,"ep_exclude_from_search":false,"footnotes":""},"class_list":["post-5039","page","type-page","status-publish","has-post-thumbnail","hentry"],"acf":[],"yoast_head":"<!-- This site is optimized with the Yoast SEO plugin v26.9 - https:\/\/yoast.com\/product\/yoast-seo-wordpress\/ -->\n<title>ComauFlex - Comau<\/title>\n<meta name=\"robots\" content=\"index, follow, max-snippet:-1, max-image-preview:large, max-video-preview:-1\" \/>\n<link rel=\"canonical\" href=\"https:\/\/www.comau.com\/de\/competencies\/systems\/loesungen\/comauflex\/\" \/>\n<meta property=\"og:locale\" content=\"de_DE\" \/>\n<meta property=\"og:type\" content=\"article\" \/>\n<meta property=\"og:title\" content=\"ComauFlex - Comau\" \/>\n<meta property=\"og:description\" content=\"Rationelle High-Speed-Fertigung aller Fahrzeuge (inklusive Materialmix). Mit hochklassigen integrierten Fertigungsstandards gew\u00e4hrleistet ComauFlex, dass jedem einzelnen Aspekt in Bezug auf Herstellung und Wartungsfreundlichkeit gro\u00dfe Aufmerksamkeit geschenkt wird, um eine innovative und flexible technologische Strategie f\u00fcr die BiW-Produktion bereitzustellen. Die umfassende, praxisbew\u00e4hrte, flexible Fertigungsstrategie gew\u00e4hrleistet: Modellflexibilit\u00e4t mit wahlfreier Ablaufsteuerung Kombination unterschiedlicher Werkstoffe und F\u00fcgeverfahren bei hoher Volumenflexibilit\u00e4t [&hellip;]\" \/>\n<meta property=\"og:url\" content=\"https:\/\/www.comau.com\/de\/competencies\/systems\/loesungen\/comauflex\/\" \/>\n<meta property=\"og:site_name\" content=\"Comau\" \/>\n<meta property=\"article:publisher\" content=\"https:\/\/www.facebook.com\/COMAU\/\" \/>\n<meta property=\"article:modified_time\" content=\"2021-07-20T06:23:15+00:00\" \/>\n<meta property=\"og:image\" content=\"https:\/\/www.comau.com\/wp-content\/uploads\/2021\/06\/robogate_header.jpg\" \/>\n\t<meta property=\"og:image:width\" content=\"1280\" \/>\n\t<meta property=\"og:image:height\" content=\"485\" \/>\n\t<meta property=\"og:image:type\" content=\"image\/jpeg\" \/>\n<meta name=\"twitter:card\" content=\"summary_large_image\" \/>\n<meta name=\"twitter:site\" content=\"@comaugroup\" \/>\n<meta name=\"twitter:label1\" content=\"Gesch\u00e4tzte Lesezeit\" \/>\n\t<meta name=\"twitter:data1\" content=\"1\u00a0Minute\" \/>\n<script type=\"application\/ld+json\" class=\"yoast-schema-graph\">{\"@context\":\"https:\/\/schema.org\",\"@graph\":[{\"@type\":\"WebPage\",\"@id\":\"https:\/\/www.comau.com\/de\/competencies\/systems\/loesungen\/comauflex\/\",\"url\":\"https:\/\/www.comau.com\/de\/competencies\/systems\/loesungen\/comauflex\/\",\"name\":\"ComauFlex - Comau\",\"isPartOf\":{\"@id\":\"https:\/\/www.comau.com\/de\/#website\"},\"primaryImageOfPage\":{\"@id\":\"https:\/\/www.comau.com\/de\/competencies\/systems\/loesungen\/comauflex\/#primaryimage\"},\"image\":{\"@id\":\"https:\/\/www.comau.com\/de\/competencies\/systems\/loesungen\/comauflex\/#primaryimage\"},\"thumbnailUrl\":\"https:\/\/www.comau.com\/wp-content\/uploads\/2021\/06\/robogate_header.jpg\",\"datePublished\":\"2021-06-07T13:44:57+00:00\",\"dateModified\":\"2021-07-20T06:23:15+00:00\",\"breadcrumb\":{\"@id\":\"https:\/\/www.comau.com\/de\/competencies\/systems\/loesungen\/comauflex\/#breadcrumb\"},\"inLanguage\":\"de\",\"potentialAction\":[{\"@type\":\"ReadAction\",\"target\":[\"https:\/\/www.comau.com\/de\/competencies\/systems\/loesungen\/comauflex\/\"]}]},{\"@type\":\"ImageObject\",\"inLanguage\":\"de\",\"@id\":\"https:\/\/www.comau.com\/de\/competencies\/systems\/loesungen\/comauflex\/#primaryimage\",\"url\":\"https:\/\/www.comau.com\/wp-content\/uploads\/2021\/06\/robogate_header.jpg\",\"contentUrl\":\"https:\/\/www.comau.com\/wp-content\/uploads\/2021\/06\/robogate_header.jpg\",\"width\":1280,\"height\":485},{\"@type\":\"BreadcrumbList\",\"@id\":\"https:\/\/www.comau.com\/de\/competencies\/systems\/loesungen\/comauflex\/#breadcrumb\",\"itemListElement\":[{\"@type\":\"ListItem\",\"position\":1,\"name\":\"Home\",\"item\":\"https:\/\/www.comau.com\/de\/\"},{\"@type\":\"ListItem\",\"position\":2,\"name\":\"Unsere Kompetenzen\",\"item\":\"https:\/\/www.comau.com\/de\/competencies\/\"},{\"@type\":\"ListItem\",\"position\":3,\"name\":\"Body Assembly\",\"item\":\"https:\/\/www.comau.com\/de\/competencies\/body-assembly\/\"},{\"@type\":\"ListItem\",\"position\":4,\"name\":\"L\u00f6sungen\",\"item\":\"https:\/\/www.comau.com\/de\/competencies\/body-assembly\/solutions\/\"},{\"@type\":\"ListItem\",\"position\":5,\"name\":\"ComauFlex\"}]},{\"@type\":\"WebSite\",\"@id\":\"https:\/\/www.comau.com\/de\/#website\",\"url\":\"https:\/\/www.comau.com\/de\/\",\"name\":\"Comau\",\"description\":\"Industrial automation and robotics\",\"publisher\":{\"@id\":\"https:\/\/www.comau.com\/de\/#organization\"},\"potentialAction\":[{\"@type\":\"SearchAction\",\"target\":{\"@type\":\"EntryPoint\",\"urlTemplate\":\"https:\/\/www.comau.com\/de\/?s={search_term_string}\"},\"query-input\":{\"@type\":\"PropertyValueSpecification\",\"valueRequired\":true,\"valueName\":\"search_term_string\"}}],\"inLanguage\":\"de\"},{\"@type\":\"Organization\",\"@id\":\"https:\/\/www.comau.com\/de\/#organization\",\"name\":\"Comau\",\"url\":\"https:\/\/www.comau.com\/de\/\",\"logo\":{\"@type\":\"ImageObject\",\"inLanguage\":\"de\",\"@id\":\"https:\/\/www.comau.com\/de\/#\/schema\/logo\/image\/\",\"url\":\"https:\/\/www.comau.com\/wp-content\/uploads\/2024\/07\/cropped-Logo-COMAU.png\",\"contentUrl\":\"https:\/\/www.comau.com\/wp-content\/uploads\/2024\/07\/cropped-Logo-COMAU.png\",\"width\":434,\"height\":434,\"caption\":\"Comau\"},\"image\":{\"@id\":\"https:\/\/www.comau.com\/de\/#\/schema\/logo\/image\/\"},\"sameAs\":[\"https:\/\/www.facebook.com\/COMAU\/\",\"https:\/\/x.com\/comaugroup\",\"https:\/\/www.instagram.com\/comaugroup\/\",\"https:\/\/www.linkedin.com\/company\/comau\",\"https:\/\/www.youtube.com\/user\/comau\"]}]}<\/script>\n<!-- \/ Yoast SEO plugin. -->","yoast_head_json":{"title":"ComauFlex - Comau","robots":{"index":"index","follow":"follow","max-snippet":"max-snippet:-1","max-image-preview":"max-image-preview:large","max-video-preview":"max-video-preview:-1"},"canonical":"https:\/\/www.comau.com\/de\/competencies\/systems\/loesungen\/comauflex\/","og_locale":"de_DE","og_type":"article","og_title":"ComauFlex - Comau","og_description":"Rationelle High-Speed-Fertigung aller Fahrzeuge (inklusive Materialmix). Mit hochklassigen integrierten Fertigungsstandards gew\u00e4hrleistet ComauFlex, dass jedem einzelnen Aspekt in Bezug auf Herstellung und Wartungsfreundlichkeit gro\u00dfe Aufmerksamkeit geschenkt wird, um eine innovative und flexible technologische Strategie f\u00fcr die BiW-Produktion bereitzustellen. Die umfassende, praxisbew\u00e4hrte, flexible Fertigungsstrategie gew\u00e4hrleistet: Modellflexibilit\u00e4t mit wahlfreier Ablaufsteuerung Kombination unterschiedlicher Werkstoffe und F\u00fcgeverfahren bei hoher Volumenflexibilit\u00e4t [&hellip;]","og_url":"https:\/\/www.comau.com\/de\/competencies\/systems\/loesungen\/comauflex\/","og_site_name":"Comau","article_publisher":"https:\/\/www.facebook.com\/COMAU\/","article_modified_time":"2021-07-20T06:23:15+00:00","og_image":[{"width":1280,"height":485,"url":"https:\/\/www.comau.com\/wp-content\/uploads\/2021\/06\/robogate_header.jpg","type":"image\/jpeg"}],"twitter_card":"summary_large_image","twitter_site":"@comaugroup","twitter_misc":{"Gesch\u00e4tzte Lesezeit":"1\u00a0Minute"},"schema":{"@context":"https:\/\/schema.org","@graph":[{"@type":"WebPage","@id":"https:\/\/www.comau.com\/de\/competencies\/systems\/loesungen\/comauflex\/","url":"https:\/\/www.comau.com\/de\/competencies\/systems\/loesungen\/comauflex\/","name":"ComauFlex - Comau","isPartOf":{"@id":"https:\/\/www.comau.com\/de\/#website"},"primaryImageOfPage":{"@id":"https:\/\/www.comau.com\/de\/competencies\/systems\/loesungen\/comauflex\/#primaryimage"},"image":{"@id":"https:\/\/www.comau.com\/de\/competencies\/systems\/loesungen\/comauflex\/#primaryimage"},"thumbnailUrl":"https:\/\/www.comau.com\/wp-content\/uploads\/2021\/06\/robogate_header.jpg","datePublished":"2021-06-07T13:44:57+00:00","dateModified":"2021-07-20T06:23:15+00:00","breadcrumb":{"@id":"https:\/\/www.comau.com\/de\/competencies\/systems\/loesungen\/comauflex\/#breadcrumb"},"inLanguage":"de","potentialAction":[{"@type":"ReadAction","target":["https:\/\/www.comau.com\/de\/competencies\/systems\/loesungen\/comauflex\/"]}]},{"@type":"ImageObject","inLanguage":"de","@id":"https:\/\/www.comau.com\/de\/competencies\/systems\/loesungen\/comauflex\/#primaryimage","url":"https:\/\/www.comau.com\/wp-content\/uploads\/2021\/06\/robogate_header.jpg","contentUrl":"https:\/\/www.comau.com\/wp-content\/uploads\/2021\/06\/robogate_header.jpg","width":1280,"height":485},{"@type":"BreadcrumbList","@id":"https:\/\/www.comau.com\/de\/competencies\/systems\/loesungen\/comauflex\/#breadcrumb","itemListElement":[{"@type":"ListItem","position":1,"name":"Home","item":"https:\/\/www.comau.com\/de\/"},{"@type":"ListItem","position":2,"name":"Unsere Kompetenzen","item":"https:\/\/www.comau.com\/de\/competencies\/"},{"@type":"ListItem","position":3,"name":"Body Assembly","item":"https:\/\/www.comau.com\/de\/competencies\/body-assembly\/"},{"@type":"ListItem","position":4,"name":"L\u00f6sungen","item":"https:\/\/www.comau.com\/de\/competencies\/body-assembly\/solutions\/"},{"@type":"ListItem","position":5,"name":"ComauFlex"}]},{"@type":"WebSite","@id":"https:\/\/www.comau.com\/de\/#website","url":"https:\/\/www.comau.com\/de\/","name":"Comau","description":"Industrial automation and robotics","publisher":{"@id":"https:\/\/www.comau.com\/de\/#organization"},"potentialAction":[{"@type":"SearchAction","target":{"@type":"EntryPoint","urlTemplate":"https:\/\/www.comau.com\/de\/?s={search_term_string}"},"query-input":{"@type":"PropertyValueSpecification","valueRequired":true,"valueName":"search_term_string"}}],"inLanguage":"de"},{"@type":"Organization","@id":"https:\/\/www.comau.com\/de\/#organization","name":"Comau","url":"https:\/\/www.comau.com\/de\/","logo":{"@type":"ImageObject","inLanguage":"de","@id":"https:\/\/www.comau.com\/de\/#\/schema\/logo\/image\/","url":"https:\/\/www.comau.com\/wp-content\/uploads\/2024\/07\/cropped-Logo-COMAU.png","contentUrl":"https:\/\/www.comau.com\/wp-content\/uploads\/2024\/07\/cropped-Logo-COMAU.png","width":434,"height":434,"caption":"Comau"},"image":{"@id":"https:\/\/www.comau.com\/de\/#\/schema\/logo\/image\/"},"sameAs":["https:\/\/www.facebook.com\/COMAU\/","https:\/\/x.com\/comaugroup","https:\/\/www.instagram.com\/comaugroup\/","https:\/\/www.linkedin.com\/company\/comau","https:\/\/www.youtube.com\/user\/comau"]}]}},"_links":{"self":[{"href":"https:\/\/www.comau.com\/de\/wp-json\/wp\/v2\/pages\/5039","targetHints":{"allow":["GET"]}}],"collection":[{"href":"https:\/\/www.comau.com\/de\/wp-json\/wp\/v2\/pages"}],"about":[{"href":"https:\/\/www.comau.com\/de\/wp-json\/wp\/v2\/types\/page"}],"author":[{"embeddable":true,"href":"https:\/\/www.comau.com\/de\/wp-json\/wp\/v2\/users\/11"}],"replies":[{"embeddable":true,"href":"https:\/\/www.comau.com\/de\/wp-json\/wp\/v2\/comments?post=5039"}],"version-history":[{"count":13,"href":"https:\/\/www.comau.com\/de\/wp-json\/wp\/v2\/pages\/5039\/revisions"}],"predecessor-version":[{"id":30062,"href":"https:\/\/www.comau.com\/de\/wp-json\/wp\/v2\/pages\/5039\/revisions\/30062"}],"up":[{"embeddable":true,"href":"https:\/\/www.comau.com\/de\/wp-json\/wp\/v2\/pages\/64923"}],"wp:featuredmedia":[{"embeddable":true,"href":"https:\/\/www.comau.com\/de\/wp-json\/wp\/v2\/media\/5071"}],"wp:attachment":[{"href":"https:\/\/www.comau.com\/de\/wp-json\/wp\/v2\/media?parent=5039"}],"curies":[{"name":"wp","href":"https:\/\/api.w.org\/{rel}","templated":true}]}}