{"id":5034,"date":"2021-07-01T01:01:13","date_gmt":"2021-06-30T23:01:13","guid":{"rendered":"https:\/\/www.comau.com\/?page_id=5034"},"modified":"2022-02-03T15:03:37","modified_gmt":"2022-02-03T14:03:37","slug":"solutions","status":"publish","type":"page","link":"https:\/\/www.comau.com\/de\/competencies\/body-assembly\/solutions\/","title":{"rendered":"L\u00f6sungen"},"content":{"rendered":"\n<p>Durch die Entwicklung von Systemen, die entscheidende Ergebnisse in Bezug auf Produktivit\u00e4t, Qualit\u00e4t, Logistik und globale Integration liefern, treiben wir Innovationen weiter voran.<\/p>\n\n\n\n<p>Wir teilen die gleichen Ziele von Automobilherstellern und anderen Branchen:<\/p>\n\n\n\n<ul class=\"wp-block-list\"><li>Wettbewerbsf\u00e4higkeit steigern<\/li><li>Produktionsprozesse verbessern und effizienter machen<\/li><li>Steigern Sie die Produktivit\u00e4t und Flexibilit\u00e4t bei Wahrung der Sicherheits- und Qualit\u00e4tsstandards<\/li><\/ul>\n\n\n\n<p>Unsere Kultur der Automatisierung zur Optimierung und Transformation von Engineering- und Produktionsprozessen zeichnet uns aus. Ob wir Ihre bestehenden Einrichtungen aufr\u00fcsten oder neue erstellen, wir f\u00fchren Ihr Unternehmen in die Zukunft.<\/p>\n\n\n\n<div class=\"wp-block-columns columns-bg-dark is-layout-flex wp-container-core-columns-is-layout-9d6595d7 wp-block-columns-is-layout-flex\">\n<div class=\"wp-block-column is-layout-flow wp-block-column-is-layout-flow\">\n<h3 class=\"wp-block-heading\" id=\"innovationen-in-der-karosseriemontage\">Innovationen in der Karosseriemontage<\/h3>\n\n\n\n<p>Basierend auf einer unvergleichlichen Marktexpertise und einem wahrhaft globalen Technologienetzwerk entwickelt, testet und realisiert Comau fortw\u00e4hrend zukunftsweisende Fertigungs- und Montagel\u00f6sungen f\u00fcr die dynamischen Ver\u00e4nderungen im Markt. Vom flexiblen Hochgeschwindigkeits-Fahrzeugbau (inklusive Materialmix) bis zum Einsatz von Simulationsverfahren zur Verk\u00fcrzung der Programmzeitr\u00e4ume insgesamt, k\u00f6nnen Sie auf die Innovationskraft von Comau vertrauen, um sowohl Produktivit\u00e4t als auch Qualit\u00e4t zu steigern.<\/p>\n<\/div>\n\n\n\n<div class=\"wp-block-column is-layout-flow wp-block-column-is-layout-flow\">\n<h3 class=\"wp-block-heading\" id=\"unsere-losungen-erfullen-kundenwunsche\">Unsere L\u00f6sungen erf\u00fcllen Kundenw\u00fcnsche<\/h3>\n\n\n\n<p>Fortschrittliche, ma\u00dfgeschneiderte L\u00f6sungen tragen wesentlich zum Erfolg des Kunden bei und sind entscheidende Faktoren bei der Konzeption, Konstruktion und Markteinf\u00fchrung neuer Fahrzeugmodelle. Aus diesem Grund arbeiten wir eng mit unseren Kunden zusammen, um innovative L\u00f6sungen zu entwickeln, die den spezifischen Produktionserfordernissen entsprechen und von einem wahrhaft globalen Technologienetzwerk unterst\u00fctzt werden. Von der Projektplanung bis zur Bedienerschulung und Markteinf\u00fchrung erm\u00f6glicht es uns dieses Integrationsniveau, Produktionsabl\u00e4ufe zu vereinfachen und gleichzeitig die Produktivit\u00e4t und Qualit\u00e4t zu steigern.<\/p>\n<\/div>\n\n\n\n<div class=\"wp-block-column is-layout-flow wp-block-column-is-layout-flow\">\n<h3 class=\"wp-block-heading\" id=\"leistungsfahige-montage-und-transportsysteme\">Leistungsf\u00e4hige Montage- und Transportsysteme<\/h3>\n\n\n\n<p>Im Hinblick auf einer intelligente Automatisierung wird die Leistungsf\u00e4higkeit Ihrer Produktionslinien weitgehend von der Effizienz der zugrunde liegenden Transferarchitektur bestimmt. Comaus Palettenf\u00f6rder-, Inline-Transfer- und Steuer- und Regelungssysteme sind so konzipiert, dass sie hohe Pr\u00e4zision mit Leistungsf\u00e4higkeit und Konfigurierbarkeit vereinen, um die Sicherheit und Flexibilit\u00e4t beim Transfer der Karosserien zwischen den Stationen sicherzustellen. Dar\u00fcber hinaus tr\u00e4gt der rasche und reibungslose Transfer dazu bei, die nicht wertsch\u00f6pfende Zeit innerhalb Ihrer Haupt- und Teilmontageprozesse zu verringern.<\/p>\n<\/div>\n<\/div>\n\n\n\n<h2 class=\"wp-block-heading\" id=\"unsere-losungen\">Unsere L\u00f6sungen<\/h2>\n\n\n\n<div class=\"wp-block-columns is-layout-flex wp-container-core-columns-is-layout-9d6595d7 wp-block-columns-is-layout-flex\">\n<div class=\"wp-block-column is-layout-flow wp-block-column-is-layout-flow\">\n<div class=\"wp-block-getwid-image-box has-text-left has-mobile-layout-default has-mobile-alignment-default\"><div class=\"wp-block-getwid-image-box__image-container is-position-top\"><a href=\"https:\/\/www.comau.com\/en\/our-offer\/systems\/body-in-white-manufacturing\/comauflex\/\" class=\"wp-block-getwid-image-box__image-wrapper\"><img decoding=\"async\" width=\"1280\" height=\"485\" src=\"https:\/\/www.comau.com\/wp-content\/uploads\/2021\/06\/robogate_header.jpg\" alt=\"\" class=\"wp-block-getwid-image-box__image wp-image-433\" srcset=\"https:\/\/www.comau.com\/wp-content\/uploads\/2021\/06\/robogate_header.jpg 1280w, https:\/\/www.comau.com\/wp-content\/uploads\/2021\/06\/robogate_header-300x114.jpg 300w, https:\/\/www.comau.com\/wp-content\/uploads\/2021\/06\/robogate_header-1024x388.jpg 1024w, https:\/\/www.comau.com\/wp-content\/uploads\/2021\/06\/robogate_header-768x291.jpg 768w\" sizes=\"(max-width: 1280px) 100vw, 1280px\" \/><\/a><\/div><div class=\"wp-block-getwid-image-box__content\">\n<h3 class=\"wp-block-heading\">ComauFlex<\/h3>\n\n\n\n<p>Entwickelt, um die Hochgeschwindigkeits-Automobilfertigung zu rationalisieren, einschlie\u00dflich Multi-Material-Fahrzeuge, entspricht diese praxisbew\u00e4hrte, flexible Fertigungsstrategie voll den entscheidenden Marktanforderungen f\u00fcr heutige Fahrzeughersteller: operationelle Flexibilit\u00e4t, minimale Anlagenanforderungen, hohe St\u00fcckzahlen und Modellvielfalt sowie die M\u00f6glichkeit f\u00fcr den Einsatz moderner Materialverbindungstechnologien.<\/p>\n<\/div><\/div>\n<\/div>\n\n\n\n<div class=\"wp-block-column is-layout-flow wp-block-column-is-layout-flow\">\n<div class=\"wp-block-getwid-image-box has-text-left has-mobile-layout-default has-mobile-alignment-default\"><div class=\"wp-block-getwid-image-box__image-container is-position-top\"><a href=\"https:\/\/www.comau.com\/en\/our-offer\/systems\/body-in-white-manufacturing\/open-robogate\/\" class=\"wp-block-getwid-image-box__image-wrapper\"><img decoding=\"async\" width=\"1280\" height=\"485\" src=\"https:\/\/www.comau.com\/wp-content\/uploads\/2021\/06\/ComauFlex_header.jpg\" alt=\"\" class=\"wp-block-getwid-image-box__image wp-image-452\" srcset=\"https:\/\/www.comau.com\/wp-content\/uploads\/2021\/06\/ComauFlex_header.jpg 1280w, https:\/\/www.comau.com\/wp-content\/uploads\/2021\/06\/ComauFlex_header-300x114.jpg 300w, https:\/\/www.comau.com\/wp-content\/uploads\/2021\/06\/ComauFlex_header-1024x388.jpg 1024w, https:\/\/www.comau.com\/wp-content\/uploads\/2021\/06\/ComauFlex_header-768x291.jpg 768w\" sizes=\"(max-width: 1280px) 100vw, 1280px\" \/><\/a><\/div><div class=\"wp-block-getwid-image-box__content\">\n<h3 class=\"wp-block-heading\">Open RoboGate<\/h3>\n\n\n\n<p>Als modulares, flexibles und erweiterbares System kann das Open RoboGate bis zu 18 Roboter und 6 spezielle Framing Gates f\u00fcr Hochgeschwindigkeitsvorg\u00e4nge mit hoher Dichte aufnehmen. Und dank der Verwendung umgedreht \u00fcberkopfmontierter Roboter kann es den Platzbedarf des Produktionssystems insgesamt reduzieren und gleichzeitig ein h\u00f6heres Montagevolumen an jeder Station erm\u00f6glichen.<\/p>\n<\/div><\/div>\n<\/div>\n<\/div>\n\n\n\n<div class=\"wp-block-columns is-layout-flex wp-container-core-columns-is-layout-9d6595d7 wp-block-columns-is-layout-flex\">\n<div class=\"wp-block-column is-layout-flow wp-block-column-is-layout-flow\">\n<div class=\"wp-block-getwid-image-box has-text-left has-mobile-layout-default has-mobile-alignment-default\"><div class=\"wp-block-getwid-image-box__image-container is-position-top\"><a href=\"https:\/\/www.comau.com\/en\/our-offer\/systems\/body-in-white-manufacturing\/versapallet\/\" class=\"wp-block-getwid-image-box__image-wrapper\"><img decoding=\"async\" width=\"1280\" height=\"485\" src=\"https:\/\/www.comau.com\/wp-content\/uploads\/2021\/06\/versapallet_header.jpg\" alt=\"\" class=\"wp-block-getwid-image-box__image wp-image-451\" srcset=\"https:\/\/www.comau.com\/wp-content\/uploads\/2021\/06\/versapallet_header.jpg 1280w, https:\/\/www.comau.com\/wp-content\/uploads\/2021\/06\/versapallet_header-300x114.jpg 300w, https:\/\/www.comau.com\/wp-content\/uploads\/2021\/06\/versapallet_header-1024x388.jpg 1024w, https:\/\/www.comau.com\/wp-content\/uploads\/2021\/06\/versapallet_header-768x291.jpg 768w\" sizes=\"(max-width: 1280px) 100vw, 1280px\" \/><\/a><\/div><div class=\"wp-block-getwid-image-box__content\">\n<h3 class=\"wp-block-heading\">VersaPallet<\/h3>\n\n\n\n<p>Dieses hochleistungsf\u00e4hige Inline-Transfersystem ist m\u00f6glicherweise das schnellste seiner Art in der Automobilindustrie f\u00fcr Unterbodentransport und Karosseriebest\u00fcckung. Basierend auf einer geometrischen Palette, auf der sich die Karosserie durch die Fertigungslinien bewegt, k\u00f6nnen Karosserien in wenigen Sekunden sicher den Produktionsprozess durchlaufen.<\/p>\n<\/div><\/div>\n<\/div>\n\n\n\n<div class=\"wp-block-column is-layout-flow wp-block-column-is-layout-flow\">\n<div class=\"wp-block-getwid-image-box has-text-left has-mobile-layout-default has-mobile-alignment-default\"><div class=\"wp-block-getwid-image-box__image-container is-position-top\"><a href=\"https:\/\/www.comau.com\/en\/our-offer\/systems\/body-in-white-manufacturing\/versaroll\/\" class=\"wp-block-getwid-image-box__image-wrapper\"><img decoding=\"async\" width=\"1280\" height=\"485\" src=\"https:\/\/www.comau.com\/wp-content\/uploads\/2021\/06\/versaroll_header.jpg\" alt=\"\" class=\"wp-block-getwid-image-box__image wp-image-450\" srcset=\"https:\/\/www.comau.com\/wp-content\/uploads\/2021\/06\/versaroll_header.jpg 1280w, https:\/\/www.comau.com\/wp-content\/uploads\/2021\/06\/versaroll_header-300x114.jpg 300w, https:\/\/www.comau.com\/wp-content\/uploads\/2021\/06\/versaroll_header-1024x388.jpg 1024w, https:\/\/www.comau.com\/wp-content\/uploads\/2021\/06\/versaroll_header-768x291.jpg 768w\" sizes=\"(max-width: 1280px) 100vw, 1280px\" \/><\/a><\/div><div class=\"wp-block-getwid-image-box__content\">\n<h3 class=\"wp-block-heading\">VersaRoll<\/h3>\n\n\n\n<p>H\u00f6here Geschwindigkeit, gr\u00f6\u00dfere Pr\u00e4zision und mehr Flexibilit\u00e4t beim Verbinden und Montieren von Chassis und Seitenteilen bei bis zu vier verschiedenen Modellen. VersaRoll ist ein Closed-Loop-Montage- und -Verbindungssystem, das haupts\u00e4chlich f\u00fcr Chassis und Seitenteile konzipiert wurde und auf einer geschlossenen Geberregelung basiert.<\/p>\n<\/div><\/div>\n<\/div>\n<\/div>\n","protected":false},"excerpt":{"rendered":"<p>Durch die Entwicklung von Systemen, die entscheidende Ergebnisse in Bezug auf Produktivit\u00e4t, Qualit\u00e4t, Logistik und globale Integration liefern, treiben wir Innovationen weiter voran. Wir teilen die gleichen Ziele von Automobilherstellern und anderen Branchen: Wettbewerbsf\u00e4higkeit steigern Produktionsprozesse verbessern und effizienter machen Steigern Sie die Produktivit\u00e4t und Flexibilit\u00e4t bei Wahrung der Sicherheits- und Qualit\u00e4tsstandards Unsere Kultur der [&hellip;]<\/p>\n","protected":false},"author":11,"featured_media":5070,"parent":4811,"menu_order":1,"comment_status":"closed","ping_status":"closed","template":"","meta":{"_acf_changed":false,"ep_exclude_from_search":false,"footnotes":""},"class_list":["post-5034","page","type-page","status-publish","has-post-thumbnail","hentry"],"acf":[],"yoast_head":"<!-- This site is optimized with the Yoast SEO plugin v26.9 - https:\/\/yoast.com\/product\/yoast-seo-wordpress\/ -->\n<title>Fertigungslinien und Montagesysteme f\u00fcr die Industrie | Comau<\/title>\n<meta name=\"description\" content=\"Comau widmet sich der Produktionsoptimierung durch Automatisierung der Fertigungslinien und Montagesysteme f\u00fcr die Industrie.\" \/>\n<meta name=\"robots\" content=\"index, follow, max-snippet:-1, max-image-preview:large, max-video-preview:-1\" \/>\n<link rel=\"canonical\" href=\"https:\/\/www.comau.com\/de\/competencies\/body-assembly\/solutions\/\" \/>\n<meta property=\"og:locale\" content=\"de_DE\" \/>\n<meta property=\"og:type\" content=\"article\" \/>\n<meta property=\"og:title\" content=\"Fertigungslinien und Montagesysteme f\u00fcr die Industrie | Comau\" \/>\n<meta property=\"og:description\" content=\"Comau widmet sich der Produktionsoptimierung durch Automatisierung der Fertigungslinien und Montagesysteme f\u00fcr die Industrie.\" \/>\n<meta property=\"og:url\" content=\"https:\/\/www.comau.com\/de\/competencies\/body-assembly\/solutions\/\" \/>\n<meta property=\"og:site_name\" content=\"Comau\" \/>\n<meta property=\"article:publisher\" content=\"https:\/\/www.facebook.com\/COMAU\/\" \/>\n<meta property=\"article:modified_time\" content=\"2022-02-03T14:03:37+00:00\" \/>\n<meta property=\"og:image\" content=\"https:\/\/www.comau.com\/wp-content\/uploads\/2021\/06\/ba-solutions_header.jpg\" \/>\n\t<meta property=\"og:image:width\" content=\"1280\" \/>\n\t<meta property=\"og:image:height\" content=\"485\" \/>\n\t<meta property=\"og:image:type\" content=\"image\/jpeg\" \/>\n<meta name=\"twitter:card\" content=\"summary_large_image\" \/>\n<meta name=\"twitter:site\" content=\"@comaugroup\" \/>\n<meta name=\"twitter:label1\" content=\"Gesch\u00e4tzte Lesezeit\" \/>\n\t<meta name=\"twitter:data1\" content=\"3\u00a0Minuten\" \/>\n<script type=\"application\/ld+json\" class=\"yoast-schema-graph\">{\"@context\":\"https:\/\/schema.org\",\"@graph\":[{\"@type\":\"WebPage\",\"@id\":\"https:\/\/www.comau.com\/de\/competencies\/body-assembly\/solutions\/\",\"url\":\"https:\/\/www.comau.com\/de\/competencies\/body-assembly\/solutions\/\",\"name\":\"Fertigungslinien und Montagesysteme f\u00fcr die Industrie | Comau\",\"isPartOf\":{\"@id\":\"https:\/\/www.comau.com\/de\/#website\"},\"primaryImageOfPage\":{\"@id\":\"https:\/\/www.comau.com\/de\/competencies\/body-assembly\/solutions\/#primaryimage\"},\"image\":{\"@id\":\"https:\/\/www.comau.com\/de\/competencies\/body-assembly\/solutions\/#primaryimage\"},\"thumbnailUrl\":\"https:\/\/www.comau.com\/wp-content\/uploads\/2021\/06\/ba-solutions_header.jpg\",\"datePublished\":\"2021-06-30T23:01:13+00:00\",\"dateModified\":\"2022-02-03T14:03:37+00:00\",\"description\":\"Comau widmet sich der Produktionsoptimierung durch Automatisierung der Fertigungslinien und Montagesysteme f\u00fcr die Industrie.\",\"breadcrumb\":{\"@id\":\"https:\/\/www.comau.com\/de\/competencies\/body-assembly\/solutions\/#breadcrumb\"},\"inLanguage\":\"de\",\"potentialAction\":[{\"@type\":\"ReadAction\",\"target\":[\"https:\/\/www.comau.com\/de\/competencies\/body-assembly\/solutions\/\"]}]},{\"@type\":\"ImageObject\",\"inLanguage\":\"de\",\"@id\":\"https:\/\/www.comau.com\/de\/competencies\/body-assembly\/solutions\/#primaryimage\",\"url\":\"https:\/\/www.comau.com\/wp-content\/uploads\/2021\/06\/ba-solutions_header.jpg\",\"contentUrl\":\"https:\/\/www.comau.com\/wp-content\/uploads\/2021\/06\/ba-solutions_header.jpg\",\"width\":1280,\"height\":485},{\"@type\":\"BreadcrumbList\",\"@id\":\"https:\/\/www.comau.com\/de\/competencies\/body-assembly\/solutions\/#breadcrumb\",\"itemListElement\":[{\"@type\":\"ListItem\",\"position\":1,\"name\":\"Home\",\"item\":\"https:\/\/www.comau.com\/de\/\"},{\"@type\":\"ListItem\",\"position\":2,\"name\":\"Unsere Kompetenzen\",\"item\":\"https:\/\/www.comau.com\/de\/competencies\/\"},{\"@type\":\"ListItem\",\"position\":3,\"name\":\"Body Assembly\",\"item\":\"https:\/\/www.comau.com\/de\/competencies\/body-assembly\/\"},{\"@type\":\"ListItem\",\"position\":4,\"name\":\"L\u00f6sungen\"}]},{\"@type\":\"WebSite\",\"@id\":\"https:\/\/www.comau.com\/de\/#website\",\"url\":\"https:\/\/www.comau.com\/de\/\",\"name\":\"Comau\",\"description\":\"Industrial automation and robotics\",\"publisher\":{\"@id\":\"https:\/\/www.comau.com\/de\/#organization\"},\"potentialAction\":[{\"@type\":\"SearchAction\",\"target\":{\"@type\":\"EntryPoint\",\"urlTemplate\":\"https:\/\/www.comau.com\/de\/?s={search_term_string}\"},\"query-input\":{\"@type\":\"PropertyValueSpecification\",\"valueRequired\":true,\"valueName\":\"search_term_string\"}}],\"inLanguage\":\"de\"},{\"@type\":\"Organization\",\"@id\":\"https:\/\/www.comau.com\/de\/#organization\",\"name\":\"Comau\",\"url\":\"https:\/\/www.comau.com\/de\/\",\"logo\":{\"@type\":\"ImageObject\",\"inLanguage\":\"de\",\"@id\":\"https:\/\/www.comau.com\/de\/#\/schema\/logo\/image\/\",\"url\":\"https:\/\/www.comau.com\/wp-content\/uploads\/2024\/07\/cropped-Logo-COMAU.png\",\"contentUrl\":\"https:\/\/www.comau.com\/wp-content\/uploads\/2024\/07\/cropped-Logo-COMAU.png\",\"width\":434,\"height\":434,\"caption\":\"Comau\"},\"image\":{\"@id\":\"https:\/\/www.comau.com\/de\/#\/schema\/logo\/image\/\"},\"sameAs\":[\"https:\/\/www.facebook.com\/COMAU\/\",\"https:\/\/x.com\/comaugroup\",\"https:\/\/www.instagram.com\/comaugroup\/\",\"https:\/\/www.linkedin.com\/company\/comau\",\"https:\/\/www.youtube.com\/user\/comau\"]}]}<\/script>\n<!-- \/ Yoast SEO plugin. -->","yoast_head_json":{"title":"Fertigungslinien und Montagesysteme f\u00fcr die Industrie | Comau","description":"Comau widmet sich der Produktionsoptimierung durch Automatisierung der Fertigungslinien und Montagesysteme f\u00fcr die Industrie.","robots":{"index":"index","follow":"follow","max-snippet":"max-snippet:-1","max-image-preview":"max-image-preview:large","max-video-preview":"max-video-preview:-1"},"canonical":"https:\/\/www.comau.com\/de\/competencies\/body-assembly\/solutions\/","og_locale":"de_DE","og_type":"article","og_title":"Fertigungslinien und Montagesysteme f\u00fcr die Industrie | Comau","og_description":"Comau widmet sich der Produktionsoptimierung durch Automatisierung der Fertigungslinien und Montagesysteme f\u00fcr die Industrie.","og_url":"https:\/\/www.comau.com\/de\/competencies\/body-assembly\/solutions\/","og_site_name":"Comau","article_publisher":"https:\/\/www.facebook.com\/COMAU\/","article_modified_time":"2022-02-03T14:03:37+00:00","og_image":[{"width":1280,"height":485,"url":"https:\/\/www.comau.com\/wp-content\/uploads\/2021\/06\/ba-solutions_header.jpg","type":"image\/jpeg"}],"twitter_card":"summary_large_image","twitter_site":"@comaugroup","twitter_misc":{"Gesch\u00e4tzte Lesezeit":"3\u00a0Minuten"},"schema":{"@context":"https:\/\/schema.org","@graph":[{"@type":"WebPage","@id":"https:\/\/www.comau.com\/de\/competencies\/body-assembly\/solutions\/","url":"https:\/\/www.comau.com\/de\/competencies\/body-assembly\/solutions\/","name":"Fertigungslinien und Montagesysteme f\u00fcr die Industrie | Comau","isPartOf":{"@id":"https:\/\/www.comau.com\/de\/#website"},"primaryImageOfPage":{"@id":"https:\/\/www.comau.com\/de\/competencies\/body-assembly\/solutions\/#primaryimage"},"image":{"@id":"https:\/\/www.comau.com\/de\/competencies\/body-assembly\/solutions\/#primaryimage"},"thumbnailUrl":"https:\/\/www.comau.com\/wp-content\/uploads\/2021\/06\/ba-solutions_header.jpg","datePublished":"2021-06-30T23:01:13+00:00","dateModified":"2022-02-03T14:03:37+00:00","description":"Comau widmet sich der Produktionsoptimierung durch Automatisierung der Fertigungslinien und Montagesysteme f\u00fcr die Industrie.","breadcrumb":{"@id":"https:\/\/www.comau.com\/de\/competencies\/body-assembly\/solutions\/#breadcrumb"},"inLanguage":"de","potentialAction":[{"@type":"ReadAction","target":["https:\/\/www.comau.com\/de\/competencies\/body-assembly\/solutions\/"]}]},{"@type":"ImageObject","inLanguage":"de","@id":"https:\/\/www.comau.com\/de\/competencies\/body-assembly\/solutions\/#primaryimage","url":"https:\/\/www.comau.com\/wp-content\/uploads\/2021\/06\/ba-solutions_header.jpg","contentUrl":"https:\/\/www.comau.com\/wp-content\/uploads\/2021\/06\/ba-solutions_header.jpg","width":1280,"height":485},{"@type":"BreadcrumbList","@id":"https:\/\/www.comau.com\/de\/competencies\/body-assembly\/solutions\/#breadcrumb","itemListElement":[{"@type":"ListItem","position":1,"name":"Home","item":"https:\/\/www.comau.com\/de\/"},{"@type":"ListItem","position":2,"name":"Unsere Kompetenzen","item":"https:\/\/www.comau.com\/de\/competencies\/"},{"@type":"ListItem","position":3,"name":"Body Assembly","item":"https:\/\/www.comau.com\/de\/competencies\/body-assembly\/"},{"@type":"ListItem","position":4,"name":"L\u00f6sungen"}]},{"@type":"WebSite","@id":"https:\/\/www.comau.com\/de\/#website","url":"https:\/\/www.comau.com\/de\/","name":"Comau","description":"Industrial automation and robotics","publisher":{"@id":"https:\/\/www.comau.com\/de\/#organization"},"potentialAction":[{"@type":"SearchAction","target":{"@type":"EntryPoint","urlTemplate":"https:\/\/www.comau.com\/de\/?s={search_term_string}"},"query-input":{"@type":"PropertyValueSpecification","valueRequired":true,"valueName":"search_term_string"}}],"inLanguage":"de"},{"@type":"Organization","@id":"https:\/\/www.comau.com\/de\/#organization","name":"Comau","url":"https:\/\/www.comau.com\/de\/","logo":{"@type":"ImageObject","inLanguage":"de","@id":"https:\/\/www.comau.com\/de\/#\/schema\/logo\/image\/","url":"https:\/\/www.comau.com\/wp-content\/uploads\/2024\/07\/cropped-Logo-COMAU.png","contentUrl":"https:\/\/www.comau.com\/wp-content\/uploads\/2024\/07\/cropped-Logo-COMAU.png","width":434,"height":434,"caption":"Comau"},"image":{"@id":"https:\/\/www.comau.com\/de\/#\/schema\/logo\/image\/"},"sameAs":["https:\/\/www.facebook.com\/COMAU\/","https:\/\/x.com\/comaugroup","https:\/\/www.instagram.com\/comaugroup\/","https:\/\/www.linkedin.com\/company\/comau","https:\/\/www.youtube.com\/user\/comau"]}]}},"_links":{"self":[{"href":"https:\/\/www.comau.com\/de\/wp-json\/wp\/v2\/pages\/5034","targetHints":{"allow":["GET"]}}],"collection":[{"href":"https:\/\/www.comau.com\/de\/wp-json\/wp\/v2\/pages"}],"about":[{"href":"https:\/\/www.comau.com\/de\/wp-json\/wp\/v2\/types\/page"}],"author":[{"embeddable":true,"href":"https:\/\/www.comau.com\/de\/wp-json\/wp\/v2\/users\/11"}],"replies":[{"embeddable":true,"href":"https:\/\/www.comau.com\/de\/wp-json\/wp\/v2\/comments?post=5034"}],"version-history":[{"count":25,"href":"https:\/\/www.comau.com\/de\/wp-json\/wp\/v2\/pages\/5034\/revisions"}],"predecessor-version":[{"id":41712,"href":"https:\/\/www.comau.com\/de\/wp-json\/wp\/v2\/pages\/5034\/revisions\/41712"}],"up":[{"embeddable":true,"href":"https:\/\/www.comau.com\/de\/wp-json\/wp\/v2\/pages\/4811"}],"wp:featuredmedia":[{"embeddable":true,"href":"https:\/\/www.comau.com\/de\/wp-json\/wp\/v2\/media\/5070"}],"wp:attachment":[{"href":"https:\/\/www.comau.com\/de\/wp-json\/wp\/v2\/media?parent=5034"}],"curies":[{"name":"wp","href":"https:\/\/api.w.org\/{rel}","templated":true}]}}