{"id":4965,"date":"2021-06-07T18:32:55","date_gmt":"2021-06-07T16:32:55","guid":{"rendered":"https:\/\/www.comau.com\/?page_id=4965"},"modified":"2021-07-19T22:52:01","modified_gmt":"2021-07-19T20:52:01","slug":"spot-welding-machine","status":"publish","type":"page","link":"https:\/\/www.comau.com\/de\/competencies\/systems\/loesungen\/products\/spot-welding-machine\/","title":{"rendered":"Spot Welding Machine"},"content":{"rendered":"\n<p>\u200bDie Verschmelzung von Roboter und Schwei\u00dfpistole. Diese einzigartige Kombination er\u00f6ffnet eine neue Dimension in der Punktschwei\u00dftechnik.<\/p>\n\n<p>Die Punktschwei\u00dfmaschine ist eine leichte, kompakte L\u00f6sung f\u00fcr Schwei\u00dfzellen und stationen.<\/p>\n\n<p>Als produktive, zuverl\u00e4ssige und effiziente Maschine erf\u00fcllt sie perfekt die Anforderungen des heutigen globalen Marktes \u2013 im Einklang mit Comaus Vision einer l\u00f6sungsorientierten Evolution in der Welt der industriellen Technologie.<\/p>\n\n<p>Die Punktschwei\u00dfmaschine \u00f6ffnet die T\u00fcr zu einem neuen Paradigma in der Schwei\u00dftechnik. Es ist heute m\u00f6glich, neue Schwei\u00dfzellen und -stationen zu erstellen, die hochdicht sind, um die Anzahl gleichzeitig agierender Roboter zu erh\u00f6hen. <\/p>\n\n<h2 class=\"wp-block-heading\">Ergebnisse<\/h2>\n\n<ul class=\"wp-block-list\"><li>H\u00f6here Effizienz<\/li><li>Geringere Betriebskosten<\/li><li>K\u00fcrzere Taktzeiten<\/li><\/ul>\n\n<p>Die Punktschwei\u00dfmaschine kann am Boden oder an der Decke montiert werden. Die Zelle kann als komplette Einheit an jeden beliebigen Ort auf der Welt transportiert und dort installiert werden, was eine optimale Modularit\u00e4t und Standardisierung betrieblicher Abl\u00e4ufe auf globaler Ebene erm\u00f6glicht.<\/p>\n\n<p>Dieses integrierte System besteht aus einer Schwei\u00dfpistole, bei der der Flansch direkt mit dem Roboter verbunden ist, ohne dass ein Adaptersatz erforderlich ist.<\/p>\n\n<p>Die Schwei\u00dfpistole hat einen leichteren Transformator, der gegen\u00fcber fr\u00fcheren Modellen um 90\u00b0 gedreht ist. Dadurch konnten die Geh\u00e4useabmessungen verringert und der Schwerpunkt n\u00e4her zum Handgelenk des Roboters verlagert werden. <\/p>\n\n<h2 class=\"wp-block-heading\">Merkmale<\/h2>\n\n<h3 class=\"wp-block-heading\">Schwei\u00dfpistole<\/h3>\n\n<ul class=\"wp-block-list\"><li>Transformator: 106 kVA <\/li><li>Servomotor:<br\/>&#8211; 450 daNm max. bei Pistole X<br\/>&#8211; 700 daN max. bei Pistole C<\/li><li>Auflager: Fortal HR 70705 &#8211; T651 <\/li><li>Ein neuer Standard, der sogar als Nachr\u00fcstung bei allen Robotern installiert und benutzt werden kann. <\/li><\/ul>\n\n<p>erbesserungen an der Punktschwei\u00dfmaschine von Comau haben zur Entwicklung eines extrem kompakten und leichten Roboters gef\u00fchrt, der \u00fcber dieselben Funktionsarmoptionen wie der standardm\u00e4\u00dfige Hollow Wrist-Roboter verf\u00fcgt.<\/p>\n\n<h3 class=\"wp-block-heading\">Roboter<\/h3>\n\n<ul class=\"wp-block-list\"><li>Nutzlast: 90 kg<\/li><li>Max. Reichweite: 2,2 m<\/li><li>Gewicht: 600-650 kg<\/li><li>Comau Hollow Wrist \u2013 Integrierte Schwei\u00dfpistole<\/li><\/ul>\n\n<h2 class=\"wp-block-heading\">Technische und operative Merkmale<\/h2>\n\n<figure class=\"wp-block-table is-style-stripes\"><table><thead><tr><th><\/th><th>COMAU NJ4 90 2.2<\/th><th>COMAU NJ4 175 2.2<\/th><\/tr><\/thead><tbody><tr><td>Ax1 Geschwindigkeit [\u00b0\/s]<\/td><td>170<\/td><td>110<\/td><\/tr><tr><td>Ax2 Geschwindigkeit [\u00b0\/s]<\/td><td>125<\/td><td>110<\/td><\/tr><tr><td>Ax3 Geschwindigkeit [\u00b0\/s]<\/td><td>160<\/td><td>110<\/td><\/tr><tr><td>Ax4 Geschwindigkeit [\u00b0\/s]<\/td><td>200<\/td><td>180<\/td><\/tr><tr><td>Ax5 Geschwindigkeit [\u00b0\/s]<\/td><td>260<\/td><td>140<\/td><\/tr><tr><td>Ax6 Geschwindigkeit [\u00b0\/s]<\/td><td>255<\/td><td>190<\/td><\/tr><tr><td>Reichweite [mm]<\/td><td>2220<\/td><td>2206<\/td><\/tr><tr><td>Robot Robotergewicht [kg]<\/td><td>630<\/td><td>1080<\/td><\/tr><\/tbody><\/table><\/figure>\n\n<figure class=\"wp-block-embed is-type-video is-provider-youtube wp-block-embed-youtube wp-embed-aspect-16-9 wp-has-aspect-ratio\"><div class=\"wp-block-embed__wrapper\">\n<iframe title=\"Comau Spot Welding Machine\" width=\"640\" height=\"360\" src=\"https:\/\/www.youtube.com\/embed\/GFYDuBdj93Y?feature=oembed\" frameborder=\"0\" allow=\"accelerometer; autoplay; clipboard-write; encrypted-media; gyroscope; picture-in-picture; web-share\" referrerpolicy=\"strict-origin-when-cross-origin\" allowfullscreen><\/iframe>\n<\/div><\/figure>\n","protected":false},"excerpt":{"rendered":"<p>\u200bDie Verschmelzung von Roboter und Schwei\u00dfpistole. Diese einzigartige Kombination er\u00f6ffnet eine neue Dimension in der Punktschwei\u00dftechnik. Die Punktschwei\u00dfmaschine ist eine leichte, kompakte L\u00f6sung f\u00fcr Schwei\u00dfzellen und stationen. Als produktive, zuverl\u00e4ssige und effiziente Maschine erf\u00fcllt sie perfekt die Anforderungen des heutigen globalen Marktes \u2013 im Einklang mit Comaus Vision einer l\u00f6sungsorientierten Evolution in der Welt der [&hellip;]<\/p>\n","protected":false},"author":11,"featured_media":78008,"parent":4831,"menu_order":0,"comment_status":"closed","ping_status":"closed","template":"","meta":{"_acf_changed":false,"ep_exclude_from_search":false,"footnotes":""},"class_list":["post-4965","page","type-page","status-publish","has-post-thumbnail","hentry"],"acf":[],"yoast_head":"<!-- This site is optimized with the Yoast SEO plugin v26.9 - https:\/\/yoast.com\/product\/yoast-seo-wordpress\/ -->\n<title>Spot Welding Machine - Comau<\/title>\n<meta name=\"robots\" content=\"index, follow, max-snippet:-1, max-image-preview:large, max-video-preview:-1\" \/>\n<link rel=\"canonical\" href=\"https:\/\/www.comau.com\/de\/competencies\/systems\/loesungen\/products\/spot-welding-machine\/\" \/>\n<meta property=\"og:locale\" content=\"de_DE\" \/>\n<meta property=\"og:type\" content=\"article\" \/>\n<meta property=\"og:title\" content=\"Spot Welding Machine - Comau\" \/>\n<meta property=\"og:description\" content=\"\u200bDie Verschmelzung von Roboter und Schwei\u00dfpistole. Diese einzigartige Kombination er\u00f6ffnet eine neue Dimension in der Punktschwei\u00dftechnik. Die Punktschwei\u00dfmaschine ist eine leichte, kompakte L\u00f6sung f\u00fcr Schwei\u00dfzellen und stationen. Als produktive, zuverl\u00e4ssige und effiziente Maschine erf\u00fcllt sie perfekt die Anforderungen des heutigen globalen Marktes \u2013 im Einklang mit Comaus Vision einer l\u00f6sungsorientierten Evolution in der Welt der [&hellip;]\" \/>\n<meta property=\"og:url\" content=\"https:\/\/www.comau.com\/de\/competencies\/systems\/loesungen\/products\/spot-welding-machine\/\" \/>\n<meta property=\"og:site_name\" content=\"Comau\" \/>\n<meta property=\"article:publisher\" content=\"https:\/\/www.facebook.com\/COMAU\/\" \/>\n<meta property=\"article:modified_time\" content=\"2021-07-19T20:52:01+00:00\" \/>\n<meta property=\"og:image\" content=\"https:\/\/www.comau.com\/wp-content\/uploads\/2021\/06\/spot-welding_header.jpg\" \/>\n\t<meta property=\"og:image:width\" content=\"1280\" \/>\n\t<meta property=\"og:image:height\" content=\"485\" \/>\n\t<meta property=\"og:image:type\" content=\"image\/jpeg\" \/>\n<meta name=\"twitter:card\" content=\"summary_large_image\" \/>\n<meta name=\"twitter:site\" content=\"@comaugroup\" \/>\n<meta name=\"twitter:label1\" content=\"Gesch\u00e4tzte Lesezeit\" \/>\n\t<meta name=\"twitter:data1\" content=\"2\u00a0Minuten\" \/>\n<script type=\"application\/ld+json\" class=\"yoast-schema-graph\">{\"@context\":\"https:\/\/schema.org\",\"@graph\":[{\"@type\":\"WebPage\",\"@id\":\"https:\/\/www.comau.com\/de\/competencies\/systems\/loesungen\/products\/spot-welding-machine\/\",\"url\":\"https:\/\/www.comau.com\/de\/competencies\/systems\/loesungen\/products\/spot-welding-machine\/\",\"name\":\"Spot Welding Machine - Comau\",\"isPartOf\":{\"@id\":\"https:\/\/www.comau.com\/de\/#website\"},\"primaryImageOfPage\":{\"@id\":\"https:\/\/www.comau.com\/de\/competencies\/systems\/loesungen\/products\/spot-welding-machine\/#primaryimage\"},\"image\":{\"@id\":\"https:\/\/www.comau.com\/de\/competencies\/systems\/loesungen\/products\/spot-welding-machine\/#primaryimage\"},\"thumbnailUrl\":\"https:\/\/www.comau.com\/wp-content\/uploads\/2025\/06\/Featured-Header-Image-1920x606-Spot-Welding-Machine.jpg\",\"datePublished\":\"2021-06-07T16:32:55+00:00\",\"dateModified\":\"2021-07-19T20:52:01+00:00\",\"breadcrumb\":{\"@id\":\"https:\/\/www.comau.com\/de\/competencies\/systems\/loesungen\/products\/spot-welding-machine\/#breadcrumb\"},\"inLanguage\":\"de\",\"potentialAction\":[{\"@type\":\"ReadAction\",\"target\":[\"https:\/\/www.comau.com\/de\/competencies\/systems\/loesungen\/products\/spot-welding-machine\/\"]}]},{\"@type\":\"ImageObject\",\"inLanguage\":\"de\",\"@id\":\"https:\/\/www.comau.com\/de\/competencies\/systems\/loesungen\/products\/spot-welding-machine\/#primaryimage\",\"url\":\"https:\/\/www.comau.com\/wp-content\/uploads\/2025\/06\/Featured-Header-Image-1920x606-Spot-Welding-Machine.jpg\",\"contentUrl\":\"https:\/\/www.comau.com\/wp-content\/uploads\/2025\/06\/Featured-Header-Image-1920x606-Spot-Welding-Machine.jpg\",\"width\":1920,\"height\":606},{\"@type\":\"BreadcrumbList\",\"@id\":\"https:\/\/www.comau.com\/de\/competencies\/systems\/loesungen\/products\/spot-welding-machine\/#breadcrumb\",\"itemListElement\":[{\"@type\":\"ListItem\",\"position\":1,\"name\":\"Home\",\"item\":\"https:\/\/www.comau.com\/de\/\"},{\"@type\":\"ListItem\",\"position\":2,\"name\":\"Unsere Kompetenzen\",\"item\":\"https:\/\/www.comau.com\/de\/competencies\/\"},{\"@type\":\"ListItem\",\"position\":3,\"name\":\"Body Assembly\",\"item\":\"https:\/\/www.comau.com\/de\/competencies\/body-assembly\/\"},{\"@type\":\"ListItem\",\"position\":4,\"name\":\"Produkte\",\"item\":\"https:\/\/www.comau.com\/de\/competencies\/body-assembly\/products\/\"},{\"@type\":\"ListItem\",\"position\":5,\"name\":\"Spot Welding Machine\"}]},{\"@type\":\"WebSite\",\"@id\":\"https:\/\/www.comau.com\/de\/#website\",\"url\":\"https:\/\/www.comau.com\/de\/\",\"name\":\"Comau\",\"description\":\"Industrial automation and robotics\",\"publisher\":{\"@id\":\"https:\/\/www.comau.com\/de\/#organization\"},\"potentialAction\":[{\"@type\":\"SearchAction\",\"target\":{\"@type\":\"EntryPoint\",\"urlTemplate\":\"https:\/\/www.comau.com\/de\/?s={search_term_string}\"},\"query-input\":{\"@type\":\"PropertyValueSpecification\",\"valueRequired\":true,\"valueName\":\"search_term_string\"}}],\"inLanguage\":\"de\"},{\"@type\":\"Organization\",\"@id\":\"https:\/\/www.comau.com\/de\/#organization\",\"name\":\"Comau\",\"url\":\"https:\/\/www.comau.com\/de\/\",\"logo\":{\"@type\":\"ImageObject\",\"inLanguage\":\"de\",\"@id\":\"https:\/\/www.comau.com\/de\/#\/schema\/logo\/image\/\",\"url\":\"https:\/\/www.comau.com\/wp-content\/uploads\/2024\/07\/cropped-Logo-COMAU.png\",\"contentUrl\":\"https:\/\/www.comau.com\/wp-content\/uploads\/2024\/07\/cropped-Logo-COMAU.png\",\"width\":434,\"height\":434,\"caption\":\"Comau\"},\"image\":{\"@id\":\"https:\/\/www.comau.com\/de\/#\/schema\/logo\/image\/\"},\"sameAs\":[\"https:\/\/www.facebook.com\/COMAU\/\",\"https:\/\/x.com\/comaugroup\",\"https:\/\/www.instagram.com\/comaugroup\/\",\"https:\/\/www.linkedin.com\/company\/comau\",\"https:\/\/www.youtube.com\/user\/comau\"]}]}<\/script>\n<!-- \/ Yoast SEO plugin. -->","yoast_head_json":{"title":"Spot Welding Machine - Comau","robots":{"index":"index","follow":"follow","max-snippet":"max-snippet:-1","max-image-preview":"max-image-preview:large","max-video-preview":"max-video-preview:-1"},"canonical":"https:\/\/www.comau.com\/de\/competencies\/systems\/loesungen\/products\/spot-welding-machine\/","og_locale":"de_DE","og_type":"article","og_title":"Spot Welding Machine - Comau","og_description":"\u200bDie Verschmelzung von Roboter und Schwei\u00dfpistole. Diese einzigartige Kombination er\u00f6ffnet eine neue Dimension in der Punktschwei\u00dftechnik. Die Punktschwei\u00dfmaschine ist eine leichte, kompakte L\u00f6sung f\u00fcr Schwei\u00dfzellen und stationen. Als produktive, zuverl\u00e4ssige und effiziente Maschine erf\u00fcllt sie perfekt die Anforderungen des heutigen globalen Marktes \u2013 im Einklang mit Comaus Vision einer l\u00f6sungsorientierten Evolution in der Welt der [&hellip;]","og_url":"https:\/\/www.comau.com\/de\/competencies\/systems\/loesungen\/products\/spot-welding-machine\/","og_site_name":"Comau","article_publisher":"https:\/\/www.facebook.com\/COMAU\/","article_modified_time":"2021-07-19T20:52:01+00:00","og_image":[{"width":1280,"height":485,"url":"https:\/\/www.comau.com\/wp-content\/uploads\/2021\/06\/spot-welding_header.jpg","type":"image\/jpeg"}],"twitter_card":"summary_large_image","twitter_site":"@comaugroup","twitter_misc":{"Gesch\u00e4tzte Lesezeit":"2\u00a0Minuten"},"schema":{"@context":"https:\/\/schema.org","@graph":[{"@type":"WebPage","@id":"https:\/\/www.comau.com\/de\/competencies\/systems\/loesungen\/products\/spot-welding-machine\/","url":"https:\/\/www.comau.com\/de\/competencies\/systems\/loesungen\/products\/spot-welding-machine\/","name":"Spot Welding Machine - Comau","isPartOf":{"@id":"https:\/\/www.comau.com\/de\/#website"},"primaryImageOfPage":{"@id":"https:\/\/www.comau.com\/de\/competencies\/systems\/loesungen\/products\/spot-welding-machine\/#primaryimage"},"image":{"@id":"https:\/\/www.comau.com\/de\/competencies\/systems\/loesungen\/products\/spot-welding-machine\/#primaryimage"},"thumbnailUrl":"https:\/\/www.comau.com\/wp-content\/uploads\/2025\/06\/Featured-Header-Image-1920x606-Spot-Welding-Machine.jpg","datePublished":"2021-06-07T16:32:55+00:00","dateModified":"2021-07-19T20:52:01+00:00","breadcrumb":{"@id":"https:\/\/www.comau.com\/de\/competencies\/systems\/loesungen\/products\/spot-welding-machine\/#breadcrumb"},"inLanguage":"de","potentialAction":[{"@type":"ReadAction","target":["https:\/\/www.comau.com\/de\/competencies\/systems\/loesungen\/products\/spot-welding-machine\/"]}]},{"@type":"ImageObject","inLanguage":"de","@id":"https:\/\/www.comau.com\/de\/competencies\/systems\/loesungen\/products\/spot-welding-machine\/#primaryimage","url":"https:\/\/www.comau.com\/wp-content\/uploads\/2025\/06\/Featured-Header-Image-1920x606-Spot-Welding-Machine.jpg","contentUrl":"https:\/\/www.comau.com\/wp-content\/uploads\/2025\/06\/Featured-Header-Image-1920x606-Spot-Welding-Machine.jpg","width":1920,"height":606},{"@type":"BreadcrumbList","@id":"https:\/\/www.comau.com\/de\/competencies\/systems\/loesungen\/products\/spot-welding-machine\/#breadcrumb","itemListElement":[{"@type":"ListItem","position":1,"name":"Home","item":"https:\/\/www.comau.com\/de\/"},{"@type":"ListItem","position":2,"name":"Unsere Kompetenzen","item":"https:\/\/www.comau.com\/de\/competencies\/"},{"@type":"ListItem","position":3,"name":"Body Assembly","item":"https:\/\/www.comau.com\/de\/competencies\/body-assembly\/"},{"@type":"ListItem","position":4,"name":"Produkte","item":"https:\/\/www.comau.com\/de\/competencies\/body-assembly\/products\/"},{"@type":"ListItem","position":5,"name":"Spot Welding Machine"}]},{"@type":"WebSite","@id":"https:\/\/www.comau.com\/de\/#website","url":"https:\/\/www.comau.com\/de\/","name":"Comau","description":"Industrial automation and robotics","publisher":{"@id":"https:\/\/www.comau.com\/de\/#organization"},"potentialAction":[{"@type":"SearchAction","target":{"@type":"EntryPoint","urlTemplate":"https:\/\/www.comau.com\/de\/?s={search_term_string}"},"query-input":{"@type":"PropertyValueSpecification","valueRequired":true,"valueName":"search_term_string"}}],"inLanguage":"de"},{"@type":"Organization","@id":"https:\/\/www.comau.com\/de\/#organization","name":"Comau","url":"https:\/\/www.comau.com\/de\/","logo":{"@type":"ImageObject","inLanguage":"de","@id":"https:\/\/www.comau.com\/de\/#\/schema\/logo\/image\/","url":"https:\/\/www.comau.com\/wp-content\/uploads\/2024\/07\/cropped-Logo-COMAU.png","contentUrl":"https:\/\/www.comau.com\/wp-content\/uploads\/2024\/07\/cropped-Logo-COMAU.png","width":434,"height":434,"caption":"Comau"},"image":{"@id":"https:\/\/www.comau.com\/de\/#\/schema\/logo\/image\/"},"sameAs":["https:\/\/www.facebook.com\/COMAU\/","https:\/\/x.com\/comaugroup","https:\/\/www.instagram.com\/comaugroup\/","https:\/\/www.linkedin.com\/company\/comau","https:\/\/www.youtube.com\/user\/comau"]}]}},"_links":{"self":[{"href":"https:\/\/www.comau.com\/de\/wp-json\/wp\/v2\/pages\/4965","targetHints":{"allow":["GET"]}}],"collection":[{"href":"https:\/\/www.comau.com\/de\/wp-json\/wp\/v2\/pages"}],"about":[{"href":"https:\/\/www.comau.com\/de\/wp-json\/wp\/v2\/types\/page"}],"author":[{"embeddable":true,"href":"https:\/\/www.comau.com\/de\/wp-json\/wp\/v2\/users\/11"}],"replies":[{"embeddable":true,"href":"https:\/\/www.comau.com\/de\/wp-json\/wp\/v2\/comments?post=4965"}],"version-history":[{"count":40,"href":"https:\/\/www.comau.com\/de\/wp-json\/wp\/v2\/pages\/4965\/revisions"}],"predecessor-version":[{"id":29317,"href":"https:\/\/www.comau.com\/de\/wp-json\/wp\/v2\/pages\/4965\/revisions\/29317"}],"up":[{"embeddable":true,"href":"https:\/\/www.comau.com\/de\/wp-json\/wp\/v2\/pages\/4831"}],"wp:featuredmedia":[{"embeddable":true,"href":"https:\/\/www.comau.com\/de\/wp-json\/wp\/v2\/media\/78008"}],"wp:attachment":[{"href":"https:\/\/www.comau.com\/de\/wp-json\/wp\/v2\/media?parent=4965"}],"curies":[{"name":"wp","href":"https:\/\/api.w.org\/{rel}","templated":true}]}}