{"id":4932,"date":"2021-06-07T18:21:47","date_gmt":"2021-06-07T16:21:47","guid":{"rendered":"https:\/\/www.comau.com\/?page_id=4932"},"modified":"2022-02-03T17:51:32","modified_gmt":"2022-02-03T16:51:32","slug":"rhevo","status":"publish","type":"page","link":"https:\/\/www.comau.com\/de\/competencies\/systems\/loesungen\/products\/rhevo\/","title":{"rendered":"RHEvo"},"content":{"rendered":"\n<p>Stellen Sie sich eine modulare, kompakte und inh\u00e4rent flexible L\u00f6sung vor, die sehr komplexe Elemente \u00fcber mehrere Fertigungslinien hinweg falzen und sowohl im Push- als auch Pull-Modus arbeiten kann. <\/p>\n\n\n\n<p>Stellen Sie sich mehr Flexibilit\u00e4t bei gleichzeitig h\u00f6herer Nahtqualit\u00e4t und zuverl\u00e4ssigkeit vor. Stellen Sie sich vor, die vollst\u00e4ndige Kontrolle \u00fcber den gesamten Prozess zu haben. <\/p>\n\n\n\n<p>Stellen Sie sich vor, die Kleinserienproduktion von Luxusautos genauso problemlos wie dynamische Fertigungslinien f\u00fcr Gro\u00dfserien unterst\u00fctzen zu k\u00f6nnen.<\/p>\n\n\n\n<p>Stellen Sie sich RHEvo vor.<\/p>\n\n\n\n<div class=\"wp-block-getwid-toggle download-dropdown has-icon-left\">\n<div class=\"wp-block-getwid-toggle__row\"><div class=\"wp-block-getwid-toggle__header-wrapper\"><span class=\"wp-block-getwid-toggle__header\"><a href=\"#\"><span class=\"wp-block-getwid-toggle__header-title\">Download the brochure<\/span><span class=\"wp-block-getwid-toggle__icon is-active\"><i class=\"fas fa-plus\"><\/i><\/span><span class=\"wp-block-getwid-toggle__icon is-passive\"><i class=\"fas fa-minus\"><\/i><\/span><\/a><\/span><\/div><div class=\"wp-block-getwid-toggle__content-wrapper\"><div class=\"wp-block-getwid-toggle__content\">\n<div class=\"wp-block-getwid-button-group\"><div class=\"wp-block-getwid-button-group__wrapper\">\n<div class=\"wp-block-button\"><a class=\"wp-block-button__link\" href=\"https:\/\/www.comau.com\/wp-content\/uploads\/2021\/06\/RHevo.pdf\" target=\"_blank\" rel=\"noreferrer noopener\">RHEvo<\/a><\/div>\n<\/div><\/div>\n<\/div><\/div><\/div>\n<\/div>\n\n\n\n<h2 class=\"wp-block-heading\" id=\"losungen\">L\u00f6sungen<\/h2>\n\n\n\n<p>RHEvo ist eine innovative Rollfalzl\u00f6sung, die eine dauerhaft einheitliche Falzqualit\u00e4t bei hoher Zuverl\u00e4ssigkeit, vollst\u00e4ndiger Prozesskontrolle und optimierter Austauschbarkeit der Walzenpakete garantiert. Es ist zudem ein Einzelwerkzeug, das sich an einen beliebigen Markenroboter anpassen l\u00e4sst und es Herstellern erm\u00f6glicht, ihre gesamte Palette von Falzanwendungen zu nutzen, ohne Ver\u00e4nderungen an der Roboterausr\u00fcstung vornehmen zu m\u00fcssen. Dar\u00fcber hinaus gestattet das modulare System, Ersatzteile besser zu verwalten und auszutauschen, was sich wiederum in einer k\u00fcrzeren Stillstandzeit und h\u00f6heren Effizienz niederschl\u00e4gt.<\/p>\n\n\n\n<h2 class=\"wp-block-heading\" id=\"vorteile\">Vorteile<\/h2>\n\n\n\n<ul class=\"wp-block-list\"><li>Kein Robot Dressing f\u00fcr maximale Roboterzug\u00e4nglichkeit<\/li><li>Vollst\u00e4ndige Kraftkontrolle dank rein mechanischer Struktur<\/li><li>Effektivdruck \u00fcber die Nutzungsdauer<\/li><li>Push-Pull-Struktur f\u00fcr extreme Flexibilit\u00e4t bei einfachem Ersatzteilmanagement<\/li><li>Wireless-System zur \u00dcberwachung der Hemming Tracker-Qualit\u00e4t<\/li><\/ul>\n\n\n\n<figure class=\"wp-block-embed is-type-video is-provider-youtube wp-block-embed-youtube wp-embed-aspect-16-9 wp-has-aspect-ratio\"><div class=\"wp-block-embed__wrapper\">\n<iframe title=\"Robot Roller Hemming: Comau RHEvo\" width=\"640\" height=\"360\" src=\"https:\/\/www.youtube.com\/embed\/o3v_I82o3FU?feature=oembed\" frameborder=\"0\" allow=\"accelerometer; autoplay; clipboard-write; encrypted-media; gyroscope; picture-in-picture; web-share\" referrerpolicy=\"strict-origin-when-cross-origin\" allowfullscreen><\/iframe>\n<\/div><\/figure>\n","protected":false},"excerpt":{"rendered":"<p>Stellen Sie sich eine modulare, kompakte und inh\u00e4rent flexible L\u00f6sung vor, die sehr komplexe Elemente \u00fcber mehrere Fertigungslinien hinweg falzen und sowohl im Push- als auch Pull-Modus arbeiten kann. Stellen Sie sich mehr Flexibilit\u00e4t bei gleichzeitig h\u00f6herer Nahtqualit\u00e4t und zuverl\u00e4ssigkeit vor. Stellen Sie sich vor, die vollst\u00e4ndige Kontrolle \u00fcber den gesamten Prozess zu haben. Stellen [&hellip;]<\/p>\n","protected":false},"author":11,"featured_media":4945,"parent":4831,"menu_order":0,"comment_status":"closed","ping_status":"closed","template":"","meta":{"_acf_changed":false,"ep_exclude_from_search":false,"footnotes":""},"class_list":["post-4932","page","type-page","status-publish","has-post-thumbnail","hentry"],"acf":[],"yoast_head":"<!-- This site is optimized with the Yoast SEO plugin v26.9 - https:\/\/yoast.com\/product\/yoast-seo-wordpress\/ -->\n<title>RHEvo: Rollfalzl\u00f6sung | Comau<\/title>\n<meta name=\"description\" content=\"RHEvo steht f\u00fcr Roller Hemming Evolution: Eine innovative Rollfalzl\u00f6sung, die w\u00e4hrend des gesamten Prozesses die gleiche Falzqualit\u00e4t garantiert.\" \/>\n<meta name=\"robots\" content=\"index, follow, max-snippet:-1, max-image-preview:large, max-video-preview:-1\" \/>\n<link rel=\"canonical\" href=\"https:\/\/www.comau.com\/de\/competencies\/systems\/loesungen\/products\/rhevo\/\" \/>\n<meta property=\"og:locale\" content=\"de_DE\" \/>\n<meta property=\"og:type\" content=\"article\" \/>\n<meta property=\"og:title\" content=\"RHEvo: Rollfalzl\u00f6sung | Comau\" \/>\n<meta property=\"og:description\" content=\"RHEvo steht f\u00fcr Roller Hemming Evolution: Eine innovative Rollfalzl\u00f6sung, die w\u00e4hrend des gesamten Prozesses die gleiche Falzqualit\u00e4t garantiert.\" \/>\n<meta property=\"og:url\" content=\"https:\/\/www.comau.com\/de\/competencies\/systems\/loesungen\/products\/rhevo\/\" \/>\n<meta property=\"og:site_name\" content=\"Comau\" \/>\n<meta property=\"article:publisher\" content=\"https:\/\/www.facebook.com\/COMAU\/\" \/>\n<meta property=\"article:modified_time\" content=\"2022-02-03T16:51:32+00:00\" \/>\n<meta property=\"og:image\" content=\"https:\/\/www.comau.com\/wp-content\/uploads\/2021\/06\/rhevo_header.jpg\" \/>\n\t<meta property=\"og:image:width\" content=\"1280\" \/>\n\t<meta property=\"og:image:height\" content=\"485\" \/>\n\t<meta property=\"og:image:type\" content=\"image\/jpeg\" \/>\n<meta name=\"twitter:card\" content=\"summary_large_image\" \/>\n<meta name=\"twitter:site\" content=\"@comaugroup\" \/>\n<meta name=\"twitter:label1\" content=\"Gesch\u00e4tzte Lesezeit\" \/>\n\t<meta name=\"twitter:data1\" content=\"1\u00a0Minute\" \/>\n<script type=\"application\/ld+json\" class=\"yoast-schema-graph\">{\"@context\":\"https:\/\/schema.org\",\"@graph\":[{\"@type\":\"WebPage\",\"@id\":\"https:\/\/www.comau.com\/de\/competencies\/systems\/loesungen\/products\/rhevo\/\",\"url\":\"https:\/\/www.comau.com\/de\/competencies\/systems\/loesungen\/products\/rhevo\/\",\"name\":\"RHEvo: Rollfalzl\u00f6sung | Comau\",\"isPartOf\":{\"@id\":\"https:\/\/www.comau.com\/de\/#website\"},\"primaryImageOfPage\":{\"@id\":\"https:\/\/www.comau.com\/de\/competencies\/systems\/loesungen\/products\/rhevo\/#primaryimage\"},\"image\":{\"@id\":\"https:\/\/www.comau.com\/de\/competencies\/systems\/loesungen\/products\/rhevo\/#primaryimage\"},\"thumbnailUrl\":\"https:\/\/www.comau.com\/wp-content\/uploads\/2021\/06\/rhevo_header.jpg\",\"datePublished\":\"2021-06-07T16:21:47+00:00\",\"dateModified\":\"2022-02-03T16:51:32+00:00\",\"description\":\"RHEvo steht f\u00fcr Roller Hemming Evolution: Eine innovative Rollfalzl\u00f6sung, die w\u00e4hrend des gesamten Prozesses die gleiche Falzqualit\u00e4t garantiert.\",\"breadcrumb\":{\"@id\":\"https:\/\/www.comau.com\/de\/competencies\/systems\/loesungen\/products\/rhevo\/#breadcrumb\"},\"inLanguage\":\"de\",\"potentialAction\":[{\"@type\":\"ReadAction\",\"target\":[\"https:\/\/www.comau.com\/de\/competencies\/systems\/loesungen\/products\/rhevo\/\"]}]},{\"@type\":\"ImageObject\",\"inLanguage\":\"de\",\"@id\":\"https:\/\/www.comau.com\/de\/competencies\/systems\/loesungen\/products\/rhevo\/#primaryimage\",\"url\":\"https:\/\/www.comau.com\/wp-content\/uploads\/2021\/06\/rhevo_header.jpg\",\"contentUrl\":\"https:\/\/www.comau.com\/wp-content\/uploads\/2021\/06\/rhevo_header.jpg\",\"width\":1280,\"height\":485},{\"@type\":\"BreadcrumbList\",\"@id\":\"https:\/\/www.comau.com\/de\/competencies\/systems\/loesungen\/products\/rhevo\/#breadcrumb\",\"itemListElement\":[{\"@type\":\"ListItem\",\"position\":1,\"name\":\"Home\",\"item\":\"https:\/\/www.comau.com\/de\/\"},{\"@type\":\"ListItem\",\"position\":2,\"name\":\"Unsere Kompetenzen\",\"item\":\"https:\/\/www.comau.com\/de\/competencies\/\"},{\"@type\":\"ListItem\",\"position\":3,\"name\":\"Body Assembly\",\"item\":\"https:\/\/www.comau.com\/de\/competencies\/body-assembly\/\"},{\"@type\":\"ListItem\",\"position\":4,\"name\":\"Produkte\",\"item\":\"https:\/\/www.comau.com\/de\/competencies\/body-assembly\/products\/\"},{\"@type\":\"ListItem\",\"position\":5,\"name\":\"RHEvo\"}]},{\"@type\":\"WebSite\",\"@id\":\"https:\/\/www.comau.com\/de\/#website\",\"url\":\"https:\/\/www.comau.com\/de\/\",\"name\":\"Comau\",\"description\":\"Industrial automation and robotics\",\"publisher\":{\"@id\":\"https:\/\/www.comau.com\/de\/#organization\"},\"potentialAction\":[{\"@type\":\"SearchAction\",\"target\":{\"@type\":\"EntryPoint\",\"urlTemplate\":\"https:\/\/www.comau.com\/de\/?s={search_term_string}\"},\"query-input\":{\"@type\":\"PropertyValueSpecification\",\"valueRequired\":true,\"valueName\":\"search_term_string\"}}],\"inLanguage\":\"de\"},{\"@type\":\"Organization\",\"@id\":\"https:\/\/www.comau.com\/de\/#organization\",\"name\":\"Comau\",\"url\":\"https:\/\/www.comau.com\/de\/\",\"logo\":{\"@type\":\"ImageObject\",\"inLanguage\":\"de\",\"@id\":\"https:\/\/www.comau.com\/de\/#\/schema\/logo\/image\/\",\"url\":\"https:\/\/www.comau.com\/wp-content\/uploads\/2024\/07\/cropped-Logo-COMAU.png\",\"contentUrl\":\"https:\/\/www.comau.com\/wp-content\/uploads\/2024\/07\/cropped-Logo-COMAU.png\",\"width\":434,\"height\":434,\"caption\":\"Comau\"},\"image\":{\"@id\":\"https:\/\/www.comau.com\/de\/#\/schema\/logo\/image\/\"},\"sameAs\":[\"https:\/\/www.facebook.com\/COMAU\/\",\"https:\/\/x.com\/comaugroup\",\"https:\/\/www.instagram.com\/comaugroup\/\",\"https:\/\/www.linkedin.com\/company\/comau\",\"https:\/\/www.youtube.com\/user\/comau\"]}]}<\/script>\n<!-- \/ Yoast SEO plugin. -->","yoast_head_json":{"title":"RHEvo: Rollfalzl\u00f6sung | Comau","description":"RHEvo steht f\u00fcr Roller Hemming Evolution: Eine innovative Rollfalzl\u00f6sung, die w\u00e4hrend des gesamten Prozesses die gleiche Falzqualit\u00e4t garantiert.","robots":{"index":"index","follow":"follow","max-snippet":"max-snippet:-1","max-image-preview":"max-image-preview:large","max-video-preview":"max-video-preview:-1"},"canonical":"https:\/\/www.comau.com\/de\/competencies\/systems\/loesungen\/products\/rhevo\/","og_locale":"de_DE","og_type":"article","og_title":"RHEvo: Rollfalzl\u00f6sung | Comau","og_description":"RHEvo steht f\u00fcr Roller Hemming Evolution: Eine innovative Rollfalzl\u00f6sung, die w\u00e4hrend des gesamten Prozesses die gleiche Falzqualit\u00e4t garantiert.","og_url":"https:\/\/www.comau.com\/de\/competencies\/systems\/loesungen\/products\/rhevo\/","og_site_name":"Comau","article_publisher":"https:\/\/www.facebook.com\/COMAU\/","article_modified_time":"2022-02-03T16:51:32+00:00","og_image":[{"width":1280,"height":485,"url":"https:\/\/www.comau.com\/wp-content\/uploads\/2021\/06\/rhevo_header.jpg","type":"image\/jpeg"}],"twitter_card":"summary_large_image","twitter_site":"@comaugroup","twitter_misc":{"Gesch\u00e4tzte Lesezeit":"1\u00a0Minute"},"schema":{"@context":"https:\/\/schema.org","@graph":[{"@type":"WebPage","@id":"https:\/\/www.comau.com\/de\/competencies\/systems\/loesungen\/products\/rhevo\/","url":"https:\/\/www.comau.com\/de\/competencies\/systems\/loesungen\/products\/rhevo\/","name":"RHEvo: Rollfalzl\u00f6sung | Comau","isPartOf":{"@id":"https:\/\/www.comau.com\/de\/#website"},"primaryImageOfPage":{"@id":"https:\/\/www.comau.com\/de\/competencies\/systems\/loesungen\/products\/rhevo\/#primaryimage"},"image":{"@id":"https:\/\/www.comau.com\/de\/competencies\/systems\/loesungen\/products\/rhevo\/#primaryimage"},"thumbnailUrl":"https:\/\/www.comau.com\/wp-content\/uploads\/2021\/06\/rhevo_header.jpg","datePublished":"2021-06-07T16:21:47+00:00","dateModified":"2022-02-03T16:51:32+00:00","description":"RHEvo steht f\u00fcr Roller Hemming Evolution: Eine innovative Rollfalzl\u00f6sung, die w\u00e4hrend des gesamten Prozesses die gleiche Falzqualit\u00e4t garantiert.","breadcrumb":{"@id":"https:\/\/www.comau.com\/de\/competencies\/systems\/loesungen\/products\/rhevo\/#breadcrumb"},"inLanguage":"de","potentialAction":[{"@type":"ReadAction","target":["https:\/\/www.comau.com\/de\/competencies\/systems\/loesungen\/products\/rhevo\/"]}]},{"@type":"ImageObject","inLanguage":"de","@id":"https:\/\/www.comau.com\/de\/competencies\/systems\/loesungen\/products\/rhevo\/#primaryimage","url":"https:\/\/www.comau.com\/wp-content\/uploads\/2021\/06\/rhevo_header.jpg","contentUrl":"https:\/\/www.comau.com\/wp-content\/uploads\/2021\/06\/rhevo_header.jpg","width":1280,"height":485},{"@type":"BreadcrumbList","@id":"https:\/\/www.comau.com\/de\/competencies\/systems\/loesungen\/products\/rhevo\/#breadcrumb","itemListElement":[{"@type":"ListItem","position":1,"name":"Home","item":"https:\/\/www.comau.com\/de\/"},{"@type":"ListItem","position":2,"name":"Unsere Kompetenzen","item":"https:\/\/www.comau.com\/de\/competencies\/"},{"@type":"ListItem","position":3,"name":"Body Assembly","item":"https:\/\/www.comau.com\/de\/competencies\/body-assembly\/"},{"@type":"ListItem","position":4,"name":"Produkte","item":"https:\/\/www.comau.com\/de\/competencies\/body-assembly\/products\/"},{"@type":"ListItem","position":5,"name":"RHEvo"}]},{"@type":"WebSite","@id":"https:\/\/www.comau.com\/de\/#website","url":"https:\/\/www.comau.com\/de\/","name":"Comau","description":"Industrial automation and robotics","publisher":{"@id":"https:\/\/www.comau.com\/de\/#organization"},"potentialAction":[{"@type":"SearchAction","target":{"@type":"EntryPoint","urlTemplate":"https:\/\/www.comau.com\/de\/?s={search_term_string}"},"query-input":{"@type":"PropertyValueSpecification","valueRequired":true,"valueName":"search_term_string"}}],"inLanguage":"de"},{"@type":"Organization","@id":"https:\/\/www.comau.com\/de\/#organization","name":"Comau","url":"https:\/\/www.comau.com\/de\/","logo":{"@type":"ImageObject","inLanguage":"de","@id":"https:\/\/www.comau.com\/de\/#\/schema\/logo\/image\/","url":"https:\/\/www.comau.com\/wp-content\/uploads\/2024\/07\/cropped-Logo-COMAU.png","contentUrl":"https:\/\/www.comau.com\/wp-content\/uploads\/2024\/07\/cropped-Logo-COMAU.png","width":434,"height":434,"caption":"Comau"},"image":{"@id":"https:\/\/www.comau.com\/de\/#\/schema\/logo\/image\/"},"sameAs":["https:\/\/www.facebook.com\/COMAU\/","https:\/\/x.com\/comaugroup","https:\/\/www.instagram.com\/comaugroup\/","https:\/\/www.linkedin.com\/company\/comau","https:\/\/www.youtube.com\/user\/comau"]}]}},"_links":{"self":[{"href":"https:\/\/www.comau.com\/de\/wp-json\/wp\/v2\/pages\/4932","targetHints":{"allow":["GET"]}}],"collection":[{"href":"https:\/\/www.comau.com\/de\/wp-json\/wp\/v2\/pages"}],"about":[{"href":"https:\/\/www.comau.com\/de\/wp-json\/wp\/v2\/types\/page"}],"author":[{"embeddable":true,"href":"https:\/\/www.comau.com\/de\/wp-json\/wp\/v2\/users\/11"}],"replies":[{"embeddable":true,"href":"https:\/\/www.comau.com\/de\/wp-json\/wp\/v2\/comments?post=4932"}],"version-history":[{"count":18,"href":"https:\/\/www.comau.com\/de\/wp-json\/wp\/v2\/pages\/4932\/revisions"}],"predecessor-version":[{"id":41755,"href":"https:\/\/www.comau.com\/de\/wp-json\/wp\/v2\/pages\/4932\/revisions\/41755"}],"up":[{"embeddable":true,"href":"https:\/\/www.comau.com\/de\/wp-json\/wp\/v2\/pages\/4831"}],"wp:featuredmedia":[{"embeddable":true,"href":"https:\/\/www.comau.com\/de\/wp-json\/wp\/v2\/media\/4945"}],"wp:attachment":[{"href":"https:\/\/www.comau.com\/de\/wp-json\/wp\/v2\/media?parent=4932"}],"curies":[{"name":"wp","href":"https:\/\/api.w.org\/{rel}","templated":true}]}}