{"id":49283,"date":"2022-11-29T09:49:02","date_gmt":"2022-11-29T08:49:02","guid":{"rendered":"https:\/\/www.comau.com\/?page_id=49283"},"modified":"2022-12-22T15:16:15","modified_gmt":"2022-12-22T14:16:15","slug":"die-fortschrittlichen-karosserieschweissloesungen-von-comau-unterstuetzen-foton-daimlers-erste-lokalisierte-high-end-produktion-von-schwerlast-lkw-fuer-den-actros","status":"publish","type":"page","link":"https:\/\/www.comau.com\/de\/about-us\/success-stories\/die-fortschrittlichen-karosserieschweissloesungen-von-comau-unterstuetzen-foton-daimlers-erste-lokalisierte-high-end-produktion-von-schwerlast-lkw-fuer-den-actros\/","title":{"rendered":"Die fortschrittlichen karosserieschweissl\u00f6sungen von Comau unterst\u00fctzen Mercedes-Benz erste lokalisierte high-end-produktion von schwerlast-lkw f\u00fcr den Actros"},"content":{"rendered":"\n<div class=\"wp-block-group mt-5\"><div class=\"wp-block-group__inner-container is-layout-flow wp-block-group-is-layout-flow\">\n<p>Die rasche Verbesserung der Emissionsstandards und die zunehmende Wachstumsrate neuer Infrastrukturinvestitionen tragen unter anderem dazu bei, das Absatzvolumen von Lkw in China, einem der weltweit gr\u00f6\u00dften M\u00e4rkte f\u00fcr Schwerlast-Lkw, zu steigern. Angesichts der zunehmend konzentrierten inl\u00e4ndischen Logistikbranche steigt der Anteil an gro\u00dfen Flotten und Logistikunternehmen. Infolgedessen widmet der Markt Schl\u00fcsselthemen wie Betriebseffizienz, Zuverl\u00e4ssigkeit und Lebenszykluswerten von Fahrzeugen mehr Aufmerksamkeit, was bedeutet, dass sich die Hersteller zunehmend auf die Lokalisierung zuvor importierter Fahrzeuge konzentrieren.<\/p>\n\n\n\n<p>Als die Daimler Trucks AG und der chinesische Lkw-Hersteller Foton Motor ihre Absicht verk\u00fcndeten, Mercedes-Benz-Lkws f\u00fcr anspruchsvolle Marktsegmente in China herzustellen und zu verkaufen, wandten sie sich an Comau. Als langj\u00e4hriger Lieferant von Daimler Trucks in Europa mit fast 50 Jahren praxiserprobter Expertise wurde Comau im Rahmen des Projekts Foton Daimler Actros mit der Konzeption und dem Einsatz einer vollautomatisierten Schwei\u00dfl\u00f6sung f\u00fcr den T\u00fcrbereich und das Armaturenbrettgerippe beauftragt.<\/p>\n<\/div><\/div>\n\n\n\n<div class=\"wp-block-columns is-layout-flex wp-container-core-columns-is-layout-9d6595d7 wp-block-columns-is-layout-flex\">\n<div class=\"wp-block-column is-layout-flow wp-block-column-is-layout-flow\">\n<h2 class=\"h3 wp-block-heading\" id=\"the-challenge\">Die Herausfoderung<\/h2>\n\n\n\n<p>Um ihren ersten lokalen Schwerlastzugwagen f\u00fcr den chinesischen Markt zu produzieren, musste Beijing Foton Daimler Automotive Co., Ltd (BFDA) die globale Plattform von Mercedes-Benz und die hochmoderne Lkw-Technologie von Daimler integrieren. Da das BFDA-Werk den neuesten Integra 6-Standard von Daimler f\u00fcr die Erstellung der automatisierten und flexiblen Produktionslinie verwenden sollte, musste das Planungs- und Engineering-Managementteam von Comau die Spezifikationen schnell beherrschen und in Rekordzeit umsetzen.<\/p>\n\n\n\n<p>Comau musste auch die Tatsache ber\u00fccksichtigen, dass das Actros ein sehr modulares Produkt mit einem erheblichen Ma\u00df an Marktanpassung ist. Dies bedeutete, dass die automatisierte Schwei\u00dfeinrichtung flexibel genug sein musste, um mehrere Konfigurationen und\/oder kundenspezifische Details zu bew\u00e4ltigen, ohne die aggressiven Zykluszeitziele des Kunden zu beeintr\u00e4chtigen.&nbsp;<\/p>\n<\/div>\n\n\n\n<div class=\"wp-block-column is-layout-flow wp-block-column-is-layout-flow\">\n<h2 class=\"h3 wp-block-heading\" id=\"the-solution\">Die L\u00f6sung<\/h2>\n\n\n\n<p>Als f\u00fchrender Anbieter von schl\u00fcsselfertigen Karosseriebausystemen verf\u00fcgt Comau \u00fcber die notwendige Erfahrung und das Know-how, um mit den weltweit gr\u00f6\u00dften OEMs zusammenzuarbeiten und deren fortschrittliche Automatisierungsanforderungen zu unterst\u00fctzen. Aufbauend auf sein unternehmenseigenes Know-how und seine langj\u00e4hrigen Beziehung zu Daimler Europe entwickelte Comau eine kompakte und dennoch skalierbare Schwei\u00dfl\u00f6sung f\u00fcr den T\u00fcrbereich und die Untermontagewerkstatt, die \u00fcber virtuelle Inbetriebnahmef\u00e4higkeiten f\u00fcr Industrie 4.0 verf\u00fcgt und vollst\u00e4ndig mit dem Integra 6-Standard des Kunden kompatibel ist. Und da die gesamte Linie virtuelle Inbetriebnahmetechnologie nutzt, konnte Comau die neue Linie vortesten und optimieren, die tats\u00e4chliche Inbetriebnahmezeit verk\u00fcrzen, die Arbeitskosten senken und die potenziellen Risiken, die nach der Inbetriebnahme im Standort auftreten k\u00f6nnen, praktisch ausschalten.&nbsp;<\/p>\n\n\n\n<p>Um die Zykluseffizienz zu gew\u00e4hrleisten und die Arbeitsabl\u00e4ufe zu optimieren, verf\u00fcgt die Linie \u00fcber die unternehmenseigenen Comau-Produkte, wie RH-Clean, eine automatische Reinigungswalzenvorrichtung, die mit verschiedenen Walzentypen verwendet werden kann, darunter die RHEvo Standard-Falzk\u00f6pfe, Doppelwalzen und die Standard-Vorfalz-Werkzeuge von Comau. Dar\u00fcber hinaus verf\u00fcgen einige der Roboter \u00fcber eine Vorstartfunktion, die die Flexibilit\u00e4t der Zykluszeitoptimierung der Linie erh\u00f6ht. Schlie\u00dflich tr\u00e4gt das vollst\u00e4ndig integrierte Qualit\u00e4tskontrollsystem, das auf der QUISS-Kameraerkennung basiert und mit einem Kick-in\/Kick-off-Verfahren ausgestattet ist, dazu bei, die Qualit\u00e4t der T\u00fcren und ihrer Teile nach dem Kleben zu gew\u00e4hrleisten.&nbsp;<\/p>\n<\/div>\n<\/div>\n\n\n\n<div class=\"wp-block-group wide-section-light-1 py-5 my-5\"><div class=\"wp-block-group__inner-container is-layout-flow wp-block-group-is-layout-flow\">\n<div class=\"wp-block-group wide-section-light-1 py-5 my-5\"><div class=\"wp-block-group__inner-container is-layout-flow wp-block-group-is-layout-flow\">\n<h2 class=\"h2 wp-block-heading\" id=\"the-results\">Das Ergebnis<\/h2>\n\n\n\n<p>Comau verfolgte ein flexibles Produktionskonzept in Bezug auf Menge und Produktionstypen, um sicherzustellen, dass die Schwei\u00dfanlage die Modularit\u00e4t und das hohe Ma\u00df an Marktanpassung des Actros-Projekts vollst\u00e4ndig bew\u00e4ltigen kann. Die inh\u00e4rente Skalierbarkeit der Linie bedeutet auch, dass sie die zuk\u00fcnftigen Produktionsanforderungen des Kunden problemlos erf\u00fcllen kann, ohne Abstriche bei der F\u00e4higkeit zur Anpassung an komplexe Modellverwaltung und flexibles Output-Management zu machen. Am bemerkenswertesten ist jedoch, dass die L\u00f6sung sowohl die angestrebte j\u00e4hrliche Produktionskapazit\u00e4t von 60.000&nbsp;Einheiten als auch das Ziel einer 100%igen Prozessautomatisierung erreicht hat. Das Projekt befindet sich derzeit in der Phase der Massenproduktion.<\/p>\n\n\n\n<p>Die Massenproduktion wird voraussichtlich im Juni 2023 beginnen.<\/p>\n\n\n\n<blockquote class=\"wp-block-quote is-layout-flow wp-block-quote-is-layout-flow\"><p><em>&#8222;Wir f\u00fchlen uns geehrt, von Foton Daimler ausgew\u00e4hlt worden zu sein, um an diesem Meilenstein zu arbeiten, der den Weg f\u00fcr die Lokalisierung seines ersten Schwerlast-Lkws ebnet. Daimler ist ein Weltmarktf\u00fchrer in der Automobilindustrie, nicht nur wegen seines gro\u00dfen Gesch\u00e4ftsvolumens, sondern auch wegen seines Strebens nach technologischem Fortschritt. Dieser Auftrag ist eine Anerkennung der F\u00e4higkeiten von Comau und geht mit der Erweiterung seines Kundenstamms und einer Expansion in neue Gesch\u00e4ftsmodule einher.&#8220;<\/em> <\/p><cite>Gaetano Cantalupo, Comau Head of Countries Cluster APAC<\/cite><\/blockquote>\n\n\n\n<div class=\"wp-block-columns is-layout-flex wp-container-core-columns-is-layout-9d6595d7 wp-block-columns-is-layout-flex\">\n<div class=\"wp-block-column is-layout-flow wp-block-column-is-layout-flow\">\n<div class=\"wp-block-getwid-counter \u00b0\"><div class=\"wp-block-getwid-counter__wrapper\" data-start=\"0\" data-end=\"360\" data-decimal-places=\"0\" data-duration=\"\" data-use-easing=\"true\" data-use-grouping=\"true\" data-separator=\",\" data-decimal=\".\" data-easing-fn=\"outExpo\" data-numerals=\"default\"><span class=\"wp-block-getwid-counter__number\">0<\/span><p class=\"wp-block-getwid-counter__suffix\">\u00b0<\/p><\/div><\/div>\n\n\n\n<p>-End-to-End-Schwei\u00dfl\u00f6sung mit 100%iger Prozessautomatisierung<\/p>\n<\/div>\n\n\n\n<div class=\"wp-block-column is-layout-flow wp-block-column-is-layout-flow\">\n<div class=\"wp-block-getwid-counter\"><div class=\"wp-block-getwid-counter__wrapper\" data-start=\"0\" data-end=\"60\" data-decimal-places=\"0\" data-duration=\"3\" data-use-easing=\"true\" data-use-grouping=\"true\" data-separator=\",\" data-decimal=\".\" data-easing-fn=\"outExpo\" data-numerals=\"default\"><span class=\"wp-block-getwid-counter__number\">0<\/span><p class=\"wp-block-getwid-counter__suffix\">k<\/p><\/div><\/div>\n\n\n\n<p>Arbeitspl\u00e4tze pro Jahr Produktionskapazit\u00e4t&nbsp;<\/p>\n<\/div>\n\n\n\n<div class=\"wp-block-column is-layout-flow wp-block-column-is-layout-flow\">\n<div class=\"wp-block-getwid-counter\"><div class=\"wp-block-getwid-counter__wrapper\" data-start=\"0\" data-end=\"100\" data-decimal-places=\"0\" data-duration=\"3\" data-use-easing=\"true\" data-use-grouping=\"true\" data-separator=\",\" data-decimal=\".\" data-easing-fn=\"outExpo\" data-numerals=\"default\"><span class=\"wp-block-getwid-counter__number\">0<\/span><p class=\"wp-block-getwid-counter__suffix\">%<\/p><\/div><\/div>\n\n\n\n<p>Flexibilit\u00e4t bei der Handhabung mehrerer Produktionsmodelle und kundenspezifischer Details<\/p>\n<\/div>\n\n\n\n<div class=\"wp-block-column is-layout-flow wp-block-column-is-layout-flow\"><\/div>\n<\/div>\n<\/div><\/div>\n\n\n\n<div class=\"wp-block-columns is-layout-flex wp-container-core-columns-is-layout-9d6595d7 wp-block-columns-is-layout-flex\">\n<div class=\"wp-block-column is-layout-flow wp-block-column-is-layout-flow\"><\/div>\n\n\n\n<div class=\"wp-block-column is-layout-flow wp-block-column-is-layout-flow\"><\/div>\n<\/div>\n<\/div><\/div>\n\n\n\n<div class=\"wp-block-group\"><div class=\"wp-block-group__inner-container is-layout-flow wp-block-group-is-layout-flow\"><\/div><\/div>\n","protected":false},"excerpt":{"rendered":"<p>Die rasche Verbesserung der Emissionsstandards und die zunehmende Wachstumsrate neuer Infrastrukturinvestitionen tragen unter anderem dazu bei, das Absatzvolumen von Lkw in China, einem der weltweit gr\u00f6\u00dften M\u00e4rkte f\u00fcr Schwerlast-Lkw, zu steigern. Angesichts der zunehmend konzentrierten inl\u00e4ndischen Logistikbranche steigt der Anteil an gro\u00dfen Flotten und Logistikunternehmen. Infolgedessen widmet der Markt Schl\u00fcsselthemen wie Betriebseffizienz, Zuverl\u00e4ssigkeit und Lebenszykluswerten [&hellip;]<\/p>\n","protected":false},"author":19,"featured_media":49315,"parent":41299,"menu_order":9,"comment_status":"closed","ping_status":"closed","template":"","meta":{"_acf_changed":false,"ep_exclude_from_search":false,"footnotes":""},"class_list":["post-49283","page","type-page","status-publish","has-post-thumbnail","hentry"],"acf":[],"yoast_head":"<!-- This site is optimized with the Yoast SEO plugin v26.9 - https:\/\/yoast.com\/product\/yoast-seo-wordpress\/ -->\n<title>Die fortschrittlichen karosserieschweissl\u00f6sungen von Comau unterst\u00fctzen Mercedes-Benz erste lokalisierte high-end-produktion von schwerlast-lkw f\u00fcr den Actros - Comau<\/title>\n<meta name=\"robots\" content=\"index, follow, max-snippet:-1, max-image-preview:large, max-video-preview:-1\" \/>\n<link rel=\"canonical\" href=\"https:\/\/www.comau.com\/de\/about-us\/success-stories\/die-fortschrittlichen-karosserieschweissloesungen-von-comau-unterstuetzen-foton-daimlers-erste-lokalisierte-high-end-produktion-von-schwerlast-lkw-fuer-den-actros\/\" \/>\n<meta property=\"og:locale\" content=\"de_DE\" \/>\n<meta property=\"og:type\" content=\"article\" \/>\n<meta property=\"og:title\" content=\"Die fortschrittlichen karosserieschweissl\u00f6sungen von Comau unterst\u00fctzen Mercedes-Benz erste lokalisierte high-end-produktion von schwerlast-lkw f\u00fcr den Actros - Comau\" \/>\n<meta property=\"og:description\" content=\"Die rasche Verbesserung der Emissionsstandards und die zunehmende Wachstumsrate neuer Infrastrukturinvestitionen tragen unter anderem dazu bei, das Absatzvolumen von Lkw in China, einem der weltweit gr\u00f6\u00dften M\u00e4rkte f\u00fcr Schwerlast-Lkw, zu steigern. Angesichts der zunehmend konzentrierten inl\u00e4ndischen Logistikbranche steigt der Anteil an gro\u00dfen Flotten und Logistikunternehmen. Infolgedessen widmet der Markt Schl\u00fcsselthemen wie Betriebseffizienz, Zuverl\u00e4ssigkeit und Lebenszykluswerten [&hellip;]\" \/>\n<meta property=\"og:url\" content=\"https:\/\/www.comau.com\/de\/about-us\/success-stories\/die-fortschrittlichen-karosserieschweissloesungen-von-comau-unterstuetzen-foton-daimlers-erste-lokalisierte-high-end-produktion-von-schwerlast-lkw-fuer-den-actros\/\" \/>\n<meta property=\"og:site_name\" content=\"Comau\" \/>\n<meta property=\"article:publisher\" content=\"https:\/\/www.facebook.com\/COMAU\/\" \/>\n<meta property=\"article:modified_time\" content=\"2022-12-22T14:16:15+00:00\" \/>\n<meta property=\"og:image\" content=\"https:\/\/www.comau.com\/wp-content\/uploads\/2022\/11\/Comau-BFDA_H6_01-1-scaled.jpg\" \/>\n\t<meta property=\"og:image:width\" content=\"2435\" \/>\n\t<meta property=\"og:image:height\" content=\"2560\" \/>\n\t<meta property=\"og:image:type\" content=\"image\/jpeg\" \/>\n<meta name=\"twitter:card\" content=\"summary_large_image\" \/>\n<meta name=\"twitter:site\" content=\"@comaugroup\" \/>\n<meta name=\"twitter:label1\" content=\"Gesch\u00e4tzte Lesezeit\" \/>\n\t<meta name=\"twitter:data1\" content=\"4\u00a0Minuten\" \/>\n<script type=\"application\/ld+json\" class=\"yoast-schema-graph\">{\"@context\":\"https:\/\/schema.org\",\"@graph\":[{\"@type\":\"WebPage\",\"@id\":\"https:\/\/www.comau.com\/de\/about-us\/success-stories\/die-fortschrittlichen-karosserieschweissloesungen-von-comau-unterstuetzen-foton-daimlers-erste-lokalisierte-high-end-produktion-von-schwerlast-lkw-fuer-den-actros\/\",\"url\":\"https:\/\/www.comau.com\/de\/about-us\/success-stories\/die-fortschrittlichen-karosserieschweissloesungen-von-comau-unterstuetzen-foton-daimlers-erste-lokalisierte-high-end-produktion-von-schwerlast-lkw-fuer-den-actros\/\",\"name\":\"Die fortschrittlichen karosserieschweissl\u00f6sungen von Comau unterst\u00fctzen Mercedes-Benz erste lokalisierte high-end-produktion von schwerlast-lkw f\u00fcr den Actros - Comau\",\"isPartOf\":{\"@id\":\"https:\/\/www.comau.com\/de\/#website\"},\"primaryImageOfPage\":{\"@id\":\"https:\/\/www.comau.com\/de\/about-us\/success-stories\/die-fortschrittlichen-karosserieschweissloesungen-von-comau-unterstuetzen-foton-daimlers-erste-lokalisierte-high-end-produktion-von-schwerlast-lkw-fuer-den-actros\/#primaryimage\"},\"image\":{\"@id\":\"https:\/\/www.comau.com\/de\/about-us\/success-stories\/die-fortschrittlichen-karosserieschweissloesungen-von-comau-unterstuetzen-foton-daimlers-erste-lokalisierte-high-end-produktion-von-schwerlast-lkw-fuer-den-actros\/#primaryimage\"},\"thumbnailUrl\":\"https:\/\/www.comau.com\/wp-content\/uploads\/2022\/11\/Comau-BFDA_H6_01-1-scaled.jpg\",\"datePublished\":\"2022-11-29T08:49:02+00:00\",\"dateModified\":\"2022-12-22T14:16:15+00:00\",\"breadcrumb\":{\"@id\":\"https:\/\/www.comau.com\/de\/about-us\/success-stories\/die-fortschrittlichen-karosserieschweissloesungen-von-comau-unterstuetzen-foton-daimlers-erste-lokalisierte-high-end-produktion-von-schwerlast-lkw-fuer-den-actros\/#breadcrumb\"},\"inLanguage\":\"de\",\"potentialAction\":[{\"@type\":\"ReadAction\",\"target\":[\"https:\/\/www.comau.com\/de\/about-us\/success-stories\/die-fortschrittlichen-karosserieschweissloesungen-von-comau-unterstuetzen-foton-daimlers-erste-lokalisierte-high-end-produktion-von-schwerlast-lkw-fuer-den-actros\/\"]}]},{\"@type\":\"ImageObject\",\"inLanguage\":\"de\",\"@id\":\"https:\/\/www.comau.com\/de\/about-us\/success-stories\/die-fortschrittlichen-karosserieschweissloesungen-von-comau-unterstuetzen-foton-daimlers-erste-lokalisierte-high-end-produktion-von-schwerlast-lkw-fuer-den-actros\/#primaryimage\",\"url\":\"https:\/\/www.comau.com\/wp-content\/uploads\/2022\/11\/Comau-BFDA_H6_01-1-scaled.jpg\",\"contentUrl\":\"https:\/\/www.comau.com\/wp-content\/uploads\/2022\/11\/Comau-BFDA_H6_01-1-scaled.jpg\",\"width\":2435,\"height\":2560},{\"@type\":\"BreadcrumbList\",\"@id\":\"https:\/\/www.comau.com\/de\/about-us\/success-stories\/die-fortschrittlichen-karosserieschweissloesungen-von-comau-unterstuetzen-foton-daimlers-erste-lokalisierte-high-end-produktion-von-schwerlast-lkw-fuer-den-actros\/#breadcrumb\",\"itemListElement\":[{\"@type\":\"ListItem\",\"position\":1,\"name\":\"Home\",\"item\":\"https:\/\/www.comau.com\/de\/\"},{\"@type\":\"ListItem\",\"position\":2,\"name\":\"\u00dcber Comau\",\"item\":\"https:\/\/www.comau.com\/de\/about-us\/\"},{\"@type\":\"ListItem\",\"position\":3,\"name\":\"Erfolgsgeschichten\",\"item\":\"https:\/\/www.comau.com\/de\/about-us\/success-stories\/\"},{\"@type\":\"ListItem\",\"position\":4,\"name\":\"Die fortschrittlichen karosserieschweissl\u00f6sungen von Comau unterst\u00fctzen Mercedes-Benz erste lokalisierte high-end-produktion von schwerlast-lkw f\u00fcr den Actros\"}]},{\"@type\":\"WebSite\",\"@id\":\"https:\/\/www.comau.com\/de\/#website\",\"url\":\"https:\/\/www.comau.com\/de\/\",\"name\":\"Comau\",\"description\":\"Industrial automation and robotics\",\"publisher\":{\"@id\":\"https:\/\/www.comau.com\/de\/#organization\"},\"potentialAction\":[{\"@type\":\"SearchAction\",\"target\":{\"@type\":\"EntryPoint\",\"urlTemplate\":\"https:\/\/www.comau.com\/de\/?s={search_term_string}\"},\"query-input\":{\"@type\":\"PropertyValueSpecification\",\"valueRequired\":true,\"valueName\":\"search_term_string\"}}],\"inLanguage\":\"de\"},{\"@type\":\"Organization\",\"@id\":\"https:\/\/www.comau.com\/de\/#organization\",\"name\":\"Comau\",\"url\":\"https:\/\/www.comau.com\/de\/\",\"logo\":{\"@type\":\"ImageObject\",\"inLanguage\":\"de\",\"@id\":\"https:\/\/www.comau.com\/de\/#\/schema\/logo\/image\/\",\"url\":\"https:\/\/www.comau.com\/wp-content\/uploads\/2024\/07\/cropped-Logo-COMAU.png\",\"contentUrl\":\"https:\/\/www.comau.com\/wp-content\/uploads\/2024\/07\/cropped-Logo-COMAU.png\",\"width\":434,\"height\":434,\"caption\":\"Comau\"},\"image\":{\"@id\":\"https:\/\/www.comau.com\/de\/#\/schema\/logo\/image\/\"},\"sameAs\":[\"https:\/\/www.facebook.com\/COMAU\/\",\"https:\/\/x.com\/comaugroup\",\"https:\/\/www.instagram.com\/comaugroup\/\",\"https:\/\/www.linkedin.com\/company\/comau\",\"https:\/\/www.youtube.com\/user\/comau\"]}]}<\/script>\n<!-- \/ Yoast SEO plugin. -->","yoast_head_json":{"title":"Die fortschrittlichen karosserieschweissl\u00f6sungen von Comau unterst\u00fctzen Mercedes-Benz erste lokalisierte high-end-produktion von schwerlast-lkw f\u00fcr den Actros - Comau","robots":{"index":"index","follow":"follow","max-snippet":"max-snippet:-1","max-image-preview":"max-image-preview:large","max-video-preview":"max-video-preview:-1"},"canonical":"https:\/\/www.comau.com\/de\/about-us\/success-stories\/die-fortschrittlichen-karosserieschweissloesungen-von-comau-unterstuetzen-foton-daimlers-erste-lokalisierte-high-end-produktion-von-schwerlast-lkw-fuer-den-actros\/","og_locale":"de_DE","og_type":"article","og_title":"Die fortschrittlichen karosserieschweissl\u00f6sungen von Comau unterst\u00fctzen Mercedes-Benz erste lokalisierte high-end-produktion von schwerlast-lkw f\u00fcr den Actros - Comau","og_description":"Die rasche Verbesserung der Emissionsstandards und die zunehmende Wachstumsrate neuer Infrastrukturinvestitionen tragen unter anderem dazu bei, das Absatzvolumen von Lkw in China, einem der weltweit gr\u00f6\u00dften M\u00e4rkte f\u00fcr Schwerlast-Lkw, zu steigern. Angesichts der zunehmend konzentrierten inl\u00e4ndischen Logistikbranche steigt der Anteil an gro\u00dfen Flotten und Logistikunternehmen. Infolgedessen widmet der Markt Schl\u00fcsselthemen wie Betriebseffizienz, Zuverl\u00e4ssigkeit und Lebenszykluswerten [&hellip;]","og_url":"https:\/\/www.comau.com\/de\/about-us\/success-stories\/die-fortschrittlichen-karosserieschweissloesungen-von-comau-unterstuetzen-foton-daimlers-erste-lokalisierte-high-end-produktion-von-schwerlast-lkw-fuer-den-actros\/","og_site_name":"Comau","article_publisher":"https:\/\/www.facebook.com\/COMAU\/","article_modified_time":"2022-12-22T14:16:15+00:00","og_image":[{"width":2435,"height":2560,"url":"https:\/\/www.comau.com\/wp-content\/uploads\/2022\/11\/Comau-BFDA_H6_01-1-scaled.jpg","type":"image\/jpeg"}],"twitter_card":"summary_large_image","twitter_site":"@comaugroup","twitter_misc":{"Gesch\u00e4tzte Lesezeit":"4\u00a0Minuten"},"schema":{"@context":"https:\/\/schema.org","@graph":[{"@type":"WebPage","@id":"https:\/\/www.comau.com\/de\/about-us\/success-stories\/die-fortschrittlichen-karosserieschweissloesungen-von-comau-unterstuetzen-foton-daimlers-erste-lokalisierte-high-end-produktion-von-schwerlast-lkw-fuer-den-actros\/","url":"https:\/\/www.comau.com\/de\/about-us\/success-stories\/die-fortschrittlichen-karosserieschweissloesungen-von-comau-unterstuetzen-foton-daimlers-erste-lokalisierte-high-end-produktion-von-schwerlast-lkw-fuer-den-actros\/","name":"Die fortschrittlichen karosserieschweissl\u00f6sungen von Comau unterst\u00fctzen Mercedes-Benz erste lokalisierte high-end-produktion von schwerlast-lkw f\u00fcr den Actros - Comau","isPartOf":{"@id":"https:\/\/www.comau.com\/de\/#website"},"primaryImageOfPage":{"@id":"https:\/\/www.comau.com\/de\/about-us\/success-stories\/die-fortschrittlichen-karosserieschweissloesungen-von-comau-unterstuetzen-foton-daimlers-erste-lokalisierte-high-end-produktion-von-schwerlast-lkw-fuer-den-actros\/#primaryimage"},"image":{"@id":"https:\/\/www.comau.com\/de\/about-us\/success-stories\/die-fortschrittlichen-karosserieschweissloesungen-von-comau-unterstuetzen-foton-daimlers-erste-lokalisierte-high-end-produktion-von-schwerlast-lkw-fuer-den-actros\/#primaryimage"},"thumbnailUrl":"https:\/\/www.comau.com\/wp-content\/uploads\/2022\/11\/Comau-BFDA_H6_01-1-scaled.jpg","datePublished":"2022-11-29T08:49:02+00:00","dateModified":"2022-12-22T14:16:15+00:00","breadcrumb":{"@id":"https:\/\/www.comau.com\/de\/about-us\/success-stories\/die-fortschrittlichen-karosserieschweissloesungen-von-comau-unterstuetzen-foton-daimlers-erste-lokalisierte-high-end-produktion-von-schwerlast-lkw-fuer-den-actros\/#breadcrumb"},"inLanguage":"de","potentialAction":[{"@type":"ReadAction","target":["https:\/\/www.comau.com\/de\/about-us\/success-stories\/die-fortschrittlichen-karosserieschweissloesungen-von-comau-unterstuetzen-foton-daimlers-erste-lokalisierte-high-end-produktion-von-schwerlast-lkw-fuer-den-actros\/"]}]},{"@type":"ImageObject","inLanguage":"de","@id":"https:\/\/www.comau.com\/de\/about-us\/success-stories\/die-fortschrittlichen-karosserieschweissloesungen-von-comau-unterstuetzen-foton-daimlers-erste-lokalisierte-high-end-produktion-von-schwerlast-lkw-fuer-den-actros\/#primaryimage","url":"https:\/\/www.comau.com\/wp-content\/uploads\/2022\/11\/Comau-BFDA_H6_01-1-scaled.jpg","contentUrl":"https:\/\/www.comau.com\/wp-content\/uploads\/2022\/11\/Comau-BFDA_H6_01-1-scaled.jpg","width":2435,"height":2560},{"@type":"BreadcrumbList","@id":"https:\/\/www.comau.com\/de\/about-us\/success-stories\/die-fortschrittlichen-karosserieschweissloesungen-von-comau-unterstuetzen-foton-daimlers-erste-lokalisierte-high-end-produktion-von-schwerlast-lkw-fuer-den-actros\/#breadcrumb","itemListElement":[{"@type":"ListItem","position":1,"name":"Home","item":"https:\/\/www.comau.com\/de\/"},{"@type":"ListItem","position":2,"name":"\u00dcber Comau","item":"https:\/\/www.comau.com\/de\/about-us\/"},{"@type":"ListItem","position":3,"name":"Erfolgsgeschichten","item":"https:\/\/www.comau.com\/de\/about-us\/success-stories\/"},{"@type":"ListItem","position":4,"name":"Die fortschrittlichen karosserieschweissl\u00f6sungen von Comau unterst\u00fctzen Mercedes-Benz erste lokalisierte high-end-produktion von schwerlast-lkw f\u00fcr den Actros"}]},{"@type":"WebSite","@id":"https:\/\/www.comau.com\/de\/#website","url":"https:\/\/www.comau.com\/de\/","name":"Comau","description":"Industrial automation and robotics","publisher":{"@id":"https:\/\/www.comau.com\/de\/#organization"},"potentialAction":[{"@type":"SearchAction","target":{"@type":"EntryPoint","urlTemplate":"https:\/\/www.comau.com\/de\/?s={search_term_string}"},"query-input":{"@type":"PropertyValueSpecification","valueRequired":true,"valueName":"search_term_string"}}],"inLanguage":"de"},{"@type":"Organization","@id":"https:\/\/www.comau.com\/de\/#organization","name":"Comau","url":"https:\/\/www.comau.com\/de\/","logo":{"@type":"ImageObject","inLanguage":"de","@id":"https:\/\/www.comau.com\/de\/#\/schema\/logo\/image\/","url":"https:\/\/www.comau.com\/wp-content\/uploads\/2024\/07\/cropped-Logo-COMAU.png","contentUrl":"https:\/\/www.comau.com\/wp-content\/uploads\/2024\/07\/cropped-Logo-COMAU.png","width":434,"height":434,"caption":"Comau"},"image":{"@id":"https:\/\/www.comau.com\/de\/#\/schema\/logo\/image\/"},"sameAs":["https:\/\/www.facebook.com\/COMAU\/","https:\/\/x.com\/comaugroup","https:\/\/www.instagram.com\/comaugroup\/","https:\/\/www.linkedin.com\/company\/comau","https:\/\/www.youtube.com\/user\/comau"]}]}},"_links":{"self":[{"href":"https:\/\/www.comau.com\/de\/wp-json\/wp\/v2\/pages\/49283","targetHints":{"allow":["GET"]}}],"collection":[{"href":"https:\/\/www.comau.com\/de\/wp-json\/wp\/v2\/pages"}],"about":[{"href":"https:\/\/www.comau.com\/de\/wp-json\/wp\/v2\/types\/page"}],"author":[{"embeddable":true,"href":"https:\/\/www.comau.com\/de\/wp-json\/wp\/v2\/users\/19"}],"replies":[{"embeddable":true,"href":"https:\/\/www.comau.com\/de\/wp-json\/wp\/v2\/comments?post=49283"}],"version-history":[{"count":9,"href":"https:\/\/www.comau.com\/de\/wp-json\/wp\/v2\/pages\/49283\/revisions"}],"predecessor-version":[{"id":49895,"href":"https:\/\/www.comau.com\/de\/wp-json\/wp\/v2\/pages\/49283\/revisions\/49895"}],"up":[{"embeddable":true,"href":"https:\/\/www.comau.com\/de\/wp-json\/wp\/v2\/pages\/41299"}],"wp:featuredmedia":[{"embeddable":true,"href":"https:\/\/www.comau.com\/de\/wp-json\/wp\/v2\/media\/49315"}],"wp:attachment":[{"href":"https:\/\/www.comau.com\/de\/wp-json\/wp\/v2\/media?parent=49283"}],"curies":[{"name":"wp","href":"https:\/\/api.w.org\/{rel}","templated":true}]}}