{"id":4916,"date":"2021-06-08T09:28:58","date_gmt":"2021-06-08T07:28:58","guid":{"rendered":"https:\/\/www.comau.com\/?page_id=4916"},"modified":"2022-10-25T16:47:18","modified_gmt":"2022-10-25T14:47:18","slug":"compact-welding-gun","status":"publish","type":"page","link":"https:\/\/www.comau.com\/de\/competencies\/systems\/loesungen\/products\/compact-welding-gun\/","title":{"rendered":"Compact Welding Gun"},"content":{"rendered":"\n<p>\u200bEine einzigartig leichte und kompakte Servo-Schwei\u00dfpistole, die eine optimale Leistungsf\u00e4higkeit bei jeder BIW-Anwendung sicherstellt. Sie eignet sich f\u00fcr Punktschwei\u00dfarbeiten jeder Art und sorgt f\u00fcr eine deutliche Verringerung der erforderlichen Nutzlast des Roboters.<\/p>\n\n\n\n<p>Compact ist ein Produkt, das sich durch Einfachheit und Modularit\u00e4t auszeichnet. Zwei Standardchassis (\u201eC\u201c und \u201eX\u201c) sorgen f\u00fcr eine leichte und kompakte L\u00f6sung und machen dieses vielseitige Produkt perfekt f\u00fcr die typischen Anforderungen im Karosseriebau.<\/p>\n\n\n\n<div class=\"wp-block-getwid-toggle download-dropdown has-icon-left\">\n<div class=\"wp-block-getwid-toggle__row\"><div class=\"wp-block-getwid-toggle__header-wrapper\"><span class=\"wp-block-getwid-toggle__header\"><a href=\"#\"><span class=\"wp-block-getwid-toggle__header-title\">Download the brochure<\/span><span class=\"wp-block-getwid-toggle__icon is-active\"><i class=\"fas fa-plus\"><\/i><\/span><span class=\"wp-block-getwid-toggle__icon is-passive\"><i class=\"fas fa-minus\"><\/i><\/span><\/a><\/span><\/div><div class=\"wp-block-getwid-toggle__content-wrapper\"><div class=\"wp-block-getwid-toggle__content\">\n<div class=\"wp-block-getwid-button-group\"><div class=\"wp-block-getwid-button-group__wrapper\">\n<div class=\"wp-block-button\"><a class=\"wp-block-button__link\" href=\"https:\/\/www.comau.com\/wp-content\/uploads\/2022\/02\/Welding-Guns-Folder-Pinze_20160131_EN_rev01.pdf\">CompactGun<\/a><\/div>\n<\/div><\/div>\n<\/div><\/div><\/div>\n<\/div>\n\n\n\n<h2 class=\"wp-block-heading\" id=\"merkmale\">Merkmale<\/h2>\n\n\n\n<ul class=\"wp-block-list\"><li>Vollst\u00e4ndig kompatibel mit jeder Robotermarke mit internem oder externem Dressing<\/li><li>Leicht und kompakt<\/li><li>Comau-Servomotor<\/li><li>Comau-Transformator (MFDC)<\/li><li>Ausgleichsprozess via Roboterkompensation<\/li><li>Keine externen Kabel<\/li><li>Robcad-Simulation effektiv 100%<\/li><li>Feuerfeste Verkleidung (ABS VH-0800E) sch\u00fctzt vor Spritzern\/Verunreinigungen<\/li><\/ul>\n\n\n\n<p>Die neue Compact Welding Gun (BGA ALUMINUM T7075-T651) wiegt 30 kg weniger als das Vorg\u00e4ngermodell und ist rund 300 mm k\u00fcrzer bei identischer Leistungsf\u00e4higkeit.<\/p>\n\n\n\n<figure class=\"wp-block-embed is-type-video is-provider-youtube wp-block-embed-youtube wp-embed-aspect-16-9 wp-has-aspect-ratio\"><div class=\"wp-block-embed__wrapper\">\n<iframe title=\"Comau Compact Gun\" width=\"640\" height=\"360\" src=\"https:\/\/www.youtube.com\/embed\/UNWPfBjNbmE?feature=oembed\" frameborder=\"0\" allow=\"accelerometer; autoplay; clipboard-write; encrypted-media; gyroscope; picture-in-picture; web-share\" referrerpolicy=\"strict-origin-when-cross-origin\" allowfullscreen><\/iframe>\n<\/div><\/figure>\n","protected":false},"excerpt":{"rendered":"<p>\u200bEine einzigartig leichte und kompakte Servo-Schwei\u00dfpistole, die eine optimale Leistungsf\u00e4higkeit bei jeder BIW-Anwendung sicherstellt. Sie eignet sich f\u00fcr Punktschwei\u00dfarbeiten jeder Art und sorgt f\u00fcr eine deutliche Verringerung der erforderlichen Nutzlast des Roboters. Compact ist ein Produkt, das sich durch Einfachheit und Modularit\u00e4t auszeichnet. Zwei Standardchassis (\u201eC\u201c und \u201eX\u201c) sorgen f\u00fcr eine leichte und kompakte L\u00f6sung [&hellip;]<\/p>\n","protected":false},"author":11,"featured_media":4924,"parent":4831,"menu_order":0,"comment_status":"closed","ping_status":"closed","template":"","meta":{"_acf_changed":false,"ep_exclude_from_search":false,"footnotes":""},"class_list":["post-4916","page","type-page","status-publish","has-post-thumbnail","hentry"],"acf":[],"yoast_head":"<!-- This site is optimized with the Yoast SEO plugin v26.9 - https:\/\/yoast.com\/product\/yoast-seo-wordpress\/ -->\n<title>Compact Welding Gun - Comau<\/title>\n<meta name=\"robots\" content=\"index, follow, max-snippet:-1, max-image-preview:large, max-video-preview:-1\" \/>\n<link rel=\"canonical\" href=\"https:\/\/www.comau.com\/de\/competencies\/systems\/loesungen\/products\/compact-welding-gun\/\" \/>\n<meta property=\"og:locale\" content=\"de_DE\" \/>\n<meta property=\"og:type\" content=\"article\" \/>\n<meta property=\"og:title\" content=\"Compact Welding Gun - Comau\" \/>\n<meta property=\"og:description\" content=\"\u200bEine einzigartig leichte und kompakte Servo-Schwei\u00dfpistole, die eine optimale Leistungsf\u00e4higkeit bei jeder BIW-Anwendung sicherstellt. Sie eignet sich f\u00fcr Punktschwei\u00dfarbeiten jeder Art und sorgt f\u00fcr eine deutliche Verringerung der erforderlichen Nutzlast des Roboters. Compact ist ein Produkt, das sich durch Einfachheit und Modularit\u00e4t auszeichnet. Zwei Standardchassis (\u201eC\u201c und \u201eX\u201c) sorgen f\u00fcr eine leichte und kompakte L\u00f6sung [&hellip;]\" \/>\n<meta property=\"og:url\" content=\"https:\/\/www.comau.com\/de\/competencies\/systems\/loesungen\/products\/compact-welding-gun\/\" \/>\n<meta property=\"og:site_name\" content=\"Comau\" \/>\n<meta property=\"article:publisher\" content=\"https:\/\/www.facebook.com\/COMAU\/\" \/>\n<meta property=\"article:modified_time\" content=\"2022-10-25T14:47:18+00:00\" \/>\n<meta property=\"og:image\" content=\"https:\/\/www.comau.com\/wp-content\/uploads\/2021\/06\/compact-gun_header.jpg\" \/>\n\t<meta property=\"og:image:width\" content=\"1280\" \/>\n\t<meta property=\"og:image:height\" content=\"485\" \/>\n\t<meta property=\"og:image:type\" content=\"image\/jpeg\" \/>\n<meta name=\"twitter:card\" content=\"summary_large_image\" \/>\n<meta name=\"twitter:site\" content=\"@comaugroup\" \/>\n<meta name=\"twitter:label1\" content=\"Gesch\u00e4tzte Lesezeit\" \/>\n\t<meta name=\"twitter:data1\" content=\"1\u00a0Minute\" \/>\n<script type=\"application\/ld+json\" class=\"yoast-schema-graph\">{\"@context\":\"https:\/\/schema.org\",\"@graph\":[{\"@type\":\"WebPage\",\"@id\":\"https:\/\/www.comau.com\/de\/competencies\/systems\/loesungen\/products\/compact-welding-gun\/\",\"url\":\"https:\/\/www.comau.com\/de\/competencies\/systems\/loesungen\/products\/compact-welding-gun\/\",\"name\":\"Compact Welding Gun - Comau\",\"isPartOf\":{\"@id\":\"https:\/\/www.comau.com\/de\/#website\"},\"primaryImageOfPage\":{\"@id\":\"https:\/\/www.comau.com\/de\/competencies\/systems\/loesungen\/products\/compact-welding-gun\/#primaryimage\"},\"image\":{\"@id\":\"https:\/\/www.comau.com\/de\/competencies\/systems\/loesungen\/products\/compact-welding-gun\/#primaryimage\"},\"thumbnailUrl\":\"https:\/\/www.comau.com\/wp-content\/uploads\/2021\/06\/compact-gun_header.jpg\",\"datePublished\":\"2021-06-08T07:28:58+00:00\",\"dateModified\":\"2022-10-25T14:47:18+00:00\",\"breadcrumb\":{\"@id\":\"https:\/\/www.comau.com\/de\/competencies\/systems\/loesungen\/products\/compact-welding-gun\/#breadcrumb\"},\"inLanguage\":\"de\",\"potentialAction\":[{\"@type\":\"ReadAction\",\"target\":[\"https:\/\/www.comau.com\/de\/competencies\/systems\/loesungen\/products\/compact-welding-gun\/\"]}]},{\"@type\":\"ImageObject\",\"inLanguage\":\"de\",\"@id\":\"https:\/\/www.comau.com\/de\/competencies\/systems\/loesungen\/products\/compact-welding-gun\/#primaryimage\",\"url\":\"https:\/\/www.comau.com\/wp-content\/uploads\/2021\/06\/compact-gun_header.jpg\",\"contentUrl\":\"https:\/\/www.comau.com\/wp-content\/uploads\/2021\/06\/compact-gun_header.jpg\",\"width\":1280,\"height\":485},{\"@type\":\"BreadcrumbList\",\"@id\":\"https:\/\/www.comau.com\/de\/competencies\/systems\/loesungen\/products\/compact-welding-gun\/#breadcrumb\",\"itemListElement\":[{\"@type\":\"ListItem\",\"position\":1,\"name\":\"Home\",\"item\":\"https:\/\/www.comau.com\/de\/\"},{\"@type\":\"ListItem\",\"position\":2,\"name\":\"Unsere Kompetenzen\",\"item\":\"https:\/\/www.comau.com\/de\/competencies\/\"},{\"@type\":\"ListItem\",\"position\":3,\"name\":\"Body Assembly\",\"item\":\"https:\/\/www.comau.com\/de\/competencies\/body-assembly\/\"},{\"@type\":\"ListItem\",\"position\":4,\"name\":\"Produkte\",\"item\":\"https:\/\/www.comau.com\/de\/competencies\/body-assembly\/products\/\"},{\"@type\":\"ListItem\",\"position\":5,\"name\":\"Compact Welding Gun\"}]},{\"@type\":\"WebSite\",\"@id\":\"https:\/\/www.comau.com\/de\/#website\",\"url\":\"https:\/\/www.comau.com\/de\/\",\"name\":\"Comau\",\"description\":\"Industrial automation and robotics\",\"publisher\":{\"@id\":\"https:\/\/www.comau.com\/de\/#organization\"},\"potentialAction\":[{\"@type\":\"SearchAction\",\"target\":{\"@type\":\"EntryPoint\",\"urlTemplate\":\"https:\/\/www.comau.com\/de\/?s={search_term_string}\"},\"query-input\":{\"@type\":\"PropertyValueSpecification\",\"valueRequired\":true,\"valueName\":\"search_term_string\"}}],\"inLanguage\":\"de\"},{\"@type\":\"Organization\",\"@id\":\"https:\/\/www.comau.com\/de\/#organization\",\"name\":\"Comau\",\"url\":\"https:\/\/www.comau.com\/de\/\",\"logo\":{\"@type\":\"ImageObject\",\"inLanguage\":\"de\",\"@id\":\"https:\/\/www.comau.com\/de\/#\/schema\/logo\/image\/\",\"url\":\"https:\/\/www.comau.com\/wp-content\/uploads\/2024\/07\/cropped-Logo-COMAU.png\",\"contentUrl\":\"https:\/\/www.comau.com\/wp-content\/uploads\/2024\/07\/cropped-Logo-COMAU.png\",\"width\":434,\"height\":434,\"caption\":\"Comau\"},\"image\":{\"@id\":\"https:\/\/www.comau.com\/de\/#\/schema\/logo\/image\/\"},\"sameAs\":[\"https:\/\/www.facebook.com\/COMAU\/\",\"https:\/\/x.com\/comaugroup\",\"https:\/\/www.instagram.com\/comaugroup\/\",\"https:\/\/www.linkedin.com\/company\/comau\",\"https:\/\/www.youtube.com\/user\/comau\"]}]}<\/script>\n<!-- \/ Yoast SEO plugin. -->","yoast_head_json":{"title":"Compact Welding Gun - Comau","robots":{"index":"index","follow":"follow","max-snippet":"max-snippet:-1","max-image-preview":"max-image-preview:large","max-video-preview":"max-video-preview:-1"},"canonical":"https:\/\/www.comau.com\/de\/competencies\/systems\/loesungen\/products\/compact-welding-gun\/","og_locale":"de_DE","og_type":"article","og_title":"Compact Welding Gun - Comau","og_description":"\u200bEine einzigartig leichte und kompakte Servo-Schwei\u00dfpistole, die eine optimale Leistungsf\u00e4higkeit bei jeder BIW-Anwendung sicherstellt. Sie eignet sich f\u00fcr Punktschwei\u00dfarbeiten jeder Art und sorgt f\u00fcr eine deutliche Verringerung der erforderlichen Nutzlast des Roboters. Compact ist ein Produkt, das sich durch Einfachheit und Modularit\u00e4t auszeichnet. Zwei Standardchassis (\u201eC\u201c und \u201eX\u201c) sorgen f\u00fcr eine leichte und kompakte L\u00f6sung [&hellip;]","og_url":"https:\/\/www.comau.com\/de\/competencies\/systems\/loesungen\/products\/compact-welding-gun\/","og_site_name":"Comau","article_publisher":"https:\/\/www.facebook.com\/COMAU\/","article_modified_time":"2022-10-25T14:47:18+00:00","og_image":[{"width":1280,"height":485,"url":"https:\/\/www.comau.com\/wp-content\/uploads\/2021\/06\/compact-gun_header.jpg","type":"image\/jpeg"}],"twitter_card":"summary_large_image","twitter_site":"@comaugroup","twitter_misc":{"Gesch\u00e4tzte Lesezeit":"1\u00a0Minute"},"schema":{"@context":"https:\/\/schema.org","@graph":[{"@type":"WebPage","@id":"https:\/\/www.comau.com\/de\/competencies\/systems\/loesungen\/products\/compact-welding-gun\/","url":"https:\/\/www.comau.com\/de\/competencies\/systems\/loesungen\/products\/compact-welding-gun\/","name":"Compact Welding Gun - Comau","isPartOf":{"@id":"https:\/\/www.comau.com\/de\/#website"},"primaryImageOfPage":{"@id":"https:\/\/www.comau.com\/de\/competencies\/systems\/loesungen\/products\/compact-welding-gun\/#primaryimage"},"image":{"@id":"https:\/\/www.comau.com\/de\/competencies\/systems\/loesungen\/products\/compact-welding-gun\/#primaryimage"},"thumbnailUrl":"https:\/\/www.comau.com\/wp-content\/uploads\/2021\/06\/compact-gun_header.jpg","datePublished":"2021-06-08T07:28:58+00:00","dateModified":"2022-10-25T14:47:18+00:00","breadcrumb":{"@id":"https:\/\/www.comau.com\/de\/competencies\/systems\/loesungen\/products\/compact-welding-gun\/#breadcrumb"},"inLanguage":"de","potentialAction":[{"@type":"ReadAction","target":["https:\/\/www.comau.com\/de\/competencies\/systems\/loesungen\/products\/compact-welding-gun\/"]}]},{"@type":"ImageObject","inLanguage":"de","@id":"https:\/\/www.comau.com\/de\/competencies\/systems\/loesungen\/products\/compact-welding-gun\/#primaryimage","url":"https:\/\/www.comau.com\/wp-content\/uploads\/2021\/06\/compact-gun_header.jpg","contentUrl":"https:\/\/www.comau.com\/wp-content\/uploads\/2021\/06\/compact-gun_header.jpg","width":1280,"height":485},{"@type":"BreadcrumbList","@id":"https:\/\/www.comau.com\/de\/competencies\/systems\/loesungen\/products\/compact-welding-gun\/#breadcrumb","itemListElement":[{"@type":"ListItem","position":1,"name":"Home","item":"https:\/\/www.comau.com\/de\/"},{"@type":"ListItem","position":2,"name":"Unsere Kompetenzen","item":"https:\/\/www.comau.com\/de\/competencies\/"},{"@type":"ListItem","position":3,"name":"Body Assembly","item":"https:\/\/www.comau.com\/de\/competencies\/body-assembly\/"},{"@type":"ListItem","position":4,"name":"Produkte","item":"https:\/\/www.comau.com\/de\/competencies\/body-assembly\/products\/"},{"@type":"ListItem","position":5,"name":"Compact Welding Gun"}]},{"@type":"WebSite","@id":"https:\/\/www.comau.com\/de\/#website","url":"https:\/\/www.comau.com\/de\/","name":"Comau","description":"Industrial automation and robotics","publisher":{"@id":"https:\/\/www.comau.com\/de\/#organization"},"potentialAction":[{"@type":"SearchAction","target":{"@type":"EntryPoint","urlTemplate":"https:\/\/www.comau.com\/de\/?s={search_term_string}"},"query-input":{"@type":"PropertyValueSpecification","valueRequired":true,"valueName":"search_term_string"}}],"inLanguage":"de"},{"@type":"Organization","@id":"https:\/\/www.comau.com\/de\/#organization","name":"Comau","url":"https:\/\/www.comau.com\/de\/","logo":{"@type":"ImageObject","inLanguage":"de","@id":"https:\/\/www.comau.com\/de\/#\/schema\/logo\/image\/","url":"https:\/\/www.comau.com\/wp-content\/uploads\/2024\/07\/cropped-Logo-COMAU.png","contentUrl":"https:\/\/www.comau.com\/wp-content\/uploads\/2024\/07\/cropped-Logo-COMAU.png","width":434,"height":434,"caption":"Comau"},"image":{"@id":"https:\/\/www.comau.com\/de\/#\/schema\/logo\/image\/"},"sameAs":["https:\/\/www.facebook.com\/COMAU\/","https:\/\/x.com\/comaugroup","https:\/\/www.instagram.com\/comaugroup\/","https:\/\/www.linkedin.com\/company\/comau","https:\/\/www.youtube.com\/user\/comau"]}]}},"_links":{"self":[{"href":"https:\/\/www.comau.com\/de\/wp-json\/wp\/v2\/pages\/4916","targetHints":{"allow":["GET"]}}],"collection":[{"href":"https:\/\/www.comau.com\/de\/wp-json\/wp\/v2\/pages"}],"about":[{"href":"https:\/\/www.comau.com\/de\/wp-json\/wp\/v2\/types\/page"}],"author":[{"embeddable":true,"href":"https:\/\/www.comau.com\/de\/wp-json\/wp\/v2\/users\/11"}],"replies":[{"embeddable":true,"href":"https:\/\/www.comau.com\/de\/wp-json\/wp\/v2\/comments?post=4916"}],"version-history":[{"count":17,"href":"https:\/\/www.comau.com\/de\/wp-json\/wp\/v2\/pages\/4916\/revisions"}],"predecessor-version":[{"id":48556,"href":"https:\/\/www.comau.com\/de\/wp-json\/wp\/v2\/pages\/4916\/revisions\/48556"}],"up":[{"embeddable":true,"href":"https:\/\/www.comau.com\/de\/wp-json\/wp\/v2\/pages\/4831"}],"wp:featuredmedia":[{"embeddable":true,"href":"https:\/\/www.comau.com\/de\/wp-json\/wp\/v2\/media\/4924"}],"wp:attachment":[{"href":"https:\/\/www.comau.com\/de\/wp-json\/wp\/v2\/media?parent=4916"}],"curies":[{"name":"wp","href":"https:\/\/api.w.org\/{rel}","templated":true}]}}