{"id":49082,"date":"2023-04-13T02:28:18","date_gmt":"2023-04-13T00:28:18","guid":{"rendered":"https:\/\/www.comau.com\/?page_id=49082"},"modified":"2023-04-13T12:40:57","modified_gmt":"2023-04-13T10:40:57","slug":"comau-erhoeht-die-produktionsflexibilitaet-fuer-hycan","status":"publish","type":"page","link":"https:\/\/www.comau.com\/de\/about-us\/success-stories\/comau-erhoeht-die-produktionsflexibilitaet-fuer-hycan\/","title":{"rendered":"Comau erh\u00f6ht die produktionsflexibilit\u00e4t f\u00fcr Hycan\u00a0mit einer innovativen karosserie-schweissl\u00f6sung"},"content":{"rendered":"\n<div class=\"wp-block-group mt-5\"><div class=\"wp-block-group__inner-container is-layout-flow wp-block-group-is-layout-flow\">\n<p>Die Anforderungen der Verbraucher an hochwertige Fahrzeuge steigen, und gleichzeitig wird die Marktnachfrage immer vielf\u00e4ltiger und individueller. Infolgedessen hat sich die Automobilfertigung allm\u00e4hlich von der Massenproduktion zu einer Montage mit mehreren Varianten und niedrigeren Volumen entwickelt. Um dieser Herausforderung zu begegnen, konzentrieren sich Autohersteller auf Produktionsmethoden, die sich an diesen Markttrend anpassen, indem sie den Modellwechselzyklus verk\u00fcrzen und die Modellerneuerung beschleunigen. Das bedeutet, dass eine Produktionslinie die Aufgabe der Co-Line-Produktion f\u00fcr mehrere Modelle \u00fcbernehmen muss, um so eine h\u00f6here Kosteneffizienz und mehr Flexibilit\u00e4t f\u00fcr die Rohkarosserie-Produktionslinie zu erreichen.<\/p>\n\n\n\n<p>Hycan Automotive Technology Co., Ltd. \u2013 2018 gegr\u00fcndet &#8211; ist auf die Entwicklung und den Service alternativ angetriebener Fahrzeuge spezialisiert, mit einem strategischen Fokus darauf, junge Verbraucher auf dem chinesischen Markt anzuziehen. Angesichts der vielf\u00e4ltigen Vorlieben seiner Zielgruppen, der Notwendigkeit, in k\u00fcrzester Zeit ein umfangreiches Produktsortiment zu entwickeln, und der schnellen Iteration seines Angebots beauftragte der chinesische Elektrofahrzeughersteller Comau mit dem Aufbau einer \u00e4u\u00dferst flexiblen Schwei\u00dfmontagelinie, die mit den wachsenden Produktionsanforderungen Schritt halten konnte.&nbsp;<br><\/p>\n<\/div><\/div>\n\n\n\n<div class=\"wp-block-group wide-section-light-1 py-5 my-5\"><div class=\"wp-block-group__inner-container is-layout-flow wp-block-group-is-layout-flow\">\n<blockquote class=\"wp-block-quote is-layout-flow wp-block-quote-is-layout-flow\">\n<p><em>Die Ergebnisse der ersten Zusammenarbeit zwischen Hycan und Comau sind sehr zufriedenstellend. Die Innovation von Comau in den Bereichen F&amp;E und professionelles Engineering-Management w\u00e4hrend des gesamten Projekts hat seine Position als Marktf\u00fchrer bei Karosseriel\u00f6sungen unter Beweis gestellt und eine wichtige Garantie f\u00fcr die Verarbeitungseffizienz und Qualit\u00e4t unseres ersten Modellproduktionsprojekts gegeben<\/em><\/p>\n<cite><em>Feng Yiqiang, Leiter<\/em> von Hycan Intelligent Process.<\/cite><\/blockquote>\n<\/div><\/div>\n\n\n\n<div class=\"wp-block-columns is-layout-flex wp-container-core-columns-is-layout-9d6595d7 wp-block-columns-is-layout-flex\">\n<div class=\"wp-block-column is-layout-flow wp-block-column-is-layout-flow\">\n<h2 class=\"h3 wp-block-heading\" id=\"the-challenge\">Die Herausfoderung<\/h2>\n\n\n\n<p>Hycan ben\u00f6tigte eine Montagel\u00f6sung, die die Anforderungen der kundenspezifischen Massenproduktion erf\u00fcllen und gleichzeitig Kosten sparen und die Zykluseffizienz verbessern konnte. Da die Initiative jedoch das erste Produktionsprojekt seit ihrer Gr\u00fcndung darstellen w\u00fcrde, musste die Kompatibilit\u00e4t mit den ausgereiften Modellen und den bestehenden Fertigungsplattformen, die der Joint-Venture-Partner GAC Group nutzt, in erheblichem Ma\u00dfe ber\u00fccksichtigt werden.<\/p>\n\n\n\n<p>Mit anderen Worten: Comau musste die Kompatibilit\u00e4t mit bestehenden Produktionsplattformen sicherstellen und die neuen Hycan-Modelle nahtlos einf\u00fchren, anpassen und skalieren. Comau musste Hycan auch in Zukunft volle Flexibilit\u00e4t garantieren. Schlie\u00dflich m\u00fcsste die L\u00f6sung eine Zykluseffizienz von 60&nbsp;Jobs pro Stunde (JPH) erreichen, um die vom Kunden angestrebte Produktionskapazit\u00e4t zu unterst\u00fctzen.<\/p>\n<\/div>\n\n\n\n<div class=\"wp-block-column is-layout-flow wp-block-column-is-layout-flow\">\n<h2 class=\"h3 wp-block-heading\" id=\"the-solution\">Die L\u00f6sung<\/h2>\n\n\n\n<p>Die Ingenieure von Comau nahmen sich vor, eine \u00e4u\u00dferst flexible Schwei\u00dflinie zu entwerfen, die die Produktion mehrerer Fahrzeugtypen auf einmal und gleichzeitig auch die Anpassung der Produktionsmengen an die Marktbedingungen erm\u00f6glichen w\u00fcrde. Dies wiederum w\u00fcrde den Produktionszyklus erheblich verk\u00fcrzen und die F\u00e4higkeit, die Anforderungen der Kunden an die Produktdiversifizierung zu erf\u00fcllen, sicherstellen.&nbsp;<\/p>\n\n\n\n<p>Dank seiner <a href=\"https:\/\/www.comau.com\/de\/about-us\/\" target=\"_blank\" rel=\"noreferrer noopener\">langj\u00e4hrigen Expertise<\/a> in Verbindung mit Prozess- und Design-Exzellenz entwickelte Comau eine hochintelligente Karosserielinienl\u00f6sung, die das Engagement f\u00fcr die Verbesserung von Flexibilit\u00e4t und Effizienz bei der <a href=\"https:\/\/www.comau.com\/de\/competencies\/body-assembly\/\" target=\"_blank\" rel=\"noreferrer noopener\">Karosseriemontage widerspiegelt<\/a>. Das innovative Schwei\u00dfsystem zeichnet sich durch die eigenst\u00e4ndige Entwicklung und Transformation seines \u00dcbertragungsmechanismus aus. Dank einer intelligenten Kombination aus \u00dcbertragungsmodus und flexibler Servopositionierung, die durch die Opengate Rohkarosseriemontage und virtuelle Inbetriebnahmetechnologien von Comau weiter unterst\u00fctzt wird, sorgt die Komplettl\u00f6sung f\u00fcr die modell\u00fcbergreifende Fertigung, schnelle Zykluszeiten und eine konkrete Reduzierung von Produktionsverlusten.<\/p>\n\n\n\n<p>Um die Probleme bez\u00fcglich Einf\u00fchrung neuer Fahrzeuge, langsamer Schaltgeschwindigkeit und hoher Kosten zu l\u00f6sen, haben die Ingenieure von Comau zwei Monate damit verbracht, die Shuttle-basierte F\u00f6rdermethode der Karosserielinie zu ver\u00e4ndern und sie mit einem flexiblen Servopositionierungsmechanismus zu kombinieren. Auf diese Weise k\u00f6nnen die Kostenvorteile und die Verbesserung der Zykluszeit auf beide L\u00f6sungen angewendet werden. Dazu werden die niedrigen Kosten und die hohe Geschwindigkeit der \u00dcbertragungsl\u00f6sung mit der einfachen Skalierbarkeit und hohen Wiederholbarkeit der NC Locator Vorrichtungsl\u00f6sung kombiniert.<\/p>\n\n\n\n<p>Ein weiterer wesentlicher Bestandteil der Linie ist das <a href=\"https:\/\/www.comau.com\/de\/competencies\/systems\/loesungen\/open-robogate\/\" target=\"_blank\" rel=\"noreferrer noopener\">Opengate-Montagesystem<\/a> von Comau, das eine flexible, \u00e4u\u00dferst pr\u00e4zise Rohkarosseriemontage erm\u00f6glicht, da die Vorrichtung f\u00fcr verschiedene Modelle auf ihren jeweiligen verbundenen F\u00fchrungsschienen platziert wird. Auf diese Weise ist es bei der Vorrichtungs- und Modellumstellung lediglich erforderlich, die Vorrichtung verschiedener Modelle zur Montagestation zu bewegen.&nbsp;<\/p>\n<\/div>\n<\/div>\n\n\n\n<div class=\"wp-block-group wide-section-light-1 py-5 my-5\"><div class=\"wp-block-group__inner-container is-layout-flow wp-block-group-is-layout-flow\">\n<div class=\"wp-block-group wide-section-light-1 py-5 my-5\"><div class=\"wp-block-group__inner-container is-layout-flow wp-block-group-is-layout-flow\">\n<h2 class=\"h2 wp-block-heading\" id=\"the-results\">Das Ergebnis<\/h2>\n\n\n\n<p>In Zusammenarbeit mit Hycan hat Comau einen flexiblen automatisierten Produktionsmodus entwickelt, der nach dem Zufallsprinzip zwischen vier verschiedenen Plattformen wechseln kann. So hat Comau eine innovative Schwei\u00dfanlage entwickelt und eingesetzt, die den Kundenanforderungen an fortschrittliche, ma\u00dfgeschneiderte Karosseriel\u00f6sungen gerecht wird.&nbsp;<\/p>\n\n\n\n<p>Dank einer Automatisierungsrate von 100&nbsp;% bei einer GAE (Gesamtanlageneffektivit\u00e4t) von \u00fcber 90% garantiert die von Comau entwickelte L\u00f6sung wie vom Kunden gefordert eine j\u00e4hrliche Produktionskapazit\u00e4t von bis zu 200.000&nbsp;Einheiten. Dar\u00fcber hinaus erm\u00f6glicht die Flexibilit\u00e4t des Opengate-Montagesystems die Anpassung an die Co-Line-Produktion mehrerer Produkte, unabh\u00e4ngig davon, ob eine provisorische Verbindung erforderlich ist. Und da es die zuf\u00e4llige Mischproduktion von 1 bis 6&nbsp;Modellen erm\u00f6glicht, kann Hycan damit eine echte Null-Verlust-Produktion erreichen.<\/p>\n\n\n\n<p>Das Projekt wurde am Standort <a href=\"https:\/\/www.hycan.com.cn\/\" target=\"_blank\" rel=\"noreferrer noopener\">Hycan<\/a> Hangzhou in Betrieb genommen und stellt dort nun in Massenproduktion die rein elektrische, intelligente Limousine A06 und den trendigen smart fahrenden rein elektrischen SUV Z03 her.<\/p>\n\n\n\n<div class=\"wp-block-columns is-layout-flex wp-container-core-columns-is-layout-9d6595d7 wp-block-columns-is-layout-flex\">\n<div class=\"wp-block-column is-layout-flow wp-block-column-is-layout-flow\">\n<div class=\"wp-block-getwid-counter \u00b0\"><div class=\"wp-block-getwid-counter__wrapper\" data-start=\"0\" data-end=\"90\" data-decimal-places=\"0\" data-duration=\"\" data-use-easing=\"true\" data-use-grouping=\"true\" data-separator=\",\" data-decimal=\".\" data-easing-fn=\"outExpo\" data-numerals=\"default\"><p class=\"wp-block-getwid-counter__prefix\">&gt;<\/p><span class=\"wp-block-getwid-counter__number\">0<\/span><p class=\"wp-block-getwid-counter__suffix\">%<\/p><\/div><\/div>\n\n\n\n<p>Gesamtanlageneffektivit\u00e4t<\/p>\n<\/div>\n\n\n\n<div class=\"wp-block-column is-layout-flow wp-block-column-is-layout-flow\">\n<div class=\"wp-block-getwid-counter\"><div class=\"wp-block-getwid-counter__wrapper\" data-start=\"0\" data-end=\"200\" data-decimal-places=\"0\" data-duration=\"3\" data-use-easing=\"true\" data-use-grouping=\"true\" data-separator=\",\" data-decimal=\".\" data-easing-fn=\"outExpo\" data-numerals=\"default\"><span class=\"wp-block-getwid-counter__number\">0<\/span><p class=\"wp-block-getwid-counter__suffix\">K<\/p><\/div><\/div>\n\n\n\n<p>j\u00e4hrliche Produktionskapazit\u00e4t<\/p>\n<\/div>\n\n\n\n<div class=\"wp-block-column is-layout-flow wp-block-column-is-layout-flow\">\n<div class=\"wp-block-getwid-counter\"><div class=\"wp-block-getwid-counter__wrapper\" data-start=\"0\" data-end=\"6\" data-decimal-places=\"0\" data-duration=\"3\" data-use-easing=\"true\" data-use-grouping=\"true\" data-separator=\",\" data-decimal=\".\" data-easing-fn=\"outExpo\" data-numerals=\"default\"><span class=\"wp-block-getwid-counter__number\">0<\/span><\/div><\/div>\n\n\n\n<p>Zuf\u00e4llige Mischproduktion von bis zu 6&nbsp;Modellen<\/p>\n<\/div>\n\n\n\n<div class=\"wp-block-column is-layout-flow wp-block-column-is-layout-flow\"><\/div>\n<\/div>\n<\/div><\/div>\n<\/div><\/div>\n","protected":false},"excerpt":{"rendered":"<p>Die Anforderungen der Verbraucher an hochwertige Fahrzeuge steigen, und gleichzeitig wird die Marktnachfrage immer vielf\u00e4ltiger und individueller. Infolgedessen hat sich die Automobilfertigung allm\u00e4hlich von der Massenproduktion zu einer Montage mit mehreren Varianten und niedrigeren Volumen entwickelt. Um dieser Herausforderung zu begegnen, konzentrieren sich Autohersteller auf Produktionsmethoden, die sich an diesen Markttrend anpassen, indem sie den [&hellip;]<\/p>\n","protected":false},"author":19,"featured_media":52329,"parent":41299,"menu_order":3,"comment_status":"closed","ping_status":"closed","template":"","meta":{"_acf_changed":false,"ep_exclude_from_search":false,"footnotes":""},"class_list":["post-49082","page","type-page","status-publish","has-post-thumbnail","hentry"],"acf":[],"yoast_head":"<!-- This site is optimized with the Yoast SEO plugin v26.9 - https:\/\/yoast.com\/product\/yoast-seo-wordpress\/ -->\n<title>Comau gew\u00e4hrt produktionsflexibilit\u00e4t f\u00fcr Hycan EVs<\/title>\n<meta name=\"description\" content=\"Das produktionsflexibilit\u00e4t gew\u00e4hrleistet die Herstellung mehrerer Modelle von Fahrzeugen mit neuer Energie\" \/>\n<meta name=\"robots\" content=\"index, follow, max-snippet:-1, max-image-preview:large, max-video-preview:-1\" \/>\n<link rel=\"canonical\" href=\"https:\/\/www.comau.com\/de\/about-us\/success-stories\/comau-erhoeht-die-produktionsflexibilitaet-fuer-hycan\/\" \/>\n<meta property=\"og:locale\" content=\"de_DE\" \/>\n<meta property=\"og:type\" content=\"article\" \/>\n<meta property=\"og:title\" content=\"Comau gew\u00e4hrt produktionsflexibilit\u00e4t f\u00fcr Hycan EVs\" \/>\n<meta property=\"og:description\" content=\"Das produktionsflexibilit\u00e4t gew\u00e4hrleistet die Herstellung mehrerer Modelle von Fahrzeugen mit neuer Energie\" \/>\n<meta property=\"og:url\" content=\"https:\/\/www.comau.com\/de\/about-us\/success-stories\/comau-erhoeht-die-produktionsflexibilitaet-fuer-hycan\/\" \/>\n<meta property=\"og:site_name\" content=\"Comau\" \/>\n<meta property=\"article:publisher\" content=\"https:\/\/www.facebook.com\/COMAU\/\" \/>\n<meta property=\"article:modified_time\" content=\"2023-04-13T10:40:57+00:00\" \/>\n<meta property=\"og:image\" content=\"https:\/\/www.comau.com\/wp-content\/uploads\/2023\/04\/The-welding-area-of-mainline-integrating-underbodybody-side-scaled.jpg\" \/>\n\t<meta property=\"og:image:width\" content=\"1922\" \/>\n\t<meta property=\"og:image:height\" content=\"2560\" \/>\n\t<meta property=\"og:image:type\" content=\"image\/jpeg\" \/>\n<meta name=\"twitter:card\" content=\"summary_large_image\" \/>\n<meta name=\"twitter:site\" content=\"@comaugroup\" \/>\n<meta name=\"twitter:label1\" content=\"Gesch\u00e4tzte Lesezeit\" \/>\n\t<meta name=\"twitter:data1\" content=\"4\u00a0Minuten\" \/>\n<script type=\"application\/ld+json\" class=\"yoast-schema-graph\">{\"@context\":\"https:\/\/schema.org\",\"@graph\":[{\"@type\":\"WebPage\",\"@id\":\"https:\/\/www.comau.com\/de\/about-us\/success-stories\/comau-erhoeht-die-produktionsflexibilitaet-fuer-hycan\/\",\"url\":\"https:\/\/www.comau.com\/de\/about-us\/success-stories\/comau-erhoeht-die-produktionsflexibilitaet-fuer-hycan\/\",\"name\":\"Comau gew\u00e4hrt produktionsflexibilit\u00e4t f\u00fcr Hycan EVs\",\"isPartOf\":{\"@id\":\"https:\/\/www.comau.com\/de\/#website\"},\"primaryImageOfPage\":{\"@id\":\"https:\/\/www.comau.com\/de\/about-us\/success-stories\/comau-erhoeht-die-produktionsflexibilitaet-fuer-hycan\/#primaryimage\"},\"image\":{\"@id\":\"https:\/\/www.comau.com\/de\/about-us\/success-stories\/comau-erhoeht-die-produktionsflexibilitaet-fuer-hycan\/#primaryimage\"},\"thumbnailUrl\":\"https:\/\/www.comau.com\/wp-content\/uploads\/2023\/04\/The-welding-area-of-mainline-integrating-underbodybody-side-scaled.jpg\",\"datePublished\":\"2023-04-13T00:28:18+00:00\",\"dateModified\":\"2023-04-13T10:40:57+00:00\",\"description\":\"Das produktionsflexibilit\u00e4t gew\u00e4hrleistet die Herstellung mehrerer Modelle von Fahrzeugen mit neuer Energie\",\"breadcrumb\":{\"@id\":\"https:\/\/www.comau.com\/de\/about-us\/success-stories\/comau-erhoeht-die-produktionsflexibilitaet-fuer-hycan\/#breadcrumb\"},\"inLanguage\":\"de\",\"potentialAction\":[{\"@type\":\"ReadAction\",\"target\":[\"https:\/\/www.comau.com\/de\/about-us\/success-stories\/comau-erhoeht-die-produktionsflexibilitaet-fuer-hycan\/\"]}]},{\"@type\":\"ImageObject\",\"inLanguage\":\"de\",\"@id\":\"https:\/\/www.comau.com\/de\/about-us\/success-stories\/comau-erhoeht-die-produktionsflexibilitaet-fuer-hycan\/#primaryimage\",\"url\":\"https:\/\/www.comau.com\/wp-content\/uploads\/2023\/04\/The-welding-area-of-mainline-integrating-underbodybody-side-scaled.jpg\",\"contentUrl\":\"https:\/\/www.comau.com\/wp-content\/uploads\/2023\/04\/The-welding-area-of-mainline-integrating-underbodybody-side-scaled.jpg\",\"width\":1922,\"height\":2560,\"caption\":\"The-welding-area-of-mainline-integrating-underbodybody\"},{\"@type\":\"BreadcrumbList\",\"@id\":\"https:\/\/www.comau.com\/de\/about-us\/success-stories\/comau-erhoeht-die-produktionsflexibilitaet-fuer-hycan\/#breadcrumb\",\"itemListElement\":[{\"@type\":\"ListItem\",\"position\":1,\"name\":\"Home\",\"item\":\"https:\/\/www.comau.com\/de\/\"},{\"@type\":\"ListItem\",\"position\":2,\"name\":\"\u00dcber Comau\",\"item\":\"https:\/\/www.comau.com\/de\/about-us\/\"},{\"@type\":\"ListItem\",\"position\":3,\"name\":\"Erfolgsgeschichten\",\"item\":\"https:\/\/www.comau.com\/de\/about-us\/success-stories\/\"},{\"@type\":\"ListItem\",\"position\":4,\"name\":\"Comau erh\u00f6ht die produktionsflexibilit\u00e4t f\u00fcr Hycan\u00a0mit einer innovativen karosserie-schweissl\u00f6sung\"}]},{\"@type\":\"WebSite\",\"@id\":\"https:\/\/www.comau.com\/de\/#website\",\"url\":\"https:\/\/www.comau.com\/de\/\",\"name\":\"Comau\",\"description\":\"Industrial automation and robotics\",\"publisher\":{\"@id\":\"https:\/\/www.comau.com\/de\/#organization\"},\"potentialAction\":[{\"@type\":\"SearchAction\",\"target\":{\"@type\":\"EntryPoint\",\"urlTemplate\":\"https:\/\/www.comau.com\/de\/?s={search_term_string}\"},\"query-input\":{\"@type\":\"PropertyValueSpecification\",\"valueRequired\":true,\"valueName\":\"search_term_string\"}}],\"inLanguage\":\"de\"},{\"@type\":\"Organization\",\"@id\":\"https:\/\/www.comau.com\/de\/#organization\",\"name\":\"Comau\",\"url\":\"https:\/\/www.comau.com\/de\/\",\"logo\":{\"@type\":\"ImageObject\",\"inLanguage\":\"de\",\"@id\":\"https:\/\/www.comau.com\/de\/#\/schema\/logo\/image\/\",\"url\":\"https:\/\/www.comau.com\/wp-content\/uploads\/2024\/07\/cropped-Logo-COMAU.png\",\"contentUrl\":\"https:\/\/www.comau.com\/wp-content\/uploads\/2024\/07\/cropped-Logo-COMAU.png\",\"width\":434,\"height\":434,\"caption\":\"Comau\"},\"image\":{\"@id\":\"https:\/\/www.comau.com\/de\/#\/schema\/logo\/image\/\"},\"sameAs\":[\"https:\/\/www.facebook.com\/COMAU\/\",\"https:\/\/x.com\/comaugroup\",\"https:\/\/www.instagram.com\/comaugroup\/\",\"https:\/\/www.linkedin.com\/company\/comau\",\"https:\/\/www.youtube.com\/user\/comau\"]}]}<\/script>\n<!-- \/ Yoast SEO plugin. -->","yoast_head_json":{"title":"Comau gew\u00e4hrt produktionsflexibilit\u00e4t f\u00fcr Hycan EVs","description":"Das produktionsflexibilit\u00e4t gew\u00e4hrleistet die Herstellung mehrerer Modelle von Fahrzeugen mit neuer Energie","robots":{"index":"index","follow":"follow","max-snippet":"max-snippet:-1","max-image-preview":"max-image-preview:large","max-video-preview":"max-video-preview:-1"},"canonical":"https:\/\/www.comau.com\/de\/about-us\/success-stories\/comau-erhoeht-die-produktionsflexibilitaet-fuer-hycan\/","og_locale":"de_DE","og_type":"article","og_title":"Comau gew\u00e4hrt produktionsflexibilit\u00e4t f\u00fcr Hycan EVs","og_description":"Das produktionsflexibilit\u00e4t gew\u00e4hrleistet die Herstellung mehrerer Modelle von Fahrzeugen mit neuer Energie","og_url":"https:\/\/www.comau.com\/de\/about-us\/success-stories\/comau-erhoeht-die-produktionsflexibilitaet-fuer-hycan\/","og_site_name":"Comau","article_publisher":"https:\/\/www.facebook.com\/COMAU\/","article_modified_time":"2023-04-13T10:40:57+00:00","og_image":[{"width":1922,"height":2560,"url":"https:\/\/www.comau.com\/wp-content\/uploads\/2023\/04\/The-welding-area-of-mainline-integrating-underbodybody-side-scaled.jpg","type":"image\/jpeg"}],"twitter_card":"summary_large_image","twitter_site":"@comaugroup","twitter_misc":{"Gesch\u00e4tzte Lesezeit":"4\u00a0Minuten"},"schema":{"@context":"https:\/\/schema.org","@graph":[{"@type":"WebPage","@id":"https:\/\/www.comau.com\/de\/about-us\/success-stories\/comau-erhoeht-die-produktionsflexibilitaet-fuer-hycan\/","url":"https:\/\/www.comau.com\/de\/about-us\/success-stories\/comau-erhoeht-die-produktionsflexibilitaet-fuer-hycan\/","name":"Comau gew\u00e4hrt produktionsflexibilit\u00e4t f\u00fcr Hycan EVs","isPartOf":{"@id":"https:\/\/www.comau.com\/de\/#website"},"primaryImageOfPage":{"@id":"https:\/\/www.comau.com\/de\/about-us\/success-stories\/comau-erhoeht-die-produktionsflexibilitaet-fuer-hycan\/#primaryimage"},"image":{"@id":"https:\/\/www.comau.com\/de\/about-us\/success-stories\/comau-erhoeht-die-produktionsflexibilitaet-fuer-hycan\/#primaryimage"},"thumbnailUrl":"https:\/\/www.comau.com\/wp-content\/uploads\/2023\/04\/The-welding-area-of-mainline-integrating-underbodybody-side-scaled.jpg","datePublished":"2023-04-13T00:28:18+00:00","dateModified":"2023-04-13T10:40:57+00:00","description":"Das produktionsflexibilit\u00e4t gew\u00e4hrleistet die Herstellung mehrerer Modelle von Fahrzeugen mit neuer Energie","breadcrumb":{"@id":"https:\/\/www.comau.com\/de\/about-us\/success-stories\/comau-erhoeht-die-produktionsflexibilitaet-fuer-hycan\/#breadcrumb"},"inLanguage":"de","potentialAction":[{"@type":"ReadAction","target":["https:\/\/www.comau.com\/de\/about-us\/success-stories\/comau-erhoeht-die-produktionsflexibilitaet-fuer-hycan\/"]}]},{"@type":"ImageObject","inLanguage":"de","@id":"https:\/\/www.comau.com\/de\/about-us\/success-stories\/comau-erhoeht-die-produktionsflexibilitaet-fuer-hycan\/#primaryimage","url":"https:\/\/www.comau.com\/wp-content\/uploads\/2023\/04\/The-welding-area-of-mainline-integrating-underbodybody-side-scaled.jpg","contentUrl":"https:\/\/www.comau.com\/wp-content\/uploads\/2023\/04\/The-welding-area-of-mainline-integrating-underbodybody-side-scaled.jpg","width":1922,"height":2560,"caption":"The-welding-area-of-mainline-integrating-underbodybody"},{"@type":"BreadcrumbList","@id":"https:\/\/www.comau.com\/de\/about-us\/success-stories\/comau-erhoeht-die-produktionsflexibilitaet-fuer-hycan\/#breadcrumb","itemListElement":[{"@type":"ListItem","position":1,"name":"Home","item":"https:\/\/www.comau.com\/de\/"},{"@type":"ListItem","position":2,"name":"\u00dcber Comau","item":"https:\/\/www.comau.com\/de\/about-us\/"},{"@type":"ListItem","position":3,"name":"Erfolgsgeschichten","item":"https:\/\/www.comau.com\/de\/about-us\/success-stories\/"},{"@type":"ListItem","position":4,"name":"Comau erh\u00f6ht die produktionsflexibilit\u00e4t f\u00fcr Hycan\u00a0mit einer innovativen karosserie-schweissl\u00f6sung"}]},{"@type":"WebSite","@id":"https:\/\/www.comau.com\/de\/#website","url":"https:\/\/www.comau.com\/de\/","name":"Comau","description":"Industrial automation and robotics","publisher":{"@id":"https:\/\/www.comau.com\/de\/#organization"},"potentialAction":[{"@type":"SearchAction","target":{"@type":"EntryPoint","urlTemplate":"https:\/\/www.comau.com\/de\/?s={search_term_string}"},"query-input":{"@type":"PropertyValueSpecification","valueRequired":true,"valueName":"search_term_string"}}],"inLanguage":"de"},{"@type":"Organization","@id":"https:\/\/www.comau.com\/de\/#organization","name":"Comau","url":"https:\/\/www.comau.com\/de\/","logo":{"@type":"ImageObject","inLanguage":"de","@id":"https:\/\/www.comau.com\/de\/#\/schema\/logo\/image\/","url":"https:\/\/www.comau.com\/wp-content\/uploads\/2024\/07\/cropped-Logo-COMAU.png","contentUrl":"https:\/\/www.comau.com\/wp-content\/uploads\/2024\/07\/cropped-Logo-COMAU.png","width":434,"height":434,"caption":"Comau"},"image":{"@id":"https:\/\/www.comau.com\/de\/#\/schema\/logo\/image\/"},"sameAs":["https:\/\/www.facebook.com\/COMAU\/","https:\/\/x.com\/comaugroup","https:\/\/www.instagram.com\/comaugroup\/","https:\/\/www.linkedin.com\/company\/comau","https:\/\/www.youtube.com\/user\/comau"]}]}},"_links":{"self":[{"href":"https:\/\/www.comau.com\/de\/wp-json\/wp\/v2\/pages\/49082","targetHints":{"allow":["GET"]}}],"collection":[{"href":"https:\/\/www.comau.com\/de\/wp-json\/wp\/v2\/pages"}],"about":[{"href":"https:\/\/www.comau.com\/de\/wp-json\/wp\/v2\/types\/page"}],"author":[{"embeddable":true,"href":"https:\/\/www.comau.com\/de\/wp-json\/wp\/v2\/users\/19"}],"replies":[{"embeddable":true,"href":"https:\/\/www.comau.com\/de\/wp-json\/wp\/v2\/comments?post=49082"}],"version-history":[{"count":23,"href":"https:\/\/www.comau.com\/de\/wp-json\/wp\/v2\/pages\/49082\/revisions"}],"predecessor-version":[{"id":52475,"href":"https:\/\/www.comau.com\/de\/wp-json\/wp\/v2\/pages\/49082\/revisions\/52475"}],"up":[{"embeddable":true,"href":"https:\/\/www.comau.com\/de\/wp-json\/wp\/v2\/pages\/41299"}],"wp:featuredmedia":[{"embeddable":true,"href":"https:\/\/www.comau.com\/de\/wp-json\/wp\/v2\/media\/52329"}],"wp:attachment":[{"href":"https:\/\/www.comau.com\/de\/wp-json\/wp\/v2\/media?parent=49082"}],"curies":[{"name":"wp","href":"https:\/\/api.w.org\/{rel}","templated":true}]}}