{"id":49002,"date":"2022-11-22T01:54:49","date_gmt":"2022-11-22T00:54:49","guid":{"rendered":"https:\/\/www.comau.com\/?page_id=49002"},"modified":"2022-12-15T22:40:57","modified_gmt":"2022-12-15T21:40:57","slug":"intelligente-robotik","status":"publish","type":"page","link":"https:\/\/www.comau.com\/de\/competencies\/robotics-automation\/intelligente-robotik\/","title":{"rendered":"Intelligente Robotik"},"content":{"rendered":"\n<h2 class=\"wp-block-heading\"><strong>Intelligente Automatisierung Wirklichkeit werden lassen<\/strong><\/h2>\n\n\n\n<p>Stellen Sie sich die Leistungsf\u00e4higkeit eines offenen, benutzerfreundlichen Automatisierungsparadigmas vor, das auf intelligenten Robotern basiert, die flexibel genug sind, um sich dynamisch an Ver\u00e4nderungen in der Produktionsumgebung anzupassen. Mit vollst\u00e4ndig integrierten Systemen, die Prozesse selbst optimieren, Qualit\u00e4t garantieren, Kosten senken und die Rekonfigurierbarkeit beschleunigen k\u00f6nnen..<\/p>\n\n\n\n<h2 class=\"wp-block-heading\"><strong>Roboter in die Lage versetzen, das Unerwartete zu bew\u00e4ltigen<\/strong><\/h2>\n\n\n\n<p>Durch die Konvergenz <a href=\"https:\/\/www.comau.com\/de\/competencies\/products-solutions\/mi-ra\/\" target=\"_blank\" rel=\"noreferrer noopener\">spezialisierter Vision Systeme<\/a>, <a href=\"https:\/\/www.comau.com\/de\/competencies\/products-solutions\/robot-team\/\" target=\"_blank\" rel=\"noreferrer noopener\">fortschrittlicher Robotik<\/a>, maschineller Inspektion und <a href=\"https:\/\/www.comau.com\/de\/competencies\/robotics-automation\/thermography\/\" target=\"_blank\" rel=\"noreferrer noopener\">k\u00fcnstlicher Intelligenz<\/a> k\u00f6nnen unsere Roboter kundenspezifische Anpassungen, Ver\u00e4nderungen und dynamische Prozesse bew\u00e4ltigen. Dies wiederum f\u00fchrt zu intelligenteren Produktionssystemen, intelligenteren Fabriken und einer besseren Gesamtleistung.<\/p>\n\n\n\n<p>Da <a href=\"https:\/\/www.comau.com\/de\/competencies\/products-solutions\/robot-team\/\" target=\"_blank\" rel=\"noreferrer noopener\">Roboter<\/a> zunehmend lernen, mit dem Unerwarteten umzugehen, helfen sie Ihnen, Zeit und Kosten zu sparen und gleichzeitig Ihre F\u00e4higkeit zu festigen, aktuelle und zuk\u00fcnftige Produktionsanforderungen zu erf\u00fcllen.<\/p>\n\n\n\n<div class=\"wp-block-columns columns-bg-dark is-layout-flex wp-container-core-columns-is-layout-9d6595d7 wp-block-columns-is-layout-flex\">\n<div class=\"wp-block-column is-layout-flow wp-block-column-is-layout-flow\">\n<h3 class=\"wp-block-heading\">Erweiterte Funktionen<br>vereinfach<strong>t<\/strong><\/h3>\n\n\n\n<p>Da Mensch und Roboter in der Produktionsumgebung zunehmend harmonisch zusammenarbeiten, werden Flexibilit\u00e4t und Produktivit\u00e4t gesteigert. Roboter verstehen menschliche Syntaxanweisungen und \u00fcbersetzen sie selbstst\u00e4ndig in Codes.<\/p>\n<\/div>\n\n\n\n<div class=\"wp-block-column is-layout-flow wp-block-column-is-layout-flow\">\n<h3 class=\"wp-block-heading\">Dynamische Fertigung<br>leicht gemacht<\/h3>\n\n\n\n<p>Die Technologie-Enabler von Comau f\u00f6rdern die agile Fertigung. Sensoren und Vision Systeme erm\u00f6glichen es Robotern, zu sehen, was vor sich geht, die reale Welt zu verstehen, bestehende M\u00f6glichkeiten zu identifizieren und basierend auf<br>variablen Eingaben zu planen und vorzugehen<\/p>\n<\/div>\n\n\n\n<div class=\"wp-block-column is-layout-flow wp-block-column-is-layout-flow\">\n<h3 class=\"wp-block-heading\">Prozess- und Systemsichtbarkeit<br>in Echtzeit<\/h3>\n\n\n\n<p>Von der Leistungs- und Statusanalyse in Echtzeit bis hin zur automatisierten R\u00fcckverfolgbarkeit von Teilen und der Qualit\u00e4t der Ausgabe&nbsp;\u2013 mit der umfassenden Digitalisierung der Zellen k\u00f6nnen Sie Parameter steuern und Prozess- oder Materialabweichungen sofort in Echtzeit korrigieren<\/p>\n<\/div>\n<\/div>\n\n\n\n<h2 class=\"wp-block-heading\" id=\"our-solutions\"><strong>Die wichtigsten Vorteile der intelligenten Robotik von Comau<\/strong><\/h2>\n\n\n\n<div style=\"height:15px\" aria-hidden=\"true\" class=\"wp-block-spacer\"><\/div>\n\n\n\n<div class=\"wp-block-getwid-image-box has-image-left has-text-center has-mobile-layout-default has-mobile-alignment-default\"><div class=\"wp-block-getwid-image-box__image-container is-position-top\"><div class=\"wp-block-getwid-image-box__image-wrapper\"><img decoding=\"async\" width=\"125\" height=\"95\" src=\"https:\/\/www.comau.com\/wp-content\/uploads\/2022\/11\/icon_flexibility-3.png\" alt=\"Flebility\" class=\"wp-block-getwid-image-box__image wp-image-49204\" \/><\/div><\/div><div class=\"wp-block-getwid-image-box__content\">\n<h3 class=\"has-text-align-left wp-block-heading\">Flexibilit\u00e4t<\/h3>\n\n\n\n<p class=\"has-text-align-left\">Mit intelligenteren autonomen Systemen k\u00f6nnen Roboter Variablen und dynamische Anforderungen lernen und darauf reagieren<\/p>\n<\/div><\/div>\n\n\n\n<div style=\"height:35px\" aria-hidden=\"true\" class=\"wp-block-spacer\"><\/div>\n\n\n\n<div class=\"wp-block-getwid-image-box has-image-left has-text-center has-mobile-layout-default has-mobile-alignment-default\"><div class=\"wp-block-getwid-image-box__image-container is-position-top\"><div class=\"wp-block-getwid-image-box__image-wrapper\"><img decoding=\"async\" width=\"125\" height=\"95\" src=\"https:\/\/www.comau.com\/wp-content\/uploads\/2022\/11\/icon_configuration-2.png\" alt=\"\" class=\"wp-block-getwid-image-box__image wp-image-49192\" \/><\/div><\/div><div class=\"wp-block-getwid-image-box__content\">\n<h3 class=\"has-text-align-left wp-block-heading\">Smarte Konfiguration<\/h3>\n\n\n\n<p class=\"has-text-align-left\">KI-basierte L\u00f6sungen erm\u00f6glichen die Einf\u00fchrung von vortrainierten Robotermodellen, die einen einfacheren und schnelleren Einsatz erm\u00f6glichen<\/p>\n<\/div><\/div>\n\n\n\n<div style=\"height:35px\" aria-hidden=\"true\" class=\"wp-block-spacer\"><\/div>\n\n\n\n<div class=\"wp-block-getwid-image-box has-image-left has-text-center has-mobile-layout-default has-mobile-alignment-default\"><div class=\"wp-block-getwid-image-box__image-container is-position-top\"><div class=\"wp-block-getwid-image-box__image-wrapper\"><img decoding=\"async\" width=\"125\" height=\"95\" src=\"https:\/\/www.comau.com\/wp-content\/uploads\/2022\/11\/icon_cost-saving-1.png\" alt=\"\" class=\"wp-block-getwid-image-box__image wp-image-49198\" \/><\/div><\/div><div class=\"wp-block-getwid-image-box__content\">\n<h3 class=\"has-text-align-left wp-block-heading\">Kosteneinsparung<\/h3>\n\n\n\n<p class=\"has-text-align-left\">Der Einsatz fortschrittlicher Software reduziert oder vermeidet zus\u00e4tzliche Kosten f\u00fcr Programmierung oder Kodierung<\/p>\n<\/div><\/div>\n\n\n\n<div style=\"height:35px\" aria-hidden=\"true\" class=\"wp-block-spacer\"><\/div>\n\n\n\n<div class=\"wp-block-getwid-image-box has-image-left has-text-center has-mobile-layout-default has-mobile-alignment-default\"><div class=\"wp-block-getwid-image-box__image-container is-position-top\"><div class=\"wp-block-getwid-image-box__image-wrapper\"><img decoding=\"async\" width=\"125\" height=\"95\" src=\"https:\/\/www.comau.com\/wp-content\/uploads\/2022\/11\/icon_human-robot-1.png\" alt=\"human-robot collaboration\" class=\"wp-block-getwid-image-box__image wp-image-49210\" \/><\/div><\/div><div class=\"wp-block-getwid-image-box__content\">\n<h3 class=\"has-text-align-left wp-block-heading\">Mensch-Roboter-Zusammenarbeit<\/h3>\n\n\n\n<p class=\"has-text-align-left\">KI hilft Robotern, sich an dynamische Situationen anzupassen und auf nat\u00fcrliche Weise mit Bedienern zu kommunizieren<\/p>\n<\/div><\/div>\n\n\n\n<div style=\"height:35px\" aria-hidden=\"true\" class=\"wp-block-spacer\"><\/div>\n\n\n\n<div class=\"wp-block-getwid-image-box has-image-left has-text-center has-mobile-layout-default has-mobile-alignment-default\"><div class=\"wp-block-getwid-image-box__image-container is-position-top\"><div class=\"wp-block-getwid-image-box__image-wrapper\"><img decoding=\"async\" width=\"125\" height=\"95\" src=\"https:\/\/www.comau.com\/wp-content\/uploads\/2022\/11\/icon_smaller-footprint-1.png\" alt=\"Smaller Footprint\" class=\"wp-block-getwid-image-box__image wp-image-49216\" \/><\/div><\/div><div class=\"wp-block-getwid-image-box__content\">\n<h3 class=\"has-text-align-left wp-block-heading\">Geringerer Platzbedarf<\/h3>\n\n\n\n<p class=\"has-text-align-left\">Kognitive Intelligenz unterst\u00fctzt die Bewegungssynchronisierung, reduziert das Kollisionsrisiko und letztendlich die Abst\u00e4nde zwischen den Robotern<\/p>\n<\/div><\/div>\n\n\n\n<div style=\"height:35px\" aria-hidden=\"true\" class=\"wp-block-spacer\"><\/div>\n\n\n\n<div class=\"wp-block-getwid-image-box has-image-left has-text-center has-mobile-layout-default has-mobile-alignment-default\"><div class=\"wp-block-getwid-image-box__image-container is-position-top\"><div class=\"wp-block-getwid-image-box__image-wrapper\"><img decoding=\"async\" width=\"125\" height=\"95\" src=\"https:\/\/www.comau.com\/wp-content\/uploads\/2022\/11\/icon_sustainability-1.png\" alt=\"Sustainability\" class=\"wp-block-getwid-image-box__image wp-image-49222\" \/><\/div><\/div><div class=\"wp-block-getwid-image-box__content\">\n<h3 class=\"has-text-align-left wp-block-heading\">Verbesserung der Nachhaltigkeit<\/h3>\n\n\n\n<p class=\"has-text-align-left\">Ausfallzeiten werden reduziert, die Effizienz erh\u00f6ht und weniger Energie verbraucht<\/p>\n<\/div><\/div>\n\n\n\n<hr class=\"wp-block-separator has-alpha-channel-opacity\" \/>\n\n\n\n<div class=\"wp-block-columns is-layout-flex wp-container-core-columns-is-layout-9d6595d7 wp-block-columns-is-layout-flex\">\n<div class=\"wp-block-column is-layout-flow wp-block-column-is-layout-flow\">\n<h2 class=\"wp-block-heading\">eBook<\/h2>\n\n\n\n<h3 class=\"wp-block-heading\"><strong><strong><strong><strong><strong>Agilit\u00e4t mit intelligenter Automatisierung f\u00f6rdern<\/strong><\/strong><\/strong><\/strong><\/strong><\/h3>\n\n\n\n<h3 class=\"wp-block-heading\" id=\"block-d5fef270-5747-4bcf-9e83-be00d92d5b42\">So steigern Sie Ihr Gesch\u00e4ft mit k\u00fcnstlicher Intelligenz, Vision Systemen und fortschrittlicher Robotik<\/h3>\n\n\n\n<div class=\"wp-block-buttons is-layout-flex wp-block-buttons-is-layout-flex\">\n<div class=\"wp-block-button\"><a class=\"wp-block-button__link\" href=\"https:\/\/group.comau.com\/de\/content\/ebook\/intelligentautomation\" target=\"_blank\" rel=\"noreferrer noopener\">Jetzt eBook herunterladen<\/a><\/div>\n<\/div>\n<\/div>\n\n\n\n<div class=\"wp-block-column is-layout-flow wp-block-column-is-layout-flow\">\n<figure class=\"wp-block-image size-full\"><img decoding=\"async\" width=\"500\" height=\"455\" src=\"https:\/\/www.comau.com\/wp-content\/uploads\/2022\/11\/Comau_Mira-3D.png\" alt=\"\" class=\"wp-image-49233\" srcset=\"https:\/\/www.comau.com\/wp-content\/uploads\/2022\/11\/Comau_Mira-3D.png 500w, https:\/\/www.comau.com\/wp-content\/uploads\/2022\/11\/Comau_Mira-3D-300x273.png 300w\" sizes=\"(max-width: 500px) 100vw, 500px\" \/><\/figure>\n<\/div>\n<\/div>\n","protected":false},"excerpt":{"rendered":"<p>Intelligente Automatisierung Wirklichkeit werden lassen Stellen Sie sich die Leistungsf\u00e4higkeit eines offenen, benutzerfreundlichen Automatisierungsparadigmas vor, das auf intelligenten Robotern basiert, die flexibel genug sind, um sich dynamisch an Ver\u00e4nderungen in der Produktionsumgebung anzupassen. Mit vollst\u00e4ndig integrierten Systemen, die Prozesse selbst optimieren, Qualit\u00e4t garantieren, Kosten senken und die Rekonfigurierbarkeit beschleunigen k\u00f6nnen.. Roboter in die Lage versetzen, [&hellip;]<\/p>\n","protected":false},"author":21,"featured_media":49422,"parent":5716,"menu_order":1,"comment_status":"closed","ping_status":"closed","template":"","meta":{"_acf_changed":false,"ep_exclude_from_search":false,"footnotes":""},"class_list":["post-49002","page","type-page","status-publish","has-post-thumbnail","hentry"],"acf":[],"yoast_head":"<!-- This site is optimized with the Yoast SEO plugin v26.9 - https:\/\/yoast.com\/product\/yoast-seo-wordpress\/ -->\n<title>Die Leistungsf\u00e4higkeit intelligente Robotik<\/title>\n<meta name=\"description\" content=\"Stellen Sie sich die Leistungsf\u00e4higkeit intelligente Robotik um sich dynamisch an Ver\u00e4nderungen in der Produktionsumgebung anzupassen\" \/>\n<meta name=\"robots\" content=\"index, follow, max-snippet:-1, max-image-preview:large, max-video-preview:-1\" \/>\n<link rel=\"canonical\" href=\"https:\/\/www.comau.com\/de\/competencies\/robotics-automation\/intelligente-robotik\/\" \/>\n<meta property=\"og:locale\" content=\"de_DE\" \/>\n<meta property=\"og:type\" content=\"article\" \/>\n<meta property=\"og:title\" content=\"Die Leistungsf\u00e4higkeit intelligente Robotik\" \/>\n<meta property=\"og:description\" content=\"Stellen Sie sich die Leistungsf\u00e4higkeit intelligente Robotik um sich dynamisch an Ver\u00e4nderungen in der Produktionsumgebung anzupassen\" \/>\n<meta property=\"og:url\" content=\"https:\/\/www.comau.com\/de\/competencies\/robotics-automation\/intelligente-robotik\/\" \/>\n<meta property=\"og:site_name\" content=\"Comau\" \/>\n<meta property=\"article:publisher\" content=\"https:\/\/www.facebook.com\/COMAU\/\" \/>\n<meta property=\"article:modified_time\" content=\"2022-12-15T21:40:57+00:00\" \/>\n<meta property=\"og:image\" content=\"https:\/\/www.comau.com\/wp-content\/uploads\/2022\/12\/banner_Comau_Intelligent-Robotics.jpg\" \/>\n\t<meta property=\"og:image:width\" content=\"1450\" \/>\n\t<meta property=\"og:image:height\" content=\"450\" \/>\n\t<meta property=\"og:image:type\" content=\"image\/jpeg\" \/>\n<meta name=\"twitter:card\" content=\"summary_large_image\" \/>\n<meta name=\"twitter:site\" content=\"@comaugroup\" \/>\n<meta name=\"twitter:label1\" content=\"Gesch\u00e4tzte Lesezeit\" \/>\n\t<meta name=\"twitter:data1\" content=\"3\u00a0Minuten\" \/>\n<script type=\"application\/ld+json\" class=\"yoast-schema-graph\">{\"@context\":\"https:\/\/schema.org\",\"@graph\":[{\"@type\":\"WebPage\",\"@id\":\"https:\/\/www.comau.com\/de\/competencies\/robotics-automation\/intelligente-robotik\/\",\"url\":\"https:\/\/www.comau.com\/de\/competencies\/robotics-automation\/intelligente-robotik\/\",\"name\":\"Die Leistungsf\u00e4higkeit intelligente Robotik\",\"isPartOf\":{\"@id\":\"https:\/\/www.comau.com\/de\/#website\"},\"primaryImageOfPage\":{\"@id\":\"https:\/\/www.comau.com\/de\/competencies\/robotics-automation\/intelligente-robotik\/#primaryimage\"},\"image\":{\"@id\":\"https:\/\/www.comau.com\/de\/competencies\/robotics-automation\/intelligente-robotik\/#primaryimage\"},\"thumbnailUrl\":\"https:\/\/www.comau.com\/wp-content\/uploads\/2022\/12\/banner_Comau_Intelligent-Robotics.jpg\",\"datePublished\":\"2022-11-22T00:54:49+00:00\",\"dateModified\":\"2022-12-15T21:40:57+00:00\",\"description\":\"Stellen Sie sich die Leistungsf\u00e4higkeit intelligente Robotik um sich dynamisch an Ver\u00e4nderungen in der Produktionsumgebung anzupassen\",\"breadcrumb\":{\"@id\":\"https:\/\/www.comau.com\/de\/competencies\/robotics-automation\/intelligente-robotik\/#breadcrumb\"},\"inLanguage\":\"de\",\"potentialAction\":[{\"@type\":\"ReadAction\",\"target\":[\"https:\/\/www.comau.com\/de\/competencies\/robotics-automation\/intelligente-robotik\/\"]}]},{\"@type\":\"ImageObject\",\"inLanguage\":\"de\",\"@id\":\"https:\/\/www.comau.com\/de\/competencies\/robotics-automation\/intelligente-robotik\/#primaryimage\",\"url\":\"https:\/\/www.comau.com\/wp-content\/uploads\/2022\/12\/banner_Comau_Intelligent-Robotics.jpg\",\"contentUrl\":\"https:\/\/www.comau.com\/wp-content\/uploads\/2022\/12\/banner_Comau_Intelligent-Robotics.jpg\",\"width\":1450,\"height\":450,\"caption\":\"Comau Intelligente Robotik\"},{\"@type\":\"BreadcrumbList\",\"@id\":\"https:\/\/www.comau.com\/de\/competencies\/robotics-automation\/intelligente-robotik\/#breadcrumb\",\"itemListElement\":[{\"@type\":\"ListItem\",\"position\":1,\"name\":\"Home\",\"item\":\"https:\/\/www.comau.com\/de\/\"},{\"@type\":\"ListItem\",\"position\":2,\"name\":\"Unsere Kompetenzen\",\"item\":\"https:\/\/www.comau.com\/de\/competencies\/\"},{\"@type\":\"ListItem\",\"position\":3,\"name\":\"Robotics &amp; Automation\",\"item\":\"https:\/\/www.comau.com\/de\/competencies\/robotics-automation\/\"},{\"@type\":\"ListItem\",\"position\":4,\"name\":\"Intelligente Robotik\"}]},{\"@type\":\"WebSite\",\"@id\":\"https:\/\/www.comau.com\/de\/#website\",\"url\":\"https:\/\/www.comau.com\/de\/\",\"name\":\"Comau\",\"description\":\"Industrial automation and robotics\",\"publisher\":{\"@id\":\"https:\/\/www.comau.com\/de\/#organization\"},\"potentialAction\":[{\"@type\":\"SearchAction\",\"target\":{\"@type\":\"EntryPoint\",\"urlTemplate\":\"https:\/\/www.comau.com\/de\/?s={search_term_string}\"},\"query-input\":{\"@type\":\"PropertyValueSpecification\",\"valueRequired\":true,\"valueName\":\"search_term_string\"}}],\"inLanguage\":\"de\"},{\"@type\":\"Organization\",\"@id\":\"https:\/\/www.comau.com\/de\/#organization\",\"name\":\"Comau\",\"url\":\"https:\/\/www.comau.com\/de\/\",\"logo\":{\"@type\":\"ImageObject\",\"inLanguage\":\"de\",\"@id\":\"https:\/\/www.comau.com\/de\/#\/schema\/logo\/image\/\",\"url\":\"https:\/\/www.comau.com\/wp-content\/uploads\/2024\/07\/cropped-Logo-COMAU.png\",\"contentUrl\":\"https:\/\/www.comau.com\/wp-content\/uploads\/2024\/07\/cropped-Logo-COMAU.png\",\"width\":434,\"height\":434,\"caption\":\"Comau\"},\"image\":{\"@id\":\"https:\/\/www.comau.com\/de\/#\/schema\/logo\/image\/\"},\"sameAs\":[\"https:\/\/www.facebook.com\/COMAU\/\",\"https:\/\/x.com\/comaugroup\",\"https:\/\/www.instagram.com\/comaugroup\/\",\"https:\/\/www.linkedin.com\/company\/comau\",\"https:\/\/www.youtube.com\/user\/comau\"]}]}<\/script>\n<!-- \/ Yoast SEO plugin. -->","yoast_head_json":{"title":"Die Leistungsf\u00e4higkeit intelligente Robotik","description":"Stellen Sie sich die Leistungsf\u00e4higkeit intelligente Robotik um sich dynamisch an Ver\u00e4nderungen in der Produktionsumgebung anzupassen","robots":{"index":"index","follow":"follow","max-snippet":"max-snippet:-1","max-image-preview":"max-image-preview:large","max-video-preview":"max-video-preview:-1"},"canonical":"https:\/\/www.comau.com\/de\/competencies\/robotics-automation\/intelligente-robotik\/","og_locale":"de_DE","og_type":"article","og_title":"Die Leistungsf\u00e4higkeit intelligente Robotik","og_description":"Stellen Sie sich die Leistungsf\u00e4higkeit intelligente Robotik um sich dynamisch an Ver\u00e4nderungen in der Produktionsumgebung anzupassen","og_url":"https:\/\/www.comau.com\/de\/competencies\/robotics-automation\/intelligente-robotik\/","og_site_name":"Comau","article_publisher":"https:\/\/www.facebook.com\/COMAU\/","article_modified_time":"2022-12-15T21:40:57+00:00","og_image":[{"width":1450,"height":450,"url":"https:\/\/www.comau.com\/wp-content\/uploads\/2022\/12\/banner_Comau_Intelligent-Robotics.jpg","type":"image\/jpeg"}],"twitter_card":"summary_large_image","twitter_site":"@comaugroup","twitter_misc":{"Gesch\u00e4tzte Lesezeit":"3\u00a0Minuten"},"schema":{"@context":"https:\/\/schema.org","@graph":[{"@type":"WebPage","@id":"https:\/\/www.comau.com\/de\/competencies\/robotics-automation\/intelligente-robotik\/","url":"https:\/\/www.comau.com\/de\/competencies\/robotics-automation\/intelligente-robotik\/","name":"Die Leistungsf\u00e4higkeit intelligente Robotik","isPartOf":{"@id":"https:\/\/www.comau.com\/de\/#website"},"primaryImageOfPage":{"@id":"https:\/\/www.comau.com\/de\/competencies\/robotics-automation\/intelligente-robotik\/#primaryimage"},"image":{"@id":"https:\/\/www.comau.com\/de\/competencies\/robotics-automation\/intelligente-robotik\/#primaryimage"},"thumbnailUrl":"https:\/\/www.comau.com\/wp-content\/uploads\/2022\/12\/banner_Comau_Intelligent-Robotics.jpg","datePublished":"2022-11-22T00:54:49+00:00","dateModified":"2022-12-15T21:40:57+00:00","description":"Stellen Sie sich die Leistungsf\u00e4higkeit intelligente Robotik um sich dynamisch an Ver\u00e4nderungen in der Produktionsumgebung anzupassen","breadcrumb":{"@id":"https:\/\/www.comau.com\/de\/competencies\/robotics-automation\/intelligente-robotik\/#breadcrumb"},"inLanguage":"de","potentialAction":[{"@type":"ReadAction","target":["https:\/\/www.comau.com\/de\/competencies\/robotics-automation\/intelligente-robotik\/"]}]},{"@type":"ImageObject","inLanguage":"de","@id":"https:\/\/www.comau.com\/de\/competencies\/robotics-automation\/intelligente-robotik\/#primaryimage","url":"https:\/\/www.comau.com\/wp-content\/uploads\/2022\/12\/banner_Comau_Intelligent-Robotics.jpg","contentUrl":"https:\/\/www.comau.com\/wp-content\/uploads\/2022\/12\/banner_Comau_Intelligent-Robotics.jpg","width":1450,"height":450,"caption":"Comau Intelligente Robotik"},{"@type":"BreadcrumbList","@id":"https:\/\/www.comau.com\/de\/competencies\/robotics-automation\/intelligente-robotik\/#breadcrumb","itemListElement":[{"@type":"ListItem","position":1,"name":"Home","item":"https:\/\/www.comau.com\/de\/"},{"@type":"ListItem","position":2,"name":"Unsere Kompetenzen","item":"https:\/\/www.comau.com\/de\/competencies\/"},{"@type":"ListItem","position":3,"name":"Robotics &amp; Automation","item":"https:\/\/www.comau.com\/de\/competencies\/robotics-automation\/"},{"@type":"ListItem","position":4,"name":"Intelligente Robotik"}]},{"@type":"WebSite","@id":"https:\/\/www.comau.com\/de\/#website","url":"https:\/\/www.comau.com\/de\/","name":"Comau","description":"Industrial automation and robotics","publisher":{"@id":"https:\/\/www.comau.com\/de\/#organization"},"potentialAction":[{"@type":"SearchAction","target":{"@type":"EntryPoint","urlTemplate":"https:\/\/www.comau.com\/de\/?s={search_term_string}"},"query-input":{"@type":"PropertyValueSpecification","valueRequired":true,"valueName":"search_term_string"}}],"inLanguage":"de"},{"@type":"Organization","@id":"https:\/\/www.comau.com\/de\/#organization","name":"Comau","url":"https:\/\/www.comau.com\/de\/","logo":{"@type":"ImageObject","inLanguage":"de","@id":"https:\/\/www.comau.com\/de\/#\/schema\/logo\/image\/","url":"https:\/\/www.comau.com\/wp-content\/uploads\/2024\/07\/cropped-Logo-COMAU.png","contentUrl":"https:\/\/www.comau.com\/wp-content\/uploads\/2024\/07\/cropped-Logo-COMAU.png","width":434,"height":434,"caption":"Comau"},"image":{"@id":"https:\/\/www.comau.com\/de\/#\/schema\/logo\/image\/"},"sameAs":["https:\/\/www.facebook.com\/COMAU\/","https:\/\/x.com\/comaugroup","https:\/\/www.instagram.com\/comaugroup\/","https:\/\/www.linkedin.com\/company\/comau","https:\/\/www.youtube.com\/user\/comau"]}]}},"_links":{"self":[{"href":"https:\/\/www.comau.com\/de\/wp-json\/wp\/v2\/pages\/49002","targetHints":{"allow":["GET"]}}],"collection":[{"href":"https:\/\/www.comau.com\/de\/wp-json\/wp\/v2\/pages"}],"about":[{"href":"https:\/\/www.comau.com\/de\/wp-json\/wp\/v2\/types\/page"}],"author":[{"embeddable":true,"href":"https:\/\/www.comau.com\/de\/wp-json\/wp\/v2\/users\/21"}],"replies":[{"embeddable":true,"href":"https:\/\/www.comau.com\/de\/wp-json\/wp\/v2\/comments?post=49002"}],"version-history":[{"count":13,"href":"https:\/\/www.comau.com\/de\/wp-json\/wp\/v2\/pages\/49002\/revisions"}],"predecessor-version":[{"id":49733,"href":"https:\/\/www.comau.com\/de\/wp-json\/wp\/v2\/pages\/49002\/revisions\/49733"}],"up":[{"embeddable":true,"href":"https:\/\/www.comau.com\/de\/wp-json\/wp\/v2\/pages\/5716"}],"wp:featuredmedia":[{"embeddable":true,"href":"https:\/\/www.comau.com\/de\/wp-json\/wp\/v2\/media\/49422"}],"wp:attachment":[{"href":"https:\/\/www.comau.com\/de\/wp-json\/wp\/v2\/media?parent=49002"}],"curies":[{"name":"wp","href":"https:\/\/api.w.org\/{rel}","templated":true}]}}