{"id":4899,"date":"2021-06-08T09:35:49","date_gmt":"2021-06-08T07:35:49","guid":{"rendered":"https:\/\/www.comau.com\/?page_id=4899"},"modified":"2021-07-20T00:07:24","modified_gmt":"2021-07-19T22:07:24","slug":"accumulate-pallet-conveyors","status":"publish","type":"page","link":"https:\/\/www.comau.com\/de\/competencies\/systems\/loesungen\/products\/accumulate-pallet-conveyors\/","title":{"rendered":"Palettenstauf\u00f6rderer"},"content":{"rendered":"\n<h2 class=\"wp-block-heading\">Der Palettenstauf\u00f6rderer<\/h2>\n\n<p>ist eine konfigurierbare Maschine mit folgenden Grundmerkmalen:<\/p>\n\n<ul class=\"wp-block-list\"><li>Einfachheit f\u00fcr eine schnellere F\u00f6rdererzusammenstellung (bei Standardanwendungen)<\/li><li>Einheitlichkeit zur Weiterbef\u00f6rderung. Keine Ver\u00e4nderung bei unterschiedlichen F\u00f6rdererl\u00e4ngen. Bei anderen \u00e4ndern sich die Abmessungen trotz gleicher Funktionen und Eigenschaften.<\/li><\/ul>\n\n<h2 class=\"wp-block-heading\">Dank vollst\u00e4ndiger Produktflexibilit\u00e4t gestattet der Palettenstauf\u00f6rderer au\u00dferdem:<\/h2>\n\n<ul class=\"wp-block-list\"><li>Boden-\/\u00dcberkopfmontage<\/li><li>Front-\/Seitenbeladung<\/li><li>Unterschiedlichste Palettenabmessungen<\/li><li>Verwendung vielf\u00e4ltiger Standardeinheiten zur Vereinfachung des Entwicklungsprozesses<\/li><li>Hohe Positioniergenauigkeit (0,5 mm)<\/li><\/ul>\n\n<div class=\"wp-block-getwid-toggle download-dropdown has-icon-left\">\n<div class=\"wp-block-getwid-toggle__row\"><div class=\"wp-block-getwid-toggle__header-wrapper\"><span class=\"wp-block-getwid-toggle__header\"><a href=\"#\"><span class=\"wp-block-getwid-toggle__header-title\">Download the brochure<\/span><span class=\"wp-block-getwid-toggle__icon is-active\"><i class=\"fas fa-plus\"><\/i><\/span><span class=\"wp-block-getwid-toggle__icon is-passive\"><i class=\"fas fa-minus\"><\/i><\/span><\/a><\/span><\/div><div class=\"wp-block-getwid-toggle__content-wrapper\"><div class=\"wp-block-getwid-toggle__content\">\n<div class=\"wp-block-getwid-button-group\"><div class=\"wp-block-getwid-button-group__wrapper\">\n<div class=\"wp-block-button\"><a class=\"wp-block-button__link\" href=\"https:\/\/www.comau.com\/wp-content\/uploads\/2021\/06\/APC-accumulate-pallet-conveyor.pdf\" target=\"_blank\" rel=\"noreferrer noopener\">APC<\/a><\/div>\n<\/div><\/div>\n<\/div><\/div><\/div>\n<\/div>\n\n<h2 class=\"wp-block-heading\">Produktmerkmale<\/h2>\n\n<ul class=\"wp-block-list\"><li>F\u00f6rdererl\u00e4nge: 2-12 m (Standard); 12-100 m (benutzerdefiniert)<\/li><li>F\u00f6rderergewicht: 100 kg\/m<\/li><li>Transportgeschwindigkeit (max.): 10 m\/min<\/li><li>Nutzlast (max.): 100 kg\/m (spez. Vorrichtung und Teil)<\/li><li>Palettenbreite (max.): 1200 mm<\/li><li>Motorbefestigung: Direkt an der Antriebswelle mit Verdrehsicherung<\/li><li>Maximal installierbare Leistung: 0,55 kW<\/li><li>Rollenkette: 1 Dreifachkette mit 12,7 mm Teilung<\/li><li>Palettenpositionssteuerung: mittels induktiver Endschalter<\/li><li>Palettenstoppgenauigkeit: \u00b1 0,5 mm<\/li><li>Transporth\u00f6he: 800-1050 mm (bodenmontiert)<\/li><li>F\u00f6rdererstruktur: Aluminium<\/li><li>Last pro Stopper (max.): 10 Paletten<\/li><li>Keine Luft erforderlich: umweltfreundlich<\/li><li>\u00d6lfreie Kette<\/li><\/ul>\n\n<p>Global gew\u00e4hrleisten Produktexperten die Konstruktions-\/Prozessbegleitung. Weltweiter Vertrieb mit entsprechendem Support.<\/p>\n\n<figure class=\"wp-block-embed is-type-video is-provider-youtube wp-block-embed-youtube wp-embed-aspect-16-9 wp-has-aspect-ratio\"><div class=\"wp-block-embed__wrapper\">\n<iframe title=\"Comau launches the new APC\" width=\"640\" height=\"360\" src=\"https:\/\/www.youtube.com\/embed\/iHac3NkMMMo?feature=oembed\" frameborder=\"0\" allow=\"accelerometer; autoplay; clipboard-write; encrypted-media; gyroscope; picture-in-picture; web-share\" referrerpolicy=\"strict-origin-when-cross-origin\" allowfullscreen><\/iframe>\n<\/div><\/figure>\n","protected":false},"excerpt":{"rendered":"<p>Der Palettenstauf\u00f6rderer ist eine konfigurierbare Maschine mit folgenden Grundmerkmalen: Einfachheit f\u00fcr eine schnellere F\u00f6rdererzusammenstellung (bei Standardanwendungen) Einheitlichkeit zur Weiterbef\u00f6rderung. Keine Ver\u00e4nderung bei unterschiedlichen F\u00f6rdererl\u00e4ngen. Bei anderen \u00e4ndern sich die Abmessungen trotz gleicher Funktionen und Eigenschaften. Dank vollst\u00e4ndiger Produktflexibilit\u00e4t gestattet der Palettenstauf\u00f6rderer au\u00dferdem: Boden-\/\u00dcberkopfmontage Front-\/Seitenbeladung Unterschiedlichste Palettenabmessungen Verwendung vielf\u00e4ltiger Standardeinheiten zur Vereinfachung des Entwicklungsprozesses Hohe Positioniergenauigkeit [&hellip;]<\/p>\n","protected":false},"author":11,"featured_media":4907,"parent":4831,"menu_order":0,"comment_status":"closed","ping_status":"closed","template":"","meta":{"_acf_changed":false,"ep_exclude_from_search":false,"footnotes":""},"class_list":["post-4899","page","type-page","status-publish","has-post-thumbnail","hentry"],"acf":[],"yoast_head":"<!-- This site is optimized with the Yoast SEO plugin v26.9 - https:\/\/yoast.com\/product\/yoast-seo-wordpress\/ -->\n<title>Palettenstauf\u00f6rderer - Comau<\/title>\n<meta name=\"robots\" content=\"index, follow, max-snippet:-1, max-image-preview:large, max-video-preview:-1\" \/>\n<link rel=\"canonical\" href=\"https:\/\/www.comau.com\/de\/competencies\/systems\/loesungen\/products\/accumulate-pallet-conveyors\/\" \/>\n<meta property=\"og:locale\" content=\"de_DE\" \/>\n<meta property=\"og:type\" content=\"article\" \/>\n<meta property=\"og:title\" content=\"Palettenstauf\u00f6rderer - Comau\" \/>\n<meta property=\"og:description\" content=\"Der Palettenstauf\u00f6rderer ist eine konfigurierbare Maschine mit folgenden Grundmerkmalen: Einfachheit f\u00fcr eine schnellere F\u00f6rdererzusammenstellung (bei Standardanwendungen) Einheitlichkeit zur Weiterbef\u00f6rderung. Keine Ver\u00e4nderung bei unterschiedlichen F\u00f6rdererl\u00e4ngen. Bei anderen \u00e4ndern sich die Abmessungen trotz gleicher Funktionen und Eigenschaften. Dank vollst\u00e4ndiger Produktflexibilit\u00e4t gestattet der Palettenstauf\u00f6rderer au\u00dferdem: Boden-\/\u00dcberkopfmontage Front-\/Seitenbeladung Unterschiedlichste Palettenabmessungen Verwendung vielf\u00e4ltiger Standardeinheiten zur Vereinfachung des Entwicklungsprozesses Hohe Positioniergenauigkeit [&hellip;]\" \/>\n<meta property=\"og:url\" content=\"https:\/\/www.comau.com\/de\/competencies\/systems\/loesungen\/products\/accumulate-pallet-conveyors\/\" \/>\n<meta property=\"og:site_name\" content=\"Comau\" \/>\n<meta property=\"article:publisher\" content=\"https:\/\/www.facebook.com\/COMAU\/\" \/>\n<meta property=\"article:modified_time\" content=\"2021-07-19T22:07:24+00:00\" \/>\n<meta property=\"og:image\" content=\"https:\/\/www.comau.com\/wp-content\/uploads\/2021\/06\/pallet-conveyors_header.jpg\" \/>\n\t<meta property=\"og:image:width\" content=\"1280\" \/>\n\t<meta property=\"og:image:height\" content=\"485\" \/>\n\t<meta property=\"og:image:type\" content=\"image\/jpeg\" \/>\n<meta name=\"twitter:card\" content=\"summary_large_image\" \/>\n<meta name=\"twitter:site\" content=\"@comaugroup\" \/>\n<meta name=\"twitter:label1\" content=\"Gesch\u00e4tzte Lesezeit\" \/>\n\t<meta name=\"twitter:data1\" content=\"1\u00a0Minute\" \/>\n<script type=\"application\/ld+json\" class=\"yoast-schema-graph\">{\"@context\":\"https:\/\/schema.org\",\"@graph\":[{\"@type\":\"WebPage\",\"@id\":\"https:\/\/www.comau.com\/de\/competencies\/systems\/loesungen\/products\/accumulate-pallet-conveyors\/\",\"url\":\"https:\/\/www.comau.com\/de\/competencies\/systems\/loesungen\/products\/accumulate-pallet-conveyors\/\",\"name\":\"Palettenstauf\u00f6rderer - Comau\",\"isPartOf\":{\"@id\":\"https:\/\/www.comau.com\/de\/#website\"},\"primaryImageOfPage\":{\"@id\":\"https:\/\/www.comau.com\/de\/competencies\/systems\/loesungen\/products\/accumulate-pallet-conveyors\/#primaryimage\"},\"image\":{\"@id\":\"https:\/\/www.comau.com\/de\/competencies\/systems\/loesungen\/products\/accumulate-pallet-conveyors\/#primaryimage\"},\"thumbnailUrl\":\"https:\/\/www.comau.com\/wp-content\/uploads\/2021\/06\/pallet-conveyors_header.jpg\",\"datePublished\":\"2021-06-08T07:35:49+00:00\",\"dateModified\":\"2021-07-19T22:07:24+00:00\",\"breadcrumb\":{\"@id\":\"https:\/\/www.comau.com\/de\/competencies\/systems\/loesungen\/products\/accumulate-pallet-conveyors\/#breadcrumb\"},\"inLanguage\":\"de\",\"potentialAction\":[{\"@type\":\"ReadAction\",\"target\":[\"https:\/\/www.comau.com\/de\/competencies\/systems\/loesungen\/products\/accumulate-pallet-conveyors\/\"]}]},{\"@type\":\"ImageObject\",\"inLanguage\":\"de\",\"@id\":\"https:\/\/www.comau.com\/de\/competencies\/systems\/loesungen\/products\/accumulate-pallet-conveyors\/#primaryimage\",\"url\":\"https:\/\/www.comau.com\/wp-content\/uploads\/2021\/06\/pallet-conveyors_header.jpg\",\"contentUrl\":\"https:\/\/www.comau.com\/wp-content\/uploads\/2021\/06\/pallet-conveyors_header.jpg\",\"width\":1280,\"height\":485},{\"@type\":\"BreadcrumbList\",\"@id\":\"https:\/\/www.comau.com\/de\/competencies\/systems\/loesungen\/products\/accumulate-pallet-conveyors\/#breadcrumb\",\"itemListElement\":[{\"@type\":\"ListItem\",\"position\":1,\"name\":\"Home\",\"item\":\"https:\/\/www.comau.com\/de\/\"},{\"@type\":\"ListItem\",\"position\":2,\"name\":\"Unsere Kompetenzen\",\"item\":\"https:\/\/www.comau.com\/de\/competencies\/\"},{\"@type\":\"ListItem\",\"position\":3,\"name\":\"Body Assembly\",\"item\":\"https:\/\/www.comau.com\/de\/competencies\/body-assembly\/\"},{\"@type\":\"ListItem\",\"position\":4,\"name\":\"Produkte\",\"item\":\"https:\/\/www.comau.com\/de\/competencies\/body-assembly\/products\/\"},{\"@type\":\"ListItem\",\"position\":5,\"name\":\"Palettenstauf\u00f6rderer\"}]},{\"@type\":\"WebSite\",\"@id\":\"https:\/\/www.comau.com\/de\/#website\",\"url\":\"https:\/\/www.comau.com\/de\/\",\"name\":\"Comau\",\"description\":\"Industrial automation and robotics\",\"publisher\":{\"@id\":\"https:\/\/www.comau.com\/de\/#organization\"},\"potentialAction\":[{\"@type\":\"SearchAction\",\"target\":{\"@type\":\"EntryPoint\",\"urlTemplate\":\"https:\/\/www.comau.com\/de\/?s={search_term_string}\"},\"query-input\":{\"@type\":\"PropertyValueSpecification\",\"valueRequired\":true,\"valueName\":\"search_term_string\"}}],\"inLanguage\":\"de\"},{\"@type\":\"Organization\",\"@id\":\"https:\/\/www.comau.com\/de\/#organization\",\"name\":\"Comau\",\"url\":\"https:\/\/www.comau.com\/de\/\",\"logo\":{\"@type\":\"ImageObject\",\"inLanguage\":\"de\",\"@id\":\"https:\/\/www.comau.com\/de\/#\/schema\/logo\/image\/\",\"url\":\"https:\/\/www.comau.com\/wp-content\/uploads\/2024\/07\/cropped-Logo-COMAU.png\",\"contentUrl\":\"https:\/\/www.comau.com\/wp-content\/uploads\/2024\/07\/cropped-Logo-COMAU.png\",\"width\":434,\"height\":434,\"caption\":\"Comau\"},\"image\":{\"@id\":\"https:\/\/www.comau.com\/de\/#\/schema\/logo\/image\/\"},\"sameAs\":[\"https:\/\/www.facebook.com\/COMAU\/\",\"https:\/\/x.com\/comaugroup\",\"https:\/\/www.instagram.com\/comaugroup\/\",\"https:\/\/www.linkedin.com\/company\/comau\",\"https:\/\/www.youtube.com\/user\/comau\"]}]}<\/script>\n<!-- \/ Yoast SEO plugin. -->","yoast_head_json":{"title":"Palettenstauf\u00f6rderer - Comau","robots":{"index":"index","follow":"follow","max-snippet":"max-snippet:-1","max-image-preview":"max-image-preview:large","max-video-preview":"max-video-preview:-1"},"canonical":"https:\/\/www.comau.com\/de\/competencies\/systems\/loesungen\/products\/accumulate-pallet-conveyors\/","og_locale":"de_DE","og_type":"article","og_title":"Palettenstauf\u00f6rderer - Comau","og_description":"Der Palettenstauf\u00f6rderer ist eine konfigurierbare Maschine mit folgenden Grundmerkmalen: Einfachheit f\u00fcr eine schnellere F\u00f6rdererzusammenstellung (bei Standardanwendungen) Einheitlichkeit zur Weiterbef\u00f6rderung. Keine Ver\u00e4nderung bei unterschiedlichen F\u00f6rdererl\u00e4ngen. Bei anderen \u00e4ndern sich die Abmessungen trotz gleicher Funktionen und Eigenschaften. Dank vollst\u00e4ndiger Produktflexibilit\u00e4t gestattet der Palettenstauf\u00f6rderer au\u00dferdem: Boden-\/\u00dcberkopfmontage Front-\/Seitenbeladung Unterschiedlichste Palettenabmessungen Verwendung vielf\u00e4ltiger Standardeinheiten zur Vereinfachung des Entwicklungsprozesses Hohe Positioniergenauigkeit [&hellip;]","og_url":"https:\/\/www.comau.com\/de\/competencies\/systems\/loesungen\/products\/accumulate-pallet-conveyors\/","og_site_name":"Comau","article_publisher":"https:\/\/www.facebook.com\/COMAU\/","article_modified_time":"2021-07-19T22:07:24+00:00","og_image":[{"width":1280,"height":485,"url":"https:\/\/www.comau.com\/wp-content\/uploads\/2021\/06\/pallet-conveyors_header.jpg","type":"image\/jpeg"}],"twitter_card":"summary_large_image","twitter_site":"@comaugroup","twitter_misc":{"Gesch\u00e4tzte Lesezeit":"1\u00a0Minute"},"schema":{"@context":"https:\/\/schema.org","@graph":[{"@type":"WebPage","@id":"https:\/\/www.comau.com\/de\/competencies\/systems\/loesungen\/products\/accumulate-pallet-conveyors\/","url":"https:\/\/www.comau.com\/de\/competencies\/systems\/loesungen\/products\/accumulate-pallet-conveyors\/","name":"Palettenstauf\u00f6rderer - Comau","isPartOf":{"@id":"https:\/\/www.comau.com\/de\/#website"},"primaryImageOfPage":{"@id":"https:\/\/www.comau.com\/de\/competencies\/systems\/loesungen\/products\/accumulate-pallet-conveyors\/#primaryimage"},"image":{"@id":"https:\/\/www.comau.com\/de\/competencies\/systems\/loesungen\/products\/accumulate-pallet-conveyors\/#primaryimage"},"thumbnailUrl":"https:\/\/www.comau.com\/wp-content\/uploads\/2021\/06\/pallet-conveyors_header.jpg","datePublished":"2021-06-08T07:35:49+00:00","dateModified":"2021-07-19T22:07:24+00:00","breadcrumb":{"@id":"https:\/\/www.comau.com\/de\/competencies\/systems\/loesungen\/products\/accumulate-pallet-conveyors\/#breadcrumb"},"inLanguage":"de","potentialAction":[{"@type":"ReadAction","target":["https:\/\/www.comau.com\/de\/competencies\/systems\/loesungen\/products\/accumulate-pallet-conveyors\/"]}]},{"@type":"ImageObject","inLanguage":"de","@id":"https:\/\/www.comau.com\/de\/competencies\/systems\/loesungen\/products\/accumulate-pallet-conveyors\/#primaryimage","url":"https:\/\/www.comau.com\/wp-content\/uploads\/2021\/06\/pallet-conveyors_header.jpg","contentUrl":"https:\/\/www.comau.com\/wp-content\/uploads\/2021\/06\/pallet-conveyors_header.jpg","width":1280,"height":485},{"@type":"BreadcrumbList","@id":"https:\/\/www.comau.com\/de\/competencies\/systems\/loesungen\/products\/accumulate-pallet-conveyors\/#breadcrumb","itemListElement":[{"@type":"ListItem","position":1,"name":"Home","item":"https:\/\/www.comau.com\/de\/"},{"@type":"ListItem","position":2,"name":"Unsere Kompetenzen","item":"https:\/\/www.comau.com\/de\/competencies\/"},{"@type":"ListItem","position":3,"name":"Body Assembly","item":"https:\/\/www.comau.com\/de\/competencies\/body-assembly\/"},{"@type":"ListItem","position":4,"name":"Produkte","item":"https:\/\/www.comau.com\/de\/competencies\/body-assembly\/products\/"},{"@type":"ListItem","position":5,"name":"Palettenstauf\u00f6rderer"}]},{"@type":"WebSite","@id":"https:\/\/www.comau.com\/de\/#website","url":"https:\/\/www.comau.com\/de\/","name":"Comau","description":"Industrial automation and robotics","publisher":{"@id":"https:\/\/www.comau.com\/de\/#organization"},"potentialAction":[{"@type":"SearchAction","target":{"@type":"EntryPoint","urlTemplate":"https:\/\/www.comau.com\/de\/?s={search_term_string}"},"query-input":{"@type":"PropertyValueSpecification","valueRequired":true,"valueName":"search_term_string"}}],"inLanguage":"de"},{"@type":"Organization","@id":"https:\/\/www.comau.com\/de\/#organization","name":"Comau","url":"https:\/\/www.comau.com\/de\/","logo":{"@type":"ImageObject","inLanguage":"de","@id":"https:\/\/www.comau.com\/de\/#\/schema\/logo\/image\/","url":"https:\/\/www.comau.com\/wp-content\/uploads\/2024\/07\/cropped-Logo-COMAU.png","contentUrl":"https:\/\/www.comau.com\/wp-content\/uploads\/2024\/07\/cropped-Logo-COMAU.png","width":434,"height":434,"caption":"Comau"},"image":{"@id":"https:\/\/www.comau.com\/de\/#\/schema\/logo\/image\/"},"sameAs":["https:\/\/www.facebook.com\/COMAU\/","https:\/\/x.com\/comaugroup","https:\/\/www.instagram.com\/comaugroup\/","https:\/\/www.linkedin.com\/company\/comau","https:\/\/www.youtube.com\/user\/comau"]}]}},"_links":{"self":[{"href":"https:\/\/www.comau.com\/de\/wp-json\/wp\/v2\/pages\/4899","targetHints":{"allow":["GET"]}}],"collection":[{"href":"https:\/\/www.comau.com\/de\/wp-json\/wp\/v2\/pages"}],"about":[{"href":"https:\/\/www.comau.com\/de\/wp-json\/wp\/v2\/types\/page"}],"author":[{"embeddable":true,"href":"https:\/\/www.comau.com\/de\/wp-json\/wp\/v2\/users\/11"}],"replies":[{"embeddable":true,"href":"https:\/\/www.comau.com\/de\/wp-json\/wp\/v2\/comments?post=4899"}],"version-history":[{"count":30,"href":"https:\/\/www.comau.com\/de\/wp-json\/wp\/v2\/pages\/4899\/revisions"}],"predecessor-version":[{"id":29780,"href":"https:\/\/www.comau.com\/de\/wp-json\/wp\/v2\/pages\/4899\/revisions\/29780"}],"up":[{"embeddable":true,"href":"https:\/\/www.comau.com\/de\/wp-json\/wp\/v2\/pages\/4831"}],"wp:featuredmedia":[{"embeddable":true,"href":"https:\/\/www.comau.com\/de\/wp-json\/wp\/v2\/media\/4907"}],"wp:attachment":[{"href":"https:\/\/www.comau.com\/de\/wp-json\/wp\/v2\/media?parent=4899"}],"curies":[{"name":"wp","href":"https:\/\/api.w.org\/{rel}","templated":true}]}}