{"id":4820,"date":"2021-07-01T00:08:53","date_gmt":"2021-06-30T22:08:53","guid":{"rendered":"https:\/\/www.comau.com\/collaborative-robotics\/"},"modified":"2022-02-03T15:25:49","modified_gmt":"2022-02-03T14:25:49","slug":"collaborative-robotics","status":"publish","type":"page","link":"https:\/\/www.comau.com\/de\/competencies\/robotics-automation\/collaborative-robotics\/","title":{"rendered":"Collaborative Robotics"},"content":{"rendered":"\n<h2 class=\"wp-block-heading\" id=\"die-vierte-industrielle-revolution-hat-die-beziehung-zwischen-mensch-und-maschine-in-der-modernen-fabrik-neu-definiert\">Die vierte industrielle Revolution hat die Beziehung zwischen Mensch und Maschine in der modernen Fabrik neu definiert.<\/h2>\n\n\n\n<p>In der Comau Smart Factory k\u00f6nnen Bediener und Roboter dank der kollaborativen Robotik in engem Kontakt und in v\u00f6lliger Sicherheit arbeiten: Die Cobots werden mit hoch repetitiven und schweren Aufgaben betraut, w\u00e4hrend sich der Mensch den spezialisierteren und weniger schweren T\u00e4tigkeiten widmen oder direkt mit dem Roboter zusammenarbeiten kann, um seine Aufgaben effizienter auszuf\u00fchren.<\/p>\n\n\n\n<p>Die M\u00f6glichkeit, Menschen und Roboter zusammen und in Synergie arbeiten zu lassen, hat die Notwendigkeit von Schutzbarrieren beseitigt und offenere und ergonomische Inseln geschaffen, wodurch Arbeitsbereiche intelligent und flexibel neu gestaltet werden. So hilft die kollaborative Robotik von Comau den Betrieben nicht nur bei der Steigerung ihrer Produktivit\u00e4t und Arbeitssicherheit, sondern auch bei der Optimierung ihres Fabriklayouts und der Senkung von Struktur- und Logistikkosten.<\/p>\n\n\n\n<p>Dank seines konsolidierten Know-hows und mehr als 45 Jahren Erfahrung im Bereich der industriellen Automatisierung in verschiedenen Sektoren hat sich Comau stets f\u00fcr die Entwicklung innovativer und fortschrittlicher Technologien eingesetzt, die in der Lage sind, industrielle Abl\u00e4ufe einfacher, schneller und effizienter zu gestalten. <\/p>\n\n\n\n<p>Im Rahmen seines HUMANufacturing-Ansatzes f\u00fcr Industrie 4.0 unterst\u00fctzt Comau seine Kunden bei der Entwicklung von kollaborativen und IIoT-Technologien, die intelligent und flexibel sind und sich f\u00fcr jeden Produktionsbedarf eignen.<\/p>\n\n\n\n<div class=\"wp-block-columns is-layout-flex wp-container-core-columns-is-layout-9d6595d7 wp-block-columns-is-layout-flex\">\n<div class=\"wp-block-column is-layout-flow wp-block-column-is-layout-flow\">\n<div class=\"wp-block-getwid-image-box has-text-left has-mobile-layout-default has-mobile-alignment-default\"><div class=\"wp-block-getwid-image-box__image-container is-position-top\"><a href=\"https:\/\/www.comau.com\/en\/our-offer\/products-and-solutions\/robot-team\/racer-5-0-80-cobot\/\" class=\"wp-block-getwid-image-box__image-wrapper\"><img decoding=\"async\" width=\"1280\" height=\"485\" src=\"https:\/\/www.comau.com\/wp-content\/uploads\/2021\/07\/Cobot_header.jpg\" alt=\"\" class=\"wp-block-getwid-image-box__image wp-image-34593\" srcset=\"https:\/\/www.comau.com\/wp-content\/uploads\/2021\/07\/Cobot_header.jpg 1280w, https:\/\/www.comau.com\/wp-content\/uploads\/2021\/07\/Cobot_header-300x114.jpg 300w, https:\/\/www.comau.com\/wp-content\/uploads\/2021\/07\/Cobot_header-1024x388.jpg 1024w, https:\/\/www.comau.com\/wp-content\/uploads\/2021\/07\/Cobot_header-768x291.jpg 768w\" sizes=\"(max-width: 1280px) 100vw, 1280px\" \/><\/a><\/div><div class=\"wp-block-getwid-image-box__content\">\n<h3 class=\"wp-block-heading\">Racer-5-0.80 Cobot<\/h3>\n\n\n\n<p>RACER-5-0.80 COBOT (Racer 5-COBOT) ist ein kompakter Roboter, der die Nachfrage nach schnellen, pr\u00e4zisen und anpassungsf\u00e4higen Cobots auf engem Raum erf\u00fcllt. Er kann automatisch vom kollaborativen Modus auf nicht-kollaborativen High-Speed-Modus umschalten, wenn sich ein menschlicher Bediener in der N\u00e4he des Arbeitsbereichs befindet.<\/p>\n<\/div><\/div>\n<\/div>\n\n\n\n<div class=\"wp-block-column is-layout-flow wp-block-column-is-layout-flow\">\n<div class=\"wp-block-getwid-image-box has-text-left has-mobile-layout-default has-mobile-alignment-default\"><div class=\"wp-block-getwid-image-box__image-container is-position-top\"><a href=\"https:\/\/www.comau.com\/en\/?page_id=34585\" class=\"wp-block-getwid-image-box__image-wrapper\"><img decoding=\"async\" width=\"1280\" height=\"485\" src=\"https:\/\/www.comau.com\/wp-content\/uploads\/2021\/07\/Header_AURA.jpg\" alt=\"\" class=\"wp-block-getwid-image-box__image wp-image-34599\" srcset=\"https:\/\/www.comau.com\/wp-content\/uploads\/2021\/07\/Header_AURA.jpg 1280w, https:\/\/www.comau.com\/wp-content\/uploads\/2021\/07\/Header_AURA-300x114.jpg 300w, https:\/\/www.comau.com\/wp-content\/uploads\/2021\/07\/Header_AURA-1024x388.jpg 1024w, https:\/\/www.comau.com\/wp-content\/uploads\/2021\/07\/Header_AURA-768x291.jpg 768w\" sizes=\"(max-width: 1280px) 100vw, 1280px\" \/><\/a><\/div><div class=\"wp-block-getwid-image-box__content\">\n<h3 class=\"wp-block-heading\">AURA Kollaborativer Roboter<\/h3>\n\n\n\n<p>AURA ist der einzige kollaborative Roboter mit der gr\u00f6\u00dften marktweiten Nutzlast von 170 kg. Dank spezieller Sensoren, die ihm ein \u201efast menschliches\u201c Feingef\u00fchl verleihen, kann er in absoluter Sicherheit und bei vollst\u00e4ndiger N\u00e4he ohne irgendeine erforderliche Absperrung eingesetzt werden.<\/p>\n<\/div><\/div>\n<\/div>\n\n\n\n<div class=\"wp-block-column is-layout-flow wp-block-column-is-layout-flow\">\n<div class=\"wp-block-getwid-image-box has-text-left has-mobile-layout-default has-mobile-alignment-default\"><div class=\"wp-block-getwid-image-box__image-container is-position-top\"><a href=\"https:\/\/www.comau.com\/en\/?page_id=34586\" class=\"wp-block-getwid-image-box__image-wrapper\"><img decoding=\"async\" width=\"1280\" height=\"485\" src=\"https:\/\/www.comau.com\/wp-content\/uploads\/2021\/07\/Agile_header.png\" alt=\"\" class=\"wp-block-getwid-image-box__image wp-image-34605\" srcset=\"https:\/\/www.comau.com\/wp-content\/uploads\/2021\/07\/Agile_header.png 1280w, https:\/\/www.comau.com\/wp-content\/uploads\/2021\/07\/Agile_header-300x114.png 300w, https:\/\/www.comau.com\/wp-content\/uploads\/2021\/07\/Agile_header-1024x388.png 1024w, https:\/\/www.comau.com\/wp-content\/uploads\/2021\/07\/Agile_header-768x291.png 768w\" sizes=\"(max-width: 1280px) 100vw, 1280px\" \/><\/a><\/div><div class=\"wp-block-getwid-image-box__content\">\n<h3 class=\"wp-block-heading\">Fahrerloses Transportsystem (FTS)<\/h3>\n\n\n\n<p>Innerhalb der FTS-Plattform von Comau ist Agile1500 ein vollst\u00e4ndig automatisierter mobiler Roboter. Mit einer max. Nutzlast von 1500 kg ist das Transportsystem f\u00fcr die Optimierung einer intelligenten Werkslogistik, unterschiedliche Produktionsanforderungen, diverse Fabriklayouts und zahlreiche Fertigungsanwendungen konzipiert.<\/p>\n<\/div><\/div>\n<\/div>\n<\/div>\n","protected":false},"excerpt":{"rendered":"<p>Die vierte industrielle Revolution hat die Beziehung zwischen Mensch und Maschine in der modernen Fabrik neu definiert. In der Comau Smart Factory k\u00f6nnen Bediener und Roboter dank der kollaborativen Robotik in engem Kontakt und in v\u00f6lliger Sicherheit arbeiten: Die Cobots werden mit hoch repetitiven und schweren Aufgaben betraut, w\u00e4hrend sich der Mensch den spezialisierteren und [&hellip;]<\/p>\n","protected":false},"author":11,"featured_media":34574,"parent":5716,"menu_order":8,"comment_status":"closed","ping_status":"closed","template":"","meta":{"_acf_changed":false,"ep_exclude_from_search":false,"footnotes":""},"class_list":["post-4820","page","type-page","status-publish","has-post-thumbnail","hentry"],"acf":[],"yoast_head":"<!-- This site is optimized with the Yoast SEO plugin v26.9 - https:\/\/yoast.com\/product\/yoast-seo-wordpress\/ -->\n<title>Kollaborative Industrieroboter | Comau<\/title>\n<meta name=\"description\" content=\"Kollaborative Roboter helfen Menschen bei der Ausf\u00fchrung manueller Arbeiten in vollkommener Sicherheit: Erfahren Sie mehr!\" \/>\n<meta name=\"robots\" content=\"index, follow, max-snippet:-1, max-image-preview:large, max-video-preview:-1\" \/>\n<link rel=\"canonical\" href=\"https:\/\/www.comau.com\/de\/competencies\/robotics-automation\/collaborative-robotics\/\" \/>\n<meta property=\"og:locale\" content=\"de_DE\" \/>\n<meta property=\"og:type\" content=\"article\" \/>\n<meta property=\"og:title\" content=\"Kollaborative Industrieroboter | Comau\" \/>\n<meta property=\"og:description\" content=\"Kollaborative Roboter helfen Menschen bei der Ausf\u00fchrung manueller Arbeiten in vollkommener Sicherheit: Erfahren Sie mehr!\" \/>\n<meta property=\"og:url\" content=\"https:\/\/www.comau.com\/de\/competencies\/robotics-automation\/collaborative-robotics\/\" \/>\n<meta property=\"og:site_name\" content=\"Comau\" \/>\n<meta property=\"article:publisher\" content=\"https:\/\/www.facebook.com\/COMAU\/\" \/>\n<meta property=\"article:modified_time\" content=\"2022-02-03T14:25:49+00:00\" \/>\n<meta property=\"og:image\" content=\"https:\/\/www.comau.com\/wp-content\/uploads\/2021\/07\/Comau_Collaborative-Robotics_MainImage.jpg\" \/>\n\t<meta property=\"og:image:width\" content=\"1425\" \/>\n\t<meta property=\"og:image:height\" content=\"450\" \/>\n\t<meta property=\"og:image:type\" content=\"image\/jpeg\" \/>\n<meta name=\"twitter:card\" content=\"summary_large_image\" \/>\n<meta name=\"twitter:site\" content=\"@comaugroup\" \/>\n<meta name=\"twitter:label1\" content=\"Gesch\u00e4tzte Lesezeit\" \/>\n\t<meta name=\"twitter:data1\" content=\"3\u00a0Minuten\" \/>\n<script type=\"application\/ld+json\" class=\"yoast-schema-graph\">{\"@context\":\"https:\/\/schema.org\",\"@graph\":[{\"@type\":\"WebPage\",\"@id\":\"https:\/\/www.comau.com\/de\/competencies\/robotics-automation\/collaborative-robotics\/\",\"url\":\"https:\/\/www.comau.com\/de\/competencies\/robotics-automation\/collaborative-robotics\/\",\"name\":\"Kollaborative Industrieroboter | Comau\",\"isPartOf\":{\"@id\":\"https:\/\/www.comau.com\/de\/#website\"},\"primaryImageOfPage\":{\"@id\":\"https:\/\/www.comau.com\/de\/competencies\/robotics-automation\/collaborative-robotics\/#primaryimage\"},\"image\":{\"@id\":\"https:\/\/www.comau.com\/de\/competencies\/robotics-automation\/collaborative-robotics\/#primaryimage\"},\"thumbnailUrl\":\"https:\/\/www.comau.com\/wp-content\/uploads\/2021\/07\/Comau_Collaborative-Robotics_MainImage.jpg\",\"datePublished\":\"2021-06-30T22:08:53+00:00\",\"dateModified\":\"2022-02-03T14:25:49+00:00\",\"description\":\"Kollaborative Roboter helfen Menschen bei der Ausf\u00fchrung manueller Arbeiten in vollkommener Sicherheit: Erfahren Sie mehr!\",\"breadcrumb\":{\"@id\":\"https:\/\/www.comau.com\/de\/competencies\/robotics-automation\/collaborative-robotics\/#breadcrumb\"},\"inLanguage\":\"de\",\"potentialAction\":[{\"@type\":\"ReadAction\",\"target\":[\"https:\/\/www.comau.com\/de\/competencies\/robotics-automation\/collaborative-robotics\/\"]}]},{\"@type\":\"ImageObject\",\"inLanguage\":\"de\",\"@id\":\"https:\/\/www.comau.com\/de\/competencies\/robotics-automation\/collaborative-robotics\/#primaryimage\",\"url\":\"https:\/\/www.comau.com\/wp-content\/uploads\/2021\/07\/Comau_Collaborative-Robotics_MainImage.jpg\",\"contentUrl\":\"https:\/\/www.comau.com\/wp-content\/uploads\/2021\/07\/Comau_Collaborative-Robotics_MainImage.jpg\",\"width\":1425,\"height\":450},{\"@type\":\"BreadcrumbList\",\"@id\":\"https:\/\/www.comau.com\/de\/competencies\/robotics-automation\/collaborative-robotics\/#breadcrumb\",\"itemListElement\":[{\"@type\":\"ListItem\",\"position\":1,\"name\":\"Home\",\"item\":\"https:\/\/www.comau.com\/de\/\"},{\"@type\":\"ListItem\",\"position\":2,\"name\":\"Unsere Kompetenzen\",\"item\":\"https:\/\/www.comau.com\/de\/competencies\/\"},{\"@type\":\"ListItem\",\"position\":3,\"name\":\"Robotics &amp; Automation\",\"item\":\"https:\/\/www.comau.com\/de\/competencies\/robotics-automation\/\"},{\"@type\":\"ListItem\",\"position\":4,\"name\":\"Collaborative Robotics\"}]},{\"@type\":\"WebSite\",\"@id\":\"https:\/\/www.comau.com\/de\/#website\",\"url\":\"https:\/\/www.comau.com\/de\/\",\"name\":\"Comau\",\"description\":\"Industrial automation and robotics\",\"publisher\":{\"@id\":\"https:\/\/www.comau.com\/de\/#organization\"},\"potentialAction\":[{\"@type\":\"SearchAction\",\"target\":{\"@type\":\"EntryPoint\",\"urlTemplate\":\"https:\/\/www.comau.com\/de\/?s={search_term_string}\"},\"query-input\":{\"@type\":\"PropertyValueSpecification\",\"valueRequired\":true,\"valueName\":\"search_term_string\"}}],\"inLanguage\":\"de\"},{\"@type\":\"Organization\",\"@id\":\"https:\/\/www.comau.com\/de\/#organization\",\"name\":\"Comau\",\"url\":\"https:\/\/www.comau.com\/de\/\",\"logo\":{\"@type\":\"ImageObject\",\"inLanguage\":\"de\",\"@id\":\"https:\/\/www.comau.com\/de\/#\/schema\/logo\/image\/\",\"url\":\"https:\/\/www.comau.com\/wp-content\/uploads\/2024\/07\/cropped-Logo-COMAU.png\",\"contentUrl\":\"https:\/\/www.comau.com\/wp-content\/uploads\/2024\/07\/cropped-Logo-COMAU.png\",\"width\":434,\"height\":434,\"caption\":\"Comau\"},\"image\":{\"@id\":\"https:\/\/www.comau.com\/de\/#\/schema\/logo\/image\/\"},\"sameAs\":[\"https:\/\/www.facebook.com\/COMAU\/\",\"https:\/\/x.com\/comaugroup\",\"https:\/\/www.instagram.com\/comaugroup\/\",\"https:\/\/www.linkedin.com\/company\/comau\",\"https:\/\/www.youtube.com\/user\/comau\"]}]}<\/script>\n<!-- \/ Yoast SEO plugin. -->","yoast_head_json":{"title":"Kollaborative Industrieroboter | Comau","description":"Kollaborative Roboter helfen Menschen bei der Ausf\u00fchrung manueller Arbeiten in vollkommener Sicherheit: Erfahren Sie mehr!","robots":{"index":"index","follow":"follow","max-snippet":"max-snippet:-1","max-image-preview":"max-image-preview:large","max-video-preview":"max-video-preview:-1"},"canonical":"https:\/\/www.comau.com\/de\/competencies\/robotics-automation\/collaborative-robotics\/","og_locale":"de_DE","og_type":"article","og_title":"Kollaborative Industrieroboter | Comau","og_description":"Kollaborative Roboter helfen Menschen bei der Ausf\u00fchrung manueller Arbeiten in vollkommener Sicherheit: Erfahren Sie mehr!","og_url":"https:\/\/www.comau.com\/de\/competencies\/robotics-automation\/collaborative-robotics\/","og_site_name":"Comau","article_publisher":"https:\/\/www.facebook.com\/COMAU\/","article_modified_time":"2022-02-03T14:25:49+00:00","og_image":[{"width":1425,"height":450,"url":"https:\/\/www.comau.com\/wp-content\/uploads\/2021\/07\/Comau_Collaborative-Robotics_MainImage.jpg","type":"image\/jpeg"}],"twitter_card":"summary_large_image","twitter_site":"@comaugroup","twitter_misc":{"Gesch\u00e4tzte Lesezeit":"3\u00a0Minuten"},"schema":{"@context":"https:\/\/schema.org","@graph":[{"@type":"WebPage","@id":"https:\/\/www.comau.com\/de\/competencies\/robotics-automation\/collaborative-robotics\/","url":"https:\/\/www.comau.com\/de\/competencies\/robotics-automation\/collaborative-robotics\/","name":"Kollaborative Industrieroboter | Comau","isPartOf":{"@id":"https:\/\/www.comau.com\/de\/#website"},"primaryImageOfPage":{"@id":"https:\/\/www.comau.com\/de\/competencies\/robotics-automation\/collaborative-robotics\/#primaryimage"},"image":{"@id":"https:\/\/www.comau.com\/de\/competencies\/robotics-automation\/collaborative-robotics\/#primaryimage"},"thumbnailUrl":"https:\/\/www.comau.com\/wp-content\/uploads\/2021\/07\/Comau_Collaborative-Robotics_MainImage.jpg","datePublished":"2021-06-30T22:08:53+00:00","dateModified":"2022-02-03T14:25:49+00:00","description":"Kollaborative Roboter helfen Menschen bei der Ausf\u00fchrung manueller Arbeiten in vollkommener Sicherheit: Erfahren Sie mehr!","breadcrumb":{"@id":"https:\/\/www.comau.com\/de\/competencies\/robotics-automation\/collaborative-robotics\/#breadcrumb"},"inLanguage":"de","potentialAction":[{"@type":"ReadAction","target":["https:\/\/www.comau.com\/de\/competencies\/robotics-automation\/collaborative-robotics\/"]}]},{"@type":"ImageObject","inLanguage":"de","@id":"https:\/\/www.comau.com\/de\/competencies\/robotics-automation\/collaborative-robotics\/#primaryimage","url":"https:\/\/www.comau.com\/wp-content\/uploads\/2021\/07\/Comau_Collaborative-Robotics_MainImage.jpg","contentUrl":"https:\/\/www.comau.com\/wp-content\/uploads\/2021\/07\/Comau_Collaborative-Robotics_MainImage.jpg","width":1425,"height":450},{"@type":"BreadcrumbList","@id":"https:\/\/www.comau.com\/de\/competencies\/robotics-automation\/collaborative-robotics\/#breadcrumb","itemListElement":[{"@type":"ListItem","position":1,"name":"Home","item":"https:\/\/www.comau.com\/de\/"},{"@type":"ListItem","position":2,"name":"Unsere Kompetenzen","item":"https:\/\/www.comau.com\/de\/competencies\/"},{"@type":"ListItem","position":3,"name":"Robotics &amp; Automation","item":"https:\/\/www.comau.com\/de\/competencies\/robotics-automation\/"},{"@type":"ListItem","position":4,"name":"Collaborative Robotics"}]},{"@type":"WebSite","@id":"https:\/\/www.comau.com\/de\/#website","url":"https:\/\/www.comau.com\/de\/","name":"Comau","description":"Industrial automation and robotics","publisher":{"@id":"https:\/\/www.comau.com\/de\/#organization"},"potentialAction":[{"@type":"SearchAction","target":{"@type":"EntryPoint","urlTemplate":"https:\/\/www.comau.com\/de\/?s={search_term_string}"},"query-input":{"@type":"PropertyValueSpecification","valueRequired":true,"valueName":"search_term_string"}}],"inLanguage":"de"},{"@type":"Organization","@id":"https:\/\/www.comau.com\/de\/#organization","name":"Comau","url":"https:\/\/www.comau.com\/de\/","logo":{"@type":"ImageObject","inLanguage":"de","@id":"https:\/\/www.comau.com\/de\/#\/schema\/logo\/image\/","url":"https:\/\/www.comau.com\/wp-content\/uploads\/2024\/07\/cropped-Logo-COMAU.png","contentUrl":"https:\/\/www.comau.com\/wp-content\/uploads\/2024\/07\/cropped-Logo-COMAU.png","width":434,"height":434,"caption":"Comau"},"image":{"@id":"https:\/\/www.comau.com\/de\/#\/schema\/logo\/image\/"},"sameAs":["https:\/\/www.facebook.com\/COMAU\/","https:\/\/x.com\/comaugroup","https:\/\/www.instagram.com\/comaugroup\/","https:\/\/www.linkedin.com\/company\/comau","https:\/\/www.youtube.com\/user\/comau"]}]}},"_links":{"self":[{"href":"https:\/\/www.comau.com\/de\/wp-json\/wp\/v2\/pages\/4820","targetHints":{"allow":["GET"]}}],"collection":[{"href":"https:\/\/www.comau.com\/de\/wp-json\/wp\/v2\/pages"}],"about":[{"href":"https:\/\/www.comau.com\/de\/wp-json\/wp\/v2\/types\/page"}],"author":[{"embeddable":true,"href":"https:\/\/www.comau.com\/de\/wp-json\/wp\/v2\/users\/11"}],"replies":[{"embeddable":true,"href":"https:\/\/www.comau.com\/de\/wp-json\/wp\/v2\/comments?post=4820"}],"version-history":[{"count":17,"href":"https:\/\/www.comau.com\/de\/wp-json\/wp\/v2\/pages\/4820\/revisions"}],"predecessor-version":[{"id":41751,"href":"https:\/\/www.comau.com\/de\/wp-json\/wp\/v2\/pages\/4820\/revisions\/41751"}],"up":[{"embeddable":true,"href":"https:\/\/www.comau.com\/de\/wp-json\/wp\/v2\/pages\/5716"}],"wp:featuredmedia":[{"embeddable":true,"href":"https:\/\/www.comau.com\/de\/wp-json\/wp\/v2\/media\/34574"}],"wp:attachment":[{"href":"https:\/\/www.comau.com\/de\/wp-json\/wp\/v2\/media?parent=4820"}],"curies":[{"name":"wp","href":"https:\/\/api.w.org\/{rel}","templated":true}]}}