{"id":4811,"date":"2021-07-01T00:01:33","date_gmt":"2021-06-30T22:01:33","guid":{"rendered":"https:\/\/www.comau.com\/?page_id=4811"},"modified":"2022-10-19T14:43:55","modified_gmt":"2022-10-19T12:43:55","slug":"body-assembly","status":"publish","type":"page","link":"https:\/\/www.comau.com\/de\/competencies\/body-assembly\/","title":{"rendered":"Body Assembly"},"content":{"rendered":"\n<h2 class=\"wp-block-heading\" id=\"wir-wissen-was-unternehmen-am-wichtigsten-ist\">Wir wissen, was Unternehmen am wichtigsten ist<\/h2>\n\n\n\n<div class=\"wp-block-columns is-layout-flex wp-container-core-columns-is-layout-9d6595d7 wp-block-columns-is-layout-flex\">\n<div class=\"wp-block-column is-layout-flow wp-block-column-is-layout-flow\">\n<div class=\"wp-block-getwid-image-box has-text-center has-mobile-layout-default has-mobile-alignment-default\"><div class=\"wp-block-getwid-image-box__image-container is-position-top\"><div class=\"wp-block-getwid-image-box__image-wrapper\"><img decoding=\"async\" width=\"184\" height=\"130\" src=\"https:\/\/www.comau.com\/wp-content\/uploads\/2021\/06\/esigenze-time-to-market.jpg\" alt=\"\" class=\"wp-block-getwid-image-box__image wp-image-396\" \/><\/div><\/div><div class=\"wp-block-getwid-image-box__content\">\n<h3 class=\"wp-block-heading\"><\/h3>\n\n\n\n<p>Markteinf\u00fchrungszeit<\/p>\n<\/div><\/div>\n<\/div>\n\n\n\n<div class=\"wp-block-column is-layout-flow wp-block-column-is-layout-flow\">\n<div class=\"wp-block-getwid-image-box has-text-center has-mobile-layout-default has-mobile-alignment-default\"><div class=\"wp-block-getwid-image-box__image-container is-position-top\"><div class=\"wp-block-getwid-image-box__image-wrapper\"><img decoding=\"async\" width=\"184\" height=\"130\" src=\"https:\/\/www.comau.com\/wp-content\/uploads\/2021\/06\/esigenze-flessibilita.jpg\" alt=\"\" class=\"wp-block-getwid-image-box__image wp-image-399\" \/><\/div><\/div><div class=\"wp-block-getwid-image-box__content\">\n<h3 class=\"wp-block-heading\"><\/h3>\n\n\n\n<p>Operationelle Flexibilit\u00e4t<\/p>\n<\/div><\/div>\n<\/div>\n\n\n\n<div class=\"wp-block-column is-layout-flow wp-block-column-is-layout-flow\">\n<div class=\"wp-block-getwid-image-box has-text-center has-mobile-layout-default has-mobile-alignment-default\"><div class=\"wp-block-getwid-image-box__image-container is-position-top\"><div class=\"wp-block-getwid-image-box__image-wrapper\"><img decoding=\"async\" width=\"184\" height=\"130\" src=\"https:\/\/www.comau.com\/wp-content\/uploads\/2021\/06\/esigenze-ridurre-costi.jpg\" alt=\"\" class=\"wp-block-getwid-image-box__image wp-image-398\" \/><\/div><\/div><div class=\"wp-block-getwid-image-box__content\">\n<h3 class=\"wp-block-heading\"><\/h3>\n\n\n\n<p>Betriebskostensenkung<\/p>\n<\/div><\/div>\n<\/div>\n\n\n\n<div class=\"wp-block-column is-layout-flow wp-block-column-is-layout-flow\">\n<div class=\"wp-block-getwid-image-box has-text-center has-mobile-layout-default has-mobile-alignment-default\"><div class=\"wp-block-getwid-image-box__image-container is-position-top\"><div class=\"wp-block-getwid-image-box__image-wrapper\"><img decoding=\"async\" width=\"184\" height=\"130\" src=\"https:\/\/www.comau.com\/wp-content\/uploads\/2021\/06\/esigenze-ottimizzare-processi.jpg\" alt=\"\" class=\"wp-block-getwid-image-box__image wp-image-397\" \/><\/div><\/div><div class=\"wp-block-getwid-image-box__content\">\n<h3 class=\"wp-block-heading\"><\/h3>\n\n\n\n<p>Prozessoptimierung<\/p>\n<\/div><\/div>\n<\/div>\n<\/div>\n\n\n\n<h2 class=\"wp-block-heading\" id=\"wir-erreichen-diese-ziele-mit-unserem-systematischen-ansatz-zur-projektindividualisierung\">Wir erreichen diese Ziele mit unserem systematischen Ansatz zur Projektindividualisierung<\/h2>\n\n\n\n<p>\u200bJedes Unternehmen ist anders.<\/p>\n\n\n\n<p>Und jede Produktionslinie hat ihre eigenen spezifischen Anforderungen.<\/p>\n\n\n\n<p>Deshalb verkaufen wir keine L\u00f6sungen aus dem Katalog, sondern planen und entwickeln sie zusammen mit unseren Kunden.<\/p>\n\n\n\n<p>Um die erw\u00fcnschten Ergebnisse zu erzielen, unterziehen wir den Fertigungsprozess einer eingehenden Analyse. Der Erfolg unserer Projektausf\u00fchrung basiert auf einer kontinuierlichen R\u00fcckkopplungsschleife zwischen Ihnen und uns, um wahrhaft innovative L\u00f6sungen zu konzipieren, zu implementieren und zu optimieren.<\/p>\n\n\n\n<p>Comau verf\u00fcgt \u00fcber eines der gr\u00f6\u00dften Netzwerke f\u00fcr Automatisierungsfertigung weltweit. Unsere Niederlassungen und Innovationszentren befinden sich \u00fcberall auf der Welt, um Ihren speziellen Anforderungen w\u00e4hrend des gesamten Prozesses gerecht zu werden.<\/p>\n\n\n\n<h2 class=\"wp-block-heading\" id=\"comauflex-flexibilitat-im-dienste-der-produktinnovation\">ComauFlex: Flexibilit\u00e4t im Dienste der Produktinnovation<\/h2>\n\n\n\n<p>Moderne M\u00e4rkte sprechen die Sprache der Innovation. Neue Produkte, Prozesse, Verbindungsarten und Materialien sind die st\u00e4ndigen Herausforderungen in einer sich stetig wandelnden Industrie. <\/p>\n\n\n\n<p>ComauFlex ist unser strategisches Konzept f\u00fcr die Notwendigkeit modularer Montagelinien. Entscheidend f\u00fcr die Realisierung vielseitiger und effizienter Prozesse sind Versorgungs- und Verarbeitungsbereiche, die sowohl getrennt als auch vernetzt sind.<\/p>\n\n\n\n<p>Selbst bei problematischen Platzverh\u00e4ltnissen oder dem Druck, gro\u00dfe St\u00fcckzahlen neuer Materialien und Verbindungsarten zu verarbeiten, garantiert das System die maximale Betriebsflexibilit\u00e4t. <\/p>\n\n\n\n<p>\u201eComauFlex ist eine operative Philosophie, die die Produktionseffizienz maximiert und eine \u00fcbersichtlichere und rationellere Gestaltung der industriellen Produktionsumgebung schafft.\u201c <\/p>\n\n\n\n<h2 class=\"wp-block-heading\" id=\"how-we-re-changing-body-assembly-technologies\">\u200bWie wir Technologien f\u00fcr die Karosseriemontage ver\u00e4ndern<\/h2>\n\n\n\n<div class=\"wp-block-columns columns-bg-dark is-layout-flex wp-container-core-columns-is-layout-9d6595d7 wp-block-columns-is-layout-flex\">\n<div class=\"wp-block-column is-layout-flow wp-block-column-is-layout-flow\">\n<h3 class=\"wp-block-heading\" id=\"losungen\">L\u00f6sungen<\/h3>\n\n\n\n<p>Komplette BIW-Fertigungs- und Montagesysteme in Verbindung mit modernen F\u00fcgeverfahren zur Karosseriemontage wie das OpenRobogate-Rahmensystem. Vollst\u00e4ndig in die Anlage integriert, steigern unsere schl\u00fcsselfertigen L\u00f6sungen die Effizienz Ihrer Produktionsabl\u00e4ufe und optimieren die Werkslogistik.<\/p>\n\n\n\n<div class=\"wp-block-buttons is-layout-flex wp-block-buttons-is-layout-flex\">\n<div class=\"wp-block-button\"><a class=\"wp-block-button__link\" href=\"https:\/\/www.comau.com\/de\/competencies\/body-assembly\/solutions\/\">Mehr \u00fcber L\u00f6sungen<\/a><\/div>\n<\/div>\n<\/div>\n\n\n\n<div class=\"wp-block-column is-layout-flow wp-block-column-is-layout-flow\">\n<h3 class=\"wp-block-heading\" id=\"technologies\">Technologies<\/h3>\n\n\n\n<p>Von modernen Materialverbindungsverfahren und Lasersystemen zum Hartl\u00f6ten, Schwei\u00dfen und Schneiden bis hin zu 3D-Roboter-Plasmaschneidprozessen und Rollfalz (RHEvo)-Verfahren k\u00f6nnen wir auf eine lange Tradition an Innovation und Kompetenz verweisen, die einzigartig ist.<\/p>\n\n\n\n<div class=\"wp-block-buttons is-layout-flex wp-block-buttons-is-layout-flex\">\n<div class=\"wp-block-button\"><a class=\"wp-block-button__link\" href=\"https:\/\/www.comau.com\/de\/competencies\/body-assembly\/technologies\/\">Mehr \u00fcber Technologien<\/a><\/div>\n<\/div>\n<\/div>\n\n\n\n<div class=\"wp-block-column is-layout-flow wp-block-column-is-layout-flow\">\n<h3 class=\"wp-block-heading\" id=\"produkte\">Produkte<\/h3>\n\n\n\n<p>Schwei\u00dfpistolen und Punktschwei\u00dfmaschinen Palettenstauf\u00f6rderer Break-away-Endeffektoren Vision Systems und das innovative RecogniSense. Unsere Ideen ver\u00e4ndern die Welt der F\u00fcge- und Montagetechnik.<\/p>\n\n\n\n<div class=\"wp-block-buttons is-layout-flex wp-block-buttons-is-layout-flex\">\n<div class=\"wp-block-button\"><a class=\"wp-block-button__link\" href=\"https:\/\/www.comau.com\/de\/competencies\/body-assembly\/products\/\">Sehen Sie sich unsere Produkte an<\/a><\/div>\n<\/div>\n<\/div>\n<\/div>\n\n\n\n<h2 class=\"wp-block-heading\" id=\"karosseriemontage-nach-zahlen\">Karosseriemontage nach Zahlen <\/h2>\n\n\n\n<div class=\"wp-block-columns is-layout-flex wp-container-core-columns-is-layout-9d6595d7 wp-block-columns-is-layout-flex\">\n<div class=\"wp-block-column is-layout-flow wp-block-column-is-layout-flow\">\n<div class=\"wp-block-getwid-image-box has-text-center has-mobile-layout-default has-mobile-alignment-default\"><div class=\"wp-block-getwid-image-box__image-container is-position-top\"><div class=\"wp-block-getwid-image-box__image-wrapper\"><img decoding=\"async\" width=\"184\" height=\"130\" src=\"https:\/\/www.comau.com\/wp-content\/uploads\/2021\/06\/locations.jpg\" alt=\"\" class=\"wp-block-getwid-image-box__image wp-image-410\" \/><\/div><\/div><div class=\"wp-block-getwid-image-box__content\">\n<h3 class=\"wp-block-heading\"><\/h3>\n\n\n\n<p>Mehr als <strong>10<\/strong>ComauFlex-Systems installiert in <strong>3<\/strong> verschiedenen Regionen<\/p>\n<\/div><\/div>\n<\/div>\n\n\n\n<div class=\"wp-block-column is-layout-flow wp-block-column-is-layout-flow\">\n<div class=\"wp-block-getwid-image-box has-text-center has-mobile-layout-default has-mobile-alignment-default\"><div class=\"wp-block-getwid-image-box__image-container is-position-top\"><div class=\"wp-block-getwid-image-box__image-wrapper\"><img decoding=\"async\" width=\"184\" height=\"130\" src=\"https:\/\/www.comau.com\/wp-content\/uploads\/2021\/06\/laser_applications_in_different-countries.jpg\" alt=\"\" class=\"wp-block-getwid-image-box__image wp-image-413\" \/><\/div><\/div><div class=\"wp-block-getwid-image-box__content\">\n<h3 class=\"wp-block-heading\"><\/h3>\n\n\n\n<p>Mehr als  <strong>120<\/strong>Laseranwendungen in <strong>13<\/strong> verschiedenen L\u00e4ndern <strong>8,000<\/strong> Schwei\u00dfpistolen in Betrieb<\/p>\n<\/div><\/div>\n<\/div>\n\n\n\n<div class=\"wp-block-column is-layout-flow wp-block-column-is-layout-flow\">\n<div class=\"wp-block-getwid-image-box has-text-center has-mobile-layout-default has-mobile-alignment-default\"><div class=\"wp-block-getwid-image-box__image-container is-position-top\"><div class=\"wp-block-getwid-image-box__image-wrapper\"><img decoding=\"async\" width=\"184\" height=\"130\" src=\"https:\/\/www.comau.com\/wp-content\/uploads\/2021\/06\/vision_Hemming_systems_installed.jpg\" alt=\"\" class=\"wp-block-getwid-image-box__image wp-image-412\" \/><\/div><\/div><div class=\"wp-block-getwid-image-box__content\">\n<h3 class=\"wp-block-heading\"><\/h3>\n\n\n\n<p><strong>230<\/strong> installierte Vision- und Hemming-Systeme<\/p>\n<\/div><\/div>\n<\/div>\n\n\n\n<div class=\"wp-block-column is-layout-flow wp-block-column-is-layout-flow\">\n<div class=\"wp-block-getwid-image-box has-text-center has-mobile-layout-default has-mobile-alignment-default\"><div class=\"wp-block-getwid-image-box__image-container is-position-top\"><div class=\"wp-block-getwid-image-box__image-wrapper\"><img decoding=\"async\" width=\"184\" height=\"130\" src=\"https:\/\/www.comau.com\/wp-content\/uploads\/2021\/06\/patents_held_and_-patents_pending.jpg\" alt=\"\" class=\"wp-block-getwid-image-box__image wp-image-411\" \/><\/div><\/div><div class=\"wp-block-getwid-image-box__content\">\n<h3 class=\"wp-block-heading\"><\/h3>\n\n\n\n<p><strong>75<\/strong>brevets en cours d&#8217;instruction<strong>60<\/strong> angemeldete Patente<\/p>\n<\/div><\/div>\n<\/div>\n<\/div>\n","protected":false},"excerpt":{"rendered":"<p>Wir wissen, was Unternehmen am wichtigsten ist Wir erreichen diese Ziele mit unserem systematischen Ansatz zur Projektindividualisierung \u200bJedes Unternehmen ist anders. Und jede Produktionslinie hat ihre eigenen spezifischen Anforderungen. Deshalb verkaufen wir keine L\u00f6sungen aus dem Katalog, sondern planen und entwickeln sie zusammen mit unseren Kunden. Um die erw\u00fcnschten Ergebnisse zu erzielen, unterziehen wir den [&hellip;]<\/p>\n","protected":false},"author":11,"featured_media":4824,"parent":4763,"menu_order":1,"comment_status":"closed","ping_status":"closed","template":"","meta":{"_acf_changed":false,"ep_exclude_from_search":false,"footnotes":""},"class_list":["post-4811","page","type-page","status-publish","has-post-thumbnail","hentry"],"acf":[],"yoast_head":"<!-- This site is optimized with the Yoast SEO plugin v26.9 - https:\/\/yoast.com\/product\/yoast-seo-wordpress\/ -->\n<title>Body Assembly: Karosseriemontage und Produktionsprozesse | Comau<\/title>\n<meta name=\"description\" content=\"Comau begleitet seine Kunden vom Anfang bis zum Ende des Produktionsprozesses bei der Karosseriemontage und geht auf alle Bed\u00fcrfnisse ein!\" \/>\n<meta name=\"robots\" content=\"index, follow, max-snippet:-1, max-image-preview:large, max-video-preview:-1\" \/>\n<link rel=\"canonical\" href=\"https:\/\/www.comau.com\/de\/competencies\/body-assembly\/\" \/>\n<meta property=\"og:locale\" content=\"de_DE\" \/>\n<meta property=\"og:type\" content=\"article\" \/>\n<meta property=\"og:title\" content=\"Body Assembly: Karosseriemontage und Produktionsprozesse | Comau\" \/>\n<meta property=\"og:description\" content=\"Comau begleitet seine Kunden vom Anfang bis zum Ende des Produktionsprozesses bei der Karosseriemontage und geht auf alle Bed\u00fcrfnisse ein!\" \/>\n<meta property=\"og:url\" content=\"https:\/\/www.comau.com\/de\/competencies\/body-assembly\/\" \/>\n<meta property=\"og:site_name\" content=\"Comau\" \/>\n<meta property=\"article:publisher\" content=\"https:\/\/www.facebook.com\/COMAU\/\" \/>\n<meta property=\"article:modified_time\" content=\"2022-10-19T12:43:55+00:00\" \/>\n<meta property=\"og:image\" content=\"https:\/\/www.comau.com\/wp-content\/uploads\/2021\/06\/BA_header.jpg\" \/>\n\t<meta property=\"og:image:width\" content=\"1280\" \/>\n\t<meta property=\"og:image:height\" content=\"485\" \/>\n\t<meta property=\"og:image:type\" content=\"image\/jpeg\" \/>\n<meta name=\"twitter:card\" content=\"summary_large_image\" \/>\n<meta name=\"twitter:site\" content=\"@comaugroup\" \/>\n<meta name=\"twitter:label1\" content=\"Gesch\u00e4tzte Lesezeit\" \/>\n\t<meta name=\"twitter:data1\" content=\"4\u00a0Minuten\" \/>\n<script type=\"application\/ld+json\" class=\"yoast-schema-graph\">{\"@context\":\"https:\/\/schema.org\",\"@graph\":[{\"@type\":\"WebPage\",\"@id\":\"https:\/\/www.comau.com\/de\/competencies\/body-assembly\/\",\"url\":\"https:\/\/www.comau.com\/de\/competencies\/body-assembly\/\",\"name\":\"Body Assembly: Karosseriemontage und Produktionsprozesse | Comau\",\"isPartOf\":{\"@id\":\"https:\/\/www.comau.com\/de\/#website\"},\"primaryImageOfPage\":{\"@id\":\"https:\/\/www.comau.com\/de\/competencies\/body-assembly\/#primaryimage\"},\"image\":{\"@id\":\"https:\/\/www.comau.com\/de\/competencies\/body-assembly\/#primaryimage\"},\"thumbnailUrl\":\"https:\/\/www.comau.com\/wp-content\/uploads\/2021\/06\/BA_header.jpg\",\"datePublished\":\"2021-06-30T22:01:33+00:00\",\"dateModified\":\"2022-10-19T12:43:55+00:00\",\"description\":\"Comau begleitet seine Kunden vom Anfang bis zum Ende des Produktionsprozesses bei der Karosseriemontage und geht auf alle Bed\u00fcrfnisse ein!\",\"breadcrumb\":{\"@id\":\"https:\/\/www.comau.com\/de\/competencies\/body-assembly\/#breadcrumb\"},\"inLanguage\":\"de\",\"potentialAction\":[{\"@type\":\"ReadAction\",\"target\":[\"https:\/\/www.comau.com\/de\/competencies\/body-assembly\/\"]}]},{\"@type\":\"ImageObject\",\"inLanguage\":\"de\",\"@id\":\"https:\/\/www.comau.com\/de\/competencies\/body-assembly\/#primaryimage\",\"url\":\"https:\/\/www.comau.com\/wp-content\/uploads\/2021\/06\/BA_header.jpg\",\"contentUrl\":\"https:\/\/www.comau.com\/wp-content\/uploads\/2021\/06\/BA_header.jpg\",\"width\":1280,\"height\":485},{\"@type\":\"BreadcrumbList\",\"@id\":\"https:\/\/www.comau.com\/de\/competencies\/body-assembly\/#breadcrumb\",\"itemListElement\":[{\"@type\":\"ListItem\",\"position\":1,\"name\":\"Home\",\"item\":\"https:\/\/www.comau.com\/de\/\"},{\"@type\":\"ListItem\",\"position\":2,\"name\":\"Unsere Kompetenzen\",\"item\":\"https:\/\/www.comau.com\/de\/competencies\/\"},{\"@type\":\"ListItem\",\"position\":3,\"name\":\"Body Assembly\"}]},{\"@type\":\"WebSite\",\"@id\":\"https:\/\/www.comau.com\/de\/#website\",\"url\":\"https:\/\/www.comau.com\/de\/\",\"name\":\"Comau\",\"description\":\"Industrial automation and robotics\",\"publisher\":{\"@id\":\"https:\/\/www.comau.com\/de\/#organization\"},\"potentialAction\":[{\"@type\":\"SearchAction\",\"target\":{\"@type\":\"EntryPoint\",\"urlTemplate\":\"https:\/\/www.comau.com\/de\/?s={search_term_string}\"},\"query-input\":{\"@type\":\"PropertyValueSpecification\",\"valueRequired\":true,\"valueName\":\"search_term_string\"}}],\"inLanguage\":\"de\"},{\"@type\":\"Organization\",\"@id\":\"https:\/\/www.comau.com\/de\/#organization\",\"name\":\"Comau\",\"url\":\"https:\/\/www.comau.com\/de\/\",\"logo\":{\"@type\":\"ImageObject\",\"inLanguage\":\"de\",\"@id\":\"https:\/\/www.comau.com\/de\/#\/schema\/logo\/image\/\",\"url\":\"https:\/\/www.comau.com\/wp-content\/uploads\/2024\/07\/cropped-Logo-COMAU.png\",\"contentUrl\":\"https:\/\/www.comau.com\/wp-content\/uploads\/2024\/07\/cropped-Logo-COMAU.png\",\"width\":434,\"height\":434,\"caption\":\"Comau\"},\"image\":{\"@id\":\"https:\/\/www.comau.com\/de\/#\/schema\/logo\/image\/\"},\"sameAs\":[\"https:\/\/www.facebook.com\/COMAU\/\",\"https:\/\/x.com\/comaugroup\",\"https:\/\/www.instagram.com\/comaugroup\/\",\"https:\/\/www.linkedin.com\/company\/comau\",\"https:\/\/www.youtube.com\/user\/comau\"]}]}<\/script>\n<!-- \/ Yoast SEO plugin. -->","yoast_head_json":{"title":"Body Assembly: Karosseriemontage und Produktionsprozesse | Comau","description":"Comau begleitet seine Kunden vom Anfang bis zum Ende des Produktionsprozesses bei der Karosseriemontage und geht auf alle Bed\u00fcrfnisse ein!","robots":{"index":"index","follow":"follow","max-snippet":"max-snippet:-1","max-image-preview":"max-image-preview:large","max-video-preview":"max-video-preview:-1"},"canonical":"https:\/\/www.comau.com\/de\/competencies\/body-assembly\/","og_locale":"de_DE","og_type":"article","og_title":"Body Assembly: Karosseriemontage und Produktionsprozesse | Comau","og_description":"Comau begleitet seine Kunden vom Anfang bis zum Ende des Produktionsprozesses bei der Karosseriemontage und geht auf alle Bed\u00fcrfnisse ein!","og_url":"https:\/\/www.comau.com\/de\/competencies\/body-assembly\/","og_site_name":"Comau","article_publisher":"https:\/\/www.facebook.com\/COMAU\/","article_modified_time":"2022-10-19T12:43:55+00:00","og_image":[{"width":1280,"height":485,"url":"https:\/\/www.comau.com\/wp-content\/uploads\/2021\/06\/BA_header.jpg","type":"image\/jpeg"}],"twitter_card":"summary_large_image","twitter_site":"@comaugroup","twitter_misc":{"Gesch\u00e4tzte Lesezeit":"4\u00a0Minuten"},"schema":{"@context":"https:\/\/schema.org","@graph":[{"@type":"WebPage","@id":"https:\/\/www.comau.com\/de\/competencies\/body-assembly\/","url":"https:\/\/www.comau.com\/de\/competencies\/body-assembly\/","name":"Body Assembly: Karosseriemontage und Produktionsprozesse | Comau","isPartOf":{"@id":"https:\/\/www.comau.com\/de\/#website"},"primaryImageOfPage":{"@id":"https:\/\/www.comau.com\/de\/competencies\/body-assembly\/#primaryimage"},"image":{"@id":"https:\/\/www.comau.com\/de\/competencies\/body-assembly\/#primaryimage"},"thumbnailUrl":"https:\/\/www.comau.com\/wp-content\/uploads\/2021\/06\/BA_header.jpg","datePublished":"2021-06-30T22:01:33+00:00","dateModified":"2022-10-19T12:43:55+00:00","description":"Comau begleitet seine Kunden vom Anfang bis zum Ende des Produktionsprozesses bei der Karosseriemontage und geht auf alle Bed\u00fcrfnisse ein!","breadcrumb":{"@id":"https:\/\/www.comau.com\/de\/competencies\/body-assembly\/#breadcrumb"},"inLanguage":"de","potentialAction":[{"@type":"ReadAction","target":["https:\/\/www.comau.com\/de\/competencies\/body-assembly\/"]}]},{"@type":"ImageObject","inLanguage":"de","@id":"https:\/\/www.comau.com\/de\/competencies\/body-assembly\/#primaryimage","url":"https:\/\/www.comau.com\/wp-content\/uploads\/2021\/06\/BA_header.jpg","contentUrl":"https:\/\/www.comau.com\/wp-content\/uploads\/2021\/06\/BA_header.jpg","width":1280,"height":485},{"@type":"BreadcrumbList","@id":"https:\/\/www.comau.com\/de\/competencies\/body-assembly\/#breadcrumb","itemListElement":[{"@type":"ListItem","position":1,"name":"Home","item":"https:\/\/www.comau.com\/de\/"},{"@type":"ListItem","position":2,"name":"Unsere Kompetenzen","item":"https:\/\/www.comau.com\/de\/competencies\/"},{"@type":"ListItem","position":3,"name":"Body Assembly"}]},{"@type":"WebSite","@id":"https:\/\/www.comau.com\/de\/#website","url":"https:\/\/www.comau.com\/de\/","name":"Comau","description":"Industrial automation and robotics","publisher":{"@id":"https:\/\/www.comau.com\/de\/#organization"},"potentialAction":[{"@type":"SearchAction","target":{"@type":"EntryPoint","urlTemplate":"https:\/\/www.comau.com\/de\/?s={search_term_string}"},"query-input":{"@type":"PropertyValueSpecification","valueRequired":true,"valueName":"search_term_string"}}],"inLanguage":"de"},{"@type":"Organization","@id":"https:\/\/www.comau.com\/de\/#organization","name":"Comau","url":"https:\/\/www.comau.com\/de\/","logo":{"@type":"ImageObject","inLanguage":"de","@id":"https:\/\/www.comau.com\/de\/#\/schema\/logo\/image\/","url":"https:\/\/www.comau.com\/wp-content\/uploads\/2024\/07\/cropped-Logo-COMAU.png","contentUrl":"https:\/\/www.comau.com\/wp-content\/uploads\/2024\/07\/cropped-Logo-COMAU.png","width":434,"height":434,"caption":"Comau"},"image":{"@id":"https:\/\/www.comau.com\/de\/#\/schema\/logo\/image\/"},"sameAs":["https:\/\/www.facebook.com\/COMAU\/","https:\/\/x.com\/comaugroup","https:\/\/www.instagram.com\/comaugroup\/","https:\/\/www.linkedin.com\/company\/comau","https:\/\/www.youtube.com\/user\/comau"]}]}},"_links":{"self":[{"href":"https:\/\/www.comau.com\/de\/wp-json\/wp\/v2\/pages\/4811","targetHints":{"allow":["GET"]}}],"collection":[{"href":"https:\/\/www.comau.com\/de\/wp-json\/wp\/v2\/pages"}],"about":[{"href":"https:\/\/www.comau.com\/de\/wp-json\/wp\/v2\/types\/page"}],"author":[{"embeddable":true,"href":"https:\/\/www.comau.com\/de\/wp-json\/wp\/v2\/users\/11"}],"replies":[{"embeddable":true,"href":"https:\/\/www.comau.com\/de\/wp-json\/wp\/v2\/comments?post=4811"}],"version-history":[{"count":45,"href":"https:\/\/www.comau.com\/de\/wp-json\/wp\/v2\/pages\/4811\/revisions"}],"predecessor-version":[{"id":48489,"href":"https:\/\/www.comau.com\/de\/wp-json\/wp\/v2\/pages\/4811\/revisions\/48489"}],"up":[{"embeddable":true,"href":"https:\/\/www.comau.com\/de\/wp-json\/wp\/v2\/pages\/4763"}],"wp:featuredmedia":[{"embeddable":true,"href":"https:\/\/www.comau.com\/de\/wp-json\/wp\/v2\/media\/4824"}],"wp:attachment":[{"href":"https:\/\/www.comau.com\/de\/wp-json\/wp\/v2\/media?parent=4811"}],"curies":[{"name":"wp","href":"https:\/\/api.w.org\/{rel}","templated":true}]}}