{"id":4806,"date":"2021-07-01T00:02:27","date_gmt":"2021-06-30T22:02:27","guid":{"rendered":"https:\/\/www.comau.com\/competencies\/powertrain-machining\/"},"modified":"2022-02-03T14:55:08","modified_gmt":"2022-02-03T13:55:08","slug":"powertrain-machining","status":"publish","type":"page","link":"https:\/\/www.comau.com\/de\/competencies\/products-solutions\/powertrain-machining\/","title":{"rendered":"Powertrain &#038; Machining"},"content":{"rendered":"\n<p>Auf der Grundlage langj\u00e4hriger und anerkannter Erfahrung im Fertigungssektor auf globaler Ebene in Verbindung mit fortw\u00e4hrenden Forschungsbem\u00fchungen um fortschrittliche und innovative L\u00f6sungen, entwickelt Comau hochflexible und effiziente Systeme, universelle Bearbeitungszentren und kundenspezifische Prozessl\u00f6sungen f\u00fcr Anforderungen aller Art.<\/p>\n\n\n\n<p>Jeder L\u00f6sungsvorschlag beruht auf modernster Technologien, hohem Know-how sowie einem umfassenden und integrierten Designkonzept. So k\u00f6nnen wir ma\u00dfgeschneiderte, schl\u00fcsselfertige Produkte und Anlagen anbieten, die dank einer Vielzahl von Dienstleistungen sowie einer kontinuierlichen und strategischen Zusammenarbeit mit den Kunden individuell angepasst optimiert sind.<\/p>\n\n\n\n<h2 class=\"wp-block-heading\" id=\"unsere-starken-in-zahlen\">Unsere St\u00e4rken \u2013 in Zahlen<\/h2>\n\n\n\n<div class=\"wp-block-columns is-layout-flex wp-container-core-columns-is-layout-9d6595d7 wp-block-columns-is-layout-flex\">\n<div class=\"wp-block-column is-layout-flow wp-block-column-is-layout-flow\">\n<div class=\"wp-block-getwid-image-box has-text-center has-mobile-layout-default has-mobile-alignment-default\"><div class=\"wp-block-getwid-image-box__image-container is-position-top\"><div class=\"wp-block-getwid-image-box__image-wrapper\"><img decoding=\"async\" width=\"184\" height=\"130\" src=\"https:\/\/www.comau.com\/wp-content\/uploads\/2021\/06\/innovation_centers.jpg\" alt=\"\" class=\"wp-block-getwid-image-box__image wp-image-606\"\/><\/div><\/div><div class=\"wp-block-getwid-image-box__content\">\n<h3 class=\"wp-block-heading\"><\/h3>\n\n\n\n<p><strong>2<\/strong> Innovationszentren<\/p>\n<\/div><\/div>\n<\/div>\n\n\n\n<div class=\"wp-block-column is-layout-flow wp-block-column-is-layout-flow\">\n<div class=\"wp-block-getwid-image-box has-text-center has-mobile-layout-default has-mobile-alignment-default\"><div class=\"wp-block-getwid-image-box__image-container is-position-top\"><div class=\"wp-block-getwid-image-box__image-wrapper\"><img decoding=\"async\" width=\"184\" height=\"130\" src=\"https:\/\/www.comau.com\/wp-content\/uploads\/2021\/06\/installed_machine.jpg\" alt=\"\" class=\"wp-block-getwid-image-box__image wp-image-607\"\/><\/div><\/div><div class=\"wp-block-getwid-image-box__content\">\n<h3 class=\"wp-block-heading\"><\/h3>\n\n\n\n<p><strong>6,500<\/strong> installierte Maschinen<\/p>\n<\/div><\/div>\n<\/div>\n\n\n\n<div class=\"wp-block-column is-layout-flow wp-block-column-is-layout-flow\">\n<div class=\"wp-block-getwid-image-box has-text-center has-mobile-layout-default has-mobile-alignment-default\"><div class=\"wp-block-getwid-image-box__image-container is-position-top\"><div class=\"wp-block-getwid-image-box__image-wrapper\"><img decoding=\"async\" width=\"184\" height=\"130\" src=\"https:\/\/www.comau.com\/wp-content\/uploads\/2021\/06\/manufacturing_plants.jpg\" alt=\"\" class=\"wp-block-getwid-image-box__image wp-image-608\"\/><\/div><\/div><div class=\"wp-block-getwid-image-box__content\">\n<h3 class=\"wp-block-heading\"><\/h3>\n\n\n\n<p><strong>4 <\/strong>Fertigungsanlagen<\/p>\n<\/div><\/div>\n<\/div>\n\n\n\n<div class=\"wp-block-column is-layout-flow wp-block-column-is-layout-flow\">\n<div class=\"wp-block-getwid-image-box has-text-center has-mobile-layout-default has-mobile-alignment-default\"><div class=\"wp-block-getwid-image-box__image-container is-position-top\"><div class=\"wp-block-getwid-image-box__image-wrapper\"><img decoding=\"async\" width=\"184\" height=\"130\" src=\"https:\/\/www.comau.com\/wp-content\/uploads\/2021\/06\/20-country.jpg\" alt=\"\" class=\"wp-block-getwid-image-box__image wp-image-609\"\/><\/div><\/div><div class=\"wp-block-getwid-image-box__content\">\n<h3 class=\"wp-block-heading\"><\/h3>\n\n\n\n<p><strong>20<\/strong> Referenzl\u00e4nder<\/p>\n<\/div><\/div>\n<\/div>\n<\/div>\n\n\n\n<h2 class=\"wp-block-heading\" id=\"die-richtige-losung-fur-ihren-markt\">Die richtige L\u00f6sung f\u00fcr Ihren Markt<\/h2>\n\n\n\n<div class=\"wp-block-columns columns-bg-dark is-layout-flex wp-container-core-columns-is-layout-9d6595d7 wp-block-columns-is-layout-flex\">\n<div class=\"wp-block-column is-layout-flow wp-block-column-is-layout-flow\">\n<h3 class=\"wp-block-heading\" id=\"automobilindustrie\">Automobilindustrie<\/h3>\n\n\n\n<p>Ungeachtet des Projekts sind unsere effizienten Bearbeitungssysteme so flexibel, dass Automobilhersteller mit der stets besten L\u00f6sung ein H\u00f6chstma\u00df an Produktivit\u00e4t sowie dauerhafte Pr\u00e4zision sicherstellen k\u00f6nnen.<\/p>\n<\/div>\n\n\n\n<div class=\"wp-block-column is-layout-flow wp-block-column-is-layout-flow\">\n<h3 class=\"wp-block-heading\" id=\"emobility\">eMobility<\/h3>\n\n\n\n<p>Unsere effizienten, innovativen und praxisbew\u00e4hrten Verfahrenstechnologien f\u00fcr E-Antriebe, Getriebe und mehr sind die perfekte L\u00f6sung, um die neuen Herausforderungen des Energiesektors zu bew\u00e4ltigen.<\/p>\n<\/div>\n\n\n\n<div class=\"wp-block-column is-layout-flow wp-block-column-is-layout-flow\">\n<h3 class=\"wp-block-heading\" id=\"sonstige-sektoren\">Sonstige Sektoren<\/h3>\n\n\n\n<p>Wir haben eine L\u00f6sung f\u00fcr jeden Sektor. Von Mechanik bis Luftfahrt, Medizin oder Energie eignen sich unsere Produkte f\u00fcr unterschiedlichste von Anwendungen und sind Garanten f\u00fcr hohe Qualit\u00e4t und Zuverl\u00e4ssigkeit.<\/p>\n<\/div>\n<\/div>\n\n\n\n<div class=\"wp-block-getwid-tabs\" data-active-tab=\"0\"><ul class=\"wp-block-getwid-tabs__nav-links\"><\/ul>\n<div class=\"wp-block-getwid-tabs__nav-link\"><span class=\"wp-block-getwid-tabs__title-wrapper\"><a href=\"#\"><span class=\"wp-block-getwid-tabs__title\">Technologies overview<\/span><\/a><\/span><\/div><div class=\"wp-block-getwid-tabs__tab-content-wrapper\"><div class=\"wp-block-getwid-tabs__tab-content\">\n<div class=\"wp-block-media-text alignwide is-stacked-on-mobile\"><figure class=\"wp-block-media-text__media\"><img decoding=\"async\" width=\"522\" height=\"648\" src=\"https:\/\/www.comau.com\/wp-content\/uploads\/2021\/07\/power-training_tecnologie.jpg\" alt=\"\" class=\"wp-image-33620 size-full\" srcset=\"https:\/\/www.comau.com\/wp-content\/uploads\/2021\/07\/power-training_tecnologie.jpg 522w, https:\/\/www.comau.com\/wp-content\/uploads\/2021\/07\/power-training_tecnologie-242x300.jpg 242w\" sizes=\"(max-width: 522px) 100vw, 522px\" \/><\/figure><div class=\"wp-block-media-text__content\">\n<h2 class=\"wp-block-heading\">Technologie\u00fcbersicht <\/h2>\n\n\n\n<p>Die Industrie 4.0 erfordert schnellere, pr\u00e4zisere und flexiblere Produktionsabl\u00e4ufe. Um diese \u2013 und viele andere \u2013 Bearbeitungsanforderungen zu erf\u00fcllen, verf\u00fcgt Comau \u00fcber ein breites Angebot an Produkten und Systemen:<\/p>\n\n\n\n<ul class=\"wp-block-list\"><li>Bearbeitungszentren <\/li><li>Kurbelwellenmaschinen<\/li><li>Materialhandhabung<\/li><li>Montage- und Pr\u00fcfeinrichtung im Rahmen des Bearbeitungsverfahrens<\/li><li>Thermospritzbeschichtung<\/li><\/ul>\n\n\n\n<div class=\"wp-block-buttons is-layout-flex wp-block-buttons-is-layout-flex\">\n<div class=\"wp-block-button\"><a class=\"wp-block-button__link\" href=\"https:\/\/www.comau.com\/en\/our-offer\/products-and-solutions\/machining-products\/\">Mehr erfahren<\/a><\/div>\n<\/div>\n<\/div><\/div>\n<\/div><\/div>\n\n\n\n<div class=\"wp-block-getwid-tabs__nav-link\"><span class=\"wp-block-getwid-tabs__title-wrapper\"><a href=\"#\"><span class=\"wp-block-getwid-tabs__title\">Turnkey systems<\/span><\/a><\/span><\/div><div class=\"wp-block-getwid-tabs__tab-content-wrapper\"><div class=\"wp-block-getwid-tabs__tab-content\">\n<div class=\"wp-block-media-text alignwide is-stacked-on-mobile\"><figure class=\"wp-block-media-text__media\"><img decoding=\"async\" width=\"522\" height=\"648\" src=\"https:\/\/www.comau.com\/wp-content\/uploads\/2021\/07\/power-training_chiavi-in-mano.jpg\" alt=\"\" class=\"wp-image-33626 size-full\" srcset=\"https:\/\/www.comau.com\/wp-content\/uploads\/2021\/07\/power-training_chiavi-in-mano.jpg 522w, https:\/\/www.comau.com\/wp-content\/uploads\/2021\/07\/power-training_chiavi-in-mano-242x300.jpg 242w\" sizes=\"(max-width: 522px) 100vw, 522px\" \/><\/figure><div class=\"wp-block-media-text__content\">\n<h2 class=\"wp-block-heading\">Schl\u00fcsselfertige Anlagen<\/h2>\n\n\n\n<p>Dank unserer langj\u00e4hrigen Erfahrung im Bereich Prozess- und Anlagenintegration k\u00f6nnen wir Ihr Projekt von der Fr\u00fchphase bis zur Lieferung schl\u00fcsselfertiger Systeme unterst\u00fctzen, die Ihren individuellen Bearbeitungserfordernissen entsprechen. Unser umfassender Ansatz zur Systemintegration macht Comau zum idealen Partner f\u00fcr Ihre gesamte Fertigungslinie. <\/p>\n\n\n\n<div class=\"wp-block-buttons is-layout-flex wp-block-buttons-is-layout-flex\">\n<div class=\"wp-block-button\"><a class=\"wp-block-button__link\" href=\"https:\/\/www.comau.com\/en\/our-offer\/products-and-solutions\/machining-products\/turnkey-systems\/\">Entdecke mehr<\/a><\/div>\n<\/div>\n<\/div><\/div>\n<\/div><\/div>\n\n\n\n<div class=\"wp-block-getwid-tabs__nav-link\"><span class=\"wp-block-getwid-tabs__title-wrapper\"><a href=\"#\"><span class=\"wp-block-getwid-tabs__title\">Customer services<\/span><\/a><\/span><\/div><div class=\"wp-block-getwid-tabs__tab-content-wrapper\"><div class=\"wp-block-getwid-tabs__tab-content\">\n<div class=\"wp-block-media-text alignwide is-stacked-on-mobile\"><figure class=\"wp-block-media-text__media\"><img decoding=\"async\" width=\"522\" height=\"648\" src=\"https:\/\/www.comau.com\/wp-content\/uploads\/2021\/07\/power-training_servizioclienti.jpg\" alt=\"\" class=\"wp-image-33632 size-full\" srcset=\"https:\/\/www.comau.com\/wp-content\/uploads\/2021\/07\/power-training_servizioclienti.jpg 522w, https:\/\/www.comau.com\/wp-content\/uploads\/2021\/07\/power-training_servizioclienti-242x300.jpg 242w\" sizes=\"(max-width: 522px) 100vw, 522px\" \/><\/figure><div class=\"wp-block-media-text__content\">\n<h2 class=\"wp-block-heading\">Kundendienstleistungen <\/h2>\n\n\n\n<p>Manufacturing 4.0 erfordert eine zunehmend flexiblere und vielseitigere Bearbeitung. Wir k\u00f6nnen unsere Produkte und Systeme an die spezifischen Erfordernisse jedes Projekts anpassen, damit Sie Ihre Produktivit\u00e4t steigern und Ihre Abl\u00e4ufe optimieren k\u00f6nnen. Wir unterst\u00fctzen Ihr Projekt \u00fcber die gesamte Nutzungsdauer durch umfassende Instandhaltungsdienste sowohl f\u00fcr Comau-Technologien als auch jede andere Ausr\u00fcstungsmarke wie beispielsweise:<\/p>\n\n\n\n<ul class=\"wp-block-list\"><li>Kundendienstleistungen<\/li><li>Wellenaufarbeitungszentrum<\/li><li>Modernisierung und Aufr\u00fcstung<\/li><li>Umr\u00fcstung<\/li><li>Beratung und Schulung<\/li><li>Digitalisierung<\/li><\/ul>\n\n\n\n<div class=\"wp-block-buttons is-layout-flex wp-block-buttons-is-layout-flex\">\n<div class=\"wp-block-button\"><a class=\"wp-block-button__link\" href=\"https:\/\/www.comau.com\/en\/our-offer\/products-and-solutions\/machining-products\/customer-services-and-digital-retooling\/\">Entdecke mehr<\/a><\/div>\n<\/div>\n<\/div><\/div>\n<\/div><\/div>\n<\/div>\n","protected":false},"excerpt":{"rendered":"<p>Auf der Grundlage langj\u00e4hriger und anerkannter Erfahrung im Fertigungssektor auf globaler Ebene in Verbindung mit fortw\u00e4hrenden Forschungsbem\u00fchungen um fortschrittliche und innovative L\u00f6sungen, entwickelt Comau hochflexible und effiziente Systeme, universelle Bearbeitungszentren und kundenspezifische Prozessl\u00f6sungen f\u00fcr Anforderungen aller Art. Jeder L\u00f6sungsvorschlag beruht auf modernster Technologien, hohem Know-how sowie einem umfassenden und integrierten Designkonzept. So k\u00f6nnen wir ma\u00dfgeschneiderte, [&hellip;]<\/p>\n","protected":false},"author":11,"featured_media":5883,"parent":65270,"menu_order":2,"comment_status":"closed","ping_status":"closed","template":"","meta":{"_acf_changed":false,"ep_exclude_from_search":false,"footnotes":""},"class_list":["post-4806","page","type-page","status-publish","has-post-thumbnail","hentry"],"acf":[],"yoast_head":"<!-- This site is optimized with the Yoast SEO plugin v26.9 - https:\/\/yoast.com\/product\/yoast-seo-wordpress\/ -->\n<title>Powertrain: Industrielle mechanische Automatisierung | Comau<\/title>\n<meta name=\"description\" content=\"Erfahren Sie mehr \u00fcber die Automatisierung f\u00fcr die Schwerindustrie von Comau: Ihr Partner f\u00fcr Prozessoptimierung.\" \/>\n<meta name=\"robots\" content=\"index, follow, max-snippet:-1, max-image-preview:large, max-video-preview:-1\" \/>\n<link rel=\"canonical\" href=\"https:\/\/www.comau.com\/de\/competencies\/products-solutions\/powertrain-machining\/\" \/>\n<meta property=\"og:locale\" content=\"de_DE\" \/>\n<meta property=\"og:type\" content=\"article\" \/>\n<meta property=\"og:title\" content=\"Powertrain: Industrielle mechanische Automatisierung | Comau\" \/>\n<meta property=\"og:description\" content=\"Erfahren Sie mehr \u00fcber die Automatisierung f\u00fcr die Schwerindustrie von Comau: Ihr Partner f\u00fcr Prozessoptimierung.\" \/>\n<meta property=\"og:url\" content=\"https:\/\/www.comau.com\/de\/competencies\/products-solutions\/powertrain-machining\/\" \/>\n<meta property=\"og:site_name\" content=\"Comau\" \/>\n<meta property=\"article:publisher\" content=\"https:\/\/www.facebook.com\/COMAU\/\" \/>\n<meta property=\"article:modified_time\" content=\"2022-02-03T13:55:08+00:00\" \/>\n<meta property=\"og:image\" content=\"https:\/\/www.comau.com\/wp-content\/uploads\/2021\/06\/powertrain_header.jpg\" \/>\n\t<meta property=\"og:image:width\" content=\"1280\" \/>\n\t<meta property=\"og:image:height\" content=\"485\" \/>\n\t<meta property=\"og:image:type\" content=\"image\/jpeg\" \/>\n<meta name=\"twitter:card\" content=\"summary_large_image\" \/>\n<meta name=\"twitter:site\" content=\"@comaugroup\" \/>\n<meta name=\"twitter:label1\" content=\"Gesch\u00e4tzte Lesezeit\" \/>\n\t<meta name=\"twitter:data1\" content=\"3\u00a0Minuten\" \/>\n<script type=\"application\/ld+json\" class=\"yoast-schema-graph\">{\"@context\":\"https:\/\/schema.org\",\"@graph\":[{\"@type\":\"WebPage\",\"@id\":\"https:\/\/www.comau.com\/de\/competencies\/products-solutions\/powertrain-machining\/\",\"url\":\"https:\/\/www.comau.com\/de\/competencies\/products-solutions\/powertrain-machining\/\",\"name\":\"Powertrain: Industrielle mechanische Automatisierung | Comau\",\"isPartOf\":{\"@id\":\"https:\/\/www.comau.com\/de\/#website\"},\"primaryImageOfPage\":{\"@id\":\"https:\/\/www.comau.com\/de\/competencies\/products-solutions\/powertrain-machining\/#primaryimage\"},\"image\":{\"@id\":\"https:\/\/www.comau.com\/de\/competencies\/products-solutions\/powertrain-machining\/#primaryimage\"},\"thumbnailUrl\":\"https:\/\/www.comau.com\/wp-content\/uploads\/2021\/06\/powertrain_header.jpg\",\"datePublished\":\"2021-06-30T22:02:27+00:00\",\"dateModified\":\"2022-02-03T13:55:08+00:00\",\"description\":\"Erfahren Sie mehr \u00fcber die Automatisierung f\u00fcr die Schwerindustrie von Comau: Ihr Partner f\u00fcr Prozessoptimierung.\",\"breadcrumb\":{\"@id\":\"https:\/\/www.comau.com\/de\/competencies\/products-solutions\/powertrain-machining\/#breadcrumb\"},\"inLanguage\":\"de\",\"potentialAction\":[{\"@type\":\"ReadAction\",\"target\":[\"https:\/\/www.comau.com\/de\/competencies\/products-solutions\/powertrain-machining\/\"]}]},{\"@type\":\"ImageObject\",\"inLanguage\":\"de\",\"@id\":\"https:\/\/www.comau.com\/de\/competencies\/products-solutions\/powertrain-machining\/#primaryimage\",\"url\":\"https:\/\/www.comau.com\/wp-content\/uploads\/2021\/06\/powertrain_header.jpg\",\"contentUrl\":\"https:\/\/www.comau.com\/wp-content\/uploads\/2021\/06\/powertrain_header.jpg\",\"width\":1280,\"height\":485},{\"@type\":\"BreadcrumbList\",\"@id\":\"https:\/\/www.comau.com\/de\/competencies\/products-solutions\/powertrain-machining\/#breadcrumb\",\"itemListElement\":[{\"@type\":\"ListItem\",\"position\":1,\"name\":\"Home\",\"item\":\"https:\/\/www.comau.com\/de\/\"},{\"@type\":\"ListItem\",\"position\":2,\"name\":\"Unsere Kompetenzen\",\"item\":\"https:\/\/www.comau.com\/de\/competencies\/\"},{\"@type\":\"ListItem\",\"position\":3,\"name\":\"Powertrain &#038; Machining\"}]},{\"@type\":\"WebSite\",\"@id\":\"https:\/\/www.comau.com\/de\/#website\",\"url\":\"https:\/\/www.comau.com\/de\/\",\"name\":\"Comau\",\"description\":\"Industrial automation and robotics\",\"publisher\":{\"@id\":\"https:\/\/www.comau.com\/de\/#organization\"},\"potentialAction\":[{\"@type\":\"SearchAction\",\"target\":{\"@type\":\"EntryPoint\",\"urlTemplate\":\"https:\/\/www.comau.com\/de\/?s={search_term_string}\"},\"query-input\":{\"@type\":\"PropertyValueSpecification\",\"valueRequired\":true,\"valueName\":\"search_term_string\"}}],\"inLanguage\":\"de\"},{\"@type\":\"Organization\",\"@id\":\"https:\/\/www.comau.com\/de\/#organization\",\"name\":\"Comau\",\"url\":\"https:\/\/www.comau.com\/de\/\",\"logo\":{\"@type\":\"ImageObject\",\"inLanguage\":\"de\",\"@id\":\"https:\/\/www.comau.com\/de\/#\/schema\/logo\/image\/\",\"url\":\"https:\/\/www.comau.com\/wp-content\/uploads\/2024\/07\/cropped-Logo-COMAU.png\",\"contentUrl\":\"https:\/\/www.comau.com\/wp-content\/uploads\/2024\/07\/cropped-Logo-COMAU.png\",\"width\":434,\"height\":434,\"caption\":\"Comau\"},\"image\":{\"@id\":\"https:\/\/www.comau.com\/de\/#\/schema\/logo\/image\/\"},\"sameAs\":[\"https:\/\/www.facebook.com\/COMAU\/\",\"https:\/\/x.com\/comaugroup\",\"https:\/\/www.instagram.com\/comaugroup\/\",\"https:\/\/www.linkedin.com\/company\/comau\",\"https:\/\/www.youtube.com\/user\/comau\"]}]}<\/script>\n<!-- \/ Yoast SEO plugin. -->","yoast_head_json":{"title":"Powertrain: Industrielle mechanische Automatisierung | Comau","description":"Erfahren Sie mehr \u00fcber die Automatisierung f\u00fcr die Schwerindustrie von Comau: Ihr Partner f\u00fcr Prozessoptimierung.","robots":{"index":"index","follow":"follow","max-snippet":"max-snippet:-1","max-image-preview":"max-image-preview:large","max-video-preview":"max-video-preview:-1"},"canonical":"https:\/\/www.comau.com\/de\/competencies\/products-solutions\/powertrain-machining\/","og_locale":"de_DE","og_type":"article","og_title":"Powertrain: Industrielle mechanische Automatisierung | Comau","og_description":"Erfahren Sie mehr \u00fcber die Automatisierung f\u00fcr die Schwerindustrie von Comau: Ihr Partner f\u00fcr Prozessoptimierung.","og_url":"https:\/\/www.comau.com\/de\/competencies\/products-solutions\/powertrain-machining\/","og_site_name":"Comau","article_publisher":"https:\/\/www.facebook.com\/COMAU\/","article_modified_time":"2022-02-03T13:55:08+00:00","og_image":[{"width":1280,"height":485,"url":"https:\/\/www.comau.com\/wp-content\/uploads\/2021\/06\/powertrain_header.jpg","type":"image\/jpeg"}],"twitter_card":"summary_large_image","twitter_site":"@comaugroup","twitter_misc":{"Gesch\u00e4tzte Lesezeit":"3\u00a0Minuten"},"schema":{"@context":"https:\/\/schema.org","@graph":[{"@type":"WebPage","@id":"https:\/\/www.comau.com\/de\/competencies\/products-solutions\/powertrain-machining\/","url":"https:\/\/www.comau.com\/de\/competencies\/products-solutions\/powertrain-machining\/","name":"Powertrain: Industrielle mechanische Automatisierung | Comau","isPartOf":{"@id":"https:\/\/www.comau.com\/de\/#website"},"primaryImageOfPage":{"@id":"https:\/\/www.comau.com\/de\/competencies\/products-solutions\/powertrain-machining\/#primaryimage"},"image":{"@id":"https:\/\/www.comau.com\/de\/competencies\/products-solutions\/powertrain-machining\/#primaryimage"},"thumbnailUrl":"https:\/\/www.comau.com\/wp-content\/uploads\/2021\/06\/powertrain_header.jpg","datePublished":"2021-06-30T22:02:27+00:00","dateModified":"2022-02-03T13:55:08+00:00","description":"Erfahren Sie mehr \u00fcber die Automatisierung f\u00fcr die Schwerindustrie von Comau: Ihr Partner f\u00fcr Prozessoptimierung.","breadcrumb":{"@id":"https:\/\/www.comau.com\/de\/competencies\/products-solutions\/powertrain-machining\/#breadcrumb"},"inLanguage":"de","potentialAction":[{"@type":"ReadAction","target":["https:\/\/www.comau.com\/de\/competencies\/products-solutions\/powertrain-machining\/"]}]},{"@type":"ImageObject","inLanguage":"de","@id":"https:\/\/www.comau.com\/de\/competencies\/products-solutions\/powertrain-machining\/#primaryimage","url":"https:\/\/www.comau.com\/wp-content\/uploads\/2021\/06\/powertrain_header.jpg","contentUrl":"https:\/\/www.comau.com\/wp-content\/uploads\/2021\/06\/powertrain_header.jpg","width":1280,"height":485},{"@type":"BreadcrumbList","@id":"https:\/\/www.comau.com\/de\/competencies\/products-solutions\/powertrain-machining\/#breadcrumb","itemListElement":[{"@type":"ListItem","position":1,"name":"Home","item":"https:\/\/www.comau.com\/de\/"},{"@type":"ListItem","position":2,"name":"Unsere Kompetenzen","item":"https:\/\/www.comau.com\/de\/competencies\/"},{"@type":"ListItem","position":3,"name":"Powertrain &#038; Machining"}]},{"@type":"WebSite","@id":"https:\/\/www.comau.com\/de\/#website","url":"https:\/\/www.comau.com\/de\/","name":"Comau","description":"Industrial automation and robotics","publisher":{"@id":"https:\/\/www.comau.com\/de\/#organization"},"potentialAction":[{"@type":"SearchAction","target":{"@type":"EntryPoint","urlTemplate":"https:\/\/www.comau.com\/de\/?s={search_term_string}"},"query-input":{"@type":"PropertyValueSpecification","valueRequired":true,"valueName":"search_term_string"}}],"inLanguage":"de"},{"@type":"Organization","@id":"https:\/\/www.comau.com\/de\/#organization","name":"Comau","url":"https:\/\/www.comau.com\/de\/","logo":{"@type":"ImageObject","inLanguage":"de","@id":"https:\/\/www.comau.com\/de\/#\/schema\/logo\/image\/","url":"https:\/\/www.comau.com\/wp-content\/uploads\/2024\/07\/cropped-Logo-COMAU.png","contentUrl":"https:\/\/www.comau.com\/wp-content\/uploads\/2024\/07\/cropped-Logo-COMAU.png","width":434,"height":434,"caption":"Comau"},"image":{"@id":"https:\/\/www.comau.com\/de\/#\/schema\/logo\/image\/"},"sameAs":["https:\/\/www.facebook.com\/COMAU\/","https:\/\/x.com\/comaugroup","https:\/\/www.instagram.com\/comaugroup\/","https:\/\/www.linkedin.com\/company\/comau","https:\/\/www.youtube.com\/user\/comau"]}]}},"_links":{"self":[{"href":"https:\/\/www.comau.com\/de\/wp-json\/wp\/v2\/pages\/4806","targetHints":{"allow":["GET"]}}],"collection":[{"href":"https:\/\/www.comau.com\/de\/wp-json\/wp\/v2\/pages"}],"about":[{"href":"https:\/\/www.comau.com\/de\/wp-json\/wp\/v2\/types\/page"}],"author":[{"embeddable":true,"href":"https:\/\/www.comau.com\/de\/wp-json\/wp\/v2\/users\/11"}],"replies":[{"embeddable":true,"href":"https:\/\/www.comau.com\/de\/wp-json\/wp\/v2\/comments?post=4806"}],"version-history":[{"count":44,"href":"https:\/\/www.comau.com\/de\/wp-json\/wp\/v2\/pages\/4806\/revisions"}],"predecessor-version":[{"id":41700,"href":"https:\/\/www.comau.com\/de\/wp-json\/wp\/v2\/pages\/4806\/revisions\/41700"}],"up":[{"embeddable":true,"href":"https:\/\/www.comau.com\/de\/wp-json\/wp\/v2\/pages\/65270"}],"wp:featuredmedia":[{"embeddable":true,"href":"https:\/\/www.comau.com\/de\/wp-json\/wp\/v2\/media\/5883"}],"wp:attachment":[{"href":"https:\/\/www.comau.com\/de\/wp-json\/wp\/v2\/media?parent=4806"}],"curies":[{"name":"wp","href":"https:\/\/api.w.org\/{rel}","templated":true}]}}