{"id":4763,"date":"2021-05-31T00:02:55","date_gmt":"2021-05-30T22:02:55","guid":{"rendered":"https:\/\/www.comau.com\/competencies\/"},"modified":"2021-08-27T17:19:32","modified_gmt":"2021-08-27T15:19:32","slug":"competencies","status":"publish","type":"page","link":"https:\/\/www.comau.com\/de\/competencies\/","title":{"rendered":"Unsere Kompetenzen"},"content":{"rendered":"\n<div class=\"wp-block-columns is-layout-flex wp-container-core-columns-is-layout-9d6595d7 wp-block-columns-is-layout-flex\">\n<div class=\"wp-block-column is-layout-flow wp-block-column-is-layout-flow\">\n<h3 class=\"text-primary-accent wp-block-heading\">Body Assembly<\/h3>\n\n\n\n<p>In den neuen M\u00e4rkten ist die Rede von Innovation durch Produkte, Prozesse und Materialien, den Elementen einer gemeinsamen Herausforderung f\u00fcr eine kontinuierlich voranschreitende Industrie.\n<br>Entdecken Sie unsere strategische Antwort f\u00fcr den Aufbau modularer Montagelinien.<br><br><br><\/p>\n\n\n\n<figure class=\"wp-block-image size-large\"><img decoding=\"async\" width=\"1024\" height=\"388\" src=\"https:\/\/www.comau.com\/wp-content\/uploads\/2021\/06\/BA_header-1024x388.jpg\" alt=\"\" class=\"wp-image-394\" srcset=\"https:\/\/www.comau.com\/wp-content\/uploads\/2021\/06\/BA_header-1024x388.jpg 1024w, https:\/\/www.comau.com\/wp-content\/uploads\/2021\/06\/BA_header-300x114.jpg 300w, https:\/\/www.comau.com\/wp-content\/uploads\/2021\/06\/BA_header-768x291.jpg 768w, https:\/\/www.comau.com\/wp-content\/uploads\/2021\/06\/BA_header.jpg 1280w\" sizes=\"(max-width: 1024px) 100vw, 1024px\" \/><\/figure>\n\n\n\n<div class=\"wp-block-buttons is-layout-flex wp-block-buttons-is-layout-flex\">\n<div class=\"wp-block-button\"><a class=\"wp-block-button__link\" href=\"https:\/\/www.comau.com\/en\/our-offer\/body-assembly\/\">Weiterlesen<\/a><\/div>\n<\/div>\n<\/div>\n\n\n\n<div class=\"wp-block-column is-layout-flow wp-block-column-is-layout-flow\">\n<h3 class=\"text-primary-accent wp-block-heading\">Powertrain &amp; Machining<\/h3>\n\n\n\n<p>Mit einer Kombination aus Innovation, fortschrittlichen Technologien und praxisbew\u00e4hrter Fachkompetenz im Bereich Automatisierung decken wir alle Produktionsanforderungen mit einem breiten Angebot an L\u00f6sungen im Bereich Automobilbau, Elektromobilit\u00e4t und zahlreichen weiteren Sektoren ab.<br>Flexible Komplettanlagen, universelle Bearbeitungszentren und hoch individualisierte Prozessl\u00f6sungen bilden den Kern unseres Portfolios.<\/p>\n\n\n\n<figure class=\"wp-block-image size-large\"><img decoding=\"async\" width=\"1024\" height=\"388\" src=\"https:\/\/www.comau.com\/wp-content\/uploads\/2021\/06\/powertrain_header-1024x388.jpg\" alt=\"\" class=\"wp-image-601\" srcset=\"https:\/\/www.comau.com\/wp-content\/uploads\/2021\/06\/powertrain_header-1024x388.jpg 1024w, https:\/\/www.comau.com\/wp-content\/uploads\/2021\/06\/powertrain_header-300x114.jpg 300w, https:\/\/www.comau.com\/wp-content\/uploads\/2021\/06\/powertrain_header-768x291.jpg 768w, https:\/\/www.comau.com\/wp-content\/uploads\/2021\/06\/powertrain_header.jpg 1280w\" sizes=\"(max-width: 1024px) 100vw, 1024px\" \/><\/figure>\n\n\n\n<div class=\"wp-block-buttons is-layout-flex wp-block-buttons-is-layout-flex\">\n<div class=\"wp-block-button\"><a class=\"wp-block-button__link\" href=\"https:\/\/www.comau.com\/en\/our-offer\/products-and-solutions\/powertrain-machining\/\">Weiterlesen<\/a><\/div>\n<\/div>\n<\/div>\n<\/div>\n\n\n\n<div class=\"wp-block-columns is-layout-flex wp-container-core-columns-is-layout-9d6595d7 wp-block-columns-is-layout-flex\">\n<div class=\"wp-block-column is-layout-flow wp-block-column-is-layout-flow\">\n<h3 class=\"text-primary-accent wp-block-heading\">Robotics &amp; Automation<\/h3>\n\n\n\n<p>Seit 1978 entwickeln wir hochleistungsf\u00e4hige Industrieroboter, um innovative Anwendungen in jeden industriellen Sektor zu integrieren.<br>Unsere Roboterfamilien reichen von herk\u00f6mmlichen Roboterarmen bis zu kollaborativen L\u00f6sungen mit unterschiedlichen Nutzlasten, gest\u00fctzt auf Iot- und AI-Technologie.<br><br><\/p>\n\n\n\n<figure class=\"wp-block-image size-large\"><img decoding=\"async\" width=\"1024\" height=\"388\" src=\"https:\/\/www.comau.com\/wp-content\/uploads\/2021\/06\/RoboticsOverview_header-1024x388.jpg\" alt=\"\" class=\"wp-image-752\" srcset=\"https:\/\/www.comau.com\/wp-content\/uploads\/2021\/06\/RoboticsOverview_header-1024x388.jpg 1024w, https:\/\/www.comau.com\/wp-content\/uploads\/2021\/06\/RoboticsOverview_header-300x114.jpg 300w, https:\/\/www.comau.com\/wp-content\/uploads\/2021\/06\/RoboticsOverview_header-768x291.jpg 768w, https:\/\/www.comau.com\/wp-content\/uploads\/2021\/06\/RoboticsOverview_header.jpg 1280w\" sizes=\"(max-width: 1024px) 100vw, 1024px\" \/><\/figure>\n\n\n\n<div class=\"wp-block-buttons is-layout-flex wp-block-buttons-is-layout-flex\">\n<div class=\"wp-block-button\"><a class=\"wp-block-button__link\" href=\"https:\/\/www.comau.com\/en\/our-offer\/robotics-automation\/\">Weiterlesen<\/a><\/div>\n<\/div>\n<\/div>\n\n\n\n<div class=\"wp-block-column is-layout-flow wp-block-column-is-layout-flow\">\n<h3 class=\"text-primary-accent wp-block-heading\">Electromobility<\/h3>\n\n\n\n<p>Um Unternehmen bei der Weiterentwicklung ihrer Elektrifizierungsvorhaben zu unterst\u00fctzen, decken wir ihre komplette Wertsch\u00f6pfungskette ab, indem wir fortschrittliche Prozessl\u00f6sungen f\u00fcr Batteriezellen, E-Antriebe und Antriebsstr\u00e4nge bereitstellen.<br>Erfahren Sie mehr \u00fcber unsere Vorschl\u00e4ge, alle neuen Herausforderungen des Energiesektors zu bew\u00e4ltigen.<\/p>\n\n\n\n<figure class=\"wp-block-image size-large\"><img decoding=\"async\" width=\"1024\" height=\"388\" src=\"https:\/\/www.comau.com\/wp-content\/uploads\/2021\/06\/emobility_header2-1024x388.png\" alt=\"\" class=\"wp-image-703\" srcset=\"https:\/\/www.comau.com\/wp-content\/uploads\/2021\/06\/emobility_header2-1024x388.png 1024w, https:\/\/www.comau.com\/wp-content\/uploads\/2021\/06\/emobility_header2-300x114.png 300w, https:\/\/www.comau.com\/wp-content\/uploads\/2021\/06\/emobility_header2-768x291.png 768w, https:\/\/www.comau.com\/wp-content\/uploads\/2021\/06\/emobility_header2.png 1280w\" sizes=\"(max-width: 1024px) 100vw, 1024px\" \/><\/figure>\n\n\n\n<div class=\"wp-block-buttons is-layout-flex wp-block-buttons-is-layout-flex\">\n<div class=\"wp-block-button\"><a class=\"wp-block-button__link\" href=\"https:\/\/www.comau.com\/en\/our-offer\/systems\/battery-manufacturing-and-assembly\/electromobility\/\">Weiterlesen<\/a><\/div>\n<\/div>\n<\/div>\n<\/div>\n\n\n\n<div class=\"wp-block-columns is-layout-flex wp-container-core-columns-is-layout-9d6595d7 wp-block-columns-is-layout-flex\">\n<div class=\"wp-block-column is-layout-flow wp-block-column-is-layout-flow\">\n<h3 class=\"text-primary-accent wp-block-heading\">Digital initiatives<\/h3>\n\n\n\n<p>Wir unterst\u00fctzen Unternehmen auf ihrem Digital Transformation-Pfad von der Beratung zur Workflow-Optimierung bis zur Bereitstellung von 4.0-Produkten und -Dienstleistungen, die jede Fertigungsumgebung effizienter, intelligenter und rationeller machen.<br>Entdecken Sie unser gesamtes Dienstleistungsangebot, um Ihre Produktion f\u00fcr die Industrie 4.0 zu digitalisieren.<br><br><\/p>\n\n\n\n<figure class=\"wp-block-image size-large\"><img decoding=\"async\" width=\"1024\" height=\"388\" src=\"https:\/\/www.comau.com\/wp-content\/uploads\/2021\/06\/Heder_DigitalSolutions-1024x388.jpg\" alt=\"\" class=\"wp-image-1015\" srcset=\"https:\/\/www.comau.com\/wp-content\/uploads\/2021\/06\/Heder_DigitalSolutions-1024x388.jpg 1024w, https:\/\/www.comau.com\/wp-content\/uploads\/2021\/06\/Heder_DigitalSolutions-300x114.jpg 300w, https:\/\/www.comau.com\/wp-content\/uploads\/2021\/06\/Heder_DigitalSolutions-768x291.jpg 768w, https:\/\/www.comau.com\/wp-content\/uploads\/2021\/06\/Heder_DigitalSolutions.jpg 1280w\" sizes=\"(max-width: 1024px) 100vw, 1024px\" \/><\/figure>\n\n\n\n<div class=\"wp-block-buttons is-layout-flex wp-block-buttons-is-layout-flex\">\n<div class=\"wp-block-button\"><a class=\"wp-block-button__link\" href=\"https:\/\/www.comau.com\/en\/our-offer\/products-and-solutions\/digital-iot-platforms\/\">Weiterlesen<\/a><\/div>\n<\/div>\n<\/div>\n\n\n\n<div class=\"wp-block-column is-layout-flow wp-block-column-is-layout-flow\">\n<h3 class=\"text-primary-accent wp-block-heading\">Consultancy &amp; Education<\/h3>\n\n\n\n<p>Wir er\u00f6ffnen dem Fertigungssektor neue Wege der Schulung. Basierend auf mehr als 40 Jahren an Erfahrung f\u00fchrt die Comau Academy Schulungsprogramme durch, die darauf ausgerichtet sind, technische und f\u00fchrungsrelevante Kompetenzen von Fachkr\u00e4ften, aufstrebenden Talenten und Studenten \u00fcberall auf der Welt innovativ weiterzuentwickeln.<br>Entdecken Sie unser Schulungsangebot und die speziell entwickelte e.DO Experience-Plattform, die das Lernen mit dem e.DO-Roboter erleichtert.<\/p>\n\n\n\n<figure class=\"wp-block-image size-large\"><img decoding=\"async\" width=\"1024\" height=\"388\" src=\"https:\/\/www.comau.com\/wp-content\/uploads\/2021\/06\/academy-overview_header-1024x388.jpg\" alt=\"\" class=\"wp-image-1078\" srcset=\"https:\/\/www.comau.com\/wp-content\/uploads\/2021\/06\/academy-overview_header-1024x388.jpg 1024w, https:\/\/www.comau.com\/wp-content\/uploads\/2021\/06\/academy-overview_header-300x114.jpg 300w, https:\/\/www.comau.com\/wp-content\/uploads\/2021\/06\/academy-overview_header-768x291.jpg 768w, https:\/\/www.comau.com\/wp-content\/uploads\/2021\/06\/academy-overview_header.jpg 1280w\" sizes=\"(max-width: 1024px) 100vw, 1024px\" \/><\/figure>\n\n\n\n<div class=\"wp-block-buttons is-layout-flex wp-block-buttons-is-layout-flex\">\n<div class=\"wp-block-button\"><a class=\"wp-block-button__link\" href=\"https:\/\/www.comau.com\/en\/our-offer\/systems\/consultancy-education\/\">Weiterlesen<\/a><\/div>\n<\/div>\n<\/div>\n<\/div>\n","protected":false},"excerpt":{"rendered":"<p>Body Assembly In den neuen M\u00e4rkten ist die Rede von Innovation durch Produkte, Prozesse und Materialien, den Elementen einer gemeinsamen Herausforderung f\u00fcr eine kontinuierlich voranschreitende Industrie. Entdecken Sie unsere strategische Antwort f\u00fcr den Aufbau modularer Montagelinien. Powertrain &amp; Machining Mit einer Kombination aus Innovation, fortschrittlichen Technologien und praxisbew\u00e4hrter Fachkompetenz im Bereich Automatisierung decken wir alle [&hellip;]<\/p>\n","protected":false},"author":11,"featured_media":33158,"parent":0,"menu_order":2,"comment_status":"closed","ping_status":"closed","template":"","meta":{"_acf_changed":false,"ep_exclude_from_search":false,"footnotes":""},"class_list":["post-4763","page","type-page","status-publish","has-post-thumbnail","hentry"],"acf":[],"yoast_head":"<!-- This site is optimized with the Yoast SEO plugin v26.9 - https:\/\/yoast.com\/product\/yoast-seo-wordpress\/ -->\n<title>Management von Unternehmensprozessen und Automatisierungssystemen - Comau<\/title>\n<meta name=\"description\" content=\"Comau unterst\u00fctzt Sie im gesamten Prozess der Automatisierung und des Kontrollkettenmanagements in jedem industriellen Umfeld. Entdecken Sie mehr auf der Website.\" \/>\n<meta name=\"robots\" content=\"index, follow, max-snippet:-1, max-image-preview:large, max-video-preview:-1\" \/>\n<link rel=\"canonical\" href=\"https:\/\/www.comau.com\/de\/competencies\/\" \/>\n<meta property=\"og:locale\" content=\"de_DE\" \/>\n<meta property=\"og:type\" content=\"article\" \/>\n<meta property=\"og:title\" content=\"Management von Unternehmensprozessen und Automatisierungssystemen - Comau\" \/>\n<meta property=\"og:description\" content=\"Comau unterst\u00fctzt Sie im gesamten Prozess der Automatisierung und des Kontrollkettenmanagements in jedem industriellen Umfeld. Entdecken Sie mehr auf der Website.\" \/>\n<meta property=\"og:url\" content=\"https:\/\/www.comau.com\/de\/competencies\/\" \/>\n<meta property=\"og:site_name\" content=\"Comau\" \/>\n<meta property=\"article:publisher\" content=\"https:\/\/www.facebook.com\/COMAU\/\" \/>\n<meta property=\"article:modified_time\" content=\"2021-08-27T15:19:32+00:00\" \/>\n<meta property=\"og:image\" content=\"https:\/\/www.comau.com\/wp-content\/uploads\/2021\/07\/Our-Competencies.jpg\" \/>\n\t<meta property=\"og:image:width\" content=\"1425\" \/>\n\t<meta property=\"og:image:height\" content=\"450\" \/>\n\t<meta property=\"og:image:type\" content=\"image\/jpeg\" \/>\n<meta name=\"twitter:card\" content=\"summary_large_image\" \/>\n<meta name=\"twitter:site\" content=\"@comaugroup\" \/>\n<meta name=\"twitter:label1\" content=\"Gesch\u00e4tzte Lesezeit\" \/>\n\t<meta name=\"twitter:data1\" content=\"3\u00a0Minuten\" \/>\n<script type=\"application\/ld+json\" class=\"yoast-schema-graph\">{\"@context\":\"https:\/\/schema.org\",\"@graph\":[{\"@type\":\"WebPage\",\"@id\":\"https:\/\/www.comau.com\/de\/competencies\/\",\"url\":\"https:\/\/www.comau.com\/de\/competencies\/\",\"name\":\"Management von Unternehmensprozessen und Automatisierungssystemen - Comau\",\"isPartOf\":{\"@id\":\"https:\/\/www.comau.com\/de\/#website\"},\"primaryImageOfPage\":{\"@id\":\"https:\/\/www.comau.com\/de\/competencies\/#primaryimage\"},\"image\":{\"@id\":\"https:\/\/www.comau.com\/de\/competencies\/#primaryimage\"},\"thumbnailUrl\":\"https:\/\/www.comau.com\/wp-content\/uploads\/2021\/07\/Our-Competencies.jpg\",\"datePublished\":\"2021-05-30T22:02:55+00:00\",\"dateModified\":\"2021-08-27T15:19:32+00:00\",\"description\":\"Comau unterst\u00fctzt Sie im gesamten Prozess der Automatisierung und des Kontrollkettenmanagements in jedem industriellen Umfeld. Entdecken Sie mehr auf der Website.\",\"breadcrumb\":{\"@id\":\"https:\/\/www.comau.com\/de\/competencies\/#breadcrumb\"},\"inLanguage\":\"de\",\"potentialAction\":[{\"@type\":\"ReadAction\",\"target\":[\"https:\/\/www.comau.com\/de\/competencies\/\"]}]},{\"@type\":\"ImageObject\",\"inLanguage\":\"de\",\"@id\":\"https:\/\/www.comau.com\/de\/competencies\/#primaryimage\",\"url\":\"https:\/\/www.comau.com\/wp-content\/uploads\/2021\/07\/Our-Competencies.jpg\",\"contentUrl\":\"https:\/\/www.comau.com\/wp-content\/uploads\/2021\/07\/Our-Competencies.jpg\",\"width\":1425,\"height\":450},{\"@type\":\"BreadcrumbList\",\"@id\":\"https:\/\/www.comau.com\/de\/competencies\/#breadcrumb\",\"itemListElement\":[{\"@type\":\"ListItem\",\"position\":1,\"name\":\"Home\",\"item\":\"https:\/\/www.comau.com\/de\/\"},{\"@type\":\"ListItem\",\"position\":2,\"name\":\"Unsere Kompetenzen\"}]},{\"@type\":\"WebSite\",\"@id\":\"https:\/\/www.comau.com\/de\/#website\",\"url\":\"https:\/\/www.comau.com\/de\/\",\"name\":\"Comau\",\"description\":\"Industrial automation and robotics\",\"publisher\":{\"@id\":\"https:\/\/www.comau.com\/de\/#organization\"},\"potentialAction\":[{\"@type\":\"SearchAction\",\"target\":{\"@type\":\"EntryPoint\",\"urlTemplate\":\"https:\/\/www.comau.com\/de\/?s={search_term_string}\"},\"query-input\":{\"@type\":\"PropertyValueSpecification\",\"valueRequired\":true,\"valueName\":\"search_term_string\"}}],\"inLanguage\":\"de\"},{\"@type\":\"Organization\",\"@id\":\"https:\/\/www.comau.com\/de\/#organization\",\"name\":\"Comau\",\"url\":\"https:\/\/www.comau.com\/de\/\",\"logo\":{\"@type\":\"ImageObject\",\"inLanguage\":\"de\",\"@id\":\"https:\/\/www.comau.com\/de\/#\/schema\/logo\/image\/\",\"url\":\"https:\/\/www.comau.com\/wp-content\/uploads\/2024\/07\/cropped-Logo-COMAU.png\",\"contentUrl\":\"https:\/\/www.comau.com\/wp-content\/uploads\/2024\/07\/cropped-Logo-COMAU.png\",\"width\":434,\"height\":434,\"caption\":\"Comau\"},\"image\":{\"@id\":\"https:\/\/www.comau.com\/de\/#\/schema\/logo\/image\/\"},\"sameAs\":[\"https:\/\/www.facebook.com\/COMAU\/\",\"https:\/\/x.com\/comaugroup\",\"https:\/\/www.instagram.com\/comaugroup\/\",\"https:\/\/www.linkedin.com\/company\/comau\",\"https:\/\/www.youtube.com\/user\/comau\"]}]}<\/script>\n<!-- \/ Yoast SEO plugin. -->","yoast_head_json":{"title":"Management von Unternehmensprozessen und Automatisierungssystemen - Comau","description":"Comau unterst\u00fctzt Sie im gesamten Prozess der Automatisierung und des Kontrollkettenmanagements in jedem industriellen Umfeld. Entdecken Sie mehr auf der Website.","robots":{"index":"index","follow":"follow","max-snippet":"max-snippet:-1","max-image-preview":"max-image-preview:large","max-video-preview":"max-video-preview:-1"},"canonical":"https:\/\/www.comau.com\/de\/competencies\/","og_locale":"de_DE","og_type":"article","og_title":"Management von Unternehmensprozessen und Automatisierungssystemen - Comau","og_description":"Comau unterst\u00fctzt Sie im gesamten Prozess der Automatisierung und des Kontrollkettenmanagements in jedem industriellen Umfeld. Entdecken Sie mehr auf der Website.","og_url":"https:\/\/www.comau.com\/de\/competencies\/","og_site_name":"Comau","article_publisher":"https:\/\/www.facebook.com\/COMAU\/","article_modified_time":"2021-08-27T15:19:32+00:00","og_image":[{"width":1425,"height":450,"url":"https:\/\/www.comau.com\/wp-content\/uploads\/2021\/07\/Our-Competencies.jpg","type":"image\/jpeg"}],"twitter_card":"summary_large_image","twitter_site":"@comaugroup","twitter_misc":{"Gesch\u00e4tzte Lesezeit":"3\u00a0Minuten"},"schema":{"@context":"https:\/\/schema.org","@graph":[{"@type":"WebPage","@id":"https:\/\/www.comau.com\/de\/competencies\/","url":"https:\/\/www.comau.com\/de\/competencies\/","name":"Management von Unternehmensprozessen und Automatisierungssystemen - Comau","isPartOf":{"@id":"https:\/\/www.comau.com\/de\/#website"},"primaryImageOfPage":{"@id":"https:\/\/www.comau.com\/de\/competencies\/#primaryimage"},"image":{"@id":"https:\/\/www.comau.com\/de\/competencies\/#primaryimage"},"thumbnailUrl":"https:\/\/www.comau.com\/wp-content\/uploads\/2021\/07\/Our-Competencies.jpg","datePublished":"2021-05-30T22:02:55+00:00","dateModified":"2021-08-27T15:19:32+00:00","description":"Comau unterst\u00fctzt Sie im gesamten Prozess der Automatisierung und des Kontrollkettenmanagements in jedem industriellen Umfeld. Entdecken Sie mehr auf der Website.","breadcrumb":{"@id":"https:\/\/www.comau.com\/de\/competencies\/#breadcrumb"},"inLanguage":"de","potentialAction":[{"@type":"ReadAction","target":["https:\/\/www.comau.com\/de\/competencies\/"]}]},{"@type":"ImageObject","inLanguage":"de","@id":"https:\/\/www.comau.com\/de\/competencies\/#primaryimage","url":"https:\/\/www.comau.com\/wp-content\/uploads\/2021\/07\/Our-Competencies.jpg","contentUrl":"https:\/\/www.comau.com\/wp-content\/uploads\/2021\/07\/Our-Competencies.jpg","width":1425,"height":450},{"@type":"BreadcrumbList","@id":"https:\/\/www.comau.com\/de\/competencies\/#breadcrumb","itemListElement":[{"@type":"ListItem","position":1,"name":"Home","item":"https:\/\/www.comau.com\/de\/"},{"@type":"ListItem","position":2,"name":"Unsere Kompetenzen"}]},{"@type":"WebSite","@id":"https:\/\/www.comau.com\/de\/#website","url":"https:\/\/www.comau.com\/de\/","name":"Comau","description":"Industrial automation and robotics","publisher":{"@id":"https:\/\/www.comau.com\/de\/#organization"},"potentialAction":[{"@type":"SearchAction","target":{"@type":"EntryPoint","urlTemplate":"https:\/\/www.comau.com\/de\/?s={search_term_string}"},"query-input":{"@type":"PropertyValueSpecification","valueRequired":true,"valueName":"search_term_string"}}],"inLanguage":"de"},{"@type":"Organization","@id":"https:\/\/www.comau.com\/de\/#organization","name":"Comau","url":"https:\/\/www.comau.com\/de\/","logo":{"@type":"ImageObject","inLanguage":"de","@id":"https:\/\/www.comau.com\/de\/#\/schema\/logo\/image\/","url":"https:\/\/www.comau.com\/wp-content\/uploads\/2024\/07\/cropped-Logo-COMAU.png","contentUrl":"https:\/\/www.comau.com\/wp-content\/uploads\/2024\/07\/cropped-Logo-COMAU.png","width":434,"height":434,"caption":"Comau"},"image":{"@id":"https:\/\/www.comau.com\/de\/#\/schema\/logo\/image\/"},"sameAs":["https:\/\/www.facebook.com\/COMAU\/","https:\/\/x.com\/comaugroup","https:\/\/www.instagram.com\/comaugroup\/","https:\/\/www.linkedin.com\/company\/comau","https:\/\/www.youtube.com\/user\/comau"]}]}},"_links":{"self":[{"href":"https:\/\/www.comau.com\/de\/wp-json\/wp\/v2\/pages\/4763","targetHints":{"allow":["GET"]}}],"collection":[{"href":"https:\/\/www.comau.com\/de\/wp-json\/wp\/v2\/pages"}],"about":[{"href":"https:\/\/www.comau.com\/de\/wp-json\/wp\/v2\/types\/page"}],"author":[{"embeddable":true,"href":"https:\/\/www.comau.com\/de\/wp-json\/wp\/v2\/users\/11"}],"replies":[{"embeddable":true,"href":"https:\/\/www.comau.com\/de\/wp-json\/wp\/v2\/comments?post=4763"}],"version-history":[{"count":17,"href":"https:\/\/www.comau.com\/de\/wp-json\/wp\/v2\/pages\/4763\/revisions"}],"predecessor-version":[{"id":38599,"href":"https:\/\/www.comau.com\/de\/wp-json\/wp\/v2\/pages\/4763\/revisions\/38599"}],"wp:featuredmedia":[{"embeddable":true,"href":"https:\/\/www.comau.com\/de\/wp-json\/wp\/v2\/media\/33158"}],"wp:attachment":[{"href":"https:\/\/www.comau.com\/de\/wp-json\/wp\/v2\/media?parent=4763"}],"curies":[{"name":"wp","href":"https:\/\/api.w.org\/{rel}","templated":true}]}}