{"id":47367,"date":"2022-09-08T17:29:29","date_gmt":"2022-09-08T15:29:29","guid":{"rendered":"https:\/\/www.comau.com\/?page_id=47367"},"modified":"2022-09-22T15:17:51","modified_gmt":"2022-09-22T13:17:51","slug":"zero-design-cells","status":"publish","type":"page","link":"https:\/\/www.comau.com\/de\/competencies\/products-solutions\/zero-design-cells\/","title":{"rendered":"Zero Design Cells"},"content":{"rendered":"\n<h2 class=\"wp-block-heading\">Schnelle Einrichtung ohne Zeitaufwand f\u00fcr technisches Design<\/h2>\n\n\n\n<p>Das Zero Design Herstellungskonzept von Comau erm\u00f6glicht Unternehmen aller Gr\u00f6\u00dfen, standardisierte, vorgefertigte Zellen einzusetzen, um die Automatisierung ihrer Anlagen ohne Kompromisse bei der Pr\u00e4zision oder Leistung zu vereinfachen. Die austauschbare Design-Struktur von Comau garantiert eine problemlose Wiederverwendung und Umnutzung bei sich ver\u00e4ndernden Produktionsbedingungen.<\/p>\n\n\n\n<h2 class=\"wp-block-heading\">Sch\u00fctzen Sie Ihre Investitionen durch inh\u00e4rente Flexibilit\u00e4t<\/h2>\n\n\n\n<p>Jede Zero Design Zelle stellt mit ihrer modularen Struktur und den problemlos austauschbaren Werkzeugen und Endeffektoren die Grundlage f\u00fcr verschiedenste Robotereinstellungen dar, so dass Sie unterschiedliche Anwendungen in der gleichen Zelleneinheit durchf\u00fchren k\u00f6nnen. Dar\u00fcber hinaus kann die Produktion ohne kostspielige strukturelle \u00c4nderungen gesteigert oder zur\u00fcckgefahren werden. Und da die Zellen \u00fcberaus vielseitig sind, k\u00f6nnen Sie Ihre Einstellungen personalisieren und gleichzeitig die Skalierbarkeit f\u00fcr die Zukunft sicherstellen.<\/p>\n\n\n\n<div class=\"wp-block-columns columns-bg-dark is-layout-flex wp-container-core-columns-is-layout-9d6595d7 wp-block-columns-is-layout-flex\">\n<div class=\"wp-block-column is-layout-flow wp-block-column-is-layout-flow\">\n<h3 class=\"wp-block-heading\" id=\"innovations-in-body-assembly\">Hochmoderne Automatisierung<\/h3>\n\n\n\n<p>Dank seiner bew\u00e4hrten Expertise in der Automatisierung, Digitalisierung und Elektrifizierung ist Comau in der Lage, erstklassige Systeme basierend auf Standardroboterzellen zu liefern, die bei der Ankunft am Standort des Kunden bereits vollst\u00e4ndig getestet, validiert und einsatzbereit sind.<\/p>\n<\/div>\n\n\n\n<div class=\"wp-block-column is-layout-flow wp-block-column-is-layout-flow\">\n<h3 class=\"wp-block-heading\" id=\"our-solutions-meet-customer-needs\">Bessere <br>Time-to-Market<\/h3>\n\n\n\n<p>Zero Design Manufacturing erm\u00f6glicht Organisationen, schnell und ohne langwierige technische Design-Zeit auf Ver\u00e4nderungen bei den Kundenanforderungen zu reagieren. Auf diese Weise lassen sich Zeit und Kosten f\u00fcr die Umsetzung neuer Anwendungen erheblich reduzieren.<\/p>\n<\/div>\n\n\n\n<div class=\"wp-block-column is-layout-flow wp-block-column-is-layout-flow\">\n<h3 class=\"wp-block-heading\" id=\"powerful-assembly-and-transport-systems\">Echtzeit-Analyse und -Kontrolle<\/h3>\n\n\n\n<p>Von der Echtzeit-Leistungs- und Statusanalyse bis zur automatisierten R\u00fcckverfolgbarkeit der Teile und Qualit\u00e4t erm\u00f6glicht Ihnen die ganzheitliche Zellendigitalisierung eine umfassende \u00dcberwachung der Einstellungen, so dass Sie den Prozess unmittelbar korrigieren oder Material\u00e4nderungen in Echtzeit vornehmen k\u00f6nnen.<\/p>\n<\/div>\n<\/div>\n\n\n\n<h2 class=\"wp-block-heading\" id=\"our-solutions\">Wesentliche Vorteile der Zero Design Zellen von Comau<\/h2>\n\n\n\n<div class=\"wp-block-getwid-icon-box has-icon-left has-text-center\"><div class=\"wp-block-getwid-icon-box__icon-container is-position-top\"><div class=\"wp-block-getwid-icon-box__icon-wrapper\"><i class=\"fas fa-plug\"><\/i><\/div><\/div><div class=\"wp-block-getwid-icon-box__content\">\n<h3 class=\"has-text-align-left wp-block-heading\">Standardkonfiguration als einfache \u201aPlug and Play&#8216;-L\u00f6sung<\/h3>\n<\/div><\/div>\n\n\n\n<div class=\"wp-block-getwid-icon-box has-icon-left has-text-center\"><div class=\"wp-block-getwid-icon-box__icon-container is-position-top\"><div class=\"wp-block-getwid-icon-box__icon-wrapper\"><i class=\"far fa-clock\"><\/i><\/div><\/div><div class=\"wp-block-getwid-icon-box__content\">\n<h3 class=\"has-text-align-left wp-block-heading\">Schnelle Installation und Inbetriebnahme vor Ort f\u00fchren zu einer Zeitersparnis von bis zu 70&nbsp;% bei der Umsetzung<\/h3>\n<\/div><\/div>\n\n\n\n<div class=\"wp-block-getwid-icon-box has-icon-left has-text-center\"><div class=\"wp-block-getwid-icon-box__icon-container is-position-top\"><div class=\"wp-block-getwid-icon-box__icon-wrapper\"><i class=\"fas fa-search-dollar\"><\/i><\/div><\/div><div class=\"wp-block-getwid-icon-box__content\">\n<h3 class=\"has-text-align-left wp-block-heading\">Einfach zu benutzen &#8211; keine Schulung erforderlich. Reduziert die Gesamtbetriebskosten (TCO)<\/h3>\n<\/div><\/div>\n\n\n\n<div class=\"wp-block-getwid-icon-box has-icon-left has-text-center\"><div class=\"wp-block-getwid-icon-box__icon-container is-position-top\"><div class=\"wp-block-getwid-icon-box__icon-wrapper\"><i class=\"fas fa-certificate\"><\/i><\/div><\/div><div class=\"wp-block-getwid-icon-box__content\">\n<h3 class=\"has-text-align-left wp-block-heading\">Validierte Produkte und Prozesse mit CE &amp; UL Zertifizierungen gew\u00e4hrleisten eine bessere Wiederholbarkeit der Teile und mehr Zuverl\u00e4ssigkeit<\/h3>\n<\/div><\/div>\n\n\n\n<div class=\"wp-block-getwid-icon-box has-icon-left has-text-center\"><div class=\"wp-block-getwid-icon-box__icon-container is-position-top\"><div class=\"wp-block-getwid-icon-box__icon-wrapper\"><i class=\"fas fa-external-link-alt\"><\/i><\/div><\/div><div class=\"wp-block-getwid-icon-box__content\">\n<h3 class=\"has-text-align-left wp-block-heading\">Skalierbare Implementierung und Investitionen stellen einen kosteneffizienten modularen Ausgangspunkt f\u00fcr nachfolgende Projekte dar<\/h3>\n<\/div><\/div>\n\n\n\n<div class=\"wp-block-getwid-icon-box has-icon-left has-text-center\"><div class=\"wp-block-getwid-icon-box__icon-container is-position-top\"><div class=\"wp-block-getwid-icon-box__icon-wrapper\"><i class=\"fas fa-sort-amount-up\"><\/i><\/div><\/div><div class=\"wp-block-getwid-icon-box__content\">\n<h3 class=\"has-text-align-left wp-block-heading\">Schnelle und kosteneffiziente Produktionssteigerung<\/h3>\n<\/div><\/div>\n\n\n\n<div class=\"wp-block-getwid-icon-box has-icon-left has-text-center\"><div class=\"wp-block-getwid-icon-box__icon-container is-position-top\"><div class=\"wp-block-getwid-icon-box__icon-wrapper\"><i class=\"fab fa-whmcs\"><\/i><\/div><\/div><div class=\"wp-block-getwid-icon-box__content\">\n<h3 class=\"has-text-align-left wp-block-heading\">Zellendigitalisierung bietet eine bessere Visibilit\u00e4t der Betriebsabl\u00e4ufe<\/h3>\n\n\n\n<p><\/p>\n<\/div><\/div>\n\n\n\n<hr class=\"wp-block-separator has-alpha-channel-opacity\"\/>\n\n\n\n<div class=\"wp-block-columns is-layout-flex wp-container-core-columns-is-layout-9d6595d7 wp-block-columns-is-layout-flex\">\n<div class=\"wp-block-column is-layout-flow wp-block-column-is-layout-flow\">\n<h2 class=\"wp-block-heading\">eBook<\/h2>\n\n\n\n<h3 class=\"wp-block-heading\"><strong><strong><strong><strong>Produktionsoptimierung mit Zero Design Zellen<\/strong><\/strong><\/strong><\/strong><\/h3>\n\n\n\n<h3 class=\"wp-block-heading\" id=\"block-d5fef270-5747-4bcf-9e83-be00d92d5b42\">Automatisierung mit modularen und Standardmontagezellen<\/h3>\n\n\n\n<div class=\"wp-block-buttons is-layout-flex wp-block-buttons-is-layout-flex\">\n<div class=\"wp-block-button\"><a class=\"wp-block-button__link\" href=\"https:\/\/group.comau.com\/de\/content\/ebook\/standardcell?utm_source=COMAU Website\" target=\"_blank\" rel=\"noreferrer noopener\">eBook herunterladen<\/a><\/div>\n<\/div>\n<\/div>\n\n\n\n<div class=\"wp-block-column is-layout-flow wp-block-column-is-layout-flow\">\n<figure class=\"wp-block-image size-full\"><img decoding=\"async\" width=\"350\" height=\"219\" src=\"https:\/\/www.comau.com\/wp-content\/uploads\/2022\/09\/Cella.jpg\" alt=\"\" class=\"wp-image-47540\" srcset=\"https:\/\/www.comau.com\/wp-content\/uploads\/2022\/09\/Cella.jpg 350w, https:\/\/www.comau.com\/wp-content\/uploads\/2022\/09\/Cella-300x188.jpg 300w\" sizes=\"(max-width: 350px) 100vw, 350px\" \/><\/figure>\n<\/div>\n<\/div>\n","protected":false},"excerpt":{"rendered":"<p>Schnelle Einrichtung ohne Zeitaufwand f\u00fcr technisches Design Das Zero Design Herstellungskonzept von Comau erm\u00f6glicht Unternehmen aller Gr\u00f6\u00dfen, standardisierte, vorgefertigte Zellen einzusetzen, um die Automatisierung ihrer Anlagen ohne Kompromisse bei der Pr\u00e4zision oder Leistung zu vereinfachen. Die austauschbare Design-Struktur von Comau garantiert eine problemlose Wiederverwendung und Umnutzung bei sich ver\u00e4ndernden Produktionsbedingungen. Sch\u00fctzen Sie Ihre Investitionen durch [&hellip;]<\/p>\n","protected":false},"author":7,"featured_media":48248,"parent":65270,"menu_order":1,"comment_status":"closed","ping_status":"closed","template":"","meta":{"_acf_changed":false,"ep_exclude_from_search":false,"footnotes":""},"class_list":["post-47367","page","type-page","status-publish","has-post-thumbnail","hentry"],"acf":[],"yoast_head":"<!-- This site is optimized with the Yoast SEO plugin v26.9 - https:\/\/yoast.com\/product\/yoast-seo-wordpress\/ -->\n<title>Zero Design Cells | Comau<\/title>\n<meta name=\"description\" content=\"Comau widmet sich der Produktionsoptimierung durch Automatisierung der Fertigungslinien und Montagesysteme f\u00fcr die Industrie.\" \/>\n<meta name=\"robots\" content=\"index, follow, max-snippet:-1, max-image-preview:large, max-video-preview:-1\" \/>\n<link rel=\"canonical\" href=\"https:\/\/www.comau.com\/de\/competencies\/products-solutions\/zero-design-cells\/\" \/>\n<meta property=\"og:locale\" content=\"de_DE\" \/>\n<meta property=\"og:type\" content=\"article\" \/>\n<meta property=\"og:title\" content=\"Zero Design Cells | Comau\" \/>\n<meta property=\"og:description\" content=\"Comau widmet sich der Produktionsoptimierung durch Automatisierung der Fertigungslinien und Montagesysteme f\u00fcr die Industrie.\" \/>\n<meta property=\"og:url\" content=\"https:\/\/www.comau.com\/de\/competencies\/products-solutions\/zero-design-cells\/\" \/>\n<meta property=\"og:site_name\" content=\"Comau\" \/>\n<meta property=\"article:publisher\" content=\"https:\/\/www.facebook.com\/COMAU\/\" \/>\n<meta property=\"article:modified_time\" content=\"2022-09-22T13:17:51+00:00\" \/>\n<meta property=\"og:image\" content=\"https:\/\/www.comau.com\/wp-content\/uploads\/2022\/09\/hero-landing-1.jpg\" \/>\n\t<meta property=\"og:image:width\" content=\"1450\" \/>\n\t<meta property=\"og:image:height\" content=\"450\" \/>\n\t<meta property=\"og:image:type\" content=\"image\/jpeg\" \/>\n<meta name=\"twitter:card\" content=\"summary_large_image\" \/>\n<meta name=\"twitter:site\" content=\"@comaugroup\" \/>\n<meta name=\"twitter:label1\" content=\"Gesch\u00e4tzte Lesezeit\" \/>\n\t<meta name=\"twitter:data1\" content=\"2\u00a0Minuten\" \/>\n<script type=\"application\/ld+json\" class=\"yoast-schema-graph\">{\"@context\":\"https:\/\/schema.org\",\"@graph\":[{\"@type\":\"WebPage\",\"@id\":\"https:\/\/www.comau.com\/de\/competencies\/products-solutions\/zero-design-cells\/\",\"url\":\"https:\/\/www.comau.com\/de\/competencies\/products-solutions\/zero-design-cells\/\",\"name\":\"Zero Design Cells | Comau\",\"isPartOf\":{\"@id\":\"https:\/\/www.comau.com\/de\/#website\"},\"primaryImageOfPage\":{\"@id\":\"https:\/\/www.comau.com\/de\/competencies\/products-solutions\/zero-design-cells\/#primaryimage\"},\"image\":{\"@id\":\"https:\/\/www.comau.com\/de\/competencies\/products-solutions\/zero-design-cells\/#primaryimage\"},\"thumbnailUrl\":\"https:\/\/www.comau.com\/wp-content\/uploads\/2022\/10\/Comau_ZeroDesignCell_Header.jpg\",\"datePublished\":\"2022-09-08T15:29:29+00:00\",\"dateModified\":\"2022-09-22T13:17:51+00:00\",\"description\":\"Comau widmet sich der Produktionsoptimierung durch Automatisierung der Fertigungslinien und Montagesysteme f\u00fcr die Industrie.\",\"breadcrumb\":{\"@id\":\"https:\/\/www.comau.com\/de\/competencies\/products-solutions\/zero-design-cells\/#breadcrumb\"},\"inLanguage\":\"de\",\"potentialAction\":[{\"@type\":\"ReadAction\",\"target\":[\"https:\/\/www.comau.com\/de\/competencies\/products-solutions\/zero-design-cells\/\"]}]},{\"@type\":\"ImageObject\",\"inLanguage\":\"de\",\"@id\":\"https:\/\/www.comau.com\/de\/competencies\/products-solutions\/zero-design-cells\/#primaryimage\",\"url\":\"https:\/\/www.comau.com\/wp-content\/uploads\/2022\/10\/Comau_ZeroDesignCell_Header.jpg\",\"contentUrl\":\"https:\/\/www.comau.com\/wp-content\/uploads\/2022\/10\/Comau_ZeroDesignCell_Header.jpg\",\"width\":1450,\"height\":450,\"caption\":\"Comau Zero Design Cells\"},{\"@type\":\"BreadcrumbList\",\"@id\":\"https:\/\/www.comau.com\/de\/competencies\/products-solutions\/zero-design-cells\/#breadcrumb\",\"itemListElement\":[{\"@type\":\"ListItem\",\"position\":1,\"name\":\"Home\",\"item\":\"https:\/\/www.comau.com\/de\/\"},{\"@type\":\"ListItem\",\"position\":2,\"name\":\"Unsere Kompetenzen\",\"item\":\"https:\/\/www.comau.com\/de\/competencies\/\"},{\"@type\":\"ListItem\",\"position\":3,\"name\":\"Robotics &amp; Automation\",\"item\":\"https:\/\/www.comau.com\/de\/competencies\/robotics-automation\/\"},{\"@type\":\"ListItem\",\"position\":4,\"name\":\"Zero Design Cells\"}]},{\"@type\":\"WebSite\",\"@id\":\"https:\/\/www.comau.com\/de\/#website\",\"url\":\"https:\/\/www.comau.com\/de\/\",\"name\":\"Comau\",\"description\":\"Industrial automation and robotics\",\"publisher\":{\"@id\":\"https:\/\/www.comau.com\/de\/#organization\"},\"potentialAction\":[{\"@type\":\"SearchAction\",\"target\":{\"@type\":\"EntryPoint\",\"urlTemplate\":\"https:\/\/www.comau.com\/de\/?s={search_term_string}\"},\"query-input\":{\"@type\":\"PropertyValueSpecification\",\"valueRequired\":true,\"valueName\":\"search_term_string\"}}],\"inLanguage\":\"de\"},{\"@type\":\"Organization\",\"@id\":\"https:\/\/www.comau.com\/de\/#organization\",\"name\":\"Comau\",\"url\":\"https:\/\/www.comau.com\/de\/\",\"logo\":{\"@type\":\"ImageObject\",\"inLanguage\":\"de\",\"@id\":\"https:\/\/www.comau.com\/de\/#\/schema\/logo\/image\/\",\"url\":\"https:\/\/www.comau.com\/wp-content\/uploads\/2024\/07\/cropped-Logo-COMAU.png\",\"contentUrl\":\"https:\/\/www.comau.com\/wp-content\/uploads\/2024\/07\/cropped-Logo-COMAU.png\",\"width\":434,\"height\":434,\"caption\":\"Comau\"},\"image\":{\"@id\":\"https:\/\/www.comau.com\/de\/#\/schema\/logo\/image\/\"},\"sameAs\":[\"https:\/\/www.facebook.com\/COMAU\/\",\"https:\/\/x.com\/comaugroup\",\"https:\/\/www.instagram.com\/comaugroup\/\",\"https:\/\/www.linkedin.com\/company\/comau\",\"https:\/\/www.youtube.com\/user\/comau\"]}]}<\/script>\n<!-- \/ Yoast SEO plugin. -->","yoast_head_json":{"title":"Zero Design Cells | Comau","description":"Comau widmet sich der Produktionsoptimierung durch Automatisierung der Fertigungslinien und Montagesysteme f\u00fcr die Industrie.","robots":{"index":"index","follow":"follow","max-snippet":"max-snippet:-1","max-image-preview":"max-image-preview:large","max-video-preview":"max-video-preview:-1"},"canonical":"https:\/\/www.comau.com\/de\/competencies\/products-solutions\/zero-design-cells\/","og_locale":"de_DE","og_type":"article","og_title":"Zero Design Cells | Comau","og_description":"Comau widmet sich der Produktionsoptimierung durch Automatisierung der Fertigungslinien und Montagesysteme f\u00fcr die Industrie.","og_url":"https:\/\/www.comau.com\/de\/competencies\/products-solutions\/zero-design-cells\/","og_site_name":"Comau","article_publisher":"https:\/\/www.facebook.com\/COMAU\/","article_modified_time":"2022-09-22T13:17:51+00:00","og_image":[{"width":1450,"height":450,"url":"https:\/\/www.comau.com\/wp-content\/uploads\/2022\/09\/hero-landing-1.jpg","type":"image\/jpeg"}],"twitter_card":"summary_large_image","twitter_site":"@comaugroup","twitter_misc":{"Gesch\u00e4tzte Lesezeit":"2\u00a0Minuten"},"schema":{"@context":"https:\/\/schema.org","@graph":[{"@type":"WebPage","@id":"https:\/\/www.comau.com\/de\/competencies\/products-solutions\/zero-design-cells\/","url":"https:\/\/www.comau.com\/de\/competencies\/products-solutions\/zero-design-cells\/","name":"Zero Design Cells | Comau","isPartOf":{"@id":"https:\/\/www.comau.com\/de\/#website"},"primaryImageOfPage":{"@id":"https:\/\/www.comau.com\/de\/competencies\/products-solutions\/zero-design-cells\/#primaryimage"},"image":{"@id":"https:\/\/www.comau.com\/de\/competencies\/products-solutions\/zero-design-cells\/#primaryimage"},"thumbnailUrl":"https:\/\/www.comau.com\/wp-content\/uploads\/2022\/10\/Comau_ZeroDesignCell_Header.jpg","datePublished":"2022-09-08T15:29:29+00:00","dateModified":"2022-09-22T13:17:51+00:00","description":"Comau widmet sich der Produktionsoptimierung durch Automatisierung der Fertigungslinien und Montagesysteme f\u00fcr die Industrie.","breadcrumb":{"@id":"https:\/\/www.comau.com\/de\/competencies\/products-solutions\/zero-design-cells\/#breadcrumb"},"inLanguage":"de","potentialAction":[{"@type":"ReadAction","target":["https:\/\/www.comau.com\/de\/competencies\/products-solutions\/zero-design-cells\/"]}]},{"@type":"ImageObject","inLanguage":"de","@id":"https:\/\/www.comau.com\/de\/competencies\/products-solutions\/zero-design-cells\/#primaryimage","url":"https:\/\/www.comau.com\/wp-content\/uploads\/2022\/10\/Comau_ZeroDesignCell_Header.jpg","contentUrl":"https:\/\/www.comau.com\/wp-content\/uploads\/2022\/10\/Comau_ZeroDesignCell_Header.jpg","width":1450,"height":450,"caption":"Comau Zero Design Cells"},{"@type":"BreadcrumbList","@id":"https:\/\/www.comau.com\/de\/competencies\/products-solutions\/zero-design-cells\/#breadcrumb","itemListElement":[{"@type":"ListItem","position":1,"name":"Home","item":"https:\/\/www.comau.com\/de\/"},{"@type":"ListItem","position":2,"name":"Unsere Kompetenzen","item":"https:\/\/www.comau.com\/de\/competencies\/"},{"@type":"ListItem","position":3,"name":"Robotics &amp; Automation","item":"https:\/\/www.comau.com\/de\/competencies\/robotics-automation\/"},{"@type":"ListItem","position":4,"name":"Zero Design Cells"}]},{"@type":"WebSite","@id":"https:\/\/www.comau.com\/de\/#website","url":"https:\/\/www.comau.com\/de\/","name":"Comau","description":"Industrial automation and robotics","publisher":{"@id":"https:\/\/www.comau.com\/de\/#organization"},"potentialAction":[{"@type":"SearchAction","target":{"@type":"EntryPoint","urlTemplate":"https:\/\/www.comau.com\/de\/?s={search_term_string}"},"query-input":{"@type":"PropertyValueSpecification","valueRequired":true,"valueName":"search_term_string"}}],"inLanguage":"de"},{"@type":"Organization","@id":"https:\/\/www.comau.com\/de\/#organization","name":"Comau","url":"https:\/\/www.comau.com\/de\/","logo":{"@type":"ImageObject","inLanguage":"de","@id":"https:\/\/www.comau.com\/de\/#\/schema\/logo\/image\/","url":"https:\/\/www.comau.com\/wp-content\/uploads\/2024\/07\/cropped-Logo-COMAU.png","contentUrl":"https:\/\/www.comau.com\/wp-content\/uploads\/2024\/07\/cropped-Logo-COMAU.png","width":434,"height":434,"caption":"Comau"},"image":{"@id":"https:\/\/www.comau.com\/de\/#\/schema\/logo\/image\/"},"sameAs":["https:\/\/www.facebook.com\/COMAU\/","https:\/\/x.com\/comaugroup","https:\/\/www.instagram.com\/comaugroup\/","https:\/\/www.linkedin.com\/company\/comau","https:\/\/www.youtube.com\/user\/comau"]}]}},"_links":{"self":[{"href":"https:\/\/www.comau.com\/de\/wp-json\/wp\/v2\/pages\/47367","targetHints":{"allow":["GET"]}}],"collection":[{"href":"https:\/\/www.comau.com\/de\/wp-json\/wp\/v2\/pages"}],"about":[{"href":"https:\/\/www.comau.com\/de\/wp-json\/wp\/v2\/types\/page"}],"author":[{"embeddable":true,"href":"https:\/\/www.comau.com\/de\/wp-json\/wp\/v2\/users\/7"}],"replies":[{"embeddable":true,"href":"https:\/\/www.comau.com\/de\/wp-json\/wp\/v2\/comments?post=47367"}],"version-history":[{"count":18,"href":"https:\/\/www.comau.com\/de\/wp-json\/wp\/v2\/pages\/47367\/revisions"}],"predecessor-version":[{"id":47639,"href":"https:\/\/www.comau.com\/de\/wp-json\/wp\/v2\/pages\/47367\/revisions\/47639"}],"up":[{"embeddable":true,"href":"https:\/\/www.comau.com\/de\/wp-json\/wp\/v2\/pages\/65270"}],"wp:featuredmedia":[{"embeddable":true,"href":"https:\/\/www.comau.com\/de\/wp-json\/wp\/v2\/media\/48248"}],"wp:attachment":[{"href":"https:\/\/www.comau.com\/de\/wp-json\/wp\/v2\/media?parent=47367"}],"curies":[{"name":"wp","href":"https:\/\/api.w.org\/{rel}","templated":true}]}}