{"id":46729,"date":"2022-08-04T09:00:00","date_gmt":"2022-08-04T07:00:00","guid":{"rendered":"https:\/\/www.comau.com\/?page_id=46729"},"modified":"2022-08-04T11:04:34","modified_gmt":"2022-08-04T09:04:34","slug":"echtzeitueberpruefung-der-e-power-effizienz-von-hochleistungsbatterien-fuer-sportwagen","status":"publish","type":"page","link":"https:\/\/www.comau.com\/de\/about-us\/success-stories\/echtzeitueberpruefung-der-e-power-effizienz-von-hochleistungsbatterien-fuer-sportwagen\/","title":{"rendered":"Echtzeit\u00fcberpr\u00fcfung der e-power-effizienz von hochleistungsbatterien f\u00fcr sportwagen"},"content":{"rendered":"\n<p>Als einer der exklusivsten italienischen Automobilhersteller beschloss, eine elektrische Version seines Premium-Sportwagens zu entwickeln, wusste das Ingenieurteam, dass eine Hochleistungs-Elektrobatterie ben\u00f6tigt w\u00fcrde, die in der Lage ist, die Kraft, Geschwindigkeit und Leistung des herk\u00f6mmlichen Gegenst\u00fccks zu erreichen. Das Team wandte sich an einen f\u00fchrenden Technologieanbieter, um die Fertigungslinien f\u00fcr die Batterie zu entwickeln und einzurichten. Dieser wiederum beauftragte Comau mit der Entwicklung eines nicht-invasiven Qualit\u00e4tskontrollsystems. Die innovative L\u00f6sung von Comau kombiniert W\u00e4rmebildtechnik und k\u00fcnstliche Intelligenz. Sie kann sowohl die elektrischen als auch die mechanischen Eigenschaften w\u00e4hrend der Modulmontage automatisch pr\u00fcfen und so die Unversehrtheit der Hochspannungsbatterie gew\u00e4hrleisten und gleichzeitig den Modulabfall minimieren.<\/p>\n\n\n\n<p><\/p>\n\n\n\n<div class=\"wp-block-group wide-section-light-1 py-5 my-5\"><div class=\"wp-block-group__inner-container is-layout-flow wp-block-group-is-layout-flow\">\n<blockquote class=\"wp-block-quote has-text-align-left success-story-quote is-layout-flow wp-block-quote-is-layout-flow\"><p>\u201cComau lieferte eine innovative L\u00f6sung, die sowohl auf die einzigartigen Eigenschaften der Hochleistungsbatterie unseres Kunden einging als auch eine konkrete Reduzierung des Materialabfalls sicherstellte&#8220;, erkl\u00e4rte Giovanni Di Stefano, Leiter Innovation und Prozesstechnologien. \u201eDar\u00fcber hinaus werden unsere Kunden mit dem von Comau entwickelten System in der Lage sein, Qualit\u00e4ts-KPIs zu messen und festzustellen, wie viele Batterien sie trotz einer eventuellen Nichtkonformit\u00e4t eines der Module \u201eretten\u201d k\u00f6nnen.&#8220;<\/p><cite><strong>Giovanni Di Stefano, Head of Innovation and Process Technologies<\/strong><\/cite><\/blockquote>\n\n\n\n<p><\/p>\n<\/div><\/div>\n\n\n\n<div class=\"wp-block-columns is-layout-flex wp-container-core-columns-is-layout-9d6595d7 wp-block-columns-is-layout-flex\">\n<div class=\"wp-block-column is-layout-flow wp-block-column-is-layout-flow\">\n<h2 class=\"h3 wp-block-heading\" id=\"the-challenge\">Die Herausfoderung<\/h2>\n\n\n\n<p>Comau wurde gebeten, eine Technologiel\u00f6sung zu entwickeln, die nahtlos in einen halbautomatischen Batterieherstellungsprozess integriert werden kann, ohne die Zykluszeit oder das Herstellungsverfahren zu beeintr\u00e4chtigen. Im Gegensatz zur herk\u00f6mmlichen End-of-Line-Batteriepr\u00fcfung, bei der jede Batterie eine Reihe von Lade- und Entladezyklen durchl\u00e4uft, m\u00fcsste die L\u00f6sung die Batteriequalit\u00e4t auf Modulebene \u00fcberpr\u00fcfen, bevor der gesamte Pack geschlossen und verschwei\u00dft wird. Da jede Batterie aus 13 Hochleistungsmodulen besteht, m\u00fcsste das System sowohl die Batterie auf Modulebene pr\u00fcfen als auch im Falle eines Fehlers genau feststellen, welches Modul oder welche Module die vom Kunden vorgegebenen Toleranzen nicht einhalten.<\/p>\n<\/div>\n\n\n\n<div class=\"wp-block-column is-layout-flow wp-block-column-is-layout-flow\">\n<h2 class=\"h3 wp-block-heading\" id=\"the-solution\">Die L\u00f6sung<\/h2>\n\n\n\n<p>Die Ingenieure von Comau \u00fcberpr\u00fcften zun\u00e4chst die Anzahl der einzelnen Zellen in jedem der 13 Module der Batterie. Diese Zellen werden durch zahlreiche Schwei\u00dfn\u00e4hte strukturell zusammengehalten und elektrisch verbunden, bei denen das Team schnell eine schlechte Qualit\u00e4t der N\u00e4hte als m\u00f6glichen Fehlerpunkt identifizierte. Da nicht konforme Schwei\u00dfn\u00e4hte zu einer instabilen Batterie und m\u00f6glichen Sicherheitsrisiken f\u00fchren k\u00f6nnen, setzte sich das Team zum Ziel, ein System zu entwickeln, mit dem sowohl der mechanische als auch der elektrische Widerstand der Schwei\u00dfn\u00e4hte schnell und effizient analysiert werden kann.<\/p>\n\n\n\n<p>Mit Hilfe einer Infrarotkamera und der Intelligenz eines neuronalen Netzes entwickelte das Team eine hybride Thermographiel\u00f6sung, die eine nicht-invasive Schmelzbadpr\u00fcfung auf Schwei\u00dfnahtebene durchf\u00fchren kann, um Oberfl\u00e4chenfehler zu erkennen und automatisch eine Qualit\u00e4tskontrolle durchzuf\u00fchren. Die L\u00f6sung beruht auf der Inline-Erfassung von W\u00e4rmebildern, die sofort vorverarbeitet, beschnitten und mit Hilfe einer zuvor erworbenen Wissensdatenbank analysiert werden. Nach dem Erhalt eines Triggers vom Laserschwei\u00dfroboter zeichnet das System automatisch die Abk\u00fchlphase auf und f\u00fchrt eine merkmalsbasierte Analyse durch, um den qualitativen Zustand jeder einzelnen Schwei\u00dfnaht zu bewerten.<\/p>\n\n\n\n<p>Das zerst\u00f6rungsfreie Pr\u00fcfsystem wurde au\u00dferdem so konzipiert, dass es sich in den bestehenden Fertigungsprozess einf\u00fcgt und so zur Optimierung des Arbeitsablaufs und zum Schutz der Zykluszeiten beitr\u00e4gt. Da die W\u00e4rmekameras sowohl visuelle als auch Widerstandsdefekte vor dem endg\u00fcltigen Montageprozess analysieren, kann jede Nichtkonformit\u00e4t auf Modulebene behoben werden, ohne dass die gesamte Batterie verschrottet werden muss. Schlie\u00dflich ist die von Comau entwickelte L\u00f6sung vollst\u00e4ndig in das R\u00fcckverfolgbarkeitssystem integriert, so dass alle Prozess- und Qualit\u00e4tsinformationen in einem einzigen Datenmanagementsystem gesammelt und auf einfache, effiziente und intuitive Weise zur Verf\u00fcgung gestellt werden k\u00f6nnen.<\/p>\n<\/div>\n<\/div>\n\n\n\n<div class=\"wp-block-group wide-section-light-1 py-5 my-5\"><div class=\"wp-block-group__inner-container is-layout-flow wp-block-group-is-layout-flow\">\n<div class=\"wp-block-group wide-section-light-1 py-5 my-5\"><div class=\"wp-block-group__inner-container is-layout-flow wp-block-group-is-layout-flow\">\n<h2 class=\"h2 wp-block-heading\" id=\"the-results\">Das Ergebnis<\/h2>\n\n\n\n<p>Nach der Auslieferung der Inline-L\u00f6sung begannen sowohl Comau als auch sein Kunde sofort mit dem Testen des Systems. Das erste Ergebnis wurde durch die einfache, reibungslose Integration des innovativen Pr\u00fcfparadigmas in die Montagelinie erzielt.&nbsp;&nbsp;<\/p>\n\n\n\n<p>Das zweite Ergebnis des automatisierten, zerst\u00f6rungsfreien Systems von Comau zeigt sich in der verbesserten Genauigkeit der Erkennung \u00e4sthetischer Fehler, die oft die der visuellen Inspektion \u00fcbertrifft.<\/p>\n\n\n\n<p>Da der hohe elektrische Widerstand einer schlechten Schwei\u00dfnaht zu einem erheblichen Energieverlust und einer gro\u00dfen W\u00e4rmeentwicklung f\u00fchrt, kann sich auch die Temperatur der Schwei\u00dfnaht erh\u00f6hen. Dies wiederum kann zu potenziellen Sicherheitsproblemen f\u00fchren und dar\u00fcber hinaus die Effizienz der Batterie verringern. Durch die automatische Bewertung der Oberfl\u00e4chenfehler und des elektrischen Widerstands jeder Schwei\u00dfnaht vor der Endmontage hilft die von Comau konzipierte L\u00f6sung dem Endkunden, Zeit und Kosten zu sparen.<\/p>\n\n\n\n<p>Schlie\u00dflich k\u00f6nnen die Echtzeitergebnisse des Prozesses gesammelt und f\u00fcr Analysen und Nachschulungen verwendet werden. Und da das System mit der umfassenden Dateninfrastruktur verbunden ist, kann der Kunde eventuelle Qualit\u00e4tsprobleme verfolgen und bei Bedarf Anpassungen am Herstellungsprozess vornehmen.<\/p>\n\n\n\n<div class=\"wp-block-columns is-layout-flex wp-container-core-columns-is-layout-9d6595d7 wp-block-columns-is-layout-flex\">\n<div class=\"wp-block-column is-layout-flow wp-block-column-is-layout-flow\">\n<div class=\"wp-block-getwid-counter d-none\"><div class=\"wp-block-getwid-counter__wrapper\" data-start=\"\" data-end=\"\" data-decimal-places=\"0\" data-duration=\"3\" data-use-easing=\"true\" data-use-grouping=\"true\" data-separator=\",\" data-decimal=\".\" data-easing-fn=\"outExpo\" data-numerals=\"default\"><span class=\"wp-block-getwid-counter__number\">0<\/span><\/div><\/div>\n\n\n\n<p>Inline-Tests gew\u00e4hrleisten optimierte Produktivit\u00e4t<\/p>\n<\/div>\n\n\n\n<div class=\"wp-block-column is-layout-flow wp-block-column-is-layout-flow\">\n<div class=\"wp-block-getwid-counter\"><div class=\"wp-block-getwid-counter__wrapper\" data-start=\"0\" data-end=\"100\" data-decimal-places=\"0\" data-duration=\"3\" data-use-easing=\"true\" data-use-grouping=\"true\" data-separator=\",\" data-decimal=\".\" data-easing-fn=\"outExpo\" data-numerals=\"default\"><span class=\"wp-block-getwid-counter__number\">0<\/span><p class=\"wp-block-getwid-counter__suffix\">%<\/p><\/div><\/div>\n\n\n\n<p>automatisierte Modulpr\u00fcfungen<\/p>\n<\/div>\n\n\n\n<div class=\"wp-block-column is-layout-flow wp-block-column-is-layout-flow\">\n<div class=\"wp-block-getwid-counter\"><div class=\"wp-block-getwid-counter__wrapper\" data-start=\"0\" data-end=\"100\" data-decimal-places=\"0\" data-duration=\"3\" data-use-easing=\"true\" data-use-grouping=\"true\" data-separator=\",\" data-decimal=\".\" data-easing-fn=\"outExpo\" data-numerals=\"default\"><span class=\"wp-block-getwid-counter__number\">0<\/span><p class=\"wp-block-getwid-counter__suffix\">%<\/p><\/div><\/div>\n\n\n\n<p>R\u00fcckverfolgbarkeit<\/p>\n<\/div>\n\n\n\n<div class=\"wp-block-column is-layout-flow wp-block-column-is-layout-flow\">\n<div class=\"wp-block-getwid-counter d-none\"><div class=\"wp-block-getwid-counter__wrapper\" data-start=\"\" data-end=\"\" data-decimal-places=\"0\" data-duration=\"3\" data-use-easing=\"true\" data-use-grouping=\"true\" data-separator=\",\" data-decimal=\".\" data-easing-fn=\"outExpo\" data-numerals=\"default\"><span class=\"wp-block-getwid-counter__number\">0<\/span><\/div><\/div>\n\n\n\n<p>Signifikante Reduzierung des Materialabfalls<\/p>\n<\/div>\n<\/div>\n<\/div><\/div>\n\n\n\n<div class=\"wp-block-columns is-layout-flex wp-container-core-columns-is-layout-9d6595d7 wp-block-columns-is-layout-flex\">\n<div class=\"wp-block-column is-layout-flow wp-block-column-is-layout-flow\"><\/div>\n\n\n\n<div class=\"wp-block-column is-layout-flow wp-block-column-is-layout-flow\"><\/div>\n<\/div>\n<\/div><\/div>\n","protected":false},"excerpt":{"rendered":"<p>Als einer der exklusivsten italienischen Automobilhersteller beschloss, eine elektrische Version seines Premium-Sportwagens zu entwickeln, wusste das Ingenieurteam, dass eine Hochleistungs-Elektrobatterie ben\u00f6tigt w\u00fcrde, die in der Lage ist, die Kraft, Geschwindigkeit und Leistung des herk\u00f6mmlichen Gegenst\u00fccks zu erreichen. Das Team wandte sich an einen f\u00fchrenden Technologieanbieter, um die Fertigungslinien f\u00fcr die Batterie zu entwickeln und einzurichten. [&hellip;]<\/p>\n","protected":false},"author":19,"featured_media":43826,"parent":41299,"menu_order":6,"comment_status":"closed","ping_status":"closed","template":"","meta":{"_acf_changed":false,"ep_exclude_from_search":false,"footnotes":""},"class_list":["post-46729","page","type-page","status-publish","has-post-thumbnail","hentry"],"acf":[],"yoast_head":"<!-- This site is optimized with the Yoast SEO plugin v26.9 - https:\/\/yoast.com\/product\/yoast-seo-wordpress\/ -->\n<title>Echtzeit\u00fcberpr\u00fcfung der e-power-effizienz von hochleistungsbatterien f\u00fcr sportwagen - Comau<\/title>\n<meta name=\"robots\" content=\"index, follow, max-snippet:-1, max-image-preview:large, max-video-preview:-1\" \/>\n<link rel=\"canonical\" href=\"https:\/\/www.comau.com\/de\/about-us\/success-stories\/echtzeitueberpruefung-der-e-power-effizienz-von-hochleistungsbatterien-fuer-sportwagen\/\" \/>\n<meta property=\"og:locale\" content=\"de_DE\" \/>\n<meta property=\"og:type\" content=\"article\" \/>\n<meta property=\"og:title\" content=\"Echtzeit\u00fcberpr\u00fcfung der e-power-effizienz von hochleistungsbatterien f\u00fcr sportwagen - Comau\" \/>\n<meta property=\"og:description\" content=\"Als einer der exklusivsten italienischen Automobilhersteller beschloss, eine elektrische Version seines Premium-Sportwagens zu entwickeln, wusste das Ingenieurteam, dass eine Hochleistungs-Elektrobatterie ben\u00f6tigt w\u00fcrde, die in der Lage ist, die Kraft, Geschwindigkeit und Leistung des herk\u00f6mmlichen Gegenst\u00fccks zu erreichen. Das Team wandte sich an einen f\u00fchrenden Technologieanbieter, um die Fertigungslinien f\u00fcr die Batterie zu entwickeln und einzurichten. [&hellip;]\" \/>\n<meta property=\"og:url\" content=\"https:\/\/www.comau.com\/de\/about-us\/success-stories\/echtzeitueberpruefung-der-e-power-effizienz-von-hochleistungsbatterien-fuer-sportwagen\/\" \/>\n<meta property=\"og:site_name\" content=\"Comau\" \/>\n<meta property=\"article:publisher\" content=\"https:\/\/www.facebook.com\/COMAU\/\" \/>\n<meta property=\"article:modified_time\" content=\"2022-08-04T09:04:34+00:00\" \/>\n<meta property=\"og:image\" content=\"https:\/\/www.comau.com\/wp-content\/uploads\/2022\/03\/Mira-Termography.jpg\" \/>\n\t<meta property=\"og:image:width\" content=\"1450\" \/>\n\t<meta property=\"og:image:height\" content=\"450\" \/>\n\t<meta property=\"og:image:type\" content=\"image\/jpeg\" \/>\n<meta name=\"twitter:card\" content=\"summary_large_image\" \/>\n<meta name=\"twitter:site\" content=\"@comaugroup\" \/>\n<meta name=\"twitter:label1\" content=\"Gesch\u00e4tzte Lesezeit\" \/>\n\t<meta name=\"twitter:data1\" content=\"4\u00a0Minuten\" \/>\n<script type=\"application\/ld+json\" class=\"yoast-schema-graph\">{\"@context\":\"https:\/\/schema.org\",\"@graph\":[{\"@type\":\"WebPage\",\"@id\":\"https:\/\/www.comau.com\/de\/about-us\/success-stories\/echtzeitueberpruefung-der-e-power-effizienz-von-hochleistungsbatterien-fuer-sportwagen\/\",\"url\":\"https:\/\/www.comau.com\/de\/about-us\/success-stories\/echtzeitueberpruefung-der-e-power-effizienz-von-hochleistungsbatterien-fuer-sportwagen\/\",\"name\":\"Echtzeit\u00fcberpr\u00fcfung der e-power-effizienz von hochleistungsbatterien f\u00fcr sportwagen - Comau\",\"isPartOf\":{\"@id\":\"https:\/\/www.comau.com\/de\/#website\"},\"primaryImageOfPage\":{\"@id\":\"https:\/\/www.comau.com\/de\/about-us\/success-stories\/echtzeitueberpruefung-der-e-power-effizienz-von-hochleistungsbatterien-fuer-sportwagen\/#primaryimage\"},\"image\":{\"@id\":\"https:\/\/www.comau.com\/de\/about-us\/success-stories\/echtzeitueberpruefung-der-e-power-effizienz-von-hochleistungsbatterien-fuer-sportwagen\/#primaryimage\"},\"thumbnailUrl\":\"https:\/\/www.comau.com\/wp-content\/uploads\/2022\/03\/Mira-Termography.jpg\",\"datePublished\":\"2022-08-04T07:00:00+00:00\",\"dateModified\":\"2022-08-04T09:04:34+00:00\",\"breadcrumb\":{\"@id\":\"https:\/\/www.comau.com\/de\/about-us\/success-stories\/echtzeitueberpruefung-der-e-power-effizienz-von-hochleistungsbatterien-fuer-sportwagen\/#breadcrumb\"},\"inLanguage\":\"de\",\"potentialAction\":[{\"@type\":\"ReadAction\",\"target\":[\"https:\/\/www.comau.com\/de\/about-us\/success-stories\/echtzeitueberpruefung-der-e-power-effizienz-von-hochleistungsbatterien-fuer-sportwagen\/\"]}]},{\"@type\":\"ImageObject\",\"inLanguage\":\"de\",\"@id\":\"https:\/\/www.comau.com\/de\/about-us\/success-stories\/echtzeitueberpruefung-der-e-power-effizienz-von-hochleistungsbatterien-fuer-sportwagen\/#primaryimage\",\"url\":\"https:\/\/www.comau.com\/wp-content\/uploads\/2022\/03\/Mira-Termography.jpg\",\"contentUrl\":\"https:\/\/www.comau.com\/wp-content\/uploads\/2022\/03\/Mira-Termography.jpg\",\"width\":1450,\"height\":450},{\"@type\":\"BreadcrumbList\",\"@id\":\"https:\/\/www.comau.com\/de\/about-us\/success-stories\/echtzeitueberpruefung-der-e-power-effizienz-von-hochleistungsbatterien-fuer-sportwagen\/#breadcrumb\",\"itemListElement\":[{\"@type\":\"ListItem\",\"position\":1,\"name\":\"Home\",\"item\":\"https:\/\/www.comau.com\/de\/\"},{\"@type\":\"ListItem\",\"position\":2,\"name\":\"\u00dcber Comau\",\"item\":\"https:\/\/www.comau.com\/de\/about-us\/\"},{\"@type\":\"ListItem\",\"position\":3,\"name\":\"Erfolgsgeschichten\",\"item\":\"https:\/\/www.comau.com\/de\/about-us\/success-stories\/\"},{\"@type\":\"ListItem\",\"position\":4,\"name\":\"Echtzeit\u00fcberpr\u00fcfung der e-power-effizienz von hochleistungsbatterien f\u00fcr sportwagen\"}]},{\"@type\":\"WebSite\",\"@id\":\"https:\/\/www.comau.com\/de\/#website\",\"url\":\"https:\/\/www.comau.com\/de\/\",\"name\":\"Comau\",\"description\":\"Industrial automation and robotics\",\"publisher\":{\"@id\":\"https:\/\/www.comau.com\/de\/#organization\"},\"potentialAction\":[{\"@type\":\"SearchAction\",\"target\":{\"@type\":\"EntryPoint\",\"urlTemplate\":\"https:\/\/www.comau.com\/de\/?s={search_term_string}\"},\"query-input\":{\"@type\":\"PropertyValueSpecification\",\"valueRequired\":true,\"valueName\":\"search_term_string\"}}],\"inLanguage\":\"de\"},{\"@type\":\"Organization\",\"@id\":\"https:\/\/www.comau.com\/de\/#organization\",\"name\":\"Comau\",\"url\":\"https:\/\/www.comau.com\/de\/\",\"logo\":{\"@type\":\"ImageObject\",\"inLanguage\":\"de\",\"@id\":\"https:\/\/www.comau.com\/de\/#\/schema\/logo\/image\/\",\"url\":\"https:\/\/www.comau.com\/wp-content\/uploads\/2024\/07\/cropped-Logo-COMAU.png\",\"contentUrl\":\"https:\/\/www.comau.com\/wp-content\/uploads\/2024\/07\/cropped-Logo-COMAU.png\",\"width\":434,\"height\":434,\"caption\":\"Comau\"},\"image\":{\"@id\":\"https:\/\/www.comau.com\/de\/#\/schema\/logo\/image\/\"},\"sameAs\":[\"https:\/\/www.facebook.com\/COMAU\/\",\"https:\/\/x.com\/comaugroup\",\"https:\/\/www.instagram.com\/comaugroup\/\",\"https:\/\/www.linkedin.com\/company\/comau\",\"https:\/\/www.youtube.com\/user\/comau\"]}]}<\/script>\n<!-- \/ Yoast SEO plugin. -->","yoast_head_json":{"title":"Echtzeit\u00fcberpr\u00fcfung der e-power-effizienz von hochleistungsbatterien f\u00fcr sportwagen - Comau","robots":{"index":"index","follow":"follow","max-snippet":"max-snippet:-1","max-image-preview":"max-image-preview:large","max-video-preview":"max-video-preview:-1"},"canonical":"https:\/\/www.comau.com\/de\/about-us\/success-stories\/echtzeitueberpruefung-der-e-power-effizienz-von-hochleistungsbatterien-fuer-sportwagen\/","og_locale":"de_DE","og_type":"article","og_title":"Echtzeit\u00fcberpr\u00fcfung der e-power-effizienz von hochleistungsbatterien f\u00fcr sportwagen - Comau","og_description":"Als einer der exklusivsten italienischen Automobilhersteller beschloss, eine elektrische Version seines Premium-Sportwagens zu entwickeln, wusste das Ingenieurteam, dass eine Hochleistungs-Elektrobatterie ben\u00f6tigt w\u00fcrde, die in der Lage ist, die Kraft, Geschwindigkeit und Leistung des herk\u00f6mmlichen Gegenst\u00fccks zu erreichen. Das Team wandte sich an einen f\u00fchrenden Technologieanbieter, um die Fertigungslinien f\u00fcr die Batterie zu entwickeln und einzurichten. [&hellip;]","og_url":"https:\/\/www.comau.com\/de\/about-us\/success-stories\/echtzeitueberpruefung-der-e-power-effizienz-von-hochleistungsbatterien-fuer-sportwagen\/","og_site_name":"Comau","article_publisher":"https:\/\/www.facebook.com\/COMAU\/","article_modified_time":"2022-08-04T09:04:34+00:00","og_image":[{"width":1450,"height":450,"url":"https:\/\/www.comau.com\/wp-content\/uploads\/2022\/03\/Mira-Termography.jpg","type":"image\/jpeg"}],"twitter_card":"summary_large_image","twitter_site":"@comaugroup","twitter_misc":{"Gesch\u00e4tzte Lesezeit":"4\u00a0Minuten"},"schema":{"@context":"https:\/\/schema.org","@graph":[{"@type":"WebPage","@id":"https:\/\/www.comau.com\/de\/about-us\/success-stories\/echtzeitueberpruefung-der-e-power-effizienz-von-hochleistungsbatterien-fuer-sportwagen\/","url":"https:\/\/www.comau.com\/de\/about-us\/success-stories\/echtzeitueberpruefung-der-e-power-effizienz-von-hochleistungsbatterien-fuer-sportwagen\/","name":"Echtzeit\u00fcberpr\u00fcfung der e-power-effizienz von hochleistungsbatterien f\u00fcr sportwagen - Comau","isPartOf":{"@id":"https:\/\/www.comau.com\/de\/#website"},"primaryImageOfPage":{"@id":"https:\/\/www.comau.com\/de\/about-us\/success-stories\/echtzeitueberpruefung-der-e-power-effizienz-von-hochleistungsbatterien-fuer-sportwagen\/#primaryimage"},"image":{"@id":"https:\/\/www.comau.com\/de\/about-us\/success-stories\/echtzeitueberpruefung-der-e-power-effizienz-von-hochleistungsbatterien-fuer-sportwagen\/#primaryimage"},"thumbnailUrl":"https:\/\/www.comau.com\/wp-content\/uploads\/2022\/03\/Mira-Termography.jpg","datePublished":"2022-08-04T07:00:00+00:00","dateModified":"2022-08-04T09:04:34+00:00","breadcrumb":{"@id":"https:\/\/www.comau.com\/de\/about-us\/success-stories\/echtzeitueberpruefung-der-e-power-effizienz-von-hochleistungsbatterien-fuer-sportwagen\/#breadcrumb"},"inLanguage":"de","potentialAction":[{"@type":"ReadAction","target":["https:\/\/www.comau.com\/de\/about-us\/success-stories\/echtzeitueberpruefung-der-e-power-effizienz-von-hochleistungsbatterien-fuer-sportwagen\/"]}]},{"@type":"ImageObject","inLanguage":"de","@id":"https:\/\/www.comau.com\/de\/about-us\/success-stories\/echtzeitueberpruefung-der-e-power-effizienz-von-hochleistungsbatterien-fuer-sportwagen\/#primaryimage","url":"https:\/\/www.comau.com\/wp-content\/uploads\/2022\/03\/Mira-Termography.jpg","contentUrl":"https:\/\/www.comau.com\/wp-content\/uploads\/2022\/03\/Mira-Termography.jpg","width":1450,"height":450},{"@type":"BreadcrumbList","@id":"https:\/\/www.comau.com\/de\/about-us\/success-stories\/echtzeitueberpruefung-der-e-power-effizienz-von-hochleistungsbatterien-fuer-sportwagen\/#breadcrumb","itemListElement":[{"@type":"ListItem","position":1,"name":"Home","item":"https:\/\/www.comau.com\/de\/"},{"@type":"ListItem","position":2,"name":"\u00dcber Comau","item":"https:\/\/www.comau.com\/de\/about-us\/"},{"@type":"ListItem","position":3,"name":"Erfolgsgeschichten","item":"https:\/\/www.comau.com\/de\/about-us\/success-stories\/"},{"@type":"ListItem","position":4,"name":"Echtzeit\u00fcberpr\u00fcfung der e-power-effizienz von hochleistungsbatterien f\u00fcr sportwagen"}]},{"@type":"WebSite","@id":"https:\/\/www.comau.com\/de\/#website","url":"https:\/\/www.comau.com\/de\/","name":"Comau","description":"Industrial automation and robotics","publisher":{"@id":"https:\/\/www.comau.com\/de\/#organization"},"potentialAction":[{"@type":"SearchAction","target":{"@type":"EntryPoint","urlTemplate":"https:\/\/www.comau.com\/de\/?s={search_term_string}"},"query-input":{"@type":"PropertyValueSpecification","valueRequired":true,"valueName":"search_term_string"}}],"inLanguage":"de"},{"@type":"Organization","@id":"https:\/\/www.comau.com\/de\/#organization","name":"Comau","url":"https:\/\/www.comau.com\/de\/","logo":{"@type":"ImageObject","inLanguage":"de","@id":"https:\/\/www.comau.com\/de\/#\/schema\/logo\/image\/","url":"https:\/\/www.comau.com\/wp-content\/uploads\/2024\/07\/cropped-Logo-COMAU.png","contentUrl":"https:\/\/www.comau.com\/wp-content\/uploads\/2024\/07\/cropped-Logo-COMAU.png","width":434,"height":434,"caption":"Comau"},"image":{"@id":"https:\/\/www.comau.com\/de\/#\/schema\/logo\/image\/"},"sameAs":["https:\/\/www.facebook.com\/COMAU\/","https:\/\/x.com\/comaugroup","https:\/\/www.instagram.com\/comaugroup\/","https:\/\/www.linkedin.com\/company\/comau","https:\/\/www.youtube.com\/user\/comau"]}]}},"_links":{"self":[{"href":"https:\/\/www.comau.com\/de\/wp-json\/wp\/v2\/pages\/46729","targetHints":{"allow":["GET"]}}],"collection":[{"href":"https:\/\/www.comau.com\/de\/wp-json\/wp\/v2\/pages"}],"about":[{"href":"https:\/\/www.comau.com\/de\/wp-json\/wp\/v2\/types\/page"}],"author":[{"embeddable":true,"href":"https:\/\/www.comau.com\/de\/wp-json\/wp\/v2\/users\/19"}],"replies":[{"embeddable":true,"href":"https:\/\/www.comau.com\/de\/wp-json\/wp\/v2\/comments?post=46729"}],"version-history":[{"count":5,"href":"https:\/\/www.comau.com\/de\/wp-json\/wp\/v2\/pages\/46729\/revisions"}],"predecessor-version":[{"id":47072,"href":"https:\/\/www.comau.com\/de\/wp-json\/wp\/v2\/pages\/46729\/revisions\/47072"}],"up":[{"embeddable":true,"href":"https:\/\/www.comau.com\/de\/wp-json\/wp\/v2\/pages\/41299"}],"wp:featuredmedia":[{"embeddable":true,"href":"https:\/\/www.comau.com\/de\/wp-json\/wp\/v2\/media\/43826"}],"wp:attachment":[{"href":"https:\/\/www.comau.com\/de\/wp-json\/wp\/v2\/media?parent=46729"}],"curies":[{"name":"wp","href":"https:\/\/api.w.org\/{rel}","templated":true}]}}