{"id":44818,"date":"2022-04-11T14:56:27","date_gmt":"2022-04-11T12:56:27","guid":{"rendered":"https:\/\/www.comau.com\/?page_id=44818"},"modified":"2023-05-31T10:13:58","modified_gmt":"2023-05-31T08:13:58","slug":"die-montagestrasse-fuer-elektroantriebe-von-comau-verdoppelt-die-automatisierungsrate-von-geely-veremt","status":"publish","type":"page","link":"https:\/\/www.comau.com\/de\/about-us\/success-stories\/die-montagestrasse-fuer-elektroantriebe-von-comau-verdoppelt-die-automatisierungsrate-von-geely-veremt\/","title":{"rendered":"Die Montagestrasse f\u00fcr Elektroantriebe von Comau verdoppelt die automatisierungsrate von Geely Vremt"},"content":{"rendered":"\n<div class=\"wp-block-group mt-5\"><div class=\"wp-block-group__inner-container is-layout-flow wp-block-group-is-layout-flow\">\n<p>Die weltweit steigende Nachfrage nach emissionsarmen Fahrzeugen zwingt Geely Automobile Holdings dazu, zunehmend innovative Produktionsstrategien zu entwickeln, die auf die spezifischen Anforderungen der Fertigung von Elektro- und Hybridfahrzeugen ausgerichtet sind. Um diese Zielsetzung zu erf\u00fcllen, musste die Geely Gruppe die Produktionskapazit\u00e4t ihrer hochwertigen Elektroantriebskomponenten steigern. Die Gruppe wandte sich an Comau, den Experten f\u00fcr industrielle Automatisierung, um eine neue E-Antriebsmontagestra\u00dfe entwickeln und einrichten zu lassen, die eine schnelle End-to-End-Produktion des Elektromotors, Getriebes und Wechselrichters im Werk Geely Vremt erm\u00f6glicht. Im Rahmen dieses Projekts musste Comau die Automatisierungsrate von Geely von 40\u00a0% auf 80\u00a0% steigern und gleichzeitig die hohen Herstellungsstandards bei einer Produktion im industriellen Ma\u00dfstab mit einer Kapazit\u00e4t von 120.000 Auftr\u00e4gen pro Jahr aufrechterhalten.<\/p>\n\n\n<div class=\"wp-block-image\">\n<figure class=\"aligncenter size-full is-resized\"><img decoding=\"async\" src=\"https:\/\/www.comau.com\/wp-content\/uploads\/2022\/04\/Geely_car-2.jpg\" alt=\"\" class=\"wp-image-44902\" width=\"1102\" height=\"439\" srcset=\"https:\/\/www.comau.com\/wp-content\/uploads\/2022\/04\/Geely_car-2.jpg 840w, https:\/\/www.comau.com\/wp-content\/uploads\/2022\/04\/Geely_car-2-300x120.jpg 300w, https:\/\/www.comau.com\/wp-content\/uploads\/2022\/04\/Geely_car-2-768x306.jpg 768w\" sizes=\"(max-width: 1102px) 100vw, 1102px\" \/><\/figure>\n<\/div><\/div><\/div>\n\n\n\n<div class=\"wp-block-group wide-section-light-1 py-5 my-5\"><div class=\"wp-block-group__inner-container is-layout-flow wp-block-group-is-layout-flow\">\n<blockquote class=\"wp-block-quote success-story-quote is-layout-flow wp-block-quote-is-layout-flow\">\n<p>\u201eUnser Ziel, die Produktivit\u00e4t zu steigern, ohne die Zuverl\u00e4ssigkeit in Frage zu stellen, die die Marke Zeekr weltweit so erfolgreich macht, stand von Anfang an im Vordergrund\u2018, erl\u00e4utert Sun Yongjing, Vizepr\u00e4sident von Geely Vremt. \u201eDank unserer engen Zusammenarbeit mit Comau konnten wir die Agilit\u00e4t und Effizienz unseres Herstellungsprozesses erheblich steigern. Dar\u00fcber hinaus haben uns die innovativen und stark automatisierten Montagel\u00f6sungen erm\u00f6glicht, unsere Produktionskapazit\u00e4t zu verdoppeln und gleichzeitig die au\u00dferordentliche Qualit\u00e4t, die unsere Kunden von uns erwarten, zu gew\u00e4hrleisten.\u201c<\/p>\n<cite>Sun Yongjing, Vizepr\u00e4sident von Geely Vremt<\/cite><\/blockquote>\n<\/div><\/div>\n\n\n\n<div class=\"wp-block-columns is-layout-flex wp-container-core-columns-is-layout-9d6595d7 wp-block-columns-is-layout-flex\">\n<div class=\"wp-block-column is-layout-flow wp-block-column-is-layout-flow\">\n<h2 class=\"h3 wp-block-heading\" id=\"the-challenge\">Die Herausfoderung<\/h2>\n\n\n\n<p>Geely Vremt hat Comau damit beauftragt, eine schnelle E-Antriebsmontagel\u00f6sung zu entwickeln, die die komplette End-to-End-Produktion von Elektromotoren, Getrieben und Wechselrichtern automatisiert. Geely wollte auch das allgemeine Automatisierungsniveau seines Werks sowie die Effizienz der Arbeitsabl\u00e4ufe verbessern. Und schlie\u00dflich sollte die L\u00f6sung die anspruchsvollen Qualit\u00e4tsvorgaben des Kunden auch bei einer Zielproduktionskapazit\u00e4t von \u00fcber 100.000 Auftr\u00e4gen pro Jahr erf\u00fcllen.<\/p>\n\n\n\n<p>Angesichts der besonderen Komplexit\u00e4t dieses Auftrags haben die Ingenieure von Comau und Geely w\u00e4hrend des gesamten Projekts eng zusammengearbeitet. Comau hat seine umfassende Erfahrung in der Montage von Antriebsstr\u00e4ngen in Verbindung mit hochmodernen Technologien und innovativen Konstruktionsl\u00f6sungen eingebracht, um die Anforderungen an die hohen Produktionsziele des Kunden zu erf\u00fcllen. Das gemeinsame Konstruktionsteam sah sich auch mit einmaligen technischen und prozessrelevanten Herausforderungen konfrontiert, darunter der optimierte Einbau des Magnetblocks sowie das Einpressen des Rotors und die zahlreichen Automatisierungsprobleme in Verbindung mit der schnellen Beladung und den Montage- und Testphasen.<\/p>\n<\/div>\n\n\n\n<div class=\"wp-block-column is-layout-flow wp-block-column-is-layout-flow\">\n<h2 class=\"h3 wp-block-heading\" id=\"the-solution\">Die L\u00f6sung<\/h2>\n\n\n\n<p>Die Montage der Rotoren des Permanentmagnetmotors wurde dank des Einsatzes verschiedener Roboter, einer automatischen Magnetisierung und Detektion sowie individueller Produktionsprozessl\u00f6sungen m\u00f6glich gemacht. Die Montagestra\u00dfe zeichnet sich durch 3D-Positionierungs- und F\u00fchrungssysteme, eine automatische Installation der Magneten mit hoher Geschwindigkeit, das automatische Einpressen der Rotorkerne, die automatische dynamische doppelte Unwuchtkorrektur, Magnetisierung und vieles mehr aus.&nbsp;<\/p>\n\n\n\n<p>Zur Automatisierung der Getriebeproduktionsstra\u00dfe nutzte Comau das Transfersystem TS2 von Bosch, ein flexibles Produktionssystem und mehrere Roboter f\u00fcr das automatische Abstapeln zus\u00e4tzlich zu den anderen wichtigen Prozessen. Die Online-Getriebepr\u00fcfung, die Kistler Servo-Pressen, die Wellenmontage und die Verpackungstechnologie sind ebenfalls vollst\u00e4ndig automatisiert worden. Der Innovationsgrad der Automatisierung und der Prozesse dieser Montagestra\u00dfe geh\u00f6rt zweifellos zu den Besten in der E-Antriebsgetriebeindustrie.<\/p>\n\n\n\n<p>Im letzten Teil der L\u00f6sung wird die Montage des Elektroantriebs basierend auf einem Roller-Tray automatisiert. Die komplette Montagestra\u00dfe umfasst fortschrittliche 3-in-1-Montagesysteme f\u00fcr Statorgeh\u00e4use, W\u00e4rmeschutzh\u00fcllen, statische Motortests, dynamische Motortests, automatisches Zuf\u00fchren und Einpressen von Lagern, automatisches Zuf\u00fchren und Anziehen von Bolzen sowie die automatische Messung und Auswahl von Dichtungen.<\/p>\n\n\n\n<p>Neben den vielen technischen Schwierigkeiten des Projekts musste das Deployment-Team auch die zahlreichen Herausforderungen in Bezug auf die COVID-19-Pandemie sowie die \u00c4nderungen zur Optimierung des Produkts nach der Lieferung meistern. Dank der schnellen und gezielten Antworten auf diese \u00c4nderungsanfragen nach der Lieferung konnte die Serienproduktion jedoch offiziell Ende 2021 gestartet werden.&nbsp;&nbsp;<\/p>\n<\/div>\n<\/div>\n\n\n\n<div class=\"wp-block-group wide-section-light-1 py-5 my-5\"><div class=\"wp-block-group__inner-container is-layout-flow wp-block-group-is-layout-flow\">\n<h2 class=\"h2 wp-block-heading\" id=\"the-results\">Das Ergebnis<\/h2>\n\n\n\n<p>Comau hat Geely eine leistungsf\u00e4hige Prozessl\u00f6sung geliefert, die eine h\u00f6here Qualit\u00e4t und einen verbesserten Durchsatz in weniger Zeit gew\u00e4hrleistet. Die erfolgreiche Lieferung dieses Projekts stellt f\u00fcr Geely eine konkrete Gelegenheit dar, von dem wachsenden Interesse an Elektrofahrzeugen zu profitieren. Ein Marktforschungsbericht von IHS Markit ergibt, dass Elektrofahrzeuge bis 2050 einen Anteil von bis zu 80 % aller Neuwagenk\u00e4ufe erreichen k\u00f6nnten. Dank der gesteigerten Automatisierungsrate und der verbesserten End-to-End-Produktionskapazit\u00e4ten ist das Werk von Geely Vremt jetzt in der Lage, die globale Nachfrage auf diesem Niveau zu erf\u00fcllen. Noch wichtiger ist jedoch, dass der Automobilhersteller w\u00e4hrend gesamten Projektlaufzeit auf den kontinuierlichen Support von Comau z\u00e4hlen kann.\u00a0<\/p>\n\n\n\n<p><\/p>\n\n\n\n<div class=\"wp-block-columns is-layout-flex wp-container-core-columns-is-layout-9d6595d7 wp-block-columns-is-layout-flex\">\n<div class=\"wp-block-column is-layout-flow wp-block-column-is-layout-flow\">\n<div class=\"wp-block-getwid-counter\"><div class=\"wp-block-getwid-counter__wrapper\" data-start=\"0\" data-end=\"2\" data-decimal-places=\"0\" data-duration=\"3\" data-use-easing=\"true\" data-use-grouping=\"true\" data-separator=\",\" data-decimal=\".\" data-easing-fn=\"outExpo\" data-numerals=\"default\"><p class=\"wp-block-getwid-counter__prefix\">x<\/p><span class=\"wp-block-getwid-counter__number\">0<\/span><\/div><\/div>\n\n\n\n<p>Automatisierungsrate der Werks<\/p>\n<\/div>\n\n\n\n<div class=\"wp-block-column is-layout-flow wp-block-column-is-layout-flow\">\n<div class=\"wp-block-getwid-counter\"><div class=\"wp-block-getwid-counter__wrapper\" data-start=\"0\" data-end=\"120\" data-decimal-places=\"0\" data-duration=\"3\" data-use-easing=\"true\" data-use-grouping=\"true\" data-separator=\",\" data-decimal=\".\" data-easing-fn=\"outExpo\" data-numerals=\"default\"><span class=\"wp-block-getwid-counter__number\">0<\/span><p class=\"wp-block-getwid-counter__suffix\">k<\/p><\/div><\/div>\n\n\n\n<p>Auftr\u00e4gen j\u00e4hrlich<\/p>\n<\/div>\n\n\n\n<div class=\"wp-block-column is-layout-flow wp-block-column-is-layout-flow\">\n<div class=\"wp-block-getwid-counter\"><div class=\"wp-block-getwid-counter__wrapper\" data-start=\"0\" data-end=\"360\" data-decimal-places=\"0\" data-duration=\"3\" data-use-easing=\"true\" data-use-grouping=\"true\" data-separator=\",\" data-decimal=\".\" data-easing-fn=\"outExpo\" data-numerals=\"default\"><span class=\"wp-block-getwid-counter__number\">0<\/span><p class=\"wp-block-getwid-counter__suffix\">Grad<\/p><\/div><\/div>\n\n\n\n<p>End-to-End-Montagel\u00f6sung mit hoher Geschwindigkeit<\/p>\n<\/div>\n<\/div>\n<\/div><\/div>\n","protected":false},"excerpt":{"rendered":"<p>Die weltweit steigende Nachfrage nach emissionsarmen Fahrzeugen zwingt Geely Automobile Holdings dazu, zunehmend innovative Produktionsstrategien zu entwickeln, die auf die spezifischen Anforderungen der Fertigung von Elektro- und Hybridfahrzeugen ausgerichtet sind. Um diese Zielsetzung zu erf\u00fcllen, musste die Geely Gruppe die Produktionskapazit\u00e4t ihrer hochwertigen Elektroantriebskomponenten steigern. Die Gruppe wandte sich an Comau, den Experten f\u00fcr industrielle [&hellip;]<\/p>\n","protected":false},"author":15,"featured_media":44837,"parent":41299,"menu_order":10,"comment_status":"closed","ping_status":"closed","template":"","meta":{"_acf_changed":false,"ep_exclude_from_search":false,"footnotes":""},"class_list":["post-44818","page","type-page","status-publish","has-post-thumbnail","hentry"],"acf":[],"yoast_head":"<!-- This site is optimized with the Yoast SEO plugin v26.9 - https:\/\/yoast.com\/product\/yoast-seo-wordpress\/ -->\n<title>Die Montagestrasse f\u00fcr Elektroantriebe von Comau verdoppelt die automatisierungsrate von Geely Vremt - Comau<\/title>\n<meta name=\"robots\" content=\"index, follow, max-snippet:-1, max-image-preview:large, max-video-preview:-1\" \/>\n<link rel=\"canonical\" href=\"https:\/\/www.comau.com\/de\/about-us\/success-stories\/die-montagestrasse-fuer-elektroantriebe-von-comau-verdoppelt-die-automatisierungsrate-von-geely-veremt\/\" \/>\n<meta property=\"og:locale\" content=\"de_DE\" \/>\n<meta property=\"og:type\" content=\"article\" \/>\n<meta property=\"og:title\" content=\"Die Montagestrasse f\u00fcr Elektroantriebe von Comau verdoppelt die automatisierungsrate von Geely Vremt - Comau\" \/>\n<meta property=\"og:description\" content=\"Die weltweit steigende Nachfrage nach emissionsarmen Fahrzeugen zwingt Geely Automobile Holdings dazu, zunehmend innovative Produktionsstrategien zu entwickeln, die auf die spezifischen Anforderungen der Fertigung von Elektro- und Hybridfahrzeugen ausgerichtet sind. Um diese Zielsetzung zu erf\u00fcllen, musste die Geely Gruppe die Produktionskapazit\u00e4t ihrer hochwertigen Elektroantriebskomponenten steigern. Die Gruppe wandte sich an Comau, den Experten f\u00fcr industrielle [&hellip;]\" \/>\n<meta property=\"og:url\" content=\"https:\/\/www.comau.com\/de\/about-us\/success-stories\/die-montagestrasse-fuer-elektroantriebe-von-comau-verdoppelt-die-automatisierungsrate-von-geely-veremt\/\" \/>\n<meta property=\"og:site_name\" content=\"Comau\" \/>\n<meta property=\"article:publisher\" content=\"https:\/\/www.facebook.com\/COMAU\/\" \/>\n<meta property=\"article:modified_time\" content=\"2023-05-31T08:13:58+00:00\" \/>\n<meta property=\"og:image\" content=\"https:\/\/www.comau.com\/wp-content\/uploads\/2022\/04\/Comau_Geely-Veremt_electric-drive-assembly_HERO-scaled.jpg\" \/>\n\t<meta property=\"og:image:width\" content=\"2560\" \/>\n\t<meta property=\"og:image:height\" content=\"794\" \/>\n\t<meta property=\"og:image:type\" content=\"image\/jpeg\" \/>\n<meta name=\"twitter:card\" content=\"summary_large_image\" \/>\n<meta name=\"twitter:site\" content=\"@comaugroup\" \/>\n<meta name=\"twitter:label1\" content=\"Gesch\u00e4tzte Lesezeit\" \/>\n\t<meta name=\"twitter:data1\" content=\"4\u00a0Minuten\" \/>\n<script type=\"application\/ld+json\" class=\"yoast-schema-graph\">{\"@context\":\"https:\/\/schema.org\",\"@graph\":[{\"@type\":\"WebPage\",\"@id\":\"https:\/\/www.comau.com\/de\/about-us\/success-stories\/die-montagestrasse-fuer-elektroantriebe-von-comau-verdoppelt-die-automatisierungsrate-von-geely-veremt\/\",\"url\":\"https:\/\/www.comau.com\/de\/about-us\/success-stories\/die-montagestrasse-fuer-elektroantriebe-von-comau-verdoppelt-die-automatisierungsrate-von-geely-veremt\/\",\"name\":\"Die Montagestrasse f\u00fcr Elektroantriebe von Comau verdoppelt die automatisierungsrate von Geely Vremt - Comau\",\"isPartOf\":{\"@id\":\"https:\/\/www.comau.com\/de\/#website\"},\"primaryImageOfPage\":{\"@id\":\"https:\/\/www.comau.com\/de\/about-us\/success-stories\/die-montagestrasse-fuer-elektroantriebe-von-comau-verdoppelt-die-automatisierungsrate-von-geely-veremt\/#primaryimage\"},\"image\":{\"@id\":\"https:\/\/www.comau.com\/de\/about-us\/success-stories\/die-montagestrasse-fuer-elektroantriebe-von-comau-verdoppelt-die-automatisierungsrate-von-geely-veremt\/#primaryimage\"},\"thumbnailUrl\":\"https:\/\/www.comau.com\/wp-content\/uploads\/2022\/04\/Comau_Geely-Veremt_electric-drive-assembly_HERO-scaled.jpg\",\"datePublished\":\"2022-04-11T12:56:27+00:00\",\"dateModified\":\"2023-05-31T08:13:58+00:00\",\"breadcrumb\":{\"@id\":\"https:\/\/www.comau.com\/de\/about-us\/success-stories\/die-montagestrasse-fuer-elektroantriebe-von-comau-verdoppelt-die-automatisierungsrate-von-geely-veremt\/#breadcrumb\"},\"inLanguage\":\"de\",\"potentialAction\":[{\"@type\":\"ReadAction\",\"target\":[\"https:\/\/www.comau.com\/de\/about-us\/success-stories\/die-montagestrasse-fuer-elektroantriebe-von-comau-verdoppelt-die-automatisierungsrate-von-geely-veremt\/\"]}]},{\"@type\":\"ImageObject\",\"inLanguage\":\"de\",\"@id\":\"https:\/\/www.comau.com\/de\/about-us\/success-stories\/die-montagestrasse-fuer-elektroantriebe-von-comau-verdoppelt-die-automatisierungsrate-von-geely-veremt\/#primaryimage\",\"url\":\"https:\/\/www.comau.com\/wp-content\/uploads\/2022\/04\/Comau_Geely-Veremt_electric-drive-assembly_HERO-scaled.jpg\",\"contentUrl\":\"https:\/\/www.comau.com\/wp-content\/uploads\/2022\/04\/Comau_Geely-Veremt_electric-drive-assembly_HERO-scaled.jpg\",\"width\":2560,\"height\":794},{\"@type\":\"BreadcrumbList\",\"@id\":\"https:\/\/www.comau.com\/de\/about-us\/success-stories\/die-montagestrasse-fuer-elektroantriebe-von-comau-verdoppelt-die-automatisierungsrate-von-geely-veremt\/#breadcrumb\",\"itemListElement\":[{\"@type\":\"ListItem\",\"position\":1,\"name\":\"Home\",\"item\":\"https:\/\/www.comau.com\/de\/\"},{\"@type\":\"ListItem\",\"position\":2,\"name\":\"\u00dcber Comau\",\"item\":\"https:\/\/www.comau.com\/de\/about-us\/\"},{\"@type\":\"ListItem\",\"position\":3,\"name\":\"Erfolgsgeschichten\",\"item\":\"https:\/\/www.comau.com\/de\/about-us\/success-stories\/\"},{\"@type\":\"ListItem\",\"position\":4,\"name\":\"Die Montagestrasse f\u00fcr Elektroantriebe von Comau verdoppelt die automatisierungsrate von Geely Vremt\"}]},{\"@type\":\"WebSite\",\"@id\":\"https:\/\/www.comau.com\/de\/#website\",\"url\":\"https:\/\/www.comau.com\/de\/\",\"name\":\"Comau\",\"description\":\"Industrial automation and robotics\",\"publisher\":{\"@id\":\"https:\/\/www.comau.com\/de\/#organization\"},\"potentialAction\":[{\"@type\":\"SearchAction\",\"target\":{\"@type\":\"EntryPoint\",\"urlTemplate\":\"https:\/\/www.comau.com\/de\/?s={search_term_string}\"},\"query-input\":{\"@type\":\"PropertyValueSpecification\",\"valueRequired\":true,\"valueName\":\"search_term_string\"}}],\"inLanguage\":\"de\"},{\"@type\":\"Organization\",\"@id\":\"https:\/\/www.comau.com\/de\/#organization\",\"name\":\"Comau\",\"url\":\"https:\/\/www.comau.com\/de\/\",\"logo\":{\"@type\":\"ImageObject\",\"inLanguage\":\"de\",\"@id\":\"https:\/\/www.comau.com\/de\/#\/schema\/logo\/image\/\",\"url\":\"https:\/\/www.comau.com\/wp-content\/uploads\/2024\/07\/cropped-Logo-COMAU.png\",\"contentUrl\":\"https:\/\/www.comau.com\/wp-content\/uploads\/2024\/07\/cropped-Logo-COMAU.png\",\"width\":434,\"height\":434,\"caption\":\"Comau\"},\"image\":{\"@id\":\"https:\/\/www.comau.com\/de\/#\/schema\/logo\/image\/\"},\"sameAs\":[\"https:\/\/www.facebook.com\/COMAU\/\",\"https:\/\/x.com\/comaugroup\",\"https:\/\/www.instagram.com\/comaugroup\/\",\"https:\/\/www.linkedin.com\/company\/comau\",\"https:\/\/www.youtube.com\/user\/comau\"]}]}<\/script>\n<!-- \/ Yoast SEO plugin. -->","yoast_head_json":{"title":"Die Montagestrasse f\u00fcr Elektroantriebe von Comau verdoppelt die automatisierungsrate von Geely Vremt - Comau","robots":{"index":"index","follow":"follow","max-snippet":"max-snippet:-1","max-image-preview":"max-image-preview:large","max-video-preview":"max-video-preview:-1"},"canonical":"https:\/\/www.comau.com\/de\/about-us\/success-stories\/die-montagestrasse-fuer-elektroantriebe-von-comau-verdoppelt-die-automatisierungsrate-von-geely-veremt\/","og_locale":"de_DE","og_type":"article","og_title":"Die Montagestrasse f\u00fcr Elektroantriebe von Comau verdoppelt die automatisierungsrate von Geely Vremt - Comau","og_description":"Die weltweit steigende Nachfrage nach emissionsarmen Fahrzeugen zwingt Geely Automobile Holdings dazu, zunehmend innovative Produktionsstrategien zu entwickeln, die auf die spezifischen Anforderungen der Fertigung von Elektro- und Hybridfahrzeugen ausgerichtet sind. Um diese Zielsetzung zu erf\u00fcllen, musste die Geely Gruppe die Produktionskapazit\u00e4t ihrer hochwertigen Elektroantriebskomponenten steigern. Die Gruppe wandte sich an Comau, den Experten f\u00fcr industrielle [&hellip;]","og_url":"https:\/\/www.comau.com\/de\/about-us\/success-stories\/die-montagestrasse-fuer-elektroantriebe-von-comau-verdoppelt-die-automatisierungsrate-von-geely-veremt\/","og_site_name":"Comau","article_publisher":"https:\/\/www.facebook.com\/COMAU\/","article_modified_time":"2023-05-31T08:13:58+00:00","og_image":[{"width":2560,"height":794,"url":"https:\/\/www.comau.com\/wp-content\/uploads\/2022\/04\/Comau_Geely-Veremt_electric-drive-assembly_HERO-scaled.jpg","type":"image\/jpeg"}],"twitter_card":"summary_large_image","twitter_site":"@comaugroup","twitter_misc":{"Gesch\u00e4tzte Lesezeit":"4\u00a0Minuten"},"schema":{"@context":"https:\/\/schema.org","@graph":[{"@type":"WebPage","@id":"https:\/\/www.comau.com\/de\/about-us\/success-stories\/die-montagestrasse-fuer-elektroantriebe-von-comau-verdoppelt-die-automatisierungsrate-von-geely-veremt\/","url":"https:\/\/www.comau.com\/de\/about-us\/success-stories\/die-montagestrasse-fuer-elektroantriebe-von-comau-verdoppelt-die-automatisierungsrate-von-geely-veremt\/","name":"Die Montagestrasse f\u00fcr Elektroantriebe von Comau verdoppelt die automatisierungsrate von Geely Vremt - Comau","isPartOf":{"@id":"https:\/\/www.comau.com\/de\/#website"},"primaryImageOfPage":{"@id":"https:\/\/www.comau.com\/de\/about-us\/success-stories\/die-montagestrasse-fuer-elektroantriebe-von-comau-verdoppelt-die-automatisierungsrate-von-geely-veremt\/#primaryimage"},"image":{"@id":"https:\/\/www.comau.com\/de\/about-us\/success-stories\/die-montagestrasse-fuer-elektroantriebe-von-comau-verdoppelt-die-automatisierungsrate-von-geely-veremt\/#primaryimage"},"thumbnailUrl":"https:\/\/www.comau.com\/wp-content\/uploads\/2022\/04\/Comau_Geely-Veremt_electric-drive-assembly_HERO-scaled.jpg","datePublished":"2022-04-11T12:56:27+00:00","dateModified":"2023-05-31T08:13:58+00:00","breadcrumb":{"@id":"https:\/\/www.comau.com\/de\/about-us\/success-stories\/die-montagestrasse-fuer-elektroantriebe-von-comau-verdoppelt-die-automatisierungsrate-von-geely-veremt\/#breadcrumb"},"inLanguage":"de","potentialAction":[{"@type":"ReadAction","target":["https:\/\/www.comau.com\/de\/about-us\/success-stories\/die-montagestrasse-fuer-elektroantriebe-von-comau-verdoppelt-die-automatisierungsrate-von-geely-veremt\/"]}]},{"@type":"ImageObject","inLanguage":"de","@id":"https:\/\/www.comau.com\/de\/about-us\/success-stories\/die-montagestrasse-fuer-elektroantriebe-von-comau-verdoppelt-die-automatisierungsrate-von-geely-veremt\/#primaryimage","url":"https:\/\/www.comau.com\/wp-content\/uploads\/2022\/04\/Comau_Geely-Veremt_electric-drive-assembly_HERO-scaled.jpg","contentUrl":"https:\/\/www.comau.com\/wp-content\/uploads\/2022\/04\/Comau_Geely-Veremt_electric-drive-assembly_HERO-scaled.jpg","width":2560,"height":794},{"@type":"BreadcrumbList","@id":"https:\/\/www.comau.com\/de\/about-us\/success-stories\/die-montagestrasse-fuer-elektroantriebe-von-comau-verdoppelt-die-automatisierungsrate-von-geely-veremt\/#breadcrumb","itemListElement":[{"@type":"ListItem","position":1,"name":"Home","item":"https:\/\/www.comau.com\/de\/"},{"@type":"ListItem","position":2,"name":"\u00dcber Comau","item":"https:\/\/www.comau.com\/de\/about-us\/"},{"@type":"ListItem","position":3,"name":"Erfolgsgeschichten","item":"https:\/\/www.comau.com\/de\/about-us\/success-stories\/"},{"@type":"ListItem","position":4,"name":"Die Montagestrasse f\u00fcr Elektroantriebe von Comau verdoppelt die automatisierungsrate von Geely Vremt"}]},{"@type":"WebSite","@id":"https:\/\/www.comau.com\/de\/#website","url":"https:\/\/www.comau.com\/de\/","name":"Comau","description":"Industrial automation and robotics","publisher":{"@id":"https:\/\/www.comau.com\/de\/#organization"},"potentialAction":[{"@type":"SearchAction","target":{"@type":"EntryPoint","urlTemplate":"https:\/\/www.comau.com\/de\/?s={search_term_string}"},"query-input":{"@type":"PropertyValueSpecification","valueRequired":true,"valueName":"search_term_string"}}],"inLanguage":"de"},{"@type":"Organization","@id":"https:\/\/www.comau.com\/de\/#organization","name":"Comau","url":"https:\/\/www.comau.com\/de\/","logo":{"@type":"ImageObject","inLanguage":"de","@id":"https:\/\/www.comau.com\/de\/#\/schema\/logo\/image\/","url":"https:\/\/www.comau.com\/wp-content\/uploads\/2024\/07\/cropped-Logo-COMAU.png","contentUrl":"https:\/\/www.comau.com\/wp-content\/uploads\/2024\/07\/cropped-Logo-COMAU.png","width":434,"height":434,"caption":"Comau"},"image":{"@id":"https:\/\/www.comau.com\/de\/#\/schema\/logo\/image\/"},"sameAs":["https:\/\/www.facebook.com\/COMAU\/","https:\/\/x.com\/comaugroup","https:\/\/www.instagram.com\/comaugroup\/","https:\/\/www.linkedin.com\/company\/comau","https:\/\/www.youtube.com\/user\/comau"]}]}},"_links":{"self":[{"href":"https:\/\/www.comau.com\/de\/wp-json\/wp\/v2\/pages\/44818","targetHints":{"allow":["GET"]}}],"collection":[{"href":"https:\/\/www.comau.com\/de\/wp-json\/wp\/v2\/pages"}],"about":[{"href":"https:\/\/www.comau.com\/de\/wp-json\/wp\/v2\/types\/page"}],"author":[{"embeddable":true,"href":"https:\/\/www.comau.com\/de\/wp-json\/wp\/v2\/users\/15"}],"replies":[{"embeddable":true,"href":"https:\/\/www.comau.com\/de\/wp-json\/wp\/v2\/comments?post=44818"}],"version-history":[{"count":9,"href":"https:\/\/www.comau.com\/de\/wp-json\/wp\/v2\/pages\/44818\/revisions"}],"predecessor-version":[{"id":54084,"href":"https:\/\/www.comau.com\/de\/wp-json\/wp\/v2\/pages\/44818\/revisions\/54084"}],"up":[{"embeddable":true,"href":"https:\/\/www.comau.com\/de\/wp-json\/wp\/v2\/pages\/41299"}],"wp:featuredmedia":[{"embeddable":true,"href":"https:\/\/www.comau.com\/de\/wp-json\/wp\/v2\/media\/44837"}],"wp:attachment":[{"href":"https:\/\/www.comau.com\/de\/wp-json\/wp\/v2\/media?parent=44818"}],"curies":[{"name":"wp","href":"https:\/\/api.w.org\/{rel}","templated":true}]}}