{"id":44380,"date":"2022-04-01T09:55:32","date_gmt":"2022-04-01T07:55:32","guid":{"rendered":"https:\/\/www.comau.com\/?page_id=44380"},"modified":"2022-04-05T10:38:17","modified_gmt":"2022-04-05T08:38:17","slug":"c5g-plus","status":"publish","type":"page","link":"https:\/\/www.comau.com\/de\/competencies\/products-solutions\/controls-auxiliary-equipment\/c5g-plus\/","title":{"rendered":"C5G Plus"},"content":{"rendered":"\n<h2 class=\"wp-block-heading\">Alle Ihre Bed\u00fcrfnisse erf\u00fcllt<\/h2>\n\n\n\n<p>Hohe Rechenleistung, modulares System zur Antriebssteuerung, E\/A und Feldbus, ergonomischer Freiraum zur Integration von Anwendungsfunktionen, kompakte Abmessungen. Alle Ihre Bed\u00fcrfnisse erf\u00fcllt.<\/p>\n\n\n\n<div class=\"wp-block-image\"><figure class=\"aligncenter size-large is-resized\"><img decoding=\"async\" src=\"https:\/\/www.comau.com\/wp-content\/uploads\/2022\/04\/C5G-Plus-816x1024.jpg\" alt=\"\" class=\"wp-image-44399\" width=\"408\" height=\"512\" srcset=\"https:\/\/www.comau.com\/wp-content\/uploads\/2022\/04\/C5G-Plus-816x1024.jpg 816w, https:\/\/www.comau.com\/wp-content\/uploads\/2022\/04\/C5G-Plus-239x300.jpg 239w, https:\/\/www.comau.com\/wp-content\/uploads\/2022\/04\/C5G-Plus-768x964.jpg 768w, https:\/\/www.comau.com\/wp-content\/uploads\/2022\/04\/C5G-Plus-1224x1536.jpg 1224w, https:\/\/www.comau.com\/wp-content\/uploads\/2022\/04\/C5G-Plus.jpg 1253w\" sizes=\"(max-width: 408px) 100vw, 408px\" \/><\/figure><\/div>\n\n\n\n<h2 class=\"wp-block-heading\">Hohe Verarbeitungsleistung<\/h2>\n\n\n\n<p>CG5 nutzt die neueste Generation von APC820-Industrie-PCs mit Core2 Duo-Technologie und bietet dadurch hohe Leistung bei niedrigem Energieverbrauch.<\/p>\n\n\n\n<h2 class=\"wp-block-heading\">Energieeinsparung<\/h2>\n\n\n\n<ul class=\"wp-block-list\"><li>Minimale Leistungsaufnahme im Bereitschaftsmodus; geringe Leistungsaufnahme im Betrieb<\/li><li>K\u00fchlsystem proportional zum Betrieb der Steuereinheit<\/li><li>Energienetz-Wiederherstellungssystem mit hochdynamischem Programminhalt<\/li><\/ul>\n\n\n\n<h2 class=\"wp-block-heading\">Flexibilit\u00e4t und Zuverl\u00e4ssigkeit<\/h2>\n\n\n\n<p>Diese Feldbusse der neuen Generation basieren auf der Hilscher-Technologie, die von B&amp;R in die Remote I\/O X20-Familie integriert wurde und eine flexible und zuverl\u00e4ssige Schnittstelle f\u00fcr jede kundenspezifische Anwendung gew\u00e4hrleistet. Erh\u00e4ltlich sind modulare Schnittstellen wie Digital-E\/A und Analog-E\/A f\u00fcr unterschiedlichste Positionsgeber, Resolver usw.<\/p>\n\n\n\n<h2 class=\"wp-block-heading\">RobotSAFE<\/h2>\n\n\n\n<p>Sichere Robotersteuerungsmodelle erlauben eine sicherheitsbewertete Kontrolle der Roboterbewegung (Gelenk- oder Cartesian-Modus) und -geschwindigkeit mittels Sensoren, was Vorteile wie kleinere Layouts und Wegfall physischer Z\u00e4une bietet. Wir gew\u00e4hrleisten die Sicherheit Ihrer Automatikzelle ohne Einbu\u00dfen bei der Produktivit\u00e4t.<\/p>\n\n\n\n<h2 class=\"wp-block-heading\">Modularit\u00e4t \/ Erweiterbarkeit<\/h2>\n\n\n\n<p>Modulares System f\u00fcr Antriebe mit bis zu 13 Achsen im Basisgeh\u00e4use je nach Leistung und Robotermodell.<\/p>\n\n\n\n<h2 class=\"wp-block-heading\">Gleichzeitige Verwaltung mehrerer Roboter<\/h2>\n\n\n\n<p>Hardware-Architektur zur Verwaltung von bis zu 16 Achsen in einer \u201eMulti-Arm\u201d-Konfiguration mit Anwendungsbox.<\/p>\n\n\n\n<h2 class=\"wp-block-heading\">Geh\u00e4use und Kabel <\/h2>\n\n\n\n<ul class=\"wp-block-list\"><li>Hohe Rechenleistung dank Dual-Core-Architektur<\/li><li>Modulares System f\u00fcr Antriebseinheiten sowie E\/A und Feldbus<\/li><li>Ergonomischer Freiraum zur Integration von Anwendungsfunktionen<\/li><li>Energie sparendes System<\/li><li>Auch als abgesicherte Version erh\u00e4ltlich<\/li><li>Auch als Open Controller-Version erh\u00e4ltlich<\/li><\/ul>\n\n\n\n<h2 class=\"wp-block-heading\">Wesentliche technische Daten<\/h2>\n\n\n\n<ul class=\"wp-block-list\"><li>Abmessungen 800 x 500 x 1100 mm<\/li><li>Betriebstemperatur: 5 bis 45\u00b0C (5 bis 55\u00b0C mit K\u00fchler)<\/li><li>Feuchte: 90 % max., ohne Kondensation<\/li><li>Erweiterter Leistungsbereich: 400-500 V<\/li><\/ul>\n\n\n\n<h2 class=\"wp-block-heading\">Technische Eigenschaften<\/h2>\n\n\n\n<figure class=\"wp-block-table is-style-stripes\"><table class=\"has-fixed-layout\"><tbody><tr><td><strong>Dimensions<\/strong><\/td><td class=\"has-text-align-center\" data-align=\"center\"><br><\/td><\/tr><tr><td>Height x Width x Depth (standard version without options)<\/td><td class=\"has-text-align-center\" data-align=\"center\">1110 x 800 x 510 mm<br>43.31x 31.50 x 20.08 in<\/td><\/tr><tr><td><strong>Weight<\/strong><\/td><td class=\"has-text-align-center\" data-align=\"center\"><\/td><\/tr><tr><td>Control Unit (standard version) <br>The indicated weight is for Control Unit of Size 3; it may differ slightly depending on the configuration. Always refer to the nameplate posted on the Control Unit<\/td><td class=\"has-text-align-center\" data-align=\"center\">109 kg \/ 240.30 lb without packaging<\/td><\/tr><tr><td><strong>Power Supply Data<\/strong><\/td><td class=\"has-text-align-center\" data-align=\"center\"><\/td><\/tr><tr><td>Power supply voltage<\/td><td class=\"has-text-align-center\" data-align=\"center\">From 400 Vac to 480 Vac \u00b1 10% <\/td><\/tr><tr><td>Frequency<\/td><td class=\"has-text-align-center\" data-align=\"center\">50 to 60 Hz (\u00b12 Hz)<\/td><\/tr><tr><td>Main switch breaking capacity<\/td><td class=\"has-text-align-center\" data-align=\"center\">7.5 kA to 400 V<\/td><\/tr><tr><td>Power installed<\/td><td class=\"has-text-align-center\" data-align=\"center\">from 4 kVA to 12 kVA<\/td><\/tr><tr><td>Auxiliary circuits voltage<\/td><td class=\"has-text-align-center\" data-align=\"center\">24 Vdc<\/td><\/tr><\/tbody><\/table><\/figure>\n\n\n\n<figure class=\"wp-block-table is-style-stripes\"><table class=\"has-fixed-layout\"><tbody><tr><td><strong>Environmental conditions<\/strong><\/td><td class=\"has-text-align-center\" data-align=\"center\"><\/td><\/tr><tr><td>Cabinet protection (rear compartment disabled)<\/td><td class=\"has-text-align-center\" data-align=\"center\">IP 54<\/td><\/tr><tr><td>Rear compartment protection<\/td><td class=\"has-text-align-center\" data-align=\"center\">IP 2x<\/td><\/tr><tr><td>Room temperature with standard ventilation system<\/td><td class=\"has-text-align-center\" data-align=\"center\">from +5 \u00b0C to +45 \u00b0C*<br>from +41 \u00b0F to 113 \u00b0F<\/td><\/tr><tr><td>Room temperature with air conditioner option<\/td><td class=\"has-text-align-center\" data-align=\"center\">from +5 \u00b0C to +55 \u00b0C *\u00b2<br>from +41 \u00b0F to 131 \u00b0F<\/td><\/tr><tr><td>Environment storage temperature<\/td><td class=\"has-text-align-center\" data-align=\"center\">from -25 \u00b0C to +55 \u00b0C<br>from -13 \u00b0F to 131 \u00b0F<br>+70 \u00b0C \/ 158 \u00b0F for periods shorter than one hour.<\/td><\/tr><tr><td>Maximum temperature gradient<\/td><td class=\"has-text-align-center\" data-align=\"center\">1,5 \u00b0C\/minute<br>2,7 \u00b0F\/minute<\/td><\/tr><tr><td>Relative humidity<br>(according to standard EN 60204-1 \u00a7 4.4.4, test conditions HD 323.2.3.<br>S2)<\/td><td class=\"has-text-align-center\" data-align=\"center\">from 5% to 95% without condensate<\/td><\/tr><tr><td>Altitude of the installation site<br>(according to standard EN 60204-1 \u00a7 4.4.5)<\/td><td class=\"has-text-align-center\" data-align=\"center\">from 0 to 1.000 m \/ 0 to 3280 ft<br>above sea level<\/td><\/tr><\/tbody><\/table><\/figure>\n\n\n\n<figure class=\"wp-block-table is-style-stripes\"><table class=\"has-fixed-layout\"><tbody><tr><td><strong>Controllable axes<\/strong><\/td><td class=\"has-text-align-center\" data-align=\"center\"><\/td><\/tr><tr><td>Total of the system<\/td><td class=\"has-text-align-center\" data-align=\"center\">up to 15 axes<\/td><\/tr><tr><td>With Robosafe functionality*\u00b2<\/td><td class=\"has-text-align-center\" data-align=\"center\">up to 7 axes (6 axes of the Robot + 1 additional<br>axis)<\/td><\/tr><tr><td><strong>Vibrations and shocks during transportation<\/strong><\/td><td class=\"has-text-align-center\" data-align=\"center\"><\/td><\/tr><tr><td>Sinusoidal vibration<br>(according to standard EN 60068-2-64)<\/td><td class=\"has-text-align-center\" data-align=\"center\">Frequency 10 &#8211; 250 Hz<br>0.6 g rms axis Z acceleration<br>0.2 g rms axes X-Y acceleration<\/td><\/tr><\/tbody><\/table><\/figure>\n\n\n\n<figure class=\"wp-block-table is-style-stripes\"><table class=\"has-fixed-layout\"><tbody><tr><td><strong>Colour<\/strong><\/td><td class=\"has-text-align-right\" data-align=\"right\"><\/td><\/tr><tr><td>Cabinet body, varnished parts<\/td><td class=\"has-text-align-right\" data-align=\"right\">RAL 7024<\/td><\/tr><\/tbody><\/table><\/figure>\n","protected":false},"excerpt":{"rendered":"<p>Alle Ihre Bed\u00fcrfnisse erf\u00fcllt Hohe Rechenleistung, modulares System zur Antriebssteuerung, E\/A und Feldbus, ergonomischer Freiraum zur Integration von Anwendungsfunktionen, kompakte Abmessungen. Alle Ihre Bed\u00fcrfnisse erf\u00fcllt. Hohe Verarbeitungsleistung CG5 nutzt die neueste Generation von APC820-Industrie-PCs mit Core2 Duo-Technologie und bietet dadurch hohe Leistung bei niedrigem Energieverbrauch. Energieeinsparung Minimale Leistungsaufnahme im Bereitschaftsmodus; geringe Leistungsaufnahme im Betrieb K\u00fchlsystem [&hellip;]<\/p>\n","protected":false},"author":7,"featured_media":44393,"parent":5977,"menu_order":1,"comment_status":"closed","ping_status":"closed","template":"","meta":{"_acf_changed":false,"ep_exclude_from_search":false,"footnotes":""},"class_list":["post-44380","page","type-page","status-publish","has-post-thumbnail","hentry"],"acf":[],"yoast_head":"<!-- This site is optimized with the Yoast SEO plugin v26.9 - https:\/\/yoast.com\/product\/yoast-seo-wordpress\/ -->\n<title>Robotersteuerung &amp; Control | Comau<\/title>\n<meta name=\"description\" content=\"Hohe Rechenleistung, modulare Systeme zur Antriebssteuerung und Freiraum zur Integration: entdecken Sie unser Steuerger\u00e4t f\u00fcr Roboter und Auomatisiertung.\" \/>\n<meta name=\"robots\" content=\"index, follow, max-snippet:-1, max-image-preview:large, max-video-preview:-1\" \/>\n<link rel=\"canonical\" href=\"https:\/\/www.comau.com\/de\/competencies\/products-solutions\/controls-auxiliary-equipment\/c5g-plus\/\" \/>\n<meta property=\"og:locale\" content=\"de_DE\" \/>\n<meta property=\"og:type\" content=\"article\" \/>\n<meta property=\"og:title\" content=\"Robotersteuerung &amp; Control | Comau\" \/>\n<meta property=\"og:description\" content=\"Hohe Rechenleistung, modulare Systeme zur Antriebssteuerung und Freiraum zur Integration: entdecken Sie unser Steuerger\u00e4t f\u00fcr Roboter und Auomatisiertung.\" \/>\n<meta property=\"og:url\" content=\"https:\/\/www.comau.com\/de\/competencies\/products-solutions\/controls-auxiliary-equipment\/c5g-plus\/\" \/>\n<meta property=\"og:site_name\" content=\"Comau\" \/>\n<meta property=\"article:publisher\" content=\"https:\/\/www.facebook.com\/COMAU\/\" \/>\n<meta property=\"article:modified_time\" content=\"2022-04-05T08:38:17+00:00\" \/>\n<meta property=\"og:image\" content=\"https:\/\/www.comau.com\/wp-content\/uploads\/2022\/04\/CG5plus_header.jpg\" \/>\n\t<meta property=\"og:image:width\" content=\"1280\" \/>\n\t<meta property=\"og:image:height\" content=\"485\" \/>\n\t<meta property=\"og:image:type\" content=\"image\/jpeg\" \/>\n<meta name=\"twitter:card\" content=\"summary_large_image\" \/>\n<meta name=\"twitter:site\" content=\"@comaugroup\" \/>\n<meta name=\"twitter:label1\" content=\"Gesch\u00e4tzte Lesezeit\" \/>\n\t<meta name=\"twitter:data1\" content=\"3\u00a0Minuten\" \/>\n<script type=\"application\/ld+json\" class=\"yoast-schema-graph\">{\"@context\":\"https:\/\/schema.org\",\"@graph\":[{\"@type\":\"WebPage\",\"@id\":\"https:\/\/www.comau.com\/de\/competencies\/products-solutions\/controls-auxiliary-equipment\/c5g-plus\/\",\"url\":\"https:\/\/www.comau.com\/de\/competencies\/products-solutions\/controls-auxiliary-equipment\/c5g-plus\/\",\"name\":\"Robotersteuerung & Control | Comau\",\"isPartOf\":{\"@id\":\"https:\/\/www.comau.com\/de\/#website\"},\"primaryImageOfPage\":{\"@id\":\"https:\/\/www.comau.com\/de\/competencies\/products-solutions\/controls-auxiliary-equipment\/c5g-plus\/#primaryimage\"},\"image\":{\"@id\":\"https:\/\/www.comau.com\/de\/competencies\/products-solutions\/controls-auxiliary-equipment\/c5g-plus\/#primaryimage\"},\"thumbnailUrl\":\"https:\/\/www.comau.com\/wp-content\/uploads\/2022\/04\/CG5plus_header.jpg\",\"datePublished\":\"2022-04-01T07:55:32+00:00\",\"dateModified\":\"2022-04-05T08:38:17+00:00\",\"description\":\"Hohe Rechenleistung, modulare Systeme zur Antriebssteuerung und Freiraum zur Integration: entdecken Sie unser Steuerger\u00e4t f\u00fcr Roboter und Auomatisiertung.\",\"breadcrumb\":{\"@id\":\"https:\/\/www.comau.com\/de\/competencies\/products-solutions\/controls-auxiliary-equipment\/c5g-plus\/#breadcrumb\"},\"inLanguage\":\"de\",\"potentialAction\":[{\"@type\":\"ReadAction\",\"target\":[\"https:\/\/www.comau.com\/de\/competencies\/products-solutions\/controls-auxiliary-equipment\/c5g-plus\/\"]}]},{\"@type\":\"ImageObject\",\"inLanguage\":\"de\",\"@id\":\"https:\/\/www.comau.com\/de\/competencies\/products-solutions\/controls-auxiliary-equipment\/c5g-plus\/#primaryimage\",\"url\":\"https:\/\/www.comau.com\/wp-content\/uploads\/2022\/04\/CG5plus_header.jpg\",\"contentUrl\":\"https:\/\/www.comau.com\/wp-content\/uploads\/2022\/04\/CG5plus_header.jpg\",\"width\":1280,\"height\":485},{\"@type\":\"BreadcrumbList\",\"@id\":\"https:\/\/www.comau.com\/de\/competencies\/products-solutions\/controls-auxiliary-equipment\/c5g-plus\/#breadcrumb\",\"itemListElement\":[{\"@type\":\"ListItem\",\"position\":1,\"name\":\"Home\",\"item\":\"https:\/\/www.comau.com\/de\/\"},{\"@type\":\"ListItem\",\"position\":2,\"name\":\"Unsere Kompetenzen\",\"item\":\"https:\/\/www.comau.com\/de\/competencies\/\"},{\"@type\":\"ListItem\",\"position\":3,\"name\":\"Robotics &amp; Automation\",\"item\":\"https:\/\/www.comau.com\/de\/competencies\/robotics-automation\/\"},{\"@type\":\"ListItem\",\"position\":4,\"name\":\"Steuerung und Zusatzausr\u00fcstung\",\"item\":\"https:\/\/www.comau.com\/de\/competencies\/robotics-automation\/controls-auxiliary-equipment\/\"},{\"@type\":\"ListItem\",\"position\":5,\"name\":\"C5G Plus\"}]},{\"@type\":\"WebSite\",\"@id\":\"https:\/\/www.comau.com\/de\/#website\",\"url\":\"https:\/\/www.comau.com\/de\/\",\"name\":\"Comau\",\"description\":\"Industrial automation and robotics\",\"publisher\":{\"@id\":\"https:\/\/www.comau.com\/de\/#organization\"},\"potentialAction\":[{\"@type\":\"SearchAction\",\"target\":{\"@type\":\"EntryPoint\",\"urlTemplate\":\"https:\/\/www.comau.com\/de\/?s={search_term_string}\"},\"query-input\":{\"@type\":\"PropertyValueSpecification\",\"valueRequired\":true,\"valueName\":\"search_term_string\"}}],\"inLanguage\":\"de\"},{\"@type\":\"Organization\",\"@id\":\"https:\/\/www.comau.com\/de\/#organization\",\"name\":\"Comau\",\"url\":\"https:\/\/www.comau.com\/de\/\",\"logo\":{\"@type\":\"ImageObject\",\"inLanguage\":\"de\",\"@id\":\"https:\/\/www.comau.com\/de\/#\/schema\/logo\/image\/\",\"url\":\"https:\/\/www.comau.com\/wp-content\/uploads\/2024\/07\/cropped-Logo-COMAU.png\",\"contentUrl\":\"https:\/\/www.comau.com\/wp-content\/uploads\/2024\/07\/cropped-Logo-COMAU.png\",\"width\":434,\"height\":434,\"caption\":\"Comau\"},\"image\":{\"@id\":\"https:\/\/www.comau.com\/de\/#\/schema\/logo\/image\/\"},\"sameAs\":[\"https:\/\/www.facebook.com\/COMAU\/\",\"https:\/\/x.com\/comaugroup\",\"https:\/\/www.instagram.com\/comaugroup\/\",\"https:\/\/www.linkedin.com\/company\/comau\",\"https:\/\/www.youtube.com\/user\/comau\"]}]}<\/script>\n<!-- \/ Yoast SEO plugin. -->","yoast_head_json":{"title":"Robotersteuerung & Control | Comau","description":"Hohe Rechenleistung, modulare Systeme zur Antriebssteuerung und Freiraum zur Integration: entdecken Sie unser Steuerger\u00e4t f\u00fcr Roboter und Auomatisiertung.","robots":{"index":"index","follow":"follow","max-snippet":"max-snippet:-1","max-image-preview":"max-image-preview:large","max-video-preview":"max-video-preview:-1"},"canonical":"https:\/\/www.comau.com\/de\/competencies\/products-solutions\/controls-auxiliary-equipment\/c5g-plus\/","og_locale":"de_DE","og_type":"article","og_title":"Robotersteuerung & Control | Comau","og_description":"Hohe Rechenleistung, modulare Systeme zur Antriebssteuerung und Freiraum zur Integration: entdecken Sie unser Steuerger\u00e4t f\u00fcr Roboter und Auomatisiertung.","og_url":"https:\/\/www.comau.com\/de\/competencies\/products-solutions\/controls-auxiliary-equipment\/c5g-plus\/","og_site_name":"Comau","article_publisher":"https:\/\/www.facebook.com\/COMAU\/","article_modified_time":"2022-04-05T08:38:17+00:00","og_image":[{"width":1280,"height":485,"url":"https:\/\/www.comau.com\/wp-content\/uploads\/2022\/04\/CG5plus_header.jpg","type":"image\/jpeg"}],"twitter_card":"summary_large_image","twitter_site":"@comaugroup","twitter_misc":{"Gesch\u00e4tzte Lesezeit":"3\u00a0Minuten"},"schema":{"@context":"https:\/\/schema.org","@graph":[{"@type":"WebPage","@id":"https:\/\/www.comau.com\/de\/competencies\/products-solutions\/controls-auxiliary-equipment\/c5g-plus\/","url":"https:\/\/www.comau.com\/de\/competencies\/products-solutions\/controls-auxiliary-equipment\/c5g-plus\/","name":"Robotersteuerung & Control | Comau","isPartOf":{"@id":"https:\/\/www.comau.com\/de\/#website"},"primaryImageOfPage":{"@id":"https:\/\/www.comau.com\/de\/competencies\/products-solutions\/controls-auxiliary-equipment\/c5g-plus\/#primaryimage"},"image":{"@id":"https:\/\/www.comau.com\/de\/competencies\/products-solutions\/controls-auxiliary-equipment\/c5g-plus\/#primaryimage"},"thumbnailUrl":"https:\/\/www.comau.com\/wp-content\/uploads\/2022\/04\/CG5plus_header.jpg","datePublished":"2022-04-01T07:55:32+00:00","dateModified":"2022-04-05T08:38:17+00:00","description":"Hohe Rechenleistung, modulare Systeme zur Antriebssteuerung und Freiraum zur Integration: entdecken Sie unser Steuerger\u00e4t f\u00fcr Roboter und Auomatisiertung.","breadcrumb":{"@id":"https:\/\/www.comau.com\/de\/competencies\/products-solutions\/controls-auxiliary-equipment\/c5g-plus\/#breadcrumb"},"inLanguage":"de","potentialAction":[{"@type":"ReadAction","target":["https:\/\/www.comau.com\/de\/competencies\/products-solutions\/controls-auxiliary-equipment\/c5g-plus\/"]}]},{"@type":"ImageObject","inLanguage":"de","@id":"https:\/\/www.comau.com\/de\/competencies\/products-solutions\/controls-auxiliary-equipment\/c5g-plus\/#primaryimage","url":"https:\/\/www.comau.com\/wp-content\/uploads\/2022\/04\/CG5plus_header.jpg","contentUrl":"https:\/\/www.comau.com\/wp-content\/uploads\/2022\/04\/CG5plus_header.jpg","width":1280,"height":485},{"@type":"BreadcrumbList","@id":"https:\/\/www.comau.com\/de\/competencies\/products-solutions\/controls-auxiliary-equipment\/c5g-plus\/#breadcrumb","itemListElement":[{"@type":"ListItem","position":1,"name":"Home","item":"https:\/\/www.comau.com\/de\/"},{"@type":"ListItem","position":2,"name":"Unsere Kompetenzen","item":"https:\/\/www.comau.com\/de\/competencies\/"},{"@type":"ListItem","position":3,"name":"Robotics &amp; Automation","item":"https:\/\/www.comau.com\/de\/competencies\/robotics-automation\/"},{"@type":"ListItem","position":4,"name":"Steuerung und Zusatzausr\u00fcstung","item":"https:\/\/www.comau.com\/de\/competencies\/robotics-automation\/controls-auxiliary-equipment\/"},{"@type":"ListItem","position":5,"name":"C5G Plus"}]},{"@type":"WebSite","@id":"https:\/\/www.comau.com\/de\/#website","url":"https:\/\/www.comau.com\/de\/","name":"Comau","description":"Industrial automation and robotics","publisher":{"@id":"https:\/\/www.comau.com\/de\/#organization"},"potentialAction":[{"@type":"SearchAction","target":{"@type":"EntryPoint","urlTemplate":"https:\/\/www.comau.com\/de\/?s={search_term_string}"},"query-input":{"@type":"PropertyValueSpecification","valueRequired":true,"valueName":"search_term_string"}}],"inLanguage":"de"},{"@type":"Organization","@id":"https:\/\/www.comau.com\/de\/#organization","name":"Comau","url":"https:\/\/www.comau.com\/de\/","logo":{"@type":"ImageObject","inLanguage":"de","@id":"https:\/\/www.comau.com\/de\/#\/schema\/logo\/image\/","url":"https:\/\/www.comau.com\/wp-content\/uploads\/2024\/07\/cropped-Logo-COMAU.png","contentUrl":"https:\/\/www.comau.com\/wp-content\/uploads\/2024\/07\/cropped-Logo-COMAU.png","width":434,"height":434,"caption":"Comau"},"image":{"@id":"https:\/\/www.comau.com\/de\/#\/schema\/logo\/image\/"},"sameAs":["https:\/\/www.facebook.com\/COMAU\/","https:\/\/x.com\/comaugroup","https:\/\/www.instagram.com\/comaugroup\/","https:\/\/www.linkedin.com\/company\/comau","https:\/\/www.youtube.com\/user\/comau"]}]}},"_links":{"self":[{"href":"https:\/\/www.comau.com\/de\/wp-json\/wp\/v2\/pages\/44380","targetHints":{"allow":["GET"]}}],"collection":[{"href":"https:\/\/www.comau.com\/de\/wp-json\/wp\/v2\/pages"}],"about":[{"href":"https:\/\/www.comau.com\/de\/wp-json\/wp\/v2\/types\/page"}],"author":[{"embeddable":true,"href":"https:\/\/www.comau.com\/de\/wp-json\/wp\/v2\/users\/7"}],"replies":[{"embeddable":true,"href":"https:\/\/www.comau.com\/de\/wp-json\/wp\/v2\/comments?post=44380"}],"version-history":[{"count":4,"href":"https:\/\/www.comau.com\/de\/wp-json\/wp\/v2\/pages\/44380\/revisions"}],"predecessor-version":[{"id":44630,"href":"https:\/\/www.comau.com\/de\/wp-json\/wp\/v2\/pages\/44380\/revisions\/44630"}],"up":[{"embeddable":true,"href":"https:\/\/www.comau.com\/de\/wp-json\/wp\/v2\/pages\/5977"}],"wp:featuredmedia":[{"embeddable":true,"href":"https:\/\/www.comau.com\/de\/wp-json\/wp\/v2\/media\/44393"}],"wp:attachment":[{"href":"https:\/\/www.comau.com\/de\/wp-json\/wp\/v2\/media?parent=44380"}],"curies":[{"name":"wp","href":"https:\/\/api.w.org\/{rel}","templated":true}]}}