{"id":44033,"date":"2022-03-18T17:59:56","date_gmt":"2022-03-18T16:59:56","guid":{"rendered":"https:\/\/www.comau.com\/?page_id=44033"},"modified":"2022-06-22T10:49:47","modified_gmt":"2022-06-22T08:49:47","slug":"thermography","status":"publish","type":"page","link":"https:\/\/www.comau.com\/de\/competencies\/robotics-automation\/thermography\/","title":{"rendered":"Thermography"},"content":{"rendered":"\n<h2 class=\"wp-block-heading\">Im Fokus: MI.RA\/Thermographie<\/h2>\n\n\n\n<p>MI.RA\/Thermographie ist ein innovatives, Inline-Test- und Qualit\u00e4tskontrollsystem, das die Auslegung und Montage von Batterien der n\u00e4chsten Generation optimiert. MI.RA\/Thermographie ist f\u00fcr die industrielle Batterieherstellung bestimmt und verwendet W\u00e4rmebildtechniken und k\u00fcnstliche Intelligenz, um nicht-invasive automatisierte Bewertungen und Kontrollen von Schwei\u00dfn\u00e4hten durchzuf\u00fchren \u2013 auf diese Weise sparen Hersteller Zeit und Kosten, da sie oberfl\u00e4chliche M\u00e4ngel und den elektrischen Widerstand jeder Naht vor der Endmontage automatisch bewerten k\u00f6nnen.<\/p>\n\n\n\n<p>Hohe elektrische Widerst\u00e4nde aufgrund einer schlechten Schwei\u00dfnahtqualit\u00e4t k\u00f6nnen zu bedeutenden Energieverlusten und W\u00e4rmeerzeugung f\u00fchren. Die Folgen sind eine Erh\u00f6hung der Nahttemperatur, potenzielle Sicherheitsprobleme und eine reduzierte Effizienz und Integrit\u00e4t der Batterie. Unsere Qualit\u00e4tsbewertungsl\u00f6sung MI.RA\/Thermographie testet die Qualit\u00e4t und Effizienz jeder Schwei\u00dfnaht, ohne dass dadurch die Taktzeit oder der Aufbau der Produktionsanlage beeintr\u00e4chtigt werden. Auf diese Weise wird die Sicherheit vor dem Ende des Montageprozesses gew\u00e4hrleistet und Verschwendung minimiert.<\/p>\n\n\n\n<h2 class=\"wp-block-heading\">Vorteile<\/h2>\n\n\n\n<ul class=\"wp-block-list\"><li>Inline-Prozess\u00fcberwachung und abschlie\u00dfende Qualit\u00e4tskontrolle<\/li><li>Testet, misst und kontrolliert die Qualit\u00e4t der Schwei\u00dfnaht, ohne dass dadurch die Taktzeit oder der Aufbau der Produktionsanlage beeintr\u00e4chtigt werden<\/li><li>Die voll integrierte L\u00f6sung nutzt IR-Kameras und k\u00fcnstliche Intelligenz zur Bewertung jeder Schwei\u00dfnaht vor der Endmontage<\/li><li>Verbesserte Pr\u00e4zision bei der Detektion von Sch\u00f6nheitsfehlern, die bei einer Sichtpr\u00fcfung h\u00e4ufig unentdeckt bleiben<\/li><li>Echtzeitergebnisse werden zur sp\u00e4teren Analyse und Schulung gesammelt<\/li><\/ul>\n\n\n\n<figure class=\"wp-block-embed is-type-video is-provider-youtube wp-block-embed-youtube wp-embed-aspect-16-9 wp-has-aspect-ratio\"><div class=\"wp-block-embed__wrapper\">\n<iframe title=\"Comau | MI.RA\/Thermography\" width=\"640\" height=\"360\" src=\"https:\/\/www.youtube.com\/embed\/XUPl2uh-aqQ?feature=oembed\" frameborder=\"0\" allow=\"accelerometer; autoplay; clipboard-write; encrypted-media; gyroscope; picture-in-picture; web-share\" referrerpolicy=\"strict-origin-when-cross-origin\" allowfullscreen><\/iframe>\n<\/div><\/figure>\n","protected":false},"excerpt":{"rendered":"<p>Im Fokus: MI.RA\/Thermographie MI.RA\/Thermographie ist ein innovatives, Inline-Test- und Qualit\u00e4tskontrollsystem, das die Auslegung und Montage von Batterien der n\u00e4chsten Generation optimiert. MI.RA\/Thermographie ist f\u00fcr die industrielle Batterieherstellung bestimmt und verwendet W\u00e4rmebildtechniken und k\u00fcnstliche Intelligenz, um nicht-invasive automatisierte Bewertungen und Kontrollen von Schwei\u00dfn\u00e4hten durchzuf\u00fchren \u2013 auf diese Weise sparen Hersteller Zeit und Kosten, da sie oberfl\u00e4chliche [&hellip;]<\/p>\n","protected":false},"author":7,"featured_media":43826,"parent":5716,"menu_order":0,"comment_status":"closed","ping_status":"closed","template":"","meta":{"_acf_changed":false,"ep_exclude_from_search":false,"footnotes":""},"class_list":["post-44033","page","type-page","status-publish","has-post-thumbnail","hentry"],"acf":[],"yoast_head":"<!-- This site is optimized with the Yoast SEO plugin v26.9 - https:\/\/yoast.com\/product\/yoast-seo-wordpress\/ -->\n<title>Batteriepr\u00fcf- und Qualit\u00e4tskontrollsysteme | Comau<\/title>\n<meta name=\"description\" content=\"Entdecken Sie die Vorteile von MI.RA Thermography: das System von Comau f\u00fcr die Pr\u00fcfung und Qualit\u00e4tskontrolle der neuesten Generation von Batterien.\" \/>\n<meta name=\"robots\" content=\"index, follow, max-snippet:-1, max-image-preview:large, max-video-preview:-1\" \/>\n<link rel=\"canonical\" href=\"https:\/\/www.comau.com\/de\/competencies\/robotics-automation\/thermography\/\" \/>\n<meta property=\"og:locale\" content=\"de_DE\" \/>\n<meta property=\"og:type\" content=\"article\" \/>\n<meta property=\"og:title\" content=\"Batteriepr\u00fcf- und Qualit\u00e4tskontrollsysteme | Comau\" \/>\n<meta property=\"og:description\" content=\"Entdecken Sie die Vorteile von MI.RA Thermography: das System von Comau f\u00fcr die Pr\u00fcfung und Qualit\u00e4tskontrolle der neuesten Generation von Batterien.\" \/>\n<meta property=\"og:url\" content=\"https:\/\/www.comau.com\/de\/competencies\/robotics-automation\/thermography\/\" \/>\n<meta property=\"og:site_name\" content=\"Comau\" \/>\n<meta property=\"article:publisher\" content=\"https:\/\/www.facebook.com\/COMAU\/\" \/>\n<meta property=\"article:modified_time\" content=\"2022-06-22T08:49:47+00:00\" \/>\n<meta property=\"og:image\" content=\"https:\/\/www.comau.com\/wp-content\/uploads\/2022\/03\/Mira-Termography.jpg\" \/>\n\t<meta property=\"og:image:width\" content=\"1450\" \/>\n\t<meta property=\"og:image:height\" content=\"450\" \/>\n\t<meta property=\"og:image:type\" content=\"image\/jpeg\" \/>\n<meta name=\"twitter:card\" content=\"summary_large_image\" \/>\n<meta name=\"twitter:site\" content=\"@comaugroup\" \/>\n<meta name=\"twitter:label1\" content=\"Gesch\u00e4tzte Lesezeit\" \/>\n\t<meta name=\"twitter:data1\" content=\"2\u00a0Minuten\" \/>\n<script type=\"application\/ld+json\" class=\"yoast-schema-graph\">{\"@context\":\"https:\/\/schema.org\",\"@graph\":[{\"@type\":\"WebPage\",\"@id\":\"https:\/\/www.comau.com\/de\/competencies\/robotics-automation\/thermography\/\",\"url\":\"https:\/\/www.comau.com\/de\/competencies\/robotics-automation\/thermography\/\",\"name\":\"Batteriepr\u00fcf- und Qualit\u00e4tskontrollsysteme | Comau\",\"isPartOf\":{\"@id\":\"https:\/\/www.comau.com\/de\/#website\"},\"primaryImageOfPage\":{\"@id\":\"https:\/\/www.comau.com\/de\/competencies\/robotics-automation\/thermography\/#primaryimage\"},\"image\":{\"@id\":\"https:\/\/www.comau.com\/de\/competencies\/robotics-automation\/thermography\/#primaryimage\"},\"thumbnailUrl\":\"https:\/\/www.comau.com\/wp-content\/uploads\/2022\/03\/Mira-Termography.jpg\",\"datePublished\":\"2022-03-18T16:59:56+00:00\",\"dateModified\":\"2022-06-22T08:49:47+00:00\",\"description\":\"Entdecken Sie die Vorteile von MI.RA Thermography: das System von Comau f\u00fcr die Pr\u00fcfung und Qualit\u00e4tskontrolle der neuesten Generation von Batterien.\",\"breadcrumb\":{\"@id\":\"https:\/\/www.comau.com\/de\/competencies\/robotics-automation\/thermography\/#breadcrumb\"},\"inLanguage\":\"de\",\"potentialAction\":[{\"@type\":\"ReadAction\",\"target\":[\"https:\/\/www.comau.com\/de\/competencies\/robotics-automation\/thermography\/\"]}]},{\"@type\":\"ImageObject\",\"inLanguage\":\"de\",\"@id\":\"https:\/\/www.comau.com\/de\/competencies\/robotics-automation\/thermography\/#primaryimage\",\"url\":\"https:\/\/www.comau.com\/wp-content\/uploads\/2022\/03\/Mira-Termography.jpg\",\"contentUrl\":\"https:\/\/www.comau.com\/wp-content\/uploads\/2022\/03\/Mira-Termography.jpg\",\"width\":1450,\"height\":450},{\"@type\":\"BreadcrumbList\",\"@id\":\"https:\/\/www.comau.com\/de\/competencies\/robotics-automation\/thermography\/#breadcrumb\",\"itemListElement\":[{\"@type\":\"ListItem\",\"position\":1,\"name\":\"Home\",\"item\":\"https:\/\/www.comau.com\/de\/\"},{\"@type\":\"ListItem\",\"position\":2,\"name\":\"Unsere Kompetenzen\",\"item\":\"https:\/\/www.comau.com\/de\/competencies\/\"},{\"@type\":\"ListItem\",\"position\":3,\"name\":\"Robotics &amp; Automation\",\"item\":\"https:\/\/www.comau.com\/de\/competencies\/robotics-automation\/\"},{\"@type\":\"ListItem\",\"position\":4,\"name\":\"Thermography\"}]},{\"@type\":\"WebSite\",\"@id\":\"https:\/\/www.comau.com\/de\/#website\",\"url\":\"https:\/\/www.comau.com\/de\/\",\"name\":\"Comau\",\"description\":\"Industrial automation and robotics\",\"publisher\":{\"@id\":\"https:\/\/www.comau.com\/de\/#organization\"},\"potentialAction\":[{\"@type\":\"SearchAction\",\"target\":{\"@type\":\"EntryPoint\",\"urlTemplate\":\"https:\/\/www.comau.com\/de\/?s={search_term_string}\"},\"query-input\":{\"@type\":\"PropertyValueSpecification\",\"valueRequired\":true,\"valueName\":\"search_term_string\"}}],\"inLanguage\":\"de\"},{\"@type\":\"Organization\",\"@id\":\"https:\/\/www.comau.com\/de\/#organization\",\"name\":\"Comau\",\"url\":\"https:\/\/www.comau.com\/de\/\",\"logo\":{\"@type\":\"ImageObject\",\"inLanguage\":\"de\",\"@id\":\"https:\/\/www.comau.com\/de\/#\/schema\/logo\/image\/\",\"url\":\"https:\/\/www.comau.com\/wp-content\/uploads\/2024\/07\/cropped-Logo-COMAU.png\",\"contentUrl\":\"https:\/\/www.comau.com\/wp-content\/uploads\/2024\/07\/cropped-Logo-COMAU.png\",\"width\":434,\"height\":434,\"caption\":\"Comau\"},\"image\":{\"@id\":\"https:\/\/www.comau.com\/de\/#\/schema\/logo\/image\/\"},\"sameAs\":[\"https:\/\/www.facebook.com\/COMAU\/\",\"https:\/\/x.com\/comaugroup\",\"https:\/\/www.instagram.com\/comaugroup\/\",\"https:\/\/www.linkedin.com\/company\/comau\",\"https:\/\/www.youtube.com\/user\/comau\"]}]}<\/script>\n<!-- \/ Yoast SEO plugin. -->","yoast_head_json":{"title":"Batteriepr\u00fcf- und Qualit\u00e4tskontrollsysteme | Comau","description":"Entdecken Sie die Vorteile von MI.RA Thermography: das System von Comau f\u00fcr die Pr\u00fcfung und Qualit\u00e4tskontrolle der neuesten Generation von Batterien.","robots":{"index":"index","follow":"follow","max-snippet":"max-snippet:-1","max-image-preview":"max-image-preview:large","max-video-preview":"max-video-preview:-1"},"canonical":"https:\/\/www.comau.com\/de\/competencies\/robotics-automation\/thermography\/","og_locale":"de_DE","og_type":"article","og_title":"Batteriepr\u00fcf- und Qualit\u00e4tskontrollsysteme | Comau","og_description":"Entdecken Sie die Vorteile von MI.RA Thermography: das System von Comau f\u00fcr die Pr\u00fcfung und Qualit\u00e4tskontrolle der neuesten Generation von Batterien.","og_url":"https:\/\/www.comau.com\/de\/competencies\/robotics-automation\/thermography\/","og_site_name":"Comau","article_publisher":"https:\/\/www.facebook.com\/COMAU\/","article_modified_time":"2022-06-22T08:49:47+00:00","og_image":[{"width":1450,"height":450,"url":"https:\/\/www.comau.com\/wp-content\/uploads\/2022\/03\/Mira-Termography.jpg","type":"image\/jpeg"}],"twitter_card":"summary_large_image","twitter_site":"@comaugroup","twitter_misc":{"Gesch\u00e4tzte Lesezeit":"2\u00a0Minuten"},"schema":{"@context":"https:\/\/schema.org","@graph":[{"@type":"WebPage","@id":"https:\/\/www.comau.com\/de\/competencies\/robotics-automation\/thermography\/","url":"https:\/\/www.comau.com\/de\/competencies\/robotics-automation\/thermography\/","name":"Batteriepr\u00fcf- und Qualit\u00e4tskontrollsysteme | Comau","isPartOf":{"@id":"https:\/\/www.comau.com\/de\/#website"},"primaryImageOfPage":{"@id":"https:\/\/www.comau.com\/de\/competencies\/robotics-automation\/thermography\/#primaryimage"},"image":{"@id":"https:\/\/www.comau.com\/de\/competencies\/robotics-automation\/thermography\/#primaryimage"},"thumbnailUrl":"https:\/\/www.comau.com\/wp-content\/uploads\/2022\/03\/Mira-Termography.jpg","datePublished":"2022-03-18T16:59:56+00:00","dateModified":"2022-06-22T08:49:47+00:00","description":"Entdecken Sie die Vorteile von MI.RA Thermography: das System von Comau f\u00fcr die Pr\u00fcfung und Qualit\u00e4tskontrolle der neuesten Generation von Batterien.","breadcrumb":{"@id":"https:\/\/www.comau.com\/de\/competencies\/robotics-automation\/thermography\/#breadcrumb"},"inLanguage":"de","potentialAction":[{"@type":"ReadAction","target":["https:\/\/www.comau.com\/de\/competencies\/robotics-automation\/thermography\/"]}]},{"@type":"ImageObject","inLanguage":"de","@id":"https:\/\/www.comau.com\/de\/competencies\/robotics-automation\/thermography\/#primaryimage","url":"https:\/\/www.comau.com\/wp-content\/uploads\/2022\/03\/Mira-Termography.jpg","contentUrl":"https:\/\/www.comau.com\/wp-content\/uploads\/2022\/03\/Mira-Termography.jpg","width":1450,"height":450},{"@type":"BreadcrumbList","@id":"https:\/\/www.comau.com\/de\/competencies\/robotics-automation\/thermography\/#breadcrumb","itemListElement":[{"@type":"ListItem","position":1,"name":"Home","item":"https:\/\/www.comau.com\/de\/"},{"@type":"ListItem","position":2,"name":"Unsere Kompetenzen","item":"https:\/\/www.comau.com\/de\/competencies\/"},{"@type":"ListItem","position":3,"name":"Robotics &amp; Automation","item":"https:\/\/www.comau.com\/de\/competencies\/robotics-automation\/"},{"@type":"ListItem","position":4,"name":"Thermography"}]},{"@type":"WebSite","@id":"https:\/\/www.comau.com\/de\/#website","url":"https:\/\/www.comau.com\/de\/","name":"Comau","description":"Industrial automation and robotics","publisher":{"@id":"https:\/\/www.comau.com\/de\/#organization"},"potentialAction":[{"@type":"SearchAction","target":{"@type":"EntryPoint","urlTemplate":"https:\/\/www.comau.com\/de\/?s={search_term_string}"},"query-input":{"@type":"PropertyValueSpecification","valueRequired":true,"valueName":"search_term_string"}}],"inLanguage":"de"},{"@type":"Organization","@id":"https:\/\/www.comau.com\/de\/#organization","name":"Comau","url":"https:\/\/www.comau.com\/de\/","logo":{"@type":"ImageObject","inLanguage":"de","@id":"https:\/\/www.comau.com\/de\/#\/schema\/logo\/image\/","url":"https:\/\/www.comau.com\/wp-content\/uploads\/2024\/07\/cropped-Logo-COMAU.png","contentUrl":"https:\/\/www.comau.com\/wp-content\/uploads\/2024\/07\/cropped-Logo-COMAU.png","width":434,"height":434,"caption":"Comau"},"image":{"@id":"https:\/\/www.comau.com\/de\/#\/schema\/logo\/image\/"},"sameAs":["https:\/\/www.facebook.com\/COMAU\/","https:\/\/x.com\/comaugroup","https:\/\/www.instagram.com\/comaugroup\/","https:\/\/www.linkedin.com\/company\/comau","https:\/\/www.youtube.com\/user\/comau"]}]}},"_links":{"self":[{"href":"https:\/\/www.comau.com\/de\/wp-json\/wp\/v2\/pages\/44033","targetHints":{"allow":["GET"]}}],"collection":[{"href":"https:\/\/www.comau.com\/de\/wp-json\/wp\/v2\/pages"}],"about":[{"href":"https:\/\/www.comau.com\/de\/wp-json\/wp\/v2\/types\/page"}],"author":[{"embeddable":true,"href":"https:\/\/www.comau.com\/de\/wp-json\/wp\/v2\/users\/7"}],"replies":[{"embeddable":true,"href":"https:\/\/www.comau.com\/de\/wp-json\/wp\/v2\/comments?post=44033"}],"version-history":[{"count":2,"href":"https:\/\/www.comau.com\/de\/wp-json\/wp\/v2\/pages\/44033\/revisions"}],"predecessor-version":[{"id":44035,"href":"https:\/\/www.comau.com\/de\/wp-json\/wp\/v2\/pages\/44033\/revisions\/44035"}],"up":[{"embeddable":true,"href":"https:\/\/www.comau.com\/de\/wp-json\/wp\/v2\/pages\/5716"}],"wp:featuredmedia":[{"embeddable":true,"href":"https:\/\/www.comau.com\/de\/wp-json\/wp\/v2\/media\/43826"}],"wp:attachment":[{"href":"https:\/\/www.comau.com\/de\/wp-json\/wp\/v2\/media?parent=44033"}],"curies":[{"name":"wp","href":"https:\/\/api.w.org\/{rel}","templated":true}]}}