{"id":44015,"date":"2022-03-18T17:59:18","date_gmt":"2022-03-18T16:59:18","guid":{"rendered":"https:\/\/www.comau.com\/?page_id=44015"},"modified":"2022-06-22T10:36:29","modified_gmt":"2022-06-22T08:36:29","slug":"dexter","status":"publish","type":"page","link":"https:\/\/www.comau.com\/de\/competencies\/robotics-automation\/dexter\/","title":{"rendered":"Dexter"},"content":{"rendered":"\n<h2 class=\"wp-block-heading\">Im Fokus: MI.RA\/Dexter<\/h2>\n\n\n\n<p>Die leistungsf\u00e4hige metasprachliche Software von Comau erm\u00f6glicht eine vereinfachte Programmierung von Robotikanwendungen ohne spezielle IT- oder Programmierkenntnisse. Vorteile dieser L\u00f6sung sind eine schnellere Projektabwicklung und reduzierte Kosten.<\/p>\n\n\n\n<p>MI.RA\/Dexter basiert auf fortschrittlichen Machine-Learning-Algorithmen und erm\u00f6glicht den Bedienern, einen Roboter f\u00fcr komplexe Aufgaben mit einfachen, klaren Befehlen zu programmieren. Auf diese Weise werden industrielle Arbeitsabl\u00e4ufe optimiert. Sie erm\u00f6glicht den Bedienern dar\u00fcber hinaus, sofort zu reagieren und die T\u00e4tigkeit des Roboters in Echtzeit anzupassen, und maximiert die Effizienz des Arbeitszyklus. Und da die L\u00f6sung die innovative Software von Comau mit einem Industrie-Cobot mit 6-Gelenkachsen und einer \u201efast menschlichen\u201c Sensibilit\u00e4t kombiniert, macht MI.RA\/Dexter die Zusammenarbeit von Mensch und Maschine einfach, offen und vollkommen intuitiv. Dar\u00fcber hinaus gew\u00e4hrleistet sie ein sicheres Management aller Arbeiten des kollaborativen Roboters in der N\u00e4he eines Bedieners.<\/p>\n\n\n\n<h2 class=\"wp-block-heading\">Vorteile<\/h2>\n\n\n\n<ul class=\"wp-block-list\"><li>3 Mal schnellere Tests und Fehlererkennung im Vergleich zu manuellen Prozessen<\/li><li>Keine Sicherheitsbarrieren oder Schutzausr\u00fcstungen mehr erforderlich<\/li><li>Automatisierte Testfunktionen gew\u00e4hrleisten die Konformit\u00e4t mit den erforderlichen Qualit\u00e4tskontrollschritten<\/li><li>Bessere R\u00fcckverfolgbarkeit und Wiederholbarkeit des Prozesses<\/li><li>F\u00fcr verschiedene Branchen und Anwendungen geeignet<\/li><\/ul>\n\n\n\n<figure class=\"wp-block-embed is-type-video is-provider-youtube wp-block-embed-youtube wp-embed-aspect-16-9 wp-has-aspect-ratio\"><div class=\"wp-block-embed__wrapper\">\n<iframe title=\"COMAU\u2019S MI.RA\/DEXTER ENABLES INTUITIVE AND EASY PROGRAMMING OF COMPLEX ROBOTIC APPLICATIONS\" width=\"640\" height=\"360\" src=\"https:\/\/www.youtube.com\/embed\/rNd3Hue-zzM?start=109&#038;feature=oembed\" frameborder=\"0\" allow=\"accelerometer; autoplay; clipboard-write; encrypted-media; gyroscope; picture-in-picture; web-share\" referrerpolicy=\"strict-origin-when-cross-origin\" allowfullscreen><\/iframe>\n<\/div><\/figure>\n","protected":false},"excerpt":{"rendered":"<p>Im Fokus: MI.RA\/Dexter Die leistungsf\u00e4hige metasprachliche Software von Comau erm\u00f6glicht eine vereinfachte Programmierung von Robotikanwendungen ohne spezielle IT- oder Programmierkenntnisse. Vorteile dieser L\u00f6sung sind eine schnellere Projektabwicklung und reduzierte Kosten. MI.RA\/Dexter basiert auf fortschrittlichen Machine-Learning-Algorithmen und erm\u00f6glicht den Bedienern, einen Roboter f\u00fcr komplexe Aufgaben mit einfachen, klaren Befehlen zu programmieren. Auf diese Weise werden industrielle [&hellip;]<\/p>\n","protected":false},"author":7,"featured_media":43850,"parent":5716,"menu_order":0,"comment_status":"closed","ping_status":"closed","template":"","meta":{"_acf_changed":false,"ep_exclude_from_search":false,"footnotes":""},"class_list":["post-44015","page","type-page","status-publish","has-post-thumbnail","hentry"],"acf":[],"yoast_head":"<!-- This site is optimized with the Yoast SEO plugin v26.9 - https:\/\/yoast.com\/product\/yoast-seo-wordpress\/ -->\n<title>Metasprachliche Software f\u00fcr die Roboterprogrammierung: Dexter | Comau<\/title>\n<meta name=\"description\" content=\"Entdecken Sie Dexter, die leistungsstarke Software von Comau: Sie erm\u00f6glicht eine vereinfachte Programmierung von Roboteranwendungen ohne Programmierkenntnisse\" \/>\n<meta name=\"robots\" content=\"index, follow, max-snippet:-1, max-image-preview:large, max-video-preview:-1\" \/>\n<link rel=\"canonical\" href=\"https:\/\/www.comau.com\/de\/competencies\/robotics-automation\/dexter\/\" \/>\n<meta property=\"og:locale\" content=\"de_DE\" \/>\n<meta property=\"og:type\" content=\"article\" \/>\n<meta property=\"og:title\" content=\"Metasprachliche Software f\u00fcr die Roboterprogrammierung: Dexter | Comau\" \/>\n<meta property=\"og:description\" content=\"Entdecken Sie Dexter, die leistungsstarke Software von Comau: Sie erm\u00f6glicht eine vereinfachte Programmierung von Roboteranwendungen ohne Programmierkenntnisse\" \/>\n<meta property=\"og:url\" content=\"https:\/\/www.comau.com\/de\/competencies\/robotics-automation\/dexter\/\" \/>\n<meta property=\"og:site_name\" content=\"Comau\" \/>\n<meta property=\"article:publisher\" content=\"https:\/\/www.facebook.com\/COMAU\/\" \/>\n<meta property=\"article:modified_time\" content=\"2022-06-22T08:36:29+00:00\" \/>\n<meta property=\"og:image\" content=\"https:\/\/www.comau.com\/wp-content\/uploads\/2022\/03\/Mira-Dexteer.jpg\" \/>\n\t<meta property=\"og:image:width\" content=\"1450\" \/>\n\t<meta property=\"og:image:height\" content=\"450\" \/>\n\t<meta property=\"og:image:type\" content=\"image\/jpeg\" \/>\n<meta name=\"twitter:card\" content=\"summary_large_image\" \/>\n<meta name=\"twitter:site\" content=\"@comaugroup\" \/>\n<meta name=\"twitter:label1\" content=\"Gesch\u00e4tzte Lesezeit\" \/>\n\t<meta name=\"twitter:data1\" content=\"1\u00a0Minute\" \/>\n<script type=\"application\/ld+json\" class=\"yoast-schema-graph\">{\"@context\":\"https:\/\/schema.org\",\"@graph\":[{\"@type\":\"WebPage\",\"@id\":\"https:\/\/www.comau.com\/de\/competencies\/robotics-automation\/dexter\/\",\"url\":\"https:\/\/www.comau.com\/de\/competencies\/robotics-automation\/dexter\/\",\"name\":\"Metasprachliche Software f\u00fcr die Roboterprogrammierung: Dexter | Comau\",\"isPartOf\":{\"@id\":\"https:\/\/www.comau.com\/de\/#website\"},\"primaryImageOfPage\":{\"@id\":\"https:\/\/www.comau.com\/de\/competencies\/robotics-automation\/dexter\/#primaryimage\"},\"image\":{\"@id\":\"https:\/\/www.comau.com\/de\/competencies\/robotics-automation\/dexter\/#primaryimage\"},\"thumbnailUrl\":\"https:\/\/www.comau.com\/wp-content\/uploads\/2022\/03\/Mira-Dexteer.jpg\",\"datePublished\":\"2022-03-18T16:59:18+00:00\",\"dateModified\":\"2022-06-22T08:36:29+00:00\",\"description\":\"Entdecken Sie Dexter, die leistungsstarke Software von Comau: Sie erm\u00f6glicht eine vereinfachte Programmierung von Roboteranwendungen ohne Programmierkenntnisse\",\"breadcrumb\":{\"@id\":\"https:\/\/www.comau.com\/de\/competencies\/robotics-automation\/dexter\/#breadcrumb\"},\"inLanguage\":\"de\",\"potentialAction\":[{\"@type\":\"ReadAction\",\"target\":[\"https:\/\/www.comau.com\/de\/competencies\/robotics-automation\/dexter\/\"]}]},{\"@type\":\"ImageObject\",\"inLanguage\":\"de\",\"@id\":\"https:\/\/www.comau.com\/de\/competencies\/robotics-automation\/dexter\/#primaryimage\",\"url\":\"https:\/\/www.comau.com\/wp-content\/uploads\/2022\/03\/Mira-Dexteer.jpg\",\"contentUrl\":\"https:\/\/www.comau.com\/wp-content\/uploads\/2022\/03\/Mira-Dexteer.jpg\",\"width\":1450,\"height\":450},{\"@type\":\"BreadcrumbList\",\"@id\":\"https:\/\/www.comau.com\/de\/competencies\/robotics-automation\/dexter\/#breadcrumb\",\"itemListElement\":[{\"@type\":\"ListItem\",\"position\":1,\"name\":\"Home\",\"item\":\"https:\/\/www.comau.com\/de\/\"},{\"@type\":\"ListItem\",\"position\":2,\"name\":\"Unsere Kompetenzen\",\"item\":\"https:\/\/www.comau.com\/de\/competencies\/\"},{\"@type\":\"ListItem\",\"position\":3,\"name\":\"Robotics &amp; Automation\",\"item\":\"https:\/\/www.comau.com\/de\/competencies\/robotics-automation\/\"},{\"@type\":\"ListItem\",\"position\":4,\"name\":\"Dexter\"}]},{\"@type\":\"WebSite\",\"@id\":\"https:\/\/www.comau.com\/de\/#website\",\"url\":\"https:\/\/www.comau.com\/de\/\",\"name\":\"Comau\",\"description\":\"Industrial automation and robotics\",\"publisher\":{\"@id\":\"https:\/\/www.comau.com\/de\/#organization\"},\"potentialAction\":[{\"@type\":\"SearchAction\",\"target\":{\"@type\":\"EntryPoint\",\"urlTemplate\":\"https:\/\/www.comau.com\/de\/?s={search_term_string}\"},\"query-input\":{\"@type\":\"PropertyValueSpecification\",\"valueRequired\":true,\"valueName\":\"search_term_string\"}}],\"inLanguage\":\"de\"},{\"@type\":\"Organization\",\"@id\":\"https:\/\/www.comau.com\/de\/#organization\",\"name\":\"Comau\",\"url\":\"https:\/\/www.comau.com\/de\/\",\"logo\":{\"@type\":\"ImageObject\",\"inLanguage\":\"de\",\"@id\":\"https:\/\/www.comau.com\/de\/#\/schema\/logo\/image\/\",\"url\":\"https:\/\/www.comau.com\/wp-content\/uploads\/2024\/07\/cropped-Logo-COMAU.png\",\"contentUrl\":\"https:\/\/www.comau.com\/wp-content\/uploads\/2024\/07\/cropped-Logo-COMAU.png\",\"width\":434,\"height\":434,\"caption\":\"Comau\"},\"image\":{\"@id\":\"https:\/\/www.comau.com\/de\/#\/schema\/logo\/image\/\"},\"sameAs\":[\"https:\/\/www.facebook.com\/COMAU\/\",\"https:\/\/x.com\/comaugroup\",\"https:\/\/www.instagram.com\/comaugroup\/\",\"https:\/\/www.linkedin.com\/company\/comau\",\"https:\/\/www.youtube.com\/user\/comau\"]}]}<\/script>\n<!-- \/ Yoast SEO plugin. -->","yoast_head_json":{"title":"Metasprachliche Software f\u00fcr die Roboterprogrammierung: Dexter | Comau","description":"Entdecken Sie Dexter, die leistungsstarke Software von Comau: Sie erm\u00f6glicht eine vereinfachte Programmierung von Roboteranwendungen ohne Programmierkenntnisse","robots":{"index":"index","follow":"follow","max-snippet":"max-snippet:-1","max-image-preview":"max-image-preview:large","max-video-preview":"max-video-preview:-1"},"canonical":"https:\/\/www.comau.com\/de\/competencies\/robotics-automation\/dexter\/","og_locale":"de_DE","og_type":"article","og_title":"Metasprachliche Software f\u00fcr die Roboterprogrammierung: Dexter | Comau","og_description":"Entdecken Sie Dexter, die leistungsstarke Software von Comau: Sie erm\u00f6glicht eine vereinfachte Programmierung von Roboteranwendungen ohne Programmierkenntnisse","og_url":"https:\/\/www.comau.com\/de\/competencies\/robotics-automation\/dexter\/","og_site_name":"Comau","article_publisher":"https:\/\/www.facebook.com\/COMAU\/","article_modified_time":"2022-06-22T08:36:29+00:00","og_image":[{"width":1450,"height":450,"url":"https:\/\/www.comau.com\/wp-content\/uploads\/2022\/03\/Mira-Dexteer.jpg","type":"image\/jpeg"}],"twitter_card":"summary_large_image","twitter_site":"@comaugroup","twitter_misc":{"Gesch\u00e4tzte Lesezeit":"1\u00a0Minute"},"schema":{"@context":"https:\/\/schema.org","@graph":[{"@type":"WebPage","@id":"https:\/\/www.comau.com\/de\/competencies\/robotics-automation\/dexter\/","url":"https:\/\/www.comau.com\/de\/competencies\/robotics-automation\/dexter\/","name":"Metasprachliche Software f\u00fcr die Roboterprogrammierung: Dexter | Comau","isPartOf":{"@id":"https:\/\/www.comau.com\/de\/#website"},"primaryImageOfPage":{"@id":"https:\/\/www.comau.com\/de\/competencies\/robotics-automation\/dexter\/#primaryimage"},"image":{"@id":"https:\/\/www.comau.com\/de\/competencies\/robotics-automation\/dexter\/#primaryimage"},"thumbnailUrl":"https:\/\/www.comau.com\/wp-content\/uploads\/2022\/03\/Mira-Dexteer.jpg","datePublished":"2022-03-18T16:59:18+00:00","dateModified":"2022-06-22T08:36:29+00:00","description":"Entdecken Sie Dexter, die leistungsstarke Software von Comau: Sie erm\u00f6glicht eine vereinfachte Programmierung von Roboteranwendungen ohne Programmierkenntnisse","breadcrumb":{"@id":"https:\/\/www.comau.com\/de\/competencies\/robotics-automation\/dexter\/#breadcrumb"},"inLanguage":"de","potentialAction":[{"@type":"ReadAction","target":["https:\/\/www.comau.com\/de\/competencies\/robotics-automation\/dexter\/"]}]},{"@type":"ImageObject","inLanguage":"de","@id":"https:\/\/www.comau.com\/de\/competencies\/robotics-automation\/dexter\/#primaryimage","url":"https:\/\/www.comau.com\/wp-content\/uploads\/2022\/03\/Mira-Dexteer.jpg","contentUrl":"https:\/\/www.comau.com\/wp-content\/uploads\/2022\/03\/Mira-Dexteer.jpg","width":1450,"height":450},{"@type":"BreadcrumbList","@id":"https:\/\/www.comau.com\/de\/competencies\/robotics-automation\/dexter\/#breadcrumb","itemListElement":[{"@type":"ListItem","position":1,"name":"Home","item":"https:\/\/www.comau.com\/de\/"},{"@type":"ListItem","position":2,"name":"Unsere Kompetenzen","item":"https:\/\/www.comau.com\/de\/competencies\/"},{"@type":"ListItem","position":3,"name":"Robotics &amp; Automation","item":"https:\/\/www.comau.com\/de\/competencies\/robotics-automation\/"},{"@type":"ListItem","position":4,"name":"Dexter"}]},{"@type":"WebSite","@id":"https:\/\/www.comau.com\/de\/#website","url":"https:\/\/www.comau.com\/de\/","name":"Comau","description":"Industrial automation and robotics","publisher":{"@id":"https:\/\/www.comau.com\/de\/#organization"},"potentialAction":[{"@type":"SearchAction","target":{"@type":"EntryPoint","urlTemplate":"https:\/\/www.comau.com\/de\/?s={search_term_string}"},"query-input":{"@type":"PropertyValueSpecification","valueRequired":true,"valueName":"search_term_string"}}],"inLanguage":"de"},{"@type":"Organization","@id":"https:\/\/www.comau.com\/de\/#organization","name":"Comau","url":"https:\/\/www.comau.com\/de\/","logo":{"@type":"ImageObject","inLanguage":"de","@id":"https:\/\/www.comau.com\/de\/#\/schema\/logo\/image\/","url":"https:\/\/www.comau.com\/wp-content\/uploads\/2024\/07\/cropped-Logo-COMAU.png","contentUrl":"https:\/\/www.comau.com\/wp-content\/uploads\/2024\/07\/cropped-Logo-COMAU.png","width":434,"height":434,"caption":"Comau"},"image":{"@id":"https:\/\/www.comau.com\/de\/#\/schema\/logo\/image\/"},"sameAs":["https:\/\/www.facebook.com\/COMAU\/","https:\/\/x.com\/comaugroup","https:\/\/www.instagram.com\/comaugroup\/","https:\/\/www.linkedin.com\/company\/comau","https:\/\/www.youtube.com\/user\/comau"]}]}},"_links":{"self":[{"href":"https:\/\/www.comau.com\/de\/wp-json\/wp\/v2\/pages\/44015","targetHints":{"allow":["GET"]}}],"collection":[{"href":"https:\/\/www.comau.com\/de\/wp-json\/wp\/v2\/pages"}],"about":[{"href":"https:\/\/www.comau.com\/de\/wp-json\/wp\/v2\/types\/page"}],"author":[{"embeddable":true,"href":"https:\/\/www.comau.com\/de\/wp-json\/wp\/v2\/users\/7"}],"replies":[{"embeddable":true,"href":"https:\/\/www.comau.com\/de\/wp-json\/wp\/v2\/comments?post=44015"}],"version-history":[{"count":4,"href":"https:\/\/www.comau.com\/de\/wp-json\/wp\/v2\/pages\/44015\/revisions"}],"predecessor-version":[{"id":46102,"href":"https:\/\/www.comau.com\/de\/wp-json\/wp\/v2\/pages\/44015\/revisions\/46102"}],"up":[{"embeddable":true,"href":"https:\/\/www.comau.com\/de\/wp-json\/wp\/v2\/pages\/5716"}],"wp:featuredmedia":[{"embeddable":true,"href":"https:\/\/www.comau.com\/de\/wp-json\/wp\/v2\/media\/43850"}],"wp:attachment":[{"href":"https:\/\/www.comau.com\/de\/wp-json\/wp\/v2\/media?parent=44015"}],"curies":[{"name":"wp","href":"https:\/\/api.w.org\/{rel}","templated":true}]}}