{"id":43997,"date":"2022-03-18T18:00:07","date_gmt":"2022-03-18T17:00:07","guid":{"rendered":"https:\/\/www.comau.com\/?page_id=43997"},"modified":"2022-03-28T17:58:47","modified_gmt":"2022-03-28T15:58:47","slug":"3d","status":"publish","type":"page","link":"https:\/\/www.comau.com\/de\/competencies\/robotics-automation\/3d\/","title":{"rendered":"3D"},"content":{"rendered":"\n<h2 class=\"wp-block-heading\">Im Fokus: MI.RA\/3D<\/h2>\n\n\n\n<p>Unsere neue MI.RA\/3D-Technologie erm\u00f6glicht 3D-Leistung mit 2D-Kameras. Dank der fortschrittlichen Analysefunktion scannt das 3D-Roboterf\u00fchrungssystem Bilder, vergleicht sie mit einer iterativen Referenzdatenbank und unterst\u00fctzt damit hochpr\u00e4zise Arbeitsabl\u00e4ufe. Und da sich die F\u00fchrungspr\u00e4zision dank des patentierten Ansatzes vollst\u00e4ndig an die spezifischen Anforderungen der jeweiligen Arbeit anpassen l\u00e4sst, kann der Roboter anspruchsvolle Aufgaben intelligenter, schneller und pr\u00e4ziser durchzuf\u00fchren.<\/p>\n\n\n\n<p>MI.RA\/3D eignet sich hervorragend zum Picking und Ablegen, Be- und Entladen, zur Auswahl von Teilen in der Logistik etc. und gew\u00e4hrleistet eine optimale Positionierung mit maximaler Flexibilit\u00e4t. Das All-in-One-Lagebestimmungssystem nimmt eine Rundum-Bewertung eines starren K\u00f6rpers vor und vergleicht ihn mit einem vorbereiteten Referenzbild. Das System analysiert die durch die Roto-Translation hervorgerufene Bildver\u00e4nderung und weist den Roboter an, ggf. seine Greifposition neu zu definieren \u2013 auf diese Weise wird eine bessere Pr\u00e4zision bei geringeren Gesamtkosten gew\u00e4hrleistet.&nbsp;&nbsp;&nbsp;&nbsp;&nbsp;&nbsp;<\/p>\n\n\n\n<h2 class=\"wp-block-heading\">Vorteile<\/h2>\n\n\n\n<ul class=\"wp-block-list\"><li>Hardware- und Roboter-Unabh\u00e4ngigkeit: W\u00e4hlen Sie die beste Konfiguration f\u00fcr Ihren Anwendungsfall<\/li><li>CPU-unabh\u00e4ngig: Die L\u00f6sung l\u00e4sst sich auf verschiedenen Prozessoren implementieren<\/li><li>Optimierte Benutzeroberfl\u00e4che, benutzerfreundliche Systemeinstellung und nahtlose Integration in die Produktionslinie<\/li><li>Passt sich mithilfe der IR-Unterst\u00fctzung an ver\u00e4nderte Lichtverh\u00e4ltnisse an<\/li><li>Platzeinsparungen durch geringeren Platzbedarf<\/li><\/ul>\n\n\n\n<div class=\"wp-block-buttons is-layout-flex wp-block-buttons-is-layout-flex\">\n<div class=\"wp-block-button is-style-fill\"><a class=\"wp-block-button__link\" href=\"https:\/\/www.comau.com\/wp-content\/uploads\/2022\/03\/Brochure_MIRA_FINAL.pdf\">BROSCH\u00dcRE HERUNTERLADEN<\/a><\/div>\n<\/div>\n\n\n\n<p>&nbsp;&nbsp;&nbsp;<\/p>\n","protected":false},"excerpt":{"rendered":"<p>Im Fokus: MI.RA\/3D Unsere neue MI.RA\/3D-Technologie erm\u00f6glicht 3D-Leistung mit 2D-Kameras. Dank der fortschrittlichen Analysefunktion scannt das 3D-Roboterf\u00fchrungssystem Bilder, vergleicht sie mit einer iterativen Referenzdatenbank und unterst\u00fctzt damit hochpr\u00e4zise Arbeitsabl\u00e4ufe. Und da sich die F\u00fchrungspr\u00e4zision dank des patentierten Ansatzes vollst\u00e4ndig an die spezifischen Anforderungen der jeweiligen Arbeit anpassen l\u00e4sst, kann der Roboter anspruchsvolle Aufgaben intelligenter, schneller [&hellip;]<\/p>\n","protected":false},"author":7,"featured_media":43844,"parent":5716,"menu_order":0,"comment_status":"closed","ping_status":"closed","template":"","meta":{"_acf_changed":false,"ep_exclude_from_search":false,"footnotes":""},"class_list":["post-43997","page","type-page","status-publish","has-post-thumbnail","hentry"],"acf":[],"yoast_head":"<!-- This site is optimized with the Yoast SEO plugin v26.9 - https:\/\/yoast.com\/product\/yoast-seo-wordpress\/ -->\n<title>3D - Comau<\/title>\n<meta name=\"robots\" content=\"index, follow, max-snippet:-1, max-image-preview:large, max-video-preview:-1\" \/>\n<link rel=\"canonical\" href=\"https:\/\/www.comau.com\/de\/competencies\/robotics-automation\/3d\/\" \/>\n<meta property=\"og:locale\" content=\"de_DE\" \/>\n<meta property=\"og:type\" content=\"article\" \/>\n<meta property=\"og:title\" content=\"3D - Comau\" \/>\n<meta property=\"og:description\" content=\"Im Fokus: MI.RA\/3D Unsere neue MI.RA\/3D-Technologie erm\u00f6glicht 3D-Leistung mit 2D-Kameras. Dank der fortschrittlichen Analysefunktion scannt das 3D-Roboterf\u00fchrungssystem Bilder, vergleicht sie mit einer iterativen Referenzdatenbank und unterst\u00fctzt damit hochpr\u00e4zise Arbeitsabl\u00e4ufe. Und da sich die F\u00fchrungspr\u00e4zision dank des patentierten Ansatzes vollst\u00e4ndig an die spezifischen Anforderungen der jeweiligen Arbeit anpassen l\u00e4sst, kann der Roboter anspruchsvolle Aufgaben intelligenter, schneller [&hellip;]\" \/>\n<meta property=\"og:url\" content=\"https:\/\/www.comau.com\/de\/competencies\/robotics-automation\/3d\/\" \/>\n<meta property=\"og:site_name\" content=\"Comau\" \/>\n<meta property=\"article:publisher\" content=\"https:\/\/www.facebook.com\/COMAU\/\" \/>\n<meta property=\"article:modified_time\" content=\"2022-03-28T15:58:47+00:00\" \/>\n<meta property=\"og:image\" content=\"https:\/\/www.comau.com\/wp-content\/uploads\/2022\/03\/Mira-3D.jpg\" \/>\n\t<meta property=\"og:image:width\" content=\"1450\" \/>\n\t<meta property=\"og:image:height\" content=\"450\" \/>\n\t<meta property=\"og:image:type\" content=\"image\/jpeg\" \/>\n<meta name=\"twitter:card\" content=\"summary_large_image\" \/>\n<meta name=\"twitter:site\" content=\"@comaugroup\" \/>\n<meta name=\"twitter:label1\" content=\"Gesch\u00e4tzte Lesezeit\" \/>\n\t<meta name=\"twitter:data1\" content=\"1\u00a0Minute\" \/>\n<script type=\"application\/ld+json\" class=\"yoast-schema-graph\">{\"@context\":\"https:\/\/schema.org\",\"@graph\":[{\"@type\":\"WebPage\",\"@id\":\"https:\/\/www.comau.com\/de\/competencies\/robotics-automation\/3d\/\",\"url\":\"https:\/\/www.comau.com\/de\/competencies\/robotics-automation\/3d\/\",\"name\":\"3D - Comau\",\"isPartOf\":{\"@id\":\"https:\/\/www.comau.com\/de\/#website\"},\"primaryImageOfPage\":{\"@id\":\"https:\/\/www.comau.com\/de\/competencies\/robotics-automation\/3d\/#primaryimage\"},\"image\":{\"@id\":\"https:\/\/www.comau.com\/de\/competencies\/robotics-automation\/3d\/#primaryimage\"},\"thumbnailUrl\":\"https:\/\/www.comau.com\/wp-content\/uploads\/2022\/03\/Mira-3D.jpg\",\"datePublished\":\"2022-03-18T17:00:07+00:00\",\"dateModified\":\"2022-03-28T15:58:47+00:00\",\"breadcrumb\":{\"@id\":\"https:\/\/www.comau.com\/de\/competencies\/robotics-automation\/3d\/#breadcrumb\"},\"inLanguage\":\"de\",\"potentialAction\":[{\"@type\":\"ReadAction\",\"target\":[\"https:\/\/www.comau.com\/de\/competencies\/robotics-automation\/3d\/\"]}]},{\"@type\":\"ImageObject\",\"inLanguage\":\"de\",\"@id\":\"https:\/\/www.comau.com\/de\/competencies\/robotics-automation\/3d\/#primaryimage\",\"url\":\"https:\/\/www.comau.com\/wp-content\/uploads\/2022\/03\/Mira-3D.jpg\",\"contentUrl\":\"https:\/\/www.comau.com\/wp-content\/uploads\/2022\/03\/Mira-3D.jpg\",\"width\":1450,\"height\":450},{\"@type\":\"BreadcrumbList\",\"@id\":\"https:\/\/www.comau.com\/de\/competencies\/robotics-automation\/3d\/#breadcrumb\",\"itemListElement\":[{\"@type\":\"ListItem\",\"position\":1,\"name\":\"Home\",\"item\":\"https:\/\/www.comau.com\/de\/\"},{\"@type\":\"ListItem\",\"position\":2,\"name\":\"Unsere Kompetenzen\",\"item\":\"https:\/\/www.comau.com\/de\/competencies\/\"},{\"@type\":\"ListItem\",\"position\":3,\"name\":\"Robotics &amp; Automation\",\"item\":\"https:\/\/www.comau.com\/de\/competencies\/robotics-automation\/\"},{\"@type\":\"ListItem\",\"position\":4,\"name\":\"3D\"}]},{\"@type\":\"WebSite\",\"@id\":\"https:\/\/www.comau.com\/de\/#website\",\"url\":\"https:\/\/www.comau.com\/de\/\",\"name\":\"Comau\",\"description\":\"Industrial automation and robotics\",\"publisher\":{\"@id\":\"https:\/\/www.comau.com\/de\/#organization\"},\"potentialAction\":[{\"@type\":\"SearchAction\",\"target\":{\"@type\":\"EntryPoint\",\"urlTemplate\":\"https:\/\/www.comau.com\/de\/?s={search_term_string}\"},\"query-input\":{\"@type\":\"PropertyValueSpecification\",\"valueRequired\":true,\"valueName\":\"search_term_string\"}}],\"inLanguage\":\"de\"},{\"@type\":\"Organization\",\"@id\":\"https:\/\/www.comau.com\/de\/#organization\",\"name\":\"Comau\",\"url\":\"https:\/\/www.comau.com\/de\/\",\"logo\":{\"@type\":\"ImageObject\",\"inLanguage\":\"de\",\"@id\":\"https:\/\/www.comau.com\/de\/#\/schema\/logo\/image\/\",\"url\":\"https:\/\/www.comau.com\/wp-content\/uploads\/2024\/07\/cropped-Logo-COMAU.png\",\"contentUrl\":\"https:\/\/www.comau.com\/wp-content\/uploads\/2024\/07\/cropped-Logo-COMAU.png\",\"width\":434,\"height\":434,\"caption\":\"Comau\"},\"image\":{\"@id\":\"https:\/\/www.comau.com\/de\/#\/schema\/logo\/image\/\"},\"sameAs\":[\"https:\/\/www.facebook.com\/COMAU\/\",\"https:\/\/x.com\/comaugroup\",\"https:\/\/www.instagram.com\/comaugroup\/\",\"https:\/\/www.linkedin.com\/company\/comau\",\"https:\/\/www.youtube.com\/user\/comau\"]}]}<\/script>\n<!-- \/ Yoast SEO plugin. -->","yoast_head_json":{"title":"3D - Comau","robots":{"index":"index","follow":"follow","max-snippet":"max-snippet:-1","max-image-preview":"max-image-preview:large","max-video-preview":"max-video-preview:-1"},"canonical":"https:\/\/www.comau.com\/de\/competencies\/robotics-automation\/3d\/","og_locale":"de_DE","og_type":"article","og_title":"3D - Comau","og_description":"Im Fokus: MI.RA\/3D Unsere neue MI.RA\/3D-Technologie erm\u00f6glicht 3D-Leistung mit 2D-Kameras. Dank der fortschrittlichen Analysefunktion scannt das 3D-Roboterf\u00fchrungssystem Bilder, vergleicht sie mit einer iterativen Referenzdatenbank und unterst\u00fctzt damit hochpr\u00e4zise Arbeitsabl\u00e4ufe. Und da sich die F\u00fchrungspr\u00e4zision dank des patentierten Ansatzes vollst\u00e4ndig an die spezifischen Anforderungen der jeweiligen Arbeit anpassen l\u00e4sst, kann der Roboter anspruchsvolle Aufgaben intelligenter, schneller [&hellip;]","og_url":"https:\/\/www.comau.com\/de\/competencies\/robotics-automation\/3d\/","og_site_name":"Comau","article_publisher":"https:\/\/www.facebook.com\/COMAU\/","article_modified_time":"2022-03-28T15:58:47+00:00","og_image":[{"width":1450,"height":450,"url":"https:\/\/www.comau.com\/wp-content\/uploads\/2022\/03\/Mira-3D.jpg","type":"image\/jpeg"}],"twitter_card":"summary_large_image","twitter_site":"@comaugroup","twitter_misc":{"Gesch\u00e4tzte Lesezeit":"1\u00a0Minute"},"schema":{"@context":"https:\/\/schema.org","@graph":[{"@type":"WebPage","@id":"https:\/\/www.comau.com\/de\/competencies\/robotics-automation\/3d\/","url":"https:\/\/www.comau.com\/de\/competencies\/robotics-automation\/3d\/","name":"3D - Comau","isPartOf":{"@id":"https:\/\/www.comau.com\/de\/#website"},"primaryImageOfPage":{"@id":"https:\/\/www.comau.com\/de\/competencies\/robotics-automation\/3d\/#primaryimage"},"image":{"@id":"https:\/\/www.comau.com\/de\/competencies\/robotics-automation\/3d\/#primaryimage"},"thumbnailUrl":"https:\/\/www.comau.com\/wp-content\/uploads\/2022\/03\/Mira-3D.jpg","datePublished":"2022-03-18T17:00:07+00:00","dateModified":"2022-03-28T15:58:47+00:00","breadcrumb":{"@id":"https:\/\/www.comau.com\/de\/competencies\/robotics-automation\/3d\/#breadcrumb"},"inLanguage":"de","potentialAction":[{"@type":"ReadAction","target":["https:\/\/www.comau.com\/de\/competencies\/robotics-automation\/3d\/"]}]},{"@type":"ImageObject","inLanguage":"de","@id":"https:\/\/www.comau.com\/de\/competencies\/robotics-automation\/3d\/#primaryimage","url":"https:\/\/www.comau.com\/wp-content\/uploads\/2022\/03\/Mira-3D.jpg","contentUrl":"https:\/\/www.comau.com\/wp-content\/uploads\/2022\/03\/Mira-3D.jpg","width":1450,"height":450},{"@type":"BreadcrumbList","@id":"https:\/\/www.comau.com\/de\/competencies\/robotics-automation\/3d\/#breadcrumb","itemListElement":[{"@type":"ListItem","position":1,"name":"Home","item":"https:\/\/www.comau.com\/de\/"},{"@type":"ListItem","position":2,"name":"Unsere Kompetenzen","item":"https:\/\/www.comau.com\/de\/competencies\/"},{"@type":"ListItem","position":3,"name":"Robotics &amp; Automation","item":"https:\/\/www.comau.com\/de\/competencies\/robotics-automation\/"},{"@type":"ListItem","position":4,"name":"3D"}]},{"@type":"WebSite","@id":"https:\/\/www.comau.com\/de\/#website","url":"https:\/\/www.comau.com\/de\/","name":"Comau","description":"Industrial automation and robotics","publisher":{"@id":"https:\/\/www.comau.com\/de\/#organization"},"potentialAction":[{"@type":"SearchAction","target":{"@type":"EntryPoint","urlTemplate":"https:\/\/www.comau.com\/de\/?s={search_term_string}"},"query-input":{"@type":"PropertyValueSpecification","valueRequired":true,"valueName":"search_term_string"}}],"inLanguage":"de"},{"@type":"Organization","@id":"https:\/\/www.comau.com\/de\/#organization","name":"Comau","url":"https:\/\/www.comau.com\/de\/","logo":{"@type":"ImageObject","inLanguage":"de","@id":"https:\/\/www.comau.com\/de\/#\/schema\/logo\/image\/","url":"https:\/\/www.comau.com\/wp-content\/uploads\/2024\/07\/cropped-Logo-COMAU.png","contentUrl":"https:\/\/www.comau.com\/wp-content\/uploads\/2024\/07\/cropped-Logo-COMAU.png","width":434,"height":434,"caption":"Comau"},"image":{"@id":"https:\/\/www.comau.com\/de\/#\/schema\/logo\/image\/"},"sameAs":["https:\/\/www.facebook.com\/COMAU\/","https:\/\/x.com\/comaugroup","https:\/\/www.instagram.com\/comaugroup\/","https:\/\/www.linkedin.com\/company\/comau","https:\/\/www.youtube.com\/user\/comau"]}]}},"_links":{"self":[{"href":"https:\/\/www.comau.com\/de\/wp-json\/wp\/v2\/pages\/43997","targetHints":{"allow":["GET"]}}],"collection":[{"href":"https:\/\/www.comau.com\/de\/wp-json\/wp\/v2\/pages"}],"about":[{"href":"https:\/\/www.comau.com\/de\/wp-json\/wp\/v2\/types\/page"}],"author":[{"embeddable":true,"href":"https:\/\/www.comau.com\/de\/wp-json\/wp\/v2\/users\/7"}],"replies":[{"embeddable":true,"href":"https:\/\/www.comau.com\/de\/wp-json\/wp\/v2\/comments?post=43997"}],"version-history":[{"count":5,"href":"https:\/\/www.comau.com\/de\/wp-json\/wp\/v2\/pages\/43997\/revisions"}],"predecessor-version":[{"id":44280,"href":"https:\/\/www.comau.com\/de\/wp-json\/wp\/v2\/pages\/43997\/revisions\/44280"}],"up":[{"embeddable":true,"href":"https:\/\/www.comau.com\/de\/wp-json\/wp\/v2\/pages\/5716"}],"wp:featuredmedia":[{"embeddable":true,"href":"https:\/\/www.comau.com\/de\/wp-json\/wp\/v2\/media\/43844"}],"wp:attachment":[{"href":"https:\/\/www.comau.com\/de\/wp-json\/wp\/v2\/media?parent=43997"}],"curies":[{"name":"wp","href":"https:\/\/api.w.org\/{rel}","templated":true}]}}