{"id":43966,"date":"2022-03-18T18:00:16","date_gmt":"2022-03-18T17:00:16","guid":{"rendered":"https:\/\/www.comau.com\/?page_id=43966"},"modified":"2022-03-28T16:29:14","modified_gmt":"2022-03-28T14:29:14","slug":"depalletizer","status":"publish","type":"page","link":"https:\/\/www.comau.com\/de\/competencies\/robotics-automation\/depalletizer\/","title":{"rendered":"Depalletizer"},"content":{"rendered":"\n<h2 class=\"wp-block-heading\">Im Fokus: MI.RA\/Depalettierer<\/h2>\n\n\n\n<p>Die neueste L\u00f6sung der MI.RA Produktfamilie (Machine Inspection Recognition Archetypes) &nbsp;von Comau nutzt 3D-Kameras und fortschrittliche Algorithmen zur zuverl\u00e4ssigen Erkennung und Depalettierung von Kartons und Containern &#8211; schnell, pr\u00e4zise und kosteneffizient.&nbsp;<\/p>\n\n\n\n<p>Von Standardkartons mit bekannten Abmessungen bis hinzu zu einzelnen SKUs mit unbekannten Positionen ist der MI.RA\/Depalettierer in der Lage, gemischte SKUs mit unbekannten Abmessungen, Positionen und palettiergeometrien zu handhaben. Um eine solche Flexibilit\u00e4t zu erreichen, muss die intelligente All-in-One-L\u00f6sung verschiedene Verpackungen problemlos erkennen und darauf reagieren k\u00f6nnen, indem sie die Inhalte und den endg\u00fcltigen Ablageort ber\u00fccksichtigt.<\/p>\n\n\n\n<p>Mit den intelligenten fortschrittlichen Robotersystemen und den leistungsf\u00e4higen Vision Systems gew\u00e4hrleistet der MI.RA\/Depalettierer eine hundertprozentige Flexibilit\u00e4t in Bezug auf Verpackungstyp, Palettenlogistik, Robotertechnologien und Greifstrategie. Dar\u00fcber hinaus tr\u00e4gt der MI.RA\/Depalettierer erheblich zur Reduzierung der Kommissionierungszeit um bis zu 70&nbsp;%&nbsp;sowohl bei einzelnen als auch bei gemischten SKUs bei.<\/p>\n\n\n\n<p>Vom Picking der Produkte bis hin zu den Paketen, in denen diese verpackt sind, automatisiert der MI.RA\/Depalettierer den gesamten Depalettierungsprozess und tr\u00e4gt somit zur Optimierung der betrieblichen Logistik und Ihres Ertrags bei.<\/p>\n\n\n\n<p><\/p>\n\n\n\n<h2 class=\"wp-block-heading\">Vorteile<\/h2>\n\n\n\n<ul class=\"wp-block-list\"><li>Voll automatisierte Depalettierung einzelner und gemischter SKUs unabh\u00e4ngig von der Kartonposition<\/li><li>Hardware- und Roboter-Unabh\u00e4ngigkeit: W\u00e4hlen Sie die beste Konfiguration f\u00fcr Ihren Anwendungsfall<\/li><li>H\u00f6chste Flexibilit\u00e4t f\u00fcr Palettengr\u00f6\u00dfen und -h\u00f6hen \u00fcber 2&nbsp;m<\/li><li>Die L\u00f6sung erm\u00f6glicht Taktzeiten von bis zu 800 SKUs\/Stunde<\/li><\/ul>\n\n\n\n<figure class=\"wp-block-embed is-type-video is-provider-youtube wp-block-embed-youtube wp-embed-aspect-16-9 wp-has-aspect-ratio\"><div class=\"wp-block-embed__wrapper\">\n <iframe title=\"COMAU\u2019S MI.RA\/DEPALLETIZER\" width=\"640\" height=\"360\" src=\"https:\/\/www.youtube.com\/embed\/CSrryQmxJJY?feature=oembed\" frameborder=\"0\" allow=\"accelerometer; autoplay; clipboard-write; encrypted-media; gyroscope; picture-in-picture; web-share\" referrerpolicy=\"strict-origin-when-cross-origin\" allowfullscreen><\/iframe>\n<\/div><\/figure>\n","protected":false},"excerpt":{"rendered":"<p>Im Fokus: MI.RA\/Depalettierer Die neueste L\u00f6sung der MI.RA Produktfamilie (Machine Inspection Recognition Archetypes) &nbsp;von Comau nutzt 3D-Kameras und fortschrittliche Algorithmen zur zuverl\u00e4ssigen Erkennung und Depalettierung von Kartons und Containern &#8211; schnell, pr\u00e4zise und kosteneffizient.&nbsp; Von Standardkartons mit bekannten Abmessungen bis hinzu zu einzelnen SKUs mit unbekannten Positionen ist der MI.RA\/Depalettierer in der Lage, gemischte SKUs [&hellip;]<\/p>\n","protected":false},"author":7,"featured_media":48242,"parent":5716,"menu_order":0,"comment_status":"closed","ping_status":"closed","template":"","meta":{"_acf_changed":false,"ep_exclude_from_search":false,"footnotes":""},"class_list":["post-43966","page","type-page","status-publish","has-post-thumbnail","hentry"],"acf":[],"yoast_head":"<!-- This site is optimized with the Yoast SEO plugin v26.9 - https:\/\/yoast.com\/product\/yoast-seo-wordpress\/ -->\n<title>Depalletizer - Comau<\/title>\n<meta name=\"robots\" content=\"index, follow, max-snippet:-1, max-image-preview:large, max-video-preview:-1\" \/>\n<link rel=\"canonical\" href=\"https:\/\/www.comau.com\/de\/competencies\/robotics-automation\/depalletizer\/\" \/>\n<meta property=\"og:locale\" content=\"de_DE\" \/>\n<meta property=\"og:type\" content=\"article\" \/>\n<meta property=\"og:title\" content=\"Depalletizer - Comau\" \/>\n<meta property=\"og:description\" content=\"Im Fokus: MI.RA\/Depalettierer Die neueste L\u00f6sung der MI.RA Produktfamilie (Machine Inspection Recognition Archetypes) &nbsp;von Comau nutzt 3D-Kameras und fortschrittliche Algorithmen zur zuverl\u00e4ssigen Erkennung und Depalettierung von Kartons und Containern &#8211; schnell, pr\u00e4zise und kosteneffizient.&nbsp; Von Standardkartons mit bekannten Abmessungen bis hinzu zu einzelnen SKUs mit unbekannten Positionen ist der MI.RA\/Depalettierer in der Lage, gemischte SKUs [&hellip;]\" \/>\n<meta property=\"og:url\" content=\"https:\/\/www.comau.com\/de\/competencies\/robotics-automation\/depalletizer\/\" \/>\n<meta property=\"og:site_name\" content=\"Comau\" \/>\n<meta property=\"article:publisher\" content=\"https:\/\/www.facebook.com\/COMAU\/\" \/>\n<meta property=\"article:modified_time\" content=\"2022-03-28T14:29:14+00:00\" \/>\n<meta property=\"og:image\" content=\"https:\/\/www.comau.com\/wp-content\/uploads\/2022\/03\/Prodotto-Depal.jpg\" \/>\n\t<meta property=\"og:image:width\" content=\"1450\" \/>\n\t<meta property=\"og:image:height\" content=\"450\" \/>\n\t<meta property=\"og:image:type\" content=\"image\/jpeg\" \/>\n<meta name=\"twitter:card\" content=\"summary_large_image\" \/>\n<meta name=\"twitter:site\" content=\"@comaugroup\" \/>\n<meta name=\"twitter:label1\" content=\"Gesch\u00e4tzte Lesezeit\" \/>\n\t<meta name=\"twitter:data1\" content=\"1\u00a0Minute\" \/>\n<script type=\"application\/ld+json\" class=\"yoast-schema-graph\">{\"@context\":\"https:\/\/schema.org\",\"@graph\":[{\"@type\":\"WebPage\",\"@id\":\"https:\/\/www.comau.com\/de\/competencies\/robotics-automation\/depalletizer\/\",\"url\":\"https:\/\/www.comau.com\/de\/competencies\/robotics-automation\/depalletizer\/\",\"name\":\"Depalletizer - Comau\",\"isPartOf\":{\"@id\":\"https:\/\/www.comau.com\/de\/#website\"},\"primaryImageOfPage\":{\"@id\":\"https:\/\/www.comau.com\/de\/competencies\/robotics-automation\/depalletizer\/#primaryimage\"},\"image\":{\"@id\":\"https:\/\/www.comau.com\/de\/competencies\/robotics-automation\/depalletizer\/#primaryimage\"},\"thumbnailUrl\":\"https:\/\/www.comau.com\/wp-content\/uploads\/2022\/10\/Mira-Depalletizer.jpg\",\"datePublished\":\"2022-03-18T17:00:16+00:00\",\"dateModified\":\"2022-03-28T14:29:14+00:00\",\"breadcrumb\":{\"@id\":\"https:\/\/www.comau.com\/de\/competencies\/robotics-automation\/depalletizer\/#breadcrumb\"},\"inLanguage\":\"de\",\"potentialAction\":[{\"@type\":\"ReadAction\",\"target\":[\"https:\/\/www.comau.com\/de\/competencies\/robotics-automation\/depalletizer\/\"]}]},{\"@type\":\"ImageObject\",\"inLanguage\":\"de\",\"@id\":\"https:\/\/www.comau.com\/de\/competencies\/robotics-automation\/depalletizer\/#primaryimage\",\"url\":\"https:\/\/www.comau.com\/wp-content\/uploads\/2022\/10\/Mira-Depalletizer.jpg\",\"contentUrl\":\"https:\/\/www.comau.com\/wp-content\/uploads\/2022\/10\/Mira-Depalletizer.jpg\",\"width\":1450,\"height\":450,\"caption\":\"Mira-Depalletizer\"},{\"@type\":\"BreadcrumbList\",\"@id\":\"https:\/\/www.comau.com\/de\/competencies\/robotics-automation\/depalletizer\/#breadcrumb\",\"itemListElement\":[{\"@type\":\"ListItem\",\"position\":1,\"name\":\"Home\",\"item\":\"https:\/\/www.comau.com\/de\/\"},{\"@type\":\"ListItem\",\"position\":2,\"name\":\"Unsere Kompetenzen\",\"item\":\"https:\/\/www.comau.com\/de\/competencies\/\"},{\"@type\":\"ListItem\",\"position\":3,\"name\":\"Robotics &amp; Automation\",\"item\":\"https:\/\/www.comau.com\/de\/competencies\/robotics-automation\/\"},{\"@type\":\"ListItem\",\"position\":4,\"name\":\"Depalletizer\"}]},{\"@type\":\"WebSite\",\"@id\":\"https:\/\/www.comau.com\/de\/#website\",\"url\":\"https:\/\/www.comau.com\/de\/\",\"name\":\"Comau\",\"description\":\"Industrial automation and robotics\",\"publisher\":{\"@id\":\"https:\/\/www.comau.com\/de\/#organization\"},\"potentialAction\":[{\"@type\":\"SearchAction\",\"target\":{\"@type\":\"EntryPoint\",\"urlTemplate\":\"https:\/\/www.comau.com\/de\/?s={search_term_string}\"},\"query-input\":{\"@type\":\"PropertyValueSpecification\",\"valueRequired\":true,\"valueName\":\"search_term_string\"}}],\"inLanguage\":\"de\"},{\"@type\":\"Organization\",\"@id\":\"https:\/\/www.comau.com\/de\/#organization\",\"name\":\"Comau\",\"url\":\"https:\/\/www.comau.com\/de\/\",\"logo\":{\"@type\":\"ImageObject\",\"inLanguage\":\"de\",\"@id\":\"https:\/\/www.comau.com\/de\/#\/schema\/logo\/image\/\",\"url\":\"https:\/\/www.comau.com\/wp-content\/uploads\/2024\/07\/cropped-Logo-COMAU.png\",\"contentUrl\":\"https:\/\/www.comau.com\/wp-content\/uploads\/2024\/07\/cropped-Logo-COMAU.png\",\"width\":434,\"height\":434,\"caption\":\"Comau\"},\"image\":{\"@id\":\"https:\/\/www.comau.com\/de\/#\/schema\/logo\/image\/\"},\"sameAs\":[\"https:\/\/www.facebook.com\/COMAU\/\",\"https:\/\/x.com\/comaugroup\",\"https:\/\/www.instagram.com\/comaugroup\/\",\"https:\/\/www.linkedin.com\/company\/comau\",\"https:\/\/www.youtube.com\/user\/comau\"]}]}<\/script>\n<!-- \/ Yoast SEO plugin. -->","yoast_head_json":{"title":"Depalletizer - Comau","robots":{"index":"index","follow":"follow","max-snippet":"max-snippet:-1","max-image-preview":"max-image-preview:large","max-video-preview":"max-video-preview:-1"},"canonical":"https:\/\/www.comau.com\/de\/competencies\/robotics-automation\/depalletizer\/","og_locale":"de_DE","og_type":"article","og_title":"Depalletizer - Comau","og_description":"Im Fokus: MI.RA\/Depalettierer Die neueste L\u00f6sung der MI.RA Produktfamilie (Machine Inspection Recognition Archetypes) &nbsp;von Comau nutzt 3D-Kameras und fortschrittliche Algorithmen zur zuverl\u00e4ssigen Erkennung und Depalettierung von Kartons und Containern &#8211; schnell, pr\u00e4zise und kosteneffizient.&nbsp; Von Standardkartons mit bekannten Abmessungen bis hinzu zu einzelnen SKUs mit unbekannten Positionen ist der MI.RA\/Depalettierer in der Lage, gemischte SKUs [&hellip;]","og_url":"https:\/\/www.comau.com\/de\/competencies\/robotics-automation\/depalletizer\/","og_site_name":"Comau","article_publisher":"https:\/\/www.facebook.com\/COMAU\/","article_modified_time":"2022-03-28T14:29:14+00:00","og_image":[{"width":1450,"height":450,"url":"https:\/\/www.comau.com\/wp-content\/uploads\/2022\/03\/Prodotto-Depal.jpg","type":"image\/jpeg"}],"twitter_card":"summary_large_image","twitter_site":"@comaugroup","twitter_misc":{"Gesch\u00e4tzte Lesezeit":"1\u00a0Minute"},"schema":{"@context":"https:\/\/schema.org","@graph":[{"@type":"WebPage","@id":"https:\/\/www.comau.com\/de\/competencies\/robotics-automation\/depalletizer\/","url":"https:\/\/www.comau.com\/de\/competencies\/robotics-automation\/depalletizer\/","name":"Depalletizer - Comau","isPartOf":{"@id":"https:\/\/www.comau.com\/de\/#website"},"primaryImageOfPage":{"@id":"https:\/\/www.comau.com\/de\/competencies\/robotics-automation\/depalletizer\/#primaryimage"},"image":{"@id":"https:\/\/www.comau.com\/de\/competencies\/robotics-automation\/depalletizer\/#primaryimage"},"thumbnailUrl":"https:\/\/www.comau.com\/wp-content\/uploads\/2022\/10\/Mira-Depalletizer.jpg","datePublished":"2022-03-18T17:00:16+00:00","dateModified":"2022-03-28T14:29:14+00:00","breadcrumb":{"@id":"https:\/\/www.comau.com\/de\/competencies\/robotics-automation\/depalletizer\/#breadcrumb"},"inLanguage":"de","potentialAction":[{"@type":"ReadAction","target":["https:\/\/www.comau.com\/de\/competencies\/robotics-automation\/depalletizer\/"]}]},{"@type":"ImageObject","inLanguage":"de","@id":"https:\/\/www.comau.com\/de\/competencies\/robotics-automation\/depalletizer\/#primaryimage","url":"https:\/\/www.comau.com\/wp-content\/uploads\/2022\/10\/Mira-Depalletizer.jpg","contentUrl":"https:\/\/www.comau.com\/wp-content\/uploads\/2022\/10\/Mira-Depalletizer.jpg","width":1450,"height":450,"caption":"Mira-Depalletizer"},{"@type":"BreadcrumbList","@id":"https:\/\/www.comau.com\/de\/competencies\/robotics-automation\/depalletizer\/#breadcrumb","itemListElement":[{"@type":"ListItem","position":1,"name":"Home","item":"https:\/\/www.comau.com\/de\/"},{"@type":"ListItem","position":2,"name":"Unsere Kompetenzen","item":"https:\/\/www.comau.com\/de\/competencies\/"},{"@type":"ListItem","position":3,"name":"Robotics &amp; Automation","item":"https:\/\/www.comau.com\/de\/competencies\/robotics-automation\/"},{"@type":"ListItem","position":4,"name":"Depalletizer"}]},{"@type":"WebSite","@id":"https:\/\/www.comau.com\/de\/#website","url":"https:\/\/www.comau.com\/de\/","name":"Comau","description":"Industrial automation and robotics","publisher":{"@id":"https:\/\/www.comau.com\/de\/#organization"},"potentialAction":[{"@type":"SearchAction","target":{"@type":"EntryPoint","urlTemplate":"https:\/\/www.comau.com\/de\/?s={search_term_string}"},"query-input":{"@type":"PropertyValueSpecification","valueRequired":true,"valueName":"search_term_string"}}],"inLanguage":"de"},{"@type":"Organization","@id":"https:\/\/www.comau.com\/de\/#organization","name":"Comau","url":"https:\/\/www.comau.com\/de\/","logo":{"@type":"ImageObject","inLanguage":"de","@id":"https:\/\/www.comau.com\/de\/#\/schema\/logo\/image\/","url":"https:\/\/www.comau.com\/wp-content\/uploads\/2024\/07\/cropped-Logo-COMAU.png","contentUrl":"https:\/\/www.comau.com\/wp-content\/uploads\/2024\/07\/cropped-Logo-COMAU.png","width":434,"height":434,"caption":"Comau"},"image":{"@id":"https:\/\/www.comau.com\/de\/#\/schema\/logo\/image\/"},"sameAs":["https:\/\/www.facebook.com\/COMAU\/","https:\/\/x.com\/comaugroup","https:\/\/www.instagram.com\/comaugroup\/","https:\/\/www.linkedin.com\/company\/comau","https:\/\/www.youtube.com\/user\/comau"]}]}},"_links":{"self":[{"href":"https:\/\/www.comau.com\/de\/wp-json\/wp\/v2\/pages\/43966","targetHints":{"allow":["GET"]}}],"collection":[{"href":"https:\/\/www.comau.com\/de\/wp-json\/wp\/v2\/pages"}],"about":[{"href":"https:\/\/www.comau.com\/de\/wp-json\/wp\/v2\/types\/page"}],"author":[{"embeddable":true,"href":"https:\/\/www.comau.com\/de\/wp-json\/wp\/v2\/users\/7"}],"replies":[{"embeddable":true,"href":"https:\/\/www.comau.com\/de\/wp-json\/wp\/v2\/comments?post=43966"}],"version-history":[{"count":8,"href":"https:\/\/www.comau.com\/de\/wp-json\/wp\/v2\/pages\/43966\/revisions"}],"predecessor-version":[{"id":44256,"href":"https:\/\/www.comau.com\/de\/wp-json\/wp\/v2\/pages\/43966\/revisions\/44256"}],"up":[{"embeddable":true,"href":"https:\/\/www.comau.com\/de\/wp-json\/wp\/v2\/pages\/5716"}],"wp:featuredmedia":[{"embeddable":true,"href":"https:\/\/www.comau.com\/de\/wp-json\/wp\/v2\/media\/48242"}],"wp:attachment":[{"href":"https:\/\/www.comau.com\/de\/wp-json\/wp\/v2\/media?parent=43966"}],"curies":[{"name":"wp","href":"https:\/\/api.w.org\/{rel}","templated":true}]}}