{"id":43945,"date":"2022-03-18T15:43:12","date_gmt":"2022-03-18T14:43:12","guid":{"rendered":"https:\/\/www.comau.com\/?page_id=43945"},"modified":"2024-06-07T11:21:02","modified_gmt":"2024-06-07T09:21:02","slug":"mi-ra","status":"publish","type":"page","link":"https:\/\/www.comau.com\/de\/competencies\/products-solutions\/mi-ra\/","title":{"rendered":"MI.RA"},"content":{"rendered":"\n<h2 class=\"wp-block-heading\">Eine leistungsf\u00e4hige Produktfamilie.<\/h2>\n\n\n\n<p>Die neue Machine Inspection Recognition Archetypes (MI.RA) Produktfamilie von Comau umfasst flexible, Hardware-unabh\u00e4ngige Vision Systems, die Unternehmen aller Gr\u00f6\u00dfen die M\u00f6glichkeit bieten, Aufgaben zur Qualit\u00e4tspr\u00fcfung und Roboterf\u00fchrung intelligent und nahtlos durchzuf\u00fchren.<\/p>\n\n\n\n<p>Das MI.RA-Portfolio bietet die Flexibilit\u00e4t und Innovationskapazit\u00e4t zur Erf\u00fcllung der Anforderungen anspruchsvollster Produktionsszenarien und tr\u00e4gt dazu bei, modulare, skalierbare, stabile und personalisierbare L\u00f6sungen zu entwickeln, die die Betriebskosten reduzieren und gleichzeitig Durchsatz und Leistung erh\u00f6hen. Noch nie war kognitive Automatisierung so einfach!<\/p>\n\n\n\n<div style=\"height:30px\" aria-hidden=\"true\" class=\"wp-block-spacer\"><\/div>\n\n\n\n<h2 class=\"wp-block-heading\">Entdecken Sie Comau Vision Systems<\/h2>\n\n\n\n<div class=\"wp-block-columns columns-bg-dark is-layout-flex wp-container-core-columns-is-layout-9d6595d7 wp-block-columns-is-layout-flex\">\n<div class=\"wp-block-column is-layout-flow wp-block-column-is-layout-flow\">\n<h2 class=\"wp-block-heading\"><strong>MI.RA\/OnePicker<\/strong><\/h2>\n\n\n\n<h3 class=\"wp-block-heading\">Intelligente, bildgest\u00fctzte Kommissionierung<\/h3>\n\n\n\n<p>Die leistungsstarke KI-basierte L\u00f6sung von Comau zur autonomen Kommissionierung von generischen, heterogenen Objekten, die den Bedarf an manuellen und sich wiederholenden Arbeitsschritten reduziert und gleichzeitig die Gesamtproduktivit\u00e4t und Kosteneffizienz steigert.<\/p>\n\n\n\n<div class=\"wp-block-buttons is-layout-flex wp-block-buttons-is-layout-flex\">\n<div class=\"wp-block-button\"><a class=\"wp-block-button__link wp-element-button\" href=\"https:\/\/www.comau.com\/de\/competencies\/robotics-automation\/intelligente-bildgestuetzte-kommissionierung-2\/\" target=\"_blank\" rel=\"noreferrer noopener\">MEHR ERFAHREN<\/a><\/div>\n<\/div>\n<\/div>\n\n\n\n<div class=\"wp-block-column is-layout-flow wp-block-column-is-layout-flow\">\n<h2 class=\"wp-block-heading\"><strong>MI.RA\/Picker<\/strong><\/h2>\n\n\n\n<h3 class=\"wp-block-heading\">Automatisierte Kommissionierung von Beh\u00e4ltern mit Bildverarbeitung<\/h3>\n\n\n\n<p>Comau All-in-One-Standardl\u00f6sung f\u00fcr Random Bin Picking. Sie wurde entwickelt, um die Entleerung von Beh\u00e4ltern mit sortenreinen Objekten zu automatisieren. Sie reduziert den Bedarf an manuellen und sich wiederholenden Arbeitsschritten und erh\u00f6ht die Produktivit\u00e4t und Kosteneffizienz.<\/p>\n\n\n\n<div class=\"wp-block-buttons is-layout-flex wp-block-buttons-is-layout-flex\">\n<div class=\"wp-block-button\"><a class=\"wp-block-button__link wp-element-button\" href=\"https:\/\/www.comau.com\/de\/competencies\/robotics-automation\/intelligente-bildgestuetzte-kommissionierung\/\" target=\"_blank\" rel=\"noreferrer noopener\">MEHR ERFAHREN<\/a><\/div>\n<\/div>\n<\/div>\n<\/div>\n\n\n\n<div class=\"wp-block-columns columns-bg-dark is-layout-flex wp-container-core-columns-is-layout-9d6595d7 wp-block-columns-is-layout-flex\">\n<div class=\"wp-block-column is-layout-flow wp-block-column-is-layout-flow\">\n<h2 class=\"wp-block-heading\"><strong><strong>MI.RA\/3D<\/strong><\/strong><\/h2>\n\n\n\n<p>Die All-in-One-Technologie MI.RA\/3D von Comau erm\u00f6glicht eine 3D-Roboterf\u00fchrung ohne kostspielige 3D-Kameras. Unsere Hardware-unabh\u00e4ngige L\u00f6sung unterst\u00fctzt Roboter zuverl\u00e4ssig dabei, hochpr\u00e4zise Arbeitsabl\u00e4ufe mit einer 2D-Kamera und den fortschrittlichen Algorithmen von Comau durchzuf\u00fchren. Da sich die F\u00fchrungspr\u00e4zision an die spezifischen Anforderungen der jeweiligen Arbeit anpassen l\u00e4sst, erm\u00f6glicht MI.RA\/3D den Robotern, anspruchsvolle Aufgaben intelligenter, schneller und pr\u00e4ziser durchzuf\u00fchren.<\/p>\n\n\n\n<div class=\"wp-block-buttons is-layout-flex wp-block-buttons-is-layout-flex\">\n<div class=\"wp-block-button\"><a class=\"wp-block-button__link wp-element-button\" href=\"https:\/\/www.comau.com\/de\/competencies\/robotics-automation\/3d\/\" target=\"_blank\" rel=\"noreferrer noopener\">MEHR ERFAHREN<\/a><\/div>\n<\/div>\n<\/div>\n\n\n\n<div class=\"wp-block-column is-layout-flow wp-block-column-is-layout-flow\">\n<h2 class=\"wp-block-heading\"><strong><strong>MI.RA\/Depalletizer<\/strong><\/strong><\/h2>\n\n\n\n<p>Die automatisierte Depalettierungsl\u00f6sung von Comau nutzt eine 3D-Roboterf\u00fchrung und Machine-Learning-Algorithmen f\u00fcr das Handling von empfindlichen Containern. Die innovative MI.RA\/Depalettierer-Technologie erkennt und unterscheidet verschiedene SKU-Typen von der Umgebung und erm\u00f6glicht das automatisierte Handling komplexer Depalettierungsarbeiten mit hoher Pr\u00e4zision und Produktivit\u00e4t, auch bei sehr unterschiedlichen SKUs und Kartonpositionen.<\/p>\n\n\n\n<div class=\"wp-block-buttons is-layout-flex wp-block-buttons-is-layout-flex\">\n<div class=\"wp-block-button\"><a class=\"wp-block-button__link wp-element-button\" href=\"https:\/\/www.comau.com\/de\/competencies\/robotics-automation\/depalletizer\/\" target=\"_blank\" rel=\"noreferrer noopener\">MEHR ERFAHREN<\/a><\/div>\n<\/div>\n<\/div>\n<\/div>\n\n\n\n<h2 class=\"wp-block-heading\"><strong><strong>Fortschrittliche humanisierte Roboter f\u00fcr 360\u00b0-Tests<\/strong><\/strong><\/h2>\n\n\n\n<p>Die Leistung eines Infotainment-Centers h\u00e4ngt weitgehend von der Design-Qualit\u00e4t und der Effizienz der Mensch-Maschine-Schnittstelle (HMI) ab. Um beide schnell, automatisch und kosteneffizient zu testen, hat Comau seinen Roboterteststand humanisiert, damit der Roboter den Bildschirm <em>sehen<\/em>, Vorg\u00e4nge <em>ausf\u00fchren<\/em> und auf Bild-, Text- und Spracheingaben <em>reagieren <\/em>kann \u2013 genau wie der Fahrer.<\/p>\n","protected":false},"excerpt":{"rendered":"<p>Eine leistungsf\u00e4hige Produktfamilie. Die neue Machine Inspection Recognition Archetypes (MI.RA) Produktfamilie von Comau umfasst flexible, Hardware-unabh\u00e4ngige Vision Systems, die Unternehmen aller Gr\u00f6\u00dfen die M\u00f6glichkeit bieten, Aufgaben zur Qualit\u00e4tspr\u00fcfung und Roboterf\u00fchrung intelligent und nahtlos durchzuf\u00fchren. Das MI.RA-Portfolio bietet die Flexibilit\u00e4t und Innovationskapazit\u00e4t zur Erf\u00fcllung der Anforderungen anspruchsvollster Produktionsszenarien und tr\u00e4gt dazu bei, modulare, skalierbare, stabile und [&hellip;]<\/p>\n","protected":false},"author":7,"featured_media":43927,"parent":65270,"menu_order":0,"comment_status":"closed","ping_status":"closed","template":"","meta":{"_acf_changed":false,"ep_exclude_from_search":false,"footnotes":""},"class_list":["post-43945","page","type-page","status-publish","has-post-thumbnail","hentry"],"acf":[],"yoast_head":"<!-- This site is optimized with the Yoast SEO plugin v26.9 - https:\/\/yoast.com\/product\/yoast-seo-wordpress\/ -->\n<title>Kognitive Automatisierungssysteme: MI.RA | Comau<\/title>\n<meta name=\"description\" content=\"Entdecken Sie jetzt die kognitiven Automatisierungssysteme von Comau zur Prozessoptimierung: Erfahren Sie mehr \u00fcber MI.RA!\" \/>\n<meta name=\"robots\" content=\"index, follow, max-snippet:-1, max-image-preview:large, max-video-preview:-1\" \/>\n<link rel=\"canonical\" href=\"https:\/\/www.comau.com\/de\/competencies\/products-solutions\/mi-ra\/\" \/>\n<meta property=\"og:locale\" content=\"de_DE\" \/>\n<meta property=\"og:type\" content=\"article\" \/>\n<meta property=\"og:title\" content=\"Kognitive Automatisierungssysteme: MI.RA | Comau\" \/>\n<meta property=\"og:description\" content=\"Entdecken Sie jetzt die kognitiven Automatisierungssysteme von Comau zur Prozessoptimierung: Erfahren Sie mehr \u00fcber MI.RA!\" \/>\n<meta property=\"og:url\" content=\"https:\/\/www.comau.com\/de\/competencies\/products-solutions\/mi-ra\/\" \/>\n<meta property=\"og:site_name\" content=\"Comau\" \/>\n<meta property=\"article:publisher\" content=\"https:\/\/www.facebook.com\/COMAU\/\" \/>\n<meta property=\"article:modified_time\" content=\"2024-06-07T09:21:02+00:00\" \/>\n<meta property=\"og:image\" content=\"https:\/\/www.comau.com\/wp-content\/uploads\/2022\/03\/Mira_vision_system.jpg\" \/>\n\t<meta property=\"og:image:width\" content=\"1450\" \/>\n\t<meta property=\"og:image:height\" content=\"450\" \/>\n\t<meta property=\"og:image:type\" content=\"image\/jpeg\" \/>\n<meta name=\"twitter:card\" content=\"summary_large_image\" \/>\n<meta name=\"twitter:site\" content=\"@comaugroup\" \/>\n<meta name=\"twitter:label1\" content=\"Gesch\u00e4tzte Lesezeit\" \/>\n\t<meta name=\"twitter:data1\" content=\"2\u00a0Minuten\" \/>\n<script type=\"application\/ld+json\" class=\"yoast-schema-graph\">{\"@context\":\"https:\/\/schema.org\",\"@graph\":[{\"@type\":\"WebPage\",\"@id\":\"https:\/\/www.comau.com\/de\/competencies\/products-solutions\/mi-ra\/\",\"url\":\"https:\/\/www.comau.com\/de\/competencies\/products-solutions\/mi-ra\/\",\"name\":\"Kognitive Automatisierungssysteme: MI.RA | Comau\",\"isPartOf\":{\"@id\":\"https:\/\/www.comau.com\/de\/#website\"},\"primaryImageOfPage\":{\"@id\":\"https:\/\/www.comau.com\/de\/competencies\/products-solutions\/mi-ra\/#primaryimage\"},\"image\":{\"@id\":\"https:\/\/www.comau.com\/de\/competencies\/products-solutions\/mi-ra\/#primaryimage\"},\"thumbnailUrl\":\"https:\/\/www.comau.com\/wp-content\/uploads\/2022\/03\/Mira_vision_system.jpg\",\"datePublished\":\"2022-03-18T14:43:12+00:00\",\"dateModified\":\"2024-06-07T09:21:02+00:00\",\"description\":\"Entdecken Sie jetzt die kognitiven Automatisierungssysteme von Comau zur Prozessoptimierung: Erfahren Sie mehr \u00fcber MI.RA!\",\"breadcrumb\":{\"@id\":\"https:\/\/www.comau.com\/de\/competencies\/products-solutions\/mi-ra\/#breadcrumb\"},\"inLanguage\":\"de\",\"potentialAction\":[{\"@type\":\"ReadAction\",\"target\":[\"https:\/\/www.comau.com\/de\/competencies\/products-solutions\/mi-ra\/\"]}]},{\"@type\":\"ImageObject\",\"inLanguage\":\"de\",\"@id\":\"https:\/\/www.comau.com\/de\/competencies\/products-solutions\/mi-ra\/#primaryimage\",\"url\":\"https:\/\/www.comau.com\/wp-content\/uploads\/2022\/03\/Mira_vision_system.jpg\",\"contentUrl\":\"https:\/\/www.comau.com\/wp-content\/uploads\/2022\/03\/Mira_vision_system.jpg\",\"width\":1450,\"height\":450},{\"@type\":\"BreadcrumbList\",\"@id\":\"https:\/\/www.comau.com\/de\/competencies\/products-solutions\/mi-ra\/#breadcrumb\",\"itemListElement\":[{\"@type\":\"ListItem\",\"position\":1,\"name\":\"Home\",\"item\":\"https:\/\/www.comau.com\/de\/\"},{\"@type\":\"ListItem\",\"position\":2,\"name\":\"Unsere Kompetenzen\",\"item\":\"https:\/\/www.comau.com\/de\/competencies\/\"},{\"@type\":\"ListItem\",\"position\":3,\"name\":\"Robotics &amp; Automation\",\"item\":\"https:\/\/www.comau.com\/de\/competencies\/robotics-automation\/\"},{\"@type\":\"ListItem\",\"position\":4,\"name\":\"MI.RA\"}]},{\"@type\":\"WebSite\",\"@id\":\"https:\/\/www.comau.com\/de\/#website\",\"url\":\"https:\/\/www.comau.com\/de\/\",\"name\":\"Comau\",\"description\":\"Industrial automation and robotics\",\"publisher\":{\"@id\":\"https:\/\/www.comau.com\/de\/#organization\"},\"potentialAction\":[{\"@type\":\"SearchAction\",\"target\":{\"@type\":\"EntryPoint\",\"urlTemplate\":\"https:\/\/www.comau.com\/de\/?s={search_term_string}\"},\"query-input\":{\"@type\":\"PropertyValueSpecification\",\"valueRequired\":true,\"valueName\":\"search_term_string\"}}],\"inLanguage\":\"de\"},{\"@type\":\"Organization\",\"@id\":\"https:\/\/www.comau.com\/de\/#organization\",\"name\":\"Comau\",\"url\":\"https:\/\/www.comau.com\/de\/\",\"logo\":{\"@type\":\"ImageObject\",\"inLanguage\":\"de\",\"@id\":\"https:\/\/www.comau.com\/de\/#\/schema\/logo\/image\/\",\"url\":\"https:\/\/www.comau.com\/wp-content\/uploads\/2024\/07\/cropped-Logo-COMAU.png\",\"contentUrl\":\"https:\/\/www.comau.com\/wp-content\/uploads\/2024\/07\/cropped-Logo-COMAU.png\",\"width\":434,\"height\":434,\"caption\":\"Comau\"},\"image\":{\"@id\":\"https:\/\/www.comau.com\/de\/#\/schema\/logo\/image\/\"},\"sameAs\":[\"https:\/\/www.facebook.com\/COMAU\/\",\"https:\/\/x.com\/comaugroup\",\"https:\/\/www.instagram.com\/comaugroup\/\",\"https:\/\/www.linkedin.com\/company\/comau\",\"https:\/\/www.youtube.com\/user\/comau\"]}]}<\/script>\n<!-- \/ Yoast SEO plugin. -->","yoast_head_json":{"title":"Kognitive Automatisierungssysteme: MI.RA | Comau","description":"Entdecken Sie jetzt die kognitiven Automatisierungssysteme von Comau zur Prozessoptimierung: Erfahren Sie mehr \u00fcber MI.RA!","robots":{"index":"index","follow":"follow","max-snippet":"max-snippet:-1","max-image-preview":"max-image-preview:large","max-video-preview":"max-video-preview:-1"},"canonical":"https:\/\/www.comau.com\/de\/competencies\/products-solutions\/mi-ra\/","og_locale":"de_DE","og_type":"article","og_title":"Kognitive Automatisierungssysteme: MI.RA | Comau","og_description":"Entdecken Sie jetzt die kognitiven Automatisierungssysteme von Comau zur Prozessoptimierung: Erfahren Sie mehr \u00fcber MI.RA!","og_url":"https:\/\/www.comau.com\/de\/competencies\/products-solutions\/mi-ra\/","og_site_name":"Comau","article_publisher":"https:\/\/www.facebook.com\/COMAU\/","article_modified_time":"2024-06-07T09:21:02+00:00","og_image":[{"width":1450,"height":450,"url":"https:\/\/www.comau.com\/wp-content\/uploads\/2022\/03\/Mira_vision_system.jpg","type":"image\/jpeg"}],"twitter_card":"summary_large_image","twitter_site":"@comaugroup","twitter_misc":{"Gesch\u00e4tzte Lesezeit":"2\u00a0Minuten"},"schema":{"@context":"https:\/\/schema.org","@graph":[{"@type":"WebPage","@id":"https:\/\/www.comau.com\/de\/competencies\/products-solutions\/mi-ra\/","url":"https:\/\/www.comau.com\/de\/competencies\/products-solutions\/mi-ra\/","name":"Kognitive Automatisierungssysteme: MI.RA | Comau","isPartOf":{"@id":"https:\/\/www.comau.com\/de\/#website"},"primaryImageOfPage":{"@id":"https:\/\/www.comau.com\/de\/competencies\/products-solutions\/mi-ra\/#primaryimage"},"image":{"@id":"https:\/\/www.comau.com\/de\/competencies\/products-solutions\/mi-ra\/#primaryimage"},"thumbnailUrl":"https:\/\/www.comau.com\/wp-content\/uploads\/2022\/03\/Mira_vision_system.jpg","datePublished":"2022-03-18T14:43:12+00:00","dateModified":"2024-06-07T09:21:02+00:00","description":"Entdecken Sie jetzt die kognitiven Automatisierungssysteme von Comau zur Prozessoptimierung: Erfahren Sie mehr \u00fcber MI.RA!","breadcrumb":{"@id":"https:\/\/www.comau.com\/de\/competencies\/products-solutions\/mi-ra\/#breadcrumb"},"inLanguage":"de","potentialAction":[{"@type":"ReadAction","target":["https:\/\/www.comau.com\/de\/competencies\/products-solutions\/mi-ra\/"]}]},{"@type":"ImageObject","inLanguage":"de","@id":"https:\/\/www.comau.com\/de\/competencies\/products-solutions\/mi-ra\/#primaryimage","url":"https:\/\/www.comau.com\/wp-content\/uploads\/2022\/03\/Mira_vision_system.jpg","contentUrl":"https:\/\/www.comau.com\/wp-content\/uploads\/2022\/03\/Mira_vision_system.jpg","width":1450,"height":450},{"@type":"BreadcrumbList","@id":"https:\/\/www.comau.com\/de\/competencies\/products-solutions\/mi-ra\/#breadcrumb","itemListElement":[{"@type":"ListItem","position":1,"name":"Home","item":"https:\/\/www.comau.com\/de\/"},{"@type":"ListItem","position":2,"name":"Unsere Kompetenzen","item":"https:\/\/www.comau.com\/de\/competencies\/"},{"@type":"ListItem","position":3,"name":"Robotics &amp; Automation","item":"https:\/\/www.comau.com\/de\/competencies\/robotics-automation\/"},{"@type":"ListItem","position":4,"name":"MI.RA"}]},{"@type":"WebSite","@id":"https:\/\/www.comau.com\/de\/#website","url":"https:\/\/www.comau.com\/de\/","name":"Comau","description":"Industrial automation and robotics","publisher":{"@id":"https:\/\/www.comau.com\/de\/#organization"},"potentialAction":[{"@type":"SearchAction","target":{"@type":"EntryPoint","urlTemplate":"https:\/\/www.comau.com\/de\/?s={search_term_string}"},"query-input":{"@type":"PropertyValueSpecification","valueRequired":true,"valueName":"search_term_string"}}],"inLanguage":"de"},{"@type":"Organization","@id":"https:\/\/www.comau.com\/de\/#organization","name":"Comau","url":"https:\/\/www.comau.com\/de\/","logo":{"@type":"ImageObject","inLanguage":"de","@id":"https:\/\/www.comau.com\/de\/#\/schema\/logo\/image\/","url":"https:\/\/www.comau.com\/wp-content\/uploads\/2024\/07\/cropped-Logo-COMAU.png","contentUrl":"https:\/\/www.comau.com\/wp-content\/uploads\/2024\/07\/cropped-Logo-COMAU.png","width":434,"height":434,"caption":"Comau"},"image":{"@id":"https:\/\/www.comau.com\/de\/#\/schema\/logo\/image\/"},"sameAs":["https:\/\/www.facebook.com\/COMAU\/","https:\/\/x.com\/comaugroup","https:\/\/www.instagram.com\/comaugroup\/","https:\/\/www.linkedin.com\/company\/comau","https:\/\/www.youtube.com\/user\/comau"]}]}},"_links":{"self":[{"href":"https:\/\/www.comau.com\/de\/wp-json\/wp\/v2\/pages\/43945","targetHints":{"allow":["GET"]}}],"collection":[{"href":"https:\/\/www.comau.com\/de\/wp-json\/wp\/v2\/pages"}],"about":[{"href":"https:\/\/www.comau.com\/de\/wp-json\/wp\/v2\/types\/page"}],"author":[{"embeddable":true,"href":"https:\/\/www.comau.com\/de\/wp-json\/wp\/v2\/users\/7"}],"replies":[{"embeddable":true,"href":"https:\/\/www.comau.com\/de\/wp-json\/wp\/v2\/comments?post=43945"}],"version-history":[{"count":13,"href":"https:\/\/www.comau.com\/de\/wp-json\/wp\/v2\/pages\/43945\/revisions"}],"predecessor-version":[{"id":64295,"href":"https:\/\/www.comau.com\/de\/wp-json\/wp\/v2\/pages\/43945\/revisions\/64295"}],"up":[{"embeddable":true,"href":"https:\/\/www.comau.com\/de\/wp-json\/wp\/v2\/pages\/65270"}],"wp:featuredmedia":[{"embeddable":true,"href":"https:\/\/www.comau.com\/de\/wp-json\/wp\/v2\/media\/43927"}],"wp:attachment":[{"href":"https:\/\/www.comau.com\/de\/wp-json\/wp\/v2\/media?parent=43945"}],"curies":[{"name":"wp","href":"https:\/\/api.w.org\/{rel}","templated":true}]}}