{"id":43245,"date":"2022-02-24T00:05:12","date_gmt":"2022-02-23T23:05:12","guid":{"rendered":"https:\/\/www.comau.com\/?page_id=43245"},"modified":"2025-04-01T07:15:59","modified_gmt":"2025-04-01T05:15:59","slug":"sustainability","status":"publish","type":"page","link":"https:\/\/www.comau.com\/de\/about-us\/sustainability\/","title":{"rendered":"Sustainability"},"content":{"rendered":"\n<p>Eine echte Nachhaltigkeit zu erreichen ist mit Sicherheit eine der gr\u00f6\u00dften Herausforderungen des 21. Jahrhunderts. Denn alles h\u00e4ngt zusammen. Die Gesch\u00e4ftspraktiken eines Unternehmens wirken sich nicht nur auf seine Mitarbeitenden, Lieferanten und Kunden aus, sondern auch auf die Natur und die Gesellschaft. Bei Comau sind wir uns dieser Tatsache durchaus bewusst. Aus diesem Grund legen wir gro\u00dfen Wert auf unser Nachhaltigkeitsengagement und beziehen weitreichende strategische Themen in die Erreichung dieses Ziels ein.<\/p>\n\n\n\n<p>Auch wenn Themen wie Vielfalt und Inklusion, die verantwortungsvolle Nutzung der Ressourcen und Reduzierung der Kohlenstoffemissionen, Gesundheit und Sicherheit am Arbeitsplatz sowie verantwortungsvolle Akquisitionsverfahren scheinbar nichts miteinander zu tun haben, sind sie doch wesentliche Elemente eines erfolgreichen \u00dcbergangs zu einer umweltfreundlicheren, selbstbestimmten Zukunft.<\/p>\n\n\n\n<p>Comau\u2018s kontinuierliches Streben nach Innovation hat dazu beigetragen, dass das Unternehmen nachhaltige L\u00f6sungen und Technologien entwickelt und umgesetzt hat, sowohl f\u00fcr den eigenen Betrieb als auch f\u00fcr seine Kunden. Wir wollen Industrie und Gesellschaft mit verschiedenen Projekten auf vier Gebieten helfen.<\/p>\n\n\n\n<div class=\"wp-block-columns is-layout-flex wp-container-core-columns-is-layout-9d6595d7 wp-block-columns-is-layout-flex\">\n<div class=\"wp-block-column is-layout-flow wp-block-column-is-layout-flow\">\n<figure class=\"wp-block-image size-full\"><img decoding=\"async\" width=\"540\" height=\"450\" src=\"https:\/\/www.comau.com\/wp-content\/uploads\/2022\/02\/Box-Environmental-DE.jpg\" alt=\"\" class=\"wp-image-43175\" srcset=\"https:\/\/www.comau.com\/wp-content\/uploads\/2022\/02\/Box-Environmental-DE.jpg 540w, https:\/\/www.comau.com\/wp-content\/uploads\/2022\/02\/Box-Environmental-DE-300x250.jpg 300w\" sizes=\"(max-width: 540px) 100vw, 540px\" \/><\/figure>\n\n\n\n<p>Eine nachhaltige Zukunft ist nur realisierbar, wenn konkrete Schritte unternommen werden. Aus diesem Grund verfolgt Comau mit Nachdruck die Reduzierung der Treibhausgasemissionen sowie des Energie- und Wasserverbrauchs und die Integration seiner T\u00e4tigkeiten in die Kreislaufwirtschaft. Und nicht nur das, unser Unternehmen ist auch ein aktiver Partner zahlreicher europ\u00e4ischer und internationaler Projekte, die auf die Beschleunigung einer zunehmenden Verbreitung von umweltfreundlichen Technologien und Produktionsprozessen ausgerichtet sind.<\/p>\n<\/div>\n\n\n\n<div class=\"wp-block-column is-layout-flow wp-block-column-is-layout-flow\">\n<figure class=\"wp-block-image size-full\"><img decoding=\"async\" width=\"540\" height=\"450\" src=\"https:\/\/www.comau.com\/wp-content\/uploads\/2022\/02\/Box-Social-DE.jpg\" alt=\"\" class=\"wp-image-43181\" srcset=\"https:\/\/www.comau.com\/wp-content\/uploads\/2022\/02\/Box-Social-DE.jpg 540w, https:\/\/www.comau.com\/wp-content\/uploads\/2022\/02\/Box-Social-DE-300x250.jpg 300w\" sizes=\"(max-width: 540px) 100vw, 540px\" \/><\/figure>\n\n\n\n<p>Eine gerechte, inklusive und sichere Arbeitsumgebung, in der der Arbeitsschutz ausreichend gew\u00e4hrleistet ist, Vielfalt gesch\u00e4tzt wird und Menschenrechte sowie Umweltgesetze eingehalten werden, ist f\u00fcr ein Unternehmen unerl\u00e4sslich, das die besten Talente anziehen, Innovation f\u00f6rdern und sozialen Fortschritt bringen will. Das Wohlergehen unserer Mitarbeitenden ist der erste Schritt zu einer nachhaltigen und besseren Zukunft, sowohl f\u00fcr die Industrie als auch f\u00fcr die Gemeinschaft. Aus diesem Grund und im Einklang mit unseren Kernwerten unterst\u00fctzen wir bei Comau zahlreiche soziale Projekte weltweit.<\/p>\n<\/div>\n<\/div>\n\n\n\n<div class=\"wp-block-columns is-layout-flex wp-container-core-columns-is-layout-9d6595d7 wp-block-columns-is-layout-flex\">\n<div class=\"wp-block-column is-layout-flow wp-block-column-is-layout-flow\">\n<figure class=\"wp-block-image size-full\"><img decoding=\"async\" width=\"540\" height=\"450\" src=\"https:\/\/www.comau.com\/wp-content\/uploads\/2022\/02\/Box-Product-DE.jpg\" alt=\"\" class=\"wp-image-43187\" srcset=\"https:\/\/www.comau.com\/wp-content\/uploads\/2022\/02\/Box-Product-DE.jpg 540w, https:\/\/www.comau.com\/wp-content\/uploads\/2022\/02\/Box-Product-DE-300x250.jpg 300w\" sizes=\"(max-width: 540px) 100vw, 540px\" \/><\/figure>\n\n\n\n<p>Innovation und Nachhaltigkeit sind untrennbar miteinander verbunden. Eine kontinuierliche Erforschung neuer Produktionsprozesse und bahnbrechender Technologien wie Digitalisierung erm\u00f6glichen Comau, energieeffizientere und ressourcenschonendere Produkte zu entwickeln, die dar\u00fcber hinaus leichter zu recyceln sind. Indem wir bessere Services anbieten, helfen wir Unternehmen, produktiver zu arbeiten und gleichzeitig ihre Gasemissionen und ihren Wasserverbrauch zu reduzieren und verantwortungsbewusst mit Rohstoffen umzugehen.<\/p>\n\n\n\n<p>Wir arbeiten an mehreren europ\u00e4ischen und internationalen Forschungs- und Entwicklungsprojekten mit, die Industrieunternehmen beim \u00dcbergang zu einem nachhaltigeren Umgang mit bahnbrechenden L\u00f6sungen unterst\u00fctzen.<\/p>\n<\/div>\n\n\n\n<div class=\"wp-block-column is-layout-flow wp-block-column-is-layout-flow\">\n<figure class=\"wp-block-image size-full\"><img decoding=\"async\" width=\"540\" height=\"450\" src=\"https:\/\/www.comau.com\/wp-content\/uploads\/2022\/02\/Box-Governance-DE.jpg\" alt=\"\" class=\"wp-image-43193\" srcset=\"https:\/\/www.comau.com\/wp-content\/uploads\/2022\/02\/Box-Governance-DE.jpg 540w, https:\/\/www.comau.com\/wp-content\/uploads\/2022\/02\/Box-Governance-DE-300x250.jpg 300w\" sizes=\"(max-width: 540px) 100vw, 540px\" \/><\/figure>\n\n\n\n<p>Nachhaltiges Wachstum l\u00e4sst sich nur mit ethisch vertretbaren, transparenten und verantwortungsvollen Gesch\u00e4ftspraktiken erreichen. Durch die Aufnahme des Nachhaltigkeitsaspekts in sein Governance-Modell verpflichtet sich Comau, verantwortungsvollere Beschaffungspraktiken umzusetzen, die Daten seiner Kunden besonders zu sch\u00fctzen und mit seinen Stakeholdern und der Gemeinschaft offen \u00fcber seine Gesch\u00e4ftst\u00e4tigkeit zu kommunizieren.<\/p>\n<\/div>\n<\/div>\n\n\n\n<h2 class=\"wp-block-heading\">Our projects<\/h2>\n\n\n\n<div class=\"wp-block-columns is-layout-flex wp-container-core-columns-is-layout-9d6595d7 wp-block-columns-is-layout-flex\">\n<div class=\"wp-block-column is-layout-flow wp-block-column-is-layout-flow\">\n<h3 class=\"wp-block-heading\"><strong>Women in Engineering &#8211; UK<\/strong><\/h3>\n\n\n\n<figure class=\"wp-block-image size-full\"><img decoding=\"async\" width=\"541\" height=\"360\" src=\"https:\/\/www.comau.com\/wp-content\/uploads\/2022\/02\/Project-Social_Women-in-EngineeringDE.jpg\" alt=\"\" class=\"wp-image-43217\" srcset=\"https:\/\/www.comau.com\/wp-content\/uploads\/2022\/02\/Project-Social_Women-in-EngineeringDE.jpg 541w, https:\/\/www.comau.com\/wp-content\/uploads\/2022\/02\/Project-Social_Women-in-EngineeringDE-300x200.jpg 300w\" sizes=\"(max-width: 541px) 100vw, 541px\" \/><\/figure>\n\n\n\n<p>Viele Mitarbeiterinnen bei Comau UK wurden aktiv in diese Initiative eingebunden, um den Anteil von Frauen in MINT-Berufen durch verschiedene Aktivit\u00e4ten in lokalen Schulen und Universit\u00e4ten zu steigern. Dazu geh\u00f6ren Initiativen wie das Sponsorship eines All-Girls-Teams f\u00fcr den nationalen Vex Robotics Wettbewerb und Vortr\u00e4ge unserer Mitarbeiterinnen in Schulen, um M\u00e4dchen f\u00fcr den Ingenieurberuf zu interessieren und das Stereotyp auszur\u00e4umen, dass MINT eine M\u00e4nnerdom\u00e4ne ist.<\/p>\n<\/div>\n\n\n\n<div class=\"wp-block-column is-layout-flow wp-block-column-is-layout-flow\">\n<h3 class=\"wp-block-heading\"><strong>Women in Automation &#8211; Mexiko<\/strong><\/h3>\n\n\n\n<figure class=\"wp-block-image size-full\"><img decoding=\"async\" width=\"541\" height=\"360\" src=\"https:\/\/www.comau.com\/wp-content\/uploads\/2022\/02\/Project-Social_Women-in-AutomationDE.jpg\" alt=\"\" class=\"wp-image-43205\" srcset=\"https:\/\/www.comau.com\/wp-content\/uploads\/2022\/02\/Project-Social_Women-in-AutomationDE.jpg 541w, https:\/\/www.comau.com\/wp-content\/uploads\/2022\/02\/Project-Social_Women-in-AutomationDE-300x200.jpg 300w\" sizes=\"(max-width: 541px) 100vw, 541px\" \/><\/figure>\n\n\n\n<p>Eine Reihe spezifischer Projekte, die alle Mitarbeiterinnen in Nordamerika zusammenbringen, um das Unternehmen durch ein inklusiveres Einstellungskonzept und die Zusammenarbeit mit Wohlt\u00e4tigkeitsorganisationen zu verbessern.<\/p>\n<\/div>\n<\/div>\n\n\n\n<div class=\"wp-block-columns is-layout-flex wp-container-core-columns-is-layout-9d6595d7 wp-block-columns-is-layout-flex\">\n<div class=\"wp-block-column is-layout-flow wp-block-column-is-layout-flow\">\n<h3 class=\"wp-block-heading\"><strong>Ausbildungs- &amp; Inklusionsprogramme &#8211; Brasilien<\/strong><\/h3>\n\n\n\n<figure class=\"wp-block-image size-full\"><img decoding=\"async\" width=\"541\" height=\"360\" src=\"https:\/\/www.comau.com\/wp-content\/uploads\/2022\/02\/Project-Social_BRAZILDE.jpg\" alt=\"\" class=\"wp-image-43211\" srcset=\"https:\/\/www.comau.com\/wp-content\/uploads\/2022\/02\/Project-Social_BRAZILDE.jpg 541w, https:\/\/www.comau.com\/wp-content\/uploads\/2022\/02\/Project-Social_BRAZILDE-300x200.jpg 300w\" sizes=\"(max-width: 541px) 100vw, 541px\" \/><\/figure>\n\n\n\n<p>Comau hat diese lokalen Initiativen ins Leben gerufen, um Jugendliche (14-18 Jahre) aus einkommensschwachen Familien auszubilden und Menschen mit Behinderungen einzustellen. Ziel der ersten Initiative ist, den beteiligten Jugendlichen eine bessere Vorbereitung auf das Berufsleben zu erm\u00f6glichen, indem sie nach der Schule bei Comau lernen und arbeiten. Das zweite Programm richtet sich an Menschen mit Behinderungen und hilft Managern dabei, die Vielfalt am Arbeitsplatz zu f\u00f6rdern. Bis heute hat Comau Brazil 56 Auszubildende und 43 Menschen mit Behinderungen eingestellt und weitere Termine zu unserem lokalen Kommunikationskalender hinzugef\u00fcgt, um Vielfalt und Inklusion zu feiern.<\/p>\n<\/div>\n\n\n\n<div class=\"wp-block-column is-layout-flow wp-block-column-is-layout-flow\">\n<h3 class=\"wp-block-heading\"><strong>STEM By Women &#8211; Italien<\/strong><\/h3>\n\n\n\n<figure class=\"wp-block-image size-full\"><img decoding=\"async\" width=\"541\" height=\"360\" src=\"https:\/\/www.comau.com\/wp-content\/uploads\/2022\/02\/Project-Social_STEM-By-WomenDE.jpg\" alt=\"\" class=\"wp-image-43223\" srcset=\"https:\/\/www.comau.com\/wp-content\/uploads\/2022\/02\/Project-Social_STEM-By-WomenDE.jpg 541w, https:\/\/www.comau.com\/wp-content\/uploads\/2022\/02\/Project-Social_STEM-By-WomenDE-300x200.jpg 300w\" sizes=\"(max-width: 541px) 100vw, 541px\" \/><\/figure>\n\n\n\n<p>Comau hat mit mehreren Initiativen unter der Leitung des Vereins STEM By Women zusammengearbeitet, der Ausbildungs- und Karrierem\u00f6glichkeiten f\u00fcr Frauen in Partnerschaft mit Privatunternehmen, Schulen und Universit\u00e4ten f\u00f6rdert. Ein besonders erw\u00e4hnenswertes Beispiel ist die Teilnahme von  zwei Mitarbeiterinnen in Schl\u00fcsselfunktionen unseres Unternehmens, die als interne Referenzen gelten.<\/p>\n<\/div>\n<\/div>\n\n\n\n<div class=\"wp-block-columns is-layout-flex wp-container-core-columns-is-layout-9d6595d7 wp-block-columns-is-layout-flex\">\n<div class=\"wp-block-column is-layout-flow wp-block-column-is-layout-flow\"><\/div>\n<\/div>\n\n\n\n<p><\/p>\n","protected":false},"excerpt":{"rendered":"<p>Eine echte Nachhaltigkeit zu erreichen ist mit Sicherheit eine der gr\u00f6\u00dften Herausforderungen des 21. Jahrhunderts. Denn alles h\u00e4ngt zusammen. Die Gesch\u00e4ftspraktiken eines Unternehmens wirken sich nicht nur auf seine Mitarbeitenden, Lieferanten und Kunden aus, sondern auch auf die Natur und die Gesellschaft. Bei Comau sind wir uns dieser Tatsache durchaus bewusst. Aus diesem Grund legen [&hellip;]<\/p>\n","protected":false},"author":11,"featured_media":43229,"parent":5216,"menu_order":5,"comment_status":"closed","ping_status":"closed","template":"","meta":{"_acf_changed":false,"ep_exclude_from_search":false,"footnotes":""},"class_list":["post-43245","page","type-page","status-publish","has-post-thumbnail","hentry"],"acf":[],"yoast_head":"<!-- This site is optimized with the Yoast SEO plugin v26.9 - https:\/\/yoast.com\/product\/yoast-seo-wordpress\/ -->\n<title>Innovation f\u00fcr eine nachhaltige Zukunft | Comau<\/title>\n<meta name=\"description\" content=\"Entdecken Sie die Philosophie von Comau f\u00fcr effiziente Innovation und eine nachhaltige Zukunft.\" \/>\n<meta name=\"robots\" content=\"index, follow, max-snippet:-1, max-image-preview:large, max-video-preview:-1\" \/>\n<link rel=\"canonical\" href=\"https:\/\/www.comau.com\/de\/about-us\/sustainability\/\" \/>\n<meta property=\"og:locale\" content=\"de_DE\" \/>\n<meta property=\"og:type\" content=\"article\" \/>\n<meta property=\"og:title\" content=\"Innovation f\u00fcr eine nachhaltige Zukunft | Comau\" \/>\n<meta property=\"og:description\" content=\"Entdecken Sie die Philosophie von Comau f\u00fcr effiziente Innovation und eine nachhaltige Zukunft.\" \/>\n<meta property=\"og:url\" content=\"https:\/\/www.comau.com\/de\/about-us\/sustainability\/\" \/>\n<meta property=\"og:site_name\" content=\"Comau\" \/>\n<meta property=\"article:publisher\" content=\"https:\/\/www.facebook.com\/COMAU\/\" \/>\n<meta property=\"article:modified_time\" content=\"2025-04-01T05:15:59+00:00\" \/>\n<meta property=\"og:image\" content=\"https:\/\/www.comau.com\/wp-content\/uploads\/2022\/02\/Sustainability_HERO.jpg\" \/>\n\t<meta property=\"og:image:width\" content=\"1450\" \/>\n\t<meta property=\"og:image:height\" content=\"450\" \/>\n\t<meta property=\"og:image:type\" content=\"image\/jpeg\" \/>\n<meta name=\"twitter:card\" content=\"summary_large_image\" \/>\n<meta name=\"twitter:site\" content=\"@comaugroup\" \/>\n<meta name=\"twitter:label1\" content=\"Gesch\u00e4tzte Lesezeit\" \/>\n\t<meta name=\"twitter:data1\" content=\"5\u00a0Minuten\" \/>\n<script type=\"application\/ld+json\" class=\"yoast-schema-graph\">{\"@context\":\"https:\/\/schema.org\",\"@graph\":[{\"@type\":\"WebPage\",\"@id\":\"https:\/\/www.comau.com\/de\/about-us\/sustainability\/\",\"url\":\"https:\/\/www.comau.com\/de\/about-us\/sustainability\/\",\"name\":\"Innovation f\u00fcr eine nachhaltige Zukunft | Comau\",\"isPartOf\":{\"@id\":\"https:\/\/www.comau.com\/de\/#website\"},\"primaryImageOfPage\":{\"@id\":\"https:\/\/www.comau.com\/de\/about-us\/sustainability\/#primaryimage\"},\"image\":{\"@id\":\"https:\/\/www.comau.com\/de\/about-us\/sustainability\/#primaryimage\"},\"thumbnailUrl\":\"https:\/\/www.comau.com\/wp-content\/uploads\/2022\/02\/Sustainability_HERO.jpg\",\"datePublished\":\"2022-02-23T23:05:12+00:00\",\"dateModified\":\"2025-04-01T05:15:59+00:00\",\"description\":\"Entdecken Sie die Philosophie von Comau f\u00fcr effiziente Innovation und eine nachhaltige Zukunft.\",\"breadcrumb\":{\"@id\":\"https:\/\/www.comau.com\/de\/about-us\/sustainability\/#breadcrumb\"},\"inLanguage\":\"de\",\"potentialAction\":[{\"@type\":\"ReadAction\",\"target\":[\"https:\/\/www.comau.com\/de\/about-us\/sustainability\/\"]}]},{\"@type\":\"ImageObject\",\"inLanguage\":\"de\",\"@id\":\"https:\/\/www.comau.com\/de\/about-us\/sustainability\/#primaryimage\",\"url\":\"https:\/\/www.comau.com\/wp-content\/uploads\/2022\/02\/Sustainability_HERO.jpg\",\"contentUrl\":\"https:\/\/www.comau.com\/wp-content\/uploads\/2022\/02\/Sustainability_HERO.jpg\",\"width\":1450,\"height\":450},{\"@type\":\"BreadcrumbList\",\"@id\":\"https:\/\/www.comau.com\/de\/about-us\/sustainability\/#breadcrumb\",\"itemListElement\":[{\"@type\":\"ListItem\",\"position\":1,\"name\":\"Home\",\"item\":\"https:\/\/www.comau.com\/de\/\"},{\"@type\":\"ListItem\",\"position\":2,\"name\":\"\u00dcber Comau\",\"item\":\"https:\/\/www.comau.com\/de\/about-us\/\"},{\"@type\":\"ListItem\",\"position\":3,\"name\":\"Sustainability\"}]},{\"@type\":\"WebSite\",\"@id\":\"https:\/\/www.comau.com\/de\/#website\",\"url\":\"https:\/\/www.comau.com\/de\/\",\"name\":\"Comau\",\"description\":\"Industrial automation and robotics\",\"publisher\":{\"@id\":\"https:\/\/www.comau.com\/de\/#organization\"},\"potentialAction\":[{\"@type\":\"SearchAction\",\"target\":{\"@type\":\"EntryPoint\",\"urlTemplate\":\"https:\/\/www.comau.com\/de\/?s={search_term_string}\"},\"query-input\":{\"@type\":\"PropertyValueSpecification\",\"valueRequired\":true,\"valueName\":\"search_term_string\"}}],\"inLanguage\":\"de\"},{\"@type\":\"Organization\",\"@id\":\"https:\/\/www.comau.com\/de\/#organization\",\"name\":\"Comau\",\"url\":\"https:\/\/www.comau.com\/de\/\",\"logo\":{\"@type\":\"ImageObject\",\"inLanguage\":\"de\",\"@id\":\"https:\/\/www.comau.com\/de\/#\/schema\/logo\/image\/\",\"url\":\"https:\/\/www.comau.com\/wp-content\/uploads\/2024\/07\/cropped-Logo-COMAU.png\",\"contentUrl\":\"https:\/\/www.comau.com\/wp-content\/uploads\/2024\/07\/cropped-Logo-COMAU.png\",\"width\":434,\"height\":434,\"caption\":\"Comau\"},\"image\":{\"@id\":\"https:\/\/www.comau.com\/de\/#\/schema\/logo\/image\/\"},\"sameAs\":[\"https:\/\/www.facebook.com\/COMAU\/\",\"https:\/\/x.com\/comaugroup\",\"https:\/\/www.instagram.com\/comaugroup\/\",\"https:\/\/www.linkedin.com\/company\/comau\",\"https:\/\/www.youtube.com\/user\/comau\"]}]}<\/script>\n<!-- \/ Yoast SEO plugin. -->","yoast_head_json":{"title":"Innovation f\u00fcr eine nachhaltige Zukunft | Comau","description":"Entdecken Sie die Philosophie von Comau f\u00fcr effiziente Innovation und eine nachhaltige Zukunft.","robots":{"index":"index","follow":"follow","max-snippet":"max-snippet:-1","max-image-preview":"max-image-preview:large","max-video-preview":"max-video-preview:-1"},"canonical":"https:\/\/www.comau.com\/de\/about-us\/sustainability\/","og_locale":"de_DE","og_type":"article","og_title":"Innovation f\u00fcr eine nachhaltige Zukunft | Comau","og_description":"Entdecken Sie die Philosophie von Comau f\u00fcr effiziente Innovation und eine nachhaltige Zukunft.","og_url":"https:\/\/www.comau.com\/de\/about-us\/sustainability\/","og_site_name":"Comau","article_publisher":"https:\/\/www.facebook.com\/COMAU\/","article_modified_time":"2025-04-01T05:15:59+00:00","og_image":[{"width":1450,"height":450,"url":"https:\/\/www.comau.com\/wp-content\/uploads\/2022\/02\/Sustainability_HERO.jpg","type":"image\/jpeg"}],"twitter_card":"summary_large_image","twitter_site":"@comaugroup","twitter_misc":{"Gesch\u00e4tzte Lesezeit":"5\u00a0Minuten"},"schema":{"@context":"https:\/\/schema.org","@graph":[{"@type":"WebPage","@id":"https:\/\/www.comau.com\/de\/about-us\/sustainability\/","url":"https:\/\/www.comau.com\/de\/about-us\/sustainability\/","name":"Innovation f\u00fcr eine nachhaltige Zukunft | Comau","isPartOf":{"@id":"https:\/\/www.comau.com\/de\/#website"},"primaryImageOfPage":{"@id":"https:\/\/www.comau.com\/de\/about-us\/sustainability\/#primaryimage"},"image":{"@id":"https:\/\/www.comau.com\/de\/about-us\/sustainability\/#primaryimage"},"thumbnailUrl":"https:\/\/www.comau.com\/wp-content\/uploads\/2022\/02\/Sustainability_HERO.jpg","datePublished":"2022-02-23T23:05:12+00:00","dateModified":"2025-04-01T05:15:59+00:00","description":"Entdecken Sie die Philosophie von Comau f\u00fcr effiziente Innovation und eine nachhaltige Zukunft.","breadcrumb":{"@id":"https:\/\/www.comau.com\/de\/about-us\/sustainability\/#breadcrumb"},"inLanguage":"de","potentialAction":[{"@type":"ReadAction","target":["https:\/\/www.comau.com\/de\/about-us\/sustainability\/"]}]},{"@type":"ImageObject","inLanguage":"de","@id":"https:\/\/www.comau.com\/de\/about-us\/sustainability\/#primaryimage","url":"https:\/\/www.comau.com\/wp-content\/uploads\/2022\/02\/Sustainability_HERO.jpg","contentUrl":"https:\/\/www.comau.com\/wp-content\/uploads\/2022\/02\/Sustainability_HERO.jpg","width":1450,"height":450},{"@type":"BreadcrumbList","@id":"https:\/\/www.comau.com\/de\/about-us\/sustainability\/#breadcrumb","itemListElement":[{"@type":"ListItem","position":1,"name":"Home","item":"https:\/\/www.comau.com\/de\/"},{"@type":"ListItem","position":2,"name":"\u00dcber Comau","item":"https:\/\/www.comau.com\/de\/about-us\/"},{"@type":"ListItem","position":3,"name":"Sustainability"}]},{"@type":"WebSite","@id":"https:\/\/www.comau.com\/de\/#website","url":"https:\/\/www.comau.com\/de\/","name":"Comau","description":"Industrial automation and robotics","publisher":{"@id":"https:\/\/www.comau.com\/de\/#organization"},"potentialAction":[{"@type":"SearchAction","target":{"@type":"EntryPoint","urlTemplate":"https:\/\/www.comau.com\/de\/?s={search_term_string}"},"query-input":{"@type":"PropertyValueSpecification","valueRequired":true,"valueName":"search_term_string"}}],"inLanguage":"de"},{"@type":"Organization","@id":"https:\/\/www.comau.com\/de\/#organization","name":"Comau","url":"https:\/\/www.comau.com\/de\/","logo":{"@type":"ImageObject","inLanguage":"de","@id":"https:\/\/www.comau.com\/de\/#\/schema\/logo\/image\/","url":"https:\/\/www.comau.com\/wp-content\/uploads\/2024\/07\/cropped-Logo-COMAU.png","contentUrl":"https:\/\/www.comau.com\/wp-content\/uploads\/2024\/07\/cropped-Logo-COMAU.png","width":434,"height":434,"caption":"Comau"},"image":{"@id":"https:\/\/www.comau.com\/de\/#\/schema\/logo\/image\/"},"sameAs":["https:\/\/www.facebook.com\/COMAU\/","https:\/\/x.com\/comaugroup","https:\/\/www.instagram.com\/comaugroup\/","https:\/\/www.linkedin.com\/company\/comau","https:\/\/www.youtube.com\/user\/comau"]}]}},"_links":{"self":[{"href":"https:\/\/www.comau.com\/de\/wp-json\/wp\/v2\/pages\/43245","targetHints":{"allow":["GET"]}}],"collection":[{"href":"https:\/\/www.comau.com\/de\/wp-json\/wp\/v2\/pages"}],"about":[{"href":"https:\/\/www.comau.com\/de\/wp-json\/wp\/v2\/types\/page"}],"author":[{"embeddable":true,"href":"https:\/\/www.comau.com\/de\/wp-json\/wp\/v2\/users\/11"}],"replies":[{"embeddable":true,"href":"https:\/\/www.comau.com\/de\/wp-json\/wp\/v2\/comments?post=43245"}],"version-history":[{"count":18,"href":"https:\/\/www.comau.com\/de\/wp-json\/wp\/v2\/pages\/43245\/revisions"}],"predecessor-version":[{"id":74933,"href":"https:\/\/www.comau.com\/de\/wp-json\/wp\/v2\/pages\/43245\/revisions\/74933"}],"up":[{"embeddable":true,"href":"https:\/\/www.comau.com\/de\/wp-json\/wp\/v2\/pages\/5216"}],"wp:featuredmedia":[{"embeddable":true,"href":"https:\/\/www.comau.com\/de\/wp-json\/wp\/v2\/media\/43229"}],"wp:attachment":[{"href":"https:\/\/www.comau.com\/de\/wp-json\/wp\/v2\/media?parent=43245"}],"curies":[{"name":"wp","href":"https:\/\/api.w.org\/{rel}","templated":true}]}}