{"id":41502,"date":"2022-01-24T18:26:27","date_gmt":"2022-01-24T17:26:27","guid":{"rendered":"https:\/\/www.comau.com\/success-stories\/leveraging-advanced-robotics\/"},"modified":"2022-04-27T12:09:53","modified_gmt":"2022-04-27T10:09:53","slug":"leveraging-advanced-robotics","status":"publish","type":"page","link":"https:\/\/www.comau.com\/de\/about-us\/success-stories\/leveraging-advanced-robotics\/","title":{"rendered":"Stellantis Gap and Flush case study"},"content":{"rendered":"\n<div class=\"wp-block-group mt-5\"><div class=\"wp-block-group__inner-container is-layout-flow wp-block-group-is-layout-flow\">\n<p>Bei der Endmontage k\u00f6nnen Spalt- und B\u00fcndigkeitsprobleme zu Produktionsverz\u00f6gerungen sowie zu h\u00f6heren Nacharbeitungskosten f\u00fchren. Aus diesem Grund hat Comau ein vollautomatisches Spalt- und B\u00fcndigkeitspr\u00fcfsystem entwickelt, das mithilfe fortschrittlicher Robotik und eines intelligenten Vision Systems potenzielle M\u00e4ngel an einer Vielzahl unterschiedlicher Teile misst, w\u00e4hrend sich das Fahrzeug auf dem Endmontageband vorw\u00e4rts bewegt. Das System identifiziert und pr\u00fcft die b\u00fcndigen Stellen entlang der Karosserie, erfasst die entsprechenden Daten und zeigt Konformit\u00e4tsfehler an.<\/p>\n\n\n\n<p>Die dynamische Pr\u00fcfl\u00f6sung von Comau wirkt sich direkt auf die allgemeine Leistung der Fertigungsstra\u00dfe aus, erl\u00e4utert Nunzio Magnano &#8211; Leiter des Globalen Kompetenzzentrums f\u00fcr Rohkarosserie &amp; Allgemeine Montage. <\/p>\n<\/div><\/div>\n\n\n\n<div class=\"wp-block-group wide-section-light-1 py-5 my-5\"><div class=\"wp-block-group__inner-container is-layout-flow wp-block-group-is-layout-flow\">\n<blockquote class=\"wp-block-quote success-story-quote is-layout-flow wp-block-quote-is-layout-flow\"><p>\u201eWie bereits bei unserer <em>Stellantis Factory Booster Challenge<\/em> unter Beweis gestellt, spart dieses System Zeit und reduziert potenzielle menschliche Fehler im Vergleich zu manuellen Messverfahren. Der gro\u00dfe Vorteil liegt in der Geschwindigkeit des Industrieroboters und seiner F\u00e4higkeit, die traditionelle \u201eGut-Schlecht\u201c-Entscheidung in einen pr\u00e4zisen nummerischen Wert zu \u00fcbersetzen.\u201c<\/p><cite><strong>Nunzio Magnano, Comau Chief of Body in White &amp; General Assembly Global Competence Center<\/strong><\/cite><\/blockquote>\n<\/div><\/div>\n\n\n\n<div class=\"wp-block-columns is-layout-flex wp-container-core-columns-is-layout-9d6595d7 wp-block-columns-is-layout-flex\">\n<div class=\"wp-block-column is-layout-flow wp-block-column-is-layout-flow\">\n<h2 class=\"h3 wp-block-heading\" id=\"the-challenge\">Die Herausfoderung<\/h2>\n\n\n\n<p>Bislang erfolgte die Spalt- und B\u00fcndigkeitspr\u00fcfung durch manuelle Kontrollen in einer station\u00e4ren Kontrollzelle. Es stellten sich zwei Herausforderungen bei der Entwicklung einer automatisierten Alternative. Erstens mussten die Ingenieure von Comau die Vielzahl der unterschiedlichen Teile, Farben und Materialien ber\u00fccksichtigen, die zu pr\u00fcfen und zu messen sind. Zweitens mussten sie eine durchg\u00e4ngige Leistung mit einem robusten, aber auch flexiblen System sicherstellen, das Messtoleranzen f\u00fcr K\u00fchlerhaube, T\u00fcren, Heckklappe etc. an einer sich langsam bewegenden Fahrzeugkarosserie pr\u00e4zise erkennt. Dar\u00fcber hinaus musste die L\u00f6sung das angestrebte Amortisierungsziel von 12 Monaten erf\u00fcllen.<\/p>\n<\/div>\n\n\n\n<div class=\"wp-block-column is-layout-flow wp-block-column-is-layout-flow\">\n<h2 class=\"h3 wp-block-heading\" id=\"the-solution\">Die L\u00f6sung<\/h2>\n\n\n\n<p>Comau hat ein innovatives Pr\u00fcfsystem entwickelt, das einen bislang manuellen Prozess vollst\u00e4ndig automatisiert. Der schnelle, kollaborative Roboter RACER-5 COBOT bietet dem Kunden in Kombination mit der leistungsf\u00e4higen Steuerungssoftware und dem integrierten Vision System EDIXIA die M\u00f6glichkeit, alle b\u00fcndigen Stellen an der Karosserie zu identifizieren und zu messen, die entsprechenden Daten zu erfassen und die Qualit\u00e4t zu \u00fcberwachen. Der hochleistungsf\u00e4hige kollaborative Roboter von Comau erm\u00f6glicht den Bedienern dar\u00fcber hinaus, auch ohne Schutzbarrieren sicher in den Prozess einzugreifen. Auf diese Weise wird die Zykluszeit reduziert und die Nacharbeitung von Konformit\u00e4tsfehlern optimiert. Vor allem aber liefert das System pr\u00e4diktive Qualit\u00e4tsdaten zu Produktionstrends, die den Autoherstellern dabei helfen, Engp\u00e4sse und sich daraus ergebende Produktivit\u00e4tsverluste auf der Endmontagestra\u00dfe zu vermeiden. <\/p>\n<\/div>\n<\/div>\n\n\n\n<div class=\"wp-block-group wide-section-light-1 py-5 my-5\"><div class=\"wp-block-group__inner-container is-layout-flow wp-block-group-is-layout-flow\">\n<h2 class=\"h2 wp-block-heading\" id=\"the-results\">Das Ergebnis<\/h2>\n\n\n\n<p>Comau hat diese innovative L\u00f6sung anl\u00e4sslich des 2021 Stellantis Factory Booster Day vorgestellt.  Das Pr\u00fcfsystem ist in der Lage, mehr als 50 verschiedene Punkte an einem sich bewegenden Fahrzeug zu kontrollieren, und bietet eine Produktivit\u00e4t von mehr als 60 Auftr\u00e4gen pro Stunde. Es automatisiert und verbessert damit einen bislang rein manuellen Prozess. Dar\u00fcber hinaus weist es mit einer Wiederholgenauigkeit von wenigen Zehntelmillimetern im Vergleich zu \u00fcber 1 mm bei einem Bediener einen Pr\u00e4zisionsgrad auf, zu dem nur ein Industrieroboter f\u00e4hig ist. Die Spalt- und B\u00fcndigkeitspr\u00fcfl\u00f6sung von Comau stellt den Kunden eine leistungsf\u00e4hige und kosteneffiziente L\u00f6sung zur Verf\u00fcgung, damit sie Qualit\u00e4t und Konformit\u00e4t pr\u00e4zise und durchg\u00e4ngig gew\u00e4hrleisten k\u00f6nnen.<\/p>\n\n\n\n<p>Dieses erfolgreiche Projekt hat dar\u00fcber hinaus als Startrampe f\u00fcr die Anpassung des hochtechnischen Systems an verschiedene Anwendungen im Bereich der Rohkarosserie gedient, f\u00fcr die die Spalt- und B\u00fcndigkeitsqualit\u00e4t unerl\u00e4sslich sind, wie K\u00fchlerhaube, T\u00fcren, Heckklappe oder Kotfl\u00fcgel, wenn sie in die h\u00e4ngenden Karosserien eingebaut werden.<\/p>\n\n\n\n<div class=\"wp-block-columns is-layout-flex wp-container-core-columns-is-layout-9d6595d7 wp-block-columns-is-layout-flex\">\n<div class=\"wp-block-column is-layout-flow wp-block-column-is-layout-flow\">\n<div class=\"wp-block-getwid-counter\"><div class=\"wp-block-getwid-counter__wrapper\" data-start=\"0\" data-end=\"500\" data-decimal-places=\"0\" data-duration=\"3\" data-use-easing=\"true\" data-use-grouping=\"true\" data-separator=\",\" data-decimal=\".\" data-easing-fn=\"outExpo\" data-numerals=\"default\"><p class=\"wp-block-getwid-counter__prefix\">+<\/p><span class=\"wp-block-getwid-counter__number\">0<\/span><p class=\"wp-block-getwid-counter__suffix\">%<\/p><\/div><\/div>\n\n\n\n<p>Verbesserung der Wiederholgenauigkeit<\/p>\n<\/div>\n\n\n\n<div class=\"wp-block-column is-layout-flow wp-block-column-is-layout-flow\">\n<div class=\"wp-block-getwid-counter\"><div class=\"wp-block-getwid-counter__wrapper\" data-start=\"0\" data-end=\"50\" data-decimal-places=\"0\" data-duration=\"3\" data-use-easing=\"true\" data-use-grouping=\"true\" data-separator=\",\" data-decimal=\".\" data-easing-fn=\"outExpo\" data-numerals=\"default\"><span class=\"wp-block-getwid-counter__number\">0<\/span><\/div><\/div>\n\n\n\n<p>kontrollierte Pr\u00fcfpunkte an einem sich bewegenden Fahrzeug<\/p>\n<\/div>\n\n\n\n<div class=\"wp-block-column is-layout-flow wp-block-column-is-layout-flow\">\n<div class=\"wp-block-getwid-counter\"><div class=\"wp-block-getwid-counter__wrapper\" data-start=\"0\" data-end=\"60\" data-decimal-places=\"0\" data-duration=\"3\" data-use-easing=\"true\" data-use-grouping=\"true\" data-separator=\",\" data-decimal=\".\" data-easing-fn=\"outExpo\" data-numerals=\"default\"><span class=\"wp-block-getwid-counter__number\">0<\/span><\/div><\/div>\n\n\n\n<p>robotisierte Pr\u00fcfauftr\u00e4ge pro Stunde<\/p>\n<\/div>\n<\/div>\n<\/div><\/div>\n\n\n\n<figure class=\"wp-block-embed is-type-video is-provider-youtube wp-block-embed-youtube wp-embed-aspect-16-9 wp-has-aspect-ratio\"><div class=\"wp-block-embed__wrapper\">\n<iframe title=\"Gap&amp;Flush Case Study\" width=\"640\" height=\"360\" src=\"https:\/\/www.youtube.com\/embed\/bKAF47TWWjQ?feature=oembed\" frameborder=\"0\" allow=\"accelerometer; autoplay; clipboard-write; encrypted-media; gyroscope; picture-in-picture; web-share\" referrerpolicy=\"strict-origin-when-cross-origin\" allowfullscreen><\/iframe>\n<\/div><\/figure>\n\n\n\n<h3 class=\"wp-block-heading\" id=\"leveraging-advanced-robotics-to-automatically-identify-and-measure-non-conformities-during-the-final-assembly-process-stellantis-gap-flush-case-study\">Einsatz fortschrittlicher Robotik zur automatischen Identifizierung und Messung von\nKonformit\u00e4tsfehlern bei der Endmontage &#8211; Stellantis Gap &amp; Flush fallstudie<\/h3>\n","protected":false},"excerpt":{"rendered":"<p>Bei der Endmontage k\u00f6nnen Spalt- und B\u00fcndigkeitsprobleme zu Produktionsverz\u00f6gerungen sowie zu h\u00f6heren Nacharbeitungskosten f\u00fchren. Aus diesem Grund hat Comau ein vollautomatisches Spalt- und B\u00fcndigkeitspr\u00fcfsystem entwickelt, das mithilfe fortschrittlicher Robotik und eines intelligenten Vision Systems potenzielle M\u00e4ngel an einer Vielzahl unterschiedlicher Teile misst, w\u00e4hrend sich das Fahrzeug auf dem Endmontageband vorw\u00e4rts bewegt. Das System identifiziert und [&hellip;]<\/p>\n","protected":false},"author":11,"featured_media":41166,"parent":41299,"menu_order":11,"comment_status":"closed","ping_status":"closed","template":"","meta":{"_acf_changed":false,"ep_exclude_from_search":false,"footnotes":""},"class_list":["post-41502","page","type-page","status-publish","has-post-thumbnail","hentry"],"acf":[],"yoast_head":"<!-- This site is optimized with the Yoast SEO plugin v26.9 - https:\/\/yoast.com\/product\/yoast-seo-wordpress\/ -->\n<title>Stellantis Gap and Flush case study - Comau<\/title>\n<meta name=\"robots\" content=\"index, follow, max-snippet:-1, max-image-preview:large, max-video-preview:-1\" \/>\n<link rel=\"canonical\" href=\"https:\/\/www.comau.com\/de\/about-us\/success-stories\/leveraging-advanced-robotics\/\" \/>\n<meta property=\"og:locale\" content=\"de_DE\" \/>\n<meta property=\"og:type\" content=\"article\" \/>\n<meta property=\"og:title\" content=\"Stellantis Gap and Flush case study - Comau\" \/>\n<meta property=\"og:description\" content=\"Bei der Endmontage k\u00f6nnen Spalt- und B\u00fcndigkeitsprobleme zu Produktionsverz\u00f6gerungen sowie zu h\u00f6heren Nacharbeitungskosten f\u00fchren. Aus diesem Grund hat Comau ein vollautomatisches Spalt- und B\u00fcndigkeitspr\u00fcfsystem entwickelt, das mithilfe fortschrittlicher Robotik und eines intelligenten Vision Systems potenzielle M\u00e4ngel an einer Vielzahl unterschiedlicher Teile misst, w\u00e4hrend sich das Fahrzeug auf dem Endmontageband vorw\u00e4rts bewegt. Das System identifiziert und [&hellip;]\" \/>\n<meta property=\"og:url\" content=\"https:\/\/www.comau.com\/de\/about-us\/success-stories\/leveraging-advanced-robotics\/\" \/>\n<meta property=\"og:site_name\" content=\"Comau\" \/>\n<meta property=\"article:publisher\" content=\"https:\/\/www.facebook.com\/COMAU\/\" \/>\n<meta property=\"article:modified_time\" content=\"2022-04-27T10:09:53+00:00\" \/>\n<meta property=\"og:image\" content=\"https:\/\/www.comau.com\/wp-content\/uploads\/2022\/01\/Main-image-scaled.jpg\" \/>\n\t<meta property=\"og:image:width\" content=\"2560\" \/>\n\t<meta property=\"og:image:height\" content=\"808\" \/>\n\t<meta property=\"og:image:type\" content=\"image\/jpeg\" \/>\n<meta name=\"twitter:card\" content=\"summary_large_image\" \/>\n<meta name=\"twitter:site\" content=\"@comaugroup\" \/>\n<meta name=\"twitter:label1\" content=\"Gesch\u00e4tzte Lesezeit\" \/>\n\t<meta name=\"twitter:data1\" content=\"3\u00a0Minuten\" \/>\n<script type=\"application\/ld+json\" class=\"yoast-schema-graph\">{\"@context\":\"https:\/\/schema.org\",\"@graph\":[{\"@type\":\"WebPage\",\"@id\":\"https:\/\/www.comau.com\/de\/about-us\/success-stories\/leveraging-advanced-robotics\/\",\"url\":\"https:\/\/www.comau.com\/de\/about-us\/success-stories\/leveraging-advanced-robotics\/\",\"name\":\"Stellantis Gap and Flush case study - Comau\",\"isPartOf\":{\"@id\":\"https:\/\/www.comau.com\/de\/#website\"},\"primaryImageOfPage\":{\"@id\":\"https:\/\/www.comau.com\/de\/about-us\/success-stories\/leveraging-advanced-robotics\/#primaryimage\"},\"image\":{\"@id\":\"https:\/\/www.comau.com\/de\/about-us\/success-stories\/leveraging-advanced-robotics\/#primaryimage\"},\"thumbnailUrl\":\"https:\/\/www.comau.com\/wp-content\/uploads\/2022\/01\/Main-image-scaled.jpg\",\"datePublished\":\"2022-01-24T17:26:27+00:00\",\"dateModified\":\"2022-04-27T10:09:53+00:00\",\"breadcrumb\":{\"@id\":\"https:\/\/www.comau.com\/de\/about-us\/success-stories\/leveraging-advanced-robotics\/#breadcrumb\"},\"inLanguage\":\"de\",\"potentialAction\":[{\"@type\":\"ReadAction\",\"target\":[\"https:\/\/www.comau.com\/de\/about-us\/success-stories\/leveraging-advanced-robotics\/\"]}]},{\"@type\":\"ImageObject\",\"inLanguage\":\"de\",\"@id\":\"https:\/\/www.comau.com\/de\/about-us\/success-stories\/leveraging-advanced-robotics\/#primaryimage\",\"url\":\"https:\/\/www.comau.com\/wp-content\/uploads\/2022\/01\/Main-image-scaled.jpg\",\"contentUrl\":\"https:\/\/www.comau.com\/wp-content\/uploads\/2022\/01\/Main-image-scaled.jpg\",\"width\":2560,\"height\":808},{\"@type\":\"BreadcrumbList\",\"@id\":\"https:\/\/www.comau.com\/de\/about-us\/success-stories\/leveraging-advanced-robotics\/#breadcrumb\",\"itemListElement\":[{\"@type\":\"ListItem\",\"position\":1,\"name\":\"Home\",\"item\":\"https:\/\/www.comau.com\/de\/\"},{\"@type\":\"ListItem\",\"position\":2,\"name\":\"\u00dcber Comau\",\"item\":\"https:\/\/www.comau.com\/de\/about-us\/\"},{\"@type\":\"ListItem\",\"position\":3,\"name\":\"Erfolgsgeschichten\",\"item\":\"https:\/\/www.comau.com\/de\/about-us\/success-stories\/\"},{\"@type\":\"ListItem\",\"position\":4,\"name\":\"Stellantis Gap and Flush case study\"}]},{\"@type\":\"WebSite\",\"@id\":\"https:\/\/www.comau.com\/de\/#website\",\"url\":\"https:\/\/www.comau.com\/de\/\",\"name\":\"Comau\",\"description\":\"Industrial automation and robotics\",\"publisher\":{\"@id\":\"https:\/\/www.comau.com\/de\/#organization\"},\"potentialAction\":[{\"@type\":\"SearchAction\",\"target\":{\"@type\":\"EntryPoint\",\"urlTemplate\":\"https:\/\/www.comau.com\/de\/?s={search_term_string}\"},\"query-input\":{\"@type\":\"PropertyValueSpecification\",\"valueRequired\":true,\"valueName\":\"search_term_string\"}}],\"inLanguage\":\"de\"},{\"@type\":\"Organization\",\"@id\":\"https:\/\/www.comau.com\/de\/#organization\",\"name\":\"Comau\",\"url\":\"https:\/\/www.comau.com\/de\/\",\"logo\":{\"@type\":\"ImageObject\",\"inLanguage\":\"de\",\"@id\":\"https:\/\/www.comau.com\/de\/#\/schema\/logo\/image\/\",\"url\":\"https:\/\/www.comau.com\/wp-content\/uploads\/2024\/07\/cropped-Logo-COMAU.png\",\"contentUrl\":\"https:\/\/www.comau.com\/wp-content\/uploads\/2024\/07\/cropped-Logo-COMAU.png\",\"width\":434,\"height\":434,\"caption\":\"Comau\"},\"image\":{\"@id\":\"https:\/\/www.comau.com\/de\/#\/schema\/logo\/image\/\"},\"sameAs\":[\"https:\/\/www.facebook.com\/COMAU\/\",\"https:\/\/x.com\/comaugroup\",\"https:\/\/www.instagram.com\/comaugroup\/\",\"https:\/\/www.linkedin.com\/company\/comau\",\"https:\/\/www.youtube.com\/user\/comau\"]}]}<\/script>\n<!-- \/ Yoast SEO plugin. -->","yoast_head_json":{"title":"Stellantis Gap and Flush case study - Comau","robots":{"index":"index","follow":"follow","max-snippet":"max-snippet:-1","max-image-preview":"max-image-preview:large","max-video-preview":"max-video-preview:-1"},"canonical":"https:\/\/www.comau.com\/de\/about-us\/success-stories\/leveraging-advanced-robotics\/","og_locale":"de_DE","og_type":"article","og_title":"Stellantis Gap and Flush case study - Comau","og_description":"Bei der Endmontage k\u00f6nnen Spalt- und B\u00fcndigkeitsprobleme zu Produktionsverz\u00f6gerungen sowie zu h\u00f6heren Nacharbeitungskosten f\u00fchren. Aus diesem Grund hat Comau ein vollautomatisches Spalt- und B\u00fcndigkeitspr\u00fcfsystem entwickelt, das mithilfe fortschrittlicher Robotik und eines intelligenten Vision Systems potenzielle M\u00e4ngel an einer Vielzahl unterschiedlicher Teile misst, w\u00e4hrend sich das Fahrzeug auf dem Endmontageband vorw\u00e4rts bewegt. Das System identifiziert und [&hellip;]","og_url":"https:\/\/www.comau.com\/de\/about-us\/success-stories\/leveraging-advanced-robotics\/","og_site_name":"Comau","article_publisher":"https:\/\/www.facebook.com\/COMAU\/","article_modified_time":"2022-04-27T10:09:53+00:00","og_image":[{"width":2560,"height":808,"url":"https:\/\/www.comau.com\/wp-content\/uploads\/2022\/01\/Main-image-scaled.jpg","type":"image\/jpeg"}],"twitter_card":"summary_large_image","twitter_site":"@comaugroup","twitter_misc":{"Gesch\u00e4tzte Lesezeit":"3\u00a0Minuten"},"schema":{"@context":"https:\/\/schema.org","@graph":[{"@type":"WebPage","@id":"https:\/\/www.comau.com\/de\/about-us\/success-stories\/leveraging-advanced-robotics\/","url":"https:\/\/www.comau.com\/de\/about-us\/success-stories\/leveraging-advanced-robotics\/","name":"Stellantis Gap and Flush case study - Comau","isPartOf":{"@id":"https:\/\/www.comau.com\/de\/#website"},"primaryImageOfPage":{"@id":"https:\/\/www.comau.com\/de\/about-us\/success-stories\/leveraging-advanced-robotics\/#primaryimage"},"image":{"@id":"https:\/\/www.comau.com\/de\/about-us\/success-stories\/leveraging-advanced-robotics\/#primaryimage"},"thumbnailUrl":"https:\/\/www.comau.com\/wp-content\/uploads\/2022\/01\/Main-image-scaled.jpg","datePublished":"2022-01-24T17:26:27+00:00","dateModified":"2022-04-27T10:09:53+00:00","breadcrumb":{"@id":"https:\/\/www.comau.com\/de\/about-us\/success-stories\/leveraging-advanced-robotics\/#breadcrumb"},"inLanguage":"de","potentialAction":[{"@type":"ReadAction","target":["https:\/\/www.comau.com\/de\/about-us\/success-stories\/leveraging-advanced-robotics\/"]}]},{"@type":"ImageObject","inLanguage":"de","@id":"https:\/\/www.comau.com\/de\/about-us\/success-stories\/leveraging-advanced-robotics\/#primaryimage","url":"https:\/\/www.comau.com\/wp-content\/uploads\/2022\/01\/Main-image-scaled.jpg","contentUrl":"https:\/\/www.comau.com\/wp-content\/uploads\/2022\/01\/Main-image-scaled.jpg","width":2560,"height":808},{"@type":"BreadcrumbList","@id":"https:\/\/www.comau.com\/de\/about-us\/success-stories\/leveraging-advanced-robotics\/#breadcrumb","itemListElement":[{"@type":"ListItem","position":1,"name":"Home","item":"https:\/\/www.comau.com\/de\/"},{"@type":"ListItem","position":2,"name":"\u00dcber Comau","item":"https:\/\/www.comau.com\/de\/about-us\/"},{"@type":"ListItem","position":3,"name":"Erfolgsgeschichten","item":"https:\/\/www.comau.com\/de\/about-us\/success-stories\/"},{"@type":"ListItem","position":4,"name":"Stellantis Gap and Flush case study"}]},{"@type":"WebSite","@id":"https:\/\/www.comau.com\/de\/#website","url":"https:\/\/www.comau.com\/de\/","name":"Comau","description":"Industrial automation and robotics","publisher":{"@id":"https:\/\/www.comau.com\/de\/#organization"},"potentialAction":[{"@type":"SearchAction","target":{"@type":"EntryPoint","urlTemplate":"https:\/\/www.comau.com\/de\/?s={search_term_string}"},"query-input":{"@type":"PropertyValueSpecification","valueRequired":true,"valueName":"search_term_string"}}],"inLanguage":"de"},{"@type":"Organization","@id":"https:\/\/www.comau.com\/de\/#organization","name":"Comau","url":"https:\/\/www.comau.com\/de\/","logo":{"@type":"ImageObject","inLanguage":"de","@id":"https:\/\/www.comau.com\/de\/#\/schema\/logo\/image\/","url":"https:\/\/www.comau.com\/wp-content\/uploads\/2024\/07\/cropped-Logo-COMAU.png","contentUrl":"https:\/\/www.comau.com\/wp-content\/uploads\/2024\/07\/cropped-Logo-COMAU.png","width":434,"height":434,"caption":"Comau"},"image":{"@id":"https:\/\/www.comau.com\/de\/#\/schema\/logo\/image\/"},"sameAs":["https:\/\/www.facebook.com\/COMAU\/","https:\/\/x.com\/comaugroup","https:\/\/www.instagram.com\/comaugroup\/","https:\/\/www.linkedin.com\/company\/comau","https:\/\/www.youtube.com\/user\/comau"]}]}},"_links":{"self":[{"href":"https:\/\/www.comau.com\/de\/wp-json\/wp\/v2\/pages\/41502","targetHints":{"allow":["GET"]}}],"collection":[{"href":"https:\/\/www.comau.com\/de\/wp-json\/wp\/v2\/pages"}],"about":[{"href":"https:\/\/www.comau.com\/de\/wp-json\/wp\/v2\/types\/page"}],"author":[{"embeddable":true,"href":"https:\/\/www.comau.com\/de\/wp-json\/wp\/v2\/users\/11"}],"replies":[{"embeddable":true,"href":"https:\/\/www.comau.com\/de\/wp-json\/wp\/v2\/comments?post=41502"}],"version-history":[{"count":5,"href":"https:\/\/www.comau.com\/de\/wp-json\/wp\/v2\/pages\/41502\/revisions"}],"predecessor-version":[{"id":45119,"href":"https:\/\/www.comau.com\/de\/wp-json\/wp\/v2\/pages\/41502\/revisions\/45119"}],"up":[{"embeddable":true,"href":"https:\/\/www.comau.com\/de\/wp-json\/wp\/v2\/pages\/41299"}],"wp:featuredmedia":[{"embeddable":true,"href":"https:\/\/www.comau.com\/de\/wp-json\/wp\/v2\/media\/41166"}],"wp:attachment":[{"href":"https:\/\/www.comau.com\/de\/wp-json\/wp\/v2\/media?parent=41502"}],"curies":[{"name":"wp","href":"https:\/\/api.w.org\/{rel}","templated":true}]}}