{"id":40461,"date":"2021-12-14T14:53:25","date_gmt":"2021-12-14T13:53:25","guid":{"rendered":"https:\/\/www.comau.com\/about-us\/funded-projects\/automation-system\/"},"modified":"2022-02-23T11:57:14","modified_gmt":"2022-02-23T10:57:14","slug":"automation-system","status":"publish","type":"page","link":"https:\/\/www.comau.com\/de\/about-us\/funded-projects\/automation-system\/","title":{"rendered":"Automatisierungssysteme"},"content":{"rendered":"\n<h2 class=\"wp-block-heading\">Automatisierungssysteme<\/h2>\n\n\n\n<p>Dank seines umfassenden Angebots an Automatisierungsl\u00f6sungen hat sich Comau zu einem wichtigen Partner in zahlreichen nationalen und internationalen Projekten entwickelt. Wir haben das erforderliche Know-how und die Innovationen geliefert, um sicherzustellen, dass die angestrebten Ziele erreicht werden.<\/p>\n\n\n<div class=\"funded-projects\"><div class=\"funded-project\">\n    <h3 class=\"funded-project-title\">SatisFactory<\/h3>\n    <p class=\"funded-project-country-business\">\n        Land\/Branche:\n        Italien\/Automatisierungssysteme    <\/p>\n    <div class=\"funded-project-body\">\n        <h4 class=\"funded-project-body-title\">Hauptziele:<\/h4>\n        \n<p>Comau hat zum Projekt SatisFactory beigetragen, das den Schwerpunkt auf Smart Factory Design legt und zum Ziel hat, hochmoderne Technologien umzusetzen, um die Produktivit\u00e4t zu verbessern und Arbeitsumgebungen sicherer und nachhaltiger zu gestalten. Die aus diesem Projekt hervorgegangenen neuen L\u00f6sungen, wie Augmented Reality und Remote Support Tools sowie intelligente Sensoren, dienen dazu, die Produktionsqualit\u00e4t zu optimieren, die Sicherheit zu verbessern und die gemeinsame Nutzung sachdienlicher Daten zwischen den Betreibern zu f\u00f6rdern.<\/p>\n    <\/div>\n    <div class=\"funded-project-infos\">\n                        <dl class=\"funded-project-timetable\">\n            <dt>Zeitplan<\/dt>\n            <dd>01.2015 - 12.2017<\/dd>\n        <\/dl>\n                        <dl class=\"funded-project-partners\">\n            <dt>Partner<\/dt>\n            <dd>COMAU (IT), CERTH (GR), SIGMA (F), FhG FIT (D), EPFL (CH), ISMB (IT), ABE (GR), REGOLA (IT), SUNLIGHT (GR), GlassUp (I)<\/dd>\n        <\/dl>\n            <\/div>\n            <p class=\"funded-project-links\">\n        <strong>Projekt-Links:<\/strong>\n                    <a class=\"btn btn-readmore\" href=\"https:\/\/www.satisfactory-project.eu\/\" target=\"_blank\" rel=\"nofollow\">satisfactory-project<\/a>\n                            <\/p>\n    <\/div>\n<div class=\"funded-project\">\n    <h3 class=\"funded-project-title\">ProRegio<\/h3>\n    <p class=\"funded-project-country-business\">\n        Land\/Branche:\n        Italien\/Automatisierungssysteme    <\/p>\n    <div class=\"funded-project-body\">\n        <h4 class=\"funded-project-body-title\">Hauptziele:<\/h4>\n        \n<p>ProRegio war ein europ\u00e4isches Projekt zur Entwicklung einer integrierten Plattform f\u00fcr die Herstellung innovativer Produkte und Bereitstellung neuer Serviceleistungen, die den Anforderungen der globalen M\u00e4rkte Rechnung tragen. Comau hat zur Entwicklung eines Cloud-basierten virtuellen Anlagenkonfigurators beigetragen, um eine intuitive, benutzerfreundliche Planungsl\u00f6sung f\u00fcr Produktionslinien in Werken bereitzustellen. Mit dieser L\u00f6sung k\u00f6nnen Unternehmen die Markteinf\u00fchrungszeiten ihrer personalisierten Produkte verk\u00fcrzen.<\/p>\n    <\/div>\n    <div class=\"funded-project-infos\">\n                        <dl class=\"funded-project-timetable\">\n            <dt>Zeitplan<\/dt>\n            <dd>01.2015 - 12.2017<\/dd>\n        <\/dl>\n                        <dl class=\"funded-project-partners\">\n            <dt>Partner<\/dt>\n            <dd>COMAU (IT), KIT (D), POLIMI (IT), LMS (GR), ECN (F), AIRBUS (E), Flexis (D), Texxmo (D), Enginsoft (IT), GROBO (GR), Arcelik (TR), Audros (F)<\/dd>\n        <\/dl>\n            <\/div>\n            <p class=\"funded-project-links\">\n        <strong>Projekt-Links:<\/strong>\n                    <a class=\"btn btn-readmore\" href=\"https:\/\/cordis.europa.eu\/project\/id\/636966\" target=\"_blank\" rel=\"nofollow\">cordis<\/a>\n                            <\/p>\n    <\/div>\n<\/div>\n","protected":false},"excerpt":{"rendered":"<p>Automatisierungssysteme Dank seines umfassenden Angebots an Automatisierungsl\u00f6sungen hat sich Comau zu einem wichtigen Partner in zahlreichen nationalen und internationalen Projekten entwickelt. Wir haben das erforderliche Know-how und die Innovationen geliefert, um sicherzustellen, dass die angestrebten Ziele erreicht werden.<\/p>\n","protected":false},"author":11,"featured_media":5071,"parent":5355,"menu_order":4,"comment_status":"closed","ping_status":"closed","template":"","meta":{"_acf_changed":false,"ep_exclude_from_search":false,"footnotes":""},"class_list":["post-40461","page","type-page","status-publish","has-post-thumbnail","hentry"],"acf":[],"yoast_head":"<!-- This site is optimized with the Yoast SEO plugin v26.9 - https:\/\/yoast.com\/product\/yoast-seo-wordpress\/ -->\n<title>Automatisierungssysteme - Comau<\/title>\n<meta name=\"robots\" content=\"index, follow, max-snippet:-1, max-image-preview:large, max-video-preview:-1\" \/>\n<link rel=\"canonical\" href=\"https:\/\/www.comau.com\/de\/about-us\/funded-projects\/automation-system\/\" \/>\n<meta property=\"og:locale\" content=\"de_DE\" \/>\n<meta property=\"og:type\" content=\"article\" \/>\n<meta property=\"og:title\" content=\"Automatisierungssysteme - Comau\" \/>\n<meta property=\"og:description\" content=\"Automatisierungssysteme Dank seines umfassenden Angebots an Automatisierungsl\u00f6sungen hat sich Comau zu einem wichtigen Partner in zahlreichen nationalen und internationalen Projekten entwickelt. Wir haben das erforderliche Know-how und die Innovationen geliefert, um sicherzustellen, dass die angestrebten Ziele erreicht werden.\" \/>\n<meta property=\"og:url\" content=\"https:\/\/www.comau.com\/de\/about-us\/funded-projects\/automation-system\/\" \/>\n<meta property=\"og:site_name\" content=\"Comau\" \/>\n<meta property=\"article:publisher\" content=\"https:\/\/www.facebook.com\/COMAU\/\" \/>\n<meta property=\"article:modified_time\" content=\"2022-02-23T10:57:14+00:00\" \/>\n<meta property=\"og:image\" content=\"https:\/\/www.comau.com\/wp-content\/uploads\/2021\/06\/robogate_header.jpg\" \/>\n\t<meta property=\"og:image:width\" content=\"1280\" \/>\n\t<meta property=\"og:image:height\" content=\"485\" \/>\n\t<meta property=\"og:image:type\" content=\"image\/jpeg\" \/>\n<meta name=\"twitter:card\" content=\"summary_large_image\" \/>\n<meta name=\"twitter:site\" content=\"@comaugroup\" \/>\n<meta name=\"twitter:label1\" content=\"Gesch\u00e4tzte Lesezeit\" \/>\n\t<meta name=\"twitter:data1\" content=\"1\u00a0Minute\" \/>\n<script type=\"application\/ld+json\" class=\"yoast-schema-graph\">{\"@context\":\"https:\/\/schema.org\",\"@graph\":[{\"@type\":\"WebPage\",\"@id\":\"https:\/\/www.comau.com\/de\/about-us\/funded-projects\/automation-system\/\",\"url\":\"https:\/\/www.comau.com\/de\/about-us\/funded-projects\/automation-system\/\",\"name\":\"Automatisierungssysteme - Comau\",\"isPartOf\":{\"@id\":\"https:\/\/www.comau.com\/de\/#website\"},\"primaryImageOfPage\":{\"@id\":\"https:\/\/www.comau.com\/de\/about-us\/funded-projects\/automation-system\/#primaryimage\"},\"image\":{\"@id\":\"https:\/\/www.comau.com\/de\/about-us\/funded-projects\/automation-system\/#primaryimage\"},\"thumbnailUrl\":\"https:\/\/www.comau.com\/wp-content\/uploads\/2021\/06\/robogate_header.jpg\",\"datePublished\":\"2021-12-14T13:53:25+00:00\",\"dateModified\":\"2022-02-23T10:57:14+00:00\",\"breadcrumb\":{\"@id\":\"https:\/\/www.comau.com\/de\/about-us\/funded-projects\/automation-system\/#breadcrumb\"},\"inLanguage\":\"de\",\"potentialAction\":[{\"@type\":\"ReadAction\",\"target\":[\"https:\/\/www.comau.com\/de\/about-us\/funded-projects\/automation-system\/\"]}]},{\"@type\":\"ImageObject\",\"inLanguage\":\"de\",\"@id\":\"https:\/\/www.comau.com\/de\/about-us\/funded-projects\/automation-system\/#primaryimage\",\"url\":\"https:\/\/www.comau.com\/wp-content\/uploads\/2021\/06\/robogate_header.jpg\",\"contentUrl\":\"https:\/\/www.comau.com\/wp-content\/uploads\/2021\/06\/robogate_header.jpg\",\"width\":1280,\"height\":485},{\"@type\":\"BreadcrumbList\",\"@id\":\"https:\/\/www.comau.com\/de\/about-us\/funded-projects\/automation-system\/#breadcrumb\",\"itemListElement\":[{\"@type\":\"ListItem\",\"position\":1,\"name\":\"Home\",\"item\":\"https:\/\/www.comau.com\/de\/\"},{\"@type\":\"ListItem\",\"position\":2,\"name\":\"\u00dcber Comau\",\"item\":\"https:\/\/www.comau.com\/de\/about-us\/\"},{\"@type\":\"ListItem\",\"position\":3,\"name\":\"Funded Projects\",\"item\":\"https:\/\/www.comau.com\/de\/about-us\/funded-projects\/\"},{\"@type\":\"ListItem\",\"position\":4,\"name\":\"Automatisierungssysteme\"}]},{\"@type\":\"WebSite\",\"@id\":\"https:\/\/www.comau.com\/de\/#website\",\"url\":\"https:\/\/www.comau.com\/de\/\",\"name\":\"Comau\",\"description\":\"Industrial automation and robotics\",\"publisher\":{\"@id\":\"https:\/\/www.comau.com\/de\/#organization\"},\"potentialAction\":[{\"@type\":\"SearchAction\",\"target\":{\"@type\":\"EntryPoint\",\"urlTemplate\":\"https:\/\/www.comau.com\/de\/?s={search_term_string}\"},\"query-input\":{\"@type\":\"PropertyValueSpecification\",\"valueRequired\":true,\"valueName\":\"search_term_string\"}}],\"inLanguage\":\"de\"},{\"@type\":\"Organization\",\"@id\":\"https:\/\/www.comau.com\/de\/#organization\",\"name\":\"Comau\",\"url\":\"https:\/\/www.comau.com\/de\/\",\"logo\":{\"@type\":\"ImageObject\",\"inLanguage\":\"de\",\"@id\":\"https:\/\/www.comau.com\/de\/#\/schema\/logo\/image\/\",\"url\":\"https:\/\/www.comau.com\/wp-content\/uploads\/2024\/07\/cropped-Logo-COMAU.png\",\"contentUrl\":\"https:\/\/www.comau.com\/wp-content\/uploads\/2024\/07\/cropped-Logo-COMAU.png\",\"width\":434,\"height\":434,\"caption\":\"Comau\"},\"image\":{\"@id\":\"https:\/\/www.comau.com\/de\/#\/schema\/logo\/image\/\"},\"sameAs\":[\"https:\/\/www.facebook.com\/COMAU\/\",\"https:\/\/x.com\/comaugroup\",\"https:\/\/www.instagram.com\/comaugroup\/\",\"https:\/\/www.linkedin.com\/company\/comau\",\"https:\/\/www.youtube.com\/user\/comau\"]}]}<\/script>\n<!-- \/ Yoast SEO plugin. -->","yoast_head_json":{"title":"Automatisierungssysteme - Comau","robots":{"index":"index","follow":"follow","max-snippet":"max-snippet:-1","max-image-preview":"max-image-preview:large","max-video-preview":"max-video-preview:-1"},"canonical":"https:\/\/www.comau.com\/de\/about-us\/funded-projects\/automation-system\/","og_locale":"de_DE","og_type":"article","og_title":"Automatisierungssysteme - Comau","og_description":"Automatisierungssysteme Dank seines umfassenden Angebots an Automatisierungsl\u00f6sungen hat sich Comau zu einem wichtigen Partner in zahlreichen nationalen und internationalen Projekten entwickelt. Wir haben das erforderliche Know-how und die Innovationen geliefert, um sicherzustellen, dass die angestrebten Ziele erreicht werden.","og_url":"https:\/\/www.comau.com\/de\/about-us\/funded-projects\/automation-system\/","og_site_name":"Comau","article_publisher":"https:\/\/www.facebook.com\/COMAU\/","article_modified_time":"2022-02-23T10:57:14+00:00","og_image":[{"width":1280,"height":485,"url":"https:\/\/www.comau.com\/wp-content\/uploads\/2021\/06\/robogate_header.jpg","type":"image\/jpeg"}],"twitter_card":"summary_large_image","twitter_site":"@comaugroup","twitter_misc":{"Gesch\u00e4tzte Lesezeit":"1\u00a0Minute"},"schema":{"@context":"https:\/\/schema.org","@graph":[{"@type":"WebPage","@id":"https:\/\/www.comau.com\/de\/about-us\/funded-projects\/automation-system\/","url":"https:\/\/www.comau.com\/de\/about-us\/funded-projects\/automation-system\/","name":"Automatisierungssysteme - Comau","isPartOf":{"@id":"https:\/\/www.comau.com\/de\/#website"},"primaryImageOfPage":{"@id":"https:\/\/www.comau.com\/de\/about-us\/funded-projects\/automation-system\/#primaryimage"},"image":{"@id":"https:\/\/www.comau.com\/de\/about-us\/funded-projects\/automation-system\/#primaryimage"},"thumbnailUrl":"https:\/\/www.comau.com\/wp-content\/uploads\/2021\/06\/robogate_header.jpg","datePublished":"2021-12-14T13:53:25+00:00","dateModified":"2022-02-23T10:57:14+00:00","breadcrumb":{"@id":"https:\/\/www.comau.com\/de\/about-us\/funded-projects\/automation-system\/#breadcrumb"},"inLanguage":"de","potentialAction":[{"@type":"ReadAction","target":["https:\/\/www.comau.com\/de\/about-us\/funded-projects\/automation-system\/"]}]},{"@type":"ImageObject","inLanguage":"de","@id":"https:\/\/www.comau.com\/de\/about-us\/funded-projects\/automation-system\/#primaryimage","url":"https:\/\/www.comau.com\/wp-content\/uploads\/2021\/06\/robogate_header.jpg","contentUrl":"https:\/\/www.comau.com\/wp-content\/uploads\/2021\/06\/robogate_header.jpg","width":1280,"height":485},{"@type":"BreadcrumbList","@id":"https:\/\/www.comau.com\/de\/about-us\/funded-projects\/automation-system\/#breadcrumb","itemListElement":[{"@type":"ListItem","position":1,"name":"Home","item":"https:\/\/www.comau.com\/de\/"},{"@type":"ListItem","position":2,"name":"\u00dcber Comau","item":"https:\/\/www.comau.com\/de\/about-us\/"},{"@type":"ListItem","position":3,"name":"Funded Projects","item":"https:\/\/www.comau.com\/de\/about-us\/funded-projects\/"},{"@type":"ListItem","position":4,"name":"Automatisierungssysteme"}]},{"@type":"WebSite","@id":"https:\/\/www.comau.com\/de\/#website","url":"https:\/\/www.comau.com\/de\/","name":"Comau","description":"Industrial automation and robotics","publisher":{"@id":"https:\/\/www.comau.com\/de\/#organization"},"potentialAction":[{"@type":"SearchAction","target":{"@type":"EntryPoint","urlTemplate":"https:\/\/www.comau.com\/de\/?s={search_term_string}"},"query-input":{"@type":"PropertyValueSpecification","valueRequired":true,"valueName":"search_term_string"}}],"inLanguage":"de"},{"@type":"Organization","@id":"https:\/\/www.comau.com\/de\/#organization","name":"Comau","url":"https:\/\/www.comau.com\/de\/","logo":{"@type":"ImageObject","inLanguage":"de","@id":"https:\/\/www.comau.com\/de\/#\/schema\/logo\/image\/","url":"https:\/\/www.comau.com\/wp-content\/uploads\/2024\/07\/cropped-Logo-COMAU.png","contentUrl":"https:\/\/www.comau.com\/wp-content\/uploads\/2024\/07\/cropped-Logo-COMAU.png","width":434,"height":434,"caption":"Comau"},"image":{"@id":"https:\/\/www.comau.com\/de\/#\/schema\/logo\/image\/"},"sameAs":["https:\/\/www.facebook.com\/COMAU\/","https:\/\/x.com\/comaugroup","https:\/\/www.instagram.com\/comaugroup\/","https:\/\/www.linkedin.com\/company\/comau","https:\/\/www.youtube.com\/user\/comau"]}]}},"_links":{"self":[{"href":"https:\/\/www.comau.com\/de\/wp-json\/wp\/v2\/pages\/40461","targetHints":{"allow":["GET"]}}],"collection":[{"href":"https:\/\/www.comau.com\/de\/wp-json\/wp\/v2\/pages"}],"about":[{"href":"https:\/\/www.comau.com\/de\/wp-json\/wp\/v2\/types\/page"}],"author":[{"embeddable":true,"href":"https:\/\/www.comau.com\/de\/wp-json\/wp\/v2\/users\/11"}],"replies":[{"embeddable":true,"href":"https:\/\/www.comau.com\/de\/wp-json\/wp\/v2\/comments?post=40461"}],"version-history":[{"count":4,"href":"https:\/\/www.comau.com\/de\/wp-json\/wp\/v2\/pages\/40461\/revisions"}],"predecessor-version":[{"id":42997,"href":"https:\/\/www.comau.com\/de\/wp-json\/wp\/v2\/pages\/40461\/revisions\/42997"}],"up":[{"embeddable":true,"href":"https:\/\/www.comau.com\/de\/wp-json\/wp\/v2\/pages\/5355"}],"wp:featuredmedia":[{"embeddable":true,"href":"https:\/\/www.comau.com\/de\/wp-json\/wp\/v2\/media\/5071"}],"wp:attachment":[{"href":"https:\/\/www.comau.com\/de\/wp-json\/wp\/v2\/media?parent=40461"}],"curies":[{"name":"wp","href":"https:\/\/api.w.org\/{rel}","templated":true}]}}