{"id":40437,"date":"2021-12-14T14:52:49","date_gmt":"2021-12-14T13:52:49","guid":{"rendered":"https:\/\/www.comau.com\/about-us\/funded-projects\/electrification\/"},"modified":"2022-02-23T11:36:38","modified_gmt":"2022-02-23T10:36:38","slug":"electrification","status":"publish","type":"page","link":"https:\/\/www.comau.com\/de\/about-us\/funded-projects\/electrification\/","title":{"rendered":"Elektrifizierung"},"content":{"rendered":"\n<h2 class=\"wp-block-heading\">Elektrifizierung<\/h2>\n\n\n\n<p>In zahlreichen Branchen von der Mobilit\u00e4t bis hin zur Industrieproduktion verwandelt die Elektrifizierung die industrielle Landschaft in Europa. Comau hat mit seiner Expertise auf diesem Gebiet zu verschiedenen EU-Projekten beigetragen, die Schl\u00fcsselindustrien und lokale KMU bei einem so wichtigen Wandel zu unterst\u00fctzen. Die Elektrifizierung ist eine bedeutende Voraussetzung, um ein umweltfreundlicheres, nachhaltigeres Produktionsmodell zu erm\u00f6glichen.<\/p>\n\n\n<div class=\"funded-projects\"><div class=\"funded-project\">\n    <h3 class=\"funded-project-title\">ZELD-e: Fehlerfreies Schwei\u00dfen f\u00fcr E-Mobilit\u00e4t<\/h3>\n    <p class=\"funded-project-country-business\">\n        Land\/Branche:\n        Worldwide\/Elektrifizierung-Automation Systems    <\/p>\n    <div class=\"funded-project-body\">\n        <h4 class=\"funded-project-body-title\">Hauptziele:<\/h4>\n        \n<p><\/p>\n\n\n\n<p>Batteriepacks bestehen aus mehreren einzelnen Batteriezellen, die durch zahlreiche Schwei\u00dfverbindungen strukturell gehalten und elektrisch verbunden sind. Dies bedeutet, dass ein hoher elektrischer Widerstand aufgrund einer schlechten Verbindungsqualit\u00e4t zu einem hohen Energieverlust und einer hohen W\u00e4rmeentwicklung f\u00fchren kann, was die F\u00fcgetemperatur erh\u00f6ht, potenzielle Sicherheitsprobleme hervorruft und die Effizienz verringert. Angesichts der betr\u00e4chtlichen Anzahl von Schwei\u00dfn\u00e4hten in Elektrobatteriepacks ist die schnelle und effiziente Bewertung jeder einzelnen Schwei\u00dfnaht von grundlegender Bedeutung f\u00fcr die Senkung der Kosten und die Erh\u00f6hung der Batteriesicherheit.<\/p>\n\n\n\n<p>Das Projekt ZELD-e zielt auf die Einf\u00fchrung einer Komplettl\u00f6sung zur \u00dcberwachung und Steuerung von Laserschwei\u00dfprozessen f\u00fcr Elektrobatterien ab. Es besteht aus einem nicht-invasiven Inline-Pr\u00fcf- und Qualit\u00e4tskontrollsystem, das auf einem Infrarot-Sensoraufbau basiert, der durch k\u00fcnstliche Intelligenz und Computer-Vision-Algorithmen erm\u00f6glicht wird. Die Kamera ist direkt auf dem Laserkopf installiert, so dass eine Anpassung an unterschiedliche Batteriekonfigurationen und -typen m\u00f6glich ist. Die L\u00f6sung, die sowohl f\u00fcr das Laserschwei\u00dfen von Tab-to-Tab als auch von Tab-to-Busbar geeignet ist, garantiert die Unversehrtheit der Batterien und verhindert Ausschuss, wodurch die Effizienz der Produktionslinie maximiert wird, ohne die Zykluszeit oder das Fertigungslayout zu beeintr\u00e4chtigen.<\/p>\n\n\n\n<p><\/p>\n\n\n\n<figure class=\"wp-block-embed is-type-video is-provider-youtube wp-block-embed-youtube wp-embed-aspect-16-9 wp-has-aspect-ratio\"><div class=\"wp-block-embed__wrapper\">\n<iframe title=\"ZELD-e: Zero-defect welding for e-mobility\" width=\"640\" height=\"360\" src=\"https:\/\/www.youtube.com\/embed\/v_M5ovd7qY8?feature=oembed\" frameborder=\"0\" allow=\"accelerometer; autoplay; clipboard-write; encrypted-media; gyroscope; picture-in-picture; web-share\" referrerpolicy=\"strict-origin-when-cross-origin\" allowfullscreen><\/iframe>\n<\/div><\/figure>\n\n\n\n<p><\/p>\n    <\/div>\n    <div class=\"funded-project-infos\">\n                        <dl class=\"funded-project-timetable\">\n            <dt>Zeitplan<\/dt>\n            <dd>2021-2022<\/dd>\n        <\/dl>\n                        <dl class=\"funded-project-partners\">\n            <dt>Partner<\/dt>\n            <dd>LMS - Labor f\u00fcr Fertigungssysteme und Automatisierung, Universit\u00e4t Patras, Irida Labs, I-FEVS, CASP<\/dd>\n        <\/dl>\n            <\/div>\n            <p class=\"funded-project-links\">\n        <strong>Projekt-Links:<\/strong>\n                    <a class=\"btn btn-readmore\" href=\"https:\/\/www.eitmanufacturing.eu\/news-events\/activities\/zero-defect-welding-for-e-mobility\/\" target=\"_blank\" rel=\"nofollow\">Eitmanufacturing<\/a>\n                            <a class=\"btn btn-readmore\" href=\"https:\/\/zeld-e.eu\/\" target=\"_blank\" rel=\"nofollow\">Zeld-e<\/a>\n                    <\/p>\n    <\/div>\n<div class=\"funded-project\">\n    <h3 class=\"funded-project-title\">PURE<\/h3>\n    <p class=\"funded-project-country-business\">\n        Land\/Branche:\n        Italien\/Elektrifizierung-Automation Systems    <\/p>\n    <div class=\"funded-project-body\">\n        <h4 class=\"funded-project-body-title\">Hauptziele:<\/h4>\n        \n<p><strong>Das Projekt PURE hat zum Ziel, eine gute Innovation (weitreichend qualifiziert und validiert) zu industrialisieren.<\/strong><\/p>\n\n\n\n<p>Die APA-L\u00f6sungen (Technologie von ISCLEANAIR) basieren auf einem sehr einfachen und effizienten Prozess zur Reinigung der Luft von Verunreinigungen, Verschmutzung und sogar sch\u00e4dlichen Mikroorganismen wie Viren: Die einmaligen wasserbasierten und mechanischen Prozesse entfernen die Schadstoffe aus der Raumluft und erm\u00f6glichen mithilfe von Reinigungs-(Wasch-)zyklen die Verd\u00fcnnung und Eliminierung sch\u00e4dlicher Elemente in Wasser bis hin zu den kleinsten, sch\u00e4dlichsten Teilchen und Arten wie Gase, VOC, NOx, SOx, Schwermetalle und Kohlenwasserstoff, aber auch ultrafeine Nanopartikel, Viren, Bakterien und Pilzsporen.<br><br><br><em>Projekt PURE &#8211; Einf\u00fchrung<\/em><\/p>\n\n\n\n<figure class=\"wp-block-embed is-type-video is-provider-youtube wp-block-embed-youtube wp-embed-aspect-16-9 wp-has-aspect-ratio\"><div class=\"wp-block-embed__wrapper\">\n<iframe title=\"PURE Project Introduction\" width=\"640\" height=\"360\" src=\"https:\/\/www.youtube.com\/embed\/pmS0mnYtlSg?feature=oembed\" frameborder=\"0\" allow=\"accelerometer; autoplay; clipboard-write; encrypted-media; gyroscope; picture-in-picture; web-share\" referrerpolicy=\"strict-origin-when-cross-origin\" allowfullscreen><\/iframe>\n<\/div><\/figure>\n\n\n\n<p><\/p>\n\n\n\n<p>Luftreinigungssystem von ISCLEANAIR<\/p>\n\n\n\n<figure class=\"wp-block-embed is-type-video is-provider-youtube wp-block-embed-youtube wp-embed-aspect-16-9 wp-has-aspect-ratio\"><div class=\"wp-block-embed__wrapper\">\n<iframe title=\"Air Pollution Abatement System by ISCLEANAIR\" width=\"640\" height=\"360\" src=\"https:\/\/www.youtube.com\/embed\/eeegqTQ1D90?feature=oembed\" frameborder=\"0\" allow=\"accelerometer; autoplay; clipboard-write; encrypted-media; gyroscope; picture-in-picture; web-share\" referrerpolicy=\"strict-origin-when-cross-origin\" allowfullscreen><\/iframe>\n<\/div><\/figure>\n    <\/div>\n    <div class=\"funded-project-infos\">\n                        <dl class=\"funded-project-timetable\">\n            <dt>Zeitplan<\/dt>\n            <dd>01.2022 - 12.2022<\/dd>\n        <\/dl>\n                        <dl class=\"funded-project-partners\">\n            <dt>Partner<\/dt>\n            <dd>COMAU, Is CLEAN AIR, CEA, FAGOR<\/dd>\n        <\/dl>\n            <\/div>\n            <p class=\"funded-project-links\">\n        <strong>Projekt-Links:<\/strong>\n                    <a class=\"btn btn-readmore\" href=\"https:\/\/pure-eit.eu\/\" target=\"_blank\" rel=\"nofollow\">PURE<\/a>\n                            <\/p>\n    <\/div>\n<div class=\"funded-project\">\n    <h3 class=\"funded-project-title\">VERIFy \u2013 Visually GuidEd Robotised Cell for Finishing Processes (Visuell gef\u00fchrte Roboterzelle f\u00fcr Endbearbeitungsprozesse)<\/h3>\n    <p class=\"funded-project-country-business\">\n        Land\/Branche:\n        Italien\/Elektrifizierung-Automation Systems    <\/p>\n    <div class=\"funded-project-body\">\n        <h4 class=\"funded-project-body-title\">Hauptziele:<\/h4>\n        \n<p>Der Schwerpunkt von <a href=\"https:\/\/www.eitmanufacturing.eu\/news-media\/activities\/visually-guided-robotised-cell-for-finishing-processes\/\">VERIFy<\/a> liegt auf der Entwicklung eines automatisierten Detektionssystems f\u00fcr Qualit\u00e4tskontroll- und Fehlerbehebungsarbeiten in Herstellungsprozessen, an denen Rohlinge beteiligt sind. Es umfasst eine automatisierte Roboterzelle, die gegossene Teile pr\u00fcft und mit dem innovativen Vision-System m\u00f6gliche \u00e4sthetische M\u00e4ngel erkennt. Anschlie\u00dfend stuft VERIFy das mangelhafte Teil als Ausschuss oder \u201ezu beenden\u201c ein, damit ein Roboter mit Kraftr\u00fcckkopplung (Force Feedback) den Endbearbeitungsprozess an den Stellen \u00fcbernimmt, die als mangelhaft identifiziert wurden. Die Automatisierung eines Prozesses, der normalerweise manuell ausgef\u00fchrt wird, f\u00fchrt zu einer pr\u00e4ziseren Diagnose und minimiert das Entgraten der Ausr\u00fcstung. Dieses Projekt hat zum Ziel, die Produktionseffizienz zu steigern und die ergonomische Belastung der Arbeiter zu reduzieren.<\/p>\n    <\/div>\n    <div class=\"funded-project-infos\">\n                        <dl class=\"funded-project-timetable\">\n            <dt>Zeitplan<\/dt>\n            <dd>01.2020 - 12.2020<\/dd>\n        <\/dl>\n                        <dl class=\"funded-project-partners\">\n            <dt>Partner<\/dt>\n            <dd>COMAU, Brembo, LMS - Laboratory for Manufacturing Systems and Automation, University of Patras, CASP, POLIMI<\/dd>\n        <\/dl>\n            <\/div>\n            <p class=\"funded-project-links\">\n        <strong>Projekt-Links:<\/strong>\n                    <a class=\"btn btn-readmore\" href=\"https:\/\/www.eitmanufacturing.eu\/news-media\/activities\/visually-guided-robotised-cell-for-finishing-processes\/\" target=\"_blank\" rel=\"nofollow\">Eitmanufacturing<\/a>\n                            <\/p>\n    <\/div>\n<div class=\"funded-project\">\n    <h3 class=\"funded-project-title\">RoboFIETS \u2013 Sustainable human-robot co-production for cargo bicycles (Nachhaltige Mensch-Roboter-Kollaboration f\u00fcr die Produktion von Lastenr\u00e4dern)<\/h3>\n    <p class=\"funded-project-country-business\">\n        Land\/Branche:\n        Italien\/Elektrifizierung-Robotik    <\/p>\n    <div class=\"funded-project-body\">\n        <h4 class=\"funded-project-body-title\">Hauptziele:<\/h4>\n        \n<p>Das Projekt <a href=\"https:\/\/www.eitmanufacturing.eu\/news-media\/activities\/sustainable-human-robot-co-production-for-cargo-bicycles\/\">RoboFIETS<\/a> untersucht das Potenzial unterst\u00fctzender Technologien und der Mensch-Roboter-Kollaboration als Wertsch\u00f6pfung f\u00fcr die europ\u00e4ische E-Bike-Industrie. Das Forschungsteam hat die Durchf\u00fchrbarkeit der Automatisierung von 16 Montagelinien untersucht und drei Prototypen entwickelt, um die Herstellung von personalisierten Fahrr\u00e4dern zu optimieren, f\u00fcr die im Gegensatz zur Massenherstellung andere Standards und Anforderungen gelten. Mit Tools wie VR- und Exoskelett-Unterst\u00fctzung kann RoboFIETS Arbeitspl\u00e4tze f\u00fcr alle Mitarbeitenden nachhaltiger und inklusiver gestalten.<\/p>\n    <\/div>\n    <div class=\"funded-project-infos\">\n                        <dl class=\"funded-project-timetable\">\n            <dt>Zeitplan<\/dt>\n            <dd>01.2020 - 12.2020<\/dd>\n        <\/dl>\n                        <dl class=\"funded-project-partners\">\n            <dt>Partner<\/dt>\n            <dd>COMAU, Accell Group, Tu DELFT, Chalmers University of Technology<\/dd>\n        <\/dl>\n            <\/div>\n            <p class=\"funded-project-links\">\n        <strong>Projekt-Links:<\/strong>\n                    <a class=\"btn btn-readmore\" href=\"https:\/\/eitmanufacturing.eu\/sustainable-human-robot-co-production-for-cargo-bicycles\/\" target=\"_blank\" rel=\"nofollow\">Eitmanufacturing<\/a>\n                            <\/p>\n    <\/div>\n<\/div>\n","protected":false},"excerpt":{"rendered":"<p>Elektrifizierung In zahlreichen Branchen von der Mobilit\u00e4t bis hin zur Industrieproduktion verwandelt die Elektrifizierung die industrielle Landschaft in Europa. Comau hat mit seiner Expertise auf diesem Gebiet zu verschiedenen EU-Projekten beigetragen, die Schl\u00fcsselindustrien und lokale KMU bei einem so wichtigen Wandel zu unterst\u00fctzen. Die Elektrifizierung ist eine bedeutende Voraussetzung, um ein umweltfreundlicheres, nachhaltigeres Produktionsmodell zu [&hellip;]<\/p>\n","protected":false},"author":11,"featured_media":75304,"parent":5355,"menu_order":3,"comment_status":"closed","ping_status":"closed","template":"","meta":{"_acf_changed":false,"ep_exclude_from_search":false,"footnotes":""},"class_list":["post-40437","page","type-page","status-publish","has-post-thumbnail","hentry"],"acf":[],"yoast_head":"<!-- This site is optimized with the Yoast SEO plugin v26.9 - https:\/\/yoast.com\/product\/yoast-seo-wordpress\/ -->\n<title>Elektrifizierung - Comau<\/title>\n<meta name=\"robots\" content=\"index, follow, max-snippet:-1, max-image-preview:large, max-video-preview:-1\" \/>\n<link rel=\"canonical\" href=\"https:\/\/www.comau.com\/de\/about-us\/funded-projects\/electrification\/\" \/>\n<meta property=\"og:locale\" content=\"de_DE\" \/>\n<meta property=\"og:type\" content=\"article\" \/>\n<meta property=\"og:title\" content=\"Elektrifizierung - Comau\" \/>\n<meta property=\"og:description\" content=\"Elektrifizierung In zahlreichen Branchen von der Mobilit\u00e4t bis hin zur Industrieproduktion verwandelt die Elektrifizierung die industrielle Landschaft in Europa. Comau hat mit seiner Expertise auf diesem Gebiet zu verschiedenen EU-Projekten beigetragen, die Schl\u00fcsselindustrien und lokale KMU bei einem so wichtigen Wandel zu unterst\u00fctzen. Die Elektrifizierung ist eine bedeutende Voraussetzung, um ein umweltfreundlicheres, nachhaltigeres Produktionsmodell zu [&hellip;]\" \/>\n<meta property=\"og:url\" content=\"https:\/\/www.comau.com\/de\/about-us\/funded-projects\/electrification\/\" \/>\n<meta property=\"og:site_name\" content=\"Comau\" \/>\n<meta property=\"article:publisher\" content=\"https:\/\/www.facebook.com\/COMAU\/\" \/>\n<meta property=\"article:modified_time\" content=\"2022-02-23T10:36:38+00:00\" \/>\n<meta property=\"og:image\" content=\"https:\/\/www.comau.com\/wp-content\/uploads\/2021\/12\/Electrification.jpg\" \/>\n\t<meta property=\"og:image:width\" content=\"1425\" \/>\n\t<meta property=\"og:image:height\" content=\"450\" \/>\n\t<meta property=\"og:image:type\" content=\"image\/jpeg\" \/>\n<meta name=\"twitter:card\" content=\"summary_large_image\" \/>\n<meta name=\"twitter:site\" content=\"@comaugroup\" \/>\n<meta name=\"twitter:label1\" content=\"Gesch\u00e4tzte Lesezeit\" \/>\n\t<meta name=\"twitter:data1\" content=\"1\u00a0Minute\" \/>\n<script type=\"application\/ld+json\" class=\"yoast-schema-graph\">{\"@context\":\"https:\/\/schema.org\",\"@graph\":[{\"@type\":\"WebPage\",\"@id\":\"https:\/\/www.comau.com\/de\/about-us\/funded-projects\/electrification\/\",\"url\":\"https:\/\/www.comau.com\/de\/about-us\/funded-projects\/electrification\/\",\"name\":\"Elektrifizierung - Comau\",\"isPartOf\":{\"@id\":\"https:\/\/www.comau.com\/de\/#website\"},\"primaryImageOfPage\":{\"@id\":\"https:\/\/www.comau.com\/de\/about-us\/funded-projects\/electrification\/#primaryimage\"},\"image\":{\"@id\":\"https:\/\/www.comau.com\/de\/about-us\/funded-projects\/electrification\/#primaryimage\"},\"thumbnailUrl\":\"https:\/\/www.comau.com\/wp-content\/uploads\/2025\/04\/DUBAI-header-comau-robotized-system-battery-dismantling.jpg\",\"datePublished\":\"2021-12-14T13:52:49+00:00\",\"dateModified\":\"2022-02-23T10:36:38+00:00\",\"breadcrumb\":{\"@id\":\"https:\/\/www.comau.com\/de\/about-us\/funded-projects\/electrification\/#breadcrumb\"},\"inLanguage\":\"de\",\"potentialAction\":[{\"@type\":\"ReadAction\",\"target\":[\"https:\/\/www.comau.com\/de\/about-us\/funded-projects\/electrification\/\"]}]},{\"@type\":\"ImageObject\",\"inLanguage\":\"de\",\"@id\":\"https:\/\/www.comau.com\/de\/about-us\/funded-projects\/electrification\/#primaryimage\",\"url\":\"https:\/\/www.comau.com\/wp-content\/uploads\/2025\/04\/DUBAI-header-comau-robotized-system-battery-dismantling.jpg\",\"contentUrl\":\"https:\/\/www.comau.com\/wp-content\/uploads\/2025\/04\/DUBAI-header-comau-robotized-system-battery-dismantling.jpg\",\"width\":1920,\"height\":606},{\"@type\":\"BreadcrumbList\",\"@id\":\"https:\/\/www.comau.com\/de\/about-us\/funded-projects\/electrification\/#breadcrumb\",\"itemListElement\":[{\"@type\":\"ListItem\",\"position\":1,\"name\":\"Home\",\"item\":\"https:\/\/www.comau.com\/de\/\"},{\"@type\":\"ListItem\",\"position\":2,\"name\":\"\u00dcber Comau\",\"item\":\"https:\/\/www.comau.com\/de\/about-us\/\"},{\"@type\":\"ListItem\",\"position\":3,\"name\":\"Funded Projects\",\"item\":\"https:\/\/www.comau.com\/de\/about-us\/funded-projects\/\"},{\"@type\":\"ListItem\",\"position\":4,\"name\":\"Elektrifizierung\"}]},{\"@type\":\"WebSite\",\"@id\":\"https:\/\/www.comau.com\/de\/#website\",\"url\":\"https:\/\/www.comau.com\/de\/\",\"name\":\"Comau\",\"description\":\"Industrial automation and robotics\",\"publisher\":{\"@id\":\"https:\/\/www.comau.com\/de\/#organization\"},\"potentialAction\":[{\"@type\":\"SearchAction\",\"target\":{\"@type\":\"EntryPoint\",\"urlTemplate\":\"https:\/\/www.comau.com\/de\/?s={search_term_string}\"},\"query-input\":{\"@type\":\"PropertyValueSpecification\",\"valueRequired\":true,\"valueName\":\"search_term_string\"}}],\"inLanguage\":\"de\"},{\"@type\":\"Organization\",\"@id\":\"https:\/\/www.comau.com\/de\/#organization\",\"name\":\"Comau\",\"url\":\"https:\/\/www.comau.com\/de\/\",\"logo\":{\"@type\":\"ImageObject\",\"inLanguage\":\"de\",\"@id\":\"https:\/\/www.comau.com\/de\/#\/schema\/logo\/image\/\",\"url\":\"https:\/\/www.comau.com\/wp-content\/uploads\/2024\/07\/cropped-Logo-COMAU.png\",\"contentUrl\":\"https:\/\/www.comau.com\/wp-content\/uploads\/2024\/07\/cropped-Logo-COMAU.png\",\"width\":434,\"height\":434,\"caption\":\"Comau\"},\"image\":{\"@id\":\"https:\/\/www.comau.com\/de\/#\/schema\/logo\/image\/\"},\"sameAs\":[\"https:\/\/www.facebook.com\/COMAU\/\",\"https:\/\/x.com\/comaugroup\",\"https:\/\/www.instagram.com\/comaugroup\/\",\"https:\/\/www.linkedin.com\/company\/comau\",\"https:\/\/www.youtube.com\/user\/comau\"]}]}<\/script>\n<!-- \/ Yoast SEO plugin. -->","yoast_head_json":{"title":"Elektrifizierung - Comau","robots":{"index":"index","follow":"follow","max-snippet":"max-snippet:-1","max-image-preview":"max-image-preview:large","max-video-preview":"max-video-preview:-1"},"canonical":"https:\/\/www.comau.com\/de\/about-us\/funded-projects\/electrification\/","og_locale":"de_DE","og_type":"article","og_title":"Elektrifizierung - Comau","og_description":"Elektrifizierung In zahlreichen Branchen von der Mobilit\u00e4t bis hin zur Industrieproduktion verwandelt die Elektrifizierung die industrielle Landschaft in Europa. Comau hat mit seiner Expertise auf diesem Gebiet zu verschiedenen EU-Projekten beigetragen, die Schl\u00fcsselindustrien und lokale KMU bei einem so wichtigen Wandel zu unterst\u00fctzen. Die Elektrifizierung ist eine bedeutende Voraussetzung, um ein umweltfreundlicheres, nachhaltigeres Produktionsmodell zu [&hellip;]","og_url":"https:\/\/www.comau.com\/de\/about-us\/funded-projects\/electrification\/","og_site_name":"Comau","article_publisher":"https:\/\/www.facebook.com\/COMAU\/","article_modified_time":"2022-02-23T10:36:38+00:00","og_image":[{"width":1425,"height":450,"url":"https:\/\/www.comau.com\/wp-content\/uploads\/2021\/12\/Electrification.jpg","type":"image\/jpeg"}],"twitter_card":"summary_large_image","twitter_site":"@comaugroup","twitter_misc":{"Gesch\u00e4tzte Lesezeit":"1\u00a0Minute"},"schema":{"@context":"https:\/\/schema.org","@graph":[{"@type":"WebPage","@id":"https:\/\/www.comau.com\/de\/about-us\/funded-projects\/electrification\/","url":"https:\/\/www.comau.com\/de\/about-us\/funded-projects\/electrification\/","name":"Elektrifizierung - Comau","isPartOf":{"@id":"https:\/\/www.comau.com\/de\/#website"},"primaryImageOfPage":{"@id":"https:\/\/www.comau.com\/de\/about-us\/funded-projects\/electrification\/#primaryimage"},"image":{"@id":"https:\/\/www.comau.com\/de\/about-us\/funded-projects\/electrification\/#primaryimage"},"thumbnailUrl":"https:\/\/www.comau.com\/wp-content\/uploads\/2025\/04\/DUBAI-header-comau-robotized-system-battery-dismantling.jpg","datePublished":"2021-12-14T13:52:49+00:00","dateModified":"2022-02-23T10:36:38+00:00","breadcrumb":{"@id":"https:\/\/www.comau.com\/de\/about-us\/funded-projects\/electrification\/#breadcrumb"},"inLanguage":"de","potentialAction":[{"@type":"ReadAction","target":["https:\/\/www.comau.com\/de\/about-us\/funded-projects\/electrification\/"]}]},{"@type":"ImageObject","inLanguage":"de","@id":"https:\/\/www.comau.com\/de\/about-us\/funded-projects\/electrification\/#primaryimage","url":"https:\/\/www.comau.com\/wp-content\/uploads\/2025\/04\/DUBAI-header-comau-robotized-system-battery-dismantling.jpg","contentUrl":"https:\/\/www.comau.com\/wp-content\/uploads\/2025\/04\/DUBAI-header-comau-robotized-system-battery-dismantling.jpg","width":1920,"height":606},{"@type":"BreadcrumbList","@id":"https:\/\/www.comau.com\/de\/about-us\/funded-projects\/electrification\/#breadcrumb","itemListElement":[{"@type":"ListItem","position":1,"name":"Home","item":"https:\/\/www.comau.com\/de\/"},{"@type":"ListItem","position":2,"name":"\u00dcber Comau","item":"https:\/\/www.comau.com\/de\/about-us\/"},{"@type":"ListItem","position":3,"name":"Funded Projects","item":"https:\/\/www.comau.com\/de\/about-us\/funded-projects\/"},{"@type":"ListItem","position":4,"name":"Elektrifizierung"}]},{"@type":"WebSite","@id":"https:\/\/www.comau.com\/de\/#website","url":"https:\/\/www.comau.com\/de\/","name":"Comau","description":"Industrial automation and robotics","publisher":{"@id":"https:\/\/www.comau.com\/de\/#organization"},"potentialAction":[{"@type":"SearchAction","target":{"@type":"EntryPoint","urlTemplate":"https:\/\/www.comau.com\/de\/?s={search_term_string}"},"query-input":{"@type":"PropertyValueSpecification","valueRequired":true,"valueName":"search_term_string"}}],"inLanguage":"de"},{"@type":"Organization","@id":"https:\/\/www.comau.com\/de\/#organization","name":"Comau","url":"https:\/\/www.comau.com\/de\/","logo":{"@type":"ImageObject","inLanguage":"de","@id":"https:\/\/www.comau.com\/de\/#\/schema\/logo\/image\/","url":"https:\/\/www.comau.com\/wp-content\/uploads\/2024\/07\/cropped-Logo-COMAU.png","contentUrl":"https:\/\/www.comau.com\/wp-content\/uploads\/2024\/07\/cropped-Logo-COMAU.png","width":434,"height":434,"caption":"Comau"},"image":{"@id":"https:\/\/www.comau.com\/de\/#\/schema\/logo\/image\/"},"sameAs":["https:\/\/www.facebook.com\/COMAU\/","https:\/\/x.com\/comaugroup","https:\/\/www.instagram.com\/comaugroup\/","https:\/\/www.linkedin.com\/company\/comau","https:\/\/www.youtube.com\/user\/comau"]}]}},"_links":{"self":[{"href":"https:\/\/www.comau.com\/de\/wp-json\/wp\/v2\/pages\/40437","targetHints":{"allow":["GET"]}}],"collection":[{"href":"https:\/\/www.comau.com\/de\/wp-json\/wp\/v2\/pages"}],"about":[{"href":"https:\/\/www.comau.com\/de\/wp-json\/wp\/v2\/types\/page"}],"author":[{"embeddable":true,"href":"https:\/\/www.comau.com\/de\/wp-json\/wp\/v2\/users\/11"}],"replies":[{"embeddable":true,"href":"https:\/\/www.comau.com\/de\/wp-json\/wp\/v2\/comments?post=40437"}],"version-history":[{"count":4,"href":"https:\/\/www.comau.com\/de\/wp-json\/wp\/v2\/pages\/40437\/revisions"}],"predecessor-version":[{"id":42958,"href":"https:\/\/www.comau.com\/de\/wp-json\/wp\/v2\/pages\/40437\/revisions\/42958"}],"up":[{"embeddable":true,"href":"https:\/\/www.comau.com\/de\/wp-json\/wp\/v2\/pages\/5355"}],"wp:featuredmedia":[{"embeddable":true,"href":"https:\/\/www.comau.com\/de\/wp-json\/wp\/v2\/media\/75304"}],"wp:attachment":[{"href":"https:\/\/www.comau.com\/de\/wp-json\/wp\/v2\/media?parent=40437"}],"curies":[{"name":"wp","href":"https:\/\/api.w.org\/{rel}","templated":true}]}}