{"id":40378,"date":"2021-12-14T14:50:21","date_gmt":"2021-12-14T13:50:21","guid":{"rendered":"https:\/\/www.comau.com\/about-us\/funded-projects\/powertrain-machining\/"},"modified":"2022-02-23T14:40:36","modified_gmt":"2022-02-23T13:40:36","slug":"powertrain-machining","status":"publish","type":"page","link":"https:\/\/www.comau.com\/de\/competencies\/systems\/powertrain-machining\/","title":{"rendered":"Antriebsstr\u00e4nge und Maschinelle Bearbeitung"},"content":{"rendered":"\n<h2 class=\"wp-block-heading\" id=\"powertrain-and-machining\">Antriebsstr\u00e4nge und Maschinelle Bearbeitung<\/h2>\n\n\n\n<p>Mit den Jahren hat sich die Erfahrung von Comau im Bereich Antriebsstr\u00e4nge und maschinelle Bearbeitung f\u00fcr viele europ\u00e4ische Projekte als eine wichtige Unterst\u00fctzung erwiesen. Schl\u00fcsselindustrien wie Luft- und Raumfahrt, \u00d6l&amp;Gas, Automotive und Energieerzeugung profitieren von den technologischen Fortschritten auf diesem Gebiet und wenden Hybridl\u00f6sungen an, um die Effizienz zu steigern, Abfall zu reduzieren und Ausfallzeiten aufgrund von Wartung zu verk\u00fcrzen.<\/p>\n\n\n<div class=\"funded-projects\"><div class=\"funded-project\">\n    <h3 class=\"funded-project-title\">FlexHyMan &#8211; Ein flexibles Hybrid-Produktionssystem<\/h3>\n    <p class=\"funded-project-country-business\">\n        Land\/Branche:\n        Frankreich\/PWT    <\/p>\n    <div class=\"funded-project-body\">\n        <h4 class=\"funded-project-body-title\">Hauptziele:<\/h4>\n        \n<p><a href=\"https:\/\/www.eitmanufacturing.eu\/news-media\/activities\/a-flexible-hybrid-manufacturing-system\/\">FlexHyman<\/a> ist eine flexible, modulare und skalierbare Plattform, die den Anforderungen von Branchen wie Luft- und Raumfahrt, \u00d6l&amp;Gas und Automotive Rechnung tr\u00e4gt, da sich diese zunehmend dem \u201eAdditive Manufacturing\u201c (AM) von Metall zuwenden, das in den letzten Jahren gro\u00dfe Fortschritte gemacht hat. Das Projekt sieht ein hybrides, modulares System vor, in das drei verschiedene Module integriert werden k\u00f6nnen: Fr\u00e4sen, DED bzw. 3D-Scan. Diese hybride Werkzeugmaschine (Machine Tool Center &#8211; MTC) optimiert die Verarbeitung von Werkstoffen mit hoher Wertsch\u00f6pfung (Ti- und Ni-basierte Legierungen) und Teilen, die aufgrund ihres geringen \u00f6kologischen Fu\u00dfabdrucks, reduzierter Verarbeitungszeiten und des Einsatzes der kryogenen K\u00fchlung anstelle von \u00f6lbasierten K\u00fchlmitteln f\u00fcr Antriebsstr\u00e4nge (PWT) und andere Systeme verwendet werden.<\/p>\n    <\/div>\n    <div class=\"funded-project-infos\">\n                        <dl class=\"funded-project-timetable\">\n            <dt>Zeitplan<\/dt>\n            <dd>01.01.2020 - 31.12.2020<\/dd>\n        <\/dl>\n                        <dl class=\"funded-project-partners\">\n            <dt>Partner<\/dt>\n            <dd>COMAU FRANCE, LMS - Laboratory for Manufacturing Systems and Automation, University of Patras, Prima Industrie, University of Souther<\/dd>\n        <\/dl>\n            <\/div>\n            <p class=\"funded-project-links\">\n        <strong>Projekt-Links:<\/strong>\n                    <a class=\"btn btn-readmore\" href=\"https:\/\/lmsupatras.eu\/a-flexible-hybrid-manufacturing-system\/\" target=\"_blank\" rel=\"nofollow\">lmsupatras<\/a>\n                            <a class=\"btn btn-readmore\" href=\"https:\/\/www.eitmanufacturing.eu\/news-media\/activities\/a-flexible-hybrid-manufacturing-system\/\" target=\"_blank\" rel=\"nofollow\">Eitmanufacturing<\/a>\n                    <\/p>\n    <\/div>\n<div class=\"funded-project\">\n    <h3 class=\"funded-project-title\">TWIN-CONTROL &#8211; Twin-Modell-basierte virtuelle Herstellung f\u00fcr Simulation und Steuerung von Werkzeugmaschinenprozessen<\/h3>\n    <p class=\"funded-project-country-business\">\n        Land\/Branche:\n        Frankreich\/PWT    <\/p>\n    <div class=\"funded-project-body\">\n        <h4 class=\"funded-project-body-title\">Hauptziele:<\/h4>\n        \n<p>Im Rahmen des EU-Programms Horizon 2020 hat das Projekt  <a href=\"https:\/\/twincontrol.eu\/\">Twin-Control<\/a> das Konzept einer neuen digitalen Werkzeugl\u00f6sung f\u00fcr die Simulation von Werkzeugmaschinen entwickelt. Diese F\u00e4higkeit ist unerl\u00e4sslich, um die Wettbewerbsf\u00e4higkeit der europ\u00e4ischen Werkzeugmaschinenindustrie zu verbessern. Dieses Konzept erm\u00f6glicht den Unternehmen, die verschiedenen Parameter, die sich auf den Prozess auswirken, zu untersuchen. Twin-Control umfasst verbesserte Simulationsmodelle mit Funktionen wie Energieeffizienz und Optimierung des proaktiven Wartungsmanagements. Comau war ein wichtiges Mitglied des multidisziplin\u00e4ren Teams, das Twin-Control erfolgreich entwickelt und implementiert hat. Ergebnisse dieses Projekts sind eine Reduzierung der Vorlaufzeiten und -kosten um 10 %, 25 % weniger Betriebskosten, eine Steigerung der Leistung um 2 % dank der modellbasierten Steuerung und Energieeinsparungen bis zu 50 %.<\/p>\n    <\/div>\n    <div class=\"funded-project-infos\">\n                        <dl class=\"funded-project-timetable\">\n            <dt>Zeitplan<\/dt>\n            <dd>10.2015 - 09.2018<\/dd>\n        <\/dl>\n                        <dl class=\"funded-project-partners\">\n            <dt>Partner<\/dt>\n            <dd>COMAU FRANCE, Tekniker, USFD, SAMTECH, PWT, Renault<\/dd>\n        <\/dl>\n            <\/div>\n            <p class=\"funded-project-links\">\n        <strong>Projekt-Links:<\/strong>\n                    <a class=\"btn btn-readmore\" href=\"https:\/\/twincontrol.eu\/\" target=\"_blank\" rel=\"nofollow\">Twincontrol<\/a>\n                            <\/p>\n    <\/div>\n<div class=\"funded-project\">\n    <h3 class=\"funded-project-title\">4D-Hybrid<\/h3>\n    <p class=\"funded-project-country-business\">\n        Land\/Branche:\n        Frankreich\/PWT    <\/p>\n    <div class=\"funded-project-body\">\n        <h4 class=\"funded-project-body-title\">Hauptziele:<\/h4>\n        \n<p><a href=\"https:\/\/4dhybrid.eu\/\">4D-Hybrid<\/a> ist ein neues Additive Manufacturing (AM) Konzept, das auf der modularen Integration kompakter, kosteng\u00fcnstiger Module beruht. Hybride Technologien eignen sich besonders gut dazu, das Potenzial des AM voll auszusch\u00f6pfen, um menschliches Versagen zu reduzieren und die Sicherheit der Mitarbeitenden in den verschiedenen Phasen des Produktlebenszyklus zu verbessern: von der Produktion bis hin zur Wartung defekter Komponenten und Reparaturen vor Ort. Schwerpunkt des Projekts war die Entwicklung von vier Modulen mit Steuerungs- und \u00dcberwachungssystemen, die in die bereits existierende Fertigungs- und Produktionstechnologie integriert werden sollten. Comau hat die besagten Module in \u201eAll-in-one\u201c-Maschinen und -Roboter hochflexibler Arbeitspl\u00e4tze und robotisierter Zellen eingegliedert. 4D-Hybrid wurde in 3 Anwendungsf\u00e4llen in der Luftfahrt-, \u00d6l&amp;Gas- und Energieerzeugungsindustrie umgesetzt und validiert.<\/p>\n    <\/div>\n    <div class=\"funded-project-infos\">\n                        <dl class=\"funded-project-timetable\">\n            <dt>Zeitplan<\/dt>\n            <dd>01.2017 - 12.2019<\/dd>\n        <\/dl>\n                        <dl class=\"funded-project-partners\">\n            <dt>Partner<\/dt>\n            <dd>COMAU FRANCE, LMS, Prima Power, 3D New Technologies, POLITO, Koord<\/dd>\n        <\/dl>\n            <\/div>\n            <p class=\"funded-project-links\">\n        <strong>Projekt-Links:<\/strong>\n                    <a class=\"btn btn-readmore\" href=\"https:\/\/4dhybrid.eu\/\" target=\"_blank\" rel=\"nofollow\">4dhybrid<\/a>\n                            <\/p>\n    <\/div>\n<\/div>\n","protected":false},"excerpt":{"rendered":"<p>Antriebsstr\u00e4nge und Maschinelle Bearbeitung Mit den Jahren hat sich die Erfahrung von Comau im Bereich Antriebsstr\u00e4nge und maschinelle Bearbeitung f\u00fcr viele europ\u00e4ische Projekte als eine wichtige Unterst\u00fctzung erwiesen. Schl\u00fcsselindustrien wie Luft- und Raumfahrt, \u00d6l&amp;Gas, Automotive und Energieerzeugung profitieren von den technologischen Fortschritten auf diesem Gebiet und wenden Hybridl\u00f6sungen an, um die Effizienz zu steigern, Abfall [&hellip;]<\/p>\n","protected":false},"author":11,"featured_media":40829,"parent":65259,"menu_order":1,"comment_status":"closed","ping_status":"closed","template":"","meta":{"_acf_changed":false,"ep_exclude_from_search":false,"footnotes":""},"class_list":["post-40378","page","type-page","status-publish","has-post-thumbnail","hentry"],"acf":[],"yoast_head":"<!-- This site is optimized with the Yoast SEO plugin v26.9 - https:\/\/yoast.com\/product\/yoast-seo-wordpress\/ -->\n<title>Antriebsstr\u00e4nge und Maschinelle Bearbeitung - Comau<\/title>\n<meta name=\"robots\" content=\"index, follow, max-snippet:-1, max-image-preview:large, max-video-preview:-1\" \/>\n<link rel=\"canonical\" href=\"https:\/\/www.comau.com\/de\/competencies\/systems\/powertrain-machining\/\" \/>\n<meta property=\"og:locale\" content=\"de_DE\" \/>\n<meta property=\"og:type\" content=\"article\" \/>\n<meta property=\"og:title\" content=\"Antriebsstr\u00e4nge und Maschinelle Bearbeitung - Comau\" \/>\n<meta property=\"og:description\" content=\"Antriebsstr\u00e4nge und Maschinelle Bearbeitung Mit den Jahren hat sich die Erfahrung von Comau im Bereich Antriebsstr\u00e4nge und maschinelle Bearbeitung f\u00fcr viele europ\u00e4ische Projekte als eine wichtige Unterst\u00fctzung erwiesen. Schl\u00fcsselindustrien wie Luft- und Raumfahrt, \u00d6l&amp;Gas, Automotive und Energieerzeugung profitieren von den technologischen Fortschritten auf diesem Gebiet und wenden Hybridl\u00f6sungen an, um die Effizienz zu steigern, Abfall [&hellip;]\" \/>\n<meta property=\"og:url\" content=\"https:\/\/www.comau.com\/de\/competencies\/systems\/powertrain-machining\/\" \/>\n<meta property=\"og:site_name\" content=\"Comau\" \/>\n<meta property=\"article:publisher\" content=\"https:\/\/www.facebook.com\/COMAU\/\" \/>\n<meta property=\"article:modified_time\" content=\"2022-02-23T13:40:36+00:00\" \/>\n<meta property=\"og:image\" content=\"https:\/\/www.comau.com\/wp-content\/uploads\/2021\/12\/Powertrain-Machining.jpg\" \/>\n\t<meta property=\"og:image:width\" content=\"1425\" \/>\n\t<meta property=\"og:image:height\" content=\"450\" \/>\n\t<meta property=\"og:image:type\" content=\"image\/jpeg\" \/>\n<meta name=\"twitter:card\" content=\"summary_large_image\" \/>\n<meta name=\"twitter:site\" content=\"@comaugroup\" \/>\n<meta name=\"twitter:label1\" content=\"Gesch\u00e4tzte Lesezeit\" \/>\n\t<meta name=\"twitter:data1\" content=\"1\u00a0Minute\" \/>\n<script type=\"application\/ld+json\" class=\"yoast-schema-graph\">{\"@context\":\"https:\/\/schema.org\",\"@graph\":[{\"@type\":\"WebPage\",\"@id\":\"https:\/\/www.comau.com\/de\/competencies\/systems\/powertrain-machining\/\",\"url\":\"https:\/\/www.comau.com\/de\/competencies\/systems\/powertrain-machining\/\",\"name\":\"Antriebsstr\u00e4nge und Maschinelle Bearbeitung - Comau\",\"isPartOf\":{\"@id\":\"https:\/\/www.comau.com\/de\/#website\"},\"primaryImageOfPage\":{\"@id\":\"https:\/\/www.comau.com\/de\/competencies\/systems\/powertrain-machining\/#primaryimage\"},\"image\":{\"@id\":\"https:\/\/www.comau.com\/de\/competencies\/systems\/powertrain-machining\/#primaryimage\"},\"thumbnailUrl\":\"https:\/\/www.comau.com\/wp-content\/uploads\/2021\/12\/Powertrain-Machining.jpg\",\"datePublished\":\"2021-12-14T13:50:21+00:00\",\"dateModified\":\"2022-02-23T13:40:36+00:00\",\"breadcrumb\":{\"@id\":\"https:\/\/www.comau.com\/de\/competencies\/systems\/powertrain-machining\/#breadcrumb\"},\"inLanguage\":\"de\",\"potentialAction\":[{\"@type\":\"ReadAction\",\"target\":[\"https:\/\/www.comau.com\/de\/competencies\/systems\/powertrain-machining\/\"]}]},{\"@type\":\"ImageObject\",\"inLanguage\":\"de\",\"@id\":\"https:\/\/www.comau.com\/de\/competencies\/systems\/powertrain-machining\/#primaryimage\",\"url\":\"https:\/\/www.comau.com\/wp-content\/uploads\/2021\/12\/Powertrain-Machining.jpg\",\"contentUrl\":\"https:\/\/www.comau.com\/wp-content\/uploads\/2021\/12\/Powertrain-Machining.jpg\",\"width\":1425,\"height\":450},{\"@type\":\"BreadcrumbList\",\"@id\":\"https:\/\/www.comau.com\/de\/competencies\/systems\/powertrain-machining\/#breadcrumb\",\"itemListElement\":[{\"@type\":\"ListItem\",\"position\":1,\"name\":\"Home\",\"item\":\"https:\/\/www.comau.com\/de\/\"},{\"@type\":\"ListItem\",\"position\":2,\"name\":\"\u00dcber Comau\",\"item\":\"https:\/\/www.comau.com\/de\/about-us\/\"},{\"@type\":\"ListItem\",\"position\":3,\"name\":\"Funded Projects\",\"item\":\"https:\/\/www.comau.com\/de\/about-us\/funded-projects\/\"},{\"@type\":\"ListItem\",\"position\":4,\"name\":\"Antriebsstr\u00e4nge und Maschinelle Bearbeitung\"}]},{\"@type\":\"WebSite\",\"@id\":\"https:\/\/www.comau.com\/de\/#website\",\"url\":\"https:\/\/www.comau.com\/de\/\",\"name\":\"Comau\",\"description\":\"Industrial automation and robotics\",\"publisher\":{\"@id\":\"https:\/\/www.comau.com\/de\/#organization\"},\"potentialAction\":[{\"@type\":\"SearchAction\",\"target\":{\"@type\":\"EntryPoint\",\"urlTemplate\":\"https:\/\/www.comau.com\/de\/?s={search_term_string}\"},\"query-input\":{\"@type\":\"PropertyValueSpecification\",\"valueRequired\":true,\"valueName\":\"search_term_string\"}}],\"inLanguage\":\"de\"},{\"@type\":\"Organization\",\"@id\":\"https:\/\/www.comau.com\/de\/#organization\",\"name\":\"Comau\",\"url\":\"https:\/\/www.comau.com\/de\/\",\"logo\":{\"@type\":\"ImageObject\",\"inLanguage\":\"de\",\"@id\":\"https:\/\/www.comau.com\/de\/#\/schema\/logo\/image\/\",\"url\":\"https:\/\/www.comau.com\/wp-content\/uploads\/2024\/07\/cropped-Logo-COMAU.png\",\"contentUrl\":\"https:\/\/www.comau.com\/wp-content\/uploads\/2024\/07\/cropped-Logo-COMAU.png\",\"width\":434,\"height\":434,\"caption\":\"Comau\"},\"image\":{\"@id\":\"https:\/\/www.comau.com\/de\/#\/schema\/logo\/image\/\"},\"sameAs\":[\"https:\/\/www.facebook.com\/COMAU\/\",\"https:\/\/x.com\/comaugroup\",\"https:\/\/www.instagram.com\/comaugroup\/\",\"https:\/\/www.linkedin.com\/company\/comau\",\"https:\/\/www.youtube.com\/user\/comau\"]}]}<\/script>\n<!-- \/ Yoast SEO plugin. -->","yoast_head_json":{"title":"Antriebsstr\u00e4nge und Maschinelle Bearbeitung - Comau","robots":{"index":"index","follow":"follow","max-snippet":"max-snippet:-1","max-image-preview":"max-image-preview:large","max-video-preview":"max-video-preview:-1"},"canonical":"https:\/\/www.comau.com\/de\/competencies\/systems\/powertrain-machining\/","og_locale":"de_DE","og_type":"article","og_title":"Antriebsstr\u00e4nge und Maschinelle Bearbeitung - Comau","og_description":"Antriebsstr\u00e4nge und Maschinelle Bearbeitung Mit den Jahren hat sich die Erfahrung von Comau im Bereich Antriebsstr\u00e4nge und maschinelle Bearbeitung f\u00fcr viele europ\u00e4ische Projekte als eine wichtige Unterst\u00fctzung erwiesen. Schl\u00fcsselindustrien wie Luft- und Raumfahrt, \u00d6l&amp;Gas, Automotive und Energieerzeugung profitieren von den technologischen Fortschritten auf diesem Gebiet und wenden Hybridl\u00f6sungen an, um die Effizienz zu steigern, Abfall [&hellip;]","og_url":"https:\/\/www.comau.com\/de\/competencies\/systems\/powertrain-machining\/","og_site_name":"Comau","article_publisher":"https:\/\/www.facebook.com\/COMAU\/","article_modified_time":"2022-02-23T13:40:36+00:00","og_image":[{"width":1425,"height":450,"url":"https:\/\/www.comau.com\/wp-content\/uploads\/2021\/12\/Powertrain-Machining.jpg","type":"image\/jpeg"}],"twitter_card":"summary_large_image","twitter_site":"@comaugroup","twitter_misc":{"Gesch\u00e4tzte Lesezeit":"1\u00a0Minute"},"schema":{"@context":"https:\/\/schema.org","@graph":[{"@type":"WebPage","@id":"https:\/\/www.comau.com\/de\/competencies\/systems\/powertrain-machining\/","url":"https:\/\/www.comau.com\/de\/competencies\/systems\/powertrain-machining\/","name":"Antriebsstr\u00e4nge und Maschinelle Bearbeitung - Comau","isPartOf":{"@id":"https:\/\/www.comau.com\/de\/#website"},"primaryImageOfPage":{"@id":"https:\/\/www.comau.com\/de\/competencies\/systems\/powertrain-machining\/#primaryimage"},"image":{"@id":"https:\/\/www.comau.com\/de\/competencies\/systems\/powertrain-machining\/#primaryimage"},"thumbnailUrl":"https:\/\/www.comau.com\/wp-content\/uploads\/2021\/12\/Powertrain-Machining.jpg","datePublished":"2021-12-14T13:50:21+00:00","dateModified":"2022-02-23T13:40:36+00:00","breadcrumb":{"@id":"https:\/\/www.comau.com\/de\/competencies\/systems\/powertrain-machining\/#breadcrumb"},"inLanguage":"de","potentialAction":[{"@type":"ReadAction","target":["https:\/\/www.comau.com\/de\/competencies\/systems\/powertrain-machining\/"]}]},{"@type":"ImageObject","inLanguage":"de","@id":"https:\/\/www.comau.com\/de\/competencies\/systems\/powertrain-machining\/#primaryimage","url":"https:\/\/www.comau.com\/wp-content\/uploads\/2021\/12\/Powertrain-Machining.jpg","contentUrl":"https:\/\/www.comau.com\/wp-content\/uploads\/2021\/12\/Powertrain-Machining.jpg","width":1425,"height":450},{"@type":"BreadcrumbList","@id":"https:\/\/www.comau.com\/de\/competencies\/systems\/powertrain-machining\/#breadcrumb","itemListElement":[{"@type":"ListItem","position":1,"name":"Home","item":"https:\/\/www.comau.com\/de\/"},{"@type":"ListItem","position":2,"name":"\u00dcber Comau","item":"https:\/\/www.comau.com\/de\/about-us\/"},{"@type":"ListItem","position":3,"name":"Funded Projects","item":"https:\/\/www.comau.com\/de\/about-us\/funded-projects\/"},{"@type":"ListItem","position":4,"name":"Antriebsstr\u00e4nge und Maschinelle Bearbeitung"}]},{"@type":"WebSite","@id":"https:\/\/www.comau.com\/de\/#website","url":"https:\/\/www.comau.com\/de\/","name":"Comau","description":"Industrial automation and robotics","publisher":{"@id":"https:\/\/www.comau.com\/de\/#organization"},"potentialAction":[{"@type":"SearchAction","target":{"@type":"EntryPoint","urlTemplate":"https:\/\/www.comau.com\/de\/?s={search_term_string}"},"query-input":{"@type":"PropertyValueSpecification","valueRequired":true,"valueName":"search_term_string"}}],"inLanguage":"de"},{"@type":"Organization","@id":"https:\/\/www.comau.com\/de\/#organization","name":"Comau","url":"https:\/\/www.comau.com\/de\/","logo":{"@type":"ImageObject","inLanguage":"de","@id":"https:\/\/www.comau.com\/de\/#\/schema\/logo\/image\/","url":"https:\/\/www.comau.com\/wp-content\/uploads\/2024\/07\/cropped-Logo-COMAU.png","contentUrl":"https:\/\/www.comau.com\/wp-content\/uploads\/2024\/07\/cropped-Logo-COMAU.png","width":434,"height":434,"caption":"Comau"},"image":{"@id":"https:\/\/www.comau.com\/de\/#\/schema\/logo\/image\/"},"sameAs":["https:\/\/www.facebook.com\/COMAU\/","https:\/\/x.com\/comaugroup","https:\/\/www.instagram.com\/comaugroup\/","https:\/\/www.linkedin.com\/company\/comau","https:\/\/www.youtube.com\/user\/comau"]}]}},"_links":{"self":[{"href":"https:\/\/www.comau.com\/de\/wp-json\/wp\/v2\/pages\/40378","targetHints":{"allow":["GET"]}}],"collection":[{"href":"https:\/\/www.comau.com\/de\/wp-json\/wp\/v2\/pages"}],"about":[{"href":"https:\/\/www.comau.com\/de\/wp-json\/wp\/v2\/types\/page"}],"author":[{"embeddable":true,"href":"https:\/\/www.comau.com\/de\/wp-json\/wp\/v2\/users\/11"}],"replies":[{"embeddable":true,"href":"https:\/\/www.comau.com\/de\/wp-json\/wp\/v2\/comments?post=40378"}],"version-history":[{"count":7,"href":"https:\/\/www.comau.com\/de\/wp-json\/wp\/v2\/pages\/40378\/revisions"}],"predecessor-version":[{"id":43110,"href":"https:\/\/www.comau.com\/de\/wp-json\/wp\/v2\/pages\/40378\/revisions\/43110"}],"up":[{"embeddable":true,"href":"https:\/\/www.comau.com\/de\/wp-json\/wp\/v2\/pages\/65259"}],"wp:featuredmedia":[{"embeddable":true,"href":"https:\/\/www.comau.com\/de\/wp-json\/wp\/v2\/media\/40829"}],"wp:attachment":[{"href":"https:\/\/www.comau.com\/de\/wp-json\/wp\/v2\/media?parent=40378"}],"curies":[{"name":"wp","href":"https:\/\/api.w.org\/{rel}","templated":true}]}}