{"id":36364,"date":"2021-07-23T09:57:34","date_gmt":"2021-07-23T07:57:34","guid":{"rendered":"https:\/\/www.comau.com\/?page_id=36364"},"modified":"2022-10-25T15:53:05","modified_gmt":"2022-10-25T13:53:05","slug":"aura-kollaborativer-roboter","status":"publish","type":"page","link":"https:\/\/www.comau.com\/de\/competencies\/robotics-automation\/collaborative-robotics\/aura-kollaborativer-roboter\/","title":{"rendered":"AURA Kollaborativer Roboter"},"content":{"rendered":"\n<h2 class=\"wp-block-heading\">Sicher und empfindlich<\/h2>\n\n\n\n<p>Wenn es um Empfindlichkeit geht, ist AURA beinahe menschlich.<\/p>\n\n\n\n<p>Mit sechs Sicherheitsstufen und einem modularen Ansatz unterst\u00fctzt AURA den Menschen bei der Durchf\u00fchrung manueller T\u00e4tigkeiten in v\u00f6lliger Sicherheit und N\u00e4he, ohne dass Barrieren oder Z\u00e4une erforderlich sind. AURA ist flexibel genug, um mit allen Arten von kollaborativen T\u00e4tigkeiten kompatibel zu sein, und kann je nach Bedarf in einem kollaborativen oder nicht kollaborativen Hochgeschwindigkeitsmodus eingesetzt werden. AURA l\u00e4sst sich einfach \u00fcber eine intuitive Benutzeroberfl\u00e4che programmieren oder vom Bediener manuell f\u00fchren und ist mit leistungsstarken N\u00e4herungssensoren ausgestattet, die die Ann\u00e4herung von Bedienern erkennen und darauf reagieren und Kollisionen vermeiden.<\/p>\n\n\n\n<div class=\"wp-block-getwid-toggle download-dropdown has-icon-left\">\n<div class=\"wp-block-getwid-toggle__row\"><div class=\"wp-block-getwid-toggle__header-wrapper\"><span class=\"wp-block-getwid-toggle__header\"><a href=\"#\"><span class=\"wp-block-getwid-toggle__header-title\">Download the brochure<\/span><span class=\"wp-block-getwid-toggle__icon is-active\"><i class=\"fas fa-plus\"><\/i><\/span><span class=\"wp-block-getwid-toggle__icon is-passive\"><i class=\"fas fa-minus\"><\/i><\/span><\/a><\/span><\/div><div class=\"wp-block-getwid-toggle__content-wrapper\"><div class=\"wp-block-getwid-toggle__content\">\n<div class=\"wp-block-getwid-button-group\"><div class=\"wp-block-getwid-button-group__wrapper\">\n<div class=\"wp-block-button\"><a class=\"wp-block-button__link\" href=\"https:\/\/www.comau.com\/wp-content\/uploads\/2022\/01\/Comau-AURA-WEB-HD_rev01.pdf\" target=\"_blank\" rel=\"noreferrer noopener\">Comau_AURA_Brochure_EN<\/a><\/div>\n<\/div><\/div>\n<\/div><\/div><\/div>\n<\/div>\n\n\n\n<h3 class=\"wp-block-heading\">Die wichtigsten Merkmale<\/h3>\n\n\n\n<ul class=\"wp-block-list\"><li>Hohe Nutzlast und Reichweite (170 kg, 2,8 m Reichweite)<\/li><li>Leistungsstarkes Kollisionsschutzsystem<\/li><li>Kollaborativer Hochgeschwindigkeitsmodus<\/li><li>Umschaltm\u00f6glichkeit zwischen kollaborativem\/nicht kollaborativem Modus<\/li><li>\u00dcberkopf-Montagem\u00f6glichkeit des Roboters<\/li><\/ul>\n\n\n\n<figure class=\"wp-block-embed is-type-video is-provider-youtube wp-block-embed-youtube wp-embed-aspect-16-9 wp-has-aspect-ratio\"><div class=\"wp-block-embed__wrapper\">\n<iframe title=\"Robots and Humans Working Together: Comau Aura Robot\" width=\"640\" height=\"360\" src=\"https:\/\/www.youtube.com\/embed\/Cr5PayuzkEA?feature=oembed\" frameborder=\"0\" allow=\"accelerometer; autoplay; clipboard-write; encrypted-media; gyroscope; picture-in-picture; web-share\" referrerpolicy=\"strict-origin-when-cross-origin\" allowfullscreen><\/iframe>\n<\/div><\/figure>\n\n\n\n<h3 class=\"wp-block-heading\">Die wichtigsten Vorteile<\/h3>\n\n\n\n<ul class=\"wp-block-list\"><li>Kollaborativer Roboter mit der h\u00f6chsten Nutzlast und Reichweite auf dem Markt<\/li><li>Der Hochgeschwindigkeitsmodus wird dynamisch gesteuert, wenn der Zusammenarbeitsmodus nicht erforderlich ist<\/li><li>Die Kollisionsschutzsysteml\u00f6sung wird sowohl auf den Roboter als auch auf die Werkzeuge eingesetzt<\/li><li>Vollst\u00e4ndig kollaborativer Hollow-Wrist-Roboter<\/li><li>Hocheffizient auch bei kollaborativen Anwendungen mit hoher Nutzlast<\/li><\/ul>\n\n\n\n<div class=\"wp-block-getwid-images-slider has-arrows-inside has-dots-outside has-images-center has-cropped-images\"><div class=\"wp-block-getwid-images-slider__wrapper\" data-effect=\"slide\" data-slides-show=\"1\" data-slides-show-laptop=\"1\" data-slides-show-tablet=\"1\" data-slides-show-mobile=\"1\" data-slides-scroll=\"1\" data-autoplay=\"true\" data-autoplay-speed=\"6000\" data-infinite=\"true\" data-animation-speed=\"800\" data-center-mode=\"false\" data-variable-width=\"false\" data-arrows=\"inside\" data-dots=\"outside\" data-spacing=\"none\"><div class=\"wp-block-getwid-images-slider__item\"><figure><img decoding=\"async\" width=\"1180\" height=\"480\" src=\"https:\/\/www.comau.com\/wp-content\/uploads\/2021\/07\/01-1.png\" data-id=\"34673\" data-link=\"https:\/\/www.comau.com\/en\/competencies\/robotics-automation\/collaborative-robotics\/aura-collaborative-robot\/01-6\/\" data-original-link=\"https:\/\/www.comau.com\/wp-content\/uploads\/2021\/07\/01-1.png\" class=\"wp-block-getwid-images-slider__image wp-image-34676\" srcset=\"https:\/\/www.comau.com\/wp-content\/uploads\/2021\/07\/01-1.png 1180w, https:\/\/www.comau.com\/wp-content\/uploads\/2021\/07\/01-1-300x122.png 300w, https:\/\/www.comau.com\/wp-content\/uploads\/2021\/07\/01-1-1024x417.png 1024w, https:\/\/www.comau.com\/wp-content\/uploads\/2021\/07\/01-1-768x312.png 768w\" sizes=\"(max-width: 1180px) 100vw, 1180px\" \/><\/figure><\/div><div class=\"wp-block-getwid-images-slider__item\"><figure><img decoding=\"async\" width=\"1180\" height=\"480\" src=\"https:\/\/www.comau.com\/wp-content\/uploads\/2021\/07\/02-1.png\" data-id=\"34679\" data-link=\"https:\/\/www.comau.com\/en\/competencies\/robotics-automation\/collaborative-robotics\/aura-collaborative-robot\/02-6\/\" data-original-link=\"https:\/\/www.comau.com\/wp-content\/uploads\/2021\/07\/02-1.png\" class=\"wp-block-getwid-images-slider__image wp-image-34682\" srcset=\"https:\/\/www.comau.com\/wp-content\/uploads\/2021\/07\/02-1.png 1180w, https:\/\/www.comau.com\/wp-content\/uploads\/2021\/07\/02-1-300x122.png 300w, https:\/\/www.comau.com\/wp-content\/uploads\/2021\/07\/02-1-1024x417.png 1024w, https:\/\/www.comau.com\/wp-content\/uploads\/2021\/07\/02-1-768x312.png 768w\" sizes=\"(max-width: 1180px) 100vw, 1180px\" \/><\/figure><\/div><div class=\"wp-block-getwid-images-slider__item\"><figure><img decoding=\"async\" width=\"1180\" height=\"480\" src=\"https:\/\/www.comau.com\/wp-content\/uploads\/2021\/07\/03-1.png\" data-id=\"34685\" data-link=\"https:\/\/www.comau.com\/en\/competencies\/robotics-automation\/collaborative-robotics\/aura-collaborative-robot\/03-5\/\" data-original-link=\"https:\/\/www.comau.com\/wp-content\/uploads\/2021\/07\/03-1.png\" class=\"wp-block-getwid-images-slider__image wp-image-34688\" srcset=\"https:\/\/www.comau.com\/wp-content\/uploads\/2021\/07\/03-1.png 1180w, https:\/\/www.comau.com\/wp-content\/uploads\/2021\/07\/03-1-300x122.png 300w, https:\/\/www.comau.com\/wp-content\/uploads\/2021\/07\/03-1-1024x417.png 1024w, https:\/\/www.comau.com\/wp-content\/uploads\/2021\/07\/03-1-768x312.png 768w\" sizes=\"(max-width: 1180px) 100vw, 1180px\" \/><\/figure><\/div><div class=\"wp-block-getwid-images-slider__item\"><figure><img decoding=\"async\" width=\"1180\" height=\"480\" src=\"https:\/\/www.comau.com\/wp-content\/uploads\/2021\/07\/04-1.png\" data-id=\"34691\" data-link=\"https:\/\/www.comau.com\/en\/competencies\/robotics-automation\/collaborative-robotics\/aura-collaborative-robot\/04-5\/\" data-original-link=\"https:\/\/www.comau.com\/wp-content\/uploads\/2021\/07\/04-1.png\" class=\"wp-block-getwid-images-slider__image wp-image-34694\" srcset=\"https:\/\/www.comau.com\/wp-content\/uploads\/2021\/07\/04-1.png 1180w, https:\/\/www.comau.com\/wp-content\/uploads\/2021\/07\/04-1-300x122.png 300w, https:\/\/www.comau.com\/wp-content\/uploads\/2021\/07\/04-1-1024x417.png 1024w, https:\/\/www.comau.com\/wp-content\/uploads\/2021\/07\/04-1-768x312.png 768w\" sizes=\"(max-width: 1180px) 100vw, 1180px\" \/><\/figure><\/div><\/div><\/div>\n","protected":false},"excerpt":{"rendered":"<p>Sicher und empfindlich Wenn es um Empfindlichkeit geht, ist AURA beinahe menschlich. Mit sechs Sicherheitsstufen und einem modularen Ansatz unterst\u00fctzt AURA den Menschen bei der Durchf\u00fchrung manueller T\u00e4tigkeiten in v\u00f6lliger Sicherheit und N\u00e4he, ohne dass Barrieren oder Z\u00e4une erforderlich sind. AURA ist flexibel genug, um mit allen Arten von kollaborativen T\u00e4tigkeiten kompatibel zu sein, und [&hellip;]<\/p>\n","protected":false},"author":11,"featured_media":34602,"parent":4820,"menu_order":2,"comment_status":"closed","ping_status":"closed","template":"","meta":{"_acf_changed":false,"ep_exclude_from_search":false,"footnotes":""},"class_list":["post-36364","page","type-page","status-publish","has-post-thumbnail","hentry"],"acf":[],"yoast_head":"<!-- This site is optimized with the Yoast SEO plugin v26.9 - https:\/\/yoast.com\/product\/yoast-seo-wordpress\/ -->\n<title>AURA Kollaborativer Roboter - Comau<\/title>\n<meta name=\"robots\" content=\"index, follow, max-snippet:-1, max-image-preview:large, max-video-preview:-1\" \/>\n<link rel=\"canonical\" href=\"https:\/\/www.comau.com\/de\/competencies\/robotics-automation\/collaborative-robotics\/aura-kollaborativer-roboter\/\" \/>\n<meta property=\"og:locale\" content=\"de_DE\" \/>\n<meta property=\"og:type\" content=\"article\" \/>\n<meta property=\"og:title\" content=\"AURA Kollaborativer Roboter - Comau\" \/>\n<meta property=\"og:description\" content=\"Sicher und empfindlich Wenn es um Empfindlichkeit geht, ist AURA beinahe menschlich. Mit sechs Sicherheitsstufen und einem modularen Ansatz unterst\u00fctzt AURA den Menschen bei der Durchf\u00fchrung manueller T\u00e4tigkeiten in v\u00f6lliger Sicherheit und N\u00e4he, ohne dass Barrieren oder Z\u00e4une erforderlich sind. AURA ist flexibel genug, um mit allen Arten von kollaborativen T\u00e4tigkeiten kompatibel zu sein, und [&hellip;]\" \/>\n<meta property=\"og:url\" content=\"https:\/\/www.comau.com\/de\/competencies\/robotics-automation\/collaborative-robotics\/aura-kollaborativer-roboter\/\" \/>\n<meta property=\"og:site_name\" content=\"Comau\" \/>\n<meta property=\"article:publisher\" content=\"https:\/\/www.facebook.com\/COMAU\/\" \/>\n<meta property=\"article:modified_time\" content=\"2022-10-25T13:53:05+00:00\" \/>\n<meta property=\"og:image\" content=\"https:\/\/www.comau.com\/wp-content\/uploads\/2021\/07\/Header_AURA.jpg\" \/>\n\t<meta property=\"og:image:width\" content=\"1280\" \/>\n\t<meta property=\"og:image:height\" content=\"485\" \/>\n\t<meta property=\"og:image:type\" content=\"image\/jpeg\" \/>\n<meta name=\"twitter:card\" content=\"summary_large_image\" \/>\n<meta name=\"twitter:site\" content=\"@comaugroup\" \/>\n<meta name=\"twitter:label1\" content=\"Gesch\u00e4tzte Lesezeit\" \/>\n\t<meta name=\"twitter:data1\" content=\"2\u00a0Minuten\" \/>\n<script type=\"application\/ld+json\" class=\"yoast-schema-graph\">{\"@context\":\"https:\/\/schema.org\",\"@graph\":[{\"@type\":\"WebPage\",\"@id\":\"https:\/\/www.comau.com\/de\/competencies\/robotics-automation\/collaborative-robotics\/aura-kollaborativer-roboter\/\",\"url\":\"https:\/\/www.comau.com\/de\/competencies\/robotics-automation\/collaborative-robotics\/aura-kollaborativer-roboter\/\",\"name\":\"AURA Kollaborativer Roboter - Comau\",\"isPartOf\":{\"@id\":\"https:\/\/www.comau.com\/de\/#website\"},\"primaryImageOfPage\":{\"@id\":\"https:\/\/www.comau.com\/de\/competencies\/robotics-automation\/collaborative-robotics\/aura-kollaborativer-roboter\/#primaryimage\"},\"image\":{\"@id\":\"https:\/\/www.comau.com\/de\/competencies\/robotics-automation\/collaborative-robotics\/aura-kollaborativer-roboter\/#primaryimage\"},\"thumbnailUrl\":\"https:\/\/www.comau.com\/wp-content\/uploads\/2021\/07\/Header_AURA.jpg\",\"datePublished\":\"2021-07-23T07:57:34+00:00\",\"dateModified\":\"2022-10-25T13:53:05+00:00\",\"breadcrumb\":{\"@id\":\"https:\/\/www.comau.com\/de\/competencies\/robotics-automation\/collaborative-robotics\/aura-kollaborativer-roboter\/#breadcrumb\"},\"inLanguage\":\"de\",\"potentialAction\":[{\"@type\":\"ReadAction\",\"target\":[\"https:\/\/www.comau.com\/de\/competencies\/robotics-automation\/collaborative-robotics\/aura-kollaborativer-roboter\/\"]}]},{\"@type\":\"ImageObject\",\"inLanguage\":\"de\",\"@id\":\"https:\/\/www.comau.com\/de\/competencies\/robotics-automation\/collaborative-robotics\/aura-kollaborativer-roboter\/#primaryimage\",\"url\":\"https:\/\/www.comau.com\/wp-content\/uploads\/2021\/07\/Header_AURA.jpg\",\"contentUrl\":\"https:\/\/www.comau.com\/wp-content\/uploads\/2021\/07\/Header_AURA.jpg\",\"width\":1280,\"height\":485},{\"@type\":\"BreadcrumbList\",\"@id\":\"https:\/\/www.comau.com\/de\/competencies\/robotics-automation\/collaborative-robotics\/aura-kollaborativer-roboter\/#breadcrumb\",\"itemListElement\":[{\"@type\":\"ListItem\",\"position\":1,\"name\":\"Home\",\"item\":\"https:\/\/www.comau.com\/de\/\"},{\"@type\":\"ListItem\",\"position\":2,\"name\":\"Unsere Kompetenzen\",\"item\":\"https:\/\/www.comau.com\/de\/competencies\/\"},{\"@type\":\"ListItem\",\"position\":3,\"name\":\"Robotics &amp; Automation\",\"item\":\"https:\/\/www.comau.com\/de\/competencies\/robotics-automation\/\"},{\"@type\":\"ListItem\",\"position\":4,\"name\":\"Collaborative Robotics\",\"item\":\"https:\/\/www.comau.com\/de\/competencies\/robotics-automation\/collaborative-robotics\/\"},{\"@type\":\"ListItem\",\"position\":5,\"name\":\"AURA Kollaborativer Roboter\"}]},{\"@type\":\"WebSite\",\"@id\":\"https:\/\/www.comau.com\/de\/#website\",\"url\":\"https:\/\/www.comau.com\/de\/\",\"name\":\"Comau\",\"description\":\"Industrial automation and robotics\",\"publisher\":{\"@id\":\"https:\/\/www.comau.com\/de\/#organization\"},\"potentialAction\":[{\"@type\":\"SearchAction\",\"target\":{\"@type\":\"EntryPoint\",\"urlTemplate\":\"https:\/\/www.comau.com\/de\/?s={search_term_string}\"},\"query-input\":{\"@type\":\"PropertyValueSpecification\",\"valueRequired\":true,\"valueName\":\"search_term_string\"}}],\"inLanguage\":\"de\"},{\"@type\":\"Organization\",\"@id\":\"https:\/\/www.comau.com\/de\/#organization\",\"name\":\"Comau\",\"url\":\"https:\/\/www.comau.com\/de\/\",\"logo\":{\"@type\":\"ImageObject\",\"inLanguage\":\"de\",\"@id\":\"https:\/\/www.comau.com\/de\/#\/schema\/logo\/image\/\",\"url\":\"https:\/\/www.comau.com\/wp-content\/uploads\/2024\/07\/cropped-Logo-COMAU.png\",\"contentUrl\":\"https:\/\/www.comau.com\/wp-content\/uploads\/2024\/07\/cropped-Logo-COMAU.png\",\"width\":434,\"height\":434,\"caption\":\"Comau\"},\"image\":{\"@id\":\"https:\/\/www.comau.com\/de\/#\/schema\/logo\/image\/\"},\"sameAs\":[\"https:\/\/www.facebook.com\/COMAU\/\",\"https:\/\/x.com\/comaugroup\",\"https:\/\/www.instagram.com\/comaugroup\/\",\"https:\/\/www.linkedin.com\/company\/comau\",\"https:\/\/www.youtube.com\/user\/comau\"]}]}<\/script>\n<!-- \/ Yoast SEO plugin. -->","yoast_head_json":{"title":"AURA Kollaborativer Roboter - Comau","robots":{"index":"index","follow":"follow","max-snippet":"max-snippet:-1","max-image-preview":"max-image-preview:large","max-video-preview":"max-video-preview:-1"},"canonical":"https:\/\/www.comau.com\/de\/competencies\/robotics-automation\/collaborative-robotics\/aura-kollaborativer-roboter\/","og_locale":"de_DE","og_type":"article","og_title":"AURA Kollaborativer Roboter - Comau","og_description":"Sicher und empfindlich Wenn es um Empfindlichkeit geht, ist AURA beinahe menschlich. Mit sechs Sicherheitsstufen und einem modularen Ansatz unterst\u00fctzt AURA den Menschen bei der Durchf\u00fchrung manueller T\u00e4tigkeiten in v\u00f6lliger Sicherheit und N\u00e4he, ohne dass Barrieren oder Z\u00e4une erforderlich sind. AURA ist flexibel genug, um mit allen Arten von kollaborativen T\u00e4tigkeiten kompatibel zu sein, und [&hellip;]","og_url":"https:\/\/www.comau.com\/de\/competencies\/robotics-automation\/collaborative-robotics\/aura-kollaborativer-roboter\/","og_site_name":"Comau","article_publisher":"https:\/\/www.facebook.com\/COMAU\/","article_modified_time":"2022-10-25T13:53:05+00:00","og_image":[{"width":1280,"height":485,"url":"https:\/\/www.comau.com\/wp-content\/uploads\/2021\/07\/Header_AURA.jpg","type":"image\/jpeg"}],"twitter_card":"summary_large_image","twitter_site":"@comaugroup","twitter_misc":{"Gesch\u00e4tzte Lesezeit":"2\u00a0Minuten"},"schema":{"@context":"https:\/\/schema.org","@graph":[{"@type":"WebPage","@id":"https:\/\/www.comau.com\/de\/competencies\/robotics-automation\/collaborative-robotics\/aura-kollaborativer-roboter\/","url":"https:\/\/www.comau.com\/de\/competencies\/robotics-automation\/collaborative-robotics\/aura-kollaborativer-roboter\/","name":"AURA Kollaborativer Roboter - Comau","isPartOf":{"@id":"https:\/\/www.comau.com\/de\/#website"},"primaryImageOfPage":{"@id":"https:\/\/www.comau.com\/de\/competencies\/robotics-automation\/collaborative-robotics\/aura-kollaborativer-roboter\/#primaryimage"},"image":{"@id":"https:\/\/www.comau.com\/de\/competencies\/robotics-automation\/collaborative-robotics\/aura-kollaborativer-roboter\/#primaryimage"},"thumbnailUrl":"https:\/\/www.comau.com\/wp-content\/uploads\/2021\/07\/Header_AURA.jpg","datePublished":"2021-07-23T07:57:34+00:00","dateModified":"2022-10-25T13:53:05+00:00","breadcrumb":{"@id":"https:\/\/www.comau.com\/de\/competencies\/robotics-automation\/collaborative-robotics\/aura-kollaborativer-roboter\/#breadcrumb"},"inLanguage":"de","potentialAction":[{"@type":"ReadAction","target":["https:\/\/www.comau.com\/de\/competencies\/robotics-automation\/collaborative-robotics\/aura-kollaborativer-roboter\/"]}]},{"@type":"ImageObject","inLanguage":"de","@id":"https:\/\/www.comau.com\/de\/competencies\/robotics-automation\/collaborative-robotics\/aura-kollaborativer-roboter\/#primaryimage","url":"https:\/\/www.comau.com\/wp-content\/uploads\/2021\/07\/Header_AURA.jpg","contentUrl":"https:\/\/www.comau.com\/wp-content\/uploads\/2021\/07\/Header_AURA.jpg","width":1280,"height":485},{"@type":"BreadcrumbList","@id":"https:\/\/www.comau.com\/de\/competencies\/robotics-automation\/collaborative-robotics\/aura-kollaborativer-roboter\/#breadcrumb","itemListElement":[{"@type":"ListItem","position":1,"name":"Home","item":"https:\/\/www.comau.com\/de\/"},{"@type":"ListItem","position":2,"name":"Unsere Kompetenzen","item":"https:\/\/www.comau.com\/de\/competencies\/"},{"@type":"ListItem","position":3,"name":"Robotics &amp; Automation","item":"https:\/\/www.comau.com\/de\/competencies\/robotics-automation\/"},{"@type":"ListItem","position":4,"name":"Collaborative Robotics","item":"https:\/\/www.comau.com\/de\/competencies\/robotics-automation\/collaborative-robotics\/"},{"@type":"ListItem","position":5,"name":"AURA Kollaborativer Roboter"}]},{"@type":"WebSite","@id":"https:\/\/www.comau.com\/de\/#website","url":"https:\/\/www.comau.com\/de\/","name":"Comau","description":"Industrial automation and robotics","publisher":{"@id":"https:\/\/www.comau.com\/de\/#organization"},"potentialAction":[{"@type":"SearchAction","target":{"@type":"EntryPoint","urlTemplate":"https:\/\/www.comau.com\/de\/?s={search_term_string}"},"query-input":{"@type":"PropertyValueSpecification","valueRequired":true,"valueName":"search_term_string"}}],"inLanguage":"de"},{"@type":"Organization","@id":"https:\/\/www.comau.com\/de\/#organization","name":"Comau","url":"https:\/\/www.comau.com\/de\/","logo":{"@type":"ImageObject","inLanguage":"de","@id":"https:\/\/www.comau.com\/de\/#\/schema\/logo\/image\/","url":"https:\/\/www.comau.com\/wp-content\/uploads\/2024\/07\/cropped-Logo-COMAU.png","contentUrl":"https:\/\/www.comau.com\/wp-content\/uploads\/2024\/07\/cropped-Logo-COMAU.png","width":434,"height":434,"caption":"Comau"},"image":{"@id":"https:\/\/www.comau.com\/de\/#\/schema\/logo\/image\/"},"sameAs":["https:\/\/www.facebook.com\/COMAU\/","https:\/\/x.com\/comaugroup","https:\/\/www.instagram.com\/comaugroup\/","https:\/\/www.linkedin.com\/company\/comau","https:\/\/www.youtube.com\/user\/comau"]}]}},"_links":{"self":[{"href":"https:\/\/www.comau.com\/de\/wp-json\/wp\/v2\/pages\/36364","targetHints":{"allow":["GET"]}}],"collection":[{"href":"https:\/\/www.comau.com\/de\/wp-json\/wp\/v2\/pages"}],"about":[{"href":"https:\/\/www.comau.com\/de\/wp-json\/wp\/v2\/types\/page"}],"author":[{"embeddable":true,"href":"https:\/\/www.comau.com\/de\/wp-json\/wp\/v2\/users\/11"}],"replies":[{"embeddable":true,"href":"https:\/\/www.comau.com\/de\/wp-json\/wp\/v2\/comments?post=36364"}],"version-history":[{"count":4,"href":"https:\/\/www.comau.com\/de\/wp-json\/wp\/v2\/pages\/36364\/revisions"}],"predecessor-version":[{"id":48545,"href":"https:\/\/www.comau.com\/de\/wp-json\/wp\/v2\/pages\/36364\/revisions\/48545"}],"up":[{"embeddable":true,"href":"https:\/\/www.comau.com\/de\/wp-json\/wp\/v2\/pages\/4820"}],"wp:featuredmedia":[{"embeddable":true,"href":"https:\/\/www.comau.com\/de\/wp-json\/wp\/v2\/media\/34602"}],"wp:attachment":[{"href":"https:\/\/www.comau.com\/de\/wp-json\/wp\/v2\/media?parent=36364"}],"curies":[{"name":"wp","href":"https:\/\/api.w.org\/{rel}","templated":true}]}}