{"id":33166,"date":"2021-06-24T18:47:18","date_gmt":"2021-06-24T16:47:18","guid":{"rendered":"https:\/\/www.comau.com\/?page_id=33166"},"modified":"2021-07-28T08:49:56","modified_gmt":"2021-07-28T06:49:56","slug":"highlights","status":"publish","type":"page","link":"https:\/\/www.comau.com\/de\/newsroom\/highlights\/","title":{"rendered":"Highlights"},"content":{"rendered":"<form class=\"posts-items-filterform mb-5\" type=\"get\" action=\"https:\/\/www.comau.com\/de\/2020\/03\/02\/comau-entwickelt-gemeinsam-mit-exechon-neue-bearbeitungsloesungen-fuer-verschiedene-branchen-mit-schwerpunkt-auf-elektrifizierung\/\"><div class=\"row g-3\"><div class=\"col-md\"><label for=\"filterFormSearch\" class=\"visually-hidden\">Keywords<\/label><input name=\"comau_s\" type=\"text\" class=\"form-control form-control-lg\" placeholder=\"Keywords\" value=\"\" id=\"filterFormSearch\"><\/div><div class=\"col-md-4\"><label for=\"filterFormYear\" class=\"visually-hidden\">Select Year<\/label><select name=\"comau_year\" class=\"form-select form-select-lg\" id=\"filterFormYear\"><option value=\"\">Select Year<\/option><option value=\"2026\">2026<\/option><option value=\"2025\">2025<\/option><option value=\"2024\">2024<\/option><option value=\"2023\">2023<\/option><option value=\"2022\">2022<\/option><option value=\"2021\">2021<\/option><option value=\"2020\">2020<\/option><\/select><\/div><div class=\"d-grid col-md-auto\"><button type=\"submit\" class=\"btn btn-lg btn-primary\">Suche<\/button><\/div><\/div><\/form><div class=\"posts-items\"><div class=\"posts-items-featured-list\"><article class=\"post-index-item-featured\" id=\"post-78981\">\n    <div class=\"post-item-inner\">\n        <div class=\"row align-items-center\">\n            <div class=\"col-lg-4\">\n                <a href=\"https:\/\/www.comau.com\/de\/2025\/06\/24\/comau-stellt-auf-der-automatica-2025-seine-mymr-autonome-mobile-roboterfamilie\/\" class=\"d-block\">\n                    \r\n\t\t\t<a class=\"post-thumbnail\" href=\"https:\/\/www.comau.com\/de\/2025\/06\/24\/comau-stellt-auf-der-automatica-2025-seine-mymr-autonome-mobile-roboterfamilie\/\" aria-hidden=\"true\" tabindex=\"-1\">\r\n\t\t\t\t<img decoding=\"async\" width=\"1920\" height=\"606\" src=\"https:\/\/www.comau.com\/wp-content\/uploads\/2025\/06\/Comau_AMR_MyMR_header_Launch.jpg\" class=\"attachment-post-thumbnail size-post-thumbnail wp-post-image\" alt=\"Comau Stellt MYMR Vor, Eine Skalierbare, Autonome, Mobile Roboterfamilie Zur Optimierung Der Effizienz In Der Intralogistik\" srcset=\"https:\/\/www.comau.com\/wp-content\/uploads\/2025\/06\/Comau_AMR_MyMR_header_Launch.jpg 1920w, https:\/\/www.comau.com\/wp-content\/uploads\/2025\/06\/Comau_AMR_MyMR_header_Launch-300x95.jpg 300w, https:\/\/www.comau.com\/wp-content\/uploads\/2025\/06\/Comau_AMR_MyMR_header_Launch-1024x323.jpg 1024w, https:\/\/www.comau.com\/wp-content\/uploads\/2025\/06\/Comau_AMR_MyMR_header_Launch-768x242.jpg 768w, https:\/\/www.comau.com\/wp-content\/uploads\/2025\/06\/Comau_AMR_MyMR_header_Launch-1536x485.jpg 1536w\" sizes=\"(max-width: 1920px) 100vw, 1920px\" \/>\t\t\t<\/a>\r\n\r\n\t\t\t                <\/a>\n            <\/div>\n            <div class=\"col-lg-8\">\n                <h2 class=\"entry-title\"><a href=\"https:\/\/www.comau.com\/de\/2025\/06\/24\/comau-stellt-auf-der-automatica-2025-seine-mymr-autonome-mobile-roboterfamilie\/\">Comau Stellt MYMR Vor, Eine Skalierbare, Autonome, Mobile Roboterfamilie Zur Optimierung Der Effizienz In Der Intralogistik<\/a><\/h2>\n                <p class=\"entry-excerpt\">\u2022 Comau bringt drei neue autonome mobile Roboter auf den Markt &#8211; mit Traglasten von 300 kg bis 1,5 Tonnen f\u00fcr eine verbesserte Intralogistik und Lagerautomatisierung \u2022 Die flexiblen, skalierbaren und infrastrukturfreien MyMR-Roboter bieten eine hybride Navigation (AMR\/AGV) und ein intelligentes Flottenmanagement und steigern die Produktivit\u00e4t, ohne dass \u00c4nderungen an der Anlage erforderlich sind \u2022Entwickelt [&hellip;]<\/p>                <p class=\"readmore\"><a href=\"https:\/\/www.comau.com\/de\/2025\/06\/24\/comau-stellt-auf-der-automatica-2025-seine-mymr-autonome-mobile-roboterfamilie\/\" class=\"btn btn-primary btn-readmore\">Read more<\/a><\/p>\n            <\/div>\n        <\/div>\n    <\/div>\n<\/article>\n<article class=\"post-index-item-featured\" id=\"post-79077\">\n    <div class=\"post-item-inner\">\n        <div class=\"row align-items-center\">\n            <div class=\"col-lg-4\">\n                <a href=\"https:\/\/www.comau.com\/de\/2025\/06\/24\/comau-stellt-auf-der-automatica-2025-seine-innovative-n-wg-schweisszange-vor\/\" class=\"d-block\">\n                    \r\n\t\t\t<a class=\"post-thumbnail\" href=\"https:\/\/www.comau.com\/de\/2025\/06\/24\/comau-stellt-auf-der-automatica-2025-seine-innovative-n-wg-schweisszange-vor\/\" aria-hidden=\"true\" tabindex=\"-1\">\r\n\t\t\t\t<img decoding=\"async\" width=\"1920\" height=\"606\" src=\"https:\/\/www.comau.com\/wp-content\/uploads\/2025\/06\/header-welding-gun-automatica.png\" class=\"attachment-post-thumbnail size-post-thumbnail wp-post-image\" alt=\"Comau Stellt Auf Der Automatica 2025 Seine Innovative N-WG Schweisszange Vor\" srcset=\"https:\/\/www.comau.com\/wp-content\/uploads\/2025\/06\/header-welding-gun-automatica.png 1920w, https:\/\/www.comau.com\/wp-content\/uploads\/2025\/06\/header-welding-gun-automatica-300x95.png 300w, https:\/\/www.comau.com\/wp-content\/uploads\/2025\/06\/header-welding-gun-automatica-1024x323.png 1024w, https:\/\/www.comau.com\/wp-content\/uploads\/2025\/06\/header-welding-gun-automatica-768x242.png 768w, https:\/\/www.comau.com\/wp-content\/uploads\/2025\/06\/header-welding-gun-automatica-1536x485.png 1536w\" sizes=\"(max-width: 1920px) 100vw, 1920px\" \/>\t\t\t<\/a>\r\n\r\n\t\t\t                <\/a>\n            <\/div>\n            <div class=\"col-lg-8\">\n                <h2 class=\"entry-title\"><a href=\"https:\/\/www.comau.com\/de\/2025\/06\/24\/comau-stellt-auf-der-automatica-2025-seine-innovative-n-wg-schweisszange-vor\/\">Comau Stellt Auf Der Automatica 2025 Seine Innovative N-WG Schweisszange Vor<\/a><\/h2>\n                <p class=\"entry-excerpt\">\u2022 Die patentierte, modulare L\u00f6sung von Comau wurde entwickelt, um die Gesamtbetriebskosten durch verbesserte Effizienz und niedrigere Betriebsausgaben zu senken \u2022 Das einteilige Zangendesign erm\u00f6glicht eine schnelle Neukonfiguration zwischen verschiedenen Schwei\u00dftypen und -kr\u00e4ften, wodurch Ausfallzeiten minimiert und die Wartung in verschiedenen Produktionsumgebungen vereinfacht werden \u2022 Die auf Nachhaltigkeit und Flexibilit\u00e4t ausgelegte N-WG optimiert den Strom- [&hellip;]<\/p>                <p class=\"readmore\"><a href=\"https:\/\/www.comau.com\/de\/2025\/06\/24\/comau-stellt-auf-der-automatica-2025-seine-innovative-n-wg-schweisszange-vor\/\" class=\"btn btn-primary btn-readmore\">Read more<\/a><\/p>\n            <\/div>\n        <\/div>\n    <\/div>\n<\/article>\n<\/div><div class=\"posts-items-list\"><article class=\"post-index-item\" id=\"post-78453\">\n    <div class=\"post-item-inner\">\n        \r\n\t\t\t<a class=\"post-thumbnail\" href=\"https:\/\/www.comau.com\/de\/2025\/06\/18\/next-is-automated-comau-enthuellt-die-zukunft-der-automatisierung-auf-der-automatica-2025-2\/\" aria-hidden=\"true\" tabindex=\"-1\">\r\n\t\t\t\t<img decoding=\"async\" width=\"1920\" height=\"606\" src=\"https:\/\/www.comau.com\/wp-content\/uploads\/2025\/06\/Teaser-header-automatica-1920-x-606.jpg\" class=\"attachment-post-thumbnail size-post-thumbnail wp-post-image\" alt=\"Next is automated: Comau enth\u00fcllt die zukunft der automatisierung auf der Automatica 2025\" srcset=\"https:\/\/www.comau.com\/wp-content\/uploads\/2025\/06\/Teaser-header-automatica-1920-x-606.jpg 1920w, https:\/\/www.comau.com\/wp-content\/uploads\/2025\/06\/Teaser-header-automatica-1920-x-606-300x95.jpg 300w, https:\/\/www.comau.com\/wp-content\/uploads\/2025\/06\/Teaser-header-automatica-1920-x-606-1024x323.jpg 1024w, https:\/\/www.comau.com\/wp-content\/uploads\/2025\/06\/Teaser-header-automatica-1920-x-606-768x242.jpg 768w, https:\/\/www.comau.com\/wp-content\/uploads\/2025\/06\/Teaser-header-automatica-1920-x-606-1536x485.jpg 1536w\" sizes=\"(max-width: 1920px) 100vw, 1920px\" \/>\t\t\t<\/a>\r\n\r\n\t\t\t        <div class=\"entry-header\">\n            <h2 class=\"entry-title\">Next is automated: Comau enth\u00fcllt die zukunft der automatisierung auf der Automatica 2025<\/h2>\n            <p class=\"readmore\"><a href=\"https:\/\/www.comau.com\/de\/2025\/06\/18\/next-is-automated-comau-enthuellt-die-zukunft-der-automatisierung-auf-der-automatica-2025-2\/\" class=\"stretched-link\">Lesen<\/a><\/p>\n        <\/div>\n    <\/div>\n<\/article>\n<article class=\"post-index-item\" id=\"post-77279\">\n    <div class=\"post-item-inner\">\n        \r\n\t\t\t<a class=\"post-thumbnail\" href=\"https:\/\/www.comau.com\/de\/2025\/06\/03\/comau-in-der-deutschen-presse-innovationen-und-strategische-entwicklungen\/\" aria-hidden=\"true\" tabindex=\"-1\">\r\n\t\t\t\t<img decoding=\"async\" width=\"799\" height=\"449\" src=\"https:\/\/www.comau.com\/wp-content\/uploads\/2025\/06\/ARTICLES-DE.png\" class=\"attachment-post-thumbnail size-post-thumbnail wp-post-image\" alt=\"Comau in der deutschen Presse: Innovationen und strategische Entwicklungen\" srcset=\"https:\/\/www.comau.com\/wp-content\/uploads\/2025\/06\/ARTICLES-DE.png 799w, https:\/\/www.comau.com\/wp-content\/uploads\/2025\/06\/ARTICLES-DE-300x169.png 300w, https:\/\/www.comau.com\/wp-content\/uploads\/2025\/06\/ARTICLES-DE-768x432.png 768w\" sizes=\"(max-width: 799px) 100vw, 799px\" \/>\t\t\t<\/a>\r\n\r\n\t\t\t        <div class=\"entry-header\">\n            <h2 class=\"entry-title\">Comau in der deutschen Presse: Innovationen und strategische Entwicklungen<\/h2>\n            <p class=\"readmore\"><a href=\"https:\/\/www.comau.com\/de\/2025\/06\/03\/comau-in-der-deutschen-presse-innovationen-und-strategische-entwicklungen\/\" class=\"stretched-link\">Lesen<\/a><\/p>\n        <\/div>\n    <\/div>\n<\/article>\n<article class=\"post-index-item\" id=\"post-73630\">\n    <div class=\"post-item-inner\">\n        \r\n\t\t\t<a class=\"post-thumbnail\" href=\"https:\/\/www.comau.com\/de\/2025\/03\/06\/comau-praesentiert-fortschrittliche-bearbeitung-und-neue-automatisierungstechnologien-auf-dem-global-giga-casting-congress-in-deutschland\/\" aria-hidden=\"true\" tabindex=\"-1\">\r\n\t\t\t\t<img decoding=\"async\" width=\"1920\" height=\"600\" src=\"https:\/\/www.comau.com\/wp-content\/uploads\/2024\/10\/Header_SmartReach-Comau_Machining.jpeg\" class=\"attachment-post-thumbnail size-post-thumbnail wp-post-image\" alt=\"Comau pr\u00e4sentiert fortschrittliche bearbeitung und neue automatisierungstechnologien auf dem Global Giga-Casting Congress in Deutschland\" srcset=\"https:\/\/www.comau.com\/wp-content\/uploads\/2024\/10\/Header_SmartReach-Comau_Machining.jpeg 1920w, https:\/\/www.comau.com\/wp-content\/uploads\/2024\/10\/Header_SmartReach-Comau_Machining-300x94.jpeg 300w, https:\/\/www.comau.com\/wp-content\/uploads\/2024\/10\/Header_SmartReach-Comau_Machining-1024x320.jpeg 1024w, https:\/\/www.comau.com\/wp-content\/uploads\/2024\/10\/Header_SmartReach-Comau_Machining-768x240.jpeg 768w, https:\/\/www.comau.com\/wp-content\/uploads\/2024\/10\/Header_SmartReach-Comau_Machining-1536x480.jpeg 1536w\" sizes=\"(max-width: 1920px) 100vw, 1920px\" \/>\t\t\t<\/a>\r\n\r\n\t\t\t        <div class=\"entry-header\">\n            <h2 class=\"entry-title\">Comau pr\u00e4sentiert fortschrittliche bearbeitung und neue automatisierungstechnologien auf dem Global Giga-Casting Congress in Deutschland<\/h2>\n            <p class=\"readmore\"><a href=\"https:\/\/www.comau.com\/de\/2025\/03\/06\/comau-praesentiert-fortschrittliche-bearbeitung-und-neue-automatisierungstechnologien-auf-dem-global-giga-casting-congress-in-deutschland\/\" class=\"stretched-link\">Lesen<\/a><\/p>\n        <\/div>\n    <\/div>\n<\/article>\n<article class=\"post-index-item\" id=\"post-68581\">\n    <div class=\"post-item-inner\">\n        \r\n\t\t\t<a class=\"post-thumbnail\" href=\"https:\/\/www.comau.com\/de\/2024\/10\/10\/comau-und-prima-additive-erfuellen-mit-einer-vollautomatischen-bremsscheiben-beschichtungsloesung-die-euro-7-normen\/\" aria-hidden=\"true\" tabindex=\"-1\">\r\n\t\t\t\t<img decoding=\"async\" width=\"1450\" height=\"450\" src=\"https:\/\/www.comau.com\/wp-content\/uploads\/2024\/10\/HEADER-Prima-Additive.png\" class=\"attachment-post-thumbnail size-post-thumbnail wp-post-image\" alt=\"Comau und Prima Additive erf\u00fcllen mit einer vollautomatischen bremsscheiben-beschichtungsl\u00f6sung die euro-7-normen\" srcset=\"https:\/\/www.comau.com\/wp-content\/uploads\/2024\/10\/HEADER-Prima-Additive.png 1450w, https:\/\/www.comau.com\/wp-content\/uploads\/2024\/10\/HEADER-Prima-Additive-300x93.png 300w, https:\/\/www.comau.com\/wp-content\/uploads\/2024\/10\/HEADER-Prima-Additive-1024x318.png 1024w, https:\/\/www.comau.com\/wp-content\/uploads\/2024\/10\/HEADER-Prima-Additive-768x238.png 768w\" sizes=\"(max-width: 1450px) 100vw, 1450px\" \/>\t\t\t<\/a>\r\n\r\n\t\t\t        <div class=\"entry-header\">\n            <h2 class=\"entry-title\">Comau und Prima Additive erf\u00fcllen mit einer vollautomatischen bremsscheiben-beschichtungsl\u00f6sung die euro-7-normen<\/h2>\n            <p class=\"readmore\"><a href=\"https:\/\/www.comau.com\/de\/2024\/10\/10\/comau-und-prima-additive-erfuellen-mit-einer-vollautomatischen-bremsscheiben-beschichtungsloesung-die-euro-7-normen\/\" class=\"stretched-link\">Lesen<\/a><\/p>\n        <\/div>\n    <\/div>\n<\/article>\n<article class=\"post-index-item\" id=\"post-61484\">\n    <div class=\"post-item-inner\">\n        \r\n\t\t\t<a class=\"post-thumbnail\" href=\"https:\/\/www.comau.com\/de\/2024\/03\/13\/comau-und-intrinsic-erkunden-neue-fortschritte-in-der-robotik-der-naechsten-generation\/\" aria-hidden=\"true\" tabindex=\"-1\">\r\n\t\t\t\t<img decoding=\"async\" width=\"1450\" height=\"450\" src=\"https:\/\/www.comau.com\/wp-content\/uploads\/2023\/05\/HomePageBanner_Intrinsic.png\" class=\"attachment-post-thumbnail size-post-thumbnail wp-post-image\" alt=\"Comau und Intrinsic erkunden neue Fortschritte in der Robotik der n\u00e4chsten Generation\" srcset=\"https:\/\/www.comau.com\/wp-content\/uploads\/2023\/05\/HomePageBanner_Intrinsic.png 1450w, https:\/\/www.comau.com\/wp-content\/uploads\/2023\/05\/HomePageBanner_Intrinsic-300x93.png 300w, https:\/\/www.comau.com\/wp-content\/uploads\/2023\/05\/HomePageBanner_Intrinsic-1024x318.png 1024w, https:\/\/www.comau.com\/wp-content\/uploads\/2023\/05\/HomePageBanner_Intrinsic-768x238.png 768w\" sizes=\"(max-width: 1450px) 100vw, 1450px\" \/>\t\t\t<\/a>\r\n\r\n\t\t\t        <div class=\"entry-header\">\n            <h2 class=\"entry-title\">Comau und Intrinsic erkunden neue Fortschritte in der Robotik der n\u00e4chsten Generation<\/h2>\n            <p class=\"readmore\"><a href=\"https:\/\/www.comau.com\/de\/2024\/03\/13\/comau-und-intrinsic-erkunden-neue-fortschritte-in-der-robotik-der-naechsten-generation\/\" class=\"stretched-link\">Lesen<\/a><\/p>\n        <\/div>\n    <\/div>\n<\/article>\n<article class=\"post-index-item\" id=\"post-57934\">\n    <div class=\"post-item-inner\">\n        \r\n\t\t\t<a class=\"post-thumbnail\" href=\"https:\/\/www.comau.com\/de\/2023\/10\/25\/comau-praesentiert-sein-tragbares-robotik-portfolio-auf-der-aa-messe-in-deutschland\/\" aria-hidden=\"true\" tabindex=\"-1\">\r\n\t\t\t\t<img decoding=\"async\" width=\"1844\" height=\"800\" src=\"https:\/\/www.comau.com\/wp-content\/uploads\/2023\/10\/header-aanews-LIGHT.jpg\" class=\"attachment-post-thumbnail size-post-thumbnail wp-post-image\" alt=\"Comau pr\u00e4sentiert sein tragbares Robotik-Portfolio auf der A+A Messe in Deutschland.\" srcset=\"https:\/\/www.comau.com\/wp-content\/uploads\/2023\/10\/header-aanews-LIGHT.jpg 1844w, https:\/\/www.comau.com\/wp-content\/uploads\/2023\/10\/header-aanews-LIGHT-300x130.jpg 300w, https:\/\/www.comau.com\/wp-content\/uploads\/2023\/10\/header-aanews-LIGHT-1024x444.jpg 1024w, https:\/\/www.comau.com\/wp-content\/uploads\/2023\/10\/header-aanews-LIGHT-768x333.jpg 768w, https:\/\/www.comau.com\/wp-content\/uploads\/2023\/10\/header-aanews-LIGHT-1536x666.jpg 1536w\" sizes=\"(max-width: 1844px) 100vw, 1844px\" \/>\t\t\t<\/a>\r\n\r\n\t\t\t        <div class=\"entry-header\">\n            <h2 class=\"entry-title\">Comau pr\u00e4sentiert sein tragbares Robotik-Portfolio auf der A+A Messe in Deutschland.<\/h2>\n            <p class=\"readmore\"><a href=\"https:\/\/www.comau.com\/de\/2023\/10\/25\/comau-praesentiert-sein-tragbares-robotik-portfolio-auf-der-aa-messe-in-deutschland\/\" class=\"stretched-link\">Lesen<\/a><\/p>\n        <\/div>\n    <\/div>\n<\/article>\n<\/div><nav><ul class=\"pagination justify-content-center\"><li class=\"page-item active\"> <span aria-current=\"page\" class=\"page-link current\">1<\/span><\/li><li class=\"page-item\"> <a class=\"page-link\" href=\"https:\/\/www.comau.com\/de\/wp-json\/wp\/v2\/pages\/33166\/page\/2\/\">2<\/a><\/li><li class=\"page-item\"> <a class=\"next page-link\" href=\"https:\/\/www.comau.com\/de\/wp-json\/wp\/v2\/pages\/33166\/page\/2\/\">Next<\/a><\/li><\/ul><\/nav><\/div>\n","protected":false},"excerpt":{"rendered":"","protected":false},"author":11,"featured_media":0,"parent":5424,"menu_order":0,"comment_status":"closed","ping_status":"closed","template":"","meta":{"_acf_changed":false,"ep_exclude_from_search":false,"footnotes":""},"class_list":["post-33166","page","type-page","status-publish","hentry"],"acf":[],"yoast_head":"<!-- This site is optimized with the Yoast SEO plugin v26.9 - https:\/\/yoast.com\/product\/yoast-seo-wordpress\/ -->\n<title>Highlights - Comau<\/title>\n<meta name=\"robots\" content=\"index, follow, max-snippet:-1, max-image-preview:large, max-video-preview:-1\" \/>\n<link rel=\"canonical\" href=\"https:\/\/www.comau.com\/de\/newsroom\/highlights\/\" \/>\n<meta property=\"og:locale\" content=\"de_DE\" \/>\n<meta property=\"og:type\" content=\"article\" \/>\n<meta property=\"og:title\" content=\"Highlights - Comau\" \/>\n<meta property=\"og:url\" content=\"https:\/\/www.comau.com\/de\/newsroom\/highlights\/\" \/>\n<meta property=\"og:site_name\" content=\"Comau\" \/>\n<meta property=\"article:publisher\" content=\"https:\/\/www.facebook.com\/COMAU\/\" \/>\n<meta property=\"article:modified_time\" content=\"2021-07-28T06:49:56+00:00\" \/>\n<meta name=\"twitter:card\" content=\"summary_large_image\" \/>\n<meta name=\"twitter:site\" content=\"@comaugroup\" \/>\n<meta name=\"twitter:label1\" content=\"Gesch\u00e4tzte Lesezeit\" \/>\n\t<meta name=\"twitter:data1\" content=\"1\u00a0Minute\" \/>\n<script type=\"application\/ld+json\" class=\"yoast-schema-graph\">{\"@context\":\"https:\/\/schema.org\",\"@graph\":[{\"@type\":\"WebPage\",\"@id\":\"https:\/\/www.comau.com\/de\/newsroom\/highlights\/\",\"url\":\"https:\/\/www.comau.com\/de\/newsroom\/highlights\/\",\"name\":\"Highlights - Comau\",\"isPartOf\":{\"@id\":\"https:\/\/www.comau.com\/de\/#website\"},\"datePublished\":\"2021-06-24T16:47:18+00:00\",\"dateModified\":\"2021-07-28T06:49:56+00:00\",\"breadcrumb\":{\"@id\":\"https:\/\/www.comau.com\/de\/newsroom\/highlights\/#breadcrumb\"},\"inLanguage\":\"de\",\"potentialAction\":[{\"@type\":\"ReadAction\",\"target\":[\"https:\/\/www.comau.com\/de\/newsroom\/highlights\/\"]}]},{\"@type\":\"BreadcrumbList\",\"@id\":\"https:\/\/www.comau.com\/de\/newsroom\/highlights\/#breadcrumb\",\"itemListElement\":[{\"@type\":\"ListItem\",\"position\":1,\"name\":\"Home\",\"item\":\"https:\/\/www.comau.com\/de\/\"},{\"@type\":\"ListItem\",\"position\":2,\"name\":\"Newsroom\",\"item\":\"https:\/\/www.comau.com\/de\/newsroom\/\"},{\"@type\":\"ListItem\",\"position\":3,\"name\":\"Newsroom\",\"item\":\"https:\/\/www.comau.com\/de\/newsroom\/\"},{\"@type\":\"ListItem\",\"position\":4,\"name\":\"Highlights\"}]},{\"@type\":\"WebSite\",\"@id\":\"https:\/\/www.comau.com\/de\/#website\",\"url\":\"https:\/\/www.comau.com\/de\/\",\"name\":\"Comau\",\"description\":\"Industrial automation and robotics\",\"publisher\":{\"@id\":\"https:\/\/www.comau.com\/de\/#organization\"},\"potentialAction\":[{\"@type\":\"SearchAction\",\"target\":{\"@type\":\"EntryPoint\",\"urlTemplate\":\"https:\/\/www.comau.com\/de\/?s={search_term_string}\"},\"query-input\":{\"@type\":\"PropertyValueSpecification\",\"valueRequired\":true,\"valueName\":\"search_term_string\"}}],\"inLanguage\":\"de\"},{\"@type\":\"Organization\",\"@id\":\"https:\/\/www.comau.com\/de\/#organization\",\"name\":\"Comau\",\"url\":\"https:\/\/www.comau.com\/de\/\",\"logo\":{\"@type\":\"ImageObject\",\"inLanguage\":\"de\",\"@id\":\"https:\/\/www.comau.com\/de\/#\/schema\/logo\/image\/\",\"url\":\"https:\/\/www.comau.com\/wp-content\/uploads\/2024\/07\/cropped-Logo-COMAU.png\",\"contentUrl\":\"https:\/\/www.comau.com\/wp-content\/uploads\/2024\/07\/cropped-Logo-COMAU.png\",\"width\":434,\"height\":434,\"caption\":\"Comau\"},\"image\":{\"@id\":\"https:\/\/www.comau.com\/de\/#\/schema\/logo\/image\/\"},\"sameAs\":[\"https:\/\/www.facebook.com\/COMAU\/\",\"https:\/\/x.com\/comaugroup\",\"https:\/\/www.instagram.com\/comaugroup\/\",\"https:\/\/www.linkedin.com\/company\/comau\",\"https:\/\/www.youtube.com\/user\/comau\"]}]}<\/script>\n<!-- \/ Yoast SEO plugin. -->","yoast_head_json":{"title":"Highlights - Comau","robots":{"index":"index","follow":"follow","max-snippet":"max-snippet:-1","max-image-preview":"max-image-preview:large","max-video-preview":"max-video-preview:-1"},"canonical":"https:\/\/www.comau.com\/de\/newsroom\/highlights\/","og_locale":"de_DE","og_type":"article","og_title":"Highlights - Comau","og_url":"https:\/\/www.comau.com\/de\/newsroom\/highlights\/","og_site_name":"Comau","article_publisher":"https:\/\/www.facebook.com\/COMAU\/","article_modified_time":"2021-07-28T06:49:56+00:00","twitter_card":"summary_large_image","twitter_site":"@comaugroup","twitter_misc":{"Gesch\u00e4tzte Lesezeit":"1\u00a0Minute"},"schema":{"@context":"https:\/\/schema.org","@graph":[{"@type":"WebPage","@id":"https:\/\/www.comau.com\/de\/newsroom\/highlights\/","url":"https:\/\/www.comau.com\/de\/newsroom\/highlights\/","name":"Highlights - Comau","isPartOf":{"@id":"https:\/\/www.comau.com\/de\/#website"},"datePublished":"2021-06-24T16:47:18+00:00","dateModified":"2021-07-28T06:49:56+00:00","breadcrumb":{"@id":"https:\/\/www.comau.com\/de\/newsroom\/highlights\/#breadcrumb"},"inLanguage":"de","potentialAction":[{"@type":"ReadAction","target":["https:\/\/www.comau.com\/de\/newsroom\/highlights\/"]}]},{"@type":"BreadcrumbList","@id":"https:\/\/www.comau.com\/de\/newsroom\/highlights\/#breadcrumb","itemListElement":[{"@type":"ListItem","position":1,"name":"Home","item":"https:\/\/www.comau.com\/de\/"},{"@type":"ListItem","position":2,"name":"Newsroom","item":"https:\/\/www.comau.com\/de\/newsroom\/"},{"@type":"ListItem","position":3,"name":"Newsroom","item":"https:\/\/www.comau.com\/de\/newsroom\/"},{"@type":"ListItem","position":4,"name":"Highlights"}]},{"@type":"WebSite","@id":"https:\/\/www.comau.com\/de\/#website","url":"https:\/\/www.comau.com\/de\/","name":"Comau","description":"Industrial automation and robotics","publisher":{"@id":"https:\/\/www.comau.com\/de\/#organization"},"potentialAction":[{"@type":"SearchAction","target":{"@type":"EntryPoint","urlTemplate":"https:\/\/www.comau.com\/de\/?s={search_term_string}"},"query-input":{"@type":"PropertyValueSpecification","valueRequired":true,"valueName":"search_term_string"}}],"inLanguage":"de"},{"@type":"Organization","@id":"https:\/\/www.comau.com\/de\/#organization","name":"Comau","url":"https:\/\/www.comau.com\/de\/","logo":{"@type":"ImageObject","inLanguage":"de","@id":"https:\/\/www.comau.com\/de\/#\/schema\/logo\/image\/","url":"https:\/\/www.comau.com\/wp-content\/uploads\/2024\/07\/cropped-Logo-COMAU.png","contentUrl":"https:\/\/www.comau.com\/wp-content\/uploads\/2024\/07\/cropped-Logo-COMAU.png","width":434,"height":434,"caption":"Comau"},"image":{"@id":"https:\/\/www.comau.com\/de\/#\/schema\/logo\/image\/"},"sameAs":["https:\/\/www.facebook.com\/COMAU\/","https:\/\/x.com\/comaugroup","https:\/\/www.instagram.com\/comaugroup\/","https:\/\/www.linkedin.com\/company\/comau","https:\/\/www.youtube.com\/user\/comau"]}]}},"_links":{"self":[{"href":"https:\/\/www.comau.com\/de\/wp-json\/wp\/v2\/pages\/33166","targetHints":{"allow":["GET"]}}],"collection":[{"href":"https:\/\/www.comau.com\/de\/wp-json\/wp\/v2\/pages"}],"about":[{"href":"https:\/\/www.comau.com\/de\/wp-json\/wp\/v2\/types\/page"}],"author":[{"embeddable":true,"href":"https:\/\/www.comau.com\/de\/wp-json\/wp\/v2\/users\/11"}],"replies":[{"embeddable":true,"href":"https:\/\/www.comau.com\/de\/wp-json\/wp\/v2\/comments?post=33166"}],"version-history":[{"count":2,"href":"https:\/\/www.comau.com\/de\/wp-json\/wp\/v2\/pages\/33166\/revisions"}],"predecessor-version":[{"id":37310,"href":"https:\/\/www.comau.com\/de\/wp-json\/wp\/v2\/pages\/33166\/revisions\/37310"}],"up":[{"embeddable":true,"href":"https:\/\/www.comau.com\/de\/wp-json\/wp\/v2\/pages\/5424"}],"wp:attachment":[{"href":"https:\/\/www.comau.com\/de\/wp-json\/wp\/v2\/media?parent=33166"}],"curies":[{"name":"wp","href":"https:\/\/api.w.org\/{rel}","templated":true}]}}