{"id":23320,"date":"2021-06-09T11:09:54","date_gmt":"2021-06-09T09:09:54","guid":{"rendered":"https:\/\/www.comau.com\/?page_id=23320"},"modified":"2021-08-27T17:21:56","modified_gmt":"2021-08-27T15:21:56","slug":"executive-master-in-manufacturing-automation-and-digital-transformation","status":"publish","type":"page","link":"https:\/\/www.comau.com\/de\/competencies\/systems\/consultancy-education\/companies-professionals\/executive-master-in-manufacturing-automation-and-digital-transformation\/","title":{"rendered":"Executive Master in Manufacturing Automation and Digital Transformation"},"content":{"rendered":"\n<h2 class=\"wp-block-heading\">Seien sie bereit f\u00fcr die Digitale Transformation<\/h2>\n\n\n\n<div class=\"wp-block-getwid-toggle download-dropdown has-icon-left\">\n<div class=\"wp-block-getwid-toggle__row\"><div class=\"wp-block-getwid-toggle__header-wrapper\"><span class=\"wp-block-getwid-toggle__header\"><a href=\"#\"><span class=\"wp-block-getwid-toggle__header-title\">Download the brochure<\/span><span class=\"wp-block-getwid-toggle__icon is-active\"><i class=\"fas fa-plus\"><\/i><\/span><span class=\"wp-block-getwid-toggle__icon is-passive\"><i class=\"fas fa-minus\"><\/i><\/span><\/a><\/span><\/div><div class=\"wp-block-getwid-toggle__content-wrapper\"><div class=\"wp-block-getwid-toggle__content\">\n<div class=\"wp-block-getwid-button-group\"><div class=\"wp-block-getwid-button-group__wrapper\">\n<div class=\"wp-block-button\"><a class=\"wp-block-button__link\" href=\"https:\/\/www.comau.com\/wp-content\/uploads\/2021\/06\/Master-in-Manufacturing-Automation-and-Digital-Transformation.pdf\" target=\"_blank\" rel=\"noreferrer noopener\">Executive Master in Manufacturing Automation and Digital Transformation<\/a><\/div>\n<\/div><\/div>\n<\/div><\/div><\/div>\n<\/div>\n\n\n\n<p>Comaus Executive Master in Manufacturing Automation &amp; Digital Transformation unterst\u00fctzt Unternehmen und Einzelpersonen, die erforderlichen Kompetenzen f\u00fcr die Entwicklung fortschrittlicher industrieller Automatisierungsl\u00f6sungen zu erlangen. Dieses einzigartige Programm spricht nicht nur die technischen und managementspezifischen Aspekte der industriellen Automatisierung an, sondern ist auch der einzige Executive Master Degree, der von zwei Branchenf\u00fchrern konzipiert und realisiert wurde \u2013 Comau und ESCP Europe, der weltweit \u00e4ltesten Wirtschaftshochschule, die bereits Generationen von Wirtschaftsvertretern und Unternehmern besucht haben.<\/p>\n\n\n\n<p>Der Executive Master Degree in Manufacturing Automation &amp; Digital Transformation kombiniert 32,5 Tage Praxisschulung mit weiteren 80 Stunden an E-Learning-Fernunterricht, Webinaren und Projektarbeit. Dar\u00fcber hinaus ist das Programm speziell f\u00fcr F\u00fchrungskr\u00e4fte, Gesch\u00e4ftsleiter, Manager und Fachkr\u00e4fte konzipiert, die industrielle Automatisierungsl\u00f6sungen entwickeln, fertigen, verkaufen oder benutzen.<\/p>\n\n\n\n<p>Um Fachkr\u00e4ften zu helfen, beruflich voranzukommen und ihre Kompetenzen zu optimieren, basiert der umfassende Kurs auf einer intensiven und h\u00f6chst effizienten Methodik. Am Ende des Programms werden die Teilnehmer \u00fcber die erforderlichen F\u00e4higkeiten verf\u00fcgen, um f\u00fcr die digitale Transformation von Automatisierungsl\u00f6sungen und sich ver\u00e4ndernden Fertigungsparadigmen gewappnet zu sein.<\/p>\n\n\n\n<p>F\u00fcr den Master fallen Kosten in H\u00f6he von \u20ac 21.000 (alle EU- und Nicht-EU-Teilnehmer) an; \u20ac 3.000 Fr\u00fchbucherrabatt bis zum 27. Juli 2018. <\/p>\n\n\n\n<p>**Reise- und Unterbringungskosten sind in der Studiengeb\u00fchr nicht enthalten. <\/p>\n\n\n\n<p>Der Executive Master in Manufacturing Automation and Digital Transformation (EMMA) vermittelt leitenden Angestellten die erforderlichen Kompetenzen, um flexible Denker, effektive F\u00fchrungskr\u00e4fte und erstklassige Fachleute f\u00fcr die 4. industrielle Revolution zu sein.<\/p>\n\n\n\n<p>Die erste Auflage wurde im Januar 2018 mit 31 Teilnehmern abgeschlossen. Die Teilnehmer bekleideten \u00fcberwiegend Funktionen im Bereich Fertigung, Einkauf und Innovation. <\/p>\n\n\n\n<p>Die St\u00e4rken des Programms liegen in der Koexistenz der \u00f6konomischen und technischen Aspekte sowie auch deren Koh\u00e4renz.<\/p>\n\n\n\n<p>Abgesehen von den Kenntnissen \u00fcber Industrie 4.0 brachten die Teilnehmer ein erweitertes und starkes Netzwerk mit nach Hause.<\/p>\n\n\n\n<figure class=\"wp-block-image size-large\"><img decoding=\"async\" width=\"740\" height=\"455\" src=\"https:\/\/www.comau.com\/wp-content\/uploads\/2021\/06\/BlueBoxesMaster2018.jpg\" alt=\"\" class=\"wp-image-10119\" srcset=\"https:\/\/www.comau.com\/wp-content\/uploads\/2021\/06\/BlueBoxesMaster2018.jpg 740w, https:\/\/www.comau.com\/wp-content\/uploads\/2021\/06\/BlueBoxesMaster2018-300x184.jpg 300w\" sizes=\"(max-width: 740px) 100vw, 740px\" \/><\/figure>\n\n\n\n<h2 class=\"wp-block-heading\">Zielgerichtete Kompetenzen<\/h2>\n\n\n\n<p>Lernen Sie, strategisch zu denken und organisatorische Ver\u00e4nderungen zu lenken, und dabei aktiv zur Entwicklung und Realisierung industrieller Automatisierungsl\u00f6sungen beizutragen und die aktuellen Fertigungsparadigmen zu verbessern.<\/p>\n\n\n\n<p>Unser Executive Master in Manufacturing Automation &amp; Digital Transformation soll Ihnen dabei helfen, ein tiefgreifendes Verst\u00e4ndnis f\u00fcr Technologie und M\u00e4rkte zu entwickeln, um Ihr Potenzial vollst\u00e4ndig auszusch\u00f6pfen und innovative Fertigungsl\u00f6sungen zu konzipieren.<\/p>\n\n\n\n<p>Zielgerichtete Kompetenzen sind unter Anderem:<\/p>\n\n\n\n<ul class=\"wp-block-list\"><li>Ermittlung der Anforderungen und M\u00f6glichkeiten zur Anwendung von Automatisierungstechnologien in Fertigungsprozessen<\/li><li>Aktiver Beitrag zur Planung und Entwicklung von Automatisierungsl\u00f6sungen<\/li><li>Anwendung von Kostenanalyse- und Finanzplanungsmethoden auf Automatisierungsprojekte<\/li><li>Sicherstellung einer \u00fcberzeugenden Projektmanagementleitung<\/li><li>Teamleitung mit dem richtigen Mitarbeiterf\u00fchrungsansatz<\/li><li>Dialog mit Produkt\/Prozessentwicklungs- und Technikabteilungen<\/li><li>Verwaltung komplexer und technologisch anspruchsvoller Portfolios von Lieferungen und Lieferanten<\/li><li>Verstehen der wichtigsten Auswirkungen, die eine Interaktion zwischen Mensch und Maschine kennzeichnen<\/li><\/ul>\n\n\n\n<div class=\"wp-block-columns is-layout-flex wp-container-core-columns-is-layout-9d6595d7 wp-block-columns-is-layout-flex\">\n<div class=\"wp-block-column is-layout-flow wp-block-column-is-layout-flow\">\n<figure class=\"wp-block-embed is-type-video is-provider-youtube wp-block-embed-youtube wp-embed-aspect-16-9 wp-has-aspect-ratio\"><div class=\"wp-block-embed__wrapper\">\n<iframe title=\"Comau Executive Master in Manufacturing Automation and Digital Transformation -2nd edition 2018\/2019\" width=\"640\" height=\"360\" src=\"https:\/\/www.youtube.com\/embed\/YZgKyTsu7U4?feature=oembed\" frameborder=\"0\" allow=\"accelerometer; autoplay; clipboard-write; encrypted-media; gyroscope; picture-in-picture; web-share\" referrerpolicy=\"strict-origin-when-cross-origin\" allowfullscreen><\/iframe>\n<\/div><\/figure>\n<\/div>\n\n\n\n<div class=\"wp-block-column is-layout-flow wp-block-column-is-layout-flow\">\n<figure class=\"wp-block-embed is-type-video is-provider-youtube wp-block-embed-youtube wp-embed-aspect-16-9 wp-has-aspect-ratio\"><div class=\"wp-block-embed__wrapper\">\n<iframe title=\"Comau Executive Master in Manufacturing Automation and Digital Transformation -1st edition 2017\/2018\" width=\"640\" height=\"360\" src=\"https:\/\/www.youtube.com\/embed\/4rh9pS3P51E?feature=oembed\" frameborder=\"0\" allow=\"accelerometer; autoplay; clipboard-write; encrypted-media; gyroscope; picture-in-picture; web-share\" referrerpolicy=\"strict-origin-when-cross-origin\" allowfullscreen><\/iframe>\n<\/div><\/figure>\n<\/div>\n<\/div>\n\n\n\n<h2 class=\"wp-block-heading\">Modulare Struktur im Sinne Ihrer Karriere<\/h2>\n\n\n\n<p>F\u00fcnf Module \u00fcber f\u00fcnf Wochen, erg\u00e4nzt durch Selbstlern-Module und Projektarbeit.<\/p>\n\n\n\n<div class=\"wp-block-image\"><figure class=\"aligncenter size-large\"><img decoding=\"async\" width=\"739\" height=\"549\" src=\"https:\/\/www.comau.com\/wp-content\/uploads\/2021\/06\/MIAM_2018_structure.png\" alt=\"\" class=\"wp-image-10124\" srcset=\"https:\/\/www.comau.com\/wp-content\/uploads\/2021\/06\/MIAM_2018_structure.png 739w, https:\/\/www.comau.com\/wp-content\/uploads\/2021\/06\/MIAM_2018_structure-300x223.png 300w\" sizes=\"(max-width: 739px) 100vw, 739px\" \/><\/figure><\/div>\n\n\n\n<h2 class=\"wp-block-heading\">Beschleunigtes Programm erschlie\u00dft das Potenzial Ihrer Mitarbeiter<\/h2>\n\n\n\n<p>Comaus Master in Manufacturing Automation &amp; Digital Transformation soll Ihnen dabei helfen, Ihr wichtigstes Kapital \u2013 Menschen und Technologie \u2013 bei minimaler Abwesenheit vom Alltagsgesch\u00e4ft zu f\u00f6rdern und weiterzuentwickeln. Das innovative Programm bietet nicht nur Vernetzungs- und Leistungsvergleichsm\u00f6glichkeiten f\u00fcr Ihr Unternehmen und die gef\u00f6rderten Mitarbeiter, sondern auch Projektarbeit, die speziell auf Ihr Gesch\u00e4ft ausgerichtet ist und im Sinne einer maximalen Rendite in Ihrem Unternehmen durchgef\u00fchrt wird.<\/p>\n\n\n\n<p>Es erwartet Sie eine Gruppe von Teilnehmern mit einem unterschiedlichen beruflichen und akademischen Hintergrund aus allen Teilen der Welt. Das EMMA-Programm bietet eine einzigartige Lernerfahrung, die Technologie und Management f\u00fcr eine transformatorische F\u00fchrungskarriere vereint.<\/p>\n","protected":false},"excerpt":{"rendered":"<p>Seien sie bereit f\u00fcr die Digitale Transformation Comaus Executive Master in Manufacturing Automation &amp; Digital Transformation unterst\u00fctzt Unternehmen und Einzelpersonen, die erforderlichen Kompetenzen f\u00fcr die Entwicklung fortschrittlicher industrieller Automatisierungsl\u00f6sungen zu erlangen. Dieses einzigartige Programm spricht nicht nur die technischen und managementspezifischen Aspekte der industriellen Automatisierung an, sondern ist auch der einzige Executive Master Degree, der [&hellip;]<\/p>\n","protected":false},"author":11,"featured_media":10114,"parent":6272,"menu_order":1,"comment_status":"closed","ping_status":"closed","template":"","meta":{"_acf_changed":false,"ep_exclude_from_search":false,"footnotes":""},"class_list":["post-23320","page","type-page","status-publish","has-post-thumbnail","hentry"],"acf":[],"yoast_head":"<!-- This site is optimized with the Yoast SEO plugin v26.9 - https:\/\/yoast.com\/product\/yoast-seo-wordpress\/ -->\n<title>Master der zweiten Stufe in Manufacturing 4.0 - Comau<\/title>\n<meta name=\"description\" content=\"Der Master mit Spezialisierung der zweiten Stufe zielt auf die Ausbildung und anschlie\u00dfende Einstellung von jungen Ingenieuren mit starker Teamf\u00e4higkeit bei Comau ab.\" \/>\n<meta name=\"robots\" content=\"index, follow, max-snippet:-1, max-image-preview:large, max-video-preview:-1\" \/>\n<link rel=\"canonical\" href=\"https:\/\/www.comau.com\/de\/competencies\/systems\/consultancy-education\/companies-professionals\/executive-master-in-manufacturing-automation-and-digital-transformation\/\" \/>\n<meta property=\"og:locale\" content=\"de_DE\" \/>\n<meta property=\"og:type\" content=\"article\" \/>\n<meta property=\"og:title\" content=\"Master der zweiten Stufe in Manufacturing 4.0 - Comau\" \/>\n<meta property=\"og:description\" content=\"Der Master mit Spezialisierung der zweiten Stufe zielt auf die Ausbildung und anschlie\u00dfende Einstellung von jungen Ingenieuren mit starker Teamf\u00e4higkeit bei Comau ab.\" \/>\n<meta property=\"og:url\" content=\"https:\/\/www.comau.com\/de\/competencies\/systems\/consultancy-education\/companies-professionals\/executive-master-in-manufacturing-automation-and-digital-transformation\/\" \/>\n<meta property=\"og:site_name\" content=\"Comau\" \/>\n<meta property=\"article:publisher\" content=\"https:\/\/www.facebook.com\/COMAU\/\" \/>\n<meta property=\"article:modified_time\" content=\"2021-08-27T15:21:56+00:00\" \/>\n<meta property=\"og:image\" content=\"https:\/\/www.comau.com\/wp-content\/uploads\/2021\/06\/EMMA_header.jpg\" \/>\n\t<meta property=\"og:image:width\" content=\"1280\" \/>\n\t<meta property=\"og:image:height\" content=\"485\" \/>\n\t<meta property=\"og:image:type\" content=\"image\/jpeg\" \/>\n<meta name=\"twitter:card\" content=\"summary_large_image\" \/>\n<meta name=\"twitter:site\" content=\"@comaugroup\" \/>\n<meta name=\"twitter:label1\" content=\"Gesch\u00e4tzte Lesezeit\" \/>\n\t<meta name=\"twitter:data1\" content=\"3\u00a0Minuten\" \/>\n<script type=\"application\/ld+json\" class=\"yoast-schema-graph\">{\"@context\":\"https:\/\/schema.org\",\"@graph\":[{\"@type\":\"WebPage\",\"@id\":\"https:\/\/www.comau.com\/de\/competencies\/systems\/consultancy-education\/companies-professionals\/executive-master-in-manufacturing-automation-and-digital-transformation\/\",\"url\":\"https:\/\/www.comau.com\/de\/competencies\/systems\/consultancy-education\/companies-professionals\/executive-master-in-manufacturing-automation-and-digital-transformation\/\",\"name\":\"Master der zweiten Stufe in Manufacturing 4.0 - Comau\",\"isPartOf\":{\"@id\":\"https:\/\/www.comau.com\/de\/#website\"},\"primaryImageOfPage\":{\"@id\":\"https:\/\/www.comau.com\/de\/competencies\/systems\/consultancy-education\/companies-professionals\/executive-master-in-manufacturing-automation-and-digital-transformation\/#primaryimage\"},\"image\":{\"@id\":\"https:\/\/www.comau.com\/de\/competencies\/systems\/consultancy-education\/companies-professionals\/executive-master-in-manufacturing-automation-and-digital-transformation\/#primaryimage\"},\"thumbnailUrl\":\"https:\/\/www.comau.com\/wp-content\/uploads\/2021\/06\/EMMA_header.jpg\",\"datePublished\":\"2021-06-09T09:09:54+00:00\",\"dateModified\":\"2021-08-27T15:21:56+00:00\",\"description\":\"Der Master mit Spezialisierung der zweiten Stufe zielt auf die Ausbildung und anschlie\u00dfende Einstellung von jungen Ingenieuren mit starker Teamf\u00e4higkeit bei Comau ab.\",\"breadcrumb\":{\"@id\":\"https:\/\/www.comau.com\/de\/competencies\/systems\/consultancy-education\/companies-professionals\/executive-master-in-manufacturing-automation-and-digital-transformation\/#breadcrumb\"},\"inLanguage\":\"de\",\"potentialAction\":[{\"@type\":\"ReadAction\",\"target\":[\"https:\/\/www.comau.com\/de\/competencies\/systems\/consultancy-education\/companies-professionals\/executive-master-in-manufacturing-automation-and-digital-transformation\/\"]}]},{\"@type\":\"ImageObject\",\"inLanguage\":\"de\",\"@id\":\"https:\/\/www.comau.com\/de\/competencies\/systems\/consultancy-education\/companies-professionals\/executive-master-in-manufacturing-automation-and-digital-transformation\/#primaryimage\",\"url\":\"https:\/\/www.comau.com\/wp-content\/uploads\/2021\/06\/EMMA_header.jpg\",\"contentUrl\":\"https:\/\/www.comau.com\/wp-content\/uploads\/2021\/06\/EMMA_header.jpg\",\"width\":1280,\"height\":485},{\"@type\":\"BreadcrumbList\",\"@id\":\"https:\/\/www.comau.com\/de\/competencies\/systems\/consultancy-education\/companies-professionals\/executive-master-in-manufacturing-automation-and-digital-transformation\/#breadcrumb\",\"itemListElement\":[{\"@type\":\"ListItem\",\"position\":1,\"name\":\"Home\",\"item\":\"https:\/\/www.comau.com\/de\/\"},{\"@type\":\"ListItem\",\"position\":2,\"name\":\"Unsere Kompetenzen\",\"item\":\"https:\/\/www.comau.com\/de\/competencies\/\"},{\"@type\":\"ListItem\",\"position\":3,\"name\":\"Consultancy &amp; Education\",\"item\":\"https:\/\/www.comau.com\/de\/competencies\/consultancy-education\/\"},{\"@type\":\"ListItem\",\"position\":4,\"name\":\"Companies &#038; Professionals\",\"item\":\"https:\/\/www.comau.com\/de\/competencies\/consultancy-education\/companies-professionals\/\"},{\"@type\":\"ListItem\",\"position\":5,\"name\":\"Executive Master in Manufacturing Automation and Digital Transformation\"}]},{\"@type\":\"WebSite\",\"@id\":\"https:\/\/www.comau.com\/de\/#website\",\"url\":\"https:\/\/www.comau.com\/de\/\",\"name\":\"Comau\",\"description\":\"Industrial automation and robotics\",\"publisher\":{\"@id\":\"https:\/\/www.comau.com\/de\/#organization\"},\"potentialAction\":[{\"@type\":\"SearchAction\",\"target\":{\"@type\":\"EntryPoint\",\"urlTemplate\":\"https:\/\/www.comau.com\/de\/?s={search_term_string}\"},\"query-input\":{\"@type\":\"PropertyValueSpecification\",\"valueRequired\":true,\"valueName\":\"search_term_string\"}}],\"inLanguage\":\"de\"},{\"@type\":\"Organization\",\"@id\":\"https:\/\/www.comau.com\/de\/#organization\",\"name\":\"Comau\",\"url\":\"https:\/\/www.comau.com\/de\/\",\"logo\":{\"@type\":\"ImageObject\",\"inLanguage\":\"de\",\"@id\":\"https:\/\/www.comau.com\/de\/#\/schema\/logo\/image\/\",\"url\":\"https:\/\/www.comau.com\/wp-content\/uploads\/2024\/07\/cropped-Logo-COMAU.png\",\"contentUrl\":\"https:\/\/www.comau.com\/wp-content\/uploads\/2024\/07\/cropped-Logo-COMAU.png\",\"width\":434,\"height\":434,\"caption\":\"Comau\"},\"image\":{\"@id\":\"https:\/\/www.comau.com\/de\/#\/schema\/logo\/image\/\"},\"sameAs\":[\"https:\/\/www.facebook.com\/COMAU\/\",\"https:\/\/x.com\/comaugroup\",\"https:\/\/www.instagram.com\/comaugroup\/\",\"https:\/\/www.linkedin.com\/company\/comau\",\"https:\/\/www.youtube.com\/user\/comau\"]}]}<\/script>\n<!-- \/ Yoast SEO plugin. -->","yoast_head_json":{"title":"Master der zweiten Stufe in Manufacturing 4.0 - Comau","description":"Der Master mit Spezialisierung der zweiten Stufe zielt auf die Ausbildung und anschlie\u00dfende Einstellung von jungen Ingenieuren mit starker Teamf\u00e4higkeit bei Comau ab.","robots":{"index":"index","follow":"follow","max-snippet":"max-snippet:-1","max-image-preview":"max-image-preview:large","max-video-preview":"max-video-preview:-1"},"canonical":"https:\/\/www.comau.com\/de\/competencies\/systems\/consultancy-education\/companies-professionals\/executive-master-in-manufacturing-automation-and-digital-transformation\/","og_locale":"de_DE","og_type":"article","og_title":"Master der zweiten Stufe in Manufacturing 4.0 - Comau","og_description":"Der Master mit Spezialisierung der zweiten Stufe zielt auf die Ausbildung und anschlie\u00dfende Einstellung von jungen Ingenieuren mit starker Teamf\u00e4higkeit bei Comau ab.","og_url":"https:\/\/www.comau.com\/de\/competencies\/systems\/consultancy-education\/companies-professionals\/executive-master-in-manufacturing-automation-and-digital-transformation\/","og_site_name":"Comau","article_publisher":"https:\/\/www.facebook.com\/COMAU\/","article_modified_time":"2021-08-27T15:21:56+00:00","og_image":[{"width":1280,"height":485,"url":"https:\/\/www.comau.com\/wp-content\/uploads\/2021\/06\/EMMA_header.jpg","type":"image\/jpeg"}],"twitter_card":"summary_large_image","twitter_site":"@comaugroup","twitter_misc":{"Gesch\u00e4tzte Lesezeit":"3\u00a0Minuten"},"schema":{"@context":"https:\/\/schema.org","@graph":[{"@type":"WebPage","@id":"https:\/\/www.comau.com\/de\/competencies\/systems\/consultancy-education\/companies-professionals\/executive-master-in-manufacturing-automation-and-digital-transformation\/","url":"https:\/\/www.comau.com\/de\/competencies\/systems\/consultancy-education\/companies-professionals\/executive-master-in-manufacturing-automation-and-digital-transformation\/","name":"Master der zweiten Stufe in Manufacturing 4.0 - Comau","isPartOf":{"@id":"https:\/\/www.comau.com\/de\/#website"},"primaryImageOfPage":{"@id":"https:\/\/www.comau.com\/de\/competencies\/systems\/consultancy-education\/companies-professionals\/executive-master-in-manufacturing-automation-and-digital-transformation\/#primaryimage"},"image":{"@id":"https:\/\/www.comau.com\/de\/competencies\/systems\/consultancy-education\/companies-professionals\/executive-master-in-manufacturing-automation-and-digital-transformation\/#primaryimage"},"thumbnailUrl":"https:\/\/www.comau.com\/wp-content\/uploads\/2021\/06\/EMMA_header.jpg","datePublished":"2021-06-09T09:09:54+00:00","dateModified":"2021-08-27T15:21:56+00:00","description":"Der Master mit Spezialisierung der zweiten Stufe zielt auf die Ausbildung und anschlie\u00dfende Einstellung von jungen Ingenieuren mit starker Teamf\u00e4higkeit bei Comau ab.","breadcrumb":{"@id":"https:\/\/www.comau.com\/de\/competencies\/systems\/consultancy-education\/companies-professionals\/executive-master-in-manufacturing-automation-and-digital-transformation\/#breadcrumb"},"inLanguage":"de","potentialAction":[{"@type":"ReadAction","target":["https:\/\/www.comau.com\/de\/competencies\/systems\/consultancy-education\/companies-professionals\/executive-master-in-manufacturing-automation-and-digital-transformation\/"]}]},{"@type":"ImageObject","inLanguage":"de","@id":"https:\/\/www.comau.com\/de\/competencies\/systems\/consultancy-education\/companies-professionals\/executive-master-in-manufacturing-automation-and-digital-transformation\/#primaryimage","url":"https:\/\/www.comau.com\/wp-content\/uploads\/2021\/06\/EMMA_header.jpg","contentUrl":"https:\/\/www.comau.com\/wp-content\/uploads\/2021\/06\/EMMA_header.jpg","width":1280,"height":485},{"@type":"BreadcrumbList","@id":"https:\/\/www.comau.com\/de\/competencies\/systems\/consultancy-education\/companies-professionals\/executive-master-in-manufacturing-automation-and-digital-transformation\/#breadcrumb","itemListElement":[{"@type":"ListItem","position":1,"name":"Home","item":"https:\/\/www.comau.com\/de\/"},{"@type":"ListItem","position":2,"name":"Unsere Kompetenzen","item":"https:\/\/www.comau.com\/de\/competencies\/"},{"@type":"ListItem","position":3,"name":"Consultancy &amp; Education","item":"https:\/\/www.comau.com\/de\/competencies\/consultancy-education\/"},{"@type":"ListItem","position":4,"name":"Companies &#038; Professionals","item":"https:\/\/www.comau.com\/de\/competencies\/consultancy-education\/companies-professionals\/"},{"@type":"ListItem","position":5,"name":"Executive Master in Manufacturing Automation and Digital Transformation"}]},{"@type":"WebSite","@id":"https:\/\/www.comau.com\/de\/#website","url":"https:\/\/www.comau.com\/de\/","name":"Comau","description":"Industrial automation and robotics","publisher":{"@id":"https:\/\/www.comau.com\/de\/#organization"},"potentialAction":[{"@type":"SearchAction","target":{"@type":"EntryPoint","urlTemplate":"https:\/\/www.comau.com\/de\/?s={search_term_string}"},"query-input":{"@type":"PropertyValueSpecification","valueRequired":true,"valueName":"search_term_string"}}],"inLanguage":"de"},{"@type":"Organization","@id":"https:\/\/www.comau.com\/de\/#organization","name":"Comau","url":"https:\/\/www.comau.com\/de\/","logo":{"@type":"ImageObject","inLanguage":"de","@id":"https:\/\/www.comau.com\/de\/#\/schema\/logo\/image\/","url":"https:\/\/www.comau.com\/wp-content\/uploads\/2024\/07\/cropped-Logo-COMAU.png","contentUrl":"https:\/\/www.comau.com\/wp-content\/uploads\/2024\/07\/cropped-Logo-COMAU.png","width":434,"height":434,"caption":"Comau"},"image":{"@id":"https:\/\/www.comau.com\/de\/#\/schema\/logo\/image\/"},"sameAs":["https:\/\/www.facebook.com\/COMAU\/","https:\/\/x.com\/comaugroup","https:\/\/www.instagram.com\/comaugroup\/","https:\/\/www.linkedin.com\/company\/comau","https:\/\/www.youtube.com\/user\/comau"]}]}},"_links":{"self":[{"href":"https:\/\/www.comau.com\/de\/wp-json\/wp\/v2\/pages\/23320","targetHints":{"allow":["GET"]}}],"collection":[{"href":"https:\/\/www.comau.com\/de\/wp-json\/wp\/v2\/pages"}],"about":[{"href":"https:\/\/www.comau.com\/de\/wp-json\/wp\/v2\/types\/page"}],"author":[{"embeddable":true,"href":"https:\/\/www.comau.com\/de\/wp-json\/wp\/v2\/users\/11"}],"replies":[{"embeddable":true,"href":"https:\/\/www.comau.com\/de\/wp-json\/wp\/v2\/comments?post=23320"}],"version-history":[{"count":31,"href":"https:\/\/www.comau.com\/de\/wp-json\/wp\/v2\/pages\/23320\/revisions"}],"predecessor-version":[{"id":38603,"href":"https:\/\/www.comau.com\/de\/wp-json\/wp\/v2\/pages\/23320\/revisions\/38603"}],"up":[{"embeddable":true,"href":"https:\/\/www.comau.com\/de\/wp-json\/wp\/v2\/pages\/6272"}],"wp:featuredmedia":[{"embeddable":true,"href":"https:\/\/www.comau.com\/de\/wp-json\/wp\/v2\/media\/10114"}],"wp:attachment":[{"href":"https:\/\/www.comau.com\/de\/wp-json\/wp\/v2\/media?parent=23320"}],"curies":[{"name":"wp","href":"https:\/\/api.w.org\/{rel}","templated":true}]}}