{"id":23311,"date":"2021-06-09T11:11:10","date_gmt":"2021-06-09T09:11:10","guid":{"rendered":"https:\/\/www.comau.com\/?page_id=23311"},"modified":"2022-02-03T15:19:14","modified_gmt":"2022-02-03T14:19:14","slug":"pmf-project-management-fundamentals","status":"publish","type":"page","link":"https:\/\/www.comau.com\/de\/competencies\/systems\/consultancy-education\/companies-professionals\/pmf-project-management-fundamentals\/","title":{"rendered":"PMF \u2013 Project Management Fundamentals"},"content":{"rendered":"\n<p>Dieses Seminar richtet sich an Praktiker, die Projekte ganz oder teilweise mit F\u00fchrungsverantwortung f\u00fcr ein Team verwalten m\u00fcssen.<\/p>\n\n\n\n<p><strong>Dauer:<\/strong> 3 Tage<\/p>\n\n\n\n<p><strong>Kreditpunkte:<\/strong> 24 Berufsentwicklungseinheiten oder Kontaktstunden<\/p>\n\n\n\n<p><strong>Ziel:<\/strong> Das Seminar dient der Wissensvertiefung bei der Anwendung von Projektmanagementprozessen und -praktiken \u00fcber die Dauer eines Projekts. Es legt den Schwerpunkt auf das Definieren, Umsetzen, Verwalten, Leiten, \u00dcberwachen und Kontrollieren von Projekten und Teilen davon.<\/p>\n\n\n\n<p>Ziele:<\/p>\n\n\n\n<ul class=\"wp-block-list\"><li>Verst\u00e4ndnis f\u00fcr die Projektumgebung<\/li><li>Erledigen von Aufgaben, die ein Verst\u00e4ndnis f\u00fcr den Projektlebenszyklus unter Anwendung bew\u00e4hrter PM-Praktiken und -verfahrensweisen beweisen.<\/li><li>Vorbereiten und\/oder Analysieren einer Projektcharta<\/li><li>Entwickeln eines Projektstrukturplans (WBS), einer Arbeitspaketbeschreibung (WBS Dictionary) und einer Verantwortlichkeitsmatrix (RAM)<\/li><li>Entwickeln eines Projektbudgets<\/li><li>Entwickeln eines Netzwerkdiagramms und Projektzeitplans<\/li><li>Beschreiben der Richtlinien f\u00fcr die Fertigstellungswertmethode (EVM) und Durchf\u00fchren technischer und programmatischer Ma\u00dfnahmen zur Kontrolle von Kosten, Zeitplan und technischen Inhalten<\/li><li>Entwickeln von Risikomanagementpl\u00e4nen und Risikoma\u00dfnahmepl\u00e4nen<\/li><\/ul>\n\n\n\n<p>Das Seminar ist in zwei Module unterteilt:<\/p>\n\n\n\n<ul class=\"wp-block-list\"><li>Project Management Framework und Project Integration Management<\/li><li>Project Scope Management<\/li><li>Project Time and Cost Management<\/li><li>Project Risk Management<\/li><\/ul>\n","protected":false},"excerpt":{"rendered":"<p>Dieses Seminar richtet sich an Praktiker, die Projekte ganz oder teilweise mit F\u00fchrungsverantwortung f\u00fcr ein Team verwalten m\u00fcssen. Dauer: 3 Tage Kreditpunkte: 24 Berufsentwicklungseinheiten oder Kontaktstunden Ziel: Das Seminar dient der Wissensvertiefung bei der Anwendung von Projektmanagementprozessen und -praktiken \u00fcber die Dauer eines Projekts. Es legt den Schwerpunkt auf das Definieren, Umsetzen, Verwalten, Leiten, \u00dcberwachen [&hellip;]<\/p>\n","protected":false},"author":11,"featured_media":4244,"parent":6272,"menu_order":4,"comment_status":"closed","ping_status":"closed","template":"","meta":{"_acf_changed":false,"ep_exclude_from_search":false,"footnotes":""},"class_list":["post-23311","page","type-page","status-publish","has-post-thumbnail","hentry"],"acf":[],"yoast_head":"<!-- This site is optimized with the Yoast SEO plugin v26.9 - https:\/\/yoast.com\/product\/yoast-seo-wordpress\/ -->\n<title>Seminar: PMF \u2013 Project Management Fundamentals | Comau<\/title>\n<meta name=\"description\" content=\"Entdecken Sie das Seminar f\u00fcr Praktiker, die Projekte ganz oder teilweise mit F\u00fchrungsverantwortung f\u00fcr ein Team verwalten m\u00fcssen.\" \/>\n<meta name=\"robots\" content=\"index, follow, max-snippet:-1, max-image-preview:large, max-video-preview:-1\" \/>\n<link rel=\"canonical\" href=\"https:\/\/www.comau.com\/de\/competencies\/systems\/consultancy-education\/companies-professionals\/pmf-project-management-fundamentals\/\" \/>\n<meta property=\"og:locale\" content=\"de_DE\" \/>\n<meta property=\"og:type\" content=\"article\" \/>\n<meta property=\"og:title\" content=\"Seminar: PMF \u2013 Project Management Fundamentals | Comau\" \/>\n<meta property=\"og:description\" content=\"Entdecken Sie das Seminar f\u00fcr Praktiker, die Projekte ganz oder teilweise mit F\u00fchrungsverantwortung f\u00fcr ein Team verwalten m\u00fcssen.\" \/>\n<meta property=\"og:url\" content=\"https:\/\/www.comau.com\/de\/competencies\/systems\/consultancy-education\/companies-professionals\/pmf-project-management-fundamentals\/\" \/>\n<meta property=\"og:site_name\" content=\"Comau\" \/>\n<meta property=\"article:publisher\" content=\"https:\/\/www.facebook.com\/COMAU\/\" \/>\n<meta property=\"article:modified_time\" content=\"2022-02-03T14:19:14+00:00\" \/>\n<meta name=\"twitter:card\" content=\"summary_large_image\" \/>\n<meta name=\"twitter:site\" content=\"@comaugroup\" \/>\n<meta name=\"twitter:label1\" content=\"Gesch\u00e4tzte Lesezeit\" \/>\n\t<meta name=\"twitter:data1\" content=\"1\u00a0Minute\" \/>\n<script type=\"application\/ld+json\" class=\"yoast-schema-graph\">{\"@context\":\"https:\/\/schema.org\",\"@graph\":[{\"@type\":\"WebPage\",\"@id\":\"https:\/\/www.comau.com\/de\/competencies\/systems\/consultancy-education\/companies-professionals\/pmf-project-management-fundamentals\/\",\"url\":\"https:\/\/www.comau.com\/de\/competencies\/systems\/consultancy-education\/companies-professionals\/pmf-project-management-fundamentals\/\",\"name\":\"Seminar: PMF \u2013 Project Management Fundamentals | Comau\",\"isPartOf\":{\"@id\":\"https:\/\/www.comau.com\/de\/#website\"},\"primaryImageOfPage\":{\"@id\":\"https:\/\/www.comau.com\/de\/competencies\/systems\/consultancy-education\/companies-professionals\/pmf-project-management-fundamentals\/#primaryimage\"},\"image\":{\"@id\":\"https:\/\/www.comau.com\/de\/competencies\/systems\/consultancy-education\/companies-professionals\/pmf-project-management-fundamentals\/#primaryimage\"},\"thumbnailUrl\":\"\",\"datePublished\":\"2021-06-09T09:11:10+00:00\",\"dateModified\":\"2022-02-03T14:19:14+00:00\",\"description\":\"Entdecken Sie das Seminar f\u00fcr Praktiker, die Projekte ganz oder teilweise mit F\u00fchrungsverantwortung f\u00fcr ein Team verwalten m\u00fcssen.\",\"breadcrumb\":{\"@id\":\"https:\/\/www.comau.com\/de\/competencies\/systems\/consultancy-education\/companies-professionals\/pmf-project-management-fundamentals\/#breadcrumb\"},\"inLanguage\":\"de\",\"potentialAction\":[{\"@type\":\"ReadAction\",\"target\":[\"https:\/\/www.comau.com\/de\/competencies\/systems\/consultancy-education\/companies-professionals\/pmf-project-management-fundamentals\/\"]}]},{\"@type\":\"ImageObject\",\"inLanguage\":\"de\",\"@id\":\"https:\/\/www.comau.com\/de\/competencies\/systems\/consultancy-education\/companies-professionals\/pmf-project-management-fundamentals\/#primaryimage\",\"url\":\"\",\"contentUrl\":\"\",\"width\":1425,\"height\":450},{\"@type\":\"BreadcrumbList\",\"@id\":\"https:\/\/www.comau.com\/de\/competencies\/systems\/consultancy-education\/companies-professionals\/pmf-project-management-fundamentals\/#breadcrumb\",\"itemListElement\":[{\"@type\":\"ListItem\",\"position\":1,\"name\":\"Home\",\"item\":\"https:\/\/www.comau.com\/de\/\"},{\"@type\":\"ListItem\",\"position\":2,\"name\":\"Unsere Kompetenzen\",\"item\":\"https:\/\/www.comau.com\/de\/competencies\/\"},{\"@type\":\"ListItem\",\"position\":3,\"name\":\"Consultancy &amp; Education\",\"item\":\"https:\/\/www.comau.com\/de\/competencies\/consultancy-education\/\"},{\"@type\":\"ListItem\",\"position\":4,\"name\":\"Companies &#038; Professionals\",\"item\":\"https:\/\/www.comau.com\/de\/competencies\/consultancy-education\/companies-professionals\/\"},{\"@type\":\"ListItem\",\"position\":5,\"name\":\"PMF \u2013 Project Management Fundamentals\"}]},{\"@type\":\"WebSite\",\"@id\":\"https:\/\/www.comau.com\/de\/#website\",\"url\":\"https:\/\/www.comau.com\/de\/\",\"name\":\"Comau\",\"description\":\"Industrial automation and robotics\",\"publisher\":{\"@id\":\"https:\/\/www.comau.com\/de\/#organization\"},\"potentialAction\":[{\"@type\":\"SearchAction\",\"target\":{\"@type\":\"EntryPoint\",\"urlTemplate\":\"https:\/\/www.comau.com\/de\/?s={search_term_string}\"},\"query-input\":{\"@type\":\"PropertyValueSpecification\",\"valueRequired\":true,\"valueName\":\"search_term_string\"}}],\"inLanguage\":\"de\"},{\"@type\":\"Organization\",\"@id\":\"https:\/\/www.comau.com\/de\/#organization\",\"name\":\"Comau\",\"url\":\"https:\/\/www.comau.com\/de\/\",\"logo\":{\"@type\":\"ImageObject\",\"inLanguage\":\"de\",\"@id\":\"https:\/\/www.comau.com\/de\/#\/schema\/logo\/image\/\",\"url\":\"https:\/\/www.comau.com\/wp-content\/uploads\/2024\/07\/cropped-Logo-COMAU.png\",\"contentUrl\":\"https:\/\/www.comau.com\/wp-content\/uploads\/2024\/07\/cropped-Logo-COMAU.png\",\"width\":434,\"height\":434,\"caption\":\"Comau\"},\"image\":{\"@id\":\"https:\/\/www.comau.com\/de\/#\/schema\/logo\/image\/\"},\"sameAs\":[\"https:\/\/www.facebook.com\/COMAU\/\",\"https:\/\/x.com\/comaugroup\",\"https:\/\/www.instagram.com\/comaugroup\/\",\"https:\/\/www.linkedin.com\/company\/comau\",\"https:\/\/www.youtube.com\/user\/comau\"]}]}<\/script>\n<!-- \/ Yoast SEO plugin. -->","yoast_head_json":{"title":"Seminar: PMF \u2013 Project Management Fundamentals | Comau","description":"Entdecken Sie das Seminar f\u00fcr Praktiker, die Projekte ganz oder teilweise mit F\u00fchrungsverantwortung f\u00fcr ein Team verwalten m\u00fcssen.","robots":{"index":"index","follow":"follow","max-snippet":"max-snippet:-1","max-image-preview":"max-image-preview:large","max-video-preview":"max-video-preview:-1"},"canonical":"https:\/\/www.comau.com\/de\/competencies\/systems\/consultancy-education\/companies-professionals\/pmf-project-management-fundamentals\/","og_locale":"de_DE","og_type":"article","og_title":"Seminar: PMF \u2013 Project Management Fundamentals | Comau","og_description":"Entdecken Sie das Seminar f\u00fcr Praktiker, die Projekte ganz oder teilweise mit F\u00fchrungsverantwortung f\u00fcr ein Team verwalten m\u00fcssen.","og_url":"https:\/\/www.comau.com\/de\/competencies\/systems\/consultancy-education\/companies-professionals\/pmf-project-management-fundamentals\/","og_site_name":"Comau","article_publisher":"https:\/\/www.facebook.com\/COMAU\/","article_modified_time":"2022-02-03T14:19:14+00:00","twitter_card":"summary_large_image","twitter_site":"@comaugroup","twitter_misc":{"Gesch\u00e4tzte Lesezeit":"1\u00a0Minute"},"schema":{"@context":"https:\/\/schema.org","@graph":[{"@type":"WebPage","@id":"https:\/\/www.comau.com\/de\/competencies\/systems\/consultancy-education\/companies-professionals\/pmf-project-management-fundamentals\/","url":"https:\/\/www.comau.com\/de\/competencies\/systems\/consultancy-education\/companies-professionals\/pmf-project-management-fundamentals\/","name":"Seminar: PMF \u2013 Project Management Fundamentals | Comau","isPartOf":{"@id":"https:\/\/www.comau.com\/de\/#website"},"primaryImageOfPage":{"@id":"https:\/\/www.comau.com\/de\/competencies\/systems\/consultancy-education\/companies-professionals\/pmf-project-management-fundamentals\/#primaryimage"},"image":{"@id":"https:\/\/www.comau.com\/de\/competencies\/systems\/consultancy-education\/companies-professionals\/pmf-project-management-fundamentals\/#primaryimage"},"thumbnailUrl":"","datePublished":"2021-06-09T09:11:10+00:00","dateModified":"2022-02-03T14:19:14+00:00","description":"Entdecken Sie das Seminar f\u00fcr Praktiker, die Projekte ganz oder teilweise mit F\u00fchrungsverantwortung f\u00fcr ein Team verwalten m\u00fcssen.","breadcrumb":{"@id":"https:\/\/www.comau.com\/de\/competencies\/systems\/consultancy-education\/companies-professionals\/pmf-project-management-fundamentals\/#breadcrumb"},"inLanguage":"de","potentialAction":[{"@type":"ReadAction","target":["https:\/\/www.comau.com\/de\/competencies\/systems\/consultancy-education\/companies-professionals\/pmf-project-management-fundamentals\/"]}]},{"@type":"ImageObject","inLanguage":"de","@id":"https:\/\/www.comau.com\/de\/competencies\/systems\/consultancy-education\/companies-professionals\/pmf-project-management-fundamentals\/#primaryimage","url":"","contentUrl":"","width":1425,"height":450},{"@type":"BreadcrumbList","@id":"https:\/\/www.comau.com\/de\/competencies\/systems\/consultancy-education\/companies-professionals\/pmf-project-management-fundamentals\/#breadcrumb","itemListElement":[{"@type":"ListItem","position":1,"name":"Home","item":"https:\/\/www.comau.com\/de\/"},{"@type":"ListItem","position":2,"name":"Unsere Kompetenzen","item":"https:\/\/www.comau.com\/de\/competencies\/"},{"@type":"ListItem","position":3,"name":"Consultancy &amp; Education","item":"https:\/\/www.comau.com\/de\/competencies\/consultancy-education\/"},{"@type":"ListItem","position":4,"name":"Companies &#038; Professionals","item":"https:\/\/www.comau.com\/de\/competencies\/consultancy-education\/companies-professionals\/"},{"@type":"ListItem","position":5,"name":"PMF \u2013 Project Management Fundamentals"}]},{"@type":"WebSite","@id":"https:\/\/www.comau.com\/de\/#website","url":"https:\/\/www.comau.com\/de\/","name":"Comau","description":"Industrial automation and robotics","publisher":{"@id":"https:\/\/www.comau.com\/de\/#organization"},"potentialAction":[{"@type":"SearchAction","target":{"@type":"EntryPoint","urlTemplate":"https:\/\/www.comau.com\/de\/?s={search_term_string}"},"query-input":{"@type":"PropertyValueSpecification","valueRequired":true,"valueName":"search_term_string"}}],"inLanguage":"de"},{"@type":"Organization","@id":"https:\/\/www.comau.com\/de\/#organization","name":"Comau","url":"https:\/\/www.comau.com\/de\/","logo":{"@type":"ImageObject","inLanguage":"de","@id":"https:\/\/www.comau.com\/de\/#\/schema\/logo\/image\/","url":"https:\/\/www.comau.com\/wp-content\/uploads\/2024\/07\/cropped-Logo-COMAU.png","contentUrl":"https:\/\/www.comau.com\/wp-content\/uploads\/2024\/07\/cropped-Logo-COMAU.png","width":434,"height":434,"caption":"Comau"},"image":{"@id":"https:\/\/www.comau.com\/de\/#\/schema\/logo\/image\/"},"sameAs":["https:\/\/www.facebook.com\/COMAU\/","https:\/\/x.com\/comaugroup","https:\/\/www.instagram.com\/comaugroup\/","https:\/\/www.linkedin.com\/company\/comau","https:\/\/www.youtube.com\/user\/comau"]}]}},"_links":{"self":[{"href":"https:\/\/www.comau.com\/de\/wp-json\/wp\/v2\/pages\/23311","targetHints":{"allow":["GET"]}}],"collection":[{"href":"https:\/\/www.comau.com\/de\/wp-json\/wp\/v2\/pages"}],"about":[{"href":"https:\/\/www.comau.com\/de\/wp-json\/wp\/v2\/types\/page"}],"author":[{"embeddable":true,"href":"https:\/\/www.comau.com\/de\/wp-json\/wp\/v2\/users\/11"}],"replies":[{"embeddable":true,"href":"https:\/\/www.comau.com\/de\/wp-json\/wp\/v2\/comments?post=23311"}],"version-history":[{"count":19,"href":"https:\/\/www.comau.com\/de\/wp-json\/wp\/v2\/pages\/23311\/revisions"}],"predecessor-version":[{"id":41740,"href":"https:\/\/www.comau.com\/de\/wp-json\/wp\/v2\/pages\/23311\/revisions\/41740"}],"up":[{"embeddable":true,"href":"https:\/\/www.comau.com\/de\/wp-json\/wp\/v2\/pages\/6272"}],"wp:featuredmedia":[{"embeddable":true,"href":"https:\/\/www.comau.com\/de\/wp-json\/wp\/v2\/media\/4244"}],"wp:attachment":[{"href":"https:\/\/www.comau.com\/de\/wp-json\/wp\/v2\/media?parent=23311"}],"curies":[{"name":"wp","href":"https:\/\/api.w.org\/{rel}","templated":true}]}}