{"id":23307,"date":"2021-06-09T11:10:10","date_gmt":"2021-06-09T09:10:10","guid":{"rendered":"https:\/\/www.comau.com\/?page_id=23307"},"modified":"2021-08-27T17:24:25","modified_gmt":"2021-08-27T15:24:25","slug":"risk-management-fundamentals","status":"publish","type":"page","link":"https:\/\/www.comau.com\/de\/competencies\/systems\/consultancy-education\/companies-professionals\/risk-management-fundamentals\/","title":{"rendered":"Risk Management Fundamentals"},"content":{"rendered":"\n<p>Dieses Seminar richtet sich an Projektpraktiker (sowohl Manager als auch Mitglieder des Projektteams).<\/p>\n\n\n\n<p><strong>Dauer:<\/strong> 16 Stunden<\/p>\n\n\n\n<p><strong>Ziel:<\/strong> Das Seminar dient zur Erweiterung der Kenntnisse \u00fcber das Projektrisikomanagement entsprechend dem relevanten &#8222;A Guide to the Project Management Body of Knowledge (PMBOK\u00ae Guide) \u2013 Fifth Edition, Project Management Institute, Inc., 2013&#8220;-Wissensbereich. PMBOK is a registered mark of the Project Management Institute, Inc. \u200b<\/p>\n\n\n\n<p>Es ist Voraussetzung f\u00fcr die Teilnahme an der Schulung Project Management Fundamentals. <\/p>\n\n\n\n<p>Ziele:<\/p>\n\n\n\n<ul class=\"wp-block-list\"><li>Planen des Risikomanagements<\/li><li>Ermitteln der Projektrisiken<\/li><li>Durchf\u00fchren einer Risikoanalyse<\/li><li>Planen der Risikoma\u00dfnahmen<\/li><li>\u00dcberwachen und Kontrollieren von Risiken w\u00e4hrend der Projektphase<\/li><\/ul>\n","protected":false},"excerpt":{"rendered":"<p>Dieses Seminar richtet sich an Projektpraktiker (sowohl Manager als auch Mitglieder des Projektteams). Dauer: 16 Stunden Ziel: Das Seminar dient zur Erweiterung der Kenntnisse \u00fcber das Projektrisikomanagement entsprechend dem relevanten &#8222;A Guide to the Project Management Body of Knowledge (PMBOK\u00ae Guide) \u2013 Fifth Edition, Project Management Institute, Inc., 2013&#8220;-Wissensbereich. PMBOK is a registered mark of [&hellip;]<\/p>\n","protected":false},"author":11,"featured_media":10149,"parent":6272,"menu_order":3,"comment_status":"closed","ping_status":"closed","template":"","meta":{"_acf_changed":false,"ep_exclude_from_search":false,"footnotes":""},"class_list":["post-23307","page","type-page","status-publish","has-post-thumbnail","hentry"],"acf":[],"yoast_head":"<!-- This site is optimized with the Yoast SEO plugin v26.9 - https:\/\/yoast.com\/product\/yoast-seo-wordpress\/ -->\n<title>Risikomanagement-Grundlagen - Comau<\/title>\n<meta name=\"description\" content=\"Verbessern Sie Ihr Wissen \u00fcber Gesch\u00e4ftsrisiken mit dem 16-st\u00fcndigen Risikomanagement-Grundlagenkurs von Comau. Entdecken Sie alle Details auf der Website.\" \/>\n<meta name=\"robots\" content=\"index, follow, max-snippet:-1, max-image-preview:large, max-video-preview:-1\" \/>\n<link rel=\"canonical\" href=\"https:\/\/www.comau.com\/de\/competencies\/systems\/consultancy-education\/companies-professionals\/risk-management-fundamentals\/\" \/>\n<meta property=\"og:locale\" content=\"de_DE\" \/>\n<meta property=\"og:type\" content=\"article\" \/>\n<meta property=\"og:title\" content=\"Risikomanagement-Grundlagen - Comau\" \/>\n<meta property=\"og:description\" content=\"Verbessern Sie Ihr Wissen \u00fcber Gesch\u00e4ftsrisiken mit dem 16-st\u00fcndigen Risikomanagement-Grundlagenkurs von Comau. Entdecken Sie alle Details auf der Website.\" \/>\n<meta property=\"og:url\" content=\"https:\/\/www.comau.com\/de\/competencies\/systems\/consultancy-education\/companies-professionals\/risk-management-fundamentals\/\" \/>\n<meta property=\"og:site_name\" content=\"Comau\" \/>\n<meta property=\"article:publisher\" content=\"https:\/\/www.facebook.com\/COMAU\/\" \/>\n<meta property=\"article:modified_time\" content=\"2021-08-27T15:24:25+00:00\" \/>\n<meta property=\"og:image\" content=\"https:\/\/www.comau.com\/wp-content\/uploads\/2021\/06\/header_DSC2210.png\" \/>\n\t<meta property=\"og:image:width\" content=\"1280\" \/>\n\t<meta property=\"og:image:height\" content=\"485\" \/>\n\t<meta property=\"og:image:type\" content=\"image\/png\" \/>\n<meta name=\"twitter:card\" content=\"summary_large_image\" \/>\n<meta name=\"twitter:site\" content=\"@comaugroup\" \/>\n<meta name=\"twitter:label1\" content=\"Gesch\u00e4tzte Lesezeit\" \/>\n\t<meta name=\"twitter:data1\" content=\"1\u00a0Minute\" \/>\n<script type=\"application\/ld+json\" class=\"yoast-schema-graph\">{\"@context\":\"https:\/\/schema.org\",\"@graph\":[{\"@type\":\"WebPage\",\"@id\":\"https:\/\/www.comau.com\/de\/competencies\/systems\/consultancy-education\/companies-professionals\/risk-management-fundamentals\/\",\"url\":\"https:\/\/www.comau.com\/de\/competencies\/systems\/consultancy-education\/companies-professionals\/risk-management-fundamentals\/\",\"name\":\"Risikomanagement-Grundlagen - Comau\",\"isPartOf\":{\"@id\":\"https:\/\/www.comau.com\/de\/#website\"},\"primaryImageOfPage\":{\"@id\":\"https:\/\/www.comau.com\/de\/competencies\/systems\/consultancy-education\/companies-professionals\/risk-management-fundamentals\/#primaryimage\"},\"image\":{\"@id\":\"https:\/\/www.comau.com\/de\/competencies\/systems\/consultancy-education\/companies-professionals\/risk-management-fundamentals\/#primaryimage\"},\"thumbnailUrl\":\"https:\/\/www.comau.com\/wp-content\/uploads\/2021\/06\/header_DSC2210.png\",\"datePublished\":\"2021-06-09T09:10:10+00:00\",\"dateModified\":\"2021-08-27T15:24:25+00:00\",\"description\":\"Verbessern Sie Ihr Wissen \u00fcber Gesch\u00e4ftsrisiken mit dem 16-st\u00fcndigen Risikomanagement-Grundlagenkurs von Comau. Entdecken Sie alle Details auf der Website.\",\"breadcrumb\":{\"@id\":\"https:\/\/www.comau.com\/de\/competencies\/systems\/consultancy-education\/companies-professionals\/risk-management-fundamentals\/#breadcrumb\"},\"inLanguage\":\"de\",\"potentialAction\":[{\"@type\":\"ReadAction\",\"target\":[\"https:\/\/www.comau.com\/de\/competencies\/systems\/consultancy-education\/companies-professionals\/risk-management-fundamentals\/\"]}]},{\"@type\":\"ImageObject\",\"inLanguage\":\"de\",\"@id\":\"https:\/\/www.comau.com\/de\/competencies\/systems\/consultancy-education\/companies-professionals\/risk-management-fundamentals\/#primaryimage\",\"url\":\"https:\/\/www.comau.com\/wp-content\/uploads\/2021\/06\/header_DSC2210.png\",\"contentUrl\":\"https:\/\/www.comau.com\/wp-content\/uploads\/2021\/06\/header_DSC2210.png\",\"width\":1280,\"height\":485},{\"@type\":\"BreadcrumbList\",\"@id\":\"https:\/\/www.comau.com\/de\/competencies\/systems\/consultancy-education\/companies-professionals\/risk-management-fundamentals\/#breadcrumb\",\"itemListElement\":[{\"@type\":\"ListItem\",\"position\":1,\"name\":\"Home\",\"item\":\"https:\/\/www.comau.com\/de\/\"},{\"@type\":\"ListItem\",\"position\":2,\"name\":\"Unsere Kompetenzen\",\"item\":\"https:\/\/www.comau.com\/de\/competencies\/\"},{\"@type\":\"ListItem\",\"position\":3,\"name\":\"Consultancy &amp; Education\",\"item\":\"https:\/\/www.comau.com\/de\/competencies\/consultancy-education\/\"},{\"@type\":\"ListItem\",\"position\":4,\"name\":\"Companies &#038; Professionals\",\"item\":\"https:\/\/www.comau.com\/de\/competencies\/consultancy-education\/companies-professionals\/\"},{\"@type\":\"ListItem\",\"position\":5,\"name\":\"Risk Management Fundamentals\"}]},{\"@type\":\"WebSite\",\"@id\":\"https:\/\/www.comau.com\/de\/#website\",\"url\":\"https:\/\/www.comau.com\/de\/\",\"name\":\"Comau\",\"description\":\"Industrial automation and robotics\",\"publisher\":{\"@id\":\"https:\/\/www.comau.com\/de\/#organization\"},\"potentialAction\":[{\"@type\":\"SearchAction\",\"target\":{\"@type\":\"EntryPoint\",\"urlTemplate\":\"https:\/\/www.comau.com\/de\/?s={search_term_string}\"},\"query-input\":{\"@type\":\"PropertyValueSpecification\",\"valueRequired\":true,\"valueName\":\"search_term_string\"}}],\"inLanguage\":\"de\"},{\"@type\":\"Organization\",\"@id\":\"https:\/\/www.comau.com\/de\/#organization\",\"name\":\"Comau\",\"url\":\"https:\/\/www.comau.com\/de\/\",\"logo\":{\"@type\":\"ImageObject\",\"inLanguage\":\"de\",\"@id\":\"https:\/\/www.comau.com\/de\/#\/schema\/logo\/image\/\",\"url\":\"https:\/\/www.comau.com\/wp-content\/uploads\/2024\/07\/cropped-Logo-COMAU.png\",\"contentUrl\":\"https:\/\/www.comau.com\/wp-content\/uploads\/2024\/07\/cropped-Logo-COMAU.png\",\"width\":434,\"height\":434,\"caption\":\"Comau\"},\"image\":{\"@id\":\"https:\/\/www.comau.com\/de\/#\/schema\/logo\/image\/\"},\"sameAs\":[\"https:\/\/www.facebook.com\/COMAU\/\",\"https:\/\/x.com\/comaugroup\",\"https:\/\/www.instagram.com\/comaugroup\/\",\"https:\/\/www.linkedin.com\/company\/comau\",\"https:\/\/www.youtube.com\/user\/comau\"]}]}<\/script>\n<!-- \/ Yoast SEO plugin. -->","yoast_head_json":{"title":"Risikomanagement-Grundlagen - Comau","description":"Verbessern Sie Ihr Wissen \u00fcber Gesch\u00e4ftsrisiken mit dem 16-st\u00fcndigen Risikomanagement-Grundlagenkurs von Comau. Entdecken Sie alle Details auf der Website.","robots":{"index":"index","follow":"follow","max-snippet":"max-snippet:-1","max-image-preview":"max-image-preview:large","max-video-preview":"max-video-preview:-1"},"canonical":"https:\/\/www.comau.com\/de\/competencies\/systems\/consultancy-education\/companies-professionals\/risk-management-fundamentals\/","og_locale":"de_DE","og_type":"article","og_title":"Risikomanagement-Grundlagen - Comau","og_description":"Verbessern Sie Ihr Wissen \u00fcber Gesch\u00e4ftsrisiken mit dem 16-st\u00fcndigen Risikomanagement-Grundlagenkurs von Comau. Entdecken Sie alle Details auf der Website.","og_url":"https:\/\/www.comau.com\/de\/competencies\/systems\/consultancy-education\/companies-professionals\/risk-management-fundamentals\/","og_site_name":"Comau","article_publisher":"https:\/\/www.facebook.com\/COMAU\/","article_modified_time":"2021-08-27T15:24:25+00:00","og_image":[{"width":1280,"height":485,"url":"https:\/\/www.comau.com\/wp-content\/uploads\/2021\/06\/header_DSC2210.png","type":"image\/png"}],"twitter_card":"summary_large_image","twitter_site":"@comaugroup","twitter_misc":{"Gesch\u00e4tzte Lesezeit":"1\u00a0Minute"},"schema":{"@context":"https:\/\/schema.org","@graph":[{"@type":"WebPage","@id":"https:\/\/www.comau.com\/de\/competencies\/systems\/consultancy-education\/companies-professionals\/risk-management-fundamentals\/","url":"https:\/\/www.comau.com\/de\/competencies\/systems\/consultancy-education\/companies-professionals\/risk-management-fundamentals\/","name":"Risikomanagement-Grundlagen - Comau","isPartOf":{"@id":"https:\/\/www.comau.com\/de\/#website"},"primaryImageOfPage":{"@id":"https:\/\/www.comau.com\/de\/competencies\/systems\/consultancy-education\/companies-professionals\/risk-management-fundamentals\/#primaryimage"},"image":{"@id":"https:\/\/www.comau.com\/de\/competencies\/systems\/consultancy-education\/companies-professionals\/risk-management-fundamentals\/#primaryimage"},"thumbnailUrl":"https:\/\/www.comau.com\/wp-content\/uploads\/2021\/06\/header_DSC2210.png","datePublished":"2021-06-09T09:10:10+00:00","dateModified":"2021-08-27T15:24:25+00:00","description":"Verbessern Sie Ihr Wissen \u00fcber Gesch\u00e4ftsrisiken mit dem 16-st\u00fcndigen Risikomanagement-Grundlagenkurs von Comau. Entdecken Sie alle Details auf der Website.","breadcrumb":{"@id":"https:\/\/www.comau.com\/de\/competencies\/systems\/consultancy-education\/companies-professionals\/risk-management-fundamentals\/#breadcrumb"},"inLanguage":"de","potentialAction":[{"@type":"ReadAction","target":["https:\/\/www.comau.com\/de\/competencies\/systems\/consultancy-education\/companies-professionals\/risk-management-fundamentals\/"]}]},{"@type":"ImageObject","inLanguage":"de","@id":"https:\/\/www.comau.com\/de\/competencies\/systems\/consultancy-education\/companies-professionals\/risk-management-fundamentals\/#primaryimage","url":"https:\/\/www.comau.com\/wp-content\/uploads\/2021\/06\/header_DSC2210.png","contentUrl":"https:\/\/www.comau.com\/wp-content\/uploads\/2021\/06\/header_DSC2210.png","width":1280,"height":485},{"@type":"BreadcrumbList","@id":"https:\/\/www.comau.com\/de\/competencies\/systems\/consultancy-education\/companies-professionals\/risk-management-fundamentals\/#breadcrumb","itemListElement":[{"@type":"ListItem","position":1,"name":"Home","item":"https:\/\/www.comau.com\/de\/"},{"@type":"ListItem","position":2,"name":"Unsere Kompetenzen","item":"https:\/\/www.comau.com\/de\/competencies\/"},{"@type":"ListItem","position":3,"name":"Consultancy &amp; Education","item":"https:\/\/www.comau.com\/de\/competencies\/consultancy-education\/"},{"@type":"ListItem","position":4,"name":"Companies &#038; Professionals","item":"https:\/\/www.comau.com\/de\/competencies\/consultancy-education\/companies-professionals\/"},{"@type":"ListItem","position":5,"name":"Risk Management Fundamentals"}]},{"@type":"WebSite","@id":"https:\/\/www.comau.com\/de\/#website","url":"https:\/\/www.comau.com\/de\/","name":"Comau","description":"Industrial automation and robotics","publisher":{"@id":"https:\/\/www.comau.com\/de\/#organization"},"potentialAction":[{"@type":"SearchAction","target":{"@type":"EntryPoint","urlTemplate":"https:\/\/www.comau.com\/de\/?s={search_term_string}"},"query-input":{"@type":"PropertyValueSpecification","valueRequired":true,"valueName":"search_term_string"}}],"inLanguage":"de"},{"@type":"Organization","@id":"https:\/\/www.comau.com\/de\/#organization","name":"Comau","url":"https:\/\/www.comau.com\/de\/","logo":{"@type":"ImageObject","inLanguage":"de","@id":"https:\/\/www.comau.com\/de\/#\/schema\/logo\/image\/","url":"https:\/\/www.comau.com\/wp-content\/uploads\/2024\/07\/cropped-Logo-COMAU.png","contentUrl":"https:\/\/www.comau.com\/wp-content\/uploads\/2024\/07\/cropped-Logo-COMAU.png","width":434,"height":434,"caption":"Comau"},"image":{"@id":"https:\/\/www.comau.com\/de\/#\/schema\/logo\/image\/"},"sameAs":["https:\/\/www.facebook.com\/COMAU\/","https:\/\/x.com\/comaugroup","https:\/\/www.instagram.com\/comaugroup\/","https:\/\/www.linkedin.com\/company\/comau","https:\/\/www.youtube.com\/user\/comau"]}]}},"_links":{"self":[{"href":"https:\/\/www.comau.com\/de\/wp-json\/wp\/v2\/pages\/23307","targetHints":{"allow":["GET"]}}],"collection":[{"href":"https:\/\/www.comau.com\/de\/wp-json\/wp\/v2\/pages"}],"about":[{"href":"https:\/\/www.comau.com\/de\/wp-json\/wp\/v2\/types\/page"}],"author":[{"embeddable":true,"href":"https:\/\/www.comau.com\/de\/wp-json\/wp\/v2\/users\/11"}],"replies":[{"embeddable":true,"href":"https:\/\/www.comau.com\/de\/wp-json\/wp\/v2\/comments?post=23307"}],"version-history":[{"count":14,"href":"https:\/\/www.comau.com\/de\/wp-json\/wp\/v2\/pages\/23307\/revisions"}],"predecessor-version":[{"id":38607,"href":"https:\/\/www.comau.com\/de\/wp-json\/wp\/v2\/pages\/23307\/revisions\/38607"}],"up":[{"embeddable":true,"href":"https:\/\/www.comau.com\/de\/wp-json\/wp\/v2\/pages\/6272"}],"wp:featuredmedia":[{"embeddable":true,"href":"https:\/\/www.comau.com\/de\/wp-json\/wp\/v2\/media\/10149"}],"wp:attachment":[{"href":"https:\/\/www.comau.com\/de\/wp-json\/wp\/v2\/media?parent=23307"}],"curies":[{"name":"wp","href":"https:\/\/api.w.org\/{rel}","templated":true}]}}