{"id":23302,"date":"2021-06-09T11:11:27","date_gmt":"2021-06-09T09:11:27","guid":{"rendered":"https:\/\/www.comau.com\/?page_id=23302"},"modified":"2021-09-27T09:54:13","modified_gmt":"2021-09-27T07:54:13","slug":"professional-project-management-with-pmp-certification","status":"publish","type":"page","link":"https:\/\/www.comau.com\/de\/competencies\/systems\/consultancy-education\/companies-professionals\/professional-project-management-with-pmp-certification\/","title":{"rendered":"Professional project management with PMP\u00ae certification"},"content":{"rendered":"\n<p>Der Wert eines Project Management Professional (PMP)\u00ae -Zertifikats, verliehen von Project Management Institute (PMI)\u00ae, geht \u00fcber die reine Kenntnis- und Fertigkeitsvertiefung hinaus.<\/p>\n\n\n\n<p>Das weltweit anerkannte PMP\u00ae-Zertifikat zeigt Mitarbeitern, Kunden und Kollegen, dass ein Projektmanager die erforderliche Fachkenntnis, Erfahrung und Bef\u00e4higung verf\u00fcgt, um Projekte erfolgreich zum Abschluss zu bringen.<\/p>\n\n\n\n<p><strong>Dauer:<\/strong> 6 Tage (unterteilt in zwei Module)<\/p>\n\n\n\n<p><strong>Kreditpunkte:<\/strong> 42 Berufsentwicklungseinheiten oder Kontaktstunden<\/p>\n\n\n\n<p>Ziel: Dieses Seminar soll Studenten mit allen Project Management Institute (PMI)\u00ae -Prozessen, Eingaben, Instrumenten, Techniken und Ergebnissen im Einklang mit den Inhalten des &#8222;A Guide to the Project Management Body of Knowledge (PMBOK\u00ae Guide) \u2013 Fifth Edition, Project Management Institute, Inc., 2013&#8220; -Leitfadens vertraut machen (der prim\u00e4ren Wissens- und Informationsquelle f\u00fcr eine erfolgreiche Zertifizierungspr\u00fcfung).<\/p>\n\n\n\n<p>Es vermittelt dem Studenten au\u00dferdem zus\u00e4tzliche Kenntnisse, die nicht direkt vom &#8222;A Guide to the Project Management Body of Knowledge (PMBOK\u00ae Guide) \u2013 Fifth Edition, Project Management Institute, Inc., 2013&#8220; -Leitfaden abgedeckt werden, aber f\u00fcr das Bestehen der PMP\u00ae-Pr\u00fcfung erforderlich sind (z. B. Personalwirtschaft, Qualit\u00e4tstheorien, Ethik und berufliche Verantwortung).<\/p>\n\n\n\n<p>Ziele:<\/p>\n\n\n\n<p>Jeder Wissensbereich des &#8222;A Guide to the Project Management Body of Knowledge (PMBOK\u00ae Guide) \u2013 Fifth Edition, Project Management Institute, Inc., 2013&#8220; -Leitfadens wird analysiert. Die f\u00fcr das Bestehen der PMP\u00ae-Pr\u00fcfung erforderlichen Informationen werden im Gespr\u00e4ch vermittelt.<\/p>\n\n\n\n<p><strong>Das Seminar ist in zwei Module unterteilt:<\/strong><\/p>\n\n\n\n<ul class=\"wp-block-list\"><li>Modul A (Dauer 3 Tage)<\/li><li>Modul B (Dauer 3 Tage)<\/li><\/ul>\n\n\n\n<p>PMI is a registered mark of the Project Management Institute, Inc. PMBOK is a registered mark of the Project Management Institute, Inc. PMP is a registered marks of the Project Management Institute, Inc.<\/p>\n\n\n\n<h2 class=\"wp-block-heading\">Requirements for PMP\u00ae Certification<\/h2>\n\n\n\n<div class=\"wp-block-image\"><figure class=\"aligncenter size-large\"><img decoding=\"async\" width=\"781\" height=\"239\" src=\"https:\/\/www.comau.com\/wp-content\/uploads\/2021\/06\/pmp-table.png\" alt=\"\" class=\"wp-image-10164\" srcset=\"https:\/\/www.comau.com\/wp-content\/uploads\/2021\/06\/pmp-table.png 781w, https:\/\/www.comau.com\/wp-content\/uploads\/2021\/06\/pmp-table-300x92.png 300w, https:\/\/www.comau.com\/wp-content\/uploads\/2021\/06\/pmp-table-768x235.png 768w\" sizes=\"(max-width: 781px) 100vw, 781px\" \/><\/figure><\/div>\n","protected":false},"excerpt":{"rendered":"<p>Der Wert eines Project Management Professional (PMP)\u00ae -Zertifikats, verliehen von Project Management Institute (PMI)\u00ae, geht \u00fcber die reine Kenntnis- und Fertigkeitsvertiefung hinaus. Das weltweit anerkannte PMP\u00ae-Zertifikat zeigt Mitarbeitern, Kunden und Kollegen, dass ein Projektmanager die erforderliche Fachkenntnis, Erfahrung und Bef\u00e4higung verf\u00fcgt, um Projekte erfolgreich zum Abschluss zu bringen. Dauer: 6 Tage (unterteilt in zwei Module) [&hellip;]<\/p>\n","protected":false},"author":11,"featured_media":10159,"parent":6272,"menu_order":5,"comment_status":"closed","ping_status":"closed","template":"","meta":{"_acf_changed":false,"ep_exclude_from_search":false,"footnotes":""},"class_list":["post-23302","page","type-page","status-publish","has-post-thumbnail","hentry"],"acf":[],"yoast_head":"<!-- This site is optimized with the Yoast SEO plugin v26.9 - https:\/\/yoast.com\/product\/yoast-seo-wordpress\/ -->\n<title>Professioneller Kurs Project Management Essentials (PME) - Comau<\/title>\n<meta name=\"description\" content=\"Professioneller Projektmanagement-Kurs (6 Tage), aufgeteilt in 2 Module (42 PDU). PMP\u00ae-Zertifzierung, ausgestellt vom Project Management Institute (PMI)\u00ae.\" \/>\n<meta name=\"robots\" content=\"index, follow, max-snippet:-1, max-image-preview:large, max-video-preview:-1\" \/>\n<link rel=\"canonical\" href=\"https:\/\/www.comau.com\/de\/competencies\/systems\/consultancy-education\/companies-professionals\/professional-project-management-with-pmp-certification\/\" \/>\n<meta property=\"og:locale\" content=\"de_DE\" \/>\n<meta property=\"og:type\" content=\"article\" \/>\n<meta property=\"og:title\" content=\"Professioneller Kurs Project Management Essentials (PME) - Comau\" \/>\n<meta property=\"og:description\" content=\"Professioneller Projektmanagement-Kurs (6 Tage), aufgeteilt in 2 Module (42 PDU). PMP\u00ae-Zertifzierung, ausgestellt vom Project Management Institute (PMI)\u00ae.\" \/>\n<meta property=\"og:url\" content=\"https:\/\/www.comau.com\/de\/competencies\/systems\/consultancy-education\/companies-professionals\/professional-project-management-with-pmp-certification\/\" \/>\n<meta property=\"og:site_name\" content=\"Comau\" \/>\n<meta property=\"article:publisher\" content=\"https:\/\/www.facebook.com\/COMAU\/\" \/>\n<meta property=\"article:modified_time\" content=\"2021-09-27T07:54:13+00:00\" \/>\n<meta property=\"og:image\" content=\"https:\/\/www.comau.com\/wp-content\/uploads\/2021\/06\/pmp_header.jpg\" \/>\n\t<meta property=\"og:image:width\" content=\"1280\" \/>\n\t<meta property=\"og:image:height\" content=\"485\" \/>\n\t<meta property=\"og:image:type\" content=\"image\/jpeg\" \/>\n<meta name=\"twitter:card\" content=\"summary_large_image\" \/>\n<meta name=\"twitter:site\" content=\"@comaugroup\" \/>\n<meta name=\"twitter:label1\" content=\"Gesch\u00e4tzte Lesezeit\" \/>\n\t<meta name=\"twitter:data1\" content=\"2\u00a0Minuten\" \/>\n<script type=\"application\/ld+json\" class=\"yoast-schema-graph\">{\"@context\":\"https:\/\/schema.org\",\"@graph\":[{\"@type\":\"WebPage\",\"@id\":\"https:\/\/www.comau.com\/de\/competencies\/systems\/consultancy-education\/companies-professionals\/professional-project-management-with-pmp-certification\/\",\"url\":\"https:\/\/www.comau.com\/de\/competencies\/systems\/consultancy-education\/companies-professionals\/professional-project-management-with-pmp-certification\/\",\"name\":\"Professioneller Kurs Project Management Essentials (PME) - Comau\",\"isPartOf\":{\"@id\":\"https:\/\/www.comau.com\/de\/#website\"},\"primaryImageOfPage\":{\"@id\":\"https:\/\/www.comau.com\/de\/competencies\/systems\/consultancy-education\/companies-professionals\/professional-project-management-with-pmp-certification\/#primaryimage\"},\"image\":{\"@id\":\"https:\/\/www.comau.com\/de\/competencies\/systems\/consultancy-education\/companies-professionals\/professional-project-management-with-pmp-certification\/#primaryimage\"},\"thumbnailUrl\":\"https:\/\/www.comau.com\/wp-content\/uploads\/2021\/06\/pmp_header.jpg\",\"datePublished\":\"2021-06-09T09:11:27+00:00\",\"dateModified\":\"2021-09-27T07:54:13+00:00\",\"description\":\"Professioneller Projektmanagement-Kurs (6 Tage), aufgeteilt in 2 Module (42 PDU). PMP\u00ae-Zertifzierung, ausgestellt vom Project Management Institute (PMI)\u00ae.\",\"breadcrumb\":{\"@id\":\"https:\/\/www.comau.com\/de\/competencies\/systems\/consultancy-education\/companies-professionals\/professional-project-management-with-pmp-certification\/#breadcrumb\"},\"inLanguage\":\"de\",\"potentialAction\":[{\"@type\":\"ReadAction\",\"target\":[\"https:\/\/www.comau.com\/de\/competencies\/systems\/consultancy-education\/companies-professionals\/professional-project-management-with-pmp-certification\/\"]}]},{\"@type\":\"ImageObject\",\"inLanguage\":\"de\",\"@id\":\"https:\/\/www.comau.com\/de\/competencies\/systems\/consultancy-education\/companies-professionals\/professional-project-management-with-pmp-certification\/#primaryimage\",\"url\":\"https:\/\/www.comau.com\/wp-content\/uploads\/2021\/06\/pmp_header.jpg\",\"contentUrl\":\"https:\/\/www.comau.com\/wp-content\/uploads\/2021\/06\/pmp_header.jpg\",\"width\":1280,\"height\":485},{\"@type\":\"BreadcrumbList\",\"@id\":\"https:\/\/www.comau.com\/de\/competencies\/systems\/consultancy-education\/companies-professionals\/professional-project-management-with-pmp-certification\/#breadcrumb\",\"itemListElement\":[{\"@type\":\"ListItem\",\"position\":1,\"name\":\"Home\",\"item\":\"https:\/\/www.comau.com\/de\/\"},{\"@type\":\"ListItem\",\"position\":2,\"name\":\"Unsere Kompetenzen\",\"item\":\"https:\/\/www.comau.com\/de\/competencies\/\"},{\"@type\":\"ListItem\",\"position\":3,\"name\":\"Consultancy &amp; Education\",\"item\":\"https:\/\/www.comau.com\/de\/competencies\/consultancy-education\/\"},{\"@type\":\"ListItem\",\"position\":4,\"name\":\"Companies &#038; Professionals\",\"item\":\"https:\/\/www.comau.com\/de\/competencies\/consultancy-education\/companies-professionals\/\"},{\"@type\":\"ListItem\",\"position\":5,\"name\":\"Professional project management with PMP\u00ae certification\"}]},{\"@type\":\"WebSite\",\"@id\":\"https:\/\/www.comau.com\/de\/#website\",\"url\":\"https:\/\/www.comau.com\/de\/\",\"name\":\"Comau\",\"description\":\"Industrial automation and robotics\",\"publisher\":{\"@id\":\"https:\/\/www.comau.com\/de\/#organization\"},\"potentialAction\":[{\"@type\":\"SearchAction\",\"target\":{\"@type\":\"EntryPoint\",\"urlTemplate\":\"https:\/\/www.comau.com\/de\/?s={search_term_string}\"},\"query-input\":{\"@type\":\"PropertyValueSpecification\",\"valueRequired\":true,\"valueName\":\"search_term_string\"}}],\"inLanguage\":\"de\"},{\"@type\":\"Organization\",\"@id\":\"https:\/\/www.comau.com\/de\/#organization\",\"name\":\"Comau\",\"url\":\"https:\/\/www.comau.com\/de\/\",\"logo\":{\"@type\":\"ImageObject\",\"inLanguage\":\"de\",\"@id\":\"https:\/\/www.comau.com\/de\/#\/schema\/logo\/image\/\",\"url\":\"https:\/\/www.comau.com\/wp-content\/uploads\/2024\/07\/cropped-Logo-COMAU.png\",\"contentUrl\":\"https:\/\/www.comau.com\/wp-content\/uploads\/2024\/07\/cropped-Logo-COMAU.png\",\"width\":434,\"height\":434,\"caption\":\"Comau\"},\"image\":{\"@id\":\"https:\/\/www.comau.com\/de\/#\/schema\/logo\/image\/\"},\"sameAs\":[\"https:\/\/www.facebook.com\/COMAU\/\",\"https:\/\/x.com\/comaugroup\",\"https:\/\/www.instagram.com\/comaugroup\/\",\"https:\/\/www.linkedin.com\/company\/comau\",\"https:\/\/www.youtube.com\/user\/comau\"]}]}<\/script>\n<!-- \/ Yoast SEO plugin. -->","yoast_head_json":{"title":"Professioneller Kurs Project Management Essentials (PME) - Comau","description":"Professioneller Projektmanagement-Kurs (6 Tage), aufgeteilt in 2 Module (42 PDU). PMP\u00ae-Zertifzierung, ausgestellt vom Project Management Institute (PMI)\u00ae.","robots":{"index":"index","follow":"follow","max-snippet":"max-snippet:-1","max-image-preview":"max-image-preview:large","max-video-preview":"max-video-preview:-1"},"canonical":"https:\/\/www.comau.com\/de\/competencies\/systems\/consultancy-education\/companies-professionals\/professional-project-management-with-pmp-certification\/","og_locale":"de_DE","og_type":"article","og_title":"Professioneller Kurs Project Management Essentials (PME) - Comau","og_description":"Professioneller Projektmanagement-Kurs (6 Tage), aufgeteilt in 2 Module (42 PDU). PMP\u00ae-Zertifzierung, ausgestellt vom Project Management Institute (PMI)\u00ae.","og_url":"https:\/\/www.comau.com\/de\/competencies\/systems\/consultancy-education\/companies-professionals\/professional-project-management-with-pmp-certification\/","og_site_name":"Comau","article_publisher":"https:\/\/www.facebook.com\/COMAU\/","article_modified_time":"2021-09-27T07:54:13+00:00","og_image":[{"width":1280,"height":485,"url":"https:\/\/www.comau.com\/wp-content\/uploads\/2021\/06\/pmp_header.jpg","type":"image\/jpeg"}],"twitter_card":"summary_large_image","twitter_site":"@comaugroup","twitter_misc":{"Gesch\u00e4tzte Lesezeit":"2\u00a0Minuten"},"schema":{"@context":"https:\/\/schema.org","@graph":[{"@type":"WebPage","@id":"https:\/\/www.comau.com\/de\/competencies\/systems\/consultancy-education\/companies-professionals\/professional-project-management-with-pmp-certification\/","url":"https:\/\/www.comau.com\/de\/competencies\/systems\/consultancy-education\/companies-professionals\/professional-project-management-with-pmp-certification\/","name":"Professioneller Kurs Project Management Essentials (PME) - Comau","isPartOf":{"@id":"https:\/\/www.comau.com\/de\/#website"},"primaryImageOfPage":{"@id":"https:\/\/www.comau.com\/de\/competencies\/systems\/consultancy-education\/companies-professionals\/professional-project-management-with-pmp-certification\/#primaryimage"},"image":{"@id":"https:\/\/www.comau.com\/de\/competencies\/systems\/consultancy-education\/companies-professionals\/professional-project-management-with-pmp-certification\/#primaryimage"},"thumbnailUrl":"https:\/\/www.comau.com\/wp-content\/uploads\/2021\/06\/pmp_header.jpg","datePublished":"2021-06-09T09:11:27+00:00","dateModified":"2021-09-27T07:54:13+00:00","description":"Professioneller Projektmanagement-Kurs (6 Tage), aufgeteilt in 2 Module (42 PDU). PMP\u00ae-Zertifzierung, ausgestellt vom Project Management Institute (PMI)\u00ae.","breadcrumb":{"@id":"https:\/\/www.comau.com\/de\/competencies\/systems\/consultancy-education\/companies-professionals\/professional-project-management-with-pmp-certification\/#breadcrumb"},"inLanguage":"de","potentialAction":[{"@type":"ReadAction","target":["https:\/\/www.comau.com\/de\/competencies\/systems\/consultancy-education\/companies-professionals\/professional-project-management-with-pmp-certification\/"]}]},{"@type":"ImageObject","inLanguage":"de","@id":"https:\/\/www.comau.com\/de\/competencies\/systems\/consultancy-education\/companies-professionals\/professional-project-management-with-pmp-certification\/#primaryimage","url":"https:\/\/www.comau.com\/wp-content\/uploads\/2021\/06\/pmp_header.jpg","contentUrl":"https:\/\/www.comau.com\/wp-content\/uploads\/2021\/06\/pmp_header.jpg","width":1280,"height":485},{"@type":"BreadcrumbList","@id":"https:\/\/www.comau.com\/de\/competencies\/systems\/consultancy-education\/companies-professionals\/professional-project-management-with-pmp-certification\/#breadcrumb","itemListElement":[{"@type":"ListItem","position":1,"name":"Home","item":"https:\/\/www.comau.com\/de\/"},{"@type":"ListItem","position":2,"name":"Unsere Kompetenzen","item":"https:\/\/www.comau.com\/de\/competencies\/"},{"@type":"ListItem","position":3,"name":"Consultancy &amp; Education","item":"https:\/\/www.comau.com\/de\/competencies\/consultancy-education\/"},{"@type":"ListItem","position":4,"name":"Companies &#038; Professionals","item":"https:\/\/www.comau.com\/de\/competencies\/consultancy-education\/companies-professionals\/"},{"@type":"ListItem","position":5,"name":"Professional project management with PMP\u00ae certification"}]},{"@type":"WebSite","@id":"https:\/\/www.comau.com\/de\/#website","url":"https:\/\/www.comau.com\/de\/","name":"Comau","description":"Industrial automation and robotics","publisher":{"@id":"https:\/\/www.comau.com\/de\/#organization"},"potentialAction":[{"@type":"SearchAction","target":{"@type":"EntryPoint","urlTemplate":"https:\/\/www.comau.com\/de\/?s={search_term_string}"},"query-input":{"@type":"PropertyValueSpecification","valueRequired":true,"valueName":"search_term_string"}}],"inLanguage":"de"},{"@type":"Organization","@id":"https:\/\/www.comau.com\/de\/#organization","name":"Comau","url":"https:\/\/www.comau.com\/de\/","logo":{"@type":"ImageObject","inLanguage":"de","@id":"https:\/\/www.comau.com\/de\/#\/schema\/logo\/image\/","url":"https:\/\/www.comau.com\/wp-content\/uploads\/2024\/07\/cropped-Logo-COMAU.png","contentUrl":"https:\/\/www.comau.com\/wp-content\/uploads\/2024\/07\/cropped-Logo-COMAU.png","width":434,"height":434,"caption":"Comau"},"image":{"@id":"https:\/\/www.comau.com\/de\/#\/schema\/logo\/image\/"},"sameAs":["https:\/\/www.facebook.com\/COMAU\/","https:\/\/x.com\/comaugroup","https:\/\/www.instagram.com\/comaugroup\/","https:\/\/www.linkedin.com\/company\/comau","https:\/\/www.youtube.com\/user\/comau"]}]}},"_links":{"self":[{"href":"https:\/\/www.comau.com\/de\/wp-json\/wp\/v2\/pages\/23302","targetHints":{"allow":["GET"]}}],"collection":[{"href":"https:\/\/www.comau.com\/de\/wp-json\/wp\/v2\/pages"}],"about":[{"href":"https:\/\/www.comau.com\/de\/wp-json\/wp\/v2\/types\/page"}],"author":[{"embeddable":true,"href":"https:\/\/www.comau.com\/de\/wp-json\/wp\/v2\/users\/11"}],"replies":[{"embeddable":true,"href":"https:\/\/www.comau.com\/de\/wp-json\/wp\/v2\/comments?post=23302"}],"version-history":[{"count":16,"href":"https:\/\/www.comau.com\/de\/wp-json\/wp\/v2\/pages\/23302\/revisions"}],"predecessor-version":[{"id":38605,"href":"https:\/\/www.comau.com\/de\/wp-json\/wp\/v2\/pages\/23302\/revisions\/38605"}],"up":[{"embeddable":true,"href":"https:\/\/www.comau.com\/de\/wp-json\/wp\/v2\/pages\/6272"}],"wp:featuredmedia":[{"embeddable":true,"href":"https:\/\/www.comau.com\/de\/wp-json\/wp\/v2\/media\/10159"}],"wp:attachment":[{"href":"https:\/\/www.comau.com\/de\/wp-json\/wp\/v2\/media?parent=23302"}],"curies":[{"name":"wp","href":"https:\/\/api.w.org\/{rel}","templated":true}]}}