{"id":23297,"date":"2021-06-09T11:11:43","date_gmt":"2021-06-09T09:11:43","guid":{"rendered":"https:\/\/www.comau.com\/?page_id=23297"},"modified":"2022-02-03T15:19:37","modified_gmt":"2022-02-03T14:19:37","slug":"project-management-essentials-pme","status":"publish","type":"page","link":"https:\/\/www.comau.com\/de\/competencies\/systems\/consultancy-education\/companies-professionals\/project-management-essentials-pme\/","title":{"rendered":"Project Management Essentials (PME)"},"content":{"rendered":"\n<p>Dieses Seminar richtet sich an Praktiker (auf jeder Unternehmensebene), die aus beruflichen Gr\u00fcnden Projektarbeit leisten oder an Projekten beteiligt sind.<\/p>\n\n\n\n<p><strong>Dauer:<\/strong> Dauer: 2 Tage<\/p>\n\n\n\n<p><strong>Kreditpunkte:<\/strong> 15 Berufsentwicklungseinheiten oder Kontaktstunden<\/p>\n\n\n\n<p><strong>Ziel:<\/strong> Das Seminar soll das Verst\u00e4ndnis f\u00fcr die Projektumgebung verfeinern und die F\u00e4higkeit verbessern, Projektmanagementprozesse effizient anzuwenden.<\/p>\n\n\n\n<p>Ziele:<\/p>\n\n\n\n<ul class=\"wp-block-list\"><li>Verst\u00e4ndnis f\u00fcr die Projektumgebung<\/li><li>Vorbereiten und\/oder Analysieren einer Projektcharta<\/li><li>Entwickeln eines Projektstrukturplans (WBS), einer Arbeitspaketbeschreibung (WBS Dictionary) und einer Verantwortlichkeitsmatrix (RAM)<\/li><li>Entwickeln eines Projektbudgets<\/li><li>Entwickeln eines Netzwerkdiagramms und Projektzeitplans<\/li><li>Grundlagenkenntnisse in der Fertigstellungswertmethode (EVM)<\/li><\/ul>\n","protected":false},"excerpt":{"rendered":"<p>Dieses Seminar richtet sich an Praktiker (auf jeder Unternehmensebene), die aus beruflichen Gr\u00fcnden Projektarbeit leisten oder an Projekten beteiligt sind. Dauer: Dauer: 2 Tage Kreditpunkte: 15 Berufsentwicklungseinheiten oder Kontaktstunden Ziel: Das Seminar soll das Verst\u00e4ndnis f\u00fcr die Projektumgebung verfeinern und die F\u00e4higkeit verbessern, Projektmanagementprozesse effizient anzuwenden. Ziele: Verst\u00e4ndnis f\u00fcr die Projektumgebung Vorbereiten und\/oder Analysieren einer [&hellip;]<\/p>\n","protected":false},"author":11,"featured_media":10169,"parent":6272,"menu_order":6,"comment_status":"closed","ping_status":"closed","template":"","meta":{"_acf_changed":false,"ep_exclude_from_search":false,"footnotes":""},"class_list":["post-23297","page","type-page","status-publish","has-post-thumbnail","hentry"],"acf":[],"yoast_head":"<!-- This site is optimized with the Yoast SEO plugin v26.9 - https:\/\/yoast.com\/product\/yoast-seo-wordpress\/ -->\n<title>Seminar: PME - Project Management Essentials | Comau<\/title>\n<meta name=\"description\" content=\"Entdecken Sie das Seminar f\u00fcr Praktiker auf jeder Unternehmensebene, die aus beruflichen Gr\u00fcnden Projektarbeit leisten oder an Projekten beteiligt sind.\" \/>\n<meta name=\"robots\" content=\"index, follow, max-snippet:-1, max-image-preview:large, max-video-preview:-1\" \/>\n<link rel=\"canonical\" href=\"https:\/\/www.comau.com\/de\/competencies\/systems\/consultancy-education\/companies-professionals\/project-management-essentials-pme\/\" \/>\n<meta property=\"og:locale\" content=\"de_DE\" \/>\n<meta property=\"og:type\" content=\"article\" \/>\n<meta property=\"og:title\" content=\"Seminar: PME - Project Management Essentials | Comau\" \/>\n<meta property=\"og:description\" content=\"Entdecken Sie das Seminar f\u00fcr Praktiker auf jeder Unternehmensebene, die aus beruflichen Gr\u00fcnden Projektarbeit leisten oder an Projekten beteiligt sind.\" \/>\n<meta property=\"og:url\" content=\"https:\/\/www.comau.com\/de\/competencies\/systems\/consultancy-education\/companies-professionals\/project-management-essentials-pme\/\" \/>\n<meta property=\"og:site_name\" content=\"Comau\" \/>\n<meta property=\"article:publisher\" content=\"https:\/\/www.facebook.com\/COMAU\/\" \/>\n<meta property=\"article:modified_time\" content=\"2022-02-03T14:19:37+00:00\" \/>\n<meta property=\"og:image\" content=\"https:\/\/www.comau.com\/wp-content\/uploads\/2021\/06\/header_DSC2053.png\" \/>\n\t<meta property=\"og:image:width\" content=\"1280\" \/>\n\t<meta property=\"og:image:height\" content=\"485\" \/>\n\t<meta property=\"og:image:type\" content=\"image\/png\" \/>\n<meta name=\"twitter:card\" content=\"summary_large_image\" \/>\n<meta name=\"twitter:site\" content=\"@comaugroup\" \/>\n<meta name=\"twitter:label1\" content=\"Gesch\u00e4tzte Lesezeit\" \/>\n\t<meta name=\"twitter:data1\" content=\"1\u00a0Minute\" \/>\n<script type=\"application\/ld+json\" class=\"yoast-schema-graph\">{\"@context\":\"https:\/\/schema.org\",\"@graph\":[{\"@type\":\"WebPage\",\"@id\":\"https:\/\/www.comau.com\/de\/competencies\/systems\/consultancy-education\/companies-professionals\/project-management-essentials-pme\/\",\"url\":\"https:\/\/www.comau.com\/de\/competencies\/systems\/consultancy-education\/companies-professionals\/project-management-essentials-pme\/\",\"name\":\"Seminar: PME - Project Management Essentials | Comau\",\"isPartOf\":{\"@id\":\"https:\/\/www.comau.com\/de\/#website\"},\"primaryImageOfPage\":{\"@id\":\"https:\/\/www.comau.com\/de\/competencies\/systems\/consultancy-education\/companies-professionals\/project-management-essentials-pme\/#primaryimage\"},\"image\":{\"@id\":\"https:\/\/www.comau.com\/de\/competencies\/systems\/consultancy-education\/companies-professionals\/project-management-essentials-pme\/#primaryimage\"},\"thumbnailUrl\":\"https:\/\/www.comau.com\/wp-content\/uploads\/2021\/06\/header_DSC2053.png\",\"datePublished\":\"2021-06-09T09:11:43+00:00\",\"dateModified\":\"2022-02-03T14:19:37+00:00\",\"description\":\"Entdecken Sie das Seminar f\u00fcr Praktiker auf jeder Unternehmensebene, die aus beruflichen Gr\u00fcnden Projektarbeit leisten oder an Projekten beteiligt sind.\",\"breadcrumb\":{\"@id\":\"https:\/\/www.comau.com\/de\/competencies\/systems\/consultancy-education\/companies-professionals\/project-management-essentials-pme\/#breadcrumb\"},\"inLanguage\":\"de\",\"potentialAction\":[{\"@type\":\"ReadAction\",\"target\":[\"https:\/\/www.comau.com\/de\/competencies\/systems\/consultancy-education\/companies-professionals\/project-management-essentials-pme\/\"]}]},{\"@type\":\"ImageObject\",\"inLanguage\":\"de\",\"@id\":\"https:\/\/www.comau.com\/de\/competencies\/systems\/consultancy-education\/companies-professionals\/project-management-essentials-pme\/#primaryimage\",\"url\":\"https:\/\/www.comau.com\/wp-content\/uploads\/2021\/06\/header_DSC2053.png\",\"contentUrl\":\"https:\/\/www.comau.com\/wp-content\/uploads\/2021\/06\/header_DSC2053.png\",\"width\":1280,\"height\":485},{\"@type\":\"BreadcrumbList\",\"@id\":\"https:\/\/www.comau.com\/de\/competencies\/systems\/consultancy-education\/companies-professionals\/project-management-essentials-pme\/#breadcrumb\",\"itemListElement\":[{\"@type\":\"ListItem\",\"position\":1,\"name\":\"Home\",\"item\":\"https:\/\/www.comau.com\/de\/\"},{\"@type\":\"ListItem\",\"position\":2,\"name\":\"Unsere Kompetenzen\",\"item\":\"https:\/\/www.comau.com\/de\/competencies\/\"},{\"@type\":\"ListItem\",\"position\":3,\"name\":\"Consultancy &amp; Education\",\"item\":\"https:\/\/www.comau.com\/de\/competencies\/consultancy-education\/\"},{\"@type\":\"ListItem\",\"position\":4,\"name\":\"Companies &#038; Professionals\",\"item\":\"https:\/\/www.comau.com\/de\/competencies\/consultancy-education\/companies-professionals\/\"},{\"@type\":\"ListItem\",\"position\":5,\"name\":\"Project Management Essentials (PME)\"}]},{\"@type\":\"WebSite\",\"@id\":\"https:\/\/www.comau.com\/de\/#website\",\"url\":\"https:\/\/www.comau.com\/de\/\",\"name\":\"Comau\",\"description\":\"Industrial automation and robotics\",\"publisher\":{\"@id\":\"https:\/\/www.comau.com\/de\/#organization\"},\"potentialAction\":[{\"@type\":\"SearchAction\",\"target\":{\"@type\":\"EntryPoint\",\"urlTemplate\":\"https:\/\/www.comau.com\/de\/?s={search_term_string}\"},\"query-input\":{\"@type\":\"PropertyValueSpecification\",\"valueRequired\":true,\"valueName\":\"search_term_string\"}}],\"inLanguage\":\"de\"},{\"@type\":\"Organization\",\"@id\":\"https:\/\/www.comau.com\/de\/#organization\",\"name\":\"Comau\",\"url\":\"https:\/\/www.comau.com\/de\/\",\"logo\":{\"@type\":\"ImageObject\",\"inLanguage\":\"de\",\"@id\":\"https:\/\/www.comau.com\/de\/#\/schema\/logo\/image\/\",\"url\":\"https:\/\/www.comau.com\/wp-content\/uploads\/2024\/07\/cropped-Logo-COMAU.png\",\"contentUrl\":\"https:\/\/www.comau.com\/wp-content\/uploads\/2024\/07\/cropped-Logo-COMAU.png\",\"width\":434,\"height\":434,\"caption\":\"Comau\"},\"image\":{\"@id\":\"https:\/\/www.comau.com\/de\/#\/schema\/logo\/image\/\"},\"sameAs\":[\"https:\/\/www.facebook.com\/COMAU\/\",\"https:\/\/x.com\/comaugroup\",\"https:\/\/www.instagram.com\/comaugroup\/\",\"https:\/\/www.linkedin.com\/company\/comau\",\"https:\/\/www.youtube.com\/user\/comau\"]}]}<\/script>\n<!-- \/ Yoast SEO plugin. -->","yoast_head_json":{"title":"Seminar: PME - Project Management Essentials | Comau","description":"Entdecken Sie das Seminar f\u00fcr Praktiker auf jeder Unternehmensebene, die aus beruflichen Gr\u00fcnden Projektarbeit leisten oder an Projekten beteiligt sind.","robots":{"index":"index","follow":"follow","max-snippet":"max-snippet:-1","max-image-preview":"max-image-preview:large","max-video-preview":"max-video-preview:-1"},"canonical":"https:\/\/www.comau.com\/de\/competencies\/systems\/consultancy-education\/companies-professionals\/project-management-essentials-pme\/","og_locale":"de_DE","og_type":"article","og_title":"Seminar: PME - Project Management Essentials | Comau","og_description":"Entdecken Sie das Seminar f\u00fcr Praktiker auf jeder Unternehmensebene, die aus beruflichen Gr\u00fcnden Projektarbeit leisten oder an Projekten beteiligt sind.","og_url":"https:\/\/www.comau.com\/de\/competencies\/systems\/consultancy-education\/companies-professionals\/project-management-essentials-pme\/","og_site_name":"Comau","article_publisher":"https:\/\/www.facebook.com\/COMAU\/","article_modified_time":"2022-02-03T14:19:37+00:00","og_image":[{"width":1280,"height":485,"url":"https:\/\/www.comau.com\/wp-content\/uploads\/2021\/06\/header_DSC2053.png","type":"image\/png"}],"twitter_card":"summary_large_image","twitter_site":"@comaugroup","twitter_misc":{"Gesch\u00e4tzte Lesezeit":"1\u00a0Minute"},"schema":{"@context":"https:\/\/schema.org","@graph":[{"@type":"WebPage","@id":"https:\/\/www.comau.com\/de\/competencies\/systems\/consultancy-education\/companies-professionals\/project-management-essentials-pme\/","url":"https:\/\/www.comau.com\/de\/competencies\/systems\/consultancy-education\/companies-professionals\/project-management-essentials-pme\/","name":"Seminar: PME - Project Management Essentials | Comau","isPartOf":{"@id":"https:\/\/www.comau.com\/de\/#website"},"primaryImageOfPage":{"@id":"https:\/\/www.comau.com\/de\/competencies\/systems\/consultancy-education\/companies-professionals\/project-management-essentials-pme\/#primaryimage"},"image":{"@id":"https:\/\/www.comau.com\/de\/competencies\/systems\/consultancy-education\/companies-professionals\/project-management-essentials-pme\/#primaryimage"},"thumbnailUrl":"https:\/\/www.comau.com\/wp-content\/uploads\/2021\/06\/header_DSC2053.png","datePublished":"2021-06-09T09:11:43+00:00","dateModified":"2022-02-03T14:19:37+00:00","description":"Entdecken Sie das Seminar f\u00fcr Praktiker auf jeder Unternehmensebene, die aus beruflichen Gr\u00fcnden Projektarbeit leisten oder an Projekten beteiligt sind.","breadcrumb":{"@id":"https:\/\/www.comau.com\/de\/competencies\/systems\/consultancy-education\/companies-professionals\/project-management-essentials-pme\/#breadcrumb"},"inLanguage":"de","potentialAction":[{"@type":"ReadAction","target":["https:\/\/www.comau.com\/de\/competencies\/systems\/consultancy-education\/companies-professionals\/project-management-essentials-pme\/"]}]},{"@type":"ImageObject","inLanguage":"de","@id":"https:\/\/www.comau.com\/de\/competencies\/systems\/consultancy-education\/companies-professionals\/project-management-essentials-pme\/#primaryimage","url":"https:\/\/www.comau.com\/wp-content\/uploads\/2021\/06\/header_DSC2053.png","contentUrl":"https:\/\/www.comau.com\/wp-content\/uploads\/2021\/06\/header_DSC2053.png","width":1280,"height":485},{"@type":"BreadcrumbList","@id":"https:\/\/www.comau.com\/de\/competencies\/systems\/consultancy-education\/companies-professionals\/project-management-essentials-pme\/#breadcrumb","itemListElement":[{"@type":"ListItem","position":1,"name":"Home","item":"https:\/\/www.comau.com\/de\/"},{"@type":"ListItem","position":2,"name":"Unsere Kompetenzen","item":"https:\/\/www.comau.com\/de\/competencies\/"},{"@type":"ListItem","position":3,"name":"Consultancy &amp; Education","item":"https:\/\/www.comau.com\/de\/competencies\/consultancy-education\/"},{"@type":"ListItem","position":4,"name":"Companies &#038; Professionals","item":"https:\/\/www.comau.com\/de\/competencies\/consultancy-education\/companies-professionals\/"},{"@type":"ListItem","position":5,"name":"Project Management Essentials (PME)"}]},{"@type":"WebSite","@id":"https:\/\/www.comau.com\/de\/#website","url":"https:\/\/www.comau.com\/de\/","name":"Comau","description":"Industrial automation and robotics","publisher":{"@id":"https:\/\/www.comau.com\/de\/#organization"},"potentialAction":[{"@type":"SearchAction","target":{"@type":"EntryPoint","urlTemplate":"https:\/\/www.comau.com\/de\/?s={search_term_string}"},"query-input":{"@type":"PropertyValueSpecification","valueRequired":true,"valueName":"search_term_string"}}],"inLanguage":"de"},{"@type":"Organization","@id":"https:\/\/www.comau.com\/de\/#organization","name":"Comau","url":"https:\/\/www.comau.com\/de\/","logo":{"@type":"ImageObject","inLanguage":"de","@id":"https:\/\/www.comau.com\/de\/#\/schema\/logo\/image\/","url":"https:\/\/www.comau.com\/wp-content\/uploads\/2024\/07\/cropped-Logo-COMAU.png","contentUrl":"https:\/\/www.comau.com\/wp-content\/uploads\/2024\/07\/cropped-Logo-COMAU.png","width":434,"height":434,"caption":"Comau"},"image":{"@id":"https:\/\/www.comau.com\/de\/#\/schema\/logo\/image\/"},"sameAs":["https:\/\/www.facebook.com\/COMAU\/","https:\/\/x.com\/comaugroup","https:\/\/www.instagram.com\/comaugroup\/","https:\/\/www.linkedin.com\/company\/comau","https:\/\/www.youtube.com\/user\/comau"]}]}},"_links":{"self":[{"href":"https:\/\/www.comau.com\/de\/wp-json\/wp\/v2\/pages\/23297","targetHints":{"allow":["GET"]}}],"collection":[{"href":"https:\/\/www.comau.com\/de\/wp-json\/wp\/v2\/pages"}],"about":[{"href":"https:\/\/www.comau.com\/de\/wp-json\/wp\/v2\/types\/page"}],"author":[{"embeddable":true,"href":"https:\/\/www.comau.com\/de\/wp-json\/wp\/v2\/users\/11"}],"replies":[{"embeddable":true,"href":"https:\/\/www.comau.com\/de\/wp-json\/wp\/v2\/comments?post=23297"}],"version-history":[{"count":15,"href":"https:\/\/www.comau.com\/de\/wp-json\/wp\/v2\/pages\/23297\/revisions"}],"predecessor-version":[{"id":41741,"href":"https:\/\/www.comau.com\/de\/wp-json\/wp\/v2\/pages\/23297\/revisions\/41741"}],"up":[{"embeddable":true,"href":"https:\/\/www.comau.com\/de\/wp-json\/wp\/v2\/pages\/6272"}],"wp:featuredmedia":[{"embeddable":true,"href":"https:\/\/www.comau.com\/de\/wp-json\/wp\/v2\/media\/10169"}],"wp:attachment":[{"href":"https:\/\/www.comau.com\/de\/wp-json\/wp\/v2\/media?parent=23297"}],"curies":[{"name":"wp","href":"https:\/\/api.w.org\/{rel}","templated":true}]}}