{"id":23278,"date":"2021-06-09T11:13:43","date_gmt":"2021-06-09T09:13:43","guid":{"rendered":"https:\/\/www.comau.com\/?page_id=23278"},"modified":"2021-08-27T17:24:58","modified_gmt":"2021-08-27T15:24:58","slug":"robotics-training-advanced-programming-and-integration","status":"publish","type":"page","link":"https:\/\/www.comau.com\/de\/competencies\/systems\/consultancy-education\/companies-professionals\/robotics-training-advanced-programming-and-integration\/","title":{"rendered":"Robotics Training &#8211; Advanced Programming and Integration"},"content":{"rendered":"\n<h2 class=\"wp-block-heading\">\u00dcbersicht<\/h2>\n\n\n\n<p>Diese Kurse richten sich an qualifizierte Techniker, Roboter- und PLC-Programmierer, Systemintegratoren sowie an alle, die ihre Kenntnisse der PDL2-Programmiersprache und Kommunikationsmittel in der Automatisierung vertiefen wollen.<\/p>\n\n\n\n<p>Unsere weiterf\u00fchrenden Programmierungs- und Integrationsprogramme kombinieren auf koh\u00e4rente Weise anspruchsvolle praktische Arbeitsinstrumente und theoretische Inhalte.<\/p>\n\n\n\n<p>Wir bieten zwei verschiedene Kurse an:<\/p>\n\n\n\n<ul class=\"wp-block-list\"><li>Weiterf\u00fchrende PDL2-Programmierung<\/li><li>Feldbus<\/li><\/ul>\n\n\n\n<p>Zwingende Voraussetzung ist der abgeschlossene Kurs \u201eBenutzung und Programmierung\u201c.<\/p>\n\n\n\n<div class=\"wp-block-getwid-toggle download-dropdown has-icon-left\">\n<div class=\"wp-block-getwid-toggle__row\"><div class=\"wp-block-getwid-toggle__header-wrapper\"><span class=\"wp-block-getwid-toggle__header\"><a href=\"#\"><span class=\"wp-block-getwid-toggle__header-title\">Download the brochure<\/span><span class=\"wp-block-getwid-toggle__icon is-active\"><i class=\"fas fa-plus\"><\/i><\/span><span class=\"wp-block-getwid-toggle__icon is-passive\"><i class=\"fas fa-minus\"><\/i><\/span><\/a><\/span><\/div><div class=\"wp-block-getwid-toggle__content-wrapper\"><div class=\"wp-block-getwid-toggle__content\">\n<div class=\"wp-block-getwid-button-group\"><div class=\"wp-block-getwid-button-group__wrapper\">\n<div class=\"wp-block-button\"><a class=\"wp-block-button__link\" href=\"https:\/\/www.comau.com\/wp-content\/uploads\/2021\/06\/Comau_Robotics_Training_Catalogue_EN.pdf\" target=\"_blank\" rel=\"noreferrer noopener\">ComauRoboticsTrainingCatalogue_EN<\/a><\/div>\n\n\n\n<div class=\"wp-block-button\"><a class=\"wp-block-button__link\" href=\"https:\/\/www.comau.com\/wp-content\/uploads\/2021\/06\/Comau_Robotics_Training_Catalogue_IT.pdf\" target=\"_blank\" rel=\"noreferrer noopener\">ComauRoboticsTrainingCatalogue_IT<\/a><\/div>\n<\/div><\/div>\n<\/div><\/div><\/div>\n<\/div>\n\n\n\n<h2 class=\"wp-block-heading\">Fortbildungspfad<\/h2>\n\n\n\n<div class=\"wp-block-image\"><figure class=\"aligncenter size-large\"><img decoding=\"async\" width=\"1024\" height=\"672\" src=\"https:\/\/www.comau.com\/wp-content\/uploads\/2021\/06\/schema-Advanced-1024x672.jpg\" alt=\"\" class=\"wp-image-10199\" srcset=\"https:\/\/www.comau.com\/wp-content\/uploads\/2021\/06\/schema-Advanced-1024x672.jpg 1024w, https:\/\/www.comau.com\/wp-content\/uploads\/2021\/06\/schema-Advanced-300x197.jpg 300w, https:\/\/www.comau.com\/wp-content\/uploads\/2021\/06\/schema-Advanced-768x504.jpg 768w, https:\/\/www.comau.com\/wp-content\/uploads\/2021\/06\/schema-Advanced.jpg 1374w\" sizes=\"(max-width: 1024px) 100vw, 1024px\" \/><\/figure><\/div>\n\n\n\n<div class=\"wp-block-image\"><figure class=\"aligncenter size-large\"><img decoding=\"async\" width=\"1024\" height=\"351\" src=\"https:\/\/www.comau.com\/wp-content\/uploads\/2021\/06\/Cella_Mobile-1024x351.jpg\" alt=\"\" class=\"wp-image-10184\" srcset=\"https:\/\/www.comau.com\/wp-content\/uploads\/2021\/06\/Cella_Mobile-1024x351.jpg 1024w, https:\/\/www.comau.com\/wp-content\/uploads\/2021\/06\/Cella_Mobile-300x103.jpg 300w, https:\/\/www.comau.com\/wp-content\/uploads\/2021\/06\/Cella_Mobile-768x263.jpg 768w, https:\/\/www.comau.com\/wp-content\/uploads\/2021\/06\/Cella_Mobile-1536x527.jpg 1536w, https:\/\/www.comau.com\/wp-content\/uploads\/2021\/06\/Cella_Mobile.jpg 1708w\" sizes=\"(max-width: 1024px) 100vw, 1024px\" \/><\/figure><\/div>\n","protected":false},"excerpt":{"rendered":"<p>\u00dcbersicht Diese Kurse richten sich an qualifizierte Techniker, Roboter- und PLC-Programmierer, Systemintegratoren sowie an alle, die ihre Kenntnisse der PDL2-Programmiersprache und Kommunikationsmittel in der Automatisierung vertiefen wollen. Unsere weiterf\u00fchrenden Programmierungs- und Integrationsprogramme kombinieren auf koh\u00e4rente Weise anspruchsvolle praktische Arbeitsinstrumente und theoretische Inhalte. Wir bieten zwei verschiedene Kurse an: Weiterf\u00fchrende PDL2-Programmierung Feldbus Zwingende Voraussetzung ist der [&hellip;]<\/p>\n","protected":false},"author":11,"featured_media":10224,"parent":6272,"menu_order":8,"comment_status":"closed","ping_status":"closed","template":"","meta":{"_acf_changed":false,"ep_exclude_from_search":false,"footnotes":""},"class_list":["post-23278","page","type-page","status-publish","has-post-thumbnail","hentry"],"acf":[],"yoast_head":"<!-- This site is optimized with the Yoast SEO plugin v26.9 - https:\/\/yoast.com\/product\/yoast-seo-wordpress\/ -->\n<title>Robotik-Kurs: Fortgeschrittene Integration und Programmierung - Comau<\/title>\n<meta name=\"description\" content=\"Die Robotik-Kurse von Comau f\u00fcr fortgeschrittene Integration und Programmierung sind ideal f\u00fcr qualifizierte Techniker, die PDL2 und Fieldbus vertiefen m\u00f6chten.\" \/>\n<meta name=\"robots\" content=\"index, follow, max-snippet:-1, max-image-preview:large, max-video-preview:-1\" \/>\n<link rel=\"canonical\" href=\"https:\/\/www.comau.com\/de\/competencies\/systems\/consultancy-education\/companies-professionals\/robotics-training-advanced-programming-and-integration\/\" \/>\n<meta property=\"og:locale\" content=\"de_DE\" \/>\n<meta property=\"og:type\" content=\"article\" \/>\n<meta property=\"og:title\" content=\"Robotik-Kurs: Fortgeschrittene Integration und Programmierung - Comau\" \/>\n<meta property=\"og:description\" content=\"Die Robotik-Kurse von Comau f\u00fcr fortgeschrittene Integration und Programmierung sind ideal f\u00fcr qualifizierte Techniker, die PDL2 und Fieldbus vertiefen m\u00f6chten.\" \/>\n<meta property=\"og:url\" content=\"https:\/\/www.comau.com\/de\/competencies\/systems\/consultancy-education\/companies-professionals\/robotics-training-advanced-programming-and-integration\/\" \/>\n<meta property=\"og:site_name\" content=\"Comau\" \/>\n<meta property=\"article:publisher\" content=\"https:\/\/www.facebook.com\/COMAU\/\" \/>\n<meta property=\"article:modified_time\" content=\"2021-08-27T15:24:58+00:00\" \/>\n<meta property=\"og:image\" content=\"https:\/\/www.comau.com\/wp-content\/uploads\/2021\/06\/header_DSC1776.png\" \/>\n\t<meta property=\"og:image:width\" content=\"1280\" \/>\n\t<meta property=\"og:image:height\" content=\"485\" \/>\n\t<meta property=\"og:image:type\" content=\"image\/png\" \/>\n<meta name=\"twitter:card\" content=\"summary_large_image\" \/>\n<meta name=\"twitter:site\" content=\"@comaugroup\" \/>\n<meta name=\"twitter:label1\" content=\"Gesch\u00e4tzte Lesezeit\" \/>\n\t<meta name=\"twitter:data1\" content=\"1\u00a0Minute\" \/>\n<script type=\"application\/ld+json\" class=\"yoast-schema-graph\">{\"@context\":\"https:\/\/schema.org\",\"@graph\":[{\"@type\":\"WebPage\",\"@id\":\"https:\/\/www.comau.com\/de\/competencies\/systems\/consultancy-education\/companies-professionals\/robotics-training-advanced-programming-and-integration\/\",\"url\":\"https:\/\/www.comau.com\/de\/competencies\/systems\/consultancy-education\/companies-professionals\/robotics-training-advanced-programming-and-integration\/\",\"name\":\"Robotik-Kurs: Fortgeschrittene Integration und Programmierung - Comau\",\"isPartOf\":{\"@id\":\"https:\/\/www.comau.com\/de\/#website\"},\"primaryImageOfPage\":{\"@id\":\"https:\/\/www.comau.com\/de\/competencies\/systems\/consultancy-education\/companies-professionals\/robotics-training-advanced-programming-and-integration\/#primaryimage\"},\"image\":{\"@id\":\"https:\/\/www.comau.com\/de\/competencies\/systems\/consultancy-education\/companies-professionals\/robotics-training-advanced-programming-and-integration\/#primaryimage\"},\"thumbnailUrl\":\"https:\/\/www.comau.com\/wp-content\/uploads\/2021\/06\/header_DSC1776.png\",\"datePublished\":\"2021-06-09T09:13:43+00:00\",\"dateModified\":\"2021-08-27T15:24:58+00:00\",\"description\":\"Die Robotik-Kurse von Comau f\u00fcr fortgeschrittene Integration und Programmierung sind ideal f\u00fcr qualifizierte Techniker, die PDL2 und Fieldbus vertiefen m\u00f6chten.\",\"breadcrumb\":{\"@id\":\"https:\/\/www.comau.com\/de\/competencies\/systems\/consultancy-education\/companies-professionals\/robotics-training-advanced-programming-and-integration\/#breadcrumb\"},\"inLanguage\":\"de\",\"potentialAction\":[{\"@type\":\"ReadAction\",\"target\":[\"https:\/\/www.comau.com\/de\/competencies\/systems\/consultancy-education\/companies-professionals\/robotics-training-advanced-programming-and-integration\/\"]}]},{\"@type\":\"ImageObject\",\"inLanguage\":\"de\",\"@id\":\"https:\/\/www.comau.com\/de\/competencies\/systems\/consultancy-education\/companies-professionals\/robotics-training-advanced-programming-and-integration\/#primaryimage\",\"url\":\"https:\/\/www.comau.com\/wp-content\/uploads\/2021\/06\/header_DSC1776.png\",\"contentUrl\":\"https:\/\/www.comau.com\/wp-content\/uploads\/2021\/06\/header_DSC1776.png\",\"width\":1280,\"height\":485},{\"@type\":\"BreadcrumbList\",\"@id\":\"https:\/\/www.comau.com\/de\/competencies\/systems\/consultancy-education\/companies-professionals\/robotics-training-advanced-programming-and-integration\/#breadcrumb\",\"itemListElement\":[{\"@type\":\"ListItem\",\"position\":1,\"name\":\"Home\",\"item\":\"https:\/\/www.comau.com\/de\/\"},{\"@type\":\"ListItem\",\"position\":2,\"name\":\"Unsere Kompetenzen\",\"item\":\"https:\/\/www.comau.com\/de\/competencies\/\"},{\"@type\":\"ListItem\",\"position\":3,\"name\":\"Consultancy &amp; Education\",\"item\":\"https:\/\/www.comau.com\/de\/competencies\/consultancy-education\/\"},{\"@type\":\"ListItem\",\"position\":4,\"name\":\"Companies &#038; Professionals\",\"item\":\"https:\/\/www.comau.com\/de\/competencies\/consultancy-education\/companies-professionals\/\"},{\"@type\":\"ListItem\",\"position\":5,\"name\":\"Robotics Training &#8211; Advanced Programming and Integration\"}]},{\"@type\":\"WebSite\",\"@id\":\"https:\/\/www.comau.com\/de\/#website\",\"url\":\"https:\/\/www.comau.com\/de\/\",\"name\":\"Comau\",\"description\":\"Industrial automation and robotics\",\"publisher\":{\"@id\":\"https:\/\/www.comau.com\/de\/#organization\"},\"potentialAction\":[{\"@type\":\"SearchAction\",\"target\":{\"@type\":\"EntryPoint\",\"urlTemplate\":\"https:\/\/www.comau.com\/de\/?s={search_term_string}\"},\"query-input\":{\"@type\":\"PropertyValueSpecification\",\"valueRequired\":true,\"valueName\":\"search_term_string\"}}],\"inLanguage\":\"de\"},{\"@type\":\"Organization\",\"@id\":\"https:\/\/www.comau.com\/de\/#organization\",\"name\":\"Comau\",\"url\":\"https:\/\/www.comau.com\/de\/\",\"logo\":{\"@type\":\"ImageObject\",\"inLanguage\":\"de\",\"@id\":\"https:\/\/www.comau.com\/de\/#\/schema\/logo\/image\/\",\"url\":\"https:\/\/www.comau.com\/wp-content\/uploads\/2024\/07\/cropped-Logo-COMAU.png\",\"contentUrl\":\"https:\/\/www.comau.com\/wp-content\/uploads\/2024\/07\/cropped-Logo-COMAU.png\",\"width\":434,\"height\":434,\"caption\":\"Comau\"},\"image\":{\"@id\":\"https:\/\/www.comau.com\/de\/#\/schema\/logo\/image\/\"},\"sameAs\":[\"https:\/\/www.facebook.com\/COMAU\/\",\"https:\/\/x.com\/comaugroup\",\"https:\/\/www.instagram.com\/comaugroup\/\",\"https:\/\/www.linkedin.com\/company\/comau\",\"https:\/\/www.youtube.com\/user\/comau\"]}]}<\/script>\n<!-- \/ Yoast SEO plugin. -->","yoast_head_json":{"title":"Robotik-Kurs: Fortgeschrittene Integration und Programmierung - Comau","description":"Die Robotik-Kurse von Comau f\u00fcr fortgeschrittene Integration und Programmierung sind ideal f\u00fcr qualifizierte Techniker, die PDL2 und Fieldbus vertiefen m\u00f6chten.","robots":{"index":"index","follow":"follow","max-snippet":"max-snippet:-1","max-image-preview":"max-image-preview:large","max-video-preview":"max-video-preview:-1"},"canonical":"https:\/\/www.comau.com\/de\/competencies\/systems\/consultancy-education\/companies-professionals\/robotics-training-advanced-programming-and-integration\/","og_locale":"de_DE","og_type":"article","og_title":"Robotik-Kurs: Fortgeschrittene Integration und Programmierung - Comau","og_description":"Die Robotik-Kurse von Comau f\u00fcr fortgeschrittene Integration und Programmierung sind ideal f\u00fcr qualifizierte Techniker, die PDL2 und Fieldbus vertiefen m\u00f6chten.","og_url":"https:\/\/www.comau.com\/de\/competencies\/systems\/consultancy-education\/companies-professionals\/robotics-training-advanced-programming-and-integration\/","og_site_name":"Comau","article_publisher":"https:\/\/www.facebook.com\/COMAU\/","article_modified_time":"2021-08-27T15:24:58+00:00","og_image":[{"width":1280,"height":485,"url":"https:\/\/www.comau.com\/wp-content\/uploads\/2021\/06\/header_DSC1776.png","type":"image\/png"}],"twitter_card":"summary_large_image","twitter_site":"@comaugroup","twitter_misc":{"Gesch\u00e4tzte Lesezeit":"1\u00a0Minute"},"schema":{"@context":"https:\/\/schema.org","@graph":[{"@type":"WebPage","@id":"https:\/\/www.comau.com\/de\/competencies\/systems\/consultancy-education\/companies-professionals\/robotics-training-advanced-programming-and-integration\/","url":"https:\/\/www.comau.com\/de\/competencies\/systems\/consultancy-education\/companies-professionals\/robotics-training-advanced-programming-and-integration\/","name":"Robotik-Kurs: Fortgeschrittene Integration und Programmierung - Comau","isPartOf":{"@id":"https:\/\/www.comau.com\/de\/#website"},"primaryImageOfPage":{"@id":"https:\/\/www.comau.com\/de\/competencies\/systems\/consultancy-education\/companies-professionals\/robotics-training-advanced-programming-and-integration\/#primaryimage"},"image":{"@id":"https:\/\/www.comau.com\/de\/competencies\/systems\/consultancy-education\/companies-professionals\/robotics-training-advanced-programming-and-integration\/#primaryimage"},"thumbnailUrl":"https:\/\/www.comau.com\/wp-content\/uploads\/2021\/06\/header_DSC1776.png","datePublished":"2021-06-09T09:13:43+00:00","dateModified":"2021-08-27T15:24:58+00:00","description":"Die Robotik-Kurse von Comau f\u00fcr fortgeschrittene Integration und Programmierung sind ideal f\u00fcr qualifizierte Techniker, die PDL2 und Fieldbus vertiefen m\u00f6chten.","breadcrumb":{"@id":"https:\/\/www.comau.com\/de\/competencies\/systems\/consultancy-education\/companies-professionals\/robotics-training-advanced-programming-and-integration\/#breadcrumb"},"inLanguage":"de","potentialAction":[{"@type":"ReadAction","target":["https:\/\/www.comau.com\/de\/competencies\/systems\/consultancy-education\/companies-professionals\/robotics-training-advanced-programming-and-integration\/"]}]},{"@type":"ImageObject","inLanguage":"de","@id":"https:\/\/www.comau.com\/de\/competencies\/systems\/consultancy-education\/companies-professionals\/robotics-training-advanced-programming-and-integration\/#primaryimage","url":"https:\/\/www.comau.com\/wp-content\/uploads\/2021\/06\/header_DSC1776.png","contentUrl":"https:\/\/www.comau.com\/wp-content\/uploads\/2021\/06\/header_DSC1776.png","width":1280,"height":485},{"@type":"BreadcrumbList","@id":"https:\/\/www.comau.com\/de\/competencies\/systems\/consultancy-education\/companies-professionals\/robotics-training-advanced-programming-and-integration\/#breadcrumb","itemListElement":[{"@type":"ListItem","position":1,"name":"Home","item":"https:\/\/www.comau.com\/de\/"},{"@type":"ListItem","position":2,"name":"Unsere Kompetenzen","item":"https:\/\/www.comau.com\/de\/competencies\/"},{"@type":"ListItem","position":3,"name":"Consultancy &amp; Education","item":"https:\/\/www.comau.com\/de\/competencies\/consultancy-education\/"},{"@type":"ListItem","position":4,"name":"Companies &#038; Professionals","item":"https:\/\/www.comau.com\/de\/competencies\/consultancy-education\/companies-professionals\/"},{"@type":"ListItem","position":5,"name":"Robotics Training &#8211; Advanced Programming and Integration"}]},{"@type":"WebSite","@id":"https:\/\/www.comau.com\/de\/#website","url":"https:\/\/www.comau.com\/de\/","name":"Comau","description":"Industrial automation and robotics","publisher":{"@id":"https:\/\/www.comau.com\/de\/#organization"},"potentialAction":[{"@type":"SearchAction","target":{"@type":"EntryPoint","urlTemplate":"https:\/\/www.comau.com\/de\/?s={search_term_string}"},"query-input":{"@type":"PropertyValueSpecification","valueRequired":true,"valueName":"search_term_string"}}],"inLanguage":"de"},{"@type":"Organization","@id":"https:\/\/www.comau.com\/de\/#organization","name":"Comau","url":"https:\/\/www.comau.com\/de\/","logo":{"@type":"ImageObject","inLanguage":"de","@id":"https:\/\/www.comau.com\/de\/#\/schema\/logo\/image\/","url":"https:\/\/www.comau.com\/wp-content\/uploads\/2024\/07\/cropped-Logo-COMAU.png","contentUrl":"https:\/\/www.comau.com\/wp-content\/uploads\/2024\/07\/cropped-Logo-COMAU.png","width":434,"height":434,"caption":"Comau"},"image":{"@id":"https:\/\/www.comau.com\/de\/#\/schema\/logo\/image\/"},"sameAs":["https:\/\/www.facebook.com\/COMAU\/","https:\/\/x.com\/comaugroup","https:\/\/www.instagram.com\/comaugroup\/","https:\/\/www.linkedin.com\/company\/comau","https:\/\/www.youtube.com\/user\/comau"]}]}},"_links":{"self":[{"href":"https:\/\/www.comau.com\/de\/wp-json\/wp\/v2\/pages\/23278","targetHints":{"allow":["GET"]}}],"collection":[{"href":"https:\/\/www.comau.com\/de\/wp-json\/wp\/v2\/pages"}],"about":[{"href":"https:\/\/www.comau.com\/de\/wp-json\/wp\/v2\/types\/page"}],"author":[{"embeddable":true,"href":"https:\/\/www.comau.com\/de\/wp-json\/wp\/v2\/users\/11"}],"replies":[{"embeddable":true,"href":"https:\/\/www.comau.com\/de\/wp-json\/wp\/v2\/comments?post=23278"}],"version-history":[{"count":13,"href":"https:\/\/www.comau.com\/de\/wp-json\/wp\/v2\/pages\/23278\/revisions"}],"predecessor-version":[{"id":38608,"href":"https:\/\/www.comau.com\/de\/wp-json\/wp\/v2\/pages\/23278\/revisions\/38608"}],"up":[{"embeddable":true,"href":"https:\/\/www.comau.com\/de\/wp-json\/wp\/v2\/pages\/6272"}],"wp:featuredmedia":[{"embeddable":true,"href":"https:\/\/www.comau.com\/de\/wp-json\/wp\/v2\/media\/10224"}],"wp:attachment":[{"href":"https:\/\/www.comau.com\/de\/wp-json\/wp\/v2\/media?parent=23278"}],"curies":[{"name":"wp","href":"https:\/\/api.w.org\/{rel}","templated":true}]}}