{"id":23273,"date":"2021-06-09T11:44:23","date_gmt":"2021-06-09T09:44:23","guid":{"rendered":"https:\/\/www.comau.com\/?page_id=23273"},"modified":"2021-08-27T17:29:23","modified_gmt":"2021-08-27T15:29:23","slug":"master-of-science-in-innovation-and-technology-management","status":"publish","type":"page","link":"https:\/\/www.comau.com\/de\/competencies\/systems\/consultancy-education\/young-talents\/master-of-science-in-innovation-and-technology-management\/","title":{"rendered":"Master of Science in Innovation and Technology Management"},"content":{"rendered":"\n<h2 class=\"wp-block-heading\">Machen sie sich bereit f\u00fcr den umgang mit den allgegenw\u00e4rtigen innovationen<\/h2>\n\n\n\n<p>Machen Sie Ihren Abschluss als Master of Science in Innovation and Technology Management an der Universit\u00e0 Cattolica di Milano, indem Sie die multidisziplin\u00e4ren Kompetenzen erwerben, die f\u00fcr die neuen betriebswirtschaftlichen Zusammenh\u00e4nge im Zuge der Industrie 4.0 erforderlich sind. <\/p>\n\n\n\n<p>Als erstes Programm seiner Art liegt der Schwerpunkt dieses innovativen 2-j\u00e4hrigen Master-Abschlusses darauf, internationalen Studenten aus unterschiedlichen Fachbereichen wie Physik, Wirtschaft und Psychologie interdisziplin\u00e4rere Kompetenzen zu vermitteln.  Dar\u00fcber hinaus stehen zwei Studieng\u00e4nge zur Auswahl &#8212; Innovation Process Management, konzipiert f\u00fcr Studenten, die eine leitende Funktion in Industrie-, Dienstleistungs- und Beratungsunternehmen anstreben, oder Entrepreneurship, konzipiert f\u00fcr Studenten, die sich in einer Vorreiterrolle oder als Teil eines aufstrebenden Unternehmens oder Gesch\u00e4ftsvorhabens sehen. <\/p>\n\n\n\n<p>Die Initiative, die von der menschenorientierten Lern-Philosophie der Comau Academy profitiert, kombiniert methodische und analytische Kompetenzen mit Anwendungs- und Gesch\u00e4ftspraktiken. <\/p>\n\n\n\n<div class=\"wp-block-image\"><figure class=\"aligncenter size-large\"><img decoding=\"async\" width=\"740\" height=\"322\" src=\"https:\/\/www.comau.com\/wp-content\/uploads\/2021\/06\/Master-of-Science-in-Innovation.jpg\" alt=\"\" class=\"wp-image-10249\" srcset=\"https:\/\/www.comau.com\/wp-content\/uploads\/2021\/06\/Master-of-Science-in-Innovation.jpg 740w, https:\/\/www.comau.com\/wp-content\/uploads\/2021\/06\/Master-of-Science-in-Innovation-300x131.jpg 300w\" sizes=\"(max-width: 740px) 100vw, 740px\" \/><\/figure><\/div>\n\n\n\n<h2 class=\"wp-block-heading\">Zielgerichtete Kompetenzen<\/h2>\n\n\n\n<p>Der Abschluss als Master of Science in Innovation and Technology Management soll Ihnen bei der Entwicklung der erforderlichen Fachkompetenz und Kommunikationseffizienz helfen, um f\u00fcr die neuen Gesch\u00e4ftschancen in unserer zunehmend digitalen Wirtschaft gewappnet zu sein.<\/p>\n\n\n\n<div class=\"wp-block-buttons is-layout-flex wp-block-buttons-is-layout-flex\">\n<div class=\"wp-block-button\"><a class=\"wp-block-button__link\" href=\"https:\/\/offertaformativa.unicatt.it\/cdl-innovation-and-technology-management-2018\" target=\"_blank\" rel=\"noreferrer noopener\">MEHR ERFAHREN<\/a><\/div>\n<\/div>\n","protected":false},"excerpt":{"rendered":"<p>Machen sie sich bereit f\u00fcr den umgang mit den allgegenw\u00e4rtigen innovationen Machen Sie Ihren Abschluss als Master of Science in Innovation and Technology Management an der Universit\u00e0 Cattolica di Milano, indem Sie die multidisziplin\u00e4ren Kompetenzen erwerben, die f\u00fcr die neuen betriebswirtschaftlichen Zusammenh\u00e4nge im Zuge der Industrie 4.0 erforderlich sind. Als erstes Programm seiner Art liegt [&hellip;]<\/p>\n","protected":false},"author":11,"featured_media":10239,"parent":6355,"menu_order":1,"comment_status":"closed","ping_status":"closed","template":"","meta":{"_acf_changed":false,"ep_exclude_from_search":false,"footnotes":""},"class_list":["post-23273","page","type-page","status-publish","has-post-thumbnail","hentry"],"acf":[],"yoast_head":"<!-- This site is optimized with the Yoast SEO plugin v26.9 - https:\/\/yoast.com\/product\/yoast-seo-wordpress\/ -->\n<title>Master of Science in Innovation and Technology Management<\/title>\n<meta name=\"robots\" content=\"index, follow, max-snippet:-1, max-image-preview:large, max-video-preview:-1\" \/>\n<link rel=\"canonical\" href=\"https:\/\/www.comau.com\/de\/competencies\/systems\/consultancy-education\/young-talents\/master-of-science-in-innovation-and-technology-management\/\" \/>\n<meta property=\"og:locale\" content=\"de_DE\" \/>\n<meta property=\"og:type\" content=\"article\" \/>\n<meta property=\"og:title\" content=\"Master of Science in Innovation and Technology Management\" \/>\n<meta property=\"og:description\" content=\"Machen sie sich bereit f\u00fcr den umgang mit den allgegenw\u00e4rtigen innovationen Machen Sie Ihren Abschluss als Master of Science in Innovation and Technology Management an der Universit\u00e0 Cattolica di Milano, indem Sie die multidisziplin\u00e4ren Kompetenzen erwerben, die f\u00fcr die neuen betriebswirtschaftlichen Zusammenh\u00e4nge im Zuge der Industrie 4.0 erforderlich sind. Als erstes Programm seiner Art liegt [&hellip;]\" \/>\n<meta property=\"og:url\" content=\"https:\/\/www.comau.com\/de\/competencies\/systems\/consultancy-education\/young-talents\/master-of-science-in-innovation-and-technology-management\/\" \/>\n<meta property=\"og:site_name\" content=\"Comau\" \/>\n<meta property=\"article:publisher\" content=\"https:\/\/www.facebook.com\/COMAU\/\" \/>\n<meta property=\"article:modified_time\" content=\"2021-08-27T15:29:23+00:00\" \/>\n<meta property=\"og:image\" content=\"https:\/\/www.comau.com\/wp-content\/uploads\/2021\/06\/ppm-school_header.jpg\" \/>\n\t<meta property=\"og:image:width\" content=\"1280\" \/>\n\t<meta property=\"og:image:height\" content=\"485\" \/>\n\t<meta property=\"og:image:type\" content=\"image\/jpeg\" \/>\n<meta name=\"twitter:card\" content=\"summary_large_image\" \/>\n<meta name=\"twitter:site\" content=\"@comaugroup\" \/>\n<meta name=\"twitter:label1\" content=\"Gesch\u00e4tzte Lesezeit\" \/>\n\t<meta name=\"twitter:data1\" content=\"1\u00a0Minute\" \/>\n<script type=\"application\/ld+json\" class=\"yoast-schema-graph\">{\"@context\":\"https:\/\/schema.org\",\"@graph\":[{\"@type\":\"WebPage\",\"@id\":\"https:\/\/www.comau.com\/de\/competencies\/systems\/consultancy-education\/young-talents\/master-of-science-in-innovation-and-technology-management\/\",\"url\":\"https:\/\/www.comau.com\/de\/competencies\/systems\/consultancy-education\/young-talents\/master-of-science-in-innovation-and-technology-management\/\",\"name\":\"Master of Science in Innovation and Technology Management\",\"isPartOf\":{\"@id\":\"https:\/\/www.comau.com\/de\/#website\"},\"primaryImageOfPage\":{\"@id\":\"https:\/\/www.comau.com\/de\/competencies\/systems\/consultancy-education\/young-talents\/master-of-science-in-innovation-and-technology-management\/#primaryimage\"},\"image\":{\"@id\":\"https:\/\/www.comau.com\/de\/competencies\/systems\/consultancy-education\/young-talents\/master-of-science-in-innovation-and-technology-management\/#primaryimage\"},\"thumbnailUrl\":\"https:\/\/www.comau.com\/wp-content\/uploads\/2021\/06\/ppm-school_header.jpg\",\"datePublished\":\"2021-06-09T09:44:23+00:00\",\"dateModified\":\"2021-08-27T15:29:23+00:00\",\"breadcrumb\":{\"@id\":\"https:\/\/www.comau.com\/de\/competencies\/systems\/consultancy-education\/young-talents\/master-of-science-in-innovation-and-technology-management\/#breadcrumb\"},\"inLanguage\":\"de\",\"potentialAction\":[{\"@type\":\"ReadAction\",\"target\":[\"https:\/\/www.comau.com\/de\/competencies\/systems\/consultancy-education\/young-talents\/master-of-science-in-innovation-and-technology-management\/\"]}]},{\"@type\":\"ImageObject\",\"inLanguage\":\"de\",\"@id\":\"https:\/\/www.comau.com\/de\/competencies\/systems\/consultancy-education\/young-talents\/master-of-science-in-innovation-and-technology-management\/#primaryimage\",\"url\":\"https:\/\/www.comau.com\/wp-content\/uploads\/2021\/06\/ppm-school_header.jpg\",\"contentUrl\":\"https:\/\/www.comau.com\/wp-content\/uploads\/2021\/06\/ppm-school_header.jpg\",\"width\":1280,\"height\":485},{\"@type\":\"BreadcrumbList\",\"@id\":\"https:\/\/www.comau.com\/de\/competencies\/systems\/consultancy-education\/young-talents\/master-of-science-in-innovation-and-technology-management\/#breadcrumb\",\"itemListElement\":[{\"@type\":\"ListItem\",\"position\":1,\"name\":\"Home\",\"item\":\"https:\/\/www.comau.com\/de\/\"},{\"@type\":\"ListItem\",\"position\":2,\"name\":\"Unsere Kompetenzen\",\"item\":\"https:\/\/www.comau.com\/de\/competencies\/\"},{\"@type\":\"ListItem\",\"position\":3,\"name\":\"Consultancy &amp; Education\",\"item\":\"https:\/\/www.comau.com\/de\/competencies\/consultancy-education\/\"},{\"@type\":\"ListItem\",\"position\":4,\"name\":\"Nachwuchstalente\",\"item\":\"https:\/\/www.comau.com\/de\/competencies\/consultancy-education\/young-talents\/\"},{\"@type\":\"ListItem\",\"position\":5,\"name\":\"Master of Science in Innovation and Technology Management\"}]},{\"@type\":\"WebSite\",\"@id\":\"https:\/\/www.comau.com\/de\/#website\",\"url\":\"https:\/\/www.comau.com\/de\/\",\"name\":\"Comau\",\"description\":\"Industrial automation and robotics\",\"publisher\":{\"@id\":\"https:\/\/www.comau.com\/de\/#organization\"},\"potentialAction\":[{\"@type\":\"SearchAction\",\"target\":{\"@type\":\"EntryPoint\",\"urlTemplate\":\"https:\/\/www.comau.com\/de\/?s={search_term_string}\"},\"query-input\":{\"@type\":\"PropertyValueSpecification\",\"valueRequired\":true,\"valueName\":\"search_term_string\"}}],\"inLanguage\":\"de\"},{\"@type\":\"Organization\",\"@id\":\"https:\/\/www.comau.com\/de\/#organization\",\"name\":\"Comau\",\"url\":\"https:\/\/www.comau.com\/de\/\",\"logo\":{\"@type\":\"ImageObject\",\"inLanguage\":\"de\",\"@id\":\"https:\/\/www.comau.com\/de\/#\/schema\/logo\/image\/\",\"url\":\"https:\/\/www.comau.com\/wp-content\/uploads\/2024\/07\/cropped-Logo-COMAU.png\",\"contentUrl\":\"https:\/\/www.comau.com\/wp-content\/uploads\/2024\/07\/cropped-Logo-COMAU.png\",\"width\":434,\"height\":434,\"caption\":\"Comau\"},\"image\":{\"@id\":\"https:\/\/www.comau.com\/de\/#\/schema\/logo\/image\/\"},\"sameAs\":[\"https:\/\/www.facebook.com\/COMAU\/\",\"https:\/\/x.com\/comaugroup\",\"https:\/\/www.instagram.com\/comaugroup\/\",\"https:\/\/www.linkedin.com\/company\/comau\",\"https:\/\/www.youtube.com\/user\/comau\"]}]}<\/script>\n<!-- \/ Yoast SEO plugin. -->","yoast_head_json":{"title":"Master of Science in Innovation and Technology Management","robots":{"index":"index","follow":"follow","max-snippet":"max-snippet:-1","max-image-preview":"max-image-preview:large","max-video-preview":"max-video-preview:-1"},"canonical":"https:\/\/www.comau.com\/de\/competencies\/systems\/consultancy-education\/young-talents\/master-of-science-in-innovation-and-technology-management\/","og_locale":"de_DE","og_type":"article","og_title":"Master of Science in Innovation and Technology Management","og_description":"Machen sie sich bereit f\u00fcr den umgang mit den allgegenw\u00e4rtigen innovationen Machen Sie Ihren Abschluss als Master of Science in Innovation and Technology Management an der Universit\u00e0 Cattolica di Milano, indem Sie die multidisziplin\u00e4ren Kompetenzen erwerben, die f\u00fcr die neuen betriebswirtschaftlichen Zusammenh\u00e4nge im Zuge der Industrie 4.0 erforderlich sind. Als erstes Programm seiner Art liegt [&hellip;]","og_url":"https:\/\/www.comau.com\/de\/competencies\/systems\/consultancy-education\/young-talents\/master-of-science-in-innovation-and-technology-management\/","og_site_name":"Comau","article_publisher":"https:\/\/www.facebook.com\/COMAU\/","article_modified_time":"2021-08-27T15:29:23+00:00","og_image":[{"width":1280,"height":485,"url":"https:\/\/www.comau.com\/wp-content\/uploads\/2021\/06\/ppm-school_header.jpg","type":"image\/jpeg"}],"twitter_card":"summary_large_image","twitter_site":"@comaugroup","twitter_misc":{"Gesch\u00e4tzte Lesezeit":"1\u00a0Minute"},"schema":{"@context":"https:\/\/schema.org","@graph":[{"@type":"WebPage","@id":"https:\/\/www.comau.com\/de\/competencies\/systems\/consultancy-education\/young-talents\/master-of-science-in-innovation-and-technology-management\/","url":"https:\/\/www.comau.com\/de\/competencies\/systems\/consultancy-education\/young-talents\/master-of-science-in-innovation-and-technology-management\/","name":"Master of Science in Innovation and Technology Management","isPartOf":{"@id":"https:\/\/www.comau.com\/de\/#website"},"primaryImageOfPage":{"@id":"https:\/\/www.comau.com\/de\/competencies\/systems\/consultancy-education\/young-talents\/master-of-science-in-innovation-and-technology-management\/#primaryimage"},"image":{"@id":"https:\/\/www.comau.com\/de\/competencies\/systems\/consultancy-education\/young-talents\/master-of-science-in-innovation-and-technology-management\/#primaryimage"},"thumbnailUrl":"https:\/\/www.comau.com\/wp-content\/uploads\/2021\/06\/ppm-school_header.jpg","datePublished":"2021-06-09T09:44:23+00:00","dateModified":"2021-08-27T15:29:23+00:00","breadcrumb":{"@id":"https:\/\/www.comau.com\/de\/competencies\/systems\/consultancy-education\/young-talents\/master-of-science-in-innovation-and-technology-management\/#breadcrumb"},"inLanguage":"de","potentialAction":[{"@type":"ReadAction","target":["https:\/\/www.comau.com\/de\/competencies\/systems\/consultancy-education\/young-talents\/master-of-science-in-innovation-and-technology-management\/"]}]},{"@type":"ImageObject","inLanguage":"de","@id":"https:\/\/www.comau.com\/de\/competencies\/systems\/consultancy-education\/young-talents\/master-of-science-in-innovation-and-technology-management\/#primaryimage","url":"https:\/\/www.comau.com\/wp-content\/uploads\/2021\/06\/ppm-school_header.jpg","contentUrl":"https:\/\/www.comau.com\/wp-content\/uploads\/2021\/06\/ppm-school_header.jpg","width":1280,"height":485},{"@type":"BreadcrumbList","@id":"https:\/\/www.comau.com\/de\/competencies\/systems\/consultancy-education\/young-talents\/master-of-science-in-innovation-and-technology-management\/#breadcrumb","itemListElement":[{"@type":"ListItem","position":1,"name":"Home","item":"https:\/\/www.comau.com\/de\/"},{"@type":"ListItem","position":2,"name":"Unsere Kompetenzen","item":"https:\/\/www.comau.com\/de\/competencies\/"},{"@type":"ListItem","position":3,"name":"Consultancy &amp; Education","item":"https:\/\/www.comau.com\/de\/competencies\/consultancy-education\/"},{"@type":"ListItem","position":4,"name":"Nachwuchstalente","item":"https:\/\/www.comau.com\/de\/competencies\/consultancy-education\/young-talents\/"},{"@type":"ListItem","position":5,"name":"Master of Science in Innovation and Technology Management"}]},{"@type":"WebSite","@id":"https:\/\/www.comau.com\/de\/#website","url":"https:\/\/www.comau.com\/de\/","name":"Comau","description":"Industrial automation and robotics","publisher":{"@id":"https:\/\/www.comau.com\/de\/#organization"},"potentialAction":[{"@type":"SearchAction","target":{"@type":"EntryPoint","urlTemplate":"https:\/\/www.comau.com\/de\/?s={search_term_string}"},"query-input":{"@type":"PropertyValueSpecification","valueRequired":true,"valueName":"search_term_string"}}],"inLanguage":"de"},{"@type":"Organization","@id":"https:\/\/www.comau.com\/de\/#organization","name":"Comau","url":"https:\/\/www.comau.com\/de\/","logo":{"@type":"ImageObject","inLanguage":"de","@id":"https:\/\/www.comau.com\/de\/#\/schema\/logo\/image\/","url":"https:\/\/www.comau.com\/wp-content\/uploads\/2024\/07\/cropped-Logo-COMAU.png","contentUrl":"https:\/\/www.comau.com\/wp-content\/uploads\/2024\/07\/cropped-Logo-COMAU.png","width":434,"height":434,"caption":"Comau"},"image":{"@id":"https:\/\/www.comau.com\/de\/#\/schema\/logo\/image\/"},"sameAs":["https:\/\/www.facebook.com\/COMAU\/","https:\/\/x.com\/comaugroup","https:\/\/www.instagram.com\/comaugroup\/","https:\/\/www.linkedin.com\/company\/comau","https:\/\/www.youtube.com\/user\/comau"]}]}},"_links":{"self":[{"href":"https:\/\/www.comau.com\/de\/wp-json\/wp\/v2\/pages\/23273","targetHints":{"allow":["GET"]}}],"collection":[{"href":"https:\/\/www.comau.com\/de\/wp-json\/wp\/v2\/pages"}],"about":[{"href":"https:\/\/www.comau.com\/de\/wp-json\/wp\/v2\/types\/page"}],"author":[{"embeddable":true,"href":"https:\/\/www.comau.com\/de\/wp-json\/wp\/v2\/users\/11"}],"replies":[{"embeddable":true,"href":"https:\/\/www.comau.com\/de\/wp-json\/wp\/v2\/comments?post=23273"}],"version-history":[{"count":9,"href":"https:\/\/www.comau.com\/de\/wp-json\/wp\/v2\/pages\/23273\/revisions"}],"predecessor-version":[{"id":38615,"href":"https:\/\/www.comau.com\/de\/wp-json\/wp\/v2\/pages\/23273\/revisions\/38615"}],"up":[{"embeddable":true,"href":"https:\/\/www.comau.com\/de\/wp-json\/wp\/v2\/pages\/6355"}],"wp:featuredmedia":[{"embeddable":true,"href":"https:\/\/www.comau.com\/de\/wp-json\/wp\/v2\/media\/10239"}],"wp:attachment":[{"href":"https:\/\/www.comau.com\/de\/wp-json\/wp\/v2\/media?parent=23273"}],"curies":[{"name":"wp","href":"https:\/\/api.w.org\/{rel}","templated":true}]}}