{"id":23268,"date":"2021-06-09T11:44:36","date_gmt":"2021-06-09T09:44:36","guid":{"rendered":"https:\/\/www.comau.com\/?page_id=23268"},"modified":"2021-08-27T17:30:12","modified_gmt":"2021-08-27T15:30:12","slug":"ready-to-work-one-day-work-experience","status":"publish","type":"page","link":"https:\/\/www.comau.com\/de\/competencies\/systems\/consultancy-education\/young-talents\/ready-to-work-one-day-work-experience\/","title":{"rendered":"Ready to work: One day Work experience"},"content":{"rendered":"\n<h2 class=\"wp-block-heading\">Ein Tag. Maximaler Einsatz. Der Comau-Weg.<\/h2>\n\n\n\n<p>\u200bUnser Engagement zur Unterst\u00fctzung junger Talente bei der Vorbereitung auf die Chancen des sich heutzutage rasch ver\u00e4ndernden globalen Markts erstreckt sich \u00fcber ganzt\u00e4gige Vor-Ort-Programme f\u00fcr Hochschul- und Universit\u00e4tsstudenten, die darauf ausgerichtet sind, F\u00e4higkeiten zu entdecken und vorhandenes Potenzial abzurufen.<\/p>\n\n\n\n<h2 class=\"wp-block-heading\" id=\"sticky-0\">Einsatzbereit<\/h2>\n\n\n\n<p>In Zusammenarbeit mit dem Politecnico di Torino ermutigt die Comau Academy kleine Gruppen von Studenten der Ingenieurwissenschaften dazu, einen ganzen Tag lang in einem praxisnahen Industrieumfeld an einer Soft-Skills-Schulung teilzunehmen. <\/p>\n\n\n\n<p>Durch Gruppenprojekte, Wettbewerbe und pers\u00f6nliche Herausforderungen erfahren junge Ingenieure aus erster Hand die Bedeutung von Teamarbeit und Organisationsmodellen f\u00fcr das Erreichen von Spitzenleistung. Indem F\u00e4higkeiten genutzt werden, die sich im Klassenraum nicht so leicht vermitteln lassen, ermutigt dieses einzigartige Projekt die Studenten dazu, ihr Bestes zu geben, begleitet von konkreten R\u00fcckmeldungen und Bewertungen durch professionelle Moderatoren.<\/p>\n\n\n\n<h2 class=\"wp-block-heading\" id=\"sticky-1\">Ein Tag \u2013 Unternehmenserfahrung<\/h2>\n\n\n\n<p>Verbringen Sie einen Tag bei uns, um zu erfahren, wie Innovation in einem multinationalen Unternehmen wie Comau entsteht. Unsere Ein-Tag-Unternehmenserfahrung bringt junge Studenten mit einer praxisnahen Arbeitsumgebung in Kontakt, um ihnen zu helfen, die sich entwickelnde digitale Transformation besser zu verstehen.<\/p>\n\n\n\n<p>In einer Kombination aus Pr\u00e4senzschulung und praktischer Simulation erlernen die Studenten zun\u00e4chst die Arbeitsmethoden eines globalen Unternehmens und anschlie\u00dfend den Umgang mit einem realen Fertigungsprozess. Am Ende des Tages geben Comau-Experten ein ausf\u00fchrliches Feedback zu den Projekten, einschlie\u00dflich der St\u00e4rken und Verbesserungsm\u00f6glichkeiten. Es ist eine gro\u00dfartige M\u00f6glichkeit, konkrete Transformations- und Innovationprozesse zu sehen, und unterstreicht den Stellenwert, den die Schaffung strategischer Verbindungen zwischen Ausbildungseinrichtungen und der Gesch\u00e4ftswelt einnimmt.<\/p>\n\n\n\n<div class=\"wp-block-image\"><figure class=\"aligncenter size-large\"><img decoding=\"async\" width=\"1024\" height=\"348\" src=\"https:\/\/www.comau.com\/wp-content\/uploads\/2021\/06\/1-1-1024x348.jpg\" alt=\"\" class=\"wp-image-1224\" srcset=\"https:\/\/www.comau.com\/wp-content\/uploads\/2021\/06\/1-1-1024x348.jpg 1024w, https:\/\/www.comau.com\/wp-content\/uploads\/2021\/06\/1-1-300x102.jpg 300w, https:\/\/www.comau.com\/wp-content\/uploads\/2021\/06\/1-1-768x261.jpg 768w, https:\/\/www.comau.com\/wp-content\/uploads\/2021\/06\/1-1.jpg 1179w\" sizes=\"(max-width: 1024px) 100vw, 1024px\" \/><\/figure><\/div>\n","protected":false},"excerpt":{"rendered":"<p>Ein Tag. Maximaler Einsatz. Der Comau-Weg. \u200bUnser Engagement zur Unterst\u00fctzung junger Talente bei der Vorbereitung auf die Chancen des sich heutzutage rasch ver\u00e4ndernden globalen Markts erstreckt sich \u00fcber ganzt\u00e4gige Vor-Ort-Programme f\u00fcr Hochschul- und Universit\u00e4tsstudenten, die darauf ausgerichtet sind, F\u00e4higkeiten zu entdecken und vorhandenes Potenzial abzurufen. Einsatzbereit In Zusammenarbeit mit dem Politecnico di Torino ermutigt die [&hellip;]<\/p>\n","protected":false},"author":11,"featured_media":10244,"parent":6355,"menu_order":1,"comment_status":"closed","ping_status":"closed","template":"","meta":{"_acf_changed":false,"ep_exclude_from_search":false,"footnotes":""},"class_list":["post-23268","page","type-page","status-publish","has-post-thumbnail","hentry"],"acf":[],"yoast_head":"<!-- This site is optimized with the Yoast SEO plugin v26.9 - https:\/\/yoast.com\/product\/yoast-seo-wordpress\/ -->\n<title>Eint\u00e4giges Praktikum - Comau<\/title>\n<meta name=\"robots\" content=\"index, follow, max-snippet:-1, max-image-preview:large, max-video-preview:-1\" \/>\n<link rel=\"canonical\" href=\"https:\/\/www.comau.com\/de\/competencies\/systems\/consultancy-education\/young-talents\/ready-to-work-one-day-work-experience\/\" \/>\n<meta property=\"og:locale\" content=\"de_DE\" \/>\n<meta property=\"og:type\" content=\"article\" \/>\n<meta property=\"og:title\" content=\"Eint\u00e4giges Praktikum - Comau\" \/>\n<meta property=\"og:description\" content=\"Ein Tag. Maximaler Einsatz. Der Comau-Weg. \u200bUnser Engagement zur Unterst\u00fctzung junger Talente bei der Vorbereitung auf die Chancen des sich heutzutage rasch ver\u00e4ndernden globalen Markts erstreckt sich \u00fcber ganzt\u00e4gige Vor-Ort-Programme f\u00fcr Hochschul- und Universit\u00e4tsstudenten, die darauf ausgerichtet sind, F\u00e4higkeiten zu entdecken und vorhandenes Potenzial abzurufen. Einsatzbereit In Zusammenarbeit mit dem Politecnico di Torino ermutigt die [&hellip;]\" \/>\n<meta property=\"og:url\" content=\"https:\/\/www.comau.com\/de\/competencies\/systems\/consultancy-education\/young-talents\/ready-to-work-one-day-work-experience\/\" \/>\n<meta property=\"og:site_name\" content=\"Comau\" \/>\n<meta property=\"article:publisher\" content=\"https:\/\/www.facebook.com\/COMAU\/\" \/>\n<meta property=\"article:modified_time\" content=\"2021-08-27T15:30:12+00:00\" \/>\n<meta property=\"og:image\" content=\"https:\/\/www.comau.com\/wp-content\/uploads\/2021\/06\/One-Day-Company-Experience_header.jpg\" \/>\n\t<meta property=\"og:image:width\" content=\"1280\" \/>\n\t<meta property=\"og:image:height\" content=\"485\" \/>\n\t<meta property=\"og:image:type\" content=\"image\/jpeg\" \/>\n<meta name=\"twitter:card\" content=\"summary_large_image\" \/>\n<meta name=\"twitter:site\" content=\"@comaugroup\" \/>\n<meta name=\"twitter:label1\" content=\"Gesch\u00e4tzte Lesezeit\" \/>\n\t<meta name=\"twitter:data1\" content=\"2\u00a0Minuten\" \/>\n<script type=\"application\/ld+json\" class=\"yoast-schema-graph\">{\"@context\":\"https:\/\/schema.org\",\"@graph\":[{\"@type\":\"WebPage\",\"@id\":\"https:\/\/www.comau.com\/de\/competencies\/systems\/consultancy-education\/young-talents\/ready-to-work-one-day-work-experience\/\",\"url\":\"https:\/\/www.comau.com\/de\/competencies\/systems\/consultancy-education\/young-talents\/ready-to-work-one-day-work-experience\/\",\"name\":\"Eint\u00e4giges Praktikum - Comau\",\"isPartOf\":{\"@id\":\"https:\/\/www.comau.com\/de\/#website\"},\"primaryImageOfPage\":{\"@id\":\"https:\/\/www.comau.com\/de\/competencies\/systems\/consultancy-education\/young-talents\/ready-to-work-one-day-work-experience\/#primaryimage\"},\"image\":{\"@id\":\"https:\/\/www.comau.com\/de\/competencies\/systems\/consultancy-education\/young-talents\/ready-to-work-one-day-work-experience\/#primaryimage\"},\"thumbnailUrl\":\"https:\/\/www.comau.com\/wp-content\/uploads\/2021\/06\/One-Day-Company-Experience_header.jpg\",\"datePublished\":\"2021-06-09T09:44:36+00:00\",\"dateModified\":\"2021-08-27T15:30:12+00:00\",\"breadcrumb\":{\"@id\":\"https:\/\/www.comau.com\/de\/competencies\/systems\/consultancy-education\/young-talents\/ready-to-work-one-day-work-experience\/#breadcrumb\"},\"inLanguage\":\"de\",\"potentialAction\":[{\"@type\":\"ReadAction\",\"target\":[\"https:\/\/www.comau.com\/de\/competencies\/systems\/consultancy-education\/young-talents\/ready-to-work-one-day-work-experience\/\"]}]},{\"@type\":\"ImageObject\",\"inLanguage\":\"de\",\"@id\":\"https:\/\/www.comau.com\/de\/competencies\/systems\/consultancy-education\/young-talents\/ready-to-work-one-day-work-experience\/#primaryimage\",\"url\":\"https:\/\/www.comau.com\/wp-content\/uploads\/2021\/06\/One-Day-Company-Experience_header.jpg\",\"contentUrl\":\"https:\/\/www.comau.com\/wp-content\/uploads\/2021\/06\/One-Day-Company-Experience_header.jpg\",\"width\":1280,\"height\":485},{\"@type\":\"BreadcrumbList\",\"@id\":\"https:\/\/www.comau.com\/de\/competencies\/systems\/consultancy-education\/young-talents\/ready-to-work-one-day-work-experience\/#breadcrumb\",\"itemListElement\":[{\"@type\":\"ListItem\",\"position\":1,\"name\":\"Home\",\"item\":\"https:\/\/www.comau.com\/de\/\"},{\"@type\":\"ListItem\",\"position\":2,\"name\":\"Unsere Kompetenzen\",\"item\":\"https:\/\/www.comau.com\/de\/competencies\/\"},{\"@type\":\"ListItem\",\"position\":3,\"name\":\"Consultancy &amp; Education\",\"item\":\"https:\/\/www.comau.com\/de\/competencies\/consultancy-education\/\"},{\"@type\":\"ListItem\",\"position\":4,\"name\":\"Nachwuchstalente\",\"item\":\"https:\/\/www.comau.com\/de\/competencies\/consultancy-education\/young-talents\/\"},{\"@type\":\"ListItem\",\"position\":5,\"name\":\"Ready to work: One day Work experience\"}]},{\"@type\":\"WebSite\",\"@id\":\"https:\/\/www.comau.com\/de\/#website\",\"url\":\"https:\/\/www.comau.com\/de\/\",\"name\":\"Comau\",\"description\":\"Industrial automation and robotics\",\"publisher\":{\"@id\":\"https:\/\/www.comau.com\/de\/#organization\"},\"potentialAction\":[{\"@type\":\"SearchAction\",\"target\":{\"@type\":\"EntryPoint\",\"urlTemplate\":\"https:\/\/www.comau.com\/de\/?s={search_term_string}\"},\"query-input\":{\"@type\":\"PropertyValueSpecification\",\"valueRequired\":true,\"valueName\":\"search_term_string\"}}],\"inLanguage\":\"de\"},{\"@type\":\"Organization\",\"@id\":\"https:\/\/www.comau.com\/de\/#organization\",\"name\":\"Comau\",\"url\":\"https:\/\/www.comau.com\/de\/\",\"logo\":{\"@type\":\"ImageObject\",\"inLanguage\":\"de\",\"@id\":\"https:\/\/www.comau.com\/de\/#\/schema\/logo\/image\/\",\"url\":\"https:\/\/www.comau.com\/wp-content\/uploads\/2024\/07\/cropped-Logo-COMAU.png\",\"contentUrl\":\"https:\/\/www.comau.com\/wp-content\/uploads\/2024\/07\/cropped-Logo-COMAU.png\",\"width\":434,\"height\":434,\"caption\":\"Comau\"},\"image\":{\"@id\":\"https:\/\/www.comau.com\/de\/#\/schema\/logo\/image\/\"},\"sameAs\":[\"https:\/\/www.facebook.com\/COMAU\/\",\"https:\/\/x.com\/comaugroup\",\"https:\/\/www.instagram.com\/comaugroup\/\",\"https:\/\/www.linkedin.com\/company\/comau\",\"https:\/\/www.youtube.com\/user\/comau\"]}]}<\/script>\n<!-- \/ Yoast SEO plugin. -->","yoast_head_json":{"title":"Eint\u00e4giges Praktikum - Comau","robots":{"index":"index","follow":"follow","max-snippet":"max-snippet:-1","max-image-preview":"max-image-preview:large","max-video-preview":"max-video-preview:-1"},"canonical":"https:\/\/www.comau.com\/de\/competencies\/systems\/consultancy-education\/young-talents\/ready-to-work-one-day-work-experience\/","og_locale":"de_DE","og_type":"article","og_title":"Eint\u00e4giges Praktikum - Comau","og_description":"Ein Tag. Maximaler Einsatz. Der Comau-Weg. \u200bUnser Engagement zur Unterst\u00fctzung junger Talente bei der Vorbereitung auf die Chancen des sich heutzutage rasch ver\u00e4ndernden globalen Markts erstreckt sich \u00fcber ganzt\u00e4gige Vor-Ort-Programme f\u00fcr Hochschul- und Universit\u00e4tsstudenten, die darauf ausgerichtet sind, F\u00e4higkeiten zu entdecken und vorhandenes Potenzial abzurufen. Einsatzbereit In Zusammenarbeit mit dem Politecnico di Torino ermutigt die [&hellip;]","og_url":"https:\/\/www.comau.com\/de\/competencies\/systems\/consultancy-education\/young-talents\/ready-to-work-one-day-work-experience\/","og_site_name":"Comau","article_publisher":"https:\/\/www.facebook.com\/COMAU\/","article_modified_time":"2021-08-27T15:30:12+00:00","og_image":[{"width":1280,"height":485,"url":"https:\/\/www.comau.com\/wp-content\/uploads\/2021\/06\/One-Day-Company-Experience_header.jpg","type":"image\/jpeg"}],"twitter_card":"summary_large_image","twitter_site":"@comaugroup","twitter_misc":{"Gesch\u00e4tzte Lesezeit":"2\u00a0Minuten"},"schema":{"@context":"https:\/\/schema.org","@graph":[{"@type":"WebPage","@id":"https:\/\/www.comau.com\/de\/competencies\/systems\/consultancy-education\/young-talents\/ready-to-work-one-day-work-experience\/","url":"https:\/\/www.comau.com\/de\/competencies\/systems\/consultancy-education\/young-talents\/ready-to-work-one-day-work-experience\/","name":"Eint\u00e4giges Praktikum - Comau","isPartOf":{"@id":"https:\/\/www.comau.com\/de\/#website"},"primaryImageOfPage":{"@id":"https:\/\/www.comau.com\/de\/competencies\/systems\/consultancy-education\/young-talents\/ready-to-work-one-day-work-experience\/#primaryimage"},"image":{"@id":"https:\/\/www.comau.com\/de\/competencies\/systems\/consultancy-education\/young-talents\/ready-to-work-one-day-work-experience\/#primaryimage"},"thumbnailUrl":"https:\/\/www.comau.com\/wp-content\/uploads\/2021\/06\/One-Day-Company-Experience_header.jpg","datePublished":"2021-06-09T09:44:36+00:00","dateModified":"2021-08-27T15:30:12+00:00","breadcrumb":{"@id":"https:\/\/www.comau.com\/de\/competencies\/systems\/consultancy-education\/young-talents\/ready-to-work-one-day-work-experience\/#breadcrumb"},"inLanguage":"de","potentialAction":[{"@type":"ReadAction","target":["https:\/\/www.comau.com\/de\/competencies\/systems\/consultancy-education\/young-talents\/ready-to-work-one-day-work-experience\/"]}]},{"@type":"ImageObject","inLanguage":"de","@id":"https:\/\/www.comau.com\/de\/competencies\/systems\/consultancy-education\/young-talents\/ready-to-work-one-day-work-experience\/#primaryimage","url":"https:\/\/www.comau.com\/wp-content\/uploads\/2021\/06\/One-Day-Company-Experience_header.jpg","contentUrl":"https:\/\/www.comau.com\/wp-content\/uploads\/2021\/06\/One-Day-Company-Experience_header.jpg","width":1280,"height":485},{"@type":"BreadcrumbList","@id":"https:\/\/www.comau.com\/de\/competencies\/systems\/consultancy-education\/young-talents\/ready-to-work-one-day-work-experience\/#breadcrumb","itemListElement":[{"@type":"ListItem","position":1,"name":"Home","item":"https:\/\/www.comau.com\/de\/"},{"@type":"ListItem","position":2,"name":"Unsere Kompetenzen","item":"https:\/\/www.comau.com\/de\/competencies\/"},{"@type":"ListItem","position":3,"name":"Consultancy &amp; Education","item":"https:\/\/www.comau.com\/de\/competencies\/consultancy-education\/"},{"@type":"ListItem","position":4,"name":"Nachwuchstalente","item":"https:\/\/www.comau.com\/de\/competencies\/consultancy-education\/young-talents\/"},{"@type":"ListItem","position":5,"name":"Ready to work: One day Work experience"}]},{"@type":"WebSite","@id":"https:\/\/www.comau.com\/de\/#website","url":"https:\/\/www.comau.com\/de\/","name":"Comau","description":"Industrial automation and robotics","publisher":{"@id":"https:\/\/www.comau.com\/de\/#organization"},"potentialAction":[{"@type":"SearchAction","target":{"@type":"EntryPoint","urlTemplate":"https:\/\/www.comau.com\/de\/?s={search_term_string}"},"query-input":{"@type":"PropertyValueSpecification","valueRequired":true,"valueName":"search_term_string"}}],"inLanguage":"de"},{"@type":"Organization","@id":"https:\/\/www.comau.com\/de\/#organization","name":"Comau","url":"https:\/\/www.comau.com\/de\/","logo":{"@type":"ImageObject","inLanguage":"de","@id":"https:\/\/www.comau.com\/de\/#\/schema\/logo\/image\/","url":"https:\/\/www.comau.com\/wp-content\/uploads\/2024\/07\/cropped-Logo-COMAU.png","contentUrl":"https:\/\/www.comau.com\/wp-content\/uploads\/2024\/07\/cropped-Logo-COMAU.png","width":434,"height":434,"caption":"Comau"},"image":{"@id":"https:\/\/www.comau.com\/de\/#\/schema\/logo\/image\/"},"sameAs":["https:\/\/www.facebook.com\/COMAU\/","https:\/\/x.com\/comaugroup","https:\/\/www.instagram.com\/comaugroup\/","https:\/\/www.linkedin.com\/company\/comau","https:\/\/www.youtube.com\/user\/comau"]}]}},"_links":{"self":[{"href":"https:\/\/www.comau.com\/de\/wp-json\/wp\/v2\/pages\/23268","targetHints":{"allow":["GET"]}}],"collection":[{"href":"https:\/\/www.comau.com\/de\/wp-json\/wp\/v2\/pages"}],"about":[{"href":"https:\/\/www.comau.com\/de\/wp-json\/wp\/v2\/types\/page"}],"author":[{"embeddable":true,"href":"https:\/\/www.comau.com\/de\/wp-json\/wp\/v2\/users\/11"}],"replies":[{"embeddable":true,"href":"https:\/\/www.comau.com\/de\/wp-json\/wp\/v2\/comments?post=23268"}],"version-history":[{"count":11,"href":"https:\/\/www.comau.com\/de\/wp-json\/wp\/v2\/pages\/23268\/revisions"}],"predecessor-version":[{"id":38616,"href":"https:\/\/www.comau.com\/de\/wp-json\/wp\/v2\/pages\/23268\/revisions\/38616"}],"up":[{"embeddable":true,"href":"https:\/\/www.comau.com\/de\/wp-json\/wp\/v2\/pages\/6355"}],"wp:featuredmedia":[{"embeddable":true,"href":"https:\/\/www.comau.com\/de\/wp-json\/wp\/v2\/media\/10244"}],"wp:attachment":[{"href":"https:\/\/www.comau.com\/de\/wp-json\/wp\/v2\/media?parent=23268"}],"curies":[{"name":"wp","href":"https:\/\/api.w.org\/{rel}","templated":true}]}}