{"id":23263,"date":"2021-06-09T16:06:26","date_gmt":"2021-06-09T14:06:26","guid":{"rendered":"https:\/\/www.comau.com\/?page_id=23263"},"modified":"2021-07-21T12:49:27","modified_gmt":"2021-07-21T10:49:27","slug":"project-management-academy","status":"publish","type":"page","link":"https:\/\/www.comau.com\/de\/competencies\/services\/project-management-academy\/","title":{"rendered":"Project Management Academy"},"content":{"rendered":"\n<h2 class=\"wp-block-heading\">Berufsfortbildungskurse<\/h2>\n\n<p>Die Comau Project Management Academy (Comau PM Academy) basiert auf Lehrveranstaltungen, Informationsaustausch und Zusammenarbeit mit anderen Einrichtungen, um Unternehmen und Einzelpersonen \u00fcberall auf der Welt eine professionelle Fortbildungsschulung anzubieten.<\/p>\n\n<p>Die Comau PM Academy ist ein REP\u00ae (Registered Education Provider)-zertifizierter Schulungsanbieter und offiziell vom Project Management Institute (PMI)\u00ae anerkannt, der weltweit gr\u00f6\u00dften professionellen Projektmanagementvereinigung. Alle Kurse werden intern entwickelt und von Comau-Projektmanagementprofis abgehalten. So k\u00f6nnen wir praxisbew\u00e4hrte Erfahrung mit komplexen Projekten (pragmatischer Ansatz) und international anerkannten Projektmanagementverfahren (theoretischer Ansatz) verbinden.<\/p>\n\n<p>PMI is a registered mark of the Project Management Institute, Inc.<\/p>\n\n<div class=\"wp-block-columns columns-bg-dark is-layout-flex wp-container-core-columns-is-layout-9d6595d7 wp-block-columns-is-layout-flex\">\n<div class=\"wp-block-column is-layout-flow wp-block-column-is-layout-flow\">\n<h3 class=\"wp-block-heading\">Grundlagen des Risikomanagements<\/h3>\n\n\n\n<p>Erweitern Sie Ihr Wissen \u00fcber das Projektrisikomanagement, einschlie\u00dflich dem Erkennen von Risiken sowie Ma\u00dfnahmen, um diese zu beseitigen, zu verringern und im Einklang mit den relevanten PMBOK\u00ae-Leitlinien \u201eA Guide to the Project Management Body of Knowledge (PMBOK\u00ae Guide) \u2013 5. Auflage, Project Management Institute, Inc., 2013)\u201d verantwortungsbewusst zu handhaben. PMBOK ist ein eingetragenes Warenzeichen des Project Management Institute, Inc.\n<br\/><br\/><strong>Dauer: 16 Stunden<\/strong><\/p>\n\n\n\n<div class=\"wp-block-buttons is-layout-flex wp-block-buttons-is-layout-flex\">\n<div class=\"wp-block-button\"><a class=\"wp-block-button__link\" href=\"https:\/\/www.comau.com\/de\/competencies\/consultancy-education\/companies-professionals\/risk-management-fundamentals\/\">Weiterlesen<\/a><\/div>\n<\/div>\n<\/div>\n\n\n\n<div class=\"wp-block-column is-layout-flow wp-block-column-is-layout-flow\">\n<h3 class=\"wp-block-heading\">PMF \u2013 Projektmanagement<\/h3>\n\n\n\n<p>Erweitern Sie Ihre Kompetenz durch die Anwendung von Projektmanagementprozessen und -praktiken, indem Sie den Schwerpunkt auf das Definieren, Umsetzen, Verwalten, Leiten, \u00dcberwachen und Kontrollieren von Projekten und deren Komponenten legen.<br\/><br\/><strong>Dauer: 3 Tage <br\/>24 Berufsentwicklungseinheiten oder Kontaktstunden<\/strong><\/p>\n\n\n\n<div class=\"wp-block-buttons is-layout-flex wp-block-buttons-is-layout-flex\">\n<div class=\"wp-block-button\"><a class=\"wp-block-button__link\" href=\"https:\/\/www.comau.com\/de\/competencies\/consultancy-education\/companies-professionals\/pmf-project-management-fundamentals\/\">Weiterlesen<\/a><\/div>\n<\/div>\n<\/div>\n<\/div>\n\n<div class=\"wp-block-columns columns-bg-dark is-layout-flex wp-container-core-columns-is-layout-9d6595d7 wp-block-columns-is-layout-flex\">\n<div class=\"wp-block-column is-layout-flow wp-block-column-is-layout-flow\">\n<h3 class=\"wp-block-heading\">Project Management Professional (PMP)\u00ae-Zertifikat <\/h3>\n\n\n\n<p>Intensivschulung, bei der sowohl alle Project Management Institute (PMI\u00ae)-Prozesse, deren Beitr\u00e4ge, Instrumente, Techniken und Ergebnisse als auch weitergehende Kenntnisse in Personalmanagement, Qualit\u00e4tstheorien, Ethik und professioneller Verantwortung behandelt werden, die zum Bestehen der PMP\u00ae-Pr\u00fcfung erforderlich sind. PMP ist ein eingetragenes Warenzeichen des Project Management Institute, Inc.<br\/><br\/><strong>Dauer: 6 Tage<br\/>42 Berufsentwicklungseinheiten oder Kontaktstunden<\/strong><\/p>\n\n\n\n<div class=\"wp-block-buttons is-layout-flex wp-block-buttons-is-layout-flex\">\n<div class=\"wp-block-button\"><a class=\"wp-block-button__link\" href=\"https:\/\/www.comau.com\/de\/competencies\/consultancy-education\/companies-professionals\/professional-project-management-with-pmp-certification\/\">Weiterlesen<\/a><\/div>\n<\/div>\n<\/div>\n\n\n\n<div class=\"wp-block-column is-layout-flow wp-block-column-is-layout-flow\">\n<h3 class=\"wp-block-heading\">PME \u2013 Project Management Essentials<\/h3>\n\n\n\n<p>Verfeinern Sie Ihr Verst\u00e4ndnis f\u00fcr die Projektumgebung und verbessern Sie Ihre F\u00e4higkeit, Projektmanagementprozesse effizient anzuwenden. <br\/><br\/><strong>Dauer: 2 Tage <br\/>15 Berufsentwicklungseinheiten oder Kontaktstunden<\/strong><\/p>\n\n\n\n<div class=\"wp-block-buttons is-layout-flex wp-block-buttons-is-layout-flex\">\n<div class=\"wp-block-button\"><a class=\"wp-block-button__link\" href=\"https:\/\/www.comau.com\/de\/competencies\/consultancy-education\/companies-professionals\/project-management-essentials-pme\/\">Weiterlesen<\/a><\/div>\n<\/div>\n<\/div>\n<\/div>\n","protected":false},"excerpt":{"rendered":"<p>Berufsfortbildungskurse Die Comau Project Management Academy (Comau PM Academy) basiert auf Lehrveranstaltungen, Informationsaustausch und Zusammenarbeit mit anderen Einrichtungen, um Unternehmen und Einzelpersonen \u00fcberall auf der Welt eine professionelle Fortbildungsschulung anzubieten. Die Comau PM Academy ist ein REP\u00ae (Registered Education Provider)-zertifizierter Schulungsanbieter und offiziell vom Project Management Institute (PMI)\u00ae anerkannt, der weltweit gr\u00f6\u00dften professionellen Projektmanagementvereinigung. Alle [&hellip;]<\/p>\n","protected":false},"author":11,"featured_media":10294,"parent":65280,"menu_order":2,"comment_status":"closed","ping_status":"closed","template":"","meta":{"_acf_changed":false,"ep_exclude_from_search":false,"footnotes":""},"class_list":["post-23263","page","type-page","status-publish","has-post-thumbnail","hentry"],"acf":[],"yoast_head":"<!-- This site is optimized with the Yoast SEO plugin v26.9 - https:\/\/yoast.com\/product\/yoast-seo-wordpress\/ -->\n<title>Project Management Academy - Comau<\/title>\n<meta name=\"robots\" content=\"index, follow, max-snippet:-1, max-image-preview:large, max-video-preview:-1\" \/>\n<link rel=\"canonical\" href=\"https:\/\/www.comau.com\/de\/competencies\/services\/project-management-academy\/\" \/>\n<meta property=\"og:locale\" content=\"de_DE\" \/>\n<meta property=\"og:type\" content=\"article\" \/>\n<meta property=\"og:title\" content=\"Project Management Academy - Comau\" \/>\n<meta property=\"og:description\" content=\"Berufsfortbildungskurse Die Comau Project Management Academy (Comau PM Academy) basiert auf Lehrveranstaltungen, Informationsaustausch und Zusammenarbeit mit anderen Einrichtungen, um Unternehmen und Einzelpersonen \u00fcberall auf der Welt eine professionelle Fortbildungsschulung anzubieten. Die Comau PM Academy ist ein REP\u00ae (Registered Education Provider)-zertifizierter Schulungsanbieter und offiziell vom Project Management Institute (PMI)\u00ae anerkannt, der weltweit gr\u00f6\u00dften professionellen Projektmanagementvereinigung. Alle [&hellip;]\" \/>\n<meta property=\"og:url\" content=\"https:\/\/www.comau.com\/de\/competencies\/services\/project-management-academy\/\" \/>\n<meta property=\"og:site_name\" content=\"Comau\" \/>\n<meta property=\"article:publisher\" content=\"https:\/\/www.facebook.com\/COMAU\/\" \/>\n<meta property=\"article:modified_time\" content=\"2021-07-21T10:49:27+00:00\" \/>\n<meta property=\"og:image\" content=\"https:\/\/www.comau.com\/wp-content\/uploads\/2021\/06\/header_DSC1978.png\" \/>\n\t<meta property=\"og:image:width\" content=\"1280\" \/>\n\t<meta property=\"og:image:height\" content=\"485\" \/>\n\t<meta property=\"og:image:type\" content=\"image\/png\" \/>\n<meta name=\"twitter:card\" content=\"summary_large_image\" \/>\n<meta name=\"twitter:site\" content=\"@comaugroup\" \/>\n<meta name=\"twitter:label1\" content=\"Gesch\u00e4tzte Lesezeit\" \/>\n\t<meta name=\"twitter:data1\" content=\"2\u00a0Minuten\" \/>\n<script type=\"application\/ld+json\" class=\"yoast-schema-graph\">{\"@context\":\"https:\/\/schema.org\",\"@graph\":[{\"@type\":\"WebPage\",\"@id\":\"https:\/\/www.comau.com\/de\/competencies\/services\/project-management-academy\/\",\"url\":\"https:\/\/www.comau.com\/de\/competencies\/services\/project-management-academy\/\",\"name\":\"Project Management Academy - Comau\",\"isPartOf\":{\"@id\":\"https:\/\/www.comau.com\/de\/#website\"},\"primaryImageOfPage\":{\"@id\":\"https:\/\/www.comau.com\/de\/competencies\/services\/project-management-academy\/#primaryimage\"},\"image\":{\"@id\":\"https:\/\/www.comau.com\/de\/competencies\/services\/project-management-academy\/#primaryimage\"},\"thumbnailUrl\":\"https:\/\/www.comau.com\/wp-content\/uploads\/2021\/06\/header_DSC1978.png\",\"datePublished\":\"2021-06-09T14:06:26+00:00\",\"dateModified\":\"2021-07-21T10:49:27+00:00\",\"breadcrumb\":{\"@id\":\"https:\/\/www.comau.com\/de\/competencies\/services\/project-management-academy\/#breadcrumb\"},\"inLanguage\":\"de\",\"potentialAction\":[{\"@type\":\"ReadAction\",\"target\":[\"https:\/\/www.comau.com\/de\/competencies\/services\/project-management-academy\/\"]}]},{\"@type\":\"ImageObject\",\"inLanguage\":\"de\",\"@id\":\"https:\/\/www.comau.com\/de\/competencies\/services\/project-management-academy\/#primaryimage\",\"url\":\"https:\/\/www.comau.com\/wp-content\/uploads\/2021\/06\/header_DSC1978.png\",\"contentUrl\":\"https:\/\/www.comau.com\/wp-content\/uploads\/2021\/06\/header_DSC1978.png\",\"width\":1280,\"height\":485},{\"@type\":\"BreadcrumbList\",\"@id\":\"https:\/\/www.comau.com\/de\/competencies\/services\/project-management-academy\/#breadcrumb\",\"itemListElement\":[{\"@type\":\"ListItem\",\"position\":1,\"name\":\"Home\",\"item\":\"https:\/\/www.comau.com\/de\/\"},{\"@type\":\"ListItem\",\"position\":2,\"name\":\"Unsere Kompetenzen\",\"item\":\"https:\/\/www.comau.com\/de\/competencies\/\"},{\"@type\":\"ListItem\",\"position\":3,\"name\":\"Consultancy &amp; Education\",\"item\":\"https:\/\/www.comau.com\/de\/competencies\/consultancy-education\/\"},{\"@type\":\"ListItem\",\"position\":4,\"name\":\"Projektmanagement\",\"item\":\"https:\/\/www.comau.com\/de\/competencies\/consultancy-education\/project-management\/\"},{\"@type\":\"ListItem\",\"position\":5,\"name\":\"Project Management Academy\"}]},{\"@type\":\"WebSite\",\"@id\":\"https:\/\/www.comau.com\/de\/#website\",\"url\":\"https:\/\/www.comau.com\/de\/\",\"name\":\"Comau\",\"description\":\"Industrial automation and robotics\",\"publisher\":{\"@id\":\"https:\/\/www.comau.com\/de\/#organization\"},\"potentialAction\":[{\"@type\":\"SearchAction\",\"target\":{\"@type\":\"EntryPoint\",\"urlTemplate\":\"https:\/\/www.comau.com\/de\/?s={search_term_string}\"},\"query-input\":{\"@type\":\"PropertyValueSpecification\",\"valueRequired\":true,\"valueName\":\"search_term_string\"}}],\"inLanguage\":\"de\"},{\"@type\":\"Organization\",\"@id\":\"https:\/\/www.comau.com\/de\/#organization\",\"name\":\"Comau\",\"url\":\"https:\/\/www.comau.com\/de\/\",\"logo\":{\"@type\":\"ImageObject\",\"inLanguage\":\"de\",\"@id\":\"https:\/\/www.comau.com\/de\/#\/schema\/logo\/image\/\",\"url\":\"https:\/\/www.comau.com\/wp-content\/uploads\/2024\/07\/cropped-Logo-COMAU.png\",\"contentUrl\":\"https:\/\/www.comau.com\/wp-content\/uploads\/2024\/07\/cropped-Logo-COMAU.png\",\"width\":434,\"height\":434,\"caption\":\"Comau\"},\"image\":{\"@id\":\"https:\/\/www.comau.com\/de\/#\/schema\/logo\/image\/\"},\"sameAs\":[\"https:\/\/www.facebook.com\/COMAU\/\",\"https:\/\/x.com\/comaugroup\",\"https:\/\/www.instagram.com\/comaugroup\/\",\"https:\/\/www.linkedin.com\/company\/comau\",\"https:\/\/www.youtube.com\/user\/comau\"]}]}<\/script>\n<!-- \/ Yoast SEO plugin. -->","yoast_head_json":{"title":"Project Management Academy - Comau","robots":{"index":"index","follow":"follow","max-snippet":"max-snippet:-1","max-image-preview":"max-image-preview:large","max-video-preview":"max-video-preview:-1"},"canonical":"https:\/\/www.comau.com\/de\/competencies\/services\/project-management-academy\/","og_locale":"de_DE","og_type":"article","og_title":"Project Management Academy - Comau","og_description":"Berufsfortbildungskurse Die Comau Project Management Academy (Comau PM Academy) basiert auf Lehrveranstaltungen, Informationsaustausch und Zusammenarbeit mit anderen Einrichtungen, um Unternehmen und Einzelpersonen \u00fcberall auf der Welt eine professionelle Fortbildungsschulung anzubieten. Die Comau PM Academy ist ein REP\u00ae (Registered Education Provider)-zertifizierter Schulungsanbieter und offiziell vom Project Management Institute (PMI)\u00ae anerkannt, der weltweit gr\u00f6\u00dften professionellen Projektmanagementvereinigung. Alle [&hellip;]","og_url":"https:\/\/www.comau.com\/de\/competencies\/services\/project-management-academy\/","og_site_name":"Comau","article_publisher":"https:\/\/www.facebook.com\/COMAU\/","article_modified_time":"2021-07-21T10:49:27+00:00","og_image":[{"width":1280,"height":485,"url":"https:\/\/www.comau.com\/wp-content\/uploads\/2021\/06\/header_DSC1978.png","type":"image\/png"}],"twitter_card":"summary_large_image","twitter_site":"@comaugroup","twitter_misc":{"Gesch\u00e4tzte Lesezeit":"2\u00a0Minuten"},"schema":{"@context":"https:\/\/schema.org","@graph":[{"@type":"WebPage","@id":"https:\/\/www.comau.com\/de\/competencies\/services\/project-management-academy\/","url":"https:\/\/www.comau.com\/de\/competencies\/services\/project-management-academy\/","name":"Project Management Academy - Comau","isPartOf":{"@id":"https:\/\/www.comau.com\/de\/#website"},"primaryImageOfPage":{"@id":"https:\/\/www.comau.com\/de\/competencies\/services\/project-management-academy\/#primaryimage"},"image":{"@id":"https:\/\/www.comau.com\/de\/competencies\/services\/project-management-academy\/#primaryimage"},"thumbnailUrl":"https:\/\/www.comau.com\/wp-content\/uploads\/2021\/06\/header_DSC1978.png","datePublished":"2021-06-09T14:06:26+00:00","dateModified":"2021-07-21T10:49:27+00:00","breadcrumb":{"@id":"https:\/\/www.comau.com\/de\/competencies\/services\/project-management-academy\/#breadcrumb"},"inLanguage":"de","potentialAction":[{"@type":"ReadAction","target":["https:\/\/www.comau.com\/de\/competencies\/services\/project-management-academy\/"]}]},{"@type":"ImageObject","inLanguage":"de","@id":"https:\/\/www.comau.com\/de\/competencies\/services\/project-management-academy\/#primaryimage","url":"https:\/\/www.comau.com\/wp-content\/uploads\/2021\/06\/header_DSC1978.png","contentUrl":"https:\/\/www.comau.com\/wp-content\/uploads\/2021\/06\/header_DSC1978.png","width":1280,"height":485},{"@type":"BreadcrumbList","@id":"https:\/\/www.comau.com\/de\/competencies\/services\/project-management-academy\/#breadcrumb","itemListElement":[{"@type":"ListItem","position":1,"name":"Home","item":"https:\/\/www.comau.com\/de\/"},{"@type":"ListItem","position":2,"name":"Unsere Kompetenzen","item":"https:\/\/www.comau.com\/de\/competencies\/"},{"@type":"ListItem","position":3,"name":"Consultancy &amp; Education","item":"https:\/\/www.comau.com\/de\/competencies\/consultancy-education\/"},{"@type":"ListItem","position":4,"name":"Projektmanagement","item":"https:\/\/www.comau.com\/de\/competencies\/consultancy-education\/project-management\/"},{"@type":"ListItem","position":5,"name":"Project Management Academy"}]},{"@type":"WebSite","@id":"https:\/\/www.comau.com\/de\/#website","url":"https:\/\/www.comau.com\/de\/","name":"Comau","description":"Industrial automation and robotics","publisher":{"@id":"https:\/\/www.comau.com\/de\/#organization"},"potentialAction":[{"@type":"SearchAction","target":{"@type":"EntryPoint","urlTemplate":"https:\/\/www.comau.com\/de\/?s={search_term_string}"},"query-input":{"@type":"PropertyValueSpecification","valueRequired":true,"valueName":"search_term_string"}}],"inLanguage":"de"},{"@type":"Organization","@id":"https:\/\/www.comau.com\/de\/#organization","name":"Comau","url":"https:\/\/www.comau.com\/de\/","logo":{"@type":"ImageObject","inLanguage":"de","@id":"https:\/\/www.comau.com\/de\/#\/schema\/logo\/image\/","url":"https:\/\/www.comau.com\/wp-content\/uploads\/2024\/07\/cropped-Logo-COMAU.png","contentUrl":"https:\/\/www.comau.com\/wp-content\/uploads\/2024\/07\/cropped-Logo-COMAU.png","width":434,"height":434,"caption":"Comau"},"image":{"@id":"https:\/\/www.comau.com\/de\/#\/schema\/logo\/image\/"},"sameAs":["https:\/\/www.facebook.com\/COMAU\/","https:\/\/x.com\/comaugroup","https:\/\/www.instagram.com\/comaugroup\/","https:\/\/www.linkedin.com\/company\/comau","https:\/\/www.youtube.com\/user\/comau"]}]}},"_links":{"self":[{"href":"https:\/\/www.comau.com\/de\/wp-json\/wp\/v2\/pages\/23263","targetHints":{"allow":["GET"]}}],"collection":[{"href":"https:\/\/www.comau.com\/de\/wp-json\/wp\/v2\/pages"}],"about":[{"href":"https:\/\/www.comau.com\/de\/wp-json\/wp\/v2\/types\/page"}],"author":[{"embeddable":true,"href":"https:\/\/www.comau.com\/de\/wp-json\/wp\/v2\/users\/11"}],"replies":[{"embeddable":true,"href":"https:\/\/www.comau.com\/de\/wp-json\/wp\/v2\/comments?post=23263"}],"version-history":[{"count":20,"href":"https:\/\/www.comau.com\/de\/wp-json\/wp\/v2\/pages\/23263\/revisions"}],"predecessor-version":[{"id":32521,"href":"https:\/\/www.comau.com\/de\/wp-json\/wp\/v2\/pages\/23263\/revisions\/32521"}],"up":[{"embeddable":true,"href":"https:\/\/www.comau.com\/de\/wp-json\/wp\/v2\/pages\/65280"}],"wp:featuredmedia":[{"embeddable":true,"href":"https:\/\/www.comau.com\/de\/wp-json\/wp\/v2\/media\/10294"}],"wp:attachment":[{"href":"https:\/\/www.comau.com\/de\/wp-json\/wp\/v2\/media?parent=23263"}],"curies":[{"name":"wp","href":"https:\/\/api.w.org\/{rel}","templated":true}]}}