{"id":23258,"date":"2021-06-09T16:06:19","date_gmt":"2021-06-09T14:06:19","guid":{"rendered":"https:\/\/www.comau.com\/?page_id=23258"},"modified":"2022-02-03T17:55:48","modified_gmt":"2022-02-03T16:55:48","slug":"risk-management","status":"publish","type":"page","link":"https:\/\/www.comau.com\/de\/competencies\/systems\/consultancy-education\/project-management\/risk-management\/","title":{"rendered":"Risikomanagement"},"content":{"rendered":"\n<h2 class=\"wp-block-heading\" id=\"risikomanagement-organisation\">Risikomanagement-Organisation<\/h2>\n\n\n\n<p>Das Risikomanagement bildet einen festen Bestandteil der Company Corporate Governance, weil es zum Ziel hat, das Risikopotenzial in Verbindung mit dem Betrieb aller Gesch\u00e4ftsbereiche und Organisationseinheiten zu bestimmen und die entsprechenden Pr\u00e4ventiv- und Begrenzungsma\u00dfnahmen zu treffen.<\/p>\n\n\n\n<p>Es stellt der Organisation die Mittel und Kenntnisse bereit, um Risiken fr\u00fchzeitig zu erkennen, veranlasst die Mitarbeiter auf allen Ebenen, die erforderlichen Schritte einzuleiten, um damit umzugehen.<\/p>\n\n\n\n<p>\nComau wendet seine unternehmensinternen Risikomanagementrichtlinien systematisch auf alle Gesch\u00e4ftsabl\u00e4ufe an und gewichtet die Risiken hinsichtlich Schadenspotenzial und Eintrittswahrscheinlichkeit. Wir sind uns dabei vollkommen bewusst, dass die kontinuierliche \u00dcberwachung und Verbesserung der Effizienz unserer Reaktionsstrategien eine wesentliche Voraussetzung f\u00fcr die Wertsch\u00f6pfung ist, von der Comau, seine Kunden und seine Gesch\u00e4ftspartner profitieren.<\/p>\n\n\n\n<div class=\"wp-block-image\"><figure class=\"aligncenter size-large\"><img decoding=\"async\" width=\"650\" height=\"650\" src=\"https:\/\/www.comau.com\/wp-content\/uploads\/2021\/06\/risk_1.jpg\" alt=\"\" class=\"wp-image-10279\" srcset=\"https:\/\/www.comau.com\/wp-content\/uploads\/2021\/06\/risk_1.jpg 650w, https:\/\/www.comau.com\/wp-content\/uploads\/2021\/06\/risk_1-300x300.jpg 300w, https:\/\/www.comau.com\/wp-content\/uploads\/2021\/06\/risk_1-150x150.jpg 150w\" sizes=\"(max-width: 650px) 100vw, 650px\" \/><\/figure><\/div>\n\n\n\n<h2 class=\"wp-block-heading\" id=\"unternehmens-risikomanagement-anwendungsgebiet\">Unternehmens-Risikomanagement: Anwendungsgebiet<\/h2>\n\n\n\n<p>\u200bComaus Risikomanagement-Organisation ist Teil des Corporate Project Management Office. Seine Aktivit\u00e4ten dienen haupts\u00e4chlich dazu, globale Rahmenbedingungen f\u00fcr das Risikomanagement im Unternehmen zu schaffen und mit den Gesch\u00e4ftsbereichen (Betrieb und Vertrieb) und Funktionen zusammenzuarbeiten, um sicherzustellen, dass:<\/p>\n\n\n\n<ul class=\"wp-block-list\"><li>dem Abschluss neuer Projekte \\ Vertr\u00e4ge stets eine genaue Risikobewertung vorausgegangen ist,<\/li><li>die Projektausf\u00fchrung durch eine systematische Identifizierung, Vermeidung und Begrenzung von Risiken gekennzeichnet ist,<\/li><li>die Ergebnisse von Portfolio (BU, Region)-Risikoanalysen als wertvolle Unterst\u00fctzung betrachtet und bei strategischen Entscheidungen ber\u00fccksichtigt werden.<\/li><\/ul>\n\n\n\n<div class=\"wp-block-image\"><figure class=\"aligncenter size-large\"><img decoding=\"async\" width=\"488\" height=\"325\" src=\"https:\/\/www.comau.com\/wp-content\/uploads\/2021\/06\/risk_2.jpg\" alt=\"\" class=\"wp-image-10284\" srcset=\"https:\/\/www.comau.com\/wp-content\/uploads\/2021\/06\/risk_2.jpg 488w, https:\/\/www.comau.com\/wp-content\/uploads\/2021\/06\/risk_2-300x200.jpg 300w\" sizes=\"(max-width: 488px) 100vw, 488px\" \/><\/figure><\/div>\n\n\n\n<p>\u200b\u200bDes Weiteren ist Comaus Risikomanagement-Organisation verantwortlich f\u00fcr:<\/p>\n\n\n\n<ul class=\"wp-block-list\"><li>Entwicklung, Organisation und Bereitstellung von Schulungsseminaren f\u00fcr Comau-Mitarbeiter weltweit, um die Weitergabe und Standardisierung bew\u00e4hrter Vorgehensweisen und Praktiken sicherzustellen,<\/li><li>Definition, Entwicklung und Verteilung fortschrittlicher Instrumente, um die Risikomanagementbem\u00fchungen f\u00fcr die Project and Sales Management-Teams zu vereinfachen und effizienter zu machen,<\/li><li>Minimierung des Potenzials systematisch wiederkehrender Risiken, indem entsprechende Erfahrungen erfasst und als wertvoller, f\u00fcr jeden im Unternehmen zug\u00e4nglicher Unternehmenswert bereitgestellt werden,<\/li><li>Gew\u00e4hrleistung, dass kontinuierliche Verbesserungen in der Praxis erzielt werden.  <\/li><\/ul>\n\n\n\n<div class=\"wp-block-image\"><figure class=\"aligncenter size-large\"><img decoding=\"async\" width=\"809\" height=\"444\" src=\"https:\/\/www.comau.com\/wp-content\/uploads\/2021\/06\/risk_3.jpg\" alt=\"\" class=\"wp-image-10289\" srcset=\"https:\/\/www.comau.com\/wp-content\/uploads\/2021\/06\/risk_3.jpg 809w, https:\/\/www.comau.com\/wp-content\/uploads\/2021\/06\/risk_3-300x165.jpg 300w, https:\/\/www.comau.com\/wp-content\/uploads\/2021\/06\/risk_3-768x421.jpg 768w\" sizes=\"(max-width: 809px) 100vw, 809px\" \/><\/figure><\/div>\n","protected":false},"excerpt":{"rendered":"<p>Risikomanagement-Organisation Das Risikomanagement bildet einen festen Bestandteil der Company Corporate Governance, weil es zum Ziel hat, das Risikopotenzial in Verbindung mit dem Betrieb aller Gesch\u00e4ftsbereiche und Organisationseinheiten zu bestimmen und die entsprechenden Pr\u00e4ventiv- und Begrenzungsma\u00dfnahmen zu treffen. Es stellt der Organisation die Mittel und Kenntnisse bereit, um Risiken fr\u00fchzeitig zu erkennen, veranlasst die Mitarbeiter auf [&hellip;]<\/p>\n","protected":false},"author":11,"featured_media":10274,"parent":6462,"menu_order":1,"comment_status":"closed","ping_status":"closed","template":"","meta":{"_acf_changed":false,"ep_exclude_from_search":false,"footnotes":""},"class_list":["post-23258","page","type-page","status-publish","has-post-thumbnail","hentry"],"acf":[],"yoast_head":"<!-- This site is optimized with the Yoast SEO plugin v26.9 - https:\/\/yoast.com\/product\/yoast-seo-wordpress\/ -->\n<title>Unsere Leistungen: Risk Management | Comau<\/title>\n<meta name=\"description\" content=\"Comau bietet seinen Kunden L\u00f6ungen f\u00fcr das Betriebsriskomanagement, mit Risikoanalyse und -bewertung: Entdecken Sie das Programm.\" \/>\n<meta name=\"robots\" content=\"index, follow, max-snippet:-1, max-image-preview:large, max-video-preview:-1\" \/>\n<link rel=\"canonical\" href=\"https:\/\/www.comau.com\/de\/competencies\/systems\/consultancy-education\/project-management\/risk-management\/\" \/>\n<meta property=\"og:locale\" content=\"de_DE\" \/>\n<meta property=\"og:type\" content=\"article\" \/>\n<meta property=\"og:title\" content=\"Unsere Leistungen: Risk Management | Comau\" \/>\n<meta property=\"og:description\" content=\"Comau bietet seinen Kunden L\u00f6ungen f\u00fcr das Betriebsriskomanagement, mit Risikoanalyse und -bewertung: Entdecken Sie das Programm.\" \/>\n<meta property=\"og:url\" content=\"https:\/\/www.comau.com\/de\/competencies\/systems\/consultancy-education\/project-management\/risk-management\/\" \/>\n<meta property=\"og:site_name\" content=\"Comau\" \/>\n<meta property=\"article:publisher\" content=\"https:\/\/www.facebook.com\/COMAU\/\" \/>\n<meta property=\"article:modified_time\" content=\"2022-02-03T16:55:48+00:00\" \/>\n<meta property=\"og:image\" content=\"https:\/\/www.comau.com\/wp-content\/uploads\/2021\/06\/riskmanagement_header.jpg\" \/>\n\t<meta property=\"og:image:width\" content=\"1280\" \/>\n\t<meta property=\"og:image:height\" content=\"485\" \/>\n\t<meta property=\"og:image:type\" content=\"image\/jpeg\" \/>\n<meta name=\"twitter:card\" content=\"summary_large_image\" \/>\n<meta name=\"twitter:site\" content=\"@comaugroup\" \/>\n<meta name=\"twitter:label1\" content=\"Gesch\u00e4tzte Lesezeit\" \/>\n\t<meta name=\"twitter:data1\" content=\"2\u00a0Minuten\" \/>\n<script type=\"application\/ld+json\" class=\"yoast-schema-graph\">{\"@context\":\"https:\/\/schema.org\",\"@graph\":[{\"@type\":\"WebPage\",\"@id\":\"https:\/\/www.comau.com\/de\/competencies\/systems\/consultancy-education\/project-management\/risk-management\/\",\"url\":\"https:\/\/www.comau.com\/de\/competencies\/systems\/consultancy-education\/project-management\/risk-management\/\",\"name\":\"Unsere Leistungen: Risk Management | Comau\",\"isPartOf\":{\"@id\":\"https:\/\/www.comau.com\/de\/#website\"},\"primaryImageOfPage\":{\"@id\":\"https:\/\/www.comau.com\/de\/competencies\/systems\/consultancy-education\/project-management\/risk-management\/#primaryimage\"},\"image\":{\"@id\":\"https:\/\/www.comau.com\/de\/competencies\/systems\/consultancy-education\/project-management\/risk-management\/#primaryimage\"},\"thumbnailUrl\":\"https:\/\/www.comau.com\/wp-content\/uploads\/2021\/06\/riskmanagement_header.jpg\",\"datePublished\":\"2021-06-09T14:06:19+00:00\",\"dateModified\":\"2022-02-03T16:55:48+00:00\",\"description\":\"Comau bietet seinen Kunden L\u00f6ungen f\u00fcr das Betriebsriskomanagement, mit Risikoanalyse und -bewertung: Entdecken Sie das Programm.\",\"breadcrumb\":{\"@id\":\"https:\/\/www.comau.com\/de\/competencies\/systems\/consultancy-education\/project-management\/risk-management\/#breadcrumb\"},\"inLanguage\":\"de\",\"potentialAction\":[{\"@type\":\"ReadAction\",\"target\":[\"https:\/\/www.comau.com\/de\/competencies\/systems\/consultancy-education\/project-management\/risk-management\/\"]}]},{\"@type\":\"ImageObject\",\"inLanguage\":\"de\",\"@id\":\"https:\/\/www.comau.com\/de\/competencies\/systems\/consultancy-education\/project-management\/risk-management\/#primaryimage\",\"url\":\"https:\/\/www.comau.com\/wp-content\/uploads\/2021\/06\/riskmanagement_header.jpg\",\"contentUrl\":\"https:\/\/www.comau.com\/wp-content\/uploads\/2021\/06\/riskmanagement_header.jpg\",\"width\":1280,\"height\":485},{\"@type\":\"BreadcrumbList\",\"@id\":\"https:\/\/www.comau.com\/de\/competencies\/systems\/consultancy-education\/project-management\/risk-management\/#breadcrumb\",\"itemListElement\":[{\"@type\":\"ListItem\",\"position\":1,\"name\":\"Home\",\"item\":\"https:\/\/www.comau.com\/de\/\"},{\"@type\":\"ListItem\",\"position\":2,\"name\":\"Unsere Kompetenzen\",\"item\":\"https:\/\/www.comau.com\/de\/competencies\/\"},{\"@type\":\"ListItem\",\"position\":3,\"name\":\"Consultancy &amp; Education\",\"item\":\"https:\/\/www.comau.com\/de\/competencies\/consultancy-education\/\"},{\"@type\":\"ListItem\",\"position\":4,\"name\":\"Projektmanagement\",\"item\":\"https:\/\/www.comau.com\/de\/competencies\/consultancy-education\/project-management\/\"},{\"@type\":\"ListItem\",\"position\":5,\"name\":\"Risikomanagement\"}]},{\"@type\":\"WebSite\",\"@id\":\"https:\/\/www.comau.com\/de\/#website\",\"url\":\"https:\/\/www.comau.com\/de\/\",\"name\":\"Comau\",\"description\":\"Industrial automation and robotics\",\"publisher\":{\"@id\":\"https:\/\/www.comau.com\/de\/#organization\"},\"potentialAction\":[{\"@type\":\"SearchAction\",\"target\":{\"@type\":\"EntryPoint\",\"urlTemplate\":\"https:\/\/www.comau.com\/de\/?s={search_term_string}\"},\"query-input\":{\"@type\":\"PropertyValueSpecification\",\"valueRequired\":true,\"valueName\":\"search_term_string\"}}],\"inLanguage\":\"de\"},{\"@type\":\"Organization\",\"@id\":\"https:\/\/www.comau.com\/de\/#organization\",\"name\":\"Comau\",\"url\":\"https:\/\/www.comau.com\/de\/\",\"logo\":{\"@type\":\"ImageObject\",\"inLanguage\":\"de\",\"@id\":\"https:\/\/www.comau.com\/de\/#\/schema\/logo\/image\/\",\"url\":\"https:\/\/www.comau.com\/wp-content\/uploads\/2024\/07\/cropped-Logo-COMAU.png\",\"contentUrl\":\"https:\/\/www.comau.com\/wp-content\/uploads\/2024\/07\/cropped-Logo-COMAU.png\",\"width\":434,\"height\":434,\"caption\":\"Comau\"},\"image\":{\"@id\":\"https:\/\/www.comau.com\/de\/#\/schema\/logo\/image\/\"},\"sameAs\":[\"https:\/\/www.facebook.com\/COMAU\/\",\"https:\/\/x.com\/comaugroup\",\"https:\/\/www.instagram.com\/comaugroup\/\",\"https:\/\/www.linkedin.com\/company\/comau\",\"https:\/\/www.youtube.com\/user\/comau\"]}]}<\/script>\n<!-- \/ Yoast SEO plugin. -->","yoast_head_json":{"title":"Unsere Leistungen: Risk Management | Comau","description":"Comau bietet seinen Kunden L\u00f6ungen f\u00fcr das Betriebsriskomanagement, mit Risikoanalyse und -bewertung: Entdecken Sie das Programm.","robots":{"index":"index","follow":"follow","max-snippet":"max-snippet:-1","max-image-preview":"max-image-preview:large","max-video-preview":"max-video-preview:-1"},"canonical":"https:\/\/www.comau.com\/de\/competencies\/systems\/consultancy-education\/project-management\/risk-management\/","og_locale":"de_DE","og_type":"article","og_title":"Unsere Leistungen: Risk Management | Comau","og_description":"Comau bietet seinen Kunden L\u00f6ungen f\u00fcr das Betriebsriskomanagement, mit Risikoanalyse und -bewertung: Entdecken Sie das Programm.","og_url":"https:\/\/www.comau.com\/de\/competencies\/systems\/consultancy-education\/project-management\/risk-management\/","og_site_name":"Comau","article_publisher":"https:\/\/www.facebook.com\/COMAU\/","article_modified_time":"2022-02-03T16:55:48+00:00","og_image":[{"width":1280,"height":485,"url":"https:\/\/www.comau.com\/wp-content\/uploads\/2021\/06\/riskmanagement_header.jpg","type":"image\/jpeg"}],"twitter_card":"summary_large_image","twitter_site":"@comaugroup","twitter_misc":{"Gesch\u00e4tzte Lesezeit":"2\u00a0Minuten"},"schema":{"@context":"https:\/\/schema.org","@graph":[{"@type":"WebPage","@id":"https:\/\/www.comau.com\/de\/competencies\/systems\/consultancy-education\/project-management\/risk-management\/","url":"https:\/\/www.comau.com\/de\/competencies\/systems\/consultancy-education\/project-management\/risk-management\/","name":"Unsere Leistungen: Risk Management | Comau","isPartOf":{"@id":"https:\/\/www.comau.com\/de\/#website"},"primaryImageOfPage":{"@id":"https:\/\/www.comau.com\/de\/competencies\/systems\/consultancy-education\/project-management\/risk-management\/#primaryimage"},"image":{"@id":"https:\/\/www.comau.com\/de\/competencies\/systems\/consultancy-education\/project-management\/risk-management\/#primaryimage"},"thumbnailUrl":"https:\/\/www.comau.com\/wp-content\/uploads\/2021\/06\/riskmanagement_header.jpg","datePublished":"2021-06-09T14:06:19+00:00","dateModified":"2022-02-03T16:55:48+00:00","description":"Comau bietet seinen Kunden L\u00f6ungen f\u00fcr das Betriebsriskomanagement, mit Risikoanalyse und -bewertung: Entdecken Sie das Programm.","breadcrumb":{"@id":"https:\/\/www.comau.com\/de\/competencies\/systems\/consultancy-education\/project-management\/risk-management\/#breadcrumb"},"inLanguage":"de","potentialAction":[{"@type":"ReadAction","target":["https:\/\/www.comau.com\/de\/competencies\/systems\/consultancy-education\/project-management\/risk-management\/"]}]},{"@type":"ImageObject","inLanguage":"de","@id":"https:\/\/www.comau.com\/de\/competencies\/systems\/consultancy-education\/project-management\/risk-management\/#primaryimage","url":"https:\/\/www.comau.com\/wp-content\/uploads\/2021\/06\/riskmanagement_header.jpg","contentUrl":"https:\/\/www.comau.com\/wp-content\/uploads\/2021\/06\/riskmanagement_header.jpg","width":1280,"height":485},{"@type":"BreadcrumbList","@id":"https:\/\/www.comau.com\/de\/competencies\/systems\/consultancy-education\/project-management\/risk-management\/#breadcrumb","itemListElement":[{"@type":"ListItem","position":1,"name":"Home","item":"https:\/\/www.comau.com\/de\/"},{"@type":"ListItem","position":2,"name":"Unsere Kompetenzen","item":"https:\/\/www.comau.com\/de\/competencies\/"},{"@type":"ListItem","position":3,"name":"Consultancy &amp; Education","item":"https:\/\/www.comau.com\/de\/competencies\/consultancy-education\/"},{"@type":"ListItem","position":4,"name":"Projektmanagement","item":"https:\/\/www.comau.com\/de\/competencies\/consultancy-education\/project-management\/"},{"@type":"ListItem","position":5,"name":"Risikomanagement"}]},{"@type":"WebSite","@id":"https:\/\/www.comau.com\/de\/#website","url":"https:\/\/www.comau.com\/de\/","name":"Comau","description":"Industrial automation and robotics","publisher":{"@id":"https:\/\/www.comau.com\/de\/#organization"},"potentialAction":[{"@type":"SearchAction","target":{"@type":"EntryPoint","urlTemplate":"https:\/\/www.comau.com\/de\/?s={search_term_string}"},"query-input":{"@type":"PropertyValueSpecification","valueRequired":true,"valueName":"search_term_string"}}],"inLanguage":"de"},{"@type":"Organization","@id":"https:\/\/www.comau.com\/de\/#organization","name":"Comau","url":"https:\/\/www.comau.com\/de\/","logo":{"@type":"ImageObject","inLanguage":"de","@id":"https:\/\/www.comau.com\/de\/#\/schema\/logo\/image\/","url":"https:\/\/www.comau.com\/wp-content\/uploads\/2024\/07\/cropped-Logo-COMAU.png","contentUrl":"https:\/\/www.comau.com\/wp-content\/uploads\/2024\/07\/cropped-Logo-COMAU.png","width":434,"height":434,"caption":"Comau"},"image":{"@id":"https:\/\/www.comau.com\/de\/#\/schema\/logo\/image\/"},"sameAs":["https:\/\/www.facebook.com\/COMAU\/","https:\/\/x.com\/comaugroup","https:\/\/www.instagram.com\/comaugroup\/","https:\/\/www.linkedin.com\/company\/comau","https:\/\/www.youtube.com\/user\/comau"]}]}},"_links":{"self":[{"href":"https:\/\/www.comau.com\/de\/wp-json\/wp\/v2\/pages\/23258","targetHints":{"allow":["GET"]}}],"collection":[{"href":"https:\/\/www.comau.com\/de\/wp-json\/wp\/v2\/pages"}],"about":[{"href":"https:\/\/www.comau.com\/de\/wp-json\/wp\/v2\/types\/page"}],"author":[{"embeddable":true,"href":"https:\/\/www.comau.com\/de\/wp-json\/wp\/v2\/users\/11"}],"replies":[{"embeddable":true,"href":"https:\/\/www.comau.com\/de\/wp-json\/wp\/v2\/comments?post=23258"}],"version-history":[{"count":19,"href":"https:\/\/www.comau.com\/de\/wp-json\/wp\/v2\/pages\/23258\/revisions"}],"predecessor-version":[{"id":41765,"href":"https:\/\/www.comau.com\/de\/wp-json\/wp\/v2\/pages\/23258\/revisions\/41765"}],"up":[{"embeddable":true,"href":"https:\/\/www.comau.com\/de\/wp-json\/wp\/v2\/pages\/6462"}],"wp:featuredmedia":[{"embeddable":true,"href":"https:\/\/www.comau.com\/de\/wp-json\/wp\/v2\/media\/10274"}],"wp:attachment":[{"href":"https:\/\/www.comau.com\/de\/wp-json\/wp\/v2\/media?parent=23258"}],"curies":[{"name":"wp","href":"https:\/\/api.w.org\/{rel}","templated":true}]}}