{"id":23208,"date":"2021-07-01T01:04:55","date_gmt":"2021-06-30T23:04:55","guid":{"rendered":"https:\/\/www.comau.com\/?page_id=23208"},"modified":"2022-10-10T18:23:13","modified_gmt":"2022-10-10T16:23:13","slug":"in-grid","status":"publish","type":"page","link":"https:\/\/www.comau.com\/de\/competencies\/products-solutions\/digital-initiatives\/technologies\/in-grid\/","title":{"rendered":"In.Grid"},"content":{"rendered":"\n<p>Unsere innovative Vernetzungsplattform kombiniert die digitale und die physikalische Welt mittels Sensorisierung, Datenanalyse und Echtzeit\u00fcberwachung von Ausr\u00fcstung und Systemen.<\/p>\n\n\n\n<p>In.Grid vereinfacht die Erfassung und den Austausch von Daten, indem sie Fertigungsmaschinen und -ausr\u00fcstung von Comau und Drittanbietern miteinander vernetzt, um eine\nProzess-\/Technologiedaten\u00fcberwachung und -telemetrie zum Zwecke der vorbeugenden Instandhaltung und Produktivit\u00e4tssteigerung zu erm\u00f6glichen.\nDank pers\u00f6nlicher Ger\u00e4te (z. B. Smartwatch, Tablet), die den Bedienern bereitgestellt werden, verfolgt in.Grid zudem nicht nur automatisierte Produktionsabl\u00e4ufe, sondern auch manuelle.\nIndem Kommunikation, Datenkontrolle und -analyse innerhalb einer einfachen, benutzerfreundlichen Plattform zusammengefasst sind, k\u00f6nnen Sie mit In.Grid das Potenzial der Industrie 4.0 auf kosteng\u00fcnstige und h\u00f6chst effiziente Weise nutzen. <\/p>\n\n\n\n<p>Datenerfassung, -verarbeitung und -konnektivit\u00e4t erfolgen auf Maschinen-, Linien- oder Anlagenebene, wobei sich die Datenanalyseplattform mit ihren speziellen Algorithmen, AI (Artificial Intelligence)-M\u00f6glichkeiten und Speicherfunktionen in der Anlage selbst, einem externen Rechenzentrum oder einer Private Cloud befinden kann. Anschlie\u00dfend werden die gemeinsam nutzbaren Informationen \u00fcber Touchscreen-Computer, mobile Ger\u00e4te und Wearable-Elektronik auf Linienebene weitergegeben. <\/p>\n\n\n\n<div class=\"wp-block-getwid-toggle download-dropdown has-icon-left\">\n<div class=\"wp-block-getwid-toggle__row\"><div class=\"wp-block-getwid-toggle__header-wrapper\"><span class=\"wp-block-getwid-toggle__header\"><a href=\"#\"><span class=\"wp-block-getwid-toggle__header-title\">Download the brochure<\/span><span class=\"wp-block-getwid-toggle__icon is-active\"><i class=\"fas fa-plus\"><\/i><\/span><span class=\"wp-block-getwid-toggle__icon is-passive\"><i class=\"fas fa-minus\"><\/i><\/span><\/a><\/span><\/div><div class=\"wp-block-getwid-toggle__content-wrapper\"><div class=\"wp-block-getwid-toggle__content\">\n<div class=\"wp-block-getwid-button-group\"><div class=\"wp-block-getwid-button-group__wrapper\">\n<div class=\"wp-block-button\"><a class=\"wp-block-button__link\" href=\"https:\/\/www.comau.com\/wp-content\/uploads\/2022\/10\/Ingrid-Demo.pdf\" target=\"_blank\" rel=\"noreferrer noopener\">Comau_inGrid_Brochure<\/a><\/div>\n<\/div><\/div>\n<\/div><\/div><\/div>\n<\/div>\n\n\n\n<figure class=\"wp-block-embed is-type-video is-provider-youtube wp-block-embed-youtube wp-embed-aspect-16-9 wp-has-aspect-ratio\"><div class=\"wp-block-embed__wrapper\">\n<iframe title=\"Comau in.Grid - Cross Competency Digital Platform\" width=\"640\" height=\"360\" src=\"https:\/\/www.youtube.com\/embed\/77uGVMrZ3bg?feature=oembed\" frameborder=\"0\" allow=\"accelerometer; autoplay; clipboard-write; encrypted-media; gyroscope; picture-in-picture; web-share\" referrerpolicy=\"strict-origin-when-cross-origin\" allowfullscreen><\/iframe>\n<\/div><\/figure>\n\n\n\n<h2 class=\"wp-block-heading\">Hauptmerkmale<\/h2>\n\n\n\n<ul class=\"wp-block-list\"><li>Umfassende Prozess- und Technologiedaten\u00fcberwachung und -telemetrie<\/li><li>Unterst\u00fctzung einer Onsite-, Offsite- und Cloud-Datenspeicherung<\/li><li>Datenanalyse zur zustandsorientierten Instandhaltung und Fr\u00fchwarnung<\/li><li>Bedienerfreundliche und mit Wearable-Technologie vollst\u00e4ndig kompatible Schnittstelle<\/li><li>Markenunabh\u00e4ngige Infrastruktur<\/li><li>\u00dcberwachte Algorithmen basierend auf Kundenbed\u00fcrfnissen und -anforderungen<\/li><\/ul>\n\n\n\n<h2 class=\"wp-block-heading\">Wesentliche Vorteile<\/h2>\n\n\n\n<ul class=\"wp-block-list\"><li>Rasche \u00dcberpr\u00fcfung von Produktionsparametern in jeder Phase des Fertigungsprozesses<\/li><li>Rationalisierung von Instandhaltungsma\u00dfnahmen und Vermeidung von Problemen schon vor deren Auftreten<\/li><li>Effizientere, optimierte Fertigung bei gleichzeitiger Reduzierung der Durchlaufzeiten<\/li><li>H\u00f6here Produktivit\u00e4t, bessere Qualit\u00e4t und k\u00fcrzere Markteinf\u00fchrungszeiten durch \u00dcberpr\u00fcfung des Fertigungslinienverhaltens<\/li><li>Offene Plattform unterst\u00fctzt Maschinen\/Prozesse sowohl von Comau als auch Drittanbietern<\/li><li>Vielf\u00e4ltige, je nach Kundenanforderung individualisierbare Datenspeicheroptionen<\/li><li>Schnittstellenoption f\u00fcr eine Digital Twin-Echtzeitarchitektur <\/li><\/ul>\n\n\n\n<h2 class=\"wp-block-heading\">in.Grid-angebot<\/h2>\n\n\n\n<div class=\"wp-block-columns columns-bg-dark is-layout-flex wp-container-core-columns-is-layout-9d6595d7 wp-block-columns-is-layout-flex\">\n<div class=\"wp-block-column is-layout-flow wp-block-column-is-layout-flow\">\n<figure class=\"wp-block-image size-large\"><img decoding=\"async\" width=\"199\" height=\"37\" src=\"https:\/\/www.comau.com\/wp-content\/uploads\/2021\/06\/in_grid_lot.png\" alt=\"in.Grid IOT\" class=\"wp-image-10054\" \/><\/figure>\n\n\n\n<p>Diese L\u00f6sung erfasst Echtzeitinformationen von Maschinen und ihren Teilkomponenten, um deren Betriebszustand zu \u00fcberwachen und durch fortschrittliche Algorithmen, die eine pr\u00e4diktive Instandhaltung erm\u00f6glichen, die Wartungskosten zu senken.\nAngebot:<\/p>\n\n\n\n<ul class=\"wp-block-list\"><li>Beratung und Bewertung<\/li><li>Machine IoT-Realisierung<\/li><li>Datenanalyse- und fortschrittliche Telemetrieplattform<\/li><\/ul>\n<\/div>\n\n\n\n<div class=\"wp-block-column is-layout-flow wp-block-column-is-layout-flow\">\n<figure class=\"wp-block-image size-large\"><img decoding=\"async\" width=\"200\" height=\"37\" src=\"https:\/\/www.comau.com\/wp-content\/uploads\/2021\/06\/in_grid_mes.png\" alt=\"in.Grid MES\" class=\"wp-image-10059\" \/><\/figure>\n\n\n\n<p>Diese L\u00f6sung f\u00fcr den Fertigungsbereich erfasst in Echtzeit s\u00e4mtliche Produktionsdaten \u2013 von der Rohmaterialannahme bis zum Fertigproduktversand.\nAngebot:<\/p>\n\n\n\n<ul class=\"wp-block-list\"><li>Produktionsplanungs-, -optimierungs- und -terminierungs-Algorithmus und Datenr\u00fcckverfolgbarkeit <\/li><li>Digitales Step-by-Step SOP (Standing Operating Procedure)<\/li><li>Integration vorhandener Systeme<\/li><\/ul>\n<\/div>\n<\/div>\n","protected":false},"excerpt":{"rendered":"<p>Unsere innovative Vernetzungsplattform kombiniert die digitale und die physikalische Welt mittels Sensorisierung, Datenanalyse und Echtzeit\u00fcberwachung von Ausr\u00fcstung und Systemen. In.Grid vereinfacht die Erfassung und den Austausch von Daten, indem sie Fertigungsmaschinen und -ausr\u00fcstung von Comau und Drittanbietern miteinander vernetzt, um eine Prozess-\/Technologiedaten\u00fcberwachung und -telemetrie zum Zwecke der vorbeugenden Instandhaltung und Produktivit\u00e4tssteigerung zu erm\u00f6glichen. Dank pers\u00f6nlicher [&hellip;]<\/p>\n","protected":false},"author":11,"featured_media":10044,"parent":6217,"menu_order":12,"comment_status":"closed","ping_status":"closed","template":"","meta":{"_acf_changed":false,"ep_exclude_from_search":false,"footnotes":""},"class_list":["post-23208","page","type-page","status-publish","has-post-thumbnail","hentry"],"acf":[],"yoast_head":"<!-- This site is optimized with the Yoast SEO plugin v26.9 - https:\/\/yoast.com\/product\/yoast-seo-wordpress\/ -->\n<title>In.Grid - Comau<\/title>\n<meta name=\"robots\" content=\"index, follow, max-snippet:-1, max-image-preview:large, max-video-preview:-1\" \/>\n<link rel=\"canonical\" href=\"https:\/\/www.comau.com\/de\/competencies\/products-solutions\/digital-initiatives\/technologies\/in-grid\/\" \/>\n<meta property=\"og:locale\" content=\"de_DE\" \/>\n<meta property=\"og:type\" content=\"article\" \/>\n<meta property=\"og:title\" content=\"In.Grid - Comau\" \/>\n<meta property=\"og:description\" content=\"Unsere innovative Vernetzungsplattform kombiniert die digitale und die physikalische Welt mittels Sensorisierung, Datenanalyse und Echtzeit\u00fcberwachung von Ausr\u00fcstung und Systemen. In.Grid vereinfacht die Erfassung und den Austausch von Daten, indem sie Fertigungsmaschinen und -ausr\u00fcstung von Comau und Drittanbietern miteinander vernetzt, um eine Prozess-\/Technologiedaten\u00fcberwachung und -telemetrie zum Zwecke der vorbeugenden Instandhaltung und Produktivit\u00e4tssteigerung zu erm\u00f6glichen. Dank pers\u00f6nlicher [&hellip;]\" \/>\n<meta property=\"og:url\" content=\"https:\/\/www.comau.com\/de\/competencies\/products-solutions\/digital-initiatives\/technologies\/in-grid\/\" \/>\n<meta property=\"og:site_name\" content=\"Comau\" \/>\n<meta property=\"article:publisher\" content=\"https:\/\/www.facebook.com\/COMAU\/\" \/>\n<meta property=\"article:modified_time\" content=\"2022-10-10T16:23:13+00:00\" \/>\n<meta property=\"og:image\" content=\"https:\/\/www.comau.com\/wp-content\/uploads\/2021\/06\/inGRID_header.png\" \/>\n\t<meta property=\"og:image:width\" content=\"1280\" \/>\n\t<meta property=\"og:image:height\" content=\"485\" \/>\n\t<meta property=\"og:image:type\" content=\"image\/png\" \/>\n<meta name=\"twitter:card\" content=\"summary_large_image\" \/>\n<meta name=\"twitter:site\" content=\"@comaugroup\" \/>\n<meta name=\"twitter:label1\" content=\"Gesch\u00e4tzte Lesezeit\" \/>\n\t<meta name=\"twitter:data1\" content=\"3\u00a0Minuten\" \/>\n<script type=\"application\/ld+json\" class=\"yoast-schema-graph\">{\"@context\":\"https:\/\/schema.org\",\"@graph\":[{\"@type\":\"WebPage\",\"@id\":\"https:\/\/www.comau.com\/de\/competencies\/products-solutions\/digital-initiatives\/technologies\/in-grid\/\",\"url\":\"https:\/\/www.comau.com\/de\/competencies\/products-solutions\/digital-initiatives\/technologies\/in-grid\/\",\"name\":\"In.Grid - Comau\",\"isPartOf\":{\"@id\":\"https:\/\/www.comau.com\/de\/#website\"},\"primaryImageOfPage\":{\"@id\":\"https:\/\/www.comau.com\/de\/competencies\/products-solutions\/digital-initiatives\/technologies\/in-grid\/#primaryimage\"},\"image\":{\"@id\":\"https:\/\/www.comau.com\/de\/competencies\/products-solutions\/digital-initiatives\/technologies\/in-grid\/#primaryimage\"},\"thumbnailUrl\":\"https:\/\/www.comau.com\/wp-content\/uploads\/2021\/06\/inGRID_header.png\",\"datePublished\":\"2021-06-30T23:04:55+00:00\",\"dateModified\":\"2022-10-10T16:23:13+00:00\",\"breadcrumb\":{\"@id\":\"https:\/\/www.comau.com\/de\/competencies\/products-solutions\/digital-initiatives\/technologies\/in-grid\/#breadcrumb\"},\"inLanguage\":\"de\",\"potentialAction\":[{\"@type\":\"ReadAction\",\"target\":[\"https:\/\/www.comau.com\/de\/competencies\/products-solutions\/digital-initiatives\/technologies\/in-grid\/\"]}]},{\"@type\":\"ImageObject\",\"inLanguage\":\"de\",\"@id\":\"https:\/\/www.comau.com\/de\/competencies\/products-solutions\/digital-initiatives\/technologies\/in-grid\/#primaryimage\",\"url\":\"https:\/\/www.comau.com\/wp-content\/uploads\/2021\/06\/inGRID_header.png\",\"contentUrl\":\"https:\/\/www.comau.com\/wp-content\/uploads\/2021\/06\/inGRID_header.png\",\"width\":1280,\"height\":485},{\"@type\":\"BreadcrumbList\",\"@id\":\"https:\/\/www.comau.com\/de\/competencies\/products-solutions\/digital-initiatives\/technologies\/in-grid\/#breadcrumb\",\"itemListElement\":[{\"@type\":\"ListItem\",\"position\":1,\"name\":\"Home\",\"item\":\"https:\/\/www.comau.com\/de\/\"},{\"@type\":\"ListItem\",\"position\":2,\"name\":\"Unsere Kompetenzen\",\"item\":\"https:\/\/www.comau.com\/de\/competencies\/\"},{\"@type\":\"ListItem\",\"position\":3,\"name\":\"Digital initiatives\",\"item\":\"https:\/\/www.comau.com\/de\/competencies\/digital-initiatives\/\"},{\"@type\":\"ListItem\",\"position\":4,\"name\":\"Technologien\",\"item\":\"https:\/\/www.comau.com\/de\/competencies\/digital-initiatives\/technologies\/\"},{\"@type\":\"ListItem\",\"position\":5,\"name\":\"In.Grid\"}]},{\"@type\":\"WebSite\",\"@id\":\"https:\/\/www.comau.com\/de\/#website\",\"url\":\"https:\/\/www.comau.com\/de\/\",\"name\":\"Comau\",\"description\":\"Industrial automation and robotics\",\"publisher\":{\"@id\":\"https:\/\/www.comau.com\/de\/#organization\"},\"potentialAction\":[{\"@type\":\"SearchAction\",\"target\":{\"@type\":\"EntryPoint\",\"urlTemplate\":\"https:\/\/www.comau.com\/de\/?s={search_term_string}\"},\"query-input\":{\"@type\":\"PropertyValueSpecification\",\"valueRequired\":true,\"valueName\":\"search_term_string\"}}],\"inLanguage\":\"de\"},{\"@type\":\"Organization\",\"@id\":\"https:\/\/www.comau.com\/de\/#organization\",\"name\":\"Comau\",\"url\":\"https:\/\/www.comau.com\/de\/\",\"logo\":{\"@type\":\"ImageObject\",\"inLanguage\":\"de\",\"@id\":\"https:\/\/www.comau.com\/de\/#\/schema\/logo\/image\/\",\"url\":\"https:\/\/www.comau.com\/wp-content\/uploads\/2024\/07\/cropped-Logo-COMAU.png\",\"contentUrl\":\"https:\/\/www.comau.com\/wp-content\/uploads\/2024\/07\/cropped-Logo-COMAU.png\",\"width\":434,\"height\":434,\"caption\":\"Comau\"},\"image\":{\"@id\":\"https:\/\/www.comau.com\/de\/#\/schema\/logo\/image\/\"},\"sameAs\":[\"https:\/\/www.facebook.com\/COMAU\/\",\"https:\/\/x.com\/comaugroup\",\"https:\/\/www.instagram.com\/comaugroup\/\",\"https:\/\/www.linkedin.com\/company\/comau\",\"https:\/\/www.youtube.com\/user\/comau\"]}]}<\/script>\n<!-- \/ Yoast SEO plugin. -->","yoast_head_json":{"title":"In.Grid - Comau","robots":{"index":"index","follow":"follow","max-snippet":"max-snippet:-1","max-image-preview":"max-image-preview:large","max-video-preview":"max-video-preview:-1"},"canonical":"https:\/\/www.comau.com\/de\/competencies\/products-solutions\/digital-initiatives\/technologies\/in-grid\/","og_locale":"de_DE","og_type":"article","og_title":"In.Grid - Comau","og_description":"Unsere innovative Vernetzungsplattform kombiniert die digitale und die physikalische Welt mittels Sensorisierung, Datenanalyse und Echtzeit\u00fcberwachung von Ausr\u00fcstung und Systemen. In.Grid vereinfacht die Erfassung und den Austausch von Daten, indem sie Fertigungsmaschinen und -ausr\u00fcstung von Comau und Drittanbietern miteinander vernetzt, um eine Prozess-\/Technologiedaten\u00fcberwachung und -telemetrie zum Zwecke der vorbeugenden Instandhaltung und Produktivit\u00e4tssteigerung zu erm\u00f6glichen. Dank pers\u00f6nlicher [&hellip;]","og_url":"https:\/\/www.comau.com\/de\/competencies\/products-solutions\/digital-initiatives\/technologies\/in-grid\/","og_site_name":"Comau","article_publisher":"https:\/\/www.facebook.com\/COMAU\/","article_modified_time":"2022-10-10T16:23:13+00:00","og_image":[{"width":1280,"height":485,"url":"https:\/\/www.comau.com\/wp-content\/uploads\/2021\/06\/inGRID_header.png","type":"image\/png"}],"twitter_card":"summary_large_image","twitter_site":"@comaugroup","twitter_misc":{"Gesch\u00e4tzte Lesezeit":"3\u00a0Minuten"},"schema":{"@context":"https:\/\/schema.org","@graph":[{"@type":"WebPage","@id":"https:\/\/www.comau.com\/de\/competencies\/products-solutions\/digital-initiatives\/technologies\/in-grid\/","url":"https:\/\/www.comau.com\/de\/competencies\/products-solutions\/digital-initiatives\/technologies\/in-grid\/","name":"In.Grid - Comau","isPartOf":{"@id":"https:\/\/www.comau.com\/de\/#website"},"primaryImageOfPage":{"@id":"https:\/\/www.comau.com\/de\/competencies\/products-solutions\/digital-initiatives\/technologies\/in-grid\/#primaryimage"},"image":{"@id":"https:\/\/www.comau.com\/de\/competencies\/products-solutions\/digital-initiatives\/technologies\/in-grid\/#primaryimage"},"thumbnailUrl":"https:\/\/www.comau.com\/wp-content\/uploads\/2021\/06\/inGRID_header.png","datePublished":"2021-06-30T23:04:55+00:00","dateModified":"2022-10-10T16:23:13+00:00","breadcrumb":{"@id":"https:\/\/www.comau.com\/de\/competencies\/products-solutions\/digital-initiatives\/technologies\/in-grid\/#breadcrumb"},"inLanguage":"de","potentialAction":[{"@type":"ReadAction","target":["https:\/\/www.comau.com\/de\/competencies\/products-solutions\/digital-initiatives\/technologies\/in-grid\/"]}]},{"@type":"ImageObject","inLanguage":"de","@id":"https:\/\/www.comau.com\/de\/competencies\/products-solutions\/digital-initiatives\/technologies\/in-grid\/#primaryimage","url":"https:\/\/www.comau.com\/wp-content\/uploads\/2021\/06\/inGRID_header.png","contentUrl":"https:\/\/www.comau.com\/wp-content\/uploads\/2021\/06\/inGRID_header.png","width":1280,"height":485},{"@type":"BreadcrumbList","@id":"https:\/\/www.comau.com\/de\/competencies\/products-solutions\/digital-initiatives\/technologies\/in-grid\/#breadcrumb","itemListElement":[{"@type":"ListItem","position":1,"name":"Home","item":"https:\/\/www.comau.com\/de\/"},{"@type":"ListItem","position":2,"name":"Unsere Kompetenzen","item":"https:\/\/www.comau.com\/de\/competencies\/"},{"@type":"ListItem","position":3,"name":"Digital initiatives","item":"https:\/\/www.comau.com\/de\/competencies\/digital-initiatives\/"},{"@type":"ListItem","position":4,"name":"Technologien","item":"https:\/\/www.comau.com\/de\/competencies\/digital-initiatives\/technologies\/"},{"@type":"ListItem","position":5,"name":"In.Grid"}]},{"@type":"WebSite","@id":"https:\/\/www.comau.com\/de\/#website","url":"https:\/\/www.comau.com\/de\/","name":"Comau","description":"Industrial automation and robotics","publisher":{"@id":"https:\/\/www.comau.com\/de\/#organization"},"potentialAction":[{"@type":"SearchAction","target":{"@type":"EntryPoint","urlTemplate":"https:\/\/www.comau.com\/de\/?s={search_term_string}"},"query-input":{"@type":"PropertyValueSpecification","valueRequired":true,"valueName":"search_term_string"}}],"inLanguage":"de"},{"@type":"Organization","@id":"https:\/\/www.comau.com\/de\/#organization","name":"Comau","url":"https:\/\/www.comau.com\/de\/","logo":{"@type":"ImageObject","inLanguage":"de","@id":"https:\/\/www.comau.com\/de\/#\/schema\/logo\/image\/","url":"https:\/\/www.comau.com\/wp-content\/uploads\/2024\/07\/cropped-Logo-COMAU.png","contentUrl":"https:\/\/www.comau.com\/wp-content\/uploads\/2024\/07\/cropped-Logo-COMAU.png","width":434,"height":434,"caption":"Comau"},"image":{"@id":"https:\/\/www.comau.com\/de\/#\/schema\/logo\/image\/"},"sameAs":["https:\/\/www.facebook.com\/COMAU\/","https:\/\/x.com\/comaugroup","https:\/\/www.instagram.com\/comaugroup\/","https:\/\/www.linkedin.com\/company\/comau","https:\/\/www.youtube.com\/user\/comau"]}]}},"_links":{"self":[{"href":"https:\/\/www.comau.com\/de\/wp-json\/wp\/v2\/pages\/23208","targetHints":{"allow":["GET"]}}],"collection":[{"href":"https:\/\/www.comau.com\/de\/wp-json\/wp\/v2\/pages"}],"about":[{"href":"https:\/\/www.comau.com\/de\/wp-json\/wp\/v2\/types\/page"}],"author":[{"embeddable":true,"href":"https:\/\/www.comau.com\/de\/wp-json\/wp\/v2\/users\/11"}],"replies":[{"embeddable":true,"href":"https:\/\/www.comau.com\/de\/wp-json\/wp\/v2\/comments?post=23208"}],"version-history":[{"count":30,"href":"https:\/\/www.comau.com\/de\/wp-json\/wp\/v2\/pages\/23208\/revisions"}],"predecessor-version":[{"id":48174,"href":"https:\/\/www.comau.com\/de\/wp-json\/wp\/v2\/pages\/23208\/revisions\/48174"}],"up":[{"embeddable":true,"href":"https:\/\/www.comau.com\/de\/wp-json\/wp\/v2\/pages\/6217"}],"wp:featuredmedia":[{"embeddable":true,"href":"https:\/\/www.comau.com\/de\/wp-json\/wp\/v2\/media\/10044"}],"wp:attachment":[{"href":"https:\/\/www.comau.com\/de\/wp-json\/wp\/v2\/media?parent=23208"}],"curies":[{"name":"wp","href":"https:\/\/api.w.org\/{rel}","templated":true}]}}