{"id":23183,"date":"2021-06-08T12:29:51","date_gmt":"2021-06-08T10:29:51","guid":{"rendered":"https:\/\/www.comau.com\/?page_id=23183"},"modified":"2021-07-18T11:40:51","modified_gmt":"2021-07-18T09:40:51","slug":"smartmancomau","status":"publish","type":"page","link":"https:\/\/www.comau.com\/de\/competencies\/products-solutions\/powertrain-machining\/power-system-products\/smartmancomau\/","title":{"rendered":"SmartManComau"},"content":{"rendered":"\n<h2 class=\"wp-block-heading\">Leistungsversprechen<\/h2>\n\n<ul class=\"wp-block-list\"><li>Flexibilit\u00e4t: Konzipiert zum Bearbeiten von Teilen unterschiedlichster Art in unterschiedlichsten Arbeitsabl\u00e4ufen <\/li><li>Skalierbarkeit: Geringe Kapitalinvestition und an wechselnde Marktbed\u00fcrfnisse anpassbar <\/li><li>Schnelle Umr\u00fcstung: Einfache Werkzeugwechsel und Zellenbewegungen in der gesamten Anlage<\/li><li>Integration: Serieller und paralleler Prozess <\/li><li>Standardisierung: Weltweit nur ein austauschbares Modell <\/li><li>Lean Manufacturing-Design: Optimale Kosteneinsparungen, Ausschussreduzierung und weniger unfertige Erzeugnisse <\/li><li>Ergonomie: Automatisierte Materialhandhabungs- und -transportvorrichtungen und leicht zug\u00e4ngliche Bedienelemente<\/li><li>Geringerer Energieverbrauch <\/li><li>Geringerer Platzbedarf <\/li><li>Weniger stromversorgte Komponenten<\/li><\/ul>\n\n<div class=\"wp-block-getwid-images-slider has-arrows-inside has-dots-outside has-images-center has-cropped-images\"><div class=\"wp-block-getwid-images-slider__wrapper\" data-effect=\"slide\" data-slides-show=\"1\" data-slides-show-laptop=\"1\" data-slides-show-tablet=\"1\" data-slides-show-mobile=\"1\" data-slides-scroll=\"1\" data-autoplay=\"true\" data-autoplay-speed=\"6000\" data-infinite=\"true\" data-animation-speed=\"800\" data-center-mode=\"false\" data-variable-width=\"false\" data-arrows=\"inside\" data-dots=\"outside\" data-spacing=\"none\"><div class=\"wp-block-getwid-images-slider__item\"><figure><img decoding=\"async\" width=\"1179\" height=\"401\" src=\"https:\/\/www.comau.com\/wp-content\/uploads\/2021\/06\/smartman_2.jpg\" data-id=\"743\" data-link=\"https:\/\/www.comau.com\/competencies\/powertrain-machining\/power-system-products\/smartmancomau\/smartman_2\/\" data-original-link=\"https:\/\/www.comau.com\/wp-content\/uploads\/2021\/06\/smartman_2.jpg\" class=\"wp-block-getwid-images-slider__image wp-image-9870\" srcset=\"https:\/\/www.comau.com\/wp-content\/uploads\/2021\/06\/smartman_2.jpg 1179w, https:\/\/www.comau.com\/wp-content\/uploads\/2021\/06\/smartman_2-300x102.jpg 300w, https:\/\/www.comau.com\/wp-content\/uploads\/2021\/06\/smartman_2-1024x348.jpg 1024w, https:\/\/www.comau.com\/wp-content\/uploads\/2021\/06\/smartman_2-768x261.jpg 768w\" sizes=\"(max-width: 1179px) 100vw, 1179px\" \/><\/figure><\/div><div class=\"wp-block-getwid-images-slider__item\"><figure><img decoding=\"async\" width=\"1179\" height=\"401\" src=\"https:\/\/www.comau.com\/wp-content\/uploads\/2021\/06\/smartman_1.jpg\" data-id=\"744\" data-link=\"https:\/\/www.comau.com\/competencies\/powertrain-machining\/power-system-products\/smartmancomau\/smartman_1\/\" data-original-link=\"https:\/\/www.comau.com\/wp-content\/uploads\/2021\/06\/smartman_1.jpg\" class=\"wp-block-getwid-images-slider__image wp-image-9875\" srcset=\"https:\/\/www.comau.com\/wp-content\/uploads\/2021\/06\/smartman_1.jpg 1179w, https:\/\/www.comau.com\/wp-content\/uploads\/2021\/06\/smartman_1-300x102.jpg 300w, https:\/\/www.comau.com\/wp-content\/uploads\/2021\/06\/smartman_1-1024x348.jpg 1024w, https:\/\/www.comau.com\/wp-content\/uploads\/2021\/06\/smartman_1-768x261.jpg 768w\" sizes=\"(max-width: 1179px) 100vw, 1179px\" \/><\/figure><\/div><\/div><\/div>\n\n<h2 class=\"wp-block-heading\">Technische Eigenschaften<\/h2>\n\n<figure class=\"wp-block-table is-style-stripes\"><table class=\"has-fixed-layout\"><tbody><tr><td><strong>Breite (mm)<\/strong><\/td><td>600<\/td><\/tr><tr><td><strong>H\u00f6he (mm)<\/strong><\/td><td>2.500<\/td><\/tr><tr><td><strong>L\u00e4nge (mm)<\/strong><\/td><td>1.500<\/td><\/tr><\/tbody><\/table><figcaption>Technische Daten<\/figcaption><\/figure>\n\n<div class=\"wp-block-getwid-toggle download-dropdown has-icon-left\">\n<div class=\"wp-block-getwid-toggle__row\"><div class=\"wp-block-getwid-toggle__header-wrapper\"><span class=\"wp-block-getwid-toggle__header\"><a href=\"#\"><span class=\"wp-block-getwid-toggle__header-title\">Technical sheets<\/span><span class=\"wp-block-getwid-toggle__icon is-active\"><i class=\"fas fa-plus\"><\/i><\/span><span class=\"wp-block-getwid-toggle__icon is-passive\"><i class=\"fas fa-minus\"><\/i><\/span><\/a><\/span><\/div><div class=\"wp-block-getwid-toggle__content-wrapper\"><div class=\"wp-block-getwid-toggle__content\">\n<div class=\"wp-block-getwid-button-group\"><div class=\"wp-block-getwid-button-group__wrapper\">\n<div class=\"wp-block-button\"><a class=\"wp-block-button__link\" href=\"https:\/\/www.comau.com\/wp-content\/uploads\/2021\/06\/EN_brochure_smartman.pdf\" target=\"_blank\" rel=\"noreferrer noopener\">SmartManComau<\/a><\/div>\n<\/div><\/div>\n<\/div><\/div><\/div>\n<\/div>\n","protected":false},"excerpt":{"rendered":"<p>Leistungsversprechen Flexibilit\u00e4t: Konzipiert zum Bearbeiten von Teilen unterschiedlichster Art in unterschiedlichsten Arbeitsabl\u00e4ufen Skalierbarkeit: Geringe Kapitalinvestition und an wechselnde Marktbed\u00fcrfnisse anpassbar Schnelle Umr\u00fcstung: Einfache Werkzeugwechsel und Zellenbewegungen in der gesamten Anlage Integration: Serieller und paralleler Prozess Standardisierung: Weltweit nur ein austauschbares Modell Lean Manufacturing-Design: Optimale Kosteneinsparungen, Ausschussreduzierung und weniger unfertige Erzeugnisse Ergonomie: Automatisierte Materialhandhabungs- und -transportvorrichtungen [&hellip;]<\/p>\n","protected":false},"author":11,"featured_media":5963,"parent":5947,"menu_order":4,"comment_status":"closed","ping_status":"closed","template":"","meta":{"_acf_changed":false,"ep_exclude_from_search":false,"footnotes":""},"class_list":["post-23183","page","type-page","status-publish","has-post-thumbnail","hentry"],"acf":[],"yoast_head":"<!-- This site is optimized with the Yoast SEO plugin v26.9 - https:\/\/yoast.com\/product\/yoast-seo-wordpress\/ -->\n<title>SmartManComau - Comau<\/title>\n<meta name=\"robots\" content=\"index, follow, max-snippet:-1, max-image-preview:large, max-video-preview:-1\" \/>\n<link rel=\"canonical\" href=\"https:\/\/www.comau.com\/de\/competencies\/products-solutions\/powertrain-machining\/power-system-products\/smartmancomau\/\" \/>\n<meta property=\"og:locale\" content=\"de_DE\" \/>\n<meta property=\"og:type\" content=\"article\" \/>\n<meta property=\"og:title\" content=\"SmartManComau - Comau\" \/>\n<meta property=\"og:description\" content=\"Leistungsversprechen Flexibilit\u00e4t: Konzipiert zum Bearbeiten von Teilen unterschiedlichster Art in unterschiedlichsten Arbeitsabl\u00e4ufen Skalierbarkeit: Geringe Kapitalinvestition und an wechselnde Marktbed\u00fcrfnisse anpassbar Schnelle Umr\u00fcstung: Einfache Werkzeugwechsel und Zellenbewegungen in der gesamten Anlage Integration: Serieller und paralleler Prozess Standardisierung: Weltweit nur ein austauschbares Modell Lean Manufacturing-Design: Optimale Kosteneinsparungen, Ausschussreduzierung und weniger unfertige Erzeugnisse Ergonomie: Automatisierte Materialhandhabungs- und -transportvorrichtungen [&hellip;]\" \/>\n<meta property=\"og:url\" content=\"https:\/\/www.comau.com\/de\/competencies\/products-solutions\/powertrain-machining\/power-system-products\/smartmancomau\/\" \/>\n<meta property=\"og:site_name\" content=\"Comau\" \/>\n<meta property=\"article:publisher\" content=\"https:\/\/www.facebook.com\/COMAU\/\" \/>\n<meta property=\"article:modified_time\" content=\"2021-07-18T09:40:51+00:00\" \/>\n<meta property=\"og:image\" content=\"https:\/\/www.comau.com\/wp-content\/uploads\/2021\/06\/smartmancomau_header.jpg\" \/>\n\t<meta property=\"og:image:width\" content=\"1280\" \/>\n\t<meta property=\"og:image:height\" content=\"485\" \/>\n\t<meta property=\"og:image:type\" content=\"image\/jpeg\" \/>\n<meta name=\"twitter:card\" content=\"summary_large_image\" \/>\n<meta name=\"twitter:site\" content=\"@comaugroup\" \/>\n<meta name=\"twitter:label1\" content=\"Gesch\u00e4tzte Lesezeit\" \/>\n\t<meta name=\"twitter:data1\" content=\"1\u00a0Minute\" \/>\n<script type=\"application\/ld+json\" class=\"yoast-schema-graph\">{\"@context\":\"https:\/\/schema.org\",\"@graph\":[{\"@type\":\"WebPage\",\"@id\":\"https:\/\/www.comau.com\/de\/competencies\/products-solutions\/powertrain-machining\/power-system-products\/smartmancomau\/\",\"url\":\"https:\/\/www.comau.com\/de\/competencies\/products-solutions\/powertrain-machining\/power-system-products\/smartmancomau\/\",\"name\":\"SmartManComau - Comau\",\"isPartOf\":{\"@id\":\"https:\/\/www.comau.com\/de\/#website\"},\"primaryImageOfPage\":{\"@id\":\"https:\/\/www.comau.com\/de\/competencies\/products-solutions\/powertrain-machining\/power-system-products\/smartmancomau\/#primaryimage\"},\"image\":{\"@id\":\"https:\/\/www.comau.com\/de\/competencies\/products-solutions\/powertrain-machining\/power-system-products\/smartmancomau\/#primaryimage\"},\"thumbnailUrl\":\"https:\/\/www.comau.com\/wp-content\/uploads\/2021\/06\/smartmancomau_header.jpg\",\"datePublished\":\"2021-06-08T10:29:51+00:00\",\"dateModified\":\"2021-07-18T09:40:51+00:00\",\"breadcrumb\":{\"@id\":\"https:\/\/www.comau.com\/de\/competencies\/products-solutions\/powertrain-machining\/power-system-products\/smartmancomau\/#breadcrumb\"},\"inLanguage\":\"de\",\"potentialAction\":[{\"@type\":\"ReadAction\",\"target\":[\"https:\/\/www.comau.com\/de\/competencies\/products-solutions\/powertrain-machining\/power-system-products\/smartmancomau\/\"]}]},{\"@type\":\"ImageObject\",\"inLanguage\":\"de\",\"@id\":\"https:\/\/www.comau.com\/de\/competencies\/products-solutions\/powertrain-machining\/power-system-products\/smartmancomau\/#primaryimage\",\"url\":\"https:\/\/www.comau.com\/wp-content\/uploads\/2021\/06\/smartmancomau_header.jpg\",\"contentUrl\":\"https:\/\/www.comau.com\/wp-content\/uploads\/2021\/06\/smartmancomau_header.jpg\",\"width\":1280,\"height\":485},{\"@type\":\"BreadcrumbList\",\"@id\":\"https:\/\/www.comau.com\/de\/competencies\/products-solutions\/powertrain-machining\/power-system-products\/smartmancomau\/#breadcrumb\",\"itemListElement\":[{\"@type\":\"ListItem\",\"position\":1,\"name\":\"Home\",\"item\":\"https:\/\/www.comau.com\/de\/\"},{\"@type\":\"ListItem\",\"position\":2,\"name\":\"Unsere Kompetenzen\",\"item\":\"https:\/\/www.comau.com\/de\/competencies\/\"},{\"@type\":\"ListItem\",\"position\":3,\"name\":\"Powertrain &#038; Machining\",\"item\":\"https:\/\/www.comau.com\/de\/competencies\/powertrain-machining\/\"},{\"@type\":\"ListItem\",\"position\":4,\"name\":\"Stromversorgungssysteme &#038; Produkte\",\"item\":\"https:\/\/www.comau.com\/de\/competencies\/powertrain-machining\/power-system-products\/\"},{\"@type\":\"ListItem\",\"position\":5,\"name\":\"SmartManComau\"}]},{\"@type\":\"WebSite\",\"@id\":\"https:\/\/www.comau.com\/de\/#website\",\"url\":\"https:\/\/www.comau.com\/de\/\",\"name\":\"Comau\",\"description\":\"Industrial automation and robotics\",\"publisher\":{\"@id\":\"https:\/\/www.comau.com\/de\/#organization\"},\"potentialAction\":[{\"@type\":\"SearchAction\",\"target\":{\"@type\":\"EntryPoint\",\"urlTemplate\":\"https:\/\/www.comau.com\/de\/?s={search_term_string}\"},\"query-input\":{\"@type\":\"PropertyValueSpecification\",\"valueRequired\":true,\"valueName\":\"search_term_string\"}}],\"inLanguage\":\"de\"},{\"@type\":\"Organization\",\"@id\":\"https:\/\/www.comau.com\/de\/#organization\",\"name\":\"Comau\",\"url\":\"https:\/\/www.comau.com\/de\/\",\"logo\":{\"@type\":\"ImageObject\",\"inLanguage\":\"de\",\"@id\":\"https:\/\/www.comau.com\/de\/#\/schema\/logo\/image\/\",\"url\":\"https:\/\/www.comau.com\/wp-content\/uploads\/2024\/07\/cropped-Logo-COMAU.png\",\"contentUrl\":\"https:\/\/www.comau.com\/wp-content\/uploads\/2024\/07\/cropped-Logo-COMAU.png\",\"width\":434,\"height\":434,\"caption\":\"Comau\"},\"image\":{\"@id\":\"https:\/\/www.comau.com\/de\/#\/schema\/logo\/image\/\"},\"sameAs\":[\"https:\/\/www.facebook.com\/COMAU\/\",\"https:\/\/x.com\/comaugroup\",\"https:\/\/www.instagram.com\/comaugroup\/\",\"https:\/\/www.linkedin.com\/company\/comau\",\"https:\/\/www.youtube.com\/user\/comau\"]}]}<\/script>\n<!-- \/ Yoast SEO plugin. -->","yoast_head_json":{"title":"SmartManComau - Comau","robots":{"index":"index","follow":"follow","max-snippet":"max-snippet:-1","max-image-preview":"max-image-preview:large","max-video-preview":"max-video-preview:-1"},"canonical":"https:\/\/www.comau.com\/de\/competencies\/products-solutions\/powertrain-machining\/power-system-products\/smartmancomau\/","og_locale":"de_DE","og_type":"article","og_title":"SmartManComau - Comau","og_description":"Leistungsversprechen Flexibilit\u00e4t: Konzipiert zum Bearbeiten von Teilen unterschiedlichster Art in unterschiedlichsten Arbeitsabl\u00e4ufen Skalierbarkeit: Geringe Kapitalinvestition und an wechselnde Marktbed\u00fcrfnisse anpassbar Schnelle Umr\u00fcstung: Einfache Werkzeugwechsel und Zellenbewegungen in der gesamten Anlage Integration: Serieller und paralleler Prozess Standardisierung: Weltweit nur ein austauschbares Modell Lean Manufacturing-Design: Optimale Kosteneinsparungen, Ausschussreduzierung und weniger unfertige Erzeugnisse Ergonomie: Automatisierte Materialhandhabungs- und -transportvorrichtungen [&hellip;]","og_url":"https:\/\/www.comau.com\/de\/competencies\/products-solutions\/powertrain-machining\/power-system-products\/smartmancomau\/","og_site_name":"Comau","article_publisher":"https:\/\/www.facebook.com\/COMAU\/","article_modified_time":"2021-07-18T09:40:51+00:00","og_image":[{"width":1280,"height":485,"url":"https:\/\/www.comau.com\/wp-content\/uploads\/2021\/06\/smartmancomau_header.jpg","type":"image\/jpeg"}],"twitter_card":"summary_large_image","twitter_site":"@comaugroup","twitter_misc":{"Gesch\u00e4tzte Lesezeit":"1\u00a0Minute"},"schema":{"@context":"https:\/\/schema.org","@graph":[{"@type":"WebPage","@id":"https:\/\/www.comau.com\/de\/competencies\/products-solutions\/powertrain-machining\/power-system-products\/smartmancomau\/","url":"https:\/\/www.comau.com\/de\/competencies\/products-solutions\/powertrain-machining\/power-system-products\/smartmancomau\/","name":"SmartManComau - Comau","isPartOf":{"@id":"https:\/\/www.comau.com\/de\/#website"},"primaryImageOfPage":{"@id":"https:\/\/www.comau.com\/de\/competencies\/products-solutions\/powertrain-machining\/power-system-products\/smartmancomau\/#primaryimage"},"image":{"@id":"https:\/\/www.comau.com\/de\/competencies\/products-solutions\/powertrain-machining\/power-system-products\/smartmancomau\/#primaryimage"},"thumbnailUrl":"https:\/\/www.comau.com\/wp-content\/uploads\/2021\/06\/smartmancomau_header.jpg","datePublished":"2021-06-08T10:29:51+00:00","dateModified":"2021-07-18T09:40:51+00:00","breadcrumb":{"@id":"https:\/\/www.comau.com\/de\/competencies\/products-solutions\/powertrain-machining\/power-system-products\/smartmancomau\/#breadcrumb"},"inLanguage":"de","potentialAction":[{"@type":"ReadAction","target":["https:\/\/www.comau.com\/de\/competencies\/products-solutions\/powertrain-machining\/power-system-products\/smartmancomau\/"]}]},{"@type":"ImageObject","inLanguage":"de","@id":"https:\/\/www.comau.com\/de\/competencies\/products-solutions\/powertrain-machining\/power-system-products\/smartmancomau\/#primaryimage","url":"https:\/\/www.comau.com\/wp-content\/uploads\/2021\/06\/smartmancomau_header.jpg","contentUrl":"https:\/\/www.comau.com\/wp-content\/uploads\/2021\/06\/smartmancomau_header.jpg","width":1280,"height":485},{"@type":"BreadcrumbList","@id":"https:\/\/www.comau.com\/de\/competencies\/products-solutions\/powertrain-machining\/power-system-products\/smartmancomau\/#breadcrumb","itemListElement":[{"@type":"ListItem","position":1,"name":"Home","item":"https:\/\/www.comau.com\/de\/"},{"@type":"ListItem","position":2,"name":"Unsere Kompetenzen","item":"https:\/\/www.comau.com\/de\/competencies\/"},{"@type":"ListItem","position":3,"name":"Powertrain &#038; Machining","item":"https:\/\/www.comau.com\/de\/competencies\/powertrain-machining\/"},{"@type":"ListItem","position":4,"name":"Stromversorgungssysteme &#038; Produkte","item":"https:\/\/www.comau.com\/de\/competencies\/powertrain-machining\/power-system-products\/"},{"@type":"ListItem","position":5,"name":"SmartManComau"}]},{"@type":"WebSite","@id":"https:\/\/www.comau.com\/de\/#website","url":"https:\/\/www.comau.com\/de\/","name":"Comau","description":"Industrial automation and robotics","publisher":{"@id":"https:\/\/www.comau.com\/de\/#organization"},"potentialAction":[{"@type":"SearchAction","target":{"@type":"EntryPoint","urlTemplate":"https:\/\/www.comau.com\/de\/?s={search_term_string}"},"query-input":{"@type":"PropertyValueSpecification","valueRequired":true,"valueName":"search_term_string"}}],"inLanguage":"de"},{"@type":"Organization","@id":"https:\/\/www.comau.com\/de\/#organization","name":"Comau","url":"https:\/\/www.comau.com\/de\/","logo":{"@type":"ImageObject","inLanguage":"de","@id":"https:\/\/www.comau.com\/de\/#\/schema\/logo\/image\/","url":"https:\/\/www.comau.com\/wp-content\/uploads\/2024\/07\/cropped-Logo-COMAU.png","contentUrl":"https:\/\/www.comau.com\/wp-content\/uploads\/2024\/07\/cropped-Logo-COMAU.png","width":434,"height":434,"caption":"Comau"},"image":{"@id":"https:\/\/www.comau.com\/de\/#\/schema\/logo\/image\/"},"sameAs":["https:\/\/www.facebook.com\/COMAU\/","https:\/\/x.com\/comaugroup","https:\/\/www.instagram.com\/comaugroup\/","https:\/\/www.linkedin.com\/company\/comau","https:\/\/www.youtube.com\/user\/comau"]}]}},"_links":{"self":[{"href":"https:\/\/www.comau.com\/de\/wp-json\/wp\/v2\/pages\/23183","targetHints":{"allow":["GET"]}}],"collection":[{"href":"https:\/\/www.comau.com\/de\/wp-json\/wp\/v2\/pages"}],"about":[{"href":"https:\/\/www.comau.com\/de\/wp-json\/wp\/v2\/types\/page"}],"author":[{"embeddable":true,"href":"https:\/\/www.comau.com\/de\/wp-json\/wp\/v2\/users\/11"}],"replies":[{"embeddable":true,"href":"https:\/\/www.comau.com\/de\/wp-json\/wp\/v2\/comments?post=23183"}],"version-history":[{"count":17,"href":"https:\/\/www.comau.com\/de\/wp-json\/wp\/v2\/pages\/23183\/revisions"}],"predecessor-version":[{"id":26175,"href":"https:\/\/www.comau.com\/de\/wp-json\/wp\/v2\/pages\/23183\/revisions\/26175"}],"up":[{"embeddable":true,"href":"https:\/\/www.comau.com\/de\/wp-json\/wp\/v2\/pages\/5947"}],"wp:featuredmedia":[{"embeddable":true,"href":"https:\/\/www.comau.com\/de\/wp-json\/wp\/v2\/media\/5963"}],"wp:attachment":[{"href":"https:\/\/www.comau.com\/de\/wp-json\/wp\/v2\/media?parent=23183"}],"curies":[{"name":"wp","href":"https:\/\/api.w.org\/{rel}","templated":true}]}}