{"id":23178,"date":"2021-06-08T12:29:34","date_gmt":"2021-06-08T10:29:34","guid":{"rendered":"https:\/\/www.comau.com\/?page_id=23178"},"modified":"2021-07-20T11:24:43","modified_gmt":"2021-07-20T09:24:43","slug":"smartcellcomau","status":"publish","type":"page","link":"https:\/\/www.comau.com\/de\/competencies\/products-solutions\/powertrain-machining\/power-system-products\/smartcellcomau\/","title":{"rendered":"SmartCellComau"},"content":{"rendered":"\n<h2 class=\"wp-block-heading\">Leistungsversprechen<\/h2>\n\n<ul class=\"wp-block-list\"><li>Zuverl\u00e4ssigkeit: Paralleler Prozess vs. serieller Prozess <\/li><li>Skalierbarkeit: Anpassung der Kapitalinvestition an den Marktbedarf <\/li><li>Schnelle Umr\u00fcstung: Produktionsflexibilit\u00e4t dank einfachem Werkzeugwechsel <\/li><li>Geringere Stellfl\u00e4che: Bis zu 50 %. <\/li><li>Lieferung: Kurze Lieferzeit dank Standardmaschine <\/li><li>Produktion: Verk\u00fcrzte Inbetriebnahmedauer <\/li><li>Verbesserte Materiallogistik: Nur ein Materialzuf\u00fchrungspunkt <\/li><li>Lean Manufacturing-Design: Weniger unfertige Erzeugnisse <\/li><li>Geringerer Energie- und Fl\u00fcssigkeitsverbrauch <\/li><li>Selbstlernfunktion f\u00fcr Nennverbrauch (optional) <\/li><li>\u00dcberwachung und Alarmierung f\u00fcr Zusatzverbrauch (optional) <\/li><li>Verbrauchsdatenerfassung und Kostenanalyse (optional) <\/li><li>\u00dcberwachung von Energie-, Luft- und K\u00fchlmittelverbrauch Energiesparmanagement (Ecosmart, optional) <\/li><li>Vorbereitung f\u00fcr Anlagenenergie\u00fcberwachung (optional)<\/li><\/ul>\n\n<div class=\"wp-block-getwid-images-slider has-arrows-inside has-dots-outside has-images-center has-cropped-images\"><div class=\"wp-block-getwid-images-slider__wrapper\" data-effect=\"slide\" data-slides-show=\"1\" data-slides-show-laptop=\"1\" data-slides-show-tablet=\"1\" data-slides-show-mobile=\"1\" data-slides-scroll=\"1\" data-autoplay=\"true\" data-autoplay-speed=\"6000\" data-infinite=\"true\" data-animation-speed=\"800\" data-center-mode=\"false\" data-variable-width=\"false\" data-arrows=\"inside\" data-dots=\"outside\" data-spacing=\"none\"><div class=\"wp-block-getwid-images-slider__item\"><figure><img decoding=\"async\" width=\"1179\" height=\"401\" src=\"https:\/\/www.comau.com\/wp-content\/uploads\/2021\/06\/SmartCell_1.jpg\" data-id=\"740\" data-link=\"https:\/\/www.comau.com\/competencies\/powertrain-machining\/power-system-products\/smartcellcomau\/smartcell_1\/\" data-original-link=\"https:\/\/www.comau.com\/wp-content\/uploads\/2021\/06\/SmartCell_1.jpg\" class=\"wp-block-getwid-images-slider__image wp-image-9860\" srcset=\"https:\/\/www.comau.com\/wp-content\/uploads\/2021\/06\/SmartCell_1.jpg 1179w, https:\/\/www.comau.com\/wp-content\/uploads\/2021\/06\/SmartCell_1-300x102.jpg 300w, https:\/\/www.comau.com\/wp-content\/uploads\/2021\/06\/SmartCell_1-1024x348.jpg 1024w, https:\/\/www.comau.com\/wp-content\/uploads\/2021\/06\/SmartCell_1-768x261.jpg 768w\" sizes=\"(max-width: 1179px) 100vw, 1179px\" \/><\/figure><\/div><div class=\"wp-block-getwid-images-slider__item\"><figure><img decoding=\"async\" width=\"1179\" height=\"401\" src=\"https:\/\/www.comau.com\/wp-content\/uploads\/2021\/06\/SmartCell_2.jpg\" data-id=\"739\" data-link=\"https:\/\/www.comau.com\/competencies\/powertrain-machining\/power-system-products\/smartcellcomau\/smartcell_2\/\" data-original-link=\"https:\/\/www.comau.com\/wp-content\/uploads\/2021\/06\/SmartCell_2.jpg\" class=\"wp-block-getwid-images-slider__image wp-image-9855\" srcset=\"https:\/\/www.comau.com\/wp-content\/uploads\/2021\/06\/SmartCell_2.jpg 1179w, https:\/\/www.comau.com\/wp-content\/uploads\/2021\/06\/SmartCell_2-300x102.jpg 300w, https:\/\/www.comau.com\/wp-content\/uploads\/2021\/06\/SmartCell_2-1024x348.jpg 1024w, https:\/\/www.comau.com\/wp-content\/uploads\/2021\/06\/SmartCell_2-768x261.jpg 768w\" sizes=\"(max-width: 1179px) 100vw, 1179px\" \/><\/figure><\/div><\/div><\/div>\n\n<h2 class=\"wp-block-heading\">Technische Eigenschaften<\/h2>\n\n<figure class=\"wp-block-table is-style-stripes\"><table><tbody><tr><td><strong>Breite (mm)<\/strong><\/td><td>2.200<\/td><\/tr><tr><td><strong>L\u00e4nge (mm)<\/strong><\/td><td>4.800<\/td><\/tr><tr><td><strong>H\u00f6he (mm)<\/strong><\/td><td>3.100<\/td><\/tr><tr><td><strong>Hub<\/strong><\/td><td><\/td><\/tr><tr><td><strong>X-Achse (mm)<\/strong><\/td><td>2.110<\/td><\/tr><tr><td><strong>Y-Achse (mm)<\/strong><\/td><td>2.000<\/td><\/tr><tr><td><strong>Z-Achse (mm)<\/strong><\/td><td>600<\/td><\/tr><tr><td><strong>\u03b1 (Alpha) (Grad)<\/strong><\/td><td>225ccw &#8211; 135cw<\/td><\/tr><tr><td><strong>\u03b2 (Beta) (Grad)<\/strong><\/td><td>15ccw &#8211; 15cw<\/td><\/tr><\/tbody><\/table><figcaption>Abmessungen<\/figcaption><\/figure>\n\n<div class=\"wp-block-getwid-toggle download-dropdown has-icon-left\">\n<div class=\"wp-block-getwid-toggle__row\"><div class=\"wp-block-getwid-toggle__header-wrapper\"><span class=\"wp-block-getwid-toggle__header\"><a href=\"#\"><span class=\"wp-block-getwid-toggle__header-title\">Technical sheets<\/span><span class=\"wp-block-getwid-toggle__icon is-active\"><i class=\"fas fa-plus\"><\/i><\/span><span class=\"wp-block-getwid-toggle__icon is-passive\"><i class=\"fas fa-minus\"><\/i><\/span><\/a><\/span><\/div><div class=\"wp-block-getwid-toggle__content-wrapper\"><div class=\"wp-block-getwid-toggle__content\">\n<div class=\"wp-block-getwid-button-group\"><div class=\"wp-block-getwid-button-group__wrapper\">\n<div class=\"wp-block-button\"><a class=\"wp-block-button__link\" href=\"https:\/\/www.comau.com\/wp-content\/uploads\/2021\/06\/EN_brochure_smartcell.pdf\" target=\"_blank\" rel=\"noreferrer noopener\">SmartCell<\/a><\/div>\n<\/div><\/div>\n<\/div><\/div><\/div>\n<\/div>\n","protected":false},"excerpt":{"rendered":"<p>Leistungsversprechen Zuverl\u00e4ssigkeit: Paralleler Prozess vs. serieller Prozess Skalierbarkeit: Anpassung der Kapitalinvestition an den Marktbedarf Schnelle Umr\u00fcstung: Produktionsflexibilit\u00e4t dank einfachem Werkzeugwechsel Geringere Stellfl\u00e4che: Bis zu 50 %. Lieferung: Kurze Lieferzeit dank Standardmaschine Produktion: Verk\u00fcrzte Inbetriebnahmedauer Verbesserte Materiallogistik: Nur ein Materialzuf\u00fchrungspunkt Lean Manufacturing-Design: Weniger unfertige Erzeugnisse Geringerer Energie- und Fl\u00fcssigkeitsverbrauch Selbstlernfunktion f\u00fcr Nennverbrauch (optional) \u00dcberwachung und Alarmierung [&hellip;]<\/p>\n","protected":false},"author":11,"featured_media":5962,"parent":5947,"menu_order":3,"comment_status":"closed","ping_status":"closed","template":"","meta":{"_acf_changed":false,"ep_exclude_from_search":false,"footnotes":""},"class_list":["post-23178","page","type-page","status-publish","has-post-thumbnail","hentry"],"acf":[],"yoast_head":"<!-- This site is optimized with the Yoast SEO plugin v26.9 - https:\/\/yoast.com\/product\/yoast-seo-wordpress\/ -->\n<title>SmartCellComau - Comau<\/title>\n<meta name=\"robots\" content=\"index, follow, max-snippet:-1, max-image-preview:large, max-video-preview:-1\" \/>\n<link rel=\"canonical\" href=\"https:\/\/www.comau.com\/de\/competencies\/products-solutions\/powertrain-machining\/power-system-products\/smartcellcomau\/\" \/>\n<meta property=\"og:locale\" content=\"de_DE\" \/>\n<meta property=\"og:type\" content=\"article\" \/>\n<meta property=\"og:title\" content=\"SmartCellComau - Comau\" \/>\n<meta property=\"og:description\" content=\"Leistungsversprechen Zuverl\u00e4ssigkeit: Paralleler Prozess vs. serieller Prozess Skalierbarkeit: Anpassung der Kapitalinvestition an den Marktbedarf Schnelle Umr\u00fcstung: Produktionsflexibilit\u00e4t dank einfachem Werkzeugwechsel Geringere Stellfl\u00e4che: Bis zu 50 %. Lieferung: Kurze Lieferzeit dank Standardmaschine Produktion: Verk\u00fcrzte Inbetriebnahmedauer Verbesserte Materiallogistik: Nur ein Materialzuf\u00fchrungspunkt Lean Manufacturing-Design: Weniger unfertige Erzeugnisse Geringerer Energie- und Fl\u00fcssigkeitsverbrauch Selbstlernfunktion f\u00fcr Nennverbrauch (optional) \u00dcberwachung und Alarmierung [&hellip;]\" \/>\n<meta property=\"og:url\" content=\"https:\/\/www.comau.com\/de\/competencies\/products-solutions\/powertrain-machining\/power-system-products\/smartcellcomau\/\" \/>\n<meta property=\"og:site_name\" content=\"Comau\" \/>\n<meta property=\"article:publisher\" content=\"https:\/\/www.facebook.com\/COMAU\/\" \/>\n<meta property=\"article:modified_time\" content=\"2021-07-20T09:24:43+00:00\" \/>\n<meta property=\"og:image\" content=\"https:\/\/www.comau.com\/wp-content\/uploads\/2021\/06\/smartcellcomau_header.jpg\" \/>\n\t<meta property=\"og:image:width\" content=\"1280\" \/>\n\t<meta property=\"og:image:height\" content=\"485\" \/>\n\t<meta property=\"og:image:type\" content=\"image\/jpeg\" \/>\n<meta name=\"twitter:card\" content=\"summary_large_image\" \/>\n<meta name=\"twitter:site\" content=\"@comaugroup\" \/>\n<meta name=\"twitter:label1\" content=\"Gesch\u00e4tzte Lesezeit\" \/>\n\t<meta name=\"twitter:data1\" content=\"2\u00a0Minuten\" \/>\n<script type=\"application\/ld+json\" class=\"yoast-schema-graph\">{\"@context\":\"https:\/\/schema.org\",\"@graph\":[{\"@type\":\"WebPage\",\"@id\":\"https:\/\/www.comau.com\/de\/competencies\/products-solutions\/powertrain-machining\/power-system-products\/smartcellcomau\/\",\"url\":\"https:\/\/www.comau.com\/de\/competencies\/products-solutions\/powertrain-machining\/power-system-products\/smartcellcomau\/\",\"name\":\"SmartCellComau - Comau\",\"isPartOf\":{\"@id\":\"https:\/\/www.comau.com\/de\/#website\"},\"primaryImageOfPage\":{\"@id\":\"https:\/\/www.comau.com\/de\/competencies\/products-solutions\/powertrain-machining\/power-system-products\/smartcellcomau\/#primaryimage\"},\"image\":{\"@id\":\"https:\/\/www.comau.com\/de\/competencies\/products-solutions\/powertrain-machining\/power-system-products\/smartcellcomau\/#primaryimage\"},\"thumbnailUrl\":\"https:\/\/www.comau.com\/wp-content\/uploads\/2021\/06\/smartcellcomau_header.jpg\",\"datePublished\":\"2021-06-08T10:29:34+00:00\",\"dateModified\":\"2021-07-20T09:24:43+00:00\",\"breadcrumb\":{\"@id\":\"https:\/\/www.comau.com\/de\/competencies\/products-solutions\/powertrain-machining\/power-system-products\/smartcellcomau\/#breadcrumb\"},\"inLanguage\":\"de\",\"potentialAction\":[{\"@type\":\"ReadAction\",\"target\":[\"https:\/\/www.comau.com\/de\/competencies\/products-solutions\/powertrain-machining\/power-system-products\/smartcellcomau\/\"]}]},{\"@type\":\"ImageObject\",\"inLanguage\":\"de\",\"@id\":\"https:\/\/www.comau.com\/de\/competencies\/products-solutions\/powertrain-machining\/power-system-products\/smartcellcomau\/#primaryimage\",\"url\":\"https:\/\/www.comau.com\/wp-content\/uploads\/2021\/06\/smartcellcomau_header.jpg\",\"contentUrl\":\"https:\/\/www.comau.com\/wp-content\/uploads\/2021\/06\/smartcellcomau_header.jpg\",\"width\":1280,\"height\":485},{\"@type\":\"BreadcrumbList\",\"@id\":\"https:\/\/www.comau.com\/de\/competencies\/products-solutions\/powertrain-machining\/power-system-products\/smartcellcomau\/#breadcrumb\",\"itemListElement\":[{\"@type\":\"ListItem\",\"position\":1,\"name\":\"Home\",\"item\":\"https:\/\/www.comau.com\/de\/\"},{\"@type\":\"ListItem\",\"position\":2,\"name\":\"Unsere Kompetenzen\",\"item\":\"https:\/\/www.comau.com\/de\/competencies\/\"},{\"@type\":\"ListItem\",\"position\":3,\"name\":\"Powertrain &#038; Machining\",\"item\":\"https:\/\/www.comau.com\/de\/competencies\/powertrain-machining\/\"},{\"@type\":\"ListItem\",\"position\":4,\"name\":\"Stromversorgungssysteme &#038; Produkte\",\"item\":\"https:\/\/www.comau.com\/de\/competencies\/powertrain-machining\/power-system-products\/\"},{\"@type\":\"ListItem\",\"position\":5,\"name\":\"SmartCellComau\"}]},{\"@type\":\"WebSite\",\"@id\":\"https:\/\/www.comau.com\/de\/#website\",\"url\":\"https:\/\/www.comau.com\/de\/\",\"name\":\"Comau\",\"description\":\"Industrial automation and robotics\",\"publisher\":{\"@id\":\"https:\/\/www.comau.com\/de\/#organization\"},\"potentialAction\":[{\"@type\":\"SearchAction\",\"target\":{\"@type\":\"EntryPoint\",\"urlTemplate\":\"https:\/\/www.comau.com\/de\/?s={search_term_string}\"},\"query-input\":{\"@type\":\"PropertyValueSpecification\",\"valueRequired\":true,\"valueName\":\"search_term_string\"}}],\"inLanguage\":\"de\"},{\"@type\":\"Organization\",\"@id\":\"https:\/\/www.comau.com\/de\/#organization\",\"name\":\"Comau\",\"url\":\"https:\/\/www.comau.com\/de\/\",\"logo\":{\"@type\":\"ImageObject\",\"inLanguage\":\"de\",\"@id\":\"https:\/\/www.comau.com\/de\/#\/schema\/logo\/image\/\",\"url\":\"https:\/\/www.comau.com\/wp-content\/uploads\/2024\/07\/cropped-Logo-COMAU.png\",\"contentUrl\":\"https:\/\/www.comau.com\/wp-content\/uploads\/2024\/07\/cropped-Logo-COMAU.png\",\"width\":434,\"height\":434,\"caption\":\"Comau\"},\"image\":{\"@id\":\"https:\/\/www.comau.com\/de\/#\/schema\/logo\/image\/\"},\"sameAs\":[\"https:\/\/www.facebook.com\/COMAU\/\",\"https:\/\/x.com\/comaugroup\",\"https:\/\/www.instagram.com\/comaugroup\/\",\"https:\/\/www.linkedin.com\/company\/comau\",\"https:\/\/www.youtube.com\/user\/comau\"]}]}<\/script>\n<!-- \/ Yoast SEO plugin. -->","yoast_head_json":{"title":"SmartCellComau - Comau","robots":{"index":"index","follow":"follow","max-snippet":"max-snippet:-1","max-image-preview":"max-image-preview:large","max-video-preview":"max-video-preview:-1"},"canonical":"https:\/\/www.comau.com\/de\/competencies\/products-solutions\/powertrain-machining\/power-system-products\/smartcellcomau\/","og_locale":"de_DE","og_type":"article","og_title":"SmartCellComau - Comau","og_description":"Leistungsversprechen Zuverl\u00e4ssigkeit: Paralleler Prozess vs. serieller Prozess Skalierbarkeit: Anpassung der Kapitalinvestition an den Marktbedarf Schnelle Umr\u00fcstung: Produktionsflexibilit\u00e4t dank einfachem Werkzeugwechsel Geringere Stellfl\u00e4che: Bis zu 50 %. Lieferung: Kurze Lieferzeit dank Standardmaschine Produktion: Verk\u00fcrzte Inbetriebnahmedauer Verbesserte Materiallogistik: Nur ein Materialzuf\u00fchrungspunkt Lean Manufacturing-Design: Weniger unfertige Erzeugnisse Geringerer Energie- und Fl\u00fcssigkeitsverbrauch Selbstlernfunktion f\u00fcr Nennverbrauch (optional) \u00dcberwachung und Alarmierung [&hellip;]","og_url":"https:\/\/www.comau.com\/de\/competencies\/products-solutions\/powertrain-machining\/power-system-products\/smartcellcomau\/","og_site_name":"Comau","article_publisher":"https:\/\/www.facebook.com\/COMAU\/","article_modified_time":"2021-07-20T09:24:43+00:00","og_image":[{"width":1280,"height":485,"url":"https:\/\/www.comau.com\/wp-content\/uploads\/2021\/06\/smartcellcomau_header.jpg","type":"image\/jpeg"}],"twitter_card":"summary_large_image","twitter_site":"@comaugroup","twitter_misc":{"Gesch\u00e4tzte Lesezeit":"2\u00a0Minuten"},"schema":{"@context":"https:\/\/schema.org","@graph":[{"@type":"WebPage","@id":"https:\/\/www.comau.com\/de\/competencies\/products-solutions\/powertrain-machining\/power-system-products\/smartcellcomau\/","url":"https:\/\/www.comau.com\/de\/competencies\/products-solutions\/powertrain-machining\/power-system-products\/smartcellcomau\/","name":"SmartCellComau - Comau","isPartOf":{"@id":"https:\/\/www.comau.com\/de\/#website"},"primaryImageOfPage":{"@id":"https:\/\/www.comau.com\/de\/competencies\/products-solutions\/powertrain-machining\/power-system-products\/smartcellcomau\/#primaryimage"},"image":{"@id":"https:\/\/www.comau.com\/de\/competencies\/products-solutions\/powertrain-machining\/power-system-products\/smartcellcomau\/#primaryimage"},"thumbnailUrl":"https:\/\/www.comau.com\/wp-content\/uploads\/2021\/06\/smartcellcomau_header.jpg","datePublished":"2021-06-08T10:29:34+00:00","dateModified":"2021-07-20T09:24:43+00:00","breadcrumb":{"@id":"https:\/\/www.comau.com\/de\/competencies\/products-solutions\/powertrain-machining\/power-system-products\/smartcellcomau\/#breadcrumb"},"inLanguage":"de","potentialAction":[{"@type":"ReadAction","target":["https:\/\/www.comau.com\/de\/competencies\/products-solutions\/powertrain-machining\/power-system-products\/smartcellcomau\/"]}]},{"@type":"ImageObject","inLanguage":"de","@id":"https:\/\/www.comau.com\/de\/competencies\/products-solutions\/powertrain-machining\/power-system-products\/smartcellcomau\/#primaryimage","url":"https:\/\/www.comau.com\/wp-content\/uploads\/2021\/06\/smartcellcomau_header.jpg","contentUrl":"https:\/\/www.comau.com\/wp-content\/uploads\/2021\/06\/smartcellcomau_header.jpg","width":1280,"height":485},{"@type":"BreadcrumbList","@id":"https:\/\/www.comau.com\/de\/competencies\/products-solutions\/powertrain-machining\/power-system-products\/smartcellcomau\/#breadcrumb","itemListElement":[{"@type":"ListItem","position":1,"name":"Home","item":"https:\/\/www.comau.com\/de\/"},{"@type":"ListItem","position":2,"name":"Unsere Kompetenzen","item":"https:\/\/www.comau.com\/de\/competencies\/"},{"@type":"ListItem","position":3,"name":"Powertrain &#038; Machining","item":"https:\/\/www.comau.com\/de\/competencies\/powertrain-machining\/"},{"@type":"ListItem","position":4,"name":"Stromversorgungssysteme &#038; Produkte","item":"https:\/\/www.comau.com\/de\/competencies\/powertrain-machining\/power-system-products\/"},{"@type":"ListItem","position":5,"name":"SmartCellComau"}]},{"@type":"WebSite","@id":"https:\/\/www.comau.com\/de\/#website","url":"https:\/\/www.comau.com\/de\/","name":"Comau","description":"Industrial automation and robotics","publisher":{"@id":"https:\/\/www.comau.com\/de\/#organization"},"potentialAction":[{"@type":"SearchAction","target":{"@type":"EntryPoint","urlTemplate":"https:\/\/www.comau.com\/de\/?s={search_term_string}"},"query-input":{"@type":"PropertyValueSpecification","valueRequired":true,"valueName":"search_term_string"}}],"inLanguage":"de"},{"@type":"Organization","@id":"https:\/\/www.comau.com\/de\/#organization","name":"Comau","url":"https:\/\/www.comau.com\/de\/","logo":{"@type":"ImageObject","inLanguage":"de","@id":"https:\/\/www.comau.com\/de\/#\/schema\/logo\/image\/","url":"https:\/\/www.comau.com\/wp-content\/uploads\/2024\/07\/cropped-Logo-COMAU.png","contentUrl":"https:\/\/www.comau.com\/wp-content\/uploads\/2024\/07\/cropped-Logo-COMAU.png","width":434,"height":434,"caption":"Comau"},"image":{"@id":"https:\/\/www.comau.com\/de\/#\/schema\/logo\/image\/"},"sameAs":["https:\/\/www.facebook.com\/COMAU\/","https:\/\/x.com\/comaugroup","https:\/\/www.instagram.com\/comaugroup\/","https:\/\/www.linkedin.com\/company\/comau","https:\/\/www.youtube.com\/user\/comau"]}]}},"_links":{"self":[{"href":"https:\/\/www.comau.com\/de\/wp-json\/wp\/v2\/pages\/23178","targetHints":{"allow":["GET"]}}],"collection":[{"href":"https:\/\/www.comau.com\/de\/wp-json\/wp\/v2\/pages"}],"about":[{"href":"https:\/\/www.comau.com\/de\/wp-json\/wp\/v2\/types\/page"}],"author":[{"embeddable":true,"href":"https:\/\/www.comau.com\/de\/wp-json\/wp\/v2\/users\/11"}],"replies":[{"embeddable":true,"href":"https:\/\/www.comau.com\/de\/wp-json\/wp\/v2\/comments?post=23178"}],"version-history":[{"count":27,"href":"https:\/\/www.comau.com\/de\/wp-json\/wp\/v2\/pages\/23178\/revisions"}],"predecessor-version":[{"id":26065,"href":"https:\/\/www.comau.com\/de\/wp-json\/wp\/v2\/pages\/23178\/revisions\/26065"}],"up":[{"embeddable":true,"href":"https:\/\/www.comau.com\/de\/wp-json\/wp\/v2\/pages\/5947"}],"wp:featuredmedia":[{"embeddable":true,"href":"https:\/\/www.comau.com\/de\/wp-json\/wp\/v2\/media\/5962"}],"wp:attachment":[{"href":"https:\/\/www.comau.com\/de\/wp-json\/wp\/v2\/media?parent=23178"}],"curies":[{"name":"wp","href":"https:\/\/api.w.org\/{rel}","templated":true}]}}