{"id":23173,"date":"2021-06-08T12:29:11","date_gmt":"2021-06-08T10:29:11","guid":{"rendered":"https:\/\/www.comau.com\/?page_id=23173"},"modified":"2022-10-20T16:12:12","modified_gmt":"2022-10-20T14:12:12","slug":"e-drive-and-transmission-assembly","status":"publish","type":"page","link":"https:\/\/www.comau.com\/de\/competencies\/products-solutions\/powertrain-machining\/power-system-products\/e-drive-and-transmission-assembly\/","title":{"rendered":"E-Drive and transmission assembly"},"content":{"rendered":"\n<h2 class=\"wp-block-heading\">Rotoren und Statoren bis hin zu E-Motoren und E-Antriebsstr\u00e4ngen<\/h2>\n\n\n\n<p>\u200bWir sind bestrebt, die richtige Mischung aus Prozess-Expertise, Systemflexibilit\u00e4t und Leistungseffizienz zu liefern, um Ihr Projekt w\u00e4hrend des gesamten Produktionsprozesses des E-Antriebsstrangs zu unterst\u00fctzen.<br>Unsere E-Drive-Produktionslinien k\u00f6nnen kleine bis gro\u00dfe Produktionsmengen bew\u00e4ltigen und gleichzeitig alle Ihre Fertigungsanforderungen abdecken:<\/p>\n\n\n\n<ul class=\"wp-block-list\"><li>Rotor- und Statormontage<\/li><li>Endmontage E-Motoren<\/li><li>Montage E-Achsen<\/li><li>Endmontage E-Antriebsstrang und Getriebe<\/li><li>End-of-Line-Pr\u00fcfung (EOL)<\/li><\/ul>\n\n\n\n<h2 class=\"wp-block-heading\">Full-service provider<\/h2>\n\n\n<div class=\"wp-block-image\">\n<figure class=\"aligncenter size-large\"><img decoding=\"async\" width=\"768\" height=\"519\" src=\"https:\/\/www.comau.com\/wp-content\/uploads\/2021\/06\/Tab_E-Drives-3.png\" alt=\"\" class=\"wp-image-9850\" srcset=\"https:\/\/www.comau.com\/wp-content\/uploads\/2021\/06\/Tab_E-Drives-3.png 768w, https:\/\/www.comau.com\/wp-content\/uploads\/2021\/06\/Tab_E-Drives-3-300x203.png 300w\" sizes=\"(max-width: 768px) 100vw, 768px\" \/><\/figure>\n<\/div>\n\n\n<h2 class=\"wp-block-heading\">Vorteile<\/h2>\n\n\n\n<p>Mit \u00fcber vier Jahrzehnten Erfahrung in der Getriebe- und Antriebstechnik haben wir das Zeug dazu, Ihre Produktionsanforderungen f\u00fcr E-Antriebe zu erf\u00fcllen und die folgenden Vorteile zu liefern:<\/p>\n\n\n\n<ul class=\"wp-block-list\"><li>Integrationsm\u00f6glichkeiten mit branchenf\u00fchrenden Technologieanbietern<\/li><li>Programm-Management<\/li><li>Kurze Markteinf\u00fchrungszeit<\/li><li>Hohe Dynamik &amp; Produktivit\u00e4t<\/li><li>Stabile Langzeitgenauigkeit<\/li><li>Flexibilit\u00e4t &amp; Wiederverwendbarkeit<\/li><\/ul>\n","protected":false},"excerpt":{"rendered":"<p>Rotoren und Statoren bis hin zu E-Motoren und E-Antriebsstr\u00e4ngen \u200bWir sind bestrebt, die richtige Mischung aus Prozess-Expertise, Systemflexibilit\u00e4t und Leistungseffizienz zu liefern, um Ihr Projekt w\u00e4hrend des gesamten Produktionsprozesses des E-Antriebsstrangs zu unterst\u00fctzen.Unsere E-Drive-Produktionslinien k\u00f6nnen kleine bis gro\u00dfe Produktionsmengen bew\u00e4ltigen und gleichzeitig alle Ihre Fertigungsanforderungen abdecken: Rotor- und Statormontage Endmontage E-Motoren Montage E-Achsen Endmontage E-Antriebsstrang [&hellip;]<\/p>\n","protected":false},"author":11,"featured_media":5961,"parent":5947,"menu_order":2,"comment_status":"closed","ping_status":"closed","template":"","meta":{"_acf_changed":false,"ep_exclude_from_search":false,"footnotes":""},"class_list":["post-23173","page","type-page","status-publish","has-post-thumbnail","hentry"],"acf":[],"yoast_head":"<!-- This site is optimized with the Yoast SEO plugin v26.9 - https:\/\/yoast.com\/product\/yoast-seo-wordpress\/ -->\n<title>E-Drive and transmission assembly - Comau<\/title>\n<meta name=\"robots\" content=\"index, follow, max-snippet:-1, max-image-preview:large, max-video-preview:-1\" \/>\n<link rel=\"canonical\" href=\"https:\/\/www.comau.com\/de\/competencies\/products-solutions\/powertrain-machining\/power-system-products\/e-drive-and-transmission-assembly\/\" \/>\n<meta property=\"og:locale\" content=\"de_DE\" \/>\n<meta property=\"og:type\" content=\"article\" \/>\n<meta property=\"og:title\" content=\"E-Drive and transmission assembly - Comau\" \/>\n<meta property=\"og:description\" content=\"Rotoren und Statoren bis hin zu E-Motoren und E-Antriebsstr\u00e4ngen \u200bWir sind bestrebt, die richtige Mischung aus Prozess-Expertise, Systemflexibilit\u00e4t und Leistungseffizienz zu liefern, um Ihr Projekt w\u00e4hrend des gesamten Produktionsprozesses des E-Antriebsstrangs zu unterst\u00fctzen.Unsere E-Drive-Produktionslinien k\u00f6nnen kleine bis gro\u00dfe Produktionsmengen bew\u00e4ltigen und gleichzeitig alle Ihre Fertigungsanforderungen abdecken: Rotor- und Statormontage Endmontage E-Motoren Montage E-Achsen Endmontage E-Antriebsstrang [&hellip;]\" \/>\n<meta property=\"og:url\" content=\"https:\/\/www.comau.com\/de\/competencies\/products-solutions\/powertrain-machining\/power-system-products\/e-drive-and-transmission-assembly\/\" \/>\n<meta property=\"og:site_name\" content=\"Comau\" \/>\n<meta property=\"article:publisher\" content=\"https:\/\/www.facebook.com\/COMAU\/\" \/>\n<meta property=\"article:modified_time\" content=\"2022-10-20T14:12:12+00:00\" \/>\n<meta property=\"og:image\" content=\"https:\/\/www.comau.com\/wp-content\/uploads\/2021\/06\/emobility_header2.png\" \/>\n\t<meta property=\"og:image:width\" content=\"1280\" \/>\n\t<meta property=\"og:image:height\" content=\"485\" \/>\n\t<meta property=\"og:image:type\" content=\"image\/png\" \/>\n<meta name=\"twitter:card\" content=\"summary_large_image\" \/>\n<meta name=\"twitter:site\" content=\"@comaugroup\" \/>\n<meta name=\"twitter:label1\" content=\"Gesch\u00e4tzte Lesezeit\" \/>\n\t<meta name=\"twitter:data1\" content=\"1\u00a0Minute\" \/>\n<script type=\"application\/ld+json\" class=\"yoast-schema-graph\">{\"@context\":\"https:\/\/schema.org\",\"@graph\":[{\"@type\":\"WebPage\",\"@id\":\"https:\/\/www.comau.com\/de\/competencies\/products-solutions\/powertrain-machining\/power-system-products\/e-drive-and-transmission-assembly\/\",\"url\":\"https:\/\/www.comau.com\/de\/competencies\/products-solutions\/powertrain-machining\/power-system-products\/e-drive-and-transmission-assembly\/\",\"name\":\"E-Drive and transmission assembly - Comau\",\"isPartOf\":{\"@id\":\"https:\/\/www.comau.com\/de\/#website\"},\"primaryImageOfPage\":{\"@id\":\"https:\/\/www.comau.com\/de\/competencies\/products-solutions\/powertrain-machining\/power-system-products\/e-drive-and-transmission-assembly\/#primaryimage\"},\"image\":{\"@id\":\"https:\/\/www.comau.com\/de\/competencies\/products-solutions\/powertrain-machining\/power-system-products\/e-drive-and-transmission-assembly\/#primaryimage\"},\"thumbnailUrl\":\"https:\/\/www.comau.com\/wp-content\/uploads\/2021\/06\/emobility_header2.png\",\"datePublished\":\"2021-06-08T10:29:11+00:00\",\"dateModified\":\"2022-10-20T14:12:12+00:00\",\"breadcrumb\":{\"@id\":\"https:\/\/www.comau.com\/de\/competencies\/products-solutions\/powertrain-machining\/power-system-products\/e-drive-and-transmission-assembly\/#breadcrumb\"},\"inLanguage\":\"de\",\"potentialAction\":[{\"@type\":\"ReadAction\",\"target\":[\"https:\/\/www.comau.com\/de\/competencies\/products-solutions\/powertrain-machining\/power-system-products\/e-drive-and-transmission-assembly\/\"]}]},{\"@type\":\"ImageObject\",\"inLanguage\":\"de\",\"@id\":\"https:\/\/www.comau.com\/de\/competencies\/products-solutions\/powertrain-machining\/power-system-products\/e-drive-and-transmission-assembly\/#primaryimage\",\"url\":\"https:\/\/www.comau.com\/wp-content\/uploads\/2021\/06\/emobility_header2.png\",\"contentUrl\":\"https:\/\/www.comau.com\/wp-content\/uploads\/2021\/06\/emobility_header2.png\",\"width\":1280,\"height\":485},{\"@type\":\"BreadcrumbList\",\"@id\":\"https:\/\/www.comau.com\/de\/competencies\/products-solutions\/powertrain-machining\/power-system-products\/e-drive-and-transmission-assembly\/#breadcrumb\",\"itemListElement\":[{\"@type\":\"ListItem\",\"position\":1,\"name\":\"Home\",\"item\":\"https:\/\/www.comau.com\/de\/\"},{\"@type\":\"ListItem\",\"position\":2,\"name\":\"Unsere Kompetenzen\",\"item\":\"https:\/\/www.comau.com\/de\/competencies\/\"},{\"@type\":\"ListItem\",\"position\":3,\"name\":\"Powertrain &#038; Machining\",\"item\":\"https:\/\/www.comau.com\/de\/competencies\/powertrain-machining\/\"},{\"@type\":\"ListItem\",\"position\":4,\"name\":\"Stromversorgungssysteme &#038; Produkte\",\"item\":\"https:\/\/www.comau.com\/de\/competencies\/powertrain-machining\/power-system-products\/\"},{\"@type\":\"ListItem\",\"position\":5,\"name\":\"E-Drive and transmission assembly\"}]},{\"@type\":\"WebSite\",\"@id\":\"https:\/\/www.comau.com\/de\/#website\",\"url\":\"https:\/\/www.comau.com\/de\/\",\"name\":\"Comau\",\"description\":\"Industrial automation and robotics\",\"publisher\":{\"@id\":\"https:\/\/www.comau.com\/de\/#organization\"},\"potentialAction\":[{\"@type\":\"SearchAction\",\"target\":{\"@type\":\"EntryPoint\",\"urlTemplate\":\"https:\/\/www.comau.com\/de\/?s={search_term_string}\"},\"query-input\":{\"@type\":\"PropertyValueSpecification\",\"valueRequired\":true,\"valueName\":\"search_term_string\"}}],\"inLanguage\":\"de\"},{\"@type\":\"Organization\",\"@id\":\"https:\/\/www.comau.com\/de\/#organization\",\"name\":\"Comau\",\"url\":\"https:\/\/www.comau.com\/de\/\",\"logo\":{\"@type\":\"ImageObject\",\"inLanguage\":\"de\",\"@id\":\"https:\/\/www.comau.com\/de\/#\/schema\/logo\/image\/\",\"url\":\"https:\/\/www.comau.com\/wp-content\/uploads\/2024\/07\/cropped-Logo-COMAU.png\",\"contentUrl\":\"https:\/\/www.comau.com\/wp-content\/uploads\/2024\/07\/cropped-Logo-COMAU.png\",\"width\":434,\"height\":434,\"caption\":\"Comau\"},\"image\":{\"@id\":\"https:\/\/www.comau.com\/de\/#\/schema\/logo\/image\/\"},\"sameAs\":[\"https:\/\/www.facebook.com\/COMAU\/\",\"https:\/\/x.com\/comaugroup\",\"https:\/\/www.instagram.com\/comaugroup\/\",\"https:\/\/www.linkedin.com\/company\/comau\",\"https:\/\/www.youtube.com\/user\/comau\"]}]}<\/script>\n<!-- \/ Yoast SEO plugin. -->","yoast_head_json":{"title":"E-Drive and transmission assembly - Comau","robots":{"index":"index","follow":"follow","max-snippet":"max-snippet:-1","max-image-preview":"max-image-preview:large","max-video-preview":"max-video-preview:-1"},"canonical":"https:\/\/www.comau.com\/de\/competencies\/products-solutions\/powertrain-machining\/power-system-products\/e-drive-and-transmission-assembly\/","og_locale":"de_DE","og_type":"article","og_title":"E-Drive and transmission assembly - Comau","og_description":"Rotoren und Statoren bis hin zu E-Motoren und E-Antriebsstr\u00e4ngen \u200bWir sind bestrebt, die richtige Mischung aus Prozess-Expertise, Systemflexibilit\u00e4t und Leistungseffizienz zu liefern, um Ihr Projekt w\u00e4hrend des gesamten Produktionsprozesses des E-Antriebsstrangs zu unterst\u00fctzen.Unsere E-Drive-Produktionslinien k\u00f6nnen kleine bis gro\u00dfe Produktionsmengen bew\u00e4ltigen und gleichzeitig alle Ihre Fertigungsanforderungen abdecken: Rotor- und Statormontage Endmontage E-Motoren Montage E-Achsen Endmontage E-Antriebsstrang [&hellip;]","og_url":"https:\/\/www.comau.com\/de\/competencies\/products-solutions\/powertrain-machining\/power-system-products\/e-drive-and-transmission-assembly\/","og_site_name":"Comau","article_publisher":"https:\/\/www.facebook.com\/COMAU\/","article_modified_time":"2022-10-20T14:12:12+00:00","og_image":[{"width":1280,"height":485,"url":"https:\/\/www.comau.com\/wp-content\/uploads\/2021\/06\/emobility_header2.png","type":"image\/png"}],"twitter_card":"summary_large_image","twitter_site":"@comaugroup","twitter_misc":{"Gesch\u00e4tzte Lesezeit":"1\u00a0Minute"},"schema":{"@context":"https:\/\/schema.org","@graph":[{"@type":"WebPage","@id":"https:\/\/www.comau.com\/de\/competencies\/products-solutions\/powertrain-machining\/power-system-products\/e-drive-and-transmission-assembly\/","url":"https:\/\/www.comau.com\/de\/competencies\/products-solutions\/powertrain-machining\/power-system-products\/e-drive-and-transmission-assembly\/","name":"E-Drive and transmission assembly - Comau","isPartOf":{"@id":"https:\/\/www.comau.com\/de\/#website"},"primaryImageOfPage":{"@id":"https:\/\/www.comau.com\/de\/competencies\/products-solutions\/powertrain-machining\/power-system-products\/e-drive-and-transmission-assembly\/#primaryimage"},"image":{"@id":"https:\/\/www.comau.com\/de\/competencies\/products-solutions\/powertrain-machining\/power-system-products\/e-drive-and-transmission-assembly\/#primaryimage"},"thumbnailUrl":"https:\/\/www.comau.com\/wp-content\/uploads\/2021\/06\/emobility_header2.png","datePublished":"2021-06-08T10:29:11+00:00","dateModified":"2022-10-20T14:12:12+00:00","breadcrumb":{"@id":"https:\/\/www.comau.com\/de\/competencies\/products-solutions\/powertrain-machining\/power-system-products\/e-drive-and-transmission-assembly\/#breadcrumb"},"inLanguage":"de","potentialAction":[{"@type":"ReadAction","target":["https:\/\/www.comau.com\/de\/competencies\/products-solutions\/powertrain-machining\/power-system-products\/e-drive-and-transmission-assembly\/"]}]},{"@type":"ImageObject","inLanguage":"de","@id":"https:\/\/www.comau.com\/de\/competencies\/products-solutions\/powertrain-machining\/power-system-products\/e-drive-and-transmission-assembly\/#primaryimage","url":"https:\/\/www.comau.com\/wp-content\/uploads\/2021\/06\/emobility_header2.png","contentUrl":"https:\/\/www.comau.com\/wp-content\/uploads\/2021\/06\/emobility_header2.png","width":1280,"height":485},{"@type":"BreadcrumbList","@id":"https:\/\/www.comau.com\/de\/competencies\/products-solutions\/powertrain-machining\/power-system-products\/e-drive-and-transmission-assembly\/#breadcrumb","itemListElement":[{"@type":"ListItem","position":1,"name":"Home","item":"https:\/\/www.comau.com\/de\/"},{"@type":"ListItem","position":2,"name":"Unsere Kompetenzen","item":"https:\/\/www.comau.com\/de\/competencies\/"},{"@type":"ListItem","position":3,"name":"Powertrain &#038; Machining","item":"https:\/\/www.comau.com\/de\/competencies\/powertrain-machining\/"},{"@type":"ListItem","position":4,"name":"Stromversorgungssysteme &#038; Produkte","item":"https:\/\/www.comau.com\/de\/competencies\/powertrain-machining\/power-system-products\/"},{"@type":"ListItem","position":5,"name":"E-Drive and transmission assembly"}]},{"@type":"WebSite","@id":"https:\/\/www.comau.com\/de\/#website","url":"https:\/\/www.comau.com\/de\/","name":"Comau","description":"Industrial automation and robotics","publisher":{"@id":"https:\/\/www.comau.com\/de\/#organization"},"potentialAction":[{"@type":"SearchAction","target":{"@type":"EntryPoint","urlTemplate":"https:\/\/www.comau.com\/de\/?s={search_term_string}"},"query-input":{"@type":"PropertyValueSpecification","valueRequired":true,"valueName":"search_term_string"}}],"inLanguage":"de"},{"@type":"Organization","@id":"https:\/\/www.comau.com\/de\/#organization","name":"Comau","url":"https:\/\/www.comau.com\/de\/","logo":{"@type":"ImageObject","inLanguage":"de","@id":"https:\/\/www.comau.com\/de\/#\/schema\/logo\/image\/","url":"https:\/\/www.comau.com\/wp-content\/uploads\/2024\/07\/cropped-Logo-COMAU.png","contentUrl":"https:\/\/www.comau.com\/wp-content\/uploads\/2024\/07\/cropped-Logo-COMAU.png","width":434,"height":434,"caption":"Comau"},"image":{"@id":"https:\/\/www.comau.com\/de\/#\/schema\/logo\/image\/"},"sameAs":["https:\/\/www.facebook.com\/COMAU\/","https:\/\/x.com\/comaugroup","https:\/\/www.instagram.com\/comaugroup\/","https:\/\/www.linkedin.com\/company\/comau","https:\/\/www.youtube.com\/user\/comau"]}]}},"_links":{"self":[{"href":"https:\/\/www.comau.com\/de\/wp-json\/wp\/v2\/pages\/23173","targetHints":{"allow":["GET"]}}],"collection":[{"href":"https:\/\/www.comau.com\/de\/wp-json\/wp\/v2\/pages"}],"about":[{"href":"https:\/\/www.comau.com\/de\/wp-json\/wp\/v2\/types\/page"}],"author":[{"embeddable":true,"href":"https:\/\/www.comau.com\/de\/wp-json\/wp\/v2\/users\/11"}],"replies":[{"embeddable":true,"href":"https:\/\/www.comau.com\/de\/wp-json\/wp\/v2\/comments?post=23173"}],"version-history":[{"count":3,"href":"https:\/\/www.comau.com\/de\/wp-json\/wp\/v2\/pages\/23173\/revisions"}],"predecessor-version":[{"id":48502,"href":"https:\/\/www.comau.com\/de\/wp-json\/wp\/v2\/pages\/23173\/revisions\/48502"}],"up":[{"embeddable":true,"href":"https:\/\/www.comau.com\/de\/wp-json\/wp\/v2\/pages\/5947"}],"wp:featuredmedia":[{"embeddable":true,"href":"https:\/\/www.comau.com\/de\/wp-json\/wp\/v2\/media\/5961"}],"wp:attachment":[{"href":"https:\/\/www.comau.com\/de\/wp-json\/wp\/v2\/media?parent=23173"}],"curies":[{"name":"wp","href":"https:\/\/api.w.org\/{rel}","templated":true}]}}