{"id":23164,"date":"2021-06-08T12:28:39","date_gmt":"2021-06-08T10:28:39","guid":{"rendered":"https:\/\/www.comau.com\/?page_id=23164"},"modified":"2022-02-03T15:06:44","modified_gmt":"2022-02-03T14:06:44","slug":"internal-combustion-engine-assembly","status":"publish","type":"page","link":"https:\/\/www.comau.com\/de\/competencies\/products-solutions\/powertrain-machining\/power-system-products\/internal-combustion-engine-assembly\/","title":{"rendered":"Internal Combustion Engine Assembly"},"content":{"rendered":"\n<h2 class=\"wp-block-heading\" id=\"die-energie-um-mobilitat-voranzubringen\">Die Energie, um Mobilit\u00e4t voranzubringen<\/h2>\n\n\n\n<p>\u200bMit seinem umfassenden Portfolio f\u00fcr die Antriebsstrangmontage sowie mehr als vier Jahrzehnten an Engineering-Kompetenz ist Comau Ihr E-Driveline-L\u00f6sungsanbieter f\u00fcr Montagesysteme in der Motoren- und Getriebeproduktion.<\/p>\n\n\n\n<p>Unsere Montagel\u00f6sungen sind die Antwort auf Ihre sich ver\u00e4ndernden Erfordernisse und nutzen fortschrittlichste Technologien. Wir bieten eine Reihe von M\u00f6glichkeiten, um vorhandene Produktionsabl\u00e4ufe effizienter zu machen \u2013 von manuellen bis halb- oder vollautomatischen und von seriellen bis parallelen Zellen.<\/p>\n\n\n\n<ul class=\"wp-block-list\"><li>Zylinderkopfmontage<\/li><li>Motorenmontage<\/li><li>Getriebemontage<\/li><li>Fahrwerksmontage<\/li><\/ul>\n\n\n\n<h2 class=\"wp-block-heading\" id=\"komplettanbieter\">Komplettanbieter<\/h2>\n\n\n\n<p>Da jeder Kunde andere Montageziele, Erfordernisse und Herausforderungen hat, bietet unser Angebot an E-Driveline-L\u00f6sungen f\u00fcr die Zylinderkopf-, Motoren- und Getriebemontage zahlreiche M\u00f6glichkeiten, um Sie Ihren Produktionsfluss optimieren k\u00f6nnen.<\/p>\n\n\n\n<div class=\"wp-block-image\"><figure class=\"aligncenter size-large\"><img decoding=\"async\" width=\"768\" height=\"726\" src=\"https:\/\/www.comau.com\/wp-content\/uploads\/2021\/06\/Tab_Internal-combustion.png\" alt=\"\" class=\"wp-image-9835\" srcset=\"https:\/\/www.comau.com\/wp-content\/uploads\/2021\/06\/Tab_Internal-combustion.png 768w, https:\/\/www.comau.com\/wp-content\/uploads\/2021\/06\/Tab_Internal-combustion-300x284.png 300w\" sizes=\"(max-width: 768px) 100vw, 768px\" \/><\/figure><\/div>\n\n\n\n<h2 class=\"wp-block-heading\" id=\"vorteile\">Vorteile<\/h2>\n\n\n\n<figure class=\"wp-block-image size-large\"><img decoding=\"async\" width=\"784\" height=\"203\" src=\"https:\/\/www.comau.com\/wp-content\/uploads\/2021\/06\/E-ICEbenefits-1.png\" alt=\"\" class=\"wp-image-9845\" srcset=\"https:\/\/www.comau.com\/wp-content\/uploads\/2021\/06\/E-ICEbenefits-1.png 784w, https:\/\/www.comau.com\/wp-content\/uploads\/2021\/06\/E-ICEbenefits-1-300x78.png 300w, https:\/\/www.comau.com\/wp-content\/uploads\/2021\/06\/E-ICEbenefits-1-768x199.png 768w\" sizes=\"(max-width: 784px) 100vw, 784px\" \/><\/figure>\n","protected":false},"excerpt":{"rendered":"<p>Die Energie, um Mobilit\u00e4t voranzubringen \u200bMit seinem umfassenden Portfolio f\u00fcr die Antriebsstrangmontage sowie mehr als vier Jahrzehnten an Engineering-Kompetenz ist Comau Ihr E-Driveline-L\u00f6sungsanbieter f\u00fcr Montagesysteme in der Motoren- und Getriebeproduktion. Unsere Montagel\u00f6sungen sind die Antwort auf Ihre sich ver\u00e4ndernden Erfordernisse und nutzen fortschrittlichste Technologien. Wir bieten eine Reihe von M\u00f6glichkeiten, um vorhandene Produktionsabl\u00e4ufe effizienter zu [&hellip;]<\/p>\n","protected":false},"author":11,"featured_media":5961,"parent":5947,"menu_order":1,"comment_status":"closed","ping_status":"closed","template":"","meta":{"_acf_changed":false,"ep_exclude_from_search":false,"footnotes":""},"class_list":["post-23164","page","type-page","status-publish","has-post-thumbnail","hentry"],"acf":[],"yoast_head":"<!-- This site is optimized with the Yoast SEO plugin v26.9 - https:\/\/yoast.com\/product\/yoast-seo-wordpress\/ -->\n<title>Montage von Elektromotoren: Motormontagetechnologien | Comau<\/title>\n<meta name=\"description\" content=\"Bei Comau finden Sie die besten Technologien f\u00fcr die Motormontage und die Flie\u00dffertigung und -montage: jetzt entdecken!\" \/>\n<meta name=\"robots\" content=\"index, follow, max-snippet:-1, max-image-preview:large, max-video-preview:-1\" \/>\n<link rel=\"canonical\" href=\"https:\/\/www.comau.com\/de\/competencies\/products-solutions\/powertrain-machining\/power-system-products\/internal-combustion-engine-assembly\/\" \/>\n<meta property=\"og:locale\" content=\"de_DE\" \/>\n<meta property=\"og:type\" content=\"article\" \/>\n<meta property=\"og:title\" content=\"Montage von Elektromotoren: Motormontagetechnologien | Comau\" \/>\n<meta property=\"og:description\" content=\"Bei Comau finden Sie die besten Technologien f\u00fcr die Motormontage und die Flie\u00dffertigung und -montage: jetzt entdecken!\" \/>\n<meta property=\"og:url\" content=\"https:\/\/www.comau.com\/de\/competencies\/products-solutions\/powertrain-machining\/power-system-products\/internal-combustion-engine-assembly\/\" \/>\n<meta property=\"og:site_name\" content=\"Comau\" \/>\n<meta property=\"article:publisher\" content=\"https:\/\/www.facebook.com\/COMAU\/\" \/>\n<meta property=\"article:modified_time\" content=\"2022-02-03T14:06:44+00:00\" \/>\n<meta property=\"og:image\" content=\"https:\/\/www.comau.com\/wp-content\/uploads\/2021\/06\/emobility_header2.png\" \/>\n\t<meta property=\"og:image:width\" content=\"1280\" \/>\n\t<meta property=\"og:image:height\" content=\"485\" \/>\n\t<meta property=\"og:image:type\" content=\"image\/png\" \/>\n<meta name=\"twitter:card\" content=\"summary_large_image\" \/>\n<meta name=\"twitter:site\" content=\"@comaugroup\" \/>\n<meta name=\"twitter:label1\" content=\"Gesch\u00e4tzte Lesezeit\" \/>\n\t<meta name=\"twitter:data1\" content=\"1\u00a0Minute\" \/>\n<script type=\"application\/ld+json\" class=\"yoast-schema-graph\">{\"@context\":\"https:\/\/schema.org\",\"@graph\":[{\"@type\":\"WebPage\",\"@id\":\"https:\/\/www.comau.com\/de\/competencies\/products-solutions\/powertrain-machining\/power-system-products\/internal-combustion-engine-assembly\/\",\"url\":\"https:\/\/www.comau.com\/de\/competencies\/products-solutions\/powertrain-machining\/power-system-products\/internal-combustion-engine-assembly\/\",\"name\":\"Montage von Elektromotoren: Motormontagetechnologien | Comau\",\"isPartOf\":{\"@id\":\"https:\/\/www.comau.com\/de\/#website\"},\"primaryImageOfPage\":{\"@id\":\"https:\/\/www.comau.com\/de\/competencies\/products-solutions\/powertrain-machining\/power-system-products\/internal-combustion-engine-assembly\/#primaryimage\"},\"image\":{\"@id\":\"https:\/\/www.comau.com\/de\/competencies\/products-solutions\/powertrain-machining\/power-system-products\/internal-combustion-engine-assembly\/#primaryimage\"},\"thumbnailUrl\":\"https:\/\/www.comau.com\/wp-content\/uploads\/2021\/06\/emobility_header2.png\",\"datePublished\":\"2021-06-08T10:28:39+00:00\",\"dateModified\":\"2022-02-03T14:06:44+00:00\",\"description\":\"Bei Comau finden Sie die besten Technologien f\u00fcr die Motormontage und die Flie\u00dffertigung und -montage: jetzt entdecken!\",\"breadcrumb\":{\"@id\":\"https:\/\/www.comau.com\/de\/competencies\/products-solutions\/powertrain-machining\/power-system-products\/internal-combustion-engine-assembly\/#breadcrumb\"},\"inLanguage\":\"de\",\"potentialAction\":[{\"@type\":\"ReadAction\",\"target\":[\"https:\/\/www.comau.com\/de\/competencies\/products-solutions\/powertrain-machining\/power-system-products\/internal-combustion-engine-assembly\/\"]}]},{\"@type\":\"ImageObject\",\"inLanguage\":\"de\",\"@id\":\"https:\/\/www.comau.com\/de\/competencies\/products-solutions\/powertrain-machining\/power-system-products\/internal-combustion-engine-assembly\/#primaryimage\",\"url\":\"https:\/\/www.comau.com\/wp-content\/uploads\/2021\/06\/emobility_header2.png\",\"contentUrl\":\"https:\/\/www.comau.com\/wp-content\/uploads\/2021\/06\/emobility_header2.png\",\"width\":1280,\"height\":485},{\"@type\":\"BreadcrumbList\",\"@id\":\"https:\/\/www.comau.com\/de\/competencies\/products-solutions\/powertrain-machining\/power-system-products\/internal-combustion-engine-assembly\/#breadcrumb\",\"itemListElement\":[{\"@type\":\"ListItem\",\"position\":1,\"name\":\"Home\",\"item\":\"https:\/\/www.comau.com\/de\/\"},{\"@type\":\"ListItem\",\"position\":2,\"name\":\"Unsere Kompetenzen\",\"item\":\"https:\/\/www.comau.com\/de\/competencies\/\"},{\"@type\":\"ListItem\",\"position\":3,\"name\":\"Powertrain &#038; Machining\",\"item\":\"https:\/\/www.comau.com\/de\/competencies\/powertrain-machining\/\"},{\"@type\":\"ListItem\",\"position\":4,\"name\":\"Stromversorgungssysteme &#038; Produkte\",\"item\":\"https:\/\/www.comau.com\/de\/competencies\/powertrain-machining\/power-system-products\/\"},{\"@type\":\"ListItem\",\"position\":5,\"name\":\"Internal Combustion Engine Assembly\"}]},{\"@type\":\"WebSite\",\"@id\":\"https:\/\/www.comau.com\/de\/#website\",\"url\":\"https:\/\/www.comau.com\/de\/\",\"name\":\"Comau\",\"description\":\"Industrial automation and robotics\",\"publisher\":{\"@id\":\"https:\/\/www.comau.com\/de\/#organization\"},\"potentialAction\":[{\"@type\":\"SearchAction\",\"target\":{\"@type\":\"EntryPoint\",\"urlTemplate\":\"https:\/\/www.comau.com\/de\/?s={search_term_string}\"},\"query-input\":{\"@type\":\"PropertyValueSpecification\",\"valueRequired\":true,\"valueName\":\"search_term_string\"}}],\"inLanguage\":\"de\"},{\"@type\":\"Organization\",\"@id\":\"https:\/\/www.comau.com\/de\/#organization\",\"name\":\"Comau\",\"url\":\"https:\/\/www.comau.com\/de\/\",\"logo\":{\"@type\":\"ImageObject\",\"inLanguage\":\"de\",\"@id\":\"https:\/\/www.comau.com\/de\/#\/schema\/logo\/image\/\",\"url\":\"https:\/\/www.comau.com\/wp-content\/uploads\/2024\/07\/cropped-Logo-COMAU.png\",\"contentUrl\":\"https:\/\/www.comau.com\/wp-content\/uploads\/2024\/07\/cropped-Logo-COMAU.png\",\"width\":434,\"height\":434,\"caption\":\"Comau\"},\"image\":{\"@id\":\"https:\/\/www.comau.com\/de\/#\/schema\/logo\/image\/\"},\"sameAs\":[\"https:\/\/www.facebook.com\/COMAU\/\",\"https:\/\/x.com\/comaugroup\",\"https:\/\/www.instagram.com\/comaugroup\/\",\"https:\/\/www.linkedin.com\/company\/comau\",\"https:\/\/www.youtube.com\/user\/comau\"]}]}<\/script>\n<!-- \/ Yoast SEO plugin. -->","yoast_head_json":{"title":"Montage von Elektromotoren: Motormontagetechnologien | Comau","description":"Bei Comau finden Sie die besten Technologien f\u00fcr die Motormontage und die Flie\u00dffertigung und -montage: jetzt entdecken!","robots":{"index":"index","follow":"follow","max-snippet":"max-snippet:-1","max-image-preview":"max-image-preview:large","max-video-preview":"max-video-preview:-1"},"canonical":"https:\/\/www.comau.com\/de\/competencies\/products-solutions\/powertrain-machining\/power-system-products\/internal-combustion-engine-assembly\/","og_locale":"de_DE","og_type":"article","og_title":"Montage von Elektromotoren: Motormontagetechnologien | Comau","og_description":"Bei Comau finden Sie die besten Technologien f\u00fcr die Motormontage und die Flie\u00dffertigung und -montage: jetzt entdecken!","og_url":"https:\/\/www.comau.com\/de\/competencies\/products-solutions\/powertrain-machining\/power-system-products\/internal-combustion-engine-assembly\/","og_site_name":"Comau","article_publisher":"https:\/\/www.facebook.com\/COMAU\/","article_modified_time":"2022-02-03T14:06:44+00:00","og_image":[{"width":1280,"height":485,"url":"https:\/\/www.comau.com\/wp-content\/uploads\/2021\/06\/emobility_header2.png","type":"image\/png"}],"twitter_card":"summary_large_image","twitter_site":"@comaugroup","twitter_misc":{"Gesch\u00e4tzte Lesezeit":"1\u00a0Minute"},"schema":{"@context":"https:\/\/schema.org","@graph":[{"@type":"WebPage","@id":"https:\/\/www.comau.com\/de\/competencies\/products-solutions\/powertrain-machining\/power-system-products\/internal-combustion-engine-assembly\/","url":"https:\/\/www.comau.com\/de\/competencies\/products-solutions\/powertrain-machining\/power-system-products\/internal-combustion-engine-assembly\/","name":"Montage von Elektromotoren: Motormontagetechnologien | Comau","isPartOf":{"@id":"https:\/\/www.comau.com\/de\/#website"},"primaryImageOfPage":{"@id":"https:\/\/www.comau.com\/de\/competencies\/products-solutions\/powertrain-machining\/power-system-products\/internal-combustion-engine-assembly\/#primaryimage"},"image":{"@id":"https:\/\/www.comau.com\/de\/competencies\/products-solutions\/powertrain-machining\/power-system-products\/internal-combustion-engine-assembly\/#primaryimage"},"thumbnailUrl":"https:\/\/www.comau.com\/wp-content\/uploads\/2021\/06\/emobility_header2.png","datePublished":"2021-06-08T10:28:39+00:00","dateModified":"2022-02-03T14:06:44+00:00","description":"Bei Comau finden Sie die besten Technologien f\u00fcr die Motormontage und die Flie\u00dffertigung und -montage: jetzt entdecken!","breadcrumb":{"@id":"https:\/\/www.comau.com\/de\/competencies\/products-solutions\/powertrain-machining\/power-system-products\/internal-combustion-engine-assembly\/#breadcrumb"},"inLanguage":"de","potentialAction":[{"@type":"ReadAction","target":["https:\/\/www.comau.com\/de\/competencies\/products-solutions\/powertrain-machining\/power-system-products\/internal-combustion-engine-assembly\/"]}]},{"@type":"ImageObject","inLanguage":"de","@id":"https:\/\/www.comau.com\/de\/competencies\/products-solutions\/powertrain-machining\/power-system-products\/internal-combustion-engine-assembly\/#primaryimage","url":"https:\/\/www.comau.com\/wp-content\/uploads\/2021\/06\/emobility_header2.png","contentUrl":"https:\/\/www.comau.com\/wp-content\/uploads\/2021\/06\/emobility_header2.png","width":1280,"height":485},{"@type":"BreadcrumbList","@id":"https:\/\/www.comau.com\/de\/competencies\/products-solutions\/powertrain-machining\/power-system-products\/internal-combustion-engine-assembly\/#breadcrumb","itemListElement":[{"@type":"ListItem","position":1,"name":"Home","item":"https:\/\/www.comau.com\/de\/"},{"@type":"ListItem","position":2,"name":"Unsere Kompetenzen","item":"https:\/\/www.comau.com\/de\/competencies\/"},{"@type":"ListItem","position":3,"name":"Powertrain &#038; Machining","item":"https:\/\/www.comau.com\/de\/competencies\/powertrain-machining\/"},{"@type":"ListItem","position":4,"name":"Stromversorgungssysteme &#038; Produkte","item":"https:\/\/www.comau.com\/de\/competencies\/powertrain-machining\/power-system-products\/"},{"@type":"ListItem","position":5,"name":"Internal Combustion Engine Assembly"}]},{"@type":"WebSite","@id":"https:\/\/www.comau.com\/de\/#website","url":"https:\/\/www.comau.com\/de\/","name":"Comau","description":"Industrial automation and robotics","publisher":{"@id":"https:\/\/www.comau.com\/de\/#organization"},"potentialAction":[{"@type":"SearchAction","target":{"@type":"EntryPoint","urlTemplate":"https:\/\/www.comau.com\/de\/?s={search_term_string}"},"query-input":{"@type":"PropertyValueSpecification","valueRequired":true,"valueName":"search_term_string"}}],"inLanguage":"de"},{"@type":"Organization","@id":"https:\/\/www.comau.com\/de\/#organization","name":"Comau","url":"https:\/\/www.comau.com\/de\/","logo":{"@type":"ImageObject","inLanguage":"de","@id":"https:\/\/www.comau.com\/de\/#\/schema\/logo\/image\/","url":"https:\/\/www.comau.com\/wp-content\/uploads\/2024\/07\/cropped-Logo-COMAU.png","contentUrl":"https:\/\/www.comau.com\/wp-content\/uploads\/2024\/07\/cropped-Logo-COMAU.png","width":434,"height":434,"caption":"Comau"},"image":{"@id":"https:\/\/www.comau.com\/de\/#\/schema\/logo\/image\/"},"sameAs":["https:\/\/www.facebook.com\/COMAU\/","https:\/\/x.com\/comaugroup","https:\/\/www.instagram.com\/comaugroup\/","https:\/\/www.linkedin.com\/company\/comau","https:\/\/www.youtube.com\/user\/comau"]}]}},"_links":{"self":[{"href":"https:\/\/www.comau.com\/de\/wp-json\/wp\/v2\/pages\/23164","targetHints":{"allow":["GET"]}}],"collection":[{"href":"https:\/\/www.comau.com\/de\/wp-json\/wp\/v2\/pages"}],"about":[{"href":"https:\/\/www.comau.com\/de\/wp-json\/wp\/v2\/types\/page"}],"author":[{"embeddable":true,"href":"https:\/\/www.comau.com\/de\/wp-json\/wp\/v2\/users\/11"}],"replies":[{"embeddable":true,"href":"https:\/\/www.comau.com\/de\/wp-json\/wp\/v2\/comments?post=23164"}],"version-history":[{"count":13,"href":"https:\/\/www.comau.com\/de\/wp-json\/wp\/v2\/pages\/23164\/revisions"}],"predecessor-version":[{"id":41717,"href":"https:\/\/www.comau.com\/de\/wp-json\/wp\/v2\/pages\/23164\/revisions\/41717"}],"up":[{"embeddable":true,"href":"https:\/\/www.comau.com\/de\/wp-json\/wp\/v2\/pages\/5947"}],"wp:featuredmedia":[{"embeddable":true,"href":"https:\/\/www.comau.com\/de\/wp-json\/wp\/v2\/media\/5961"}],"wp:attachment":[{"href":"https:\/\/www.comau.com\/de\/wp-json\/wp\/v2\/media?parent=23164"}],"curies":[{"name":"wp","href":"https:\/\/api.w.org\/{rel}","templated":true}]}}