{"id":23115,"date":"2021-06-08T11:33:14","date_gmt":"2021-06-08T09:33:14","guid":{"rendered":"https:\/\/www.comau.com\/?page_id=23115"},"modified":"2021-07-20T11:12:20","modified_gmt":"2021-07-20T09:12:20","slug":"smartrevcomau-60mt","status":"publish","type":"page","link":"https:\/\/www.comau.com\/de\/competencies\/products-solutions\/machining-system-products\/smartrevcomau-60mt\/","title":{"rendered":"SmartRevComau 60MT"},"content":{"rendered":"\n<h2 class=\"wp-block-heading\">Leistungsversprechen<\/h2>\n\n<ul class=\"wp-block-list\"><li>Erfahrung: Comau ist einer der wenigen Anbieter, die beide Prozesse beherrschen: Bearbeiten und Auswuchten sowie schl\u00fcsselfertige Angebote (Half Line).<\/li><li>Flexibilit\u00e4t: Bereitstellung von Kurbelwellen unterschiedlicher Art oder L\u00e4nge sowie optional automatischer Umr\u00fcstl\u00f6sungen.<\/li><li>Vielseitigkeit: Dreh- und Fr\u00e4sbearbeitung auf einer Maschine Manuelle oder automatische Teilehandhabung, mit Absicherung f\u00fcr zus\u00e4tzliche Flexibilit\u00e4t.<\/li><li>Ein Werkst\u00fcck-Spindelstock zum Drehen oder Fr\u00e4sen.<\/li><li>Hohe Dynamik: Linearmotoren und Elektrospindel.<\/li><li>Doppelter Leistungsbereich zum Fr\u00e4sen.<\/li><li>Energiesparmodi-Management<\/li><li>Trockenbearbeitung.<\/li><li>Neueste Komponentengeneration mit geringerer Leistungsaufnahme Kompakte Stellfl\u00e4che.<\/li><\/ul>\n\n<figure class=\"wp-block-image size-large\"><img decoding=\"async\" width=\"1024\" height=\"388\" src=\"https:\/\/www.comau.com\/wp-content\/uploads\/2021\/06\/SmartRevComau60TM_header-1024x388.jpg\" alt=\"\" class=\"wp-image-631\" srcset=\"https:\/\/www.comau.com\/wp-content\/uploads\/2021\/06\/SmartRevComau60TM_header-1024x388.jpg 1024w, https:\/\/www.comau.com\/wp-content\/uploads\/2021\/06\/SmartRevComau60TM_header-300x114.jpg 300w, https:\/\/www.comau.com\/wp-content\/uploads\/2021\/06\/SmartRevComau60TM_header-768x291.jpg 768w, https:\/\/www.comau.com\/wp-content\/uploads\/2021\/06\/SmartRevComau60TM_header.jpg 1280w\" sizes=\"(max-width: 1024px) 100vw, 1024px\" \/><\/figure>\n\n<h2 class=\"wp-block-heading\">Hauptmerkmale<\/h2>\n\n<ul class=\"wp-block-list\"><li>Prozessvariabilit\u00e4t<\/li><li>Vielseitigkeit: Dreh- und Fr\u00e4sbearbeitung auf einer Maschine Manuelle oder automatische Teilehandhabung, mit Absicherung f\u00fcr zus\u00e4tzliche Flexibilit\u00e4t.<\/li><li>Geeignet f\u00fcr die mittlere Fertigungsebene<\/li><li>Ein Werkst\u00fcck-Spindelstock zum Drehen oder Fr\u00e4sen.<\/li><li>High Dynamics: Linear motors and electric spindle. Dual power range for milling<\/li><\/ul>\n\n<h2 class=\"wp-block-heading\">Technische Eigenschaften<\/h2>\n\n<figure class=\"wp-block-table is-style-stripes\"><table><tbody><tr><td><strong>Unterschiedliche Motorenkonfiguration:<\/strong><\/td><td>L2-L3-L4-L5 V6-V8<\/td><\/tr><tr><td><strong>L\u00e4nge (mm)<\/strong><\/td><td>250 to 600<\/td><\/tr><tr><td><strong>Max. Gewicht (kg):<\/strong><\/td><td>30<\/td><\/tr><tr><td><strong>Max. Gegengewichtdurchmesser (mm) :<\/strong><\/td><td>200<\/td><\/tr><\/tbody><\/table><\/figure>\n","protected":false},"excerpt":{"rendered":"<p>Leistungsversprechen Erfahrung: Comau ist einer der wenigen Anbieter, die beide Prozesse beherrschen: Bearbeiten und Auswuchten sowie schl\u00fcsselfertige Angebote (Half Line). Flexibilit\u00e4t: Bereitstellung von Kurbelwellen unterschiedlicher Art oder L\u00e4nge sowie optional automatischer Umr\u00fcstl\u00f6sungen. Vielseitigkeit: Dreh- und Fr\u00e4sbearbeitung auf einer Maschine Manuelle oder automatische Teilehandhabung, mit Absicherung f\u00fcr zus\u00e4tzliche Flexibilit\u00e4t. Ein Werkst\u00fcck-Spindelstock zum Drehen oder Fr\u00e4sen. Hohe [&hellip;]<\/p>\n","protected":false},"author":11,"featured_media":5899,"parent":5836,"menu_order":8,"comment_status":"closed","ping_status":"closed","template":"","meta":{"_acf_changed":false,"ep_exclude_from_search":false,"footnotes":""},"class_list":["post-23115","page","type-page","status-publish","has-post-thumbnail","hentry"],"acf":[],"yoast_head":"<!-- This site is optimized with the Yoast SEO plugin v26.9 - https:\/\/yoast.com\/product\/yoast-seo-wordpress\/ -->\n<title>SmartRevComau 60MT - Comau<\/title>\n<meta name=\"robots\" content=\"index, follow, max-snippet:-1, max-image-preview:large, max-video-preview:-1\" \/>\n<link rel=\"canonical\" href=\"https:\/\/www.comau.com\/de\/competencies\/products-solutions\/machining-system-products\/smartrevcomau-60mt\/\" \/>\n<meta property=\"og:locale\" content=\"de_DE\" \/>\n<meta property=\"og:type\" content=\"article\" \/>\n<meta property=\"og:title\" content=\"SmartRevComau 60MT - Comau\" \/>\n<meta property=\"og:description\" content=\"Leistungsversprechen Erfahrung: Comau ist einer der wenigen Anbieter, die beide Prozesse beherrschen: Bearbeiten und Auswuchten sowie schl\u00fcsselfertige Angebote (Half Line). Flexibilit\u00e4t: Bereitstellung von Kurbelwellen unterschiedlicher Art oder L\u00e4nge sowie optional automatischer Umr\u00fcstl\u00f6sungen. Vielseitigkeit: Dreh- und Fr\u00e4sbearbeitung auf einer Maschine Manuelle oder automatische Teilehandhabung, mit Absicherung f\u00fcr zus\u00e4tzliche Flexibilit\u00e4t. Ein Werkst\u00fcck-Spindelstock zum Drehen oder Fr\u00e4sen. Hohe [&hellip;]\" \/>\n<meta property=\"og:url\" content=\"https:\/\/www.comau.com\/de\/competencies\/products-solutions\/machining-system-products\/smartrevcomau-60mt\/\" \/>\n<meta property=\"og:site_name\" content=\"Comau\" \/>\n<meta property=\"article:publisher\" content=\"https:\/\/www.facebook.com\/COMAU\/\" \/>\n<meta property=\"article:modified_time\" content=\"2021-07-20T09:12:20+00:00\" \/>\n<meta property=\"og:image\" content=\"https:\/\/www.comau.com\/wp-content\/uploads\/2021\/06\/SmartRevComau60TM_header.jpg\" \/>\n\t<meta property=\"og:image:width\" content=\"1280\" \/>\n\t<meta property=\"og:image:height\" content=\"485\" \/>\n\t<meta property=\"og:image:type\" content=\"image\/jpeg\" \/>\n<meta name=\"twitter:card\" content=\"summary_large_image\" \/>\n<meta name=\"twitter:site\" content=\"@comaugroup\" \/>\n<meta name=\"twitter:label1\" content=\"Gesch\u00e4tzte Lesezeit\" \/>\n\t<meta name=\"twitter:data1\" content=\"1\u00a0Minute\" \/>\n<script type=\"application\/ld+json\" class=\"yoast-schema-graph\">{\"@context\":\"https:\/\/schema.org\",\"@graph\":[{\"@type\":\"WebPage\",\"@id\":\"https:\/\/www.comau.com\/de\/competencies\/products-solutions\/machining-system-products\/smartrevcomau-60mt\/\",\"url\":\"https:\/\/www.comau.com\/de\/competencies\/products-solutions\/machining-system-products\/smartrevcomau-60mt\/\",\"name\":\"SmartRevComau 60MT - Comau\",\"isPartOf\":{\"@id\":\"https:\/\/www.comau.com\/de\/#website\"},\"primaryImageOfPage\":{\"@id\":\"https:\/\/www.comau.com\/de\/competencies\/products-solutions\/machining-system-products\/smartrevcomau-60mt\/#primaryimage\"},\"image\":{\"@id\":\"https:\/\/www.comau.com\/de\/competencies\/products-solutions\/machining-system-products\/smartrevcomau-60mt\/#primaryimage\"},\"thumbnailUrl\":\"https:\/\/www.comau.com\/wp-content\/uploads\/2021\/06\/SmartRevComau60TM_header.jpg\",\"datePublished\":\"2021-06-08T09:33:14+00:00\",\"dateModified\":\"2021-07-20T09:12:20+00:00\",\"breadcrumb\":{\"@id\":\"https:\/\/www.comau.com\/de\/competencies\/products-solutions\/machining-system-products\/smartrevcomau-60mt\/#breadcrumb\"},\"inLanguage\":\"de\",\"potentialAction\":[{\"@type\":\"ReadAction\",\"target\":[\"https:\/\/www.comau.com\/de\/competencies\/products-solutions\/machining-system-products\/smartrevcomau-60mt\/\"]}]},{\"@type\":\"ImageObject\",\"inLanguage\":\"de\",\"@id\":\"https:\/\/www.comau.com\/de\/competencies\/products-solutions\/machining-system-products\/smartrevcomau-60mt\/#primaryimage\",\"url\":\"https:\/\/www.comau.com\/wp-content\/uploads\/2021\/06\/SmartRevComau60TM_header.jpg\",\"contentUrl\":\"https:\/\/www.comau.com\/wp-content\/uploads\/2021\/06\/SmartRevComau60TM_header.jpg\",\"width\":1280,\"height\":485},{\"@type\":\"BreadcrumbList\",\"@id\":\"https:\/\/www.comau.com\/de\/competencies\/products-solutions\/machining-system-products\/smartrevcomau-60mt\/#breadcrumb\",\"itemListElement\":[{\"@type\":\"ListItem\",\"position\":1,\"name\":\"Home\",\"item\":\"https:\/\/www.comau.com\/de\/\"},{\"@type\":\"ListItem\",\"position\":2,\"name\":\"Unsere Kompetenzen\",\"item\":\"https:\/\/www.comau.com\/de\/competencies\/\"},{\"@type\":\"ListItem\",\"position\":3,\"name\":\"Powertrain &#038; Machining\",\"item\":\"https:\/\/www.comau.com\/de\/competencies\/powertrain-machining\/\"},{\"@type\":\"ListItem\",\"position\":4,\"name\":\"Machining System &amp; Products\",\"item\":\"https:\/\/www.comau.com\/de\/competencies\/powertrain-machining\/machining-system-products\/\"},{\"@type\":\"ListItem\",\"position\":5,\"name\":\"SmartRevComau 60MT\"}]},{\"@type\":\"WebSite\",\"@id\":\"https:\/\/www.comau.com\/de\/#website\",\"url\":\"https:\/\/www.comau.com\/de\/\",\"name\":\"Comau\",\"description\":\"Industrial automation and robotics\",\"publisher\":{\"@id\":\"https:\/\/www.comau.com\/de\/#organization\"},\"potentialAction\":[{\"@type\":\"SearchAction\",\"target\":{\"@type\":\"EntryPoint\",\"urlTemplate\":\"https:\/\/www.comau.com\/de\/?s={search_term_string}\"},\"query-input\":{\"@type\":\"PropertyValueSpecification\",\"valueRequired\":true,\"valueName\":\"search_term_string\"}}],\"inLanguage\":\"de\"},{\"@type\":\"Organization\",\"@id\":\"https:\/\/www.comau.com\/de\/#organization\",\"name\":\"Comau\",\"url\":\"https:\/\/www.comau.com\/de\/\",\"logo\":{\"@type\":\"ImageObject\",\"inLanguage\":\"de\",\"@id\":\"https:\/\/www.comau.com\/de\/#\/schema\/logo\/image\/\",\"url\":\"https:\/\/www.comau.com\/wp-content\/uploads\/2024\/07\/cropped-Logo-COMAU.png\",\"contentUrl\":\"https:\/\/www.comau.com\/wp-content\/uploads\/2024\/07\/cropped-Logo-COMAU.png\",\"width\":434,\"height\":434,\"caption\":\"Comau\"},\"image\":{\"@id\":\"https:\/\/www.comau.com\/de\/#\/schema\/logo\/image\/\"},\"sameAs\":[\"https:\/\/www.facebook.com\/COMAU\/\",\"https:\/\/x.com\/comaugroup\",\"https:\/\/www.instagram.com\/comaugroup\/\",\"https:\/\/www.linkedin.com\/company\/comau\",\"https:\/\/www.youtube.com\/user\/comau\"]}]}<\/script>\n<!-- \/ Yoast SEO plugin. -->","yoast_head_json":{"title":"SmartRevComau 60MT - Comau","robots":{"index":"index","follow":"follow","max-snippet":"max-snippet:-1","max-image-preview":"max-image-preview:large","max-video-preview":"max-video-preview:-1"},"canonical":"https:\/\/www.comau.com\/de\/competencies\/products-solutions\/machining-system-products\/smartrevcomau-60mt\/","og_locale":"de_DE","og_type":"article","og_title":"SmartRevComau 60MT - Comau","og_description":"Leistungsversprechen Erfahrung: Comau ist einer der wenigen Anbieter, die beide Prozesse beherrschen: Bearbeiten und Auswuchten sowie schl\u00fcsselfertige Angebote (Half Line). Flexibilit\u00e4t: Bereitstellung von Kurbelwellen unterschiedlicher Art oder L\u00e4nge sowie optional automatischer Umr\u00fcstl\u00f6sungen. Vielseitigkeit: Dreh- und Fr\u00e4sbearbeitung auf einer Maschine Manuelle oder automatische Teilehandhabung, mit Absicherung f\u00fcr zus\u00e4tzliche Flexibilit\u00e4t. Ein Werkst\u00fcck-Spindelstock zum Drehen oder Fr\u00e4sen. Hohe [&hellip;]","og_url":"https:\/\/www.comau.com\/de\/competencies\/products-solutions\/machining-system-products\/smartrevcomau-60mt\/","og_site_name":"Comau","article_publisher":"https:\/\/www.facebook.com\/COMAU\/","article_modified_time":"2021-07-20T09:12:20+00:00","og_image":[{"width":1280,"height":485,"url":"https:\/\/www.comau.com\/wp-content\/uploads\/2021\/06\/SmartRevComau60TM_header.jpg","type":"image\/jpeg"}],"twitter_card":"summary_large_image","twitter_site":"@comaugroup","twitter_misc":{"Gesch\u00e4tzte Lesezeit":"1\u00a0Minute"},"schema":{"@context":"https:\/\/schema.org","@graph":[{"@type":"WebPage","@id":"https:\/\/www.comau.com\/de\/competencies\/products-solutions\/machining-system-products\/smartrevcomau-60mt\/","url":"https:\/\/www.comau.com\/de\/competencies\/products-solutions\/machining-system-products\/smartrevcomau-60mt\/","name":"SmartRevComau 60MT - Comau","isPartOf":{"@id":"https:\/\/www.comau.com\/de\/#website"},"primaryImageOfPage":{"@id":"https:\/\/www.comau.com\/de\/competencies\/products-solutions\/machining-system-products\/smartrevcomau-60mt\/#primaryimage"},"image":{"@id":"https:\/\/www.comau.com\/de\/competencies\/products-solutions\/machining-system-products\/smartrevcomau-60mt\/#primaryimage"},"thumbnailUrl":"https:\/\/www.comau.com\/wp-content\/uploads\/2021\/06\/SmartRevComau60TM_header.jpg","datePublished":"2021-06-08T09:33:14+00:00","dateModified":"2021-07-20T09:12:20+00:00","breadcrumb":{"@id":"https:\/\/www.comau.com\/de\/competencies\/products-solutions\/machining-system-products\/smartrevcomau-60mt\/#breadcrumb"},"inLanguage":"de","potentialAction":[{"@type":"ReadAction","target":["https:\/\/www.comau.com\/de\/competencies\/products-solutions\/machining-system-products\/smartrevcomau-60mt\/"]}]},{"@type":"ImageObject","inLanguage":"de","@id":"https:\/\/www.comau.com\/de\/competencies\/products-solutions\/machining-system-products\/smartrevcomau-60mt\/#primaryimage","url":"https:\/\/www.comau.com\/wp-content\/uploads\/2021\/06\/SmartRevComau60TM_header.jpg","contentUrl":"https:\/\/www.comau.com\/wp-content\/uploads\/2021\/06\/SmartRevComau60TM_header.jpg","width":1280,"height":485},{"@type":"BreadcrumbList","@id":"https:\/\/www.comau.com\/de\/competencies\/products-solutions\/machining-system-products\/smartrevcomau-60mt\/#breadcrumb","itemListElement":[{"@type":"ListItem","position":1,"name":"Home","item":"https:\/\/www.comau.com\/de\/"},{"@type":"ListItem","position":2,"name":"Unsere Kompetenzen","item":"https:\/\/www.comau.com\/de\/competencies\/"},{"@type":"ListItem","position":3,"name":"Powertrain &#038; Machining","item":"https:\/\/www.comau.com\/de\/competencies\/powertrain-machining\/"},{"@type":"ListItem","position":4,"name":"Machining System &amp; Products","item":"https:\/\/www.comau.com\/de\/competencies\/powertrain-machining\/machining-system-products\/"},{"@type":"ListItem","position":5,"name":"SmartRevComau 60MT"}]},{"@type":"WebSite","@id":"https:\/\/www.comau.com\/de\/#website","url":"https:\/\/www.comau.com\/de\/","name":"Comau","description":"Industrial automation and robotics","publisher":{"@id":"https:\/\/www.comau.com\/de\/#organization"},"potentialAction":[{"@type":"SearchAction","target":{"@type":"EntryPoint","urlTemplate":"https:\/\/www.comau.com\/de\/?s={search_term_string}"},"query-input":{"@type":"PropertyValueSpecification","valueRequired":true,"valueName":"search_term_string"}}],"inLanguage":"de"},{"@type":"Organization","@id":"https:\/\/www.comau.com\/de\/#organization","name":"Comau","url":"https:\/\/www.comau.com\/de\/","logo":{"@type":"ImageObject","inLanguage":"de","@id":"https:\/\/www.comau.com\/de\/#\/schema\/logo\/image\/","url":"https:\/\/www.comau.com\/wp-content\/uploads\/2024\/07\/cropped-Logo-COMAU.png","contentUrl":"https:\/\/www.comau.com\/wp-content\/uploads\/2024\/07\/cropped-Logo-COMAU.png","width":434,"height":434,"caption":"Comau"},"image":{"@id":"https:\/\/www.comau.com\/de\/#\/schema\/logo\/image\/"},"sameAs":["https:\/\/www.facebook.com\/COMAU\/","https:\/\/x.com\/comaugroup","https:\/\/www.instagram.com\/comaugroup\/","https:\/\/www.linkedin.com\/company\/comau","https:\/\/www.youtube.com\/user\/comau"]}]}},"_links":{"self":[{"href":"https:\/\/www.comau.com\/de\/wp-json\/wp\/v2\/pages\/23115","targetHints":{"allow":["GET"]}}],"collection":[{"href":"https:\/\/www.comau.com\/de\/wp-json\/wp\/v2\/pages"}],"about":[{"href":"https:\/\/www.comau.com\/de\/wp-json\/wp\/v2\/types\/page"}],"author":[{"embeddable":true,"href":"https:\/\/www.comau.com\/de\/wp-json\/wp\/v2\/users\/11"}],"replies":[{"embeddable":true,"href":"https:\/\/www.comau.com\/de\/wp-json\/wp\/v2\/comments?post=23115"}],"version-history":[{"count":21,"href":"https:\/\/www.comau.com\/de\/wp-json\/wp\/v2\/pages\/23115\/revisions"}],"predecessor-version":[{"id":30870,"href":"https:\/\/www.comau.com\/de\/wp-json\/wp\/v2\/pages\/23115\/revisions\/30870"}],"up":[{"embeddable":true,"href":"https:\/\/www.comau.com\/de\/wp-json\/wp\/v2\/pages\/5836"}],"wp:featuredmedia":[{"embeddable":true,"href":"https:\/\/www.comau.com\/de\/wp-json\/wp\/v2\/media\/5899"}],"wp:attachment":[{"href":"https:\/\/www.comau.com\/de\/wp-json\/wp\/v2\/media?parent=23115"}],"curies":[{"name":"wp","href":"https:\/\/api.w.org\/{rel}","templated":true}]}}