{"id":23090,"date":"2021-06-08T11:32:44","date_gmt":"2021-06-08T09:32:44","guid":{"rendered":"https:\/\/www.comau.com\/?page_id=23090"},"modified":"2021-07-18T14:46:42","modified_gmt":"2021-07-18T12:46:42","slug":"urane-25","status":"publish","type":"page","link":"https:\/\/www.comau.com\/de\/competencies\/products-solutions\/machining-system-products\/urane-25\/","title":{"rendered":"Urane 25"},"content":{"rendered":"\n<h2 class=\"wp-block-heading\">Leistungsversprechen<\/h2>\n\n<ul class=\"wp-block-list\"><li>Erfahrung: Extrem schnelles und pr\u00e4zises Bearbeitungssystem, das sich durch praxisbew\u00e4hrte Produktivit\u00e4t und Qualit\u00e4t auszeichnet.<\/li><li>Stabilit\u00e4t: Linearmotortechnologie sowie ein Drehmomentmotor an der Drehachse sorgen f\u00fcr eine stabile langfristige und verschlei\u00dffreie Wiederholgenauigkeit.<\/li><li>Vielseitigkeit: Dank einer Vielzahl modularer Konfigurationen eignet es sich f\u00fcr die wesentlichen Anwendungen in der Fertigungsindustrie, entweder als Einzelmaschine oder integriert in flexible und wieder verwendbare moderne Fertigungssysteme.<\/li><li>Reduzierte Pr\u00e4ventivwartung von Achsantrieben: Kein Austausch von Kugelgewindetrieben erforderlich<\/li><li>Energiesparmodus<\/li><li>Geringerer Fl\u00fcssigkeitsverbrauch<\/li><li>Neueste Komponentengeneration mit geringerer Leistungsaufnahme<\/li><li>Vorbereitet f\u00fcr MQL- oder Trockenbearbeitung<\/li><li>Kompakte Stellfl\u00e4che<\/li><\/ul>\n\n<div class=\"wp-block-getwid-images-slider has-arrows-inside has-dots-outside has-images-center has-cropped-images\"><div class=\"wp-block-getwid-images-slider__wrapper\" data-effect=\"slide\" data-slides-show=\"1\" data-slides-show-laptop=\"1\" data-slides-show-tablet=\"1\" data-slides-show-mobile=\"1\" data-slides-scroll=\"1\" data-autoplay=\"true\" data-autoplay-speed=\"6000\" data-infinite=\"true\" data-animation-speed=\"800\" data-center-mode=\"false\" data-variable-width=\"false\" data-arrows=\"inside\" data-dots=\"outside\" data-spacing=\"none\"><div class=\"wp-block-getwid-images-slider__item\"><figure><img decoding=\"async\" width=\"1280\" height=\"485\" src=\"https:\/\/www.comau.com\/wp-content\/uploads\/2021\/06\/Urane25_1.jpg\" data-id=\"688\" data-link=\"https:\/\/www.comau.com\/competencies\/powertrain-machining\/machining-system-products\/urane-25\/urane25_1\/\" data-original-link=\"https:\/\/www.comau.com\/wp-content\/uploads\/2021\/06\/Urane25_1.jpg\" class=\"wp-block-getwid-images-slider__image wp-image-9820\" srcset=\"https:\/\/www.comau.com\/wp-content\/uploads\/2021\/06\/Urane25_1.jpg 1280w, https:\/\/www.comau.com\/wp-content\/uploads\/2021\/06\/Urane25_1-300x114.jpg 300w, https:\/\/www.comau.com\/wp-content\/uploads\/2021\/06\/Urane25_1-1024x388.jpg 1024w, https:\/\/www.comau.com\/wp-content\/uploads\/2021\/06\/Urane25_1-768x291.jpg 768w\" sizes=\"(max-width: 1280px) 100vw, 1280px\" \/><\/figure><\/div><div class=\"wp-block-getwid-images-slider__item\"><figure><img decoding=\"async\" width=\"1280\" height=\"485\" src=\"https:\/\/www.comau.com\/wp-content\/uploads\/2021\/06\/URANE25_2.jpg\" data-id=\"689\" data-link=\"https:\/\/www.comau.com\/competencies\/powertrain-machining\/machining-system-products\/urane-25\/urane25_2\/\" data-original-link=\"https:\/\/www.comau.com\/wp-content\/uploads\/2021\/06\/URANE25_2.jpg\" class=\"wp-block-getwid-images-slider__image wp-image-9825\" srcset=\"https:\/\/www.comau.com\/wp-content\/uploads\/2021\/06\/URANE25_2.jpg 1280w, https:\/\/www.comau.com\/wp-content\/uploads\/2021\/06\/URANE25_2-300x114.jpg 300w, https:\/\/www.comau.com\/wp-content\/uploads\/2021\/06\/URANE25_2-1024x388.jpg 1024w, https:\/\/www.comau.com\/wp-content\/uploads\/2021\/06\/URANE25_2-768x291.jpg 768w\" sizes=\"(max-width: 1280px) 100vw, 1280px\" \/><\/figure><\/div><\/div><\/div>\n\n<h2 class=\"wp-block-heading\">Technische Eigenschaften<\/h2>\n\n<figure class=\"wp-block-table is-style-stripes\"><table><tbody><tr><td><strong>Antriebstechnik<\/strong><\/td><td>Linearmotor<\/td><\/tr><tr><td><strong>X Hub (mm)<\/strong><\/td><td>800<\/td><\/tr><tr><td><strong>Y Hub (mm)<\/strong><\/td><td>700<\/td><\/tr><tr><td><strong>Z Hub (mm)<\/strong><\/td><td>400<\/td><\/tr><\/tbody><\/table><figcaption>Achsentechnik und Hub<\/figcaption><\/figure>\n\n<p><\/p>\n","protected":false},"excerpt":{"rendered":"<p>Leistungsversprechen Erfahrung: Extrem schnelles und pr\u00e4zises Bearbeitungssystem, das sich durch praxisbew\u00e4hrte Produktivit\u00e4t und Qualit\u00e4t auszeichnet. Stabilit\u00e4t: Linearmotortechnologie sowie ein Drehmomentmotor an der Drehachse sorgen f\u00fcr eine stabile langfristige und verschlei\u00dffreie Wiederholgenauigkeit. Vielseitigkeit: Dank einer Vielzahl modularer Konfigurationen eignet es sich f\u00fcr die wesentlichen Anwendungen in der Fertigungsindustrie, entweder als Einzelmaschine oder integriert in flexible und [&hellip;]<\/p>\n","protected":false},"author":11,"featured_media":5897,"parent":5836,"menu_order":6,"comment_status":"closed","ping_status":"closed","template":"","meta":{"_acf_changed":false,"ep_exclude_from_search":false,"footnotes":""},"class_list":["post-23090","page","type-page","status-publish","has-post-thumbnail","hentry"],"acf":[],"yoast_head":"<!-- This site is optimized with the Yoast SEO plugin v26.9 - https:\/\/yoast.com\/product\/yoast-seo-wordpress\/ -->\n<title>Urane 25 - Comau<\/title>\n<meta name=\"robots\" content=\"index, follow, max-snippet:-1, max-image-preview:large, max-video-preview:-1\" \/>\n<link rel=\"canonical\" href=\"https:\/\/www.comau.com\/de\/competencies\/products-solutions\/machining-system-products\/urane-25\/\" \/>\n<meta property=\"og:locale\" content=\"de_DE\" \/>\n<meta property=\"og:type\" content=\"article\" \/>\n<meta property=\"og:title\" content=\"Urane 25 - Comau\" \/>\n<meta property=\"og:description\" content=\"Leistungsversprechen Erfahrung: Extrem schnelles und pr\u00e4zises Bearbeitungssystem, das sich durch praxisbew\u00e4hrte Produktivit\u00e4t und Qualit\u00e4t auszeichnet. Stabilit\u00e4t: Linearmotortechnologie sowie ein Drehmomentmotor an der Drehachse sorgen f\u00fcr eine stabile langfristige und verschlei\u00dffreie Wiederholgenauigkeit. Vielseitigkeit: Dank einer Vielzahl modularer Konfigurationen eignet es sich f\u00fcr die wesentlichen Anwendungen in der Fertigungsindustrie, entweder als Einzelmaschine oder integriert in flexible und [&hellip;]\" \/>\n<meta property=\"og:url\" content=\"https:\/\/www.comau.com\/de\/competencies\/products-solutions\/machining-system-products\/urane-25\/\" \/>\n<meta property=\"og:site_name\" content=\"Comau\" \/>\n<meta property=\"article:publisher\" content=\"https:\/\/www.facebook.com\/COMAU\/\" \/>\n<meta property=\"article:modified_time\" content=\"2021-07-18T12:46:42+00:00\" \/>\n<meta property=\"og:image\" content=\"https:\/\/www.comau.com\/wp-content\/uploads\/2021\/06\/Urane25_header.jpg\" \/>\n\t<meta property=\"og:image:width\" content=\"1280\" \/>\n\t<meta property=\"og:image:height\" content=\"485\" \/>\n\t<meta property=\"og:image:type\" content=\"image\/jpeg\" \/>\n<meta name=\"twitter:card\" content=\"summary_large_image\" \/>\n<meta name=\"twitter:site\" content=\"@comaugroup\" \/>\n<meta name=\"twitter:label1\" content=\"Gesch\u00e4tzte Lesezeit\" \/>\n\t<meta name=\"twitter:data1\" content=\"1\u00a0Minute\" \/>\n<script type=\"application\/ld+json\" class=\"yoast-schema-graph\">{\"@context\":\"https:\/\/schema.org\",\"@graph\":[{\"@type\":\"WebPage\",\"@id\":\"https:\/\/www.comau.com\/de\/competencies\/products-solutions\/machining-system-products\/urane-25\/\",\"url\":\"https:\/\/www.comau.com\/de\/competencies\/products-solutions\/machining-system-products\/urane-25\/\",\"name\":\"Urane 25 - Comau\",\"isPartOf\":{\"@id\":\"https:\/\/www.comau.com\/de\/#website\"},\"primaryImageOfPage\":{\"@id\":\"https:\/\/www.comau.com\/de\/competencies\/products-solutions\/machining-system-products\/urane-25\/#primaryimage\"},\"image\":{\"@id\":\"https:\/\/www.comau.com\/de\/competencies\/products-solutions\/machining-system-products\/urane-25\/#primaryimage\"},\"thumbnailUrl\":\"https:\/\/www.comau.com\/wp-content\/uploads\/2021\/06\/Urane25_header.jpg\",\"datePublished\":\"2021-06-08T09:32:44+00:00\",\"dateModified\":\"2021-07-18T12:46:42+00:00\",\"breadcrumb\":{\"@id\":\"https:\/\/www.comau.com\/de\/competencies\/products-solutions\/machining-system-products\/urane-25\/#breadcrumb\"},\"inLanguage\":\"de\",\"potentialAction\":[{\"@type\":\"ReadAction\",\"target\":[\"https:\/\/www.comau.com\/de\/competencies\/products-solutions\/machining-system-products\/urane-25\/\"]}]},{\"@type\":\"ImageObject\",\"inLanguage\":\"de\",\"@id\":\"https:\/\/www.comau.com\/de\/competencies\/products-solutions\/machining-system-products\/urane-25\/#primaryimage\",\"url\":\"https:\/\/www.comau.com\/wp-content\/uploads\/2021\/06\/Urane25_header.jpg\",\"contentUrl\":\"https:\/\/www.comau.com\/wp-content\/uploads\/2021\/06\/Urane25_header.jpg\",\"width\":1280,\"height\":485},{\"@type\":\"BreadcrumbList\",\"@id\":\"https:\/\/www.comau.com\/de\/competencies\/products-solutions\/machining-system-products\/urane-25\/#breadcrumb\",\"itemListElement\":[{\"@type\":\"ListItem\",\"position\":1,\"name\":\"Home\",\"item\":\"https:\/\/www.comau.com\/de\/\"},{\"@type\":\"ListItem\",\"position\":2,\"name\":\"Unsere Kompetenzen\",\"item\":\"https:\/\/www.comau.com\/de\/competencies\/\"},{\"@type\":\"ListItem\",\"position\":3,\"name\":\"Powertrain &#038; Machining\",\"item\":\"https:\/\/www.comau.com\/de\/competencies\/powertrain-machining\/\"},{\"@type\":\"ListItem\",\"position\":4,\"name\":\"Machining System &amp; Products\",\"item\":\"https:\/\/www.comau.com\/de\/competencies\/powertrain-machining\/machining-system-products\/\"},{\"@type\":\"ListItem\",\"position\":5,\"name\":\"Urane 25\"}]},{\"@type\":\"WebSite\",\"@id\":\"https:\/\/www.comau.com\/de\/#website\",\"url\":\"https:\/\/www.comau.com\/de\/\",\"name\":\"Comau\",\"description\":\"Industrial automation and robotics\",\"publisher\":{\"@id\":\"https:\/\/www.comau.com\/de\/#organization\"},\"potentialAction\":[{\"@type\":\"SearchAction\",\"target\":{\"@type\":\"EntryPoint\",\"urlTemplate\":\"https:\/\/www.comau.com\/de\/?s={search_term_string}\"},\"query-input\":{\"@type\":\"PropertyValueSpecification\",\"valueRequired\":true,\"valueName\":\"search_term_string\"}}],\"inLanguage\":\"de\"},{\"@type\":\"Organization\",\"@id\":\"https:\/\/www.comau.com\/de\/#organization\",\"name\":\"Comau\",\"url\":\"https:\/\/www.comau.com\/de\/\",\"logo\":{\"@type\":\"ImageObject\",\"inLanguage\":\"de\",\"@id\":\"https:\/\/www.comau.com\/de\/#\/schema\/logo\/image\/\",\"url\":\"https:\/\/www.comau.com\/wp-content\/uploads\/2024\/07\/cropped-Logo-COMAU.png\",\"contentUrl\":\"https:\/\/www.comau.com\/wp-content\/uploads\/2024\/07\/cropped-Logo-COMAU.png\",\"width\":434,\"height\":434,\"caption\":\"Comau\"},\"image\":{\"@id\":\"https:\/\/www.comau.com\/de\/#\/schema\/logo\/image\/\"},\"sameAs\":[\"https:\/\/www.facebook.com\/COMAU\/\",\"https:\/\/x.com\/comaugroup\",\"https:\/\/www.instagram.com\/comaugroup\/\",\"https:\/\/www.linkedin.com\/company\/comau\",\"https:\/\/www.youtube.com\/user\/comau\"]}]}<\/script>\n<!-- \/ Yoast SEO plugin. -->","yoast_head_json":{"title":"Urane 25 - Comau","robots":{"index":"index","follow":"follow","max-snippet":"max-snippet:-1","max-image-preview":"max-image-preview:large","max-video-preview":"max-video-preview:-1"},"canonical":"https:\/\/www.comau.com\/de\/competencies\/products-solutions\/machining-system-products\/urane-25\/","og_locale":"de_DE","og_type":"article","og_title":"Urane 25 - Comau","og_description":"Leistungsversprechen Erfahrung: Extrem schnelles und pr\u00e4zises Bearbeitungssystem, das sich durch praxisbew\u00e4hrte Produktivit\u00e4t und Qualit\u00e4t auszeichnet. Stabilit\u00e4t: Linearmotortechnologie sowie ein Drehmomentmotor an der Drehachse sorgen f\u00fcr eine stabile langfristige und verschlei\u00dffreie Wiederholgenauigkeit. Vielseitigkeit: Dank einer Vielzahl modularer Konfigurationen eignet es sich f\u00fcr die wesentlichen Anwendungen in der Fertigungsindustrie, entweder als Einzelmaschine oder integriert in flexible und [&hellip;]","og_url":"https:\/\/www.comau.com\/de\/competencies\/products-solutions\/machining-system-products\/urane-25\/","og_site_name":"Comau","article_publisher":"https:\/\/www.facebook.com\/COMAU\/","article_modified_time":"2021-07-18T12:46:42+00:00","og_image":[{"width":1280,"height":485,"url":"https:\/\/www.comau.com\/wp-content\/uploads\/2021\/06\/Urane25_header.jpg","type":"image\/jpeg"}],"twitter_card":"summary_large_image","twitter_site":"@comaugroup","twitter_misc":{"Gesch\u00e4tzte Lesezeit":"1\u00a0Minute"},"schema":{"@context":"https:\/\/schema.org","@graph":[{"@type":"WebPage","@id":"https:\/\/www.comau.com\/de\/competencies\/products-solutions\/machining-system-products\/urane-25\/","url":"https:\/\/www.comau.com\/de\/competencies\/products-solutions\/machining-system-products\/urane-25\/","name":"Urane 25 - Comau","isPartOf":{"@id":"https:\/\/www.comau.com\/de\/#website"},"primaryImageOfPage":{"@id":"https:\/\/www.comau.com\/de\/competencies\/products-solutions\/machining-system-products\/urane-25\/#primaryimage"},"image":{"@id":"https:\/\/www.comau.com\/de\/competencies\/products-solutions\/machining-system-products\/urane-25\/#primaryimage"},"thumbnailUrl":"https:\/\/www.comau.com\/wp-content\/uploads\/2021\/06\/Urane25_header.jpg","datePublished":"2021-06-08T09:32:44+00:00","dateModified":"2021-07-18T12:46:42+00:00","breadcrumb":{"@id":"https:\/\/www.comau.com\/de\/competencies\/products-solutions\/machining-system-products\/urane-25\/#breadcrumb"},"inLanguage":"de","potentialAction":[{"@type":"ReadAction","target":["https:\/\/www.comau.com\/de\/competencies\/products-solutions\/machining-system-products\/urane-25\/"]}]},{"@type":"ImageObject","inLanguage":"de","@id":"https:\/\/www.comau.com\/de\/competencies\/products-solutions\/machining-system-products\/urane-25\/#primaryimage","url":"https:\/\/www.comau.com\/wp-content\/uploads\/2021\/06\/Urane25_header.jpg","contentUrl":"https:\/\/www.comau.com\/wp-content\/uploads\/2021\/06\/Urane25_header.jpg","width":1280,"height":485},{"@type":"BreadcrumbList","@id":"https:\/\/www.comau.com\/de\/competencies\/products-solutions\/machining-system-products\/urane-25\/#breadcrumb","itemListElement":[{"@type":"ListItem","position":1,"name":"Home","item":"https:\/\/www.comau.com\/de\/"},{"@type":"ListItem","position":2,"name":"Unsere Kompetenzen","item":"https:\/\/www.comau.com\/de\/competencies\/"},{"@type":"ListItem","position":3,"name":"Powertrain &#038; Machining","item":"https:\/\/www.comau.com\/de\/competencies\/powertrain-machining\/"},{"@type":"ListItem","position":4,"name":"Machining System &amp; Products","item":"https:\/\/www.comau.com\/de\/competencies\/powertrain-machining\/machining-system-products\/"},{"@type":"ListItem","position":5,"name":"Urane 25"}]},{"@type":"WebSite","@id":"https:\/\/www.comau.com\/de\/#website","url":"https:\/\/www.comau.com\/de\/","name":"Comau","description":"Industrial automation and robotics","publisher":{"@id":"https:\/\/www.comau.com\/de\/#organization"},"potentialAction":[{"@type":"SearchAction","target":{"@type":"EntryPoint","urlTemplate":"https:\/\/www.comau.com\/de\/?s={search_term_string}"},"query-input":{"@type":"PropertyValueSpecification","valueRequired":true,"valueName":"search_term_string"}}],"inLanguage":"de"},{"@type":"Organization","@id":"https:\/\/www.comau.com\/de\/#organization","name":"Comau","url":"https:\/\/www.comau.com\/de\/","logo":{"@type":"ImageObject","inLanguage":"de","@id":"https:\/\/www.comau.com\/de\/#\/schema\/logo\/image\/","url":"https:\/\/www.comau.com\/wp-content\/uploads\/2024\/07\/cropped-Logo-COMAU.png","contentUrl":"https:\/\/www.comau.com\/wp-content\/uploads\/2024\/07\/cropped-Logo-COMAU.png","width":434,"height":434,"caption":"Comau"},"image":{"@id":"https:\/\/www.comau.com\/de\/#\/schema\/logo\/image\/"},"sameAs":["https:\/\/www.facebook.com\/COMAU\/","https:\/\/x.com\/comaugroup","https:\/\/www.instagram.com\/comaugroup\/","https:\/\/www.linkedin.com\/company\/comau","https:\/\/www.youtube.com\/user\/comau"]}]}},"_links":{"self":[{"href":"https:\/\/www.comau.com\/de\/wp-json\/wp\/v2\/pages\/23090","targetHints":{"allow":["GET"]}}],"collection":[{"href":"https:\/\/www.comau.com\/de\/wp-json\/wp\/v2\/pages"}],"about":[{"href":"https:\/\/www.comau.com\/de\/wp-json\/wp\/v2\/types\/page"}],"author":[{"embeddable":true,"href":"https:\/\/www.comau.com\/de\/wp-json\/wp\/v2\/users\/11"}],"replies":[{"embeddable":true,"href":"https:\/\/www.comau.com\/de\/wp-json\/wp\/v2\/comments?post=23090"}],"version-history":[{"count":18,"href":"https:\/\/www.comau.com\/de\/wp-json\/wp\/v2\/pages\/23090\/revisions"}],"predecessor-version":[{"id":26521,"href":"https:\/\/www.comau.com\/de\/wp-json\/wp\/v2\/pages\/23090\/revisions\/26521"}],"up":[{"embeddable":true,"href":"https:\/\/www.comau.com\/de\/wp-json\/wp\/v2\/pages\/5836"}],"wp:featuredmedia":[{"embeddable":true,"href":"https:\/\/www.comau.com\/de\/wp-json\/wp\/v2\/media\/5897"}],"wp:attachment":[{"href":"https:\/\/www.comau.com\/de\/wp-json\/wp\/v2\/media?parent=23090"}],"curies":[{"name":"wp","href":"https:\/\/api.w.org\/{rel}","templated":true}]}}